{"id":34087,"date":"2025-10-14T06:39:09","date_gmt":"2025-10-14T06:39:09","guid":{"rendered":"https:\/\/monti.lt\/?post_type=product&#038;p=34087"},"modified":"2026-04-13T09:09:13","modified_gmt":"2026-04-13T09:09:13","slug":"woopie-magnetines-kaladeles-ziema","status":"publish","type":"product","link":"https:\/\/monti.lt\/en\/product\/woopie-magnetines-kaladeles-ziema\/","title":{"rendered":"woopie magnetin\u0117s kalad\u0117l\u0117s &#8220;\u017diema&#8221;"},"content":{"rendered":"<p><strong>Atraskite \u017eiemos k\u016brybi\u0161ko \u017eaidimo pasaul\u012f su magnetiniais kalad\u0117l\u0117mis!<\/strong>&nbsp;&nbsp;i\u0161&nbsp;<strong>\u201eWoopie\u201c.<\/strong>&nbsp;\u0160is unikalus rinkinys leid\u017eia vaikams kurti&nbsp;<strong>statinius, primenan\u010dius ledo pilis, med\u017eius ir&nbsp;<\/strong><strong>\u017eavingus gyv\u016bnus,<\/strong>&nbsp;tokius kaip&nbsp;<strong>pingvinai<\/strong>&nbsp;ir&nbsp;<strong>baltieji lokiai.<\/strong>&nbsp;Magnetai palaiko statini\u0173 stabilum\u0105, o kalad\u0117l\u0117s lengvai jungiasi ir atsiskiria, u\u017etikrindamos nesibaigian\u010dius \u017eaidimus. \u0160is rinkinys lavina vaik\u0173 vaizduot\u0119, login\u012f m\u0105stym\u0105 ir rank\u0173 \u012fg\u016bd\u017eius. Tai puiki dovana, kurioje derinamas mokymasis ir k\u016brybos d\u017eiaugsmas!<\/p>\n\n\n\n<p><strong>B\u016bdingas:<\/strong><\/p>\n\n\n\n<ul class=\"wp-block-list\">\n<li>&#8211; 66 dali\u0173 \u017eiemos stiliaus magnetini\u0173 kalad\u0117li\u0173 rinkinys<\/li>\n\n\n\n<li>&#8211; \u012evair\u016bs ra\u0161tai: ledas, akmenys, mediena, lapai, poliariniai gyv\u016bnai<\/li>\n\n\n\n<li>&#8211; Vieno blokelio matmenys: 2,5 \u00d7 2,5 \u00d7 2,5 cm<\/li>\n\n\n\n<li>&#8211; Lengva prijungti ir atjungti d\u0117l \u012fmontuot\u0173 magnet\u0173<\/li>\n\n\n\n<li>&#8211; Stabilios ir patvarios konstrukcijos be klij\u0173 ar papildom\u0173 jung\u010di\u0173<\/li>\n\n\n\n<li>&#8211; Saugios, tvirtos, vaikams draugi\u0161kos med\u017eiagos<\/li>\n\n\n\n<li>&#8211; Puikiai tinka k\u016brybi\u0161kam \u017eaidimui tiek solo, tiek grup\u0117je<\/li>\n<\/ul>\n\n\n\n<p><strong>\u012e rinkin\u012f \u012feina:<\/strong><\/p>\n\n\n\n<ul class=\"wp-block-list\">\n<li>&#8211; 6 \u00d7 kubas (ledo ra\u0161tas)<\/li>\n\n\n\n<li>&#8211; 14 \u00d7 kubas (akmens ra\u0161tas)<\/li>\n\n\n\n<li>&#8211; 3 \u00d7 kubas (med\u017eio ra\u0161tas)<\/li>\n\n\n\n<li>&#8211; 16 \u00d7 kubas (lap\u0173 ra\u0161tas)<\/li>\n\n\n\n<li>&#8211; 18 \u00d7 kubas (m\u0117lyno ledo ra\u0161tas)<\/li>\n\n\n\n<li>&#8211; 3 \u00d7 kubas (pingvino ra\u0161tas)<\/li>\n\n\n\n<li>&#8211; 1 \u00d7 kubas (baltojo lokio ra\u0161tas)<\/li>\n\n\n\n<li>&#8211; 13 \u00d7 kubas (akmens ra\u0161tas po sniegu)<\/li>\n\n\n\n<li>&#8211; 1 \u00d7 kubas (orkait\u0117s ra\u0161tas)<\/li>\n\n\n\n<li>&#8211; 1 \u00d7 kubas<\/li>\n\n\n\n<li>&#8211; I\u0161 viso: 66 vienetai<\/li>\n<\/ul>\n\n\n\n<p><strong>\u017daislas vystosi:<\/strong><\/p>\n\n\n\n<ul class=\"wp-block-list\">\n<li>&#8211; Erdvin\u0117 vaizduot\u0117 ir k\u016brybi\u0161kumas<\/li>\n\n\n\n<li>&#8211; Geb\u0117jimas logi\u0161kai m\u0105styti ir planuoti<\/li>\n\n\n\n<li>&#8211; Rank\u0173 miklumas ir aki\u0173-rank\u0173 koordinacija<\/li>\n\n\n\n<li>&#8211; Kantryb\u0117 ir susikaupimas kuriant strukt\u016br\u0105<\/li>\n\n\n\n<li>&#8211; Geb\u0117jimas bendradarbiauti ir \u017eaisti grup\u0117je<\/li>\n<\/ul>\n\n\n\n<p><\/p>","protected":false},"excerpt":{"rendered":"<p>Atraskite \u017eiemos k\u016brybi\u0161ko \u017eaidimo pasaul\u012f su magnetiniais kalad\u0117l\u0117mis!&nbsp;&nbsp;i\u0161&nbsp;\u201eWoopie\u201c.&nbsp;\u0160is unikalus rinkinys leid\u017eia vaikams kurti&nbsp;statinius, primenan\u010dius ledo pilis, med\u017eius ir&nbsp;\u017eavingus gyv\u016bnus,&nbsp;tokius kaip&nbsp;pingvinai&nbsp;ir&nbsp;baltieji lokiai.&nbsp;Magnetai palaiko statini\u0173 stabilum\u0105, o kalad\u0117l\u0117s lengvai jungiasi ir atsiskiria, u\u017etikrindamos nesibaigian\u010dius \u017eaidimus. \u0160is rinkinys lavina vaik\u0173 vaizduot\u0119, login\u012f m\u0105stym\u0105 ir rank\u0173 \u012fg\u016bd\u017eius. Tai puiki dovana, kurioje derinamas mokymasis ir k\u016brybos d\u017eiaugsmas! B\u016bdingas: \u012e rinkin\u012f [&hellip;]<\/p>","protected":false},"featured_media":34088,"template":"","meta":{"_acf_changed":false,"iawp_total_views":631},"product_cat":[92,217,191,87,84,242,50,202,49,249,39,215],"product_tag":[97,98],"class_list":{"0":"post-34087","1":"product","2":"type-product","3":"status-publish","4":"has-post-thumbnail","6":"product_cat-deliones","7":"product_cat-dovanos-5-7-metu-vaikams","8":"product_cat-dovanos-vaikams","9":"product_cat-kurybiniai-rinkiniai","10":"product_cat-lavinamieji-zaislai","11":"product_cat-pagal-gamintoja","12":"product_cat-top-dovanos","13":"product_cat-vaaikiski-konstruktoriai","14":"product_cat-visi-zaislai","15":"product_cat-woppie","16":"product_cat-zaislai","17":"product_cat-zaislai-berniukams","18":"product_tag-3-m-4-m","19":"product_tag-5-m-7-m","21":"first","22":"outofstock","23":"taxable","24":"shipping-taxable","25":"purchasable","26":"product-type-simple"},"acf":[],"yoast_head":"<!-- This site is optimized with the Yoast SEO plugin v23.3 - https:\/\/yoast.com\/wordpress\/plugins\/seo\/ -->\n<title>woopie magnetin\u0117s kalad\u0117l\u0117s &quot;\u017diema&quot; - Montessori \u017eaislai<\/title>\n<meta name=\"robots\" content=\"index, follow, max-snippet:-1, max-image-preview:large, max-video-preview:-1\" \/>\n<link rel=\"canonical\" href=\"https:\/\/monti.lt\/en\/product\/woopie-magnetines-kaladeles-ziema\/\" \/>\n<meta property=\"og:locale\" content=\"en_US\" \/>\n<meta property=\"og:type\" content=\"article\" \/>\n<meta property=\"og:title\" content=\"woopie magnetin\u0117s kalad\u0117l\u0117s &quot;\u017diema&quot; - Montessori \u017eaislai\" \/>\n<meta property=\"og:description\" content=\"Atraskite \u017eiemos k\u016brybi\u0161ko \u017eaidimo pasaul\u012f su magnetiniais kalad\u0117l\u0117mis!&nbsp;&nbsp;i\u0161&nbsp;\u201eWoopie\u201c.&nbsp;\u0160is unikalus rinkinys leid\u017eia vaikams kurti&nbsp;statinius, primenan\u010dius ledo pilis, med\u017eius ir&nbsp;\u017eavingus gyv\u016bnus,&nbsp;tokius kaip&nbsp;pingvinai&nbsp;ir&nbsp;baltieji lokiai.&nbsp;Magnetai palaiko statini\u0173 stabilum\u0105, o kalad\u0117l\u0117s lengvai jungiasi ir atsiskiria, u\u017etikrindamos nesibaigian\u010dius \u017eaidimus. \u0160is rinkinys lavina vaik\u0173 vaizduot\u0119, login\u012f m\u0105stym\u0105 ir rank\u0173 \u012fg\u016bd\u017eius. Tai puiki dovana, kurioje derinamas mokymasis ir k\u016brybos d\u017eiaugsmas! B\u016bdingas: \u012e rinkin\u012f [&hellip;]\" \/>\n<meta property=\"og:url\" content=\"https:\/\/monti.lt\/en\/product\/woopie-magnetines-kaladeles-ziema\/\" \/>\n<meta property=\"og:site_name\" content=\"Montessori \u017eaislai\" \/>\n<meta property=\"article:modified_time\" content=\"2026-04-13T09:09:13+00:00\" \/>\n<meta property=\"og:image\" content=\"https:\/\/monti.lt\/wp-content\/uploads\/2025\/10\/woopie-klocki-magnetyczne-konstrukcyjne-zimowy-swiat-klockow.jpg\" \/>\n\t<meta property=\"og:image:width\" content=\"800\" \/>\n\t<meta property=\"og:image:height\" content=\"800\" \/>\n\t<meta property=\"og:image:type\" content=\"image\/jpeg\" \/>\n<meta name=\"twitter:card\" content=\"summary_large_image\" \/>\n<meta name=\"twitter:label1\" content=\"Est. reading time\" \/>\n\t<meta name=\"twitter:data1\" content=\"2 minutes\" \/>\n<script type=\"application\/ld+json\" class=\"yoast-schema-graph\">{\"@context\":\"https:\/\/schema.org\",\"@graph\":[{\"@type\":\"WebPage\",\"@id\":\"https:\/\/monti.lt\/product\/woopie-magnetines-kaladeles-ziema\/\",\"url\":\"https:\/\/monti.lt\/product\/woopie-magnetines-kaladeles-ziema\/\",\"name\":\"woopie magnetin\u0117s kalad\u0117l\u0117s \\\"\u017diema\\\" - Montessori \u017eaislai\",\"isPartOf\":{\"@id\":\"https:\/\/monti.lt\/#website\"},\"primaryImageOfPage\":{\"@id\":\"https:\/\/monti.lt\/product\/woopie-magnetines-kaladeles-ziema\/#primaryimage\"},\"image\":{\"@id\":\"https:\/\/monti.lt\/product\/woopie-magnetines-kaladeles-ziema\/#primaryimage\"},\"thumbnailUrl\":\"https:\/\/monti.lt\/wp-content\/uploads\/2025\/10\/woopie-klocki-magnetyczne-konstrukcyjne-zimowy-swiat-klockow.jpg\",\"datePublished\":\"2025-10-14T06:39:09+00:00\",\"dateModified\":\"2026-04-13T09:09:13+00:00\",\"breadcrumb\":{\"@id\":\"https:\/\/monti.lt\/product\/woopie-magnetines-kaladeles-ziema\/#breadcrumb\"},\"inLanguage\":\"en-US\",\"potentialAction\":[{\"@type\":\"ReadAction\",\"target\":[\"https:\/\/monti.lt\/product\/woopie-magnetines-kaladeles-ziema\/\"]}]},{\"@type\":\"ImageObject\",\"inLanguage\":\"en-US\",\"@id\":\"https:\/\/monti.lt\/product\/woopie-magnetines-kaladeles-ziema\/#primaryimage\",\"url\":\"https:\/\/monti.lt\/wp-content\/uploads\/2025\/10\/woopie-klocki-magnetyczne-konstrukcyjne-zimowy-swiat-klockow.jpg\",\"contentUrl\":\"https:\/\/monti.lt\/wp-content\/uploads\/2025\/10\/woopie-klocki-magnetyczne-konstrukcyjne-zimowy-swiat-klockow.jpg\",\"width\":800,\"height\":800,\"caption\":\"magnetiniai blokeliai\"},{\"@type\":\"BreadcrumbList\",\"@id\":\"https:\/\/monti.lt\/product\/woopie-magnetines-kaladeles-ziema\/#breadcrumb\",\"itemListElement\":[{\"@type\":\"ListItem\",\"position\":1,\"name\":\"Home\",\"item\":\"https:\/\/monti.lt\/\"},{\"@type\":\"ListItem\",\"position\":2,\"name\":\"Parduotuv\u0117\",\"item\":\"https:\/\/monti.lt\/shop\/\"},{\"@type\":\"ListItem\",\"position\":3,\"name\":\"woopie magnetin\u0117s kalad\u0117l\u0117s &#8220;\u017diema&#8221;\"}]},{\"@type\":\"WebSite\",\"@id\":\"https:\/\/monti.lt\/#website\",\"url\":\"https:\/\/monti.lt\/\",\"name\":\"Montessori \u017eaislai\",\"description\":\"\",\"publisher\":{\"@id\":\"https:\/\/monti.lt\/#organization\"},\"potentialAction\":[{\"@type\":\"SearchAction\",\"target\":{\"@type\":\"EntryPoint\",\"urlTemplate\":\"https:\/\/monti.lt\/?s={search_term_string}\"},\"query-input\":\"required name=search_term_string\"}],\"inLanguage\":\"en-US\"},{\"@type\":\"Organization\",\"@id\":\"https:\/\/monti.lt\/#organization\",\"name\":\"Montessori \u017eaislai\",\"url\":\"https:\/\/monti.lt\/\",\"logo\":{\"@type\":\"ImageObject\",\"inLanguage\":\"en-US\",\"@id\":\"https:\/\/monti.lt\/#\/schema\/logo\/image\/\",\"url\":\"https:\/\/monti.lt\/wp-content\/uploads\/2022\/03\/montilogo-1.png\",\"contentUrl\":\"https:\/\/monti.lt\/wp-content\/uploads\/2022\/03\/montilogo-1.png\",\"width\":512,\"height\":512,\"caption\":\"Montessori \u017eaislai\"},\"image\":{\"@id\":\"https:\/\/monti.lt\/#\/schema\/logo\/image\/\"}}]}<\/script>\n<!-- \/ Yoast SEO plugin. -->","yoast_head_json":{"title":"woopie magnetin\u0117s kalad\u0117l\u0117s \"\u017diema\" - Montessori \u017eaislai","robots":{"index":"index","follow":"follow","max-snippet":"max-snippet:-1","max-image-preview":"max-image-preview:large","max-video-preview":"max-video-preview:-1"},"canonical":"https:\/\/monti.lt\/en\/product\/woopie-magnetines-kaladeles-ziema\/","og_locale":"en_US","og_type":"article","og_title":"woopie magnetin\u0117s kalad\u0117l\u0117s \"\u017diema\" - Montessori \u017eaislai","og_description":"Atraskite \u017eiemos k\u016brybi\u0161ko \u017eaidimo pasaul\u012f su magnetiniais kalad\u0117l\u0117mis!&nbsp;&nbsp;i\u0161&nbsp;\u201eWoopie\u201c.&nbsp;\u0160is unikalus rinkinys leid\u017eia vaikams kurti&nbsp;statinius, primenan\u010dius ledo pilis, med\u017eius ir&nbsp;\u017eavingus gyv\u016bnus,&nbsp;tokius kaip&nbsp;pingvinai&nbsp;ir&nbsp;baltieji lokiai.&nbsp;Magnetai palaiko statini\u0173 stabilum\u0105, o kalad\u0117l\u0117s lengvai jungiasi ir atsiskiria, u\u017etikrindamos nesibaigian\u010dius \u017eaidimus. \u0160is rinkinys lavina vaik\u0173 vaizduot\u0119, login\u012f m\u0105stym\u0105 ir rank\u0173 \u012fg\u016bd\u017eius. Tai puiki dovana, kurioje derinamas mokymasis ir k\u016brybos d\u017eiaugsmas! B\u016bdingas: \u012e rinkin\u012f [&hellip;]","og_url":"https:\/\/monti.lt\/en\/product\/woopie-magnetines-kaladeles-ziema\/","og_site_name":"Montessori \u017eaislai","article_modified_time":"2026-04-13T09:09:13+00:00","og_image":[{"width":800,"height":800,"url":"https:\/\/monti.lt\/wp-content\/uploads\/2025\/10\/woopie-klocki-magnetyczne-konstrukcyjne-zimowy-swiat-klockow.jpg","type":"image\/jpeg"}],"twitter_card":"summary_large_image","twitter_misc":{"Est. reading time":"2 minutes"},"schema":{"@context":"https:\/\/schema.org","@graph":[{"@type":"WebPage","@id":"https:\/\/monti.lt\/product\/woopie-magnetines-kaladeles-ziema\/","url":"https:\/\/monti.lt\/product\/woopie-magnetines-kaladeles-ziema\/","name":"woopie magnetin\u0117s kalad\u0117l\u0117s \"\u017diema\" - Montessori \u017eaislai","isPartOf":{"@id":"https:\/\/monti.lt\/#website"},"primaryImageOfPage":{"@id":"https:\/\/monti.lt\/product\/woopie-magnetines-kaladeles-ziema\/#primaryimage"},"image":{"@id":"https:\/\/monti.lt\/product\/woopie-magnetines-kaladeles-ziema\/#primaryimage"},"thumbnailUrl":"https:\/\/monti.lt\/wp-content\/uploads\/2025\/10\/woopie-klocki-magnetyczne-konstrukcyjne-zimowy-swiat-klockow.jpg","datePublished":"2025-10-14T06:39:09+00:00","dateModified":"2026-04-13T09:09:13+00:00","breadcrumb":{"@id":"https:\/\/monti.lt\/product\/woopie-magnetines-kaladeles-ziema\/#breadcrumb"},"inLanguage":"en-US","potentialAction":[{"@type":"ReadAction","target":["https:\/\/monti.lt\/product\/woopie-magnetines-kaladeles-ziema\/"]}]},{"@type":"ImageObject","inLanguage":"en-US","@id":"https:\/\/monti.lt\/product\/woopie-magnetines-kaladeles-ziema\/#primaryimage","url":"https:\/\/monti.lt\/wp-content\/uploads\/2025\/10\/woopie-klocki-magnetyczne-konstrukcyjne-zimowy-swiat-klockow.jpg","contentUrl":"https:\/\/monti.lt\/wp-content\/uploads\/2025\/10\/woopie-klocki-magnetyczne-konstrukcyjne-zimowy-swiat-klockow.jpg","width":800,"height":800,"caption":"magnetiniai blokeliai"},{"@type":"BreadcrumbList","@id":"https:\/\/monti.lt\/product\/woopie-magnetines-kaladeles-ziema\/#breadcrumb","itemListElement":[{"@type":"ListItem","position":1,"name":"Home","item":"https:\/\/monti.lt\/"},{"@type":"ListItem","position":2,"name":"Parduotuv\u0117","item":"https:\/\/monti.lt\/shop\/"},{"@type":"ListItem","position":3,"name":"woopie magnetin\u0117s kalad\u0117l\u0117s &#8220;\u017diema&#8221;"}]},{"@type":"WebSite","@id":"https:\/\/monti.lt\/#website","url":"https:\/\/monti.lt\/","name":"Montessori \u017eaislai","description":"","publisher":{"@id":"https:\/\/monti.lt\/#organization"},"potentialAction":[{"@type":"SearchAction","target":{"@type":"EntryPoint","urlTemplate":"https:\/\/monti.lt\/?s={search_term_string}"},"query-input":"required name=search_term_string"}],"inLanguage":"en-US"},{"@type":"Organization","@id":"https:\/\/monti.lt\/#organization","name":"Montessori \u017eaislai","url":"https:\/\/monti.lt\/","logo":{"@type":"ImageObject","inLanguage":"en-US","@id":"https:\/\/monti.lt\/#\/schema\/logo\/image\/","url":"https:\/\/monti.lt\/wp-content\/uploads\/2022\/03\/montilogo-1.png","contentUrl":"https:\/\/monti.lt\/wp-content\/uploads\/2022\/03\/montilogo-1.png","width":512,"height":512,"caption":"Montessori \u017eaislai"},"image":{"@id":"https:\/\/monti.lt\/#\/schema\/logo\/image\/"}}]}},"_links":{"self":[{"href":"https:\/\/monti.lt\/en\/wp-json\/wp\/v2\/product\/34087"}],"collection":[{"href":"https:\/\/monti.lt\/en\/wp-json\/wp\/v2\/product"}],"about":[{"href":"https:\/\/monti.lt\/en\/wp-json\/wp\/v2\/types\/product"}],"version-history":[{"count":1,"href":"https:\/\/monti.lt\/en\/wp-json\/wp\/v2\/product\/34087\/revisions"}],"predecessor-version":[{"id":34094,"href":"https:\/\/monti.lt\/en\/wp-json\/wp\/v2\/product\/34087\/revisions\/34094"}],"wp:featuredmedia":[{"embeddable":true,"href":"https:\/\/monti.lt\/en\/wp-json\/wp\/v2\/media\/34088"}],"wp:attachment":[{"href":"https:\/\/monti.lt\/en\/wp-json\/wp\/v2\/media?parent=34087"}],"wp:term":[{"taxonomy":"product_cat","embeddable":true,"href":"https:\/\/monti.lt\/en\/wp-json\/wp\/v2\/product_cat?post=34087"},{"taxonomy":"product_tag","embeddable":true,"href":"https:\/\/monti.lt\/en\/wp-json\/wp\/v2\/product_tag?post=34087"}],"curies":[{"name":"wp","href":"https:\/\/api.w.org\/{rel}","templated":true}]}}