{"id":34096,"date":"2025-10-14T06:44:25","date_gmt":"2025-10-14T06:44:25","guid":{"rendered":"https:\/\/monti.lt\/?post_type=product&#038;p=34096"},"modified":"2026-03-02T06:25:28","modified_gmt":"2026-03-02T06:25:28","slug":"woopie-magnetinis-kontruktorius-statybos","status":"publish","type":"product","link":"https:\/\/monti.lt\/en\/product\/woopie-magnetinis-kontruktorius-statybos\/","title":{"rendered":"woopie magnetinis kontruktorius &#8220;Statybos&#8221;"},"content":{"rendered":"<p>\u0160is magnetinis \u201e Woopie&nbsp;<strong>\u201c&nbsp;<\/strong><strong>statybini\u0173 transporto priemoni\u0173 rinkinys<\/strong>&nbsp;sujungia&nbsp;<strong>k\u016brybi\u0161kum\u0105 su \u017eaviu statyb\u0173 pasauliu.<\/strong>&nbsp;Magnetiniai elementai leid\u017eia vaikams&nbsp;<strong>kurti stabilias, spalvingas konstrukcijas, o realisti\u0161kos transporto priemon\u0117s<\/strong>&nbsp;(su laisvais ratais) skatina ma\u017euosius in\u017einierius \u017eaisti. Rinkin\u012f sudaro&nbsp;<strong>30 detali\u0173,<\/strong>&nbsp;kuri\u0173 matmenys 7,5 x 7,5 cm \u2013 puikiai tinka ma\u017eoms rankyt\u0117ms. Produktas yra saugus, patvarus ir lengvai surenkamas, tod\u0117l \u017eaidimas vyksta greitai ir be nusivylimo. Tai puiki dovana lavinant vaizduot\u0119, rank\u0173 miklum\u0105 ir komandin\u012f darb\u0105.<\/p>\n\n\n\n<p><strong>B\u016bdingas<\/strong><\/p>\n\n\n\n<ul class=\"wp-block-list\">\n<li>\u00a0&#8211; Konstrukcijos rinkinys su magnetiniais kalad\u0117l\u0117mis ir statybin\u0117mis transporto priemon\u0117mis<\/li>\n\n\n\n<li>\u00a0&#8211; 30 \u012fvairi\u0173 form\u0173 ir spalv\u0173 element\u0173<\/li>\n\n\n\n<li>\u00a0&#8211; Magnetiniai blokeliai, kuri\u0173 matmenys 7,5 \u00d7 7,5 cm<\/li>\n\n\n\n<li>\u00a0&#8211; 5 skirtingos statybin\u0117s transporto priemon\u0117s su laisvais ratais<\/li>\n\n\n\n<li>\u00a0&#8211; Magnet\u0173 d\u0117ka elementai lengvai ir greitai sujungiami<\/li>\n\n\n\n<li>\u00a0&#8211; Pagaminta i\u0161 patvari\u0173 ir saugi\u0173 med\u017eiag\u0173<\/li>\n\n\n\n<li>\u00a0&#8211; Pakuot\u0117s matmenys: 32 \u00d7 29 \u00d7 6 cm<\/li>\n<\/ul>\n\n\n\n<p><strong>\u012e komplekt\u0105 \u012feina<\/strong><\/p>\n\n\n\n<ul class=\"wp-block-list\">\n<li>&#8211; 12 \u00d7 kvadratas\u00a0<\/li>\n\n\n\n<li>&#8211; 2 \u00d7 trikampis\u00a0<\/li>\n\n\n\n<li>&#8211; 4 \u00d7 trikampis<\/li>\n\n\n\n<li>&#8211; 4 \u00d7 kelias\u00a0<\/li>\n\n\n\n<li>&#8211; 2 \u00d7 langai<\/li>\n\n\n\n<li>&#8211; 1 x vartai<\/li>\n\n\n\n<li>&#8211; 5 \u00d7 statybin\u0117s transporto priemon\u0117s (ekskavatorius, buldozeris, betono mai\u0161ykl\u0117, savivartis, krautuvas)<\/li>\n<\/ul>\n\n\n\n<p><strong>\u017daislas vystosi.<\/strong><\/p>\n\n\n\n<ul class=\"wp-block-list\">\n<li>\u00a0&#8211; Erdvin\u0117 vaizduot\u0117 ir k\u016brybi\u0161kumas<\/li>\n\n\n\n<li>\u00a0&#8211; Rankiniai \u012fg\u016bd\u017eiai ir loginis m\u0105stymas<\/li>\n\n\n\n<li>\u00a0&#8211; Statybos ir planavimo \u012fg\u016bd\u017eiai<\/li>\n\n\n\n<li>\u00a0&#8211; Aki\u0173 ir rank\u0173 koordinacija bei rank\u0173 miklumas<\/li>\n\n\n\n<li>\u00a0&#8211; \u017daid\u017eia kartu ir bendradarbiauja su kitais vaikais<\/li>\n<\/ul>","protected":false},"excerpt":{"rendered":"<p>\u0160is magnetinis \u201e Woopie&nbsp;\u201c&nbsp;statybini\u0173 transporto priemoni\u0173 rinkinys&nbsp;sujungia&nbsp;k\u016brybi\u0161kum\u0105 su \u017eaviu statyb\u0173 pasauliu.&nbsp;Magnetiniai elementai leid\u017eia vaikams&nbsp;kurti stabilias, spalvingas konstrukcijas, o realisti\u0161kos transporto priemon\u0117s&nbsp;(su laisvais ratais) skatina ma\u017euosius in\u017einierius \u017eaisti. Rinkin\u012f sudaro&nbsp;30 detali\u0173,&nbsp;kuri\u0173 matmenys 7,5 x 7,5 cm \u2013 puikiai tinka ma\u017eoms rankyt\u0117ms. Produktas yra saugus, patvarus ir lengvai surenkamas, tod\u0117l \u017eaidimas vyksta greitai ir be nusivylimo. Tai [&hellip;]<\/p>","protected":false},"featured_media":34097,"template":"","meta":{"_acf_changed":false,"iawp_total_views":425},"product_cat":[92,217,191,87,84,50,202,39],"product_tag":[97,98],"class_list":{"0":"post-34096","1":"product","2":"type-product","3":"status-publish","4":"has-post-thumbnail","6":"product_cat-deliones","7":"product_cat-dovanos-5-7-metu-vaikams","8":"product_cat-dovanos-vaikams","9":"product_cat-kurybiniai-rinkiniai","10":"product_cat-lavinamieji-zaislai","11":"product_cat-top-dovanos","12":"product_cat-vaaikiski-konstruktoriai","13":"product_cat-zaislai","14":"product_tag-3-m-4-m","15":"product_tag-5-m-7-m","17":"first","18":"instock","19":"taxable","20":"shipping-taxable","21":"purchasable","22":"product-type-simple"},"acf":[],"yoast_head":"<!-- This site is optimized with the Yoast SEO plugin v23.3 - https:\/\/yoast.com\/wordpress\/plugins\/seo\/ -->\n<title>woopie magnetinis kontruktorius &quot;Statybos&quot; - Montessori \u017eaislai<\/title>\n<meta name=\"robots\" content=\"index, follow, max-snippet:-1, max-image-preview:large, max-video-preview:-1\" \/>\n<link rel=\"canonical\" href=\"https:\/\/monti.lt\/en\/product\/woopie-magnetinis-kontruktorius-statybos\/\" \/>\n<meta property=\"og:locale\" content=\"en_US\" \/>\n<meta property=\"og:type\" content=\"article\" \/>\n<meta property=\"og:title\" content=\"woopie magnetinis kontruktorius &quot;Statybos&quot; - Montessori \u017eaislai\" \/>\n<meta property=\"og:description\" content=\"\u0160is magnetinis \u201e Woopie&nbsp;\u201c&nbsp;statybini\u0173 transporto priemoni\u0173 rinkinys&nbsp;sujungia&nbsp;k\u016brybi\u0161kum\u0105 su \u017eaviu statyb\u0173 pasauliu.&nbsp;Magnetiniai elementai leid\u017eia vaikams&nbsp;kurti stabilias, spalvingas konstrukcijas, o realisti\u0161kos transporto priemon\u0117s&nbsp;(su laisvais ratais) skatina ma\u017euosius in\u017einierius \u017eaisti. Rinkin\u012f sudaro&nbsp;30 detali\u0173,&nbsp;kuri\u0173 matmenys 7,5 x 7,5 cm \u2013 puikiai tinka ma\u017eoms rankyt\u0117ms. Produktas yra saugus, patvarus ir lengvai surenkamas, tod\u0117l \u017eaidimas vyksta greitai ir be nusivylimo. Tai [&hellip;]\" \/>\n<meta property=\"og:url\" content=\"https:\/\/monti.lt\/en\/product\/woopie-magnetinis-kontruktorius-statybos\/\" \/>\n<meta property=\"og:site_name\" content=\"Montessori \u017eaislai\" \/>\n<meta property=\"article:modified_time\" content=\"2026-03-02T06:25:28+00:00\" \/>\n<meta property=\"og:image\" content=\"https:\/\/monti.lt\/wp-content\/uploads\/2025\/10\/woopie-zestaw-klockow-magnetycznych-z-pojazdami-budowlanymi.jpg\" \/>\n\t<meta property=\"og:image:width\" content=\"800\" \/>\n\t<meta property=\"og:image:height\" content=\"800\" \/>\n\t<meta property=\"og:image:type\" content=\"image\/jpeg\" \/>\n<meta name=\"twitter:card\" content=\"summary_large_image\" \/>\n<meta name=\"twitter:label1\" content=\"Est. reading time\" \/>\n\t<meta name=\"twitter:data1\" content=\"2 minutes\" \/>\n<script type=\"application\/ld+json\" class=\"yoast-schema-graph\">{\"@context\":\"https:\/\/schema.org\",\"@graph\":[{\"@type\":\"WebPage\",\"@id\":\"https:\/\/monti.lt\/product\/woopie-magnetinis-kontruktorius-statybos\/\",\"url\":\"https:\/\/monti.lt\/product\/woopie-magnetinis-kontruktorius-statybos\/\",\"name\":\"woopie magnetinis kontruktorius \\\"Statybos\\\" - Montessori \u017eaislai\",\"isPartOf\":{\"@id\":\"https:\/\/monti.lt\/#website\"},\"primaryImageOfPage\":{\"@id\":\"https:\/\/monti.lt\/product\/woopie-magnetinis-kontruktorius-statybos\/#primaryimage\"},\"image\":{\"@id\":\"https:\/\/monti.lt\/product\/woopie-magnetinis-kontruktorius-statybos\/#primaryimage\"},\"thumbnailUrl\":\"https:\/\/monti.lt\/wp-content\/uploads\/2025\/10\/woopie-zestaw-klockow-magnetycznych-z-pojazdami-budowlanymi.jpg\",\"datePublished\":\"2025-10-14T06:44:25+00:00\",\"dateModified\":\"2026-03-02T06:25:28+00:00\",\"breadcrumb\":{\"@id\":\"https:\/\/monti.lt\/product\/woopie-magnetinis-kontruktorius-statybos\/#breadcrumb\"},\"inLanguage\":\"en-US\",\"potentialAction\":[{\"@type\":\"ReadAction\",\"target\":[\"https:\/\/monti.lt\/product\/woopie-magnetinis-kontruktorius-statybos\/\"]}]},{\"@type\":\"ImageObject\",\"inLanguage\":\"en-US\",\"@id\":\"https:\/\/monti.lt\/product\/woopie-magnetinis-kontruktorius-statybos\/#primaryimage\",\"url\":\"https:\/\/monti.lt\/wp-content\/uploads\/2025\/10\/woopie-zestaw-klockow-magnetycznych-z-pojazdami-budowlanymi.jpg\",\"contentUrl\":\"https:\/\/monti.lt\/wp-content\/uploads\/2025\/10\/woopie-zestaw-klockow-magnetycznych-z-pojazdami-budowlanymi.jpg\",\"width\":800,\"height\":800,\"caption\":\"magnetinis konstruktorius statybos\"},{\"@type\":\"BreadcrumbList\",\"@id\":\"https:\/\/monti.lt\/product\/woopie-magnetinis-kontruktorius-statybos\/#breadcrumb\",\"itemListElement\":[{\"@type\":\"ListItem\",\"position\":1,\"name\":\"Home\",\"item\":\"https:\/\/monti.lt\/\"},{\"@type\":\"ListItem\",\"position\":2,\"name\":\"Parduotuv\u0117\",\"item\":\"https:\/\/monti.lt\/shop\/\"},{\"@type\":\"ListItem\",\"position\":3,\"name\":\"woopie magnetinis kontruktorius &#8220;Statybos&#8221;\"}]},{\"@type\":\"WebSite\",\"@id\":\"https:\/\/monti.lt\/#website\",\"url\":\"https:\/\/monti.lt\/\",\"name\":\"Montessori \u017eaislai\",\"description\":\"\",\"publisher\":{\"@id\":\"https:\/\/monti.lt\/#organization\"},\"potentialAction\":[{\"@type\":\"SearchAction\",\"target\":{\"@type\":\"EntryPoint\",\"urlTemplate\":\"https:\/\/monti.lt\/?s={search_term_string}\"},\"query-input\":\"required name=search_term_string\"}],\"inLanguage\":\"en-US\"},{\"@type\":\"Organization\",\"@id\":\"https:\/\/monti.lt\/#organization\",\"name\":\"Montessori \u017eaislai\",\"url\":\"https:\/\/monti.lt\/\",\"logo\":{\"@type\":\"ImageObject\",\"inLanguage\":\"en-US\",\"@id\":\"https:\/\/monti.lt\/#\/schema\/logo\/image\/\",\"url\":\"https:\/\/monti.lt\/wp-content\/uploads\/2022\/03\/montilogo-1.png\",\"contentUrl\":\"https:\/\/monti.lt\/wp-content\/uploads\/2022\/03\/montilogo-1.png\",\"width\":512,\"height\":512,\"caption\":\"Montessori \u017eaislai\"},\"image\":{\"@id\":\"https:\/\/monti.lt\/#\/schema\/logo\/image\/\"}}]}<\/script>\n<!-- \/ Yoast SEO plugin. -->","yoast_head_json":{"title":"woopie magnetinis kontruktorius \"Statybos\" - Montessori \u017eaislai","robots":{"index":"index","follow":"follow","max-snippet":"max-snippet:-1","max-image-preview":"max-image-preview:large","max-video-preview":"max-video-preview:-1"},"canonical":"https:\/\/monti.lt\/en\/product\/woopie-magnetinis-kontruktorius-statybos\/","og_locale":"en_US","og_type":"article","og_title":"woopie magnetinis kontruktorius \"Statybos\" - Montessori \u017eaislai","og_description":"\u0160is magnetinis \u201e Woopie&nbsp;\u201c&nbsp;statybini\u0173 transporto priemoni\u0173 rinkinys&nbsp;sujungia&nbsp;k\u016brybi\u0161kum\u0105 su \u017eaviu statyb\u0173 pasauliu.&nbsp;Magnetiniai elementai leid\u017eia vaikams&nbsp;kurti stabilias, spalvingas konstrukcijas, o realisti\u0161kos transporto priemon\u0117s&nbsp;(su laisvais ratais) skatina ma\u017euosius in\u017einierius \u017eaisti. Rinkin\u012f sudaro&nbsp;30 detali\u0173,&nbsp;kuri\u0173 matmenys 7,5 x 7,5 cm \u2013 puikiai tinka ma\u017eoms rankyt\u0117ms. Produktas yra saugus, patvarus ir lengvai surenkamas, tod\u0117l \u017eaidimas vyksta greitai ir be nusivylimo. Tai [&hellip;]","og_url":"https:\/\/monti.lt\/en\/product\/woopie-magnetinis-kontruktorius-statybos\/","og_site_name":"Montessori \u017eaislai","article_modified_time":"2026-03-02T06:25:28+00:00","og_image":[{"width":800,"height":800,"url":"https:\/\/monti.lt\/wp-content\/uploads\/2025\/10\/woopie-zestaw-klockow-magnetycznych-z-pojazdami-budowlanymi.jpg","type":"image\/jpeg"}],"twitter_card":"summary_large_image","twitter_misc":{"Est. reading time":"2 minutes"},"schema":{"@context":"https:\/\/schema.org","@graph":[{"@type":"WebPage","@id":"https:\/\/monti.lt\/product\/woopie-magnetinis-kontruktorius-statybos\/","url":"https:\/\/monti.lt\/product\/woopie-magnetinis-kontruktorius-statybos\/","name":"woopie magnetinis kontruktorius \"Statybos\" - Montessori \u017eaislai","isPartOf":{"@id":"https:\/\/monti.lt\/#website"},"primaryImageOfPage":{"@id":"https:\/\/monti.lt\/product\/woopie-magnetinis-kontruktorius-statybos\/#primaryimage"},"image":{"@id":"https:\/\/monti.lt\/product\/woopie-magnetinis-kontruktorius-statybos\/#primaryimage"},"thumbnailUrl":"https:\/\/monti.lt\/wp-content\/uploads\/2025\/10\/woopie-zestaw-klockow-magnetycznych-z-pojazdami-budowlanymi.jpg","datePublished":"2025-10-14T06:44:25+00:00","dateModified":"2026-03-02T06:25:28+00:00","breadcrumb":{"@id":"https:\/\/monti.lt\/product\/woopie-magnetinis-kontruktorius-statybos\/#breadcrumb"},"inLanguage":"en-US","potentialAction":[{"@type":"ReadAction","target":["https:\/\/monti.lt\/product\/woopie-magnetinis-kontruktorius-statybos\/"]}]},{"@type":"ImageObject","inLanguage":"en-US","@id":"https:\/\/monti.lt\/product\/woopie-magnetinis-kontruktorius-statybos\/#primaryimage","url":"https:\/\/monti.lt\/wp-content\/uploads\/2025\/10\/woopie-zestaw-klockow-magnetycznych-z-pojazdami-budowlanymi.jpg","contentUrl":"https:\/\/monti.lt\/wp-content\/uploads\/2025\/10\/woopie-zestaw-klockow-magnetycznych-z-pojazdami-budowlanymi.jpg","width":800,"height":800,"caption":"magnetinis konstruktorius statybos"},{"@type":"BreadcrumbList","@id":"https:\/\/monti.lt\/product\/woopie-magnetinis-kontruktorius-statybos\/#breadcrumb","itemListElement":[{"@type":"ListItem","position":1,"name":"Home","item":"https:\/\/monti.lt\/"},{"@type":"ListItem","position":2,"name":"Parduotuv\u0117","item":"https:\/\/monti.lt\/shop\/"},{"@type":"ListItem","position":3,"name":"woopie magnetinis kontruktorius &#8220;Statybos&#8221;"}]},{"@type":"WebSite","@id":"https:\/\/monti.lt\/#website","url":"https:\/\/monti.lt\/","name":"Montessori \u017eaislai","description":"","publisher":{"@id":"https:\/\/monti.lt\/#organization"},"potentialAction":[{"@type":"SearchAction","target":{"@type":"EntryPoint","urlTemplate":"https:\/\/monti.lt\/?s={search_term_string}"},"query-input":"required name=search_term_string"}],"inLanguage":"en-US"},{"@type":"Organization","@id":"https:\/\/monti.lt\/#organization","name":"Montessori \u017eaislai","url":"https:\/\/monti.lt\/","logo":{"@type":"ImageObject","inLanguage":"en-US","@id":"https:\/\/monti.lt\/#\/schema\/logo\/image\/","url":"https:\/\/monti.lt\/wp-content\/uploads\/2022\/03\/montilogo-1.png","contentUrl":"https:\/\/monti.lt\/wp-content\/uploads\/2022\/03\/montilogo-1.png","width":512,"height":512,"caption":"Montessori \u017eaislai"},"image":{"@id":"https:\/\/monti.lt\/#\/schema\/logo\/image\/"}}]}},"_links":{"self":[{"href":"https:\/\/monti.lt\/en\/wp-json\/wp\/v2\/product\/34096"}],"collection":[{"href":"https:\/\/monti.lt\/en\/wp-json\/wp\/v2\/product"}],"about":[{"href":"https:\/\/monti.lt\/en\/wp-json\/wp\/v2\/types\/product"}],"version-history":[{"count":1,"href":"https:\/\/monti.lt\/en\/wp-json\/wp\/v2\/product\/34096\/revisions"}],"predecessor-version":[{"id":34100,"href":"https:\/\/monti.lt\/en\/wp-json\/wp\/v2\/product\/34096\/revisions\/34100"}],"wp:featuredmedia":[{"embeddable":true,"href":"https:\/\/monti.lt\/en\/wp-json\/wp\/v2\/media\/34097"}],"wp:attachment":[{"href":"https:\/\/monti.lt\/en\/wp-json\/wp\/v2\/media?parent=34096"}],"wp:term":[{"taxonomy":"product_cat","embeddable":true,"href":"https:\/\/monti.lt\/en\/wp-json\/wp\/v2\/product_cat?post=34096"},{"taxonomy":"product_tag","embeddable":true,"href":"https:\/\/monti.lt\/en\/wp-json\/wp\/v2\/product_tag?post=34096"}],"curies":[{"name":"wp","href":"https:\/\/api.w.org\/{rel}","templated":true}]}}