{"id":34101,"date":"2025-10-14T06:49:39","date_gmt":"2025-10-14T06:49:39","guid":{"rendered":"https:\/\/monti.lt\/?post_type=product&#038;p=34101"},"modified":"2026-02-07T13:25:31","modified_gmt":"2026-02-07T13:25:31","slug":"woopie-magnetines-kaladeles-raide-ir-skaiciai-70-vnt","status":"publish","type":"product","link":"https:\/\/monti.lt\/en\/product\/woopie-magnetines-kaladeles-raide-ir-skaiciai-70-vnt\/","title":{"rendered":"woopie magnetin\u0117s kalad\u0117l\u0117s raid\u0117 ir skai\u010diai, 70 vnt."},"content":{"rendered":"<p>Magnetiniai lavinamieji kalad\u0117l\u0117s yra unikalus \u017eaislas, atveriantis vaikams mokymosi ir k\u016brybi\u0161kumo pasaul\u012f. Tvirti, spalvingi gabal\u0117liai leid\u017eia lengvai konstruoti \u012fvairias konstrukcijas, kartu lavindami vaizduot\u0119 ir rankinius \u012fg\u016bd\u017eius. Rinkinyje yra raid\u017ei\u0173 kortel\u0117s, kurios pad\u0117s mokytis ab\u0117c\u0117l\u0117s k\u016brybinio \u017eaidimo metu. Stipr\u016bs magnetiniai jungtys leid\u017eia konstruoti \u012fvairi\u0173 tip\u0173 konstrukcijas ir u\u017etikrina stabilum\u0105 bei saugum\u0105 \u017eaidimo metu.&nbsp;<\/p>\n\n\n\n<p><strong>B\u016bdingas:<\/strong><\/p>\n\n\n\n<ul class=\"wp-block-list\">\n<li>&#8211; Vaikams nuo\u00a0<strong>3 met\u0173<\/strong>\u00a0am\u017eiaus<\/li>\n\n\n\n<li>&#8211; Pagaminta i\u0161 auk\u0161tos kokyb\u0117s med\u017eiag\u0173\u00a0<\/li>\n\n\n\n<li>&#8211; Stipr\u016bs magnetai leid\u017eia lengvai sujungti ir atskirti elementus<\/li>\n\n\n\n<li>&#8211; Spalvingame rinkinyje yra korteli\u0173 su raid\u0117mis, kurios padeda mokytis ab\u0117c\u0117l\u0117s<\/li>\n\n\n\n<li>&#8211; Didelis element\u0173 skai\u010dius leid\u017eia statyti dideles ir \u012fvairias konstrukcijas<\/li>\n<\/ul>\n\n\n\n<p><strong>\u012e rinkin\u012f \u012feina:<\/strong><\/p>\n\n\n\n<ul class=\"wp-block-list\">\n<li>&#8211; 8 m\u0117lyni kvadratai<\/li>\n\n\n\n<li>&#8211; 7 raudoni kvadratai<\/li>\n\n\n\n<li>&#8211; 9 pilki kvadratai<\/li>\n\n\n\n<li>&#8211; 7 violetiniai kvadratai<\/li>\n\n\n\n<li>&#8211; 9 \u017eali kvadratai<\/li>\n\n\n\n<li>&#8211; 30 edukacini\u0173 korteli\u0173 su raid\u0117mis<\/li>\n<\/ul>\n\n\n\n<p><strong>\u017daislas vystosi:<\/strong><\/p>\n\n\n\n<ul class=\"wp-block-list\">\n<li>&#8211; Vaizduot\u0117<\/li>\n\n\n\n<li>&#8211; Logika<\/li>\n\n\n\n<li>&#8211; Rank\u0173 ir aki\u0173 koordinacija<\/li>\n\n\n\n<li>&#8211; K\u016brybi\u0161kumas<\/li>\n<\/ul>","protected":false},"excerpt":{"rendered":"<p>Magnetiniai lavinamieji kalad\u0117l\u0117s yra unikalus \u017eaislas, atveriantis vaikams mokymosi ir k\u016brybi\u0161kumo pasaul\u012f. Tvirti, spalvingi gabal\u0117liai leid\u017eia lengvai konstruoti \u012fvairias konstrukcijas, kartu lavindami vaizduot\u0119 ir rankinius \u012fg\u016bd\u017eius. Rinkinyje yra raid\u017ei\u0173 kortel\u0117s, kurios pad\u0117s mokytis ab\u0117c\u0117l\u0117s k\u016brybinio \u017eaidimo metu. Stipr\u016bs magnetiniai jungtys leid\u017eia konstruoti \u012fvairi\u0173 tip\u0173 konstrukcijas ir u\u017etikrina stabilum\u0105 bei saugum\u0105 \u017eaidimo metu.&nbsp; B\u016bdingas: \u012e rinkin\u012f [&hellip;]<\/p>","protected":false},"featured_media":34102,"template":"","meta":{"_acf_changed":false,"iawp_total_views":143},"product_cat":[92,217,191,87,84,242,86,202,49,249,39],"product_tag":[97,98,99],"class_list":{"0":"post-34101","1":"product","2":"type-product","3":"status-publish","4":"has-post-thumbnail","6":"product_cat-deliones","7":"product_cat-dovanos-5-7-metu-vaikams","8":"product_cat-dovanos-vaikams","9":"product_cat-kurybiniai-rinkiniai","10":"product_cat-lavinamieji-zaislai","11":"product_cat-pagal-gamintoja","12":"product_cat-smulkioji-motorika","13":"product_cat-vaaikiski-konstruktoriai","14":"product_cat-visi-zaislai","15":"product_cat-woppie","16":"product_cat-zaislai","17":"product_tag-3-m-4-m","18":"product_tag-5-m-7-m","19":"product_tag-8-m-11-m","21":"first","22":"outofstock","23":"sale","24":"taxable","25":"shipping-taxable","26":"purchasable","27":"product-type-simple"},"acf":[],"yoast_head":"<!-- This site is optimized with the Yoast SEO plugin v23.3 - https:\/\/yoast.com\/wordpress\/plugins\/seo\/ -->\n<title>woopie magnetin\u0117s kalad\u0117l\u0117s raid\u0117 ir skai\u010diai, 70 vnt. - Montessori \u017eaislai<\/title>\n<meta name=\"robots\" content=\"index, follow, max-snippet:-1, max-image-preview:large, max-video-preview:-1\" \/>\n<link rel=\"canonical\" href=\"https:\/\/monti.lt\/en\/product\/woopie-magnetines-kaladeles-raide-ir-skaiciai-70-vnt\/\" \/>\n<meta property=\"og:locale\" content=\"en_US\" \/>\n<meta property=\"og:type\" content=\"article\" \/>\n<meta property=\"og:title\" content=\"woopie magnetin\u0117s kalad\u0117l\u0117s raid\u0117 ir skai\u010diai, 70 vnt. - Montessori \u017eaislai\" \/>\n<meta property=\"og:description\" content=\"Magnetiniai lavinamieji kalad\u0117l\u0117s yra unikalus \u017eaislas, atveriantis vaikams mokymosi ir k\u016brybi\u0161kumo pasaul\u012f. Tvirti, spalvingi gabal\u0117liai leid\u017eia lengvai konstruoti \u012fvairias konstrukcijas, kartu lavindami vaizduot\u0119 ir rankinius \u012fg\u016bd\u017eius. Rinkinyje yra raid\u017ei\u0173 kortel\u0117s, kurios pad\u0117s mokytis ab\u0117c\u0117l\u0117s k\u016brybinio \u017eaidimo metu. Stipr\u016bs magnetiniai jungtys leid\u017eia konstruoti \u012fvairi\u0173 tip\u0173 konstrukcijas ir u\u017etikrina stabilum\u0105 bei saugum\u0105 \u017eaidimo metu.&nbsp; B\u016bdingas: \u012e rinkin\u012f [&hellip;]\" \/>\n<meta property=\"og:url\" content=\"https:\/\/monti.lt\/en\/product\/woopie-magnetines-kaladeles-raide-ir-skaiciai-70-vnt\/\" \/>\n<meta property=\"og:site_name\" content=\"Montessori \u017eaislai\" \/>\n<meta property=\"article:modified_time\" content=\"2026-02-07T13:25:31+00:00\" \/>\n<meta property=\"og:image\" content=\"https:\/\/monti.lt\/wp-content\/uploads\/2025\/10\/woopie-przestrzenne-klocki-magnetyczne-nauka-liter-70-elementow.jpg\" \/>\n\t<meta property=\"og:image:width\" content=\"800\" \/>\n\t<meta property=\"og:image:height\" content=\"800\" \/>\n\t<meta property=\"og:image:type\" content=\"image\/jpeg\" \/>\n<meta name=\"twitter:card\" content=\"summary_large_image\" \/>\n<meta name=\"twitter:label1\" content=\"Est. reading time\" \/>\n\t<meta name=\"twitter:data1\" content=\"1 minute\" \/>\n<script type=\"application\/ld+json\" class=\"yoast-schema-graph\">{\"@context\":\"https:\/\/schema.org\",\"@graph\":[{\"@type\":\"WebPage\",\"@id\":\"https:\/\/monti.lt\/product\/woopie-magnetines-kaladeles-raide-ir-skaiciai-70-vnt\/\",\"url\":\"https:\/\/monti.lt\/product\/woopie-magnetines-kaladeles-raide-ir-skaiciai-70-vnt\/\",\"name\":\"woopie magnetin\u0117s kalad\u0117l\u0117s raid\u0117 ir skai\u010diai, 70 vnt. - Montessori \u017eaislai\",\"isPartOf\":{\"@id\":\"https:\/\/monti.lt\/#website\"},\"primaryImageOfPage\":{\"@id\":\"https:\/\/monti.lt\/product\/woopie-magnetines-kaladeles-raide-ir-skaiciai-70-vnt\/#primaryimage\"},\"image\":{\"@id\":\"https:\/\/monti.lt\/product\/woopie-magnetines-kaladeles-raide-ir-skaiciai-70-vnt\/#primaryimage\"},\"thumbnailUrl\":\"https:\/\/monti.lt\/wp-content\/uploads\/2025\/10\/woopie-przestrzenne-klocki-magnetyczne-nauka-liter-70-elementow.jpg\",\"datePublished\":\"2025-10-14T06:49:39+00:00\",\"dateModified\":\"2026-02-07T13:25:31+00:00\",\"breadcrumb\":{\"@id\":\"https:\/\/monti.lt\/product\/woopie-magnetines-kaladeles-raide-ir-skaiciai-70-vnt\/#breadcrumb\"},\"inLanguage\":\"en-US\",\"potentialAction\":[{\"@type\":\"ReadAction\",\"target\":[\"https:\/\/monti.lt\/product\/woopie-magnetines-kaladeles-raide-ir-skaiciai-70-vnt\/\"]}]},{\"@type\":\"ImageObject\",\"inLanguage\":\"en-US\",\"@id\":\"https:\/\/monti.lt\/product\/woopie-magnetines-kaladeles-raide-ir-skaiciai-70-vnt\/#primaryimage\",\"url\":\"https:\/\/monti.lt\/wp-content\/uploads\/2025\/10\/woopie-przestrzenne-klocki-magnetyczne-nauka-liter-70-elementow.jpg\",\"contentUrl\":\"https:\/\/monti.lt\/wp-content\/uploads\/2025\/10\/woopie-przestrzenne-klocki-magnetyczne-nauka-liter-70-elementow.jpg\",\"width\":800,\"height\":800,\"caption\":\"magnetine delione\"},{\"@type\":\"BreadcrumbList\",\"@id\":\"https:\/\/monti.lt\/product\/woopie-magnetines-kaladeles-raide-ir-skaiciai-70-vnt\/#breadcrumb\",\"itemListElement\":[{\"@type\":\"ListItem\",\"position\":1,\"name\":\"Home\",\"item\":\"https:\/\/monti.lt\/\"},{\"@type\":\"ListItem\",\"position\":2,\"name\":\"Parduotuv\u0117\",\"item\":\"https:\/\/monti.lt\/shop\/\"},{\"@type\":\"ListItem\",\"position\":3,\"name\":\"woopie magnetin\u0117s kalad\u0117l\u0117s raid\u0117 ir skai\u010diai, 70 vnt.\"}]},{\"@type\":\"WebSite\",\"@id\":\"https:\/\/monti.lt\/#website\",\"url\":\"https:\/\/monti.lt\/\",\"name\":\"Montessori \u017eaislai\",\"description\":\"\",\"publisher\":{\"@id\":\"https:\/\/monti.lt\/#organization\"},\"potentialAction\":[{\"@type\":\"SearchAction\",\"target\":{\"@type\":\"EntryPoint\",\"urlTemplate\":\"https:\/\/monti.lt\/?s={search_term_string}\"},\"query-input\":\"required name=search_term_string\"}],\"inLanguage\":\"en-US\"},{\"@type\":\"Organization\",\"@id\":\"https:\/\/monti.lt\/#organization\",\"name\":\"Montessori \u017eaislai\",\"url\":\"https:\/\/monti.lt\/\",\"logo\":{\"@type\":\"ImageObject\",\"inLanguage\":\"en-US\",\"@id\":\"https:\/\/monti.lt\/#\/schema\/logo\/image\/\",\"url\":\"https:\/\/monti.lt\/wp-content\/uploads\/2022\/03\/montilogo-1.png\",\"contentUrl\":\"https:\/\/monti.lt\/wp-content\/uploads\/2022\/03\/montilogo-1.png\",\"width\":512,\"height\":512,\"caption\":\"Montessori \u017eaislai\"},\"image\":{\"@id\":\"https:\/\/monti.lt\/#\/schema\/logo\/image\/\"}}]}<\/script>\n<!-- \/ Yoast SEO plugin. -->","yoast_head_json":{"title":"woopie magnetin\u0117s kalad\u0117l\u0117s raid\u0117 ir skai\u010diai, 70 vnt. - Montessori \u017eaislai","robots":{"index":"index","follow":"follow","max-snippet":"max-snippet:-1","max-image-preview":"max-image-preview:large","max-video-preview":"max-video-preview:-1"},"canonical":"https:\/\/monti.lt\/en\/product\/woopie-magnetines-kaladeles-raide-ir-skaiciai-70-vnt\/","og_locale":"en_US","og_type":"article","og_title":"woopie magnetin\u0117s kalad\u0117l\u0117s raid\u0117 ir skai\u010diai, 70 vnt. - Montessori \u017eaislai","og_description":"Magnetiniai lavinamieji kalad\u0117l\u0117s yra unikalus \u017eaislas, atveriantis vaikams mokymosi ir k\u016brybi\u0161kumo pasaul\u012f. Tvirti, spalvingi gabal\u0117liai leid\u017eia lengvai konstruoti \u012fvairias konstrukcijas, kartu lavindami vaizduot\u0119 ir rankinius \u012fg\u016bd\u017eius. Rinkinyje yra raid\u017ei\u0173 kortel\u0117s, kurios pad\u0117s mokytis ab\u0117c\u0117l\u0117s k\u016brybinio \u017eaidimo metu. Stipr\u016bs magnetiniai jungtys leid\u017eia konstruoti \u012fvairi\u0173 tip\u0173 konstrukcijas ir u\u017etikrina stabilum\u0105 bei saugum\u0105 \u017eaidimo metu.&nbsp; B\u016bdingas: \u012e rinkin\u012f [&hellip;]","og_url":"https:\/\/monti.lt\/en\/product\/woopie-magnetines-kaladeles-raide-ir-skaiciai-70-vnt\/","og_site_name":"Montessori \u017eaislai","article_modified_time":"2026-02-07T13:25:31+00:00","og_image":[{"width":800,"height":800,"url":"https:\/\/monti.lt\/wp-content\/uploads\/2025\/10\/woopie-przestrzenne-klocki-magnetyczne-nauka-liter-70-elementow.jpg","type":"image\/jpeg"}],"twitter_card":"summary_large_image","twitter_misc":{"Est. reading time":"1 minute"},"schema":{"@context":"https:\/\/schema.org","@graph":[{"@type":"WebPage","@id":"https:\/\/monti.lt\/product\/woopie-magnetines-kaladeles-raide-ir-skaiciai-70-vnt\/","url":"https:\/\/monti.lt\/product\/woopie-magnetines-kaladeles-raide-ir-skaiciai-70-vnt\/","name":"woopie magnetin\u0117s kalad\u0117l\u0117s raid\u0117 ir skai\u010diai, 70 vnt. - Montessori \u017eaislai","isPartOf":{"@id":"https:\/\/monti.lt\/#website"},"primaryImageOfPage":{"@id":"https:\/\/monti.lt\/product\/woopie-magnetines-kaladeles-raide-ir-skaiciai-70-vnt\/#primaryimage"},"image":{"@id":"https:\/\/monti.lt\/product\/woopie-magnetines-kaladeles-raide-ir-skaiciai-70-vnt\/#primaryimage"},"thumbnailUrl":"https:\/\/monti.lt\/wp-content\/uploads\/2025\/10\/woopie-przestrzenne-klocki-magnetyczne-nauka-liter-70-elementow.jpg","datePublished":"2025-10-14T06:49:39+00:00","dateModified":"2026-02-07T13:25:31+00:00","breadcrumb":{"@id":"https:\/\/monti.lt\/product\/woopie-magnetines-kaladeles-raide-ir-skaiciai-70-vnt\/#breadcrumb"},"inLanguage":"en-US","potentialAction":[{"@type":"ReadAction","target":["https:\/\/monti.lt\/product\/woopie-magnetines-kaladeles-raide-ir-skaiciai-70-vnt\/"]}]},{"@type":"ImageObject","inLanguage":"en-US","@id":"https:\/\/monti.lt\/product\/woopie-magnetines-kaladeles-raide-ir-skaiciai-70-vnt\/#primaryimage","url":"https:\/\/monti.lt\/wp-content\/uploads\/2025\/10\/woopie-przestrzenne-klocki-magnetyczne-nauka-liter-70-elementow.jpg","contentUrl":"https:\/\/monti.lt\/wp-content\/uploads\/2025\/10\/woopie-przestrzenne-klocki-magnetyczne-nauka-liter-70-elementow.jpg","width":800,"height":800,"caption":"magnetine delione"},{"@type":"BreadcrumbList","@id":"https:\/\/monti.lt\/product\/woopie-magnetines-kaladeles-raide-ir-skaiciai-70-vnt\/#breadcrumb","itemListElement":[{"@type":"ListItem","position":1,"name":"Home","item":"https:\/\/monti.lt\/"},{"@type":"ListItem","position":2,"name":"Parduotuv\u0117","item":"https:\/\/monti.lt\/shop\/"},{"@type":"ListItem","position":3,"name":"woopie magnetin\u0117s kalad\u0117l\u0117s raid\u0117 ir skai\u010diai, 70 vnt."}]},{"@type":"WebSite","@id":"https:\/\/monti.lt\/#website","url":"https:\/\/monti.lt\/","name":"Montessori \u017eaislai","description":"","publisher":{"@id":"https:\/\/monti.lt\/#organization"},"potentialAction":[{"@type":"SearchAction","target":{"@type":"EntryPoint","urlTemplate":"https:\/\/monti.lt\/?s={search_term_string}"},"query-input":"required name=search_term_string"}],"inLanguage":"en-US"},{"@type":"Organization","@id":"https:\/\/monti.lt\/#organization","name":"Montessori \u017eaislai","url":"https:\/\/monti.lt\/","logo":{"@type":"ImageObject","inLanguage":"en-US","@id":"https:\/\/monti.lt\/#\/schema\/logo\/image\/","url":"https:\/\/monti.lt\/wp-content\/uploads\/2022\/03\/montilogo-1.png","contentUrl":"https:\/\/monti.lt\/wp-content\/uploads\/2022\/03\/montilogo-1.png","width":512,"height":512,"caption":"Montessori \u017eaislai"},"image":{"@id":"https:\/\/monti.lt\/#\/schema\/logo\/image\/"}}]}},"_links":{"self":[{"href":"https:\/\/monti.lt\/en\/wp-json\/wp\/v2\/product\/34101"}],"collection":[{"href":"https:\/\/monti.lt\/en\/wp-json\/wp\/v2\/product"}],"about":[{"href":"https:\/\/monti.lt\/en\/wp-json\/wp\/v2\/types\/product"}],"version-history":[{"count":1,"href":"https:\/\/monti.lt\/en\/wp-json\/wp\/v2\/product\/34101\/revisions"}],"predecessor-version":[{"id":34104,"href":"https:\/\/monti.lt\/en\/wp-json\/wp\/v2\/product\/34101\/revisions\/34104"}],"wp:featuredmedia":[{"embeddable":true,"href":"https:\/\/monti.lt\/en\/wp-json\/wp\/v2\/media\/34102"}],"wp:attachment":[{"href":"https:\/\/monti.lt\/en\/wp-json\/wp\/v2\/media?parent=34101"}],"wp:term":[{"taxonomy":"product_cat","embeddable":true,"href":"https:\/\/monti.lt\/en\/wp-json\/wp\/v2\/product_cat?post=34101"},{"taxonomy":"product_tag","embeddable":true,"href":"https:\/\/monti.lt\/en\/wp-json\/wp\/v2\/product_tag?post=34101"}],"curies":[{"name":"wp","href":"https:\/\/api.w.org\/{rel}","templated":true}]}}