{"id":34105,"date":"2025-10-14T06:59:31","date_gmt":"2025-10-14T06:59:31","guid":{"rendered":"https:\/\/monti.lt\/?post_type=product&#038;p=34105"},"modified":"2025-12-01T15:33:43","modified_gmt":"2025-12-01T15:33:43","slug":"papuosalu-dezute-apyrankiu-gamybos-rinkinys","status":"publish","type":"product","link":"https:\/\/monti.lt\/en\/product\/papuosalu-dezute-apyrankiu-gamybos-rinkinys\/","title":{"rendered":"Papuo\u0161al\u0173 d\u0117\u017eut\u0117, apyranki\u0173 gamybos rinkinys"},"content":{"rendered":"<p>132 dali\u0173 papuo\u0161al\u0173 gamybos rinkinys yra k\u016brybinis rinkinys vaikams, leid\u017eiantis jiems kurti savo apyrankes, kaklo grandines ir rakt\u0173 \u017eiedus. Eleganti\u0161kame ro\u017einiame d\u0117kle yra spalvingos karoliukai, pakabukai, grandin\u0117l\u0117s ir surinkimo priedai \u2013 viskas tvarkingai sud\u0117ta ir paruo\u0161ta \u017eaidimui. Tai puiki dovana, skirta ugdyti ma\u017e\u0173 vaik\u0173 vaizduot\u0119, rank\u0173 \u012fg\u016bd\u017eius ir estetikos jausm\u0105.<\/p>\n\n\n\n<p>D\u0117\u017eut\u0117je yra 5 papuo\u0161al\u0173 pakabukai, 3 skyriai ir 6 \u017eied\u0173 laikikliai.<br>Spalving\u0173 virveli\u0173 rinkinys apyrank\u0117ms, grandin\u0117l\u0117s rinkinys ir daugyb\u0117 pakabuk\u0173 papuo\u0161imams.<\/p>\n\n\n\n<p>D\u0117\u017eut\u0117s matmenys: 11,5 x 16 x 5 cm<\/p>\n\n\n\n<p>D\u0117\u017eut\u0117s matmenys: 16,5 x 20 x 12 cm<\/p>\n\n\n\n<p><\/p>","protected":false},"excerpt":{"rendered":"<p>132 dali\u0173 papuo\u0161al\u0173 gamybos rinkinys yra k\u016brybinis rinkinys vaikams, leid\u017eiantis jiems kurti savo apyrankes, kaklo grandines ir rakt\u0173 \u017eiedus. Eleganti\u0161kame ro\u017einiame d\u0117kle yra spalvingos karoliukai, pakabukai, grandin\u0117l\u0117s ir surinkimo priedai \u2013 viskas tvarkingai sud\u0117ta ir paruo\u0161ta \u017eaidimui. Tai puiki dovana, skirta ugdyti ma\u017e\u0173 vaik\u0173 vaizduot\u0119, rank\u0173 \u012fg\u016bd\u017eius ir estetikos jausm\u0105. D\u0117\u017eut\u0117je yra 5 papuo\u0161al\u0173 pakabukai, [&hellip;]<\/p>","protected":false},"featured_media":34106,"template":"","meta":{"_acf_changed":false,"iawp_total_views":178},"product_cat":[216,217,196,191,192,87,84,90,49,39,214],"product_tag":[97,98,99],"class_list":{"0":"post-34105","1":"product","2":"type-product","3":"status-publish","4":"has-post-thumbnail","6":"product_cat-dovanos-4-5-metu-vaikams","7":"product_cat-dovanos-5-7-metu-vaikams","8":"product_cat-dovanos-mergaitems","9":"product_cat-dovanos-vaikams","10":"product_cat-kaledines-dovanos-vaikams","11":"product_cat-kurybiniai-rinkiniai","12":"product_cat-lavinamieji-zaislai","13":"product_cat-pasaulio-pazinimas","14":"product_cat-visi-zaislai","15":"product_cat-zaislai","16":"product_cat-zaislai-mergaitems","17":"product_tag-3-m-4-m","18":"product_tag-5-m-7-m","19":"product_tag-8-m-11-m","21":"first","22":"outofstock","23":"sale","24":"taxable","25":"shipping-taxable","26":"purchasable","27":"product-type-simple"},"acf":[],"yoast_head":"<!-- This site is optimized with the Yoast SEO plugin v23.3 - https:\/\/yoast.com\/wordpress\/plugins\/seo\/ -->\n<title>Papuo\u0161al\u0173 d\u0117\u017eut\u0117, apyranki\u0173 gamybos rinkinys - Montessori \u017eaislai<\/title>\n<meta name=\"robots\" content=\"index, follow, max-snippet:-1, max-image-preview:large, max-video-preview:-1\" \/>\n<link rel=\"canonical\" href=\"https:\/\/monti.lt\/en\/product\/papuosalu-dezute-apyrankiu-gamybos-rinkinys\/\" \/>\n<meta property=\"og:locale\" content=\"en_US\" \/>\n<meta property=\"og:type\" content=\"article\" \/>\n<meta property=\"og:title\" content=\"Papuo\u0161al\u0173 d\u0117\u017eut\u0117, apyranki\u0173 gamybos rinkinys - Montessori \u017eaislai\" \/>\n<meta property=\"og:description\" content=\"132 dali\u0173 papuo\u0161al\u0173 gamybos rinkinys yra k\u016brybinis rinkinys vaikams, leid\u017eiantis jiems kurti savo apyrankes, kaklo grandines ir rakt\u0173 \u017eiedus. Eleganti\u0161kame ro\u017einiame d\u0117kle yra spalvingos karoliukai, pakabukai, grandin\u0117l\u0117s ir surinkimo priedai \u2013 viskas tvarkingai sud\u0117ta ir paruo\u0161ta \u017eaidimui. Tai puiki dovana, skirta ugdyti ma\u017e\u0173 vaik\u0173 vaizduot\u0119, rank\u0173 \u012fg\u016bd\u017eius ir estetikos jausm\u0105. D\u0117\u017eut\u0117je yra 5 papuo\u0161al\u0173 pakabukai, [&hellip;]\" \/>\n<meta property=\"og:url\" content=\"https:\/\/monti.lt\/en\/product\/papuosalu-dezute-apyrankiu-gamybos-rinkinys\/\" \/>\n<meta property=\"og:site_name\" content=\"Montessori \u017eaislai\" \/>\n<meta property=\"article:modified_time\" content=\"2025-12-01T15:33:43+00:00\" \/>\n<meta property=\"og:image\" content=\"https:\/\/monti.lt\/wp-content\/uploads\/2025\/10\/038301869A6B2C932868037FF9C46448.jpg\" \/>\n\t<meta property=\"og:image:width\" content=\"2500\" \/>\n\t<meta property=\"og:image:height\" content=\"2500\" \/>\n\t<meta property=\"og:image:type\" content=\"image\/jpeg\" \/>\n<meta name=\"twitter:card\" content=\"summary_large_image\" \/>\n<meta name=\"twitter:label1\" content=\"Est. reading time\" \/>\n\t<meta name=\"twitter:data1\" content=\"1 minute\" \/>\n<script type=\"application\/ld+json\" class=\"yoast-schema-graph\">{\"@context\":\"https:\/\/schema.org\",\"@graph\":[{\"@type\":\"WebPage\",\"@id\":\"https:\/\/monti.lt\/product\/papuosalu-dezute-apyrankiu-gamybos-rinkinys\/\",\"url\":\"https:\/\/monti.lt\/product\/papuosalu-dezute-apyrankiu-gamybos-rinkinys\/\",\"name\":\"Papuo\u0161al\u0173 d\u0117\u017eut\u0117, apyranki\u0173 gamybos rinkinys - Montessori \u017eaislai\",\"isPartOf\":{\"@id\":\"https:\/\/monti.lt\/#website\"},\"primaryImageOfPage\":{\"@id\":\"https:\/\/monti.lt\/product\/papuosalu-dezute-apyrankiu-gamybos-rinkinys\/#primaryimage\"},\"image\":{\"@id\":\"https:\/\/monti.lt\/product\/papuosalu-dezute-apyrankiu-gamybos-rinkinys\/#primaryimage\"},\"thumbnailUrl\":\"https:\/\/monti.lt\/wp-content\/uploads\/2025\/10\/038301869A6B2C932868037FF9C46448.jpg\",\"datePublished\":\"2025-10-14T06:59:31+00:00\",\"dateModified\":\"2025-12-01T15:33:43+00:00\",\"breadcrumb\":{\"@id\":\"https:\/\/monti.lt\/product\/papuosalu-dezute-apyrankiu-gamybos-rinkinys\/#breadcrumb\"},\"inLanguage\":\"en-US\",\"potentialAction\":[{\"@type\":\"ReadAction\",\"target\":[\"https:\/\/monti.lt\/product\/papuosalu-dezute-apyrankiu-gamybos-rinkinys\/\"]}]},{\"@type\":\"ImageObject\",\"inLanguage\":\"en-US\",\"@id\":\"https:\/\/monti.lt\/product\/papuosalu-dezute-apyrankiu-gamybos-rinkinys\/#primaryimage\",\"url\":\"https:\/\/monti.lt\/wp-content\/uploads\/2025\/10\/038301869A6B2C932868037FF9C46448.jpg\",\"contentUrl\":\"https:\/\/monti.lt\/wp-content\/uploads\/2025\/10\/038301869A6B2C932868037FF9C46448.jpg\",\"width\":2500,\"height\":2500,\"caption\":\"papuosalu dezute\"},{\"@type\":\"BreadcrumbList\",\"@id\":\"https:\/\/monti.lt\/product\/papuosalu-dezute-apyrankiu-gamybos-rinkinys\/#breadcrumb\",\"itemListElement\":[{\"@type\":\"ListItem\",\"position\":1,\"name\":\"Home\",\"item\":\"https:\/\/monti.lt\/\"},{\"@type\":\"ListItem\",\"position\":2,\"name\":\"Parduotuv\u0117\",\"item\":\"https:\/\/monti.lt\/shop\/\"},{\"@type\":\"ListItem\",\"position\":3,\"name\":\"Papuo\u0161al\u0173 d\u0117\u017eut\u0117, apyranki\u0173 gamybos rinkinys\"}]},{\"@type\":\"WebSite\",\"@id\":\"https:\/\/monti.lt\/#website\",\"url\":\"https:\/\/monti.lt\/\",\"name\":\"Montessori \u017eaislai\",\"description\":\"\",\"publisher\":{\"@id\":\"https:\/\/monti.lt\/#organization\"},\"potentialAction\":[{\"@type\":\"SearchAction\",\"target\":{\"@type\":\"EntryPoint\",\"urlTemplate\":\"https:\/\/monti.lt\/?s={search_term_string}\"},\"query-input\":\"required name=search_term_string\"}],\"inLanguage\":\"en-US\"},{\"@type\":\"Organization\",\"@id\":\"https:\/\/monti.lt\/#organization\",\"name\":\"Montessori \u017eaislai\",\"url\":\"https:\/\/monti.lt\/\",\"logo\":{\"@type\":\"ImageObject\",\"inLanguage\":\"en-US\",\"@id\":\"https:\/\/monti.lt\/#\/schema\/logo\/image\/\",\"url\":\"https:\/\/monti.lt\/wp-content\/uploads\/2022\/03\/montilogo-1.png\",\"contentUrl\":\"https:\/\/monti.lt\/wp-content\/uploads\/2022\/03\/montilogo-1.png\",\"width\":512,\"height\":512,\"caption\":\"Montessori \u017eaislai\"},\"image\":{\"@id\":\"https:\/\/monti.lt\/#\/schema\/logo\/image\/\"}}]}<\/script>\n<!-- \/ Yoast SEO plugin. -->","yoast_head_json":{"title":"Papuo\u0161al\u0173 d\u0117\u017eut\u0117, apyranki\u0173 gamybos rinkinys - Montessori \u017eaislai","robots":{"index":"index","follow":"follow","max-snippet":"max-snippet:-1","max-image-preview":"max-image-preview:large","max-video-preview":"max-video-preview:-1"},"canonical":"https:\/\/monti.lt\/en\/product\/papuosalu-dezute-apyrankiu-gamybos-rinkinys\/","og_locale":"en_US","og_type":"article","og_title":"Papuo\u0161al\u0173 d\u0117\u017eut\u0117, apyranki\u0173 gamybos rinkinys - Montessori \u017eaislai","og_description":"132 dali\u0173 papuo\u0161al\u0173 gamybos rinkinys yra k\u016brybinis rinkinys vaikams, leid\u017eiantis jiems kurti savo apyrankes, kaklo grandines ir rakt\u0173 \u017eiedus. Eleganti\u0161kame ro\u017einiame d\u0117kle yra spalvingos karoliukai, pakabukai, grandin\u0117l\u0117s ir surinkimo priedai \u2013 viskas tvarkingai sud\u0117ta ir paruo\u0161ta \u017eaidimui. Tai puiki dovana, skirta ugdyti ma\u017e\u0173 vaik\u0173 vaizduot\u0119, rank\u0173 \u012fg\u016bd\u017eius ir estetikos jausm\u0105. D\u0117\u017eut\u0117je yra 5 papuo\u0161al\u0173 pakabukai, [&hellip;]","og_url":"https:\/\/monti.lt\/en\/product\/papuosalu-dezute-apyrankiu-gamybos-rinkinys\/","og_site_name":"Montessori \u017eaislai","article_modified_time":"2025-12-01T15:33:43+00:00","og_image":[{"width":2500,"height":2500,"url":"https:\/\/monti.lt\/wp-content\/uploads\/2025\/10\/038301869A6B2C932868037FF9C46448.jpg","type":"image\/jpeg"}],"twitter_card":"summary_large_image","twitter_misc":{"Est. reading time":"1 minute"},"schema":{"@context":"https:\/\/schema.org","@graph":[{"@type":"WebPage","@id":"https:\/\/monti.lt\/product\/papuosalu-dezute-apyrankiu-gamybos-rinkinys\/","url":"https:\/\/monti.lt\/product\/papuosalu-dezute-apyrankiu-gamybos-rinkinys\/","name":"Papuo\u0161al\u0173 d\u0117\u017eut\u0117, apyranki\u0173 gamybos rinkinys - Montessori \u017eaislai","isPartOf":{"@id":"https:\/\/monti.lt\/#website"},"primaryImageOfPage":{"@id":"https:\/\/monti.lt\/product\/papuosalu-dezute-apyrankiu-gamybos-rinkinys\/#primaryimage"},"image":{"@id":"https:\/\/monti.lt\/product\/papuosalu-dezute-apyrankiu-gamybos-rinkinys\/#primaryimage"},"thumbnailUrl":"https:\/\/monti.lt\/wp-content\/uploads\/2025\/10\/038301869A6B2C932868037FF9C46448.jpg","datePublished":"2025-10-14T06:59:31+00:00","dateModified":"2025-12-01T15:33:43+00:00","breadcrumb":{"@id":"https:\/\/monti.lt\/product\/papuosalu-dezute-apyrankiu-gamybos-rinkinys\/#breadcrumb"},"inLanguage":"en-US","potentialAction":[{"@type":"ReadAction","target":["https:\/\/monti.lt\/product\/papuosalu-dezute-apyrankiu-gamybos-rinkinys\/"]}]},{"@type":"ImageObject","inLanguage":"en-US","@id":"https:\/\/monti.lt\/product\/papuosalu-dezute-apyrankiu-gamybos-rinkinys\/#primaryimage","url":"https:\/\/monti.lt\/wp-content\/uploads\/2025\/10\/038301869A6B2C932868037FF9C46448.jpg","contentUrl":"https:\/\/monti.lt\/wp-content\/uploads\/2025\/10\/038301869A6B2C932868037FF9C46448.jpg","width":2500,"height":2500,"caption":"papuosalu dezute"},{"@type":"BreadcrumbList","@id":"https:\/\/monti.lt\/product\/papuosalu-dezute-apyrankiu-gamybos-rinkinys\/#breadcrumb","itemListElement":[{"@type":"ListItem","position":1,"name":"Home","item":"https:\/\/monti.lt\/"},{"@type":"ListItem","position":2,"name":"Parduotuv\u0117","item":"https:\/\/monti.lt\/shop\/"},{"@type":"ListItem","position":3,"name":"Papuo\u0161al\u0173 d\u0117\u017eut\u0117, apyranki\u0173 gamybos rinkinys"}]},{"@type":"WebSite","@id":"https:\/\/monti.lt\/#website","url":"https:\/\/monti.lt\/","name":"Montessori \u017eaislai","description":"","publisher":{"@id":"https:\/\/monti.lt\/#organization"},"potentialAction":[{"@type":"SearchAction","target":{"@type":"EntryPoint","urlTemplate":"https:\/\/monti.lt\/?s={search_term_string}"},"query-input":"required name=search_term_string"}],"inLanguage":"en-US"},{"@type":"Organization","@id":"https:\/\/monti.lt\/#organization","name":"Montessori \u017eaislai","url":"https:\/\/monti.lt\/","logo":{"@type":"ImageObject","inLanguage":"en-US","@id":"https:\/\/monti.lt\/#\/schema\/logo\/image\/","url":"https:\/\/monti.lt\/wp-content\/uploads\/2022\/03\/montilogo-1.png","contentUrl":"https:\/\/monti.lt\/wp-content\/uploads\/2022\/03\/montilogo-1.png","width":512,"height":512,"caption":"Montessori \u017eaislai"},"image":{"@id":"https:\/\/monti.lt\/#\/schema\/logo\/image\/"}}]}},"_links":{"self":[{"href":"https:\/\/monti.lt\/en\/wp-json\/wp\/v2\/product\/34105"}],"collection":[{"href":"https:\/\/monti.lt\/en\/wp-json\/wp\/v2\/product"}],"about":[{"href":"https:\/\/monti.lt\/en\/wp-json\/wp\/v2\/types\/product"}],"version-history":[{"count":1,"href":"https:\/\/monti.lt\/en\/wp-json\/wp\/v2\/product\/34105\/revisions"}],"predecessor-version":[{"id":34109,"href":"https:\/\/monti.lt\/en\/wp-json\/wp\/v2\/product\/34105\/revisions\/34109"}],"wp:featuredmedia":[{"embeddable":true,"href":"https:\/\/monti.lt\/en\/wp-json\/wp\/v2\/media\/34106"}],"wp:attachment":[{"href":"https:\/\/monti.lt\/en\/wp-json\/wp\/v2\/media?parent=34105"}],"wp:term":[{"taxonomy":"product_cat","embeddable":true,"href":"https:\/\/monti.lt\/en\/wp-json\/wp\/v2\/product_cat?post=34105"},{"taxonomy":"product_tag","embeddable":true,"href":"https:\/\/monti.lt\/en\/wp-json\/wp\/v2\/product_tag?post=34105"}],"curies":[{"name":"wp","href":"https:\/\/api.w.org\/{rel}","templated":true}]}}