{"id":34110,"date":"2025-10-14T07:03:09","date_gmt":"2025-10-14T07:03:09","guid":{"rendered":"https:\/\/monti.lt\/?post_type=product&#038;p=34110"},"modified":"2025-12-17T20:02:00","modified_gmt":"2025-12-17T20:02:00","slug":"medinis-kavos-aparatas","status":"publish","type":"product","link":"https:\/\/monti.lt\/en\/product\/medinis-kavos-aparatas\/","title":{"rendered":"Medinis kavos aparatas"},"content":{"rendered":"<p>Medinis kavin\u0117s \u017eaidim\u0173 rinkinys \u2013 tai \u017eavus \u017eaislas, kuris ugdo vaik\u0173 vaizduot\u0119 ir k\u016brybi\u0161kum\u0105. Komplekte yra kavos aparatas, puodeliai, priedai ir imitacijos produktai, leid\u017eiantys ma\u017eiems \u017eaisti baristas. Saug\u016bs, spalvingi mediniai elementai yra patvar\u016bs ir patraukl\u016bs \u2013 puikiai tinka \u017eaisti namuose ar dar\u017eelyje.<\/p>\n\n\n\n<p>Matmenys:<br>auk\u0161tis 20 cm<br>plotis 12 cm<br>gylis 13,5 cm<\/p>\n\n\n\n<p>Rinkinio sud\u0117tis:<\/p>\n\n\n\n<ul class=\"wp-block-list\">\n<li>atidaroma nugar\u0117l\u0117 (durys)<\/li>\n\n\n\n<li>kavos virimo ranken\u0117l\u0117<\/li>\n\n\n\n<li>pieno put\u0173 purk\u0161tukas (imitacinis)<\/li>\n\n\n\n<li>nuimamas virimo kolbas<\/li>\n\n\n\n<li>2 puodeliai su l\u0117k\u0161tel\u0117mis<\/li>\n\n\n\n<li>1 puodelis su l\u0117k\u0161tute ir dangteliu<\/li>\n\n\n\n<li>2 arbatiniai \u0161auk\u0161teliai<\/li>\n\n\n\n<li>3 sausainiai<\/li>\n\n\n\n<li>8 \u017eetonai<\/li>\n\n\n\n<li>pieno indas<\/li>\n\n\n\n<li>meniu<\/li>\n\n\n\n<li>kavos mai\u0161elis<\/li>\n<\/ul>\n\n\n\n<p>Pakuot\u0117s matmenys: 26 x 17 x 15 cm<\/p>\n\n\n\n<p><\/p>","protected":false},"excerpt":{"rendered":"<p>Medinis kavin\u0117s \u017eaidim\u0173 rinkinys \u2013 tai \u017eavus \u017eaislas, kuris ugdo vaik\u0173 vaizduot\u0119 ir k\u016brybi\u0161kum\u0105. Komplekte yra kavos aparatas, puodeliai, priedai ir imitacijos produktai, leid\u017eiantys ma\u017eiems \u017eaisti baristas. Saug\u016bs, spalvingi mediniai elementai yra patvar\u016bs ir patraukl\u016bs \u2013 puikiai tinka \u017eaisti namuose ar dar\u017eelyje. Matmenys:auk\u0161tis 20 cmplotis 12 cmgylis 13,5 cm Rinkinio sud\u0117tis: Pakuot\u0117s matmenys: 26 x [&hellip;]<\/p>","protected":false},"featured_media":34111,"template":"","meta":{"_acf_changed":false,"iawp_total_views":253},"product_cat":[195,216,217,191,82,192,84,102,50,93,49,39],"product_tag":[97,98],"class_list":{"0":"post-34110","1":"product","2":"type-product","3":"status-publish","4":"has-post-thumbnail","6":"product_cat-dovanos-vaikams-3-4-metu","7":"product_cat-dovanos-4-5-metu-vaikams","8":"product_cat-dovanos-5-7-metu-vaikams","9":"product_cat-dovanos-vaikams","10":"product_cat-ispardavimas","11":"product_cat-kaledines-dovanos-vaikams","12":"product_cat-lavinamieji-zaislai","13":"product_cat-mediniai-zaislai","14":"product_cat-top-dovanos","15":"product_cat-vaidmenu-zaidimai","16":"product_cat-visi-zaislai","17":"product_cat-zaislai","18":"product_tag-3-m-4-m","19":"product_tag-5-m-7-m","21":"first","22":"outofstock","23":"sale","24":"taxable","25":"shipping-taxable","26":"purchasable","27":"product-type-simple"},"acf":[],"yoast_head":"<!-- This site is optimized with the Yoast SEO plugin v23.3 - https:\/\/yoast.com\/wordpress\/plugins\/seo\/ -->\n<title>Medinis kavos aparatas - Montessori \u017eaislai<\/title>\n<meta name=\"robots\" content=\"index, follow, max-snippet:-1, max-image-preview:large, max-video-preview:-1\" \/>\n<link rel=\"canonical\" href=\"https:\/\/monti.lt\/en\/product\/medinis-kavos-aparatas\/\" \/>\n<meta property=\"og:locale\" content=\"en_US\" \/>\n<meta property=\"og:type\" content=\"article\" \/>\n<meta property=\"og:title\" content=\"Medinis kavos aparatas - Montessori \u017eaislai\" \/>\n<meta property=\"og:description\" content=\"Medinis kavin\u0117s \u017eaidim\u0173 rinkinys \u2013 tai \u017eavus \u017eaislas, kuris ugdo vaik\u0173 vaizduot\u0119 ir k\u016brybi\u0161kum\u0105. Komplekte yra kavos aparatas, puodeliai, priedai ir imitacijos produktai, leid\u017eiantys ma\u017eiems \u017eaisti baristas. Saug\u016bs, spalvingi mediniai elementai yra patvar\u016bs ir patraukl\u016bs \u2013 puikiai tinka \u017eaisti namuose ar dar\u017eelyje. Matmenys:auk\u0161tis 20 cmplotis 12 cmgylis 13,5 cm Rinkinio sud\u0117tis: Pakuot\u0117s matmenys: 26 x [&hellip;]\" \/>\n<meta property=\"og:url\" content=\"https:\/\/monti.lt\/en\/product\/medinis-kavos-aparatas\/\" \/>\n<meta property=\"og:site_name\" content=\"Montessori \u017eaislai\" \/>\n<meta property=\"article:modified_time\" content=\"2025-12-17T20:02:00+00:00\" \/>\n<meta property=\"og:image\" content=\"https:\/\/monti.lt\/wp-content\/uploads\/2025\/10\/FC0A490E32890E343958FEFC0F08B5F5.jpg\" \/>\n\t<meta property=\"og:image:width\" content=\"2500\" \/>\n\t<meta property=\"og:image:height\" content=\"2500\" \/>\n\t<meta property=\"og:image:type\" content=\"image\/jpeg\" \/>\n<meta name=\"twitter:card\" content=\"summary_large_image\" \/>\n<meta name=\"twitter:label1\" content=\"Est. reading time\" \/>\n\t<meta name=\"twitter:data1\" content=\"1 minute\" \/>\n<script type=\"application\/ld+json\" class=\"yoast-schema-graph\">{\"@context\":\"https:\/\/schema.org\",\"@graph\":[{\"@type\":\"WebPage\",\"@id\":\"https:\/\/monti.lt\/product\/medinis-kavos-aparatas\/\",\"url\":\"https:\/\/monti.lt\/product\/medinis-kavos-aparatas\/\",\"name\":\"Medinis kavos aparatas - Montessori \u017eaislai\",\"isPartOf\":{\"@id\":\"https:\/\/monti.lt\/#website\"},\"primaryImageOfPage\":{\"@id\":\"https:\/\/monti.lt\/product\/medinis-kavos-aparatas\/#primaryimage\"},\"image\":{\"@id\":\"https:\/\/monti.lt\/product\/medinis-kavos-aparatas\/#primaryimage\"},\"thumbnailUrl\":\"https:\/\/monti.lt\/wp-content\/uploads\/2025\/10\/FC0A490E32890E343958FEFC0F08B5F5.jpg\",\"datePublished\":\"2025-10-14T07:03:09+00:00\",\"dateModified\":\"2025-12-17T20:02:00+00:00\",\"breadcrumb\":{\"@id\":\"https:\/\/monti.lt\/product\/medinis-kavos-aparatas\/#breadcrumb\"},\"inLanguage\":\"en-US\",\"potentialAction\":[{\"@type\":\"ReadAction\",\"target\":[\"https:\/\/monti.lt\/product\/medinis-kavos-aparatas\/\"]}]},{\"@type\":\"ImageObject\",\"inLanguage\":\"en-US\",\"@id\":\"https:\/\/monti.lt\/product\/medinis-kavos-aparatas\/#primaryimage\",\"url\":\"https:\/\/monti.lt\/wp-content\/uploads\/2025\/10\/FC0A490E32890E343958FEFC0F08B5F5.jpg\",\"contentUrl\":\"https:\/\/monti.lt\/wp-content\/uploads\/2025\/10\/FC0A490E32890E343958FEFC0F08B5F5.jpg\",\"width\":2500,\"height\":2500,\"caption\":\"medinis kavos aparatas\"},{\"@type\":\"BreadcrumbList\",\"@id\":\"https:\/\/monti.lt\/product\/medinis-kavos-aparatas\/#breadcrumb\",\"itemListElement\":[{\"@type\":\"ListItem\",\"position\":1,\"name\":\"Home\",\"item\":\"https:\/\/monti.lt\/\"},{\"@type\":\"ListItem\",\"position\":2,\"name\":\"Parduotuv\u0117\",\"item\":\"https:\/\/monti.lt\/shop\/\"},{\"@type\":\"ListItem\",\"position\":3,\"name\":\"Medinis kavos aparatas\"}]},{\"@type\":\"WebSite\",\"@id\":\"https:\/\/monti.lt\/#website\",\"url\":\"https:\/\/monti.lt\/\",\"name\":\"Montessori \u017eaislai\",\"description\":\"\",\"publisher\":{\"@id\":\"https:\/\/monti.lt\/#organization\"},\"potentialAction\":[{\"@type\":\"SearchAction\",\"target\":{\"@type\":\"EntryPoint\",\"urlTemplate\":\"https:\/\/monti.lt\/?s={search_term_string}\"},\"query-input\":\"required name=search_term_string\"}],\"inLanguage\":\"en-US\"},{\"@type\":\"Organization\",\"@id\":\"https:\/\/monti.lt\/#organization\",\"name\":\"Montessori \u017eaislai\",\"url\":\"https:\/\/monti.lt\/\",\"logo\":{\"@type\":\"ImageObject\",\"inLanguage\":\"en-US\",\"@id\":\"https:\/\/monti.lt\/#\/schema\/logo\/image\/\",\"url\":\"https:\/\/monti.lt\/wp-content\/uploads\/2022\/03\/montilogo-1.png\",\"contentUrl\":\"https:\/\/monti.lt\/wp-content\/uploads\/2022\/03\/montilogo-1.png\",\"width\":512,\"height\":512,\"caption\":\"Montessori \u017eaislai\"},\"image\":{\"@id\":\"https:\/\/monti.lt\/#\/schema\/logo\/image\/\"}}]}<\/script>\n<!-- \/ Yoast SEO plugin. -->","yoast_head_json":{"title":"Medinis kavos aparatas - Montessori \u017eaislai","robots":{"index":"index","follow":"follow","max-snippet":"max-snippet:-1","max-image-preview":"max-image-preview:large","max-video-preview":"max-video-preview:-1"},"canonical":"https:\/\/monti.lt\/en\/product\/medinis-kavos-aparatas\/","og_locale":"en_US","og_type":"article","og_title":"Medinis kavos aparatas - Montessori \u017eaislai","og_description":"Medinis kavin\u0117s \u017eaidim\u0173 rinkinys \u2013 tai \u017eavus \u017eaislas, kuris ugdo vaik\u0173 vaizduot\u0119 ir k\u016brybi\u0161kum\u0105. Komplekte yra kavos aparatas, puodeliai, priedai ir imitacijos produktai, leid\u017eiantys ma\u017eiems \u017eaisti baristas. Saug\u016bs, spalvingi mediniai elementai yra patvar\u016bs ir patraukl\u016bs \u2013 puikiai tinka \u017eaisti namuose ar dar\u017eelyje. Matmenys:auk\u0161tis 20 cmplotis 12 cmgylis 13,5 cm Rinkinio sud\u0117tis: Pakuot\u0117s matmenys: 26 x [&hellip;]","og_url":"https:\/\/monti.lt\/en\/product\/medinis-kavos-aparatas\/","og_site_name":"Montessori \u017eaislai","article_modified_time":"2025-12-17T20:02:00+00:00","og_image":[{"width":2500,"height":2500,"url":"https:\/\/monti.lt\/wp-content\/uploads\/2025\/10\/FC0A490E32890E343958FEFC0F08B5F5.jpg","type":"image\/jpeg"}],"twitter_card":"summary_large_image","twitter_misc":{"Est. reading time":"1 minute"},"schema":{"@context":"https:\/\/schema.org","@graph":[{"@type":"WebPage","@id":"https:\/\/monti.lt\/product\/medinis-kavos-aparatas\/","url":"https:\/\/monti.lt\/product\/medinis-kavos-aparatas\/","name":"Medinis kavos aparatas - Montessori \u017eaislai","isPartOf":{"@id":"https:\/\/monti.lt\/#website"},"primaryImageOfPage":{"@id":"https:\/\/monti.lt\/product\/medinis-kavos-aparatas\/#primaryimage"},"image":{"@id":"https:\/\/monti.lt\/product\/medinis-kavos-aparatas\/#primaryimage"},"thumbnailUrl":"https:\/\/monti.lt\/wp-content\/uploads\/2025\/10\/FC0A490E32890E343958FEFC0F08B5F5.jpg","datePublished":"2025-10-14T07:03:09+00:00","dateModified":"2025-12-17T20:02:00+00:00","breadcrumb":{"@id":"https:\/\/monti.lt\/product\/medinis-kavos-aparatas\/#breadcrumb"},"inLanguage":"en-US","potentialAction":[{"@type":"ReadAction","target":["https:\/\/monti.lt\/product\/medinis-kavos-aparatas\/"]}]},{"@type":"ImageObject","inLanguage":"en-US","@id":"https:\/\/monti.lt\/product\/medinis-kavos-aparatas\/#primaryimage","url":"https:\/\/monti.lt\/wp-content\/uploads\/2025\/10\/FC0A490E32890E343958FEFC0F08B5F5.jpg","contentUrl":"https:\/\/monti.lt\/wp-content\/uploads\/2025\/10\/FC0A490E32890E343958FEFC0F08B5F5.jpg","width":2500,"height":2500,"caption":"medinis kavos aparatas"},{"@type":"BreadcrumbList","@id":"https:\/\/monti.lt\/product\/medinis-kavos-aparatas\/#breadcrumb","itemListElement":[{"@type":"ListItem","position":1,"name":"Home","item":"https:\/\/monti.lt\/"},{"@type":"ListItem","position":2,"name":"Parduotuv\u0117","item":"https:\/\/monti.lt\/shop\/"},{"@type":"ListItem","position":3,"name":"Medinis kavos aparatas"}]},{"@type":"WebSite","@id":"https:\/\/monti.lt\/#website","url":"https:\/\/monti.lt\/","name":"Montessori \u017eaislai","description":"","publisher":{"@id":"https:\/\/monti.lt\/#organization"},"potentialAction":[{"@type":"SearchAction","target":{"@type":"EntryPoint","urlTemplate":"https:\/\/monti.lt\/?s={search_term_string}"},"query-input":"required name=search_term_string"}],"inLanguage":"en-US"},{"@type":"Organization","@id":"https:\/\/monti.lt\/#organization","name":"Montessori \u017eaislai","url":"https:\/\/monti.lt\/","logo":{"@type":"ImageObject","inLanguage":"en-US","@id":"https:\/\/monti.lt\/#\/schema\/logo\/image\/","url":"https:\/\/monti.lt\/wp-content\/uploads\/2022\/03\/montilogo-1.png","contentUrl":"https:\/\/monti.lt\/wp-content\/uploads\/2022\/03\/montilogo-1.png","width":512,"height":512,"caption":"Montessori \u017eaislai"},"image":{"@id":"https:\/\/monti.lt\/#\/schema\/logo\/image\/"}}]}},"_links":{"self":[{"href":"https:\/\/monti.lt\/en\/wp-json\/wp\/v2\/product\/34110"}],"collection":[{"href":"https:\/\/monti.lt\/en\/wp-json\/wp\/v2\/product"}],"about":[{"href":"https:\/\/monti.lt\/en\/wp-json\/wp\/v2\/types\/product"}],"version-history":[{"count":1,"href":"https:\/\/monti.lt\/en\/wp-json\/wp\/v2\/product\/34110\/revisions"}],"predecessor-version":[{"id":34114,"href":"https:\/\/monti.lt\/en\/wp-json\/wp\/v2\/product\/34110\/revisions\/34114"}],"wp:featuredmedia":[{"embeddable":true,"href":"https:\/\/monti.lt\/en\/wp-json\/wp\/v2\/media\/34111"}],"wp:attachment":[{"href":"https:\/\/monti.lt\/en\/wp-json\/wp\/v2\/media?parent=34110"}],"wp:term":[{"taxonomy":"product_cat","embeddable":true,"href":"https:\/\/monti.lt\/en\/wp-json\/wp\/v2\/product_cat?post=34110"},{"taxonomy":"product_tag","embeddable":true,"href":"https:\/\/monti.lt\/en\/wp-json\/wp\/v2\/product_tag?post=34110"}],"curies":[{"name":"wp","href":"https:\/\/api.w.org\/{rel}","templated":true}]}}