{"id":34115,"date":"2025-10-14T07:08:35","date_gmt":"2025-10-14T07:08:35","guid":{"rendered":"https:\/\/monti.lt\/?post_type=product&#038;p=34115"},"modified":"2025-11-29T20:50:32","modified_gmt":"2025-11-29T20:50:32","slug":"medine-smulkiosios-motorikos-lenta-dramblys","status":"publish","type":"product","link":"https:\/\/monti.lt\/en\/product\/medine-smulkiosios-motorikos-lenta-dramblys\/","title":{"rendered":"Medin\u0117 smulkiosios motorikos lenta &#8220;Dramblys&#8221;"},"content":{"rendered":"<p>Dramblio formos sensorin\u0117 veiklos lenta yra edukacinis \u017eaislas, kuris skatina smulkiosios motorikos \u012fg\u016bd\u017ei\u0173, koncentracijos ir loginio m\u0105stymo vystym\u0105si.<br>\u012erengta \u012fvairiais elementais \u2013 spynomis, jungikliais, krumpliais ir rai\u0161teliais \u2013 ji suteikia vaikams ilg\u0105 ir k\u016brybing\u0105 pramog\u0105. Idealiai tinka naudoti namuose ir dar\u017eelyje.<\/p>\n\n\n\n<p>Matmenys:<br>plotis 42 cm<br>auk\u0161tis 30 cm<br>lentos storis 1,5 cm<\/p>\n\n\n\n<p>Lentos elementai:<br>3 krumpliai<br>ra\u0161tas ri\u0161imui<br>lenta su skai\u010diais<br>dir\u017eelis su sagtimi<br>rankena<br>2 gumos juostos kabliukams<br>labirintas\/b\u0117giai<br>jungiklis<br>velkro<br>2 raktai<br>rakt\u0173 spyna<br>karoliukai ant virveli\u0173<br>skl\u0105s\u010dio spyna<br>ratas<br>2 atidaromos durys<\/p>\n\n\n\n<p>Pakuot\u0117s matmenys 42,5&#215;31,5&#215;8,5 cm<\/p>\n\n\n\n<p><\/p>","protected":false},"excerpt":{"rendered":"<p>Dramblio formos sensorin\u0117 veiklos lenta yra edukacinis \u017eaislas, kuris skatina smulkiosios motorikos \u012fg\u016bd\u017ei\u0173, koncentracijos ir loginio m\u0105stymo vystym\u0105si.\u012erengta \u012fvairiais elementais \u2013 spynomis, jungikliais, krumpliais ir rai\u0161teliais \u2013 ji suteikia vaikams ilg\u0105 ir k\u016brybing\u0105 pramog\u0105. Idealiai tinka naudoti namuose ir dar\u017eelyje. Matmenys:plotis 42 cmauk\u0161tis 30 cmlentos storis 1,5 cm Lentos elementai:3 krumpliaira\u0161tas ri\u0161imuilenta su skai\u010diaisdir\u017eelis su [&hellip;]<\/p>","protected":false},"featured_media":34116,"template":"","meta":{"_acf_changed":false,"iawp_total_views":166},"product_cat":[195,216,191,84,91,102,88,83,90,86,49,39],"product_tag":[97,98],"class_list":{"0":"post-34115","1":"product","2":"type-product","3":"status-publish","4":"has-post-thumbnail","6":"product_cat-dovanos-vaikams-3-4-metu","7":"product_cat-dovanos-4-5-metu-vaikams","8":"product_cat-dovanos-vaikams","9":"product_cat-lavinamieji-zaislai","10":"product_cat-loginiam-mastymui","11":"product_cat-mediniai-zaislai","12":"product_cat-mokausi-zaisti","13":"product_cat-montessori-zaislai","14":"product_cat-pasaulio-pazinimas","15":"product_cat-smulkioji-motorika","16":"product_cat-visi-zaislai","17":"product_cat-zaislai","18":"product_tag-3-m-4-m","19":"product_tag-5-m-7-m","21":"first","22":"outofstock","23":"sale","24":"taxable","25":"shipping-taxable","26":"purchasable","27":"product-type-simple"},"acf":[],"yoast_head":"<!-- This site is optimized with the Yoast SEO plugin v23.3 - https:\/\/yoast.com\/wordpress\/plugins\/seo\/ -->\n<title>Medin\u0117 smulkiosios motorikos lenta &quot;Dramblys&quot; - Montessori \u017eaislai<\/title>\n<meta name=\"robots\" content=\"index, follow, max-snippet:-1, max-image-preview:large, max-video-preview:-1\" \/>\n<link rel=\"canonical\" href=\"https:\/\/monti.lt\/en\/product\/medine-smulkiosios-motorikos-lenta-dramblys\/\" \/>\n<meta property=\"og:locale\" content=\"en_US\" \/>\n<meta property=\"og:type\" content=\"article\" \/>\n<meta property=\"og:title\" content=\"Medin\u0117 smulkiosios motorikos lenta &quot;Dramblys&quot; - Montessori \u017eaislai\" \/>\n<meta property=\"og:description\" content=\"Dramblio formos sensorin\u0117 veiklos lenta yra edukacinis \u017eaislas, kuris skatina smulkiosios motorikos \u012fg\u016bd\u017ei\u0173, koncentracijos ir loginio m\u0105stymo vystym\u0105si.\u012erengta \u012fvairiais elementais \u2013 spynomis, jungikliais, krumpliais ir rai\u0161teliais \u2013 ji suteikia vaikams ilg\u0105 ir k\u016brybing\u0105 pramog\u0105. Idealiai tinka naudoti namuose ir dar\u017eelyje. Matmenys:plotis 42 cmauk\u0161tis 30 cmlentos storis 1,5 cm Lentos elementai:3 krumpliaira\u0161tas ri\u0161imuilenta su skai\u010diaisdir\u017eelis su [&hellip;]\" \/>\n<meta property=\"og:url\" content=\"https:\/\/monti.lt\/en\/product\/medine-smulkiosios-motorikos-lenta-dramblys\/\" \/>\n<meta property=\"og:site_name\" content=\"Montessori \u017eaislai\" \/>\n<meta property=\"article:modified_time\" content=\"2025-11-29T20:50:32+00:00\" \/>\n<meta property=\"og:image\" content=\"https:\/\/monti.lt\/wp-content\/uploads\/2025\/10\/C99A9D091CE96D6F8557BE73936ACCA7.jpg\" \/>\n\t<meta property=\"og:image:width\" content=\"2500\" \/>\n\t<meta property=\"og:image:height\" content=\"2500\" \/>\n\t<meta property=\"og:image:type\" content=\"image\/jpeg\" \/>\n<meta name=\"twitter:card\" content=\"summary_large_image\" \/>\n<meta name=\"twitter:label1\" content=\"Est. reading time\" \/>\n\t<meta name=\"twitter:data1\" content=\"1 minute\" \/>\n<script type=\"application\/ld+json\" class=\"yoast-schema-graph\">{\"@context\":\"https:\/\/schema.org\",\"@graph\":[{\"@type\":\"WebPage\",\"@id\":\"https:\/\/monti.lt\/product\/medine-smulkiosios-motorikos-lenta-dramblys\/\",\"url\":\"https:\/\/monti.lt\/product\/medine-smulkiosios-motorikos-lenta-dramblys\/\",\"name\":\"Medin\u0117 smulkiosios motorikos lenta \\\"Dramblys\\\" - Montessori \u017eaislai\",\"isPartOf\":{\"@id\":\"https:\/\/monti.lt\/#website\"},\"primaryImageOfPage\":{\"@id\":\"https:\/\/monti.lt\/product\/medine-smulkiosios-motorikos-lenta-dramblys\/#primaryimage\"},\"image\":{\"@id\":\"https:\/\/monti.lt\/product\/medine-smulkiosios-motorikos-lenta-dramblys\/#primaryimage\"},\"thumbnailUrl\":\"https:\/\/monti.lt\/wp-content\/uploads\/2025\/10\/C99A9D091CE96D6F8557BE73936ACCA7.jpg\",\"datePublished\":\"2025-10-14T07:08:35+00:00\",\"dateModified\":\"2025-11-29T20:50:32+00:00\",\"breadcrumb\":{\"@id\":\"https:\/\/monti.lt\/product\/medine-smulkiosios-motorikos-lenta-dramblys\/#breadcrumb\"},\"inLanguage\":\"en-US\",\"potentialAction\":[{\"@type\":\"ReadAction\",\"target\":[\"https:\/\/monti.lt\/product\/medine-smulkiosios-motorikos-lenta-dramblys\/\"]}]},{\"@type\":\"ImageObject\",\"inLanguage\":\"en-US\",\"@id\":\"https:\/\/monti.lt\/product\/medine-smulkiosios-motorikos-lenta-dramblys\/#primaryimage\",\"url\":\"https:\/\/monti.lt\/wp-content\/uploads\/2025\/10\/C99A9D091CE96D6F8557BE73936ACCA7.jpg\",\"contentUrl\":\"https:\/\/monti.lt\/wp-content\/uploads\/2025\/10\/C99A9D091CE96D6F8557BE73936ACCA7.jpg\",\"width\":2500,\"height\":2500,\"caption\":\"smulkiosios motorikos lenta\"},{\"@type\":\"BreadcrumbList\",\"@id\":\"https:\/\/monti.lt\/product\/medine-smulkiosios-motorikos-lenta-dramblys\/#breadcrumb\",\"itemListElement\":[{\"@type\":\"ListItem\",\"position\":1,\"name\":\"Home\",\"item\":\"https:\/\/monti.lt\/\"},{\"@type\":\"ListItem\",\"position\":2,\"name\":\"Parduotuv\u0117\",\"item\":\"https:\/\/monti.lt\/shop\/\"},{\"@type\":\"ListItem\",\"position\":3,\"name\":\"Medin\u0117 smulkiosios motorikos lenta &#8220;Dramblys&#8221;\"}]},{\"@type\":\"WebSite\",\"@id\":\"https:\/\/monti.lt\/#website\",\"url\":\"https:\/\/monti.lt\/\",\"name\":\"Montessori \u017eaislai\",\"description\":\"\",\"publisher\":{\"@id\":\"https:\/\/monti.lt\/#organization\"},\"potentialAction\":[{\"@type\":\"SearchAction\",\"target\":{\"@type\":\"EntryPoint\",\"urlTemplate\":\"https:\/\/monti.lt\/?s={search_term_string}\"},\"query-input\":\"required name=search_term_string\"}],\"inLanguage\":\"en-US\"},{\"@type\":\"Organization\",\"@id\":\"https:\/\/monti.lt\/#organization\",\"name\":\"Montessori \u017eaislai\",\"url\":\"https:\/\/monti.lt\/\",\"logo\":{\"@type\":\"ImageObject\",\"inLanguage\":\"en-US\",\"@id\":\"https:\/\/monti.lt\/#\/schema\/logo\/image\/\",\"url\":\"https:\/\/monti.lt\/wp-content\/uploads\/2022\/03\/montilogo-1.png\",\"contentUrl\":\"https:\/\/monti.lt\/wp-content\/uploads\/2022\/03\/montilogo-1.png\",\"width\":512,\"height\":512,\"caption\":\"Montessori \u017eaislai\"},\"image\":{\"@id\":\"https:\/\/monti.lt\/#\/schema\/logo\/image\/\"}}]}<\/script>\n<!-- \/ Yoast SEO plugin. -->","yoast_head_json":{"title":"Medin\u0117 smulkiosios motorikos lenta \"Dramblys\" - Montessori \u017eaislai","robots":{"index":"index","follow":"follow","max-snippet":"max-snippet:-1","max-image-preview":"max-image-preview:large","max-video-preview":"max-video-preview:-1"},"canonical":"https:\/\/monti.lt\/en\/product\/medine-smulkiosios-motorikos-lenta-dramblys\/","og_locale":"en_US","og_type":"article","og_title":"Medin\u0117 smulkiosios motorikos lenta \"Dramblys\" - Montessori \u017eaislai","og_description":"Dramblio formos sensorin\u0117 veiklos lenta yra edukacinis \u017eaislas, kuris skatina smulkiosios motorikos \u012fg\u016bd\u017ei\u0173, koncentracijos ir loginio m\u0105stymo vystym\u0105si.\u012erengta \u012fvairiais elementais \u2013 spynomis, jungikliais, krumpliais ir rai\u0161teliais \u2013 ji suteikia vaikams ilg\u0105 ir k\u016brybing\u0105 pramog\u0105. Idealiai tinka naudoti namuose ir dar\u017eelyje. Matmenys:plotis 42 cmauk\u0161tis 30 cmlentos storis 1,5 cm Lentos elementai:3 krumpliaira\u0161tas ri\u0161imuilenta su skai\u010diaisdir\u017eelis su [&hellip;]","og_url":"https:\/\/monti.lt\/en\/product\/medine-smulkiosios-motorikos-lenta-dramblys\/","og_site_name":"Montessori \u017eaislai","article_modified_time":"2025-11-29T20:50:32+00:00","og_image":[{"width":2500,"height":2500,"url":"https:\/\/monti.lt\/wp-content\/uploads\/2025\/10\/C99A9D091CE96D6F8557BE73936ACCA7.jpg","type":"image\/jpeg"}],"twitter_card":"summary_large_image","twitter_misc":{"Est. reading time":"1 minute"},"schema":{"@context":"https:\/\/schema.org","@graph":[{"@type":"WebPage","@id":"https:\/\/monti.lt\/product\/medine-smulkiosios-motorikos-lenta-dramblys\/","url":"https:\/\/monti.lt\/product\/medine-smulkiosios-motorikos-lenta-dramblys\/","name":"Medin\u0117 smulkiosios motorikos lenta \"Dramblys\" - Montessori \u017eaislai","isPartOf":{"@id":"https:\/\/monti.lt\/#website"},"primaryImageOfPage":{"@id":"https:\/\/monti.lt\/product\/medine-smulkiosios-motorikos-lenta-dramblys\/#primaryimage"},"image":{"@id":"https:\/\/monti.lt\/product\/medine-smulkiosios-motorikos-lenta-dramblys\/#primaryimage"},"thumbnailUrl":"https:\/\/monti.lt\/wp-content\/uploads\/2025\/10\/C99A9D091CE96D6F8557BE73936ACCA7.jpg","datePublished":"2025-10-14T07:08:35+00:00","dateModified":"2025-11-29T20:50:32+00:00","breadcrumb":{"@id":"https:\/\/monti.lt\/product\/medine-smulkiosios-motorikos-lenta-dramblys\/#breadcrumb"},"inLanguage":"en-US","potentialAction":[{"@type":"ReadAction","target":["https:\/\/monti.lt\/product\/medine-smulkiosios-motorikos-lenta-dramblys\/"]}]},{"@type":"ImageObject","inLanguage":"en-US","@id":"https:\/\/monti.lt\/product\/medine-smulkiosios-motorikos-lenta-dramblys\/#primaryimage","url":"https:\/\/monti.lt\/wp-content\/uploads\/2025\/10\/C99A9D091CE96D6F8557BE73936ACCA7.jpg","contentUrl":"https:\/\/monti.lt\/wp-content\/uploads\/2025\/10\/C99A9D091CE96D6F8557BE73936ACCA7.jpg","width":2500,"height":2500,"caption":"smulkiosios motorikos lenta"},{"@type":"BreadcrumbList","@id":"https:\/\/monti.lt\/product\/medine-smulkiosios-motorikos-lenta-dramblys\/#breadcrumb","itemListElement":[{"@type":"ListItem","position":1,"name":"Home","item":"https:\/\/monti.lt\/"},{"@type":"ListItem","position":2,"name":"Parduotuv\u0117","item":"https:\/\/monti.lt\/shop\/"},{"@type":"ListItem","position":3,"name":"Medin\u0117 smulkiosios motorikos lenta &#8220;Dramblys&#8221;"}]},{"@type":"WebSite","@id":"https:\/\/monti.lt\/#website","url":"https:\/\/monti.lt\/","name":"Montessori \u017eaislai","description":"","publisher":{"@id":"https:\/\/monti.lt\/#organization"},"potentialAction":[{"@type":"SearchAction","target":{"@type":"EntryPoint","urlTemplate":"https:\/\/monti.lt\/?s={search_term_string}"},"query-input":"required name=search_term_string"}],"inLanguage":"en-US"},{"@type":"Organization","@id":"https:\/\/monti.lt\/#organization","name":"Montessori \u017eaislai","url":"https:\/\/monti.lt\/","logo":{"@type":"ImageObject","inLanguage":"en-US","@id":"https:\/\/monti.lt\/#\/schema\/logo\/image\/","url":"https:\/\/monti.lt\/wp-content\/uploads\/2022\/03\/montilogo-1.png","contentUrl":"https:\/\/monti.lt\/wp-content\/uploads\/2022\/03\/montilogo-1.png","width":512,"height":512,"caption":"Montessori \u017eaislai"},"image":{"@id":"https:\/\/monti.lt\/#\/schema\/logo\/image\/"}}]}},"_links":{"self":[{"href":"https:\/\/monti.lt\/en\/wp-json\/wp\/v2\/product\/34115"}],"collection":[{"href":"https:\/\/monti.lt\/en\/wp-json\/wp\/v2\/product"}],"about":[{"href":"https:\/\/monti.lt\/en\/wp-json\/wp\/v2\/types\/product"}],"version-history":[{"count":1,"href":"https:\/\/monti.lt\/en\/wp-json\/wp\/v2\/product\/34115\/revisions"}],"predecessor-version":[{"id":34120,"href":"https:\/\/monti.lt\/en\/wp-json\/wp\/v2\/product\/34115\/revisions\/34120"}],"wp:featuredmedia":[{"embeddable":true,"href":"https:\/\/monti.lt\/en\/wp-json\/wp\/v2\/media\/34116"}],"wp:attachment":[{"href":"https:\/\/monti.lt\/en\/wp-json\/wp\/v2\/media?parent=34115"}],"wp:term":[{"taxonomy":"product_cat","embeddable":true,"href":"https:\/\/monti.lt\/en\/wp-json\/wp\/v2\/product_cat?post=34115"},{"taxonomy":"product_tag","embeddable":true,"href":"https:\/\/monti.lt\/en\/wp-json\/wp\/v2\/product_tag?post=34115"}],"curies":[{"name":"wp","href":"https:\/\/api.w.org\/{rel}","templated":true}]}}