{"id":34121,"date":"2025-10-14T07:13:14","date_gmt":"2025-10-14T07:13:14","guid":{"rendered":"https:\/\/monti.lt\/?post_type=product&#038;p=34121"},"modified":"2025-12-10T19:02:23","modified_gmt":"2025-12-10T19:02:23","slug":"medinis-muzikos-instrumentu-rinkinys","status":"publish","type":"product","link":"https:\/\/monti.lt\/en\/product\/medinis-muzikos-instrumentu-rinkinys\/","title":{"rendered":"Medinis muzikos instrument\u0173 rinkinys"},"content":{"rendered":"<p>Medini\u0173 muzikos instrument\u0173 rinkinys vaikams \u2013 idealus pasirinkimas ma\u017eiesiems garso tyrin\u0117tojams. Rinkinyje yra ksilofonas, tamburinas, trikampis ir kiti perkusiniai priedai, kurie lavina klaus\u0105, ritm\u0105 ir koordinacij\u0105.<br>Esteti\u0161kas dizainas skatina vaikus \u017eaisti kartu ir kurti muzik\u0105.<br>Matmenys:<br>tamburino skersmuo 15 cm, storis 4,5 cm<br>trikampio kra\u0161tas 10 cm<br>2 bar\u0161kut\u0117s 12 cm ilgio<br>ksilofonas 23 cm ilgio, 12 cm plo\u010dio<\/p>\n\n\n\n<p>Pakuot\u0117s matmenys:<br>25 x 17 x 8 cm<\/p>","protected":false},"excerpt":{"rendered":"<p>Medini\u0173 muzikos instrument\u0173 rinkinys vaikams \u2013 idealus pasirinkimas ma\u017eiesiems garso tyrin\u0117tojams. Rinkinyje yra ksilofonas, tamburinas, trikampis ir kiti perkusiniai priedai, kurie lavina klaus\u0105, ritm\u0105 ir koordinacij\u0105.Esteti\u0161kas dizainas skatina vaikus \u017eaisti kartu ir kurti muzik\u0105.Matmenys:tamburino skersmuo 15 cm, storis 4,5 cmtrikampio kra\u0161tas 10 cm2 bar\u0161kut\u0117s 12 cm ilgioksilofonas 23 cm ilgio, 12 cm plo\u010dio Pakuot\u0117s matmenys:25 [&hellip;]<\/p>","protected":false},"featured_media":34310,"template":"","meta":{"_acf_changed":false,"iawp_total_views":234},"product_cat":[218,194,195,216,217,191,192,84,85,50,49,39],"product_tag":[96,97,98],"class_list":{"0":"post-34121","1":"product","2":"type-product","3":"status-publish","4":"has-post-thumbnail","6":"product_cat-darzeliu-grupems","7":"product_cat-dovanos-vaikams-2-3-metu","8":"product_cat-dovanos-vaikams-3-4-metu","9":"product_cat-dovanos-4-5-metu-vaikams","10":"product_cat-dovanos-5-7-metu-vaikams","11":"product_cat-dovanos-vaikams","12":"product_cat-kaledines-dovanos-vaikams","13":"product_cat-lavinamieji-zaislai","14":"product_cat-muzikiniai-zaislai","15":"product_cat-top-dovanos","16":"product_cat-visi-zaislai","17":"product_cat-zaislai","18":"product_tag-2-m-3-m","19":"product_tag-3-m-4-m","20":"product_tag-5-m-7-m","22":"first","23":"outofstock","24":"taxable","25":"shipping-taxable","26":"purchasable","27":"product-type-simple"},"acf":[],"yoast_head":"<!-- This site is optimized with the Yoast SEO plugin v23.3 - https:\/\/yoast.com\/wordpress\/plugins\/seo\/ -->\n<title>Medinis muzikos instrument\u0173 rinkinys - Montessori \u017eaislai<\/title>\n<meta name=\"robots\" content=\"index, follow, max-snippet:-1, max-image-preview:large, max-video-preview:-1\" \/>\n<link rel=\"canonical\" href=\"https:\/\/monti.lt\/en\/product\/medinis-muzikos-instrumentu-rinkinys\/\" \/>\n<meta property=\"og:locale\" content=\"en_US\" \/>\n<meta property=\"og:type\" content=\"article\" \/>\n<meta property=\"og:title\" content=\"Medinis muzikos instrument\u0173 rinkinys - Montessori \u017eaislai\" \/>\n<meta property=\"og:description\" content=\"Medini\u0173 muzikos instrument\u0173 rinkinys vaikams \u2013 idealus pasirinkimas ma\u017eiesiems garso tyrin\u0117tojams. Rinkinyje yra ksilofonas, tamburinas, trikampis ir kiti perkusiniai priedai, kurie lavina klaus\u0105, ritm\u0105 ir koordinacij\u0105.Esteti\u0161kas dizainas skatina vaikus \u017eaisti kartu ir kurti muzik\u0105.Matmenys:tamburino skersmuo 15 cm, storis 4,5 cmtrikampio kra\u0161tas 10 cm2 bar\u0161kut\u0117s 12 cm ilgioksilofonas 23 cm ilgio, 12 cm plo\u010dio Pakuot\u0117s matmenys:25 [&hellip;]\" \/>\n<meta property=\"og:url\" content=\"https:\/\/monti.lt\/en\/product\/medinis-muzikos-instrumentu-rinkinys\/\" \/>\n<meta property=\"og:site_name\" content=\"Montessori \u017eaislai\" \/>\n<meta property=\"article:modified_time\" content=\"2025-12-10T19:02:23+00:00\" \/>\n<meta property=\"og:image\" content=\"https:\/\/monti.lt\/wp-content\/uploads\/2025\/10\/001-5.jpg\" \/>\n\t<meta property=\"og:image:width\" content=\"2500\" \/>\n\t<meta property=\"og:image:height\" content=\"2500\" \/>\n\t<meta property=\"og:image:type\" content=\"image\/jpeg\" \/>\n<meta name=\"twitter:card\" content=\"summary_large_image\" \/>\n<meta name=\"twitter:label1\" content=\"Est. reading time\" \/>\n\t<meta name=\"twitter:data1\" content=\"1 minute\" \/>\n<script type=\"application\/ld+json\" class=\"yoast-schema-graph\">{\"@context\":\"https:\/\/schema.org\",\"@graph\":[{\"@type\":\"WebPage\",\"@id\":\"https:\/\/monti.lt\/product\/medinis-muzikos-instrumentu-rinkinys\/\",\"url\":\"https:\/\/monti.lt\/product\/medinis-muzikos-instrumentu-rinkinys\/\",\"name\":\"Medinis muzikos instrument\u0173 rinkinys - Montessori \u017eaislai\",\"isPartOf\":{\"@id\":\"https:\/\/monti.lt\/#website\"},\"primaryImageOfPage\":{\"@id\":\"https:\/\/monti.lt\/product\/medinis-muzikos-instrumentu-rinkinys\/#primaryimage\"},\"image\":{\"@id\":\"https:\/\/monti.lt\/product\/medinis-muzikos-instrumentu-rinkinys\/#primaryimage\"},\"thumbnailUrl\":\"https:\/\/monti.lt\/wp-content\/uploads\/2025\/10\/001-5.jpg\",\"datePublished\":\"2025-10-14T07:13:14+00:00\",\"dateModified\":\"2025-12-10T19:02:23+00:00\",\"breadcrumb\":{\"@id\":\"https:\/\/monti.lt\/product\/medinis-muzikos-instrumentu-rinkinys\/#breadcrumb\"},\"inLanguage\":\"en-US\",\"potentialAction\":[{\"@type\":\"ReadAction\",\"target\":[\"https:\/\/monti.lt\/product\/medinis-muzikos-instrumentu-rinkinys\/\"]}]},{\"@type\":\"ImageObject\",\"inLanguage\":\"en-US\",\"@id\":\"https:\/\/monti.lt\/product\/medinis-muzikos-instrumentu-rinkinys\/#primaryimage\",\"url\":\"https:\/\/monti.lt\/wp-content\/uploads\/2025\/10\/001-5.jpg\",\"contentUrl\":\"https:\/\/monti.lt\/wp-content\/uploads\/2025\/10\/001-5.jpg\",\"width\":2500,\"height\":2500,\"caption\":\"muzikos instrumentu rinkinys\"},{\"@type\":\"BreadcrumbList\",\"@id\":\"https:\/\/monti.lt\/product\/medinis-muzikos-instrumentu-rinkinys\/#breadcrumb\",\"itemListElement\":[{\"@type\":\"ListItem\",\"position\":1,\"name\":\"Home\",\"item\":\"https:\/\/monti.lt\/\"},{\"@type\":\"ListItem\",\"position\":2,\"name\":\"Parduotuv\u0117\",\"item\":\"https:\/\/monti.lt\/shop\/\"},{\"@type\":\"ListItem\",\"position\":3,\"name\":\"Medinis muzikos instrument\u0173 rinkinys\"}]},{\"@type\":\"WebSite\",\"@id\":\"https:\/\/monti.lt\/#website\",\"url\":\"https:\/\/monti.lt\/\",\"name\":\"Montessori \u017eaislai\",\"description\":\"\",\"publisher\":{\"@id\":\"https:\/\/monti.lt\/#organization\"},\"potentialAction\":[{\"@type\":\"SearchAction\",\"target\":{\"@type\":\"EntryPoint\",\"urlTemplate\":\"https:\/\/monti.lt\/?s={search_term_string}\"},\"query-input\":\"required name=search_term_string\"}],\"inLanguage\":\"en-US\"},{\"@type\":\"Organization\",\"@id\":\"https:\/\/monti.lt\/#organization\",\"name\":\"Montessori \u017eaislai\",\"url\":\"https:\/\/monti.lt\/\",\"logo\":{\"@type\":\"ImageObject\",\"inLanguage\":\"en-US\",\"@id\":\"https:\/\/monti.lt\/#\/schema\/logo\/image\/\",\"url\":\"https:\/\/monti.lt\/wp-content\/uploads\/2022\/03\/montilogo-1.png\",\"contentUrl\":\"https:\/\/monti.lt\/wp-content\/uploads\/2022\/03\/montilogo-1.png\",\"width\":512,\"height\":512,\"caption\":\"Montessori \u017eaislai\"},\"image\":{\"@id\":\"https:\/\/monti.lt\/#\/schema\/logo\/image\/\"}}]}<\/script>\n<!-- \/ Yoast SEO plugin. -->","yoast_head_json":{"title":"Medinis muzikos instrument\u0173 rinkinys - Montessori \u017eaislai","robots":{"index":"index","follow":"follow","max-snippet":"max-snippet:-1","max-image-preview":"max-image-preview:large","max-video-preview":"max-video-preview:-1"},"canonical":"https:\/\/monti.lt\/en\/product\/medinis-muzikos-instrumentu-rinkinys\/","og_locale":"en_US","og_type":"article","og_title":"Medinis muzikos instrument\u0173 rinkinys - Montessori \u017eaislai","og_description":"Medini\u0173 muzikos instrument\u0173 rinkinys vaikams \u2013 idealus pasirinkimas ma\u017eiesiems garso tyrin\u0117tojams. Rinkinyje yra ksilofonas, tamburinas, trikampis ir kiti perkusiniai priedai, kurie lavina klaus\u0105, ritm\u0105 ir koordinacij\u0105.Esteti\u0161kas dizainas skatina vaikus \u017eaisti kartu ir kurti muzik\u0105.Matmenys:tamburino skersmuo 15 cm, storis 4,5 cmtrikampio kra\u0161tas 10 cm2 bar\u0161kut\u0117s 12 cm ilgioksilofonas 23 cm ilgio, 12 cm plo\u010dio Pakuot\u0117s matmenys:25 [&hellip;]","og_url":"https:\/\/monti.lt\/en\/product\/medinis-muzikos-instrumentu-rinkinys\/","og_site_name":"Montessori \u017eaislai","article_modified_time":"2025-12-10T19:02:23+00:00","og_image":[{"width":2500,"height":2500,"url":"https:\/\/monti.lt\/wp-content\/uploads\/2025\/10\/001-5.jpg","type":"image\/jpeg"}],"twitter_card":"summary_large_image","twitter_misc":{"Est. reading time":"1 minute"},"schema":{"@context":"https:\/\/schema.org","@graph":[{"@type":"WebPage","@id":"https:\/\/monti.lt\/product\/medinis-muzikos-instrumentu-rinkinys\/","url":"https:\/\/monti.lt\/product\/medinis-muzikos-instrumentu-rinkinys\/","name":"Medinis muzikos instrument\u0173 rinkinys - Montessori \u017eaislai","isPartOf":{"@id":"https:\/\/monti.lt\/#website"},"primaryImageOfPage":{"@id":"https:\/\/monti.lt\/product\/medinis-muzikos-instrumentu-rinkinys\/#primaryimage"},"image":{"@id":"https:\/\/monti.lt\/product\/medinis-muzikos-instrumentu-rinkinys\/#primaryimage"},"thumbnailUrl":"https:\/\/monti.lt\/wp-content\/uploads\/2025\/10\/001-5.jpg","datePublished":"2025-10-14T07:13:14+00:00","dateModified":"2025-12-10T19:02:23+00:00","breadcrumb":{"@id":"https:\/\/monti.lt\/product\/medinis-muzikos-instrumentu-rinkinys\/#breadcrumb"},"inLanguage":"en-US","potentialAction":[{"@type":"ReadAction","target":["https:\/\/monti.lt\/product\/medinis-muzikos-instrumentu-rinkinys\/"]}]},{"@type":"ImageObject","inLanguage":"en-US","@id":"https:\/\/monti.lt\/product\/medinis-muzikos-instrumentu-rinkinys\/#primaryimage","url":"https:\/\/monti.lt\/wp-content\/uploads\/2025\/10\/001-5.jpg","contentUrl":"https:\/\/monti.lt\/wp-content\/uploads\/2025\/10\/001-5.jpg","width":2500,"height":2500,"caption":"muzikos instrumentu rinkinys"},{"@type":"BreadcrumbList","@id":"https:\/\/monti.lt\/product\/medinis-muzikos-instrumentu-rinkinys\/#breadcrumb","itemListElement":[{"@type":"ListItem","position":1,"name":"Home","item":"https:\/\/monti.lt\/"},{"@type":"ListItem","position":2,"name":"Parduotuv\u0117","item":"https:\/\/monti.lt\/shop\/"},{"@type":"ListItem","position":3,"name":"Medinis muzikos instrument\u0173 rinkinys"}]},{"@type":"WebSite","@id":"https:\/\/monti.lt\/#website","url":"https:\/\/monti.lt\/","name":"Montessori \u017eaislai","description":"","publisher":{"@id":"https:\/\/monti.lt\/#organization"},"potentialAction":[{"@type":"SearchAction","target":{"@type":"EntryPoint","urlTemplate":"https:\/\/monti.lt\/?s={search_term_string}"},"query-input":"required name=search_term_string"}],"inLanguage":"en-US"},{"@type":"Organization","@id":"https:\/\/monti.lt\/#organization","name":"Montessori \u017eaislai","url":"https:\/\/monti.lt\/","logo":{"@type":"ImageObject","inLanguage":"en-US","@id":"https:\/\/monti.lt\/#\/schema\/logo\/image\/","url":"https:\/\/monti.lt\/wp-content\/uploads\/2022\/03\/montilogo-1.png","contentUrl":"https:\/\/monti.lt\/wp-content\/uploads\/2022\/03\/montilogo-1.png","width":512,"height":512,"caption":"Montessori \u017eaislai"},"image":{"@id":"https:\/\/monti.lt\/#\/schema\/logo\/image\/"}}]}},"_links":{"self":[{"href":"https:\/\/monti.lt\/en\/wp-json\/wp\/v2\/product\/34121"}],"collection":[{"href":"https:\/\/monti.lt\/en\/wp-json\/wp\/v2\/product"}],"about":[{"href":"https:\/\/monti.lt\/en\/wp-json\/wp\/v2\/types\/product"}],"version-history":[{"count":1,"href":"https:\/\/monti.lt\/en\/wp-json\/wp\/v2\/product\/34121\/revisions"}],"predecessor-version":[{"id":34124,"href":"https:\/\/monti.lt\/en\/wp-json\/wp\/v2\/product\/34121\/revisions\/34124"}],"wp:featuredmedia":[{"embeddable":true,"href":"https:\/\/monti.lt\/en\/wp-json\/wp\/v2\/media\/34310"}],"wp:attachment":[{"href":"https:\/\/monti.lt\/en\/wp-json\/wp\/v2\/media?parent=34121"}],"wp:term":[{"taxonomy":"product_cat","embeddable":true,"href":"https:\/\/monti.lt\/en\/wp-json\/wp\/v2\/product_cat?post=34121"},{"taxonomy":"product_tag","embeddable":true,"href":"https:\/\/monti.lt\/en\/wp-json\/wp\/v2\/product_tag?post=34121"}],"curies":[{"name":"wp","href":"https:\/\/api.w.org\/{rel}","templated":true}]}}