{"id":34136,"date":"2025-10-14T11:06:21","date_gmt":"2025-10-14T11:06:21","guid":{"rendered":"https:\/\/monti.lt\/?post_type=product&#038;p=34136"},"modified":"2026-02-13T16:00:22","modified_gmt":"2026-02-13T16:00:22","slug":"medine-raketa","status":"publish","type":"product","link":"https:\/\/monti.lt\/en\/product\/medine-raketa\/","title":{"rendered":"Medin\u0117 raketa"},"content":{"rendered":"<p>Medin\u0117 raketa yra kosmoso tematikos sensorinis \u017eaislas, kuris ugdo vaik\u0173 rank\u0173 \u012fg\u016bd\u017eius ir login\u012f m\u0105stym\u0105. \u012erengta krumpliais, skai\u010diuokle, variklio kilpa ir kitomis judan\u010diomis dalimis, ji suteikia interaktyv\u0173 ir edukacin\u012f malonum\u0105. Jos stabili konstrukcija ir spalvingas apdaila daro j\u0105 patraukliu bet kurio vaiko kambario papuo\u0161alu.<br>Matmenys:<br>auk\u0161tis 50 cm<br>plotis 30 cm<br>apatin\u0117s stov\u0117jimo aik\u0161tel\u0117s skersmuo 10 cm, vidurinio lygio skersmuo 18 cm, vir\u0161utin\u0117s stov\u0117jimo aik\u0161tel\u0117s skersmuo 21,5 cm<\/p>\n\n\n\n<p>Komplekte yra:<\/p>\n\n\n\n<ul class=\"wp-block-list\">\n<li>3 transporto priemon\u0117s<\/li>\n\n\n\n<li>ateivio fig\u016br\u0117l\u0117<\/li>\n\n\n\n<li>raketa<\/li>\n\n\n\n<li>palydovas<\/li>\n\n\n\n<li>dekoratyviniai elementai<\/li>\n<\/ul>\n\n\n\n<p>Pakuot\u0117s matmenys:<br>49 x 24,5 x 8,5 cm<\/p>","protected":false},"excerpt":{"rendered":"<p>Medin\u0117 raketa yra kosmoso tematikos sensorinis \u017eaislas, kuris ugdo vaik\u0173 rank\u0173 \u012fg\u016bd\u017eius ir login\u012f m\u0105stym\u0105. \u012erengta krumpliais, skai\u010diuokle, variklio kilpa ir kitomis judan\u010diomis dalimis, ji suteikia interaktyv\u0173 ir edukacin\u012f malonum\u0105. Jos stabili konstrukcija ir spalvingas apdaila daro j\u0105 patraukliu bet kurio vaiko kambario papuo\u0161alu.Matmenys:auk\u0161tis 50 cmplotis 30 cmapatin\u0117s stov\u0117jimo aik\u0161tel\u0117s skersmuo 10 cm, vidurinio lygio [&hellip;]<\/p>","protected":false},"featured_media":34137,"template":"","meta":{"_acf_changed":false,"iawp_total_views":131},"product_cat":[195,216,197,191,84,102,93,49,39],"product_tag":[97,98],"class_list":{"0":"post-34136","1":"product","2":"type-product","3":"status-publish","4":"has-post-thumbnail","6":"product_cat-dovanos-vaikams-3-4-metu","7":"product_cat-dovanos-4-5-metu-vaikams","8":"product_cat-dovanos-berniukams","9":"product_cat-dovanos-vaikams","10":"product_cat-lavinamieji-zaislai","11":"product_cat-mediniai-zaislai","12":"product_cat-vaidmenu-zaidimai","13":"product_cat-visi-zaislai","14":"product_cat-zaislai","15":"product_tag-3-m-4-m","16":"product_tag-5-m-7-m","18":"first","19":"outofstock","20":"sale","21":"taxable","22":"shipping-taxable","23":"purchasable","24":"product-type-simple"},"acf":[],"yoast_head":"<!-- This site is optimized with the Yoast SEO plugin v23.3 - https:\/\/yoast.com\/wordpress\/plugins\/seo\/ -->\n<title>Medin\u0117 raketa - Montessori \u017eaislai<\/title>\n<meta name=\"robots\" content=\"index, follow, max-snippet:-1, max-image-preview:large, max-video-preview:-1\" \/>\n<link rel=\"canonical\" href=\"https:\/\/monti.lt\/en\/product\/medine-raketa\/\" \/>\n<meta property=\"og:locale\" content=\"en_US\" \/>\n<meta property=\"og:type\" content=\"article\" \/>\n<meta property=\"og:title\" content=\"Medin\u0117 raketa - Montessori \u017eaislai\" \/>\n<meta property=\"og:description\" content=\"Medin\u0117 raketa yra kosmoso tematikos sensorinis \u017eaislas, kuris ugdo vaik\u0173 rank\u0173 \u012fg\u016bd\u017eius ir login\u012f m\u0105stym\u0105. \u012erengta krumpliais, skai\u010diuokle, variklio kilpa ir kitomis judan\u010diomis dalimis, ji suteikia interaktyv\u0173 ir edukacin\u012f malonum\u0105. Jos stabili konstrukcija ir spalvingas apdaila daro j\u0105 patraukliu bet kurio vaiko kambario papuo\u0161alu.Matmenys:auk\u0161tis 50 cmplotis 30 cmapatin\u0117s stov\u0117jimo aik\u0161tel\u0117s skersmuo 10 cm, vidurinio lygio [&hellip;]\" \/>\n<meta property=\"og:url\" content=\"https:\/\/monti.lt\/en\/product\/medine-raketa\/\" \/>\n<meta property=\"og:site_name\" content=\"Montessori \u017eaislai\" \/>\n<meta property=\"article:modified_time\" content=\"2026-02-13T16:00:22+00:00\" \/>\n<meta property=\"og:image\" content=\"https:\/\/monti.lt\/wp-content\/uploads\/2025\/10\/19E5A31C94EDF000A53B27A3EA180D87.jpg\" \/>\n\t<meta property=\"og:image:width\" content=\"2500\" \/>\n\t<meta property=\"og:image:height\" content=\"2500\" \/>\n\t<meta property=\"og:image:type\" content=\"image\/jpeg\" \/>\n<meta name=\"twitter:card\" content=\"summary_large_image\" \/>\n<meta name=\"twitter:label1\" content=\"Est. reading time\" \/>\n\t<meta name=\"twitter:data1\" content=\"1 minute\" \/>\n<script type=\"application\/ld+json\" class=\"yoast-schema-graph\">{\"@context\":\"https:\/\/schema.org\",\"@graph\":[{\"@type\":\"WebPage\",\"@id\":\"https:\/\/monti.lt\/product\/medine-raketa\/\",\"url\":\"https:\/\/monti.lt\/product\/medine-raketa\/\",\"name\":\"Medin\u0117 raketa - Montessori \u017eaislai\",\"isPartOf\":{\"@id\":\"https:\/\/monti.lt\/#website\"},\"primaryImageOfPage\":{\"@id\":\"https:\/\/monti.lt\/product\/medine-raketa\/#primaryimage\"},\"image\":{\"@id\":\"https:\/\/monti.lt\/product\/medine-raketa\/#primaryimage\"},\"thumbnailUrl\":\"https:\/\/monti.lt\/wp-content\/uploads\/2025\/10\/19E5A31C94EDF000A53B27A3EA180D87.jpg\",\"datePublished\":\"2025-10-14T11:06:21+00:00\",\"dateModified\":\"2026-02-13T16:00:22+00:00\",\"breadcrumb\":{\"@id\":\"https:\/\/monti.lt\/product\/medine-raketa\/#breadcrumb\"},\"inLanguage\":\"en-US\",\"potentialAction\":[{\"@type\":\"ReadAction\",\"target\":[\"https:\/\/monti.lt\/product\/medine-raketa\/\"]}]},{\"@type\":\"ImageObject\",\"inLanguage\":\"en-US\",\"@id\":\"https:\/\/monti.lt\/product\/medine-raketa\/#primaryimage\",\"url\":\"https:\/\/monti.lt\/wp-content\/uploads\/2025\/10\/19E5A31C94EDF000A53B27A3EA180D87.jpg\",\"contentUrl\":\"https:\/\/monti.lt\/wp-content\/uploads\/2025\/10\/19E5A31C94EDF000A53B27A3EA180D87.jpg\",\"width\":2500,\"height\":2500,\"caption\":\"medine raketa\"},{\"@type\":\"BreadcrumbList\",\"@id\":\"https:\/\/monti.lt\/product\/medine-raketa\/#breadcrumb\",\"itemListElement\":[{\"@type\":\"ListItem\",\"position\":1,\"name\":\"Home\",\"item\":\"https:\/\/monti.lt\/\"},{\"@type\":\"ListItem\",\"position\":2,\"name\":\"Parduotuv\u0117\",\"item\":\"https:\/\/monti.lt\/shop\/\"},{\"@type\":\"ListItem\",\"position\":3,\"name\":\"Medin\u0117 raketa\"}]},{\"@type\":\"WebSite\",\"@id\":\"https:\/\/monti.lt\/#website\",\"url\":\"https:\/\/monti.lt\/\",\"name\":\"Montessori \u017eaislai\",\"description\":\"\",\"publisher\":{\"@id\":\"https:\/\/monti.lt\/#organization\"},\"potentialAction\":[{\"@type\":\"SearchAction\",\"target\":{\"@type\":\"EntryPoint\",\"urlTemplate\":\"https:\/\/monti.lt\/?s={search_term_string}\"},\"query-input\":\"required name=search_term_string\"}],\"inLanguage\":\"en-US\"},{\"@type\":\"Organization\",\"@id\":\"https:\/\/monti.lt\/#organization\",\"name\":\"Montessori \u017eaislai\",\"url\":\"https:\/\/monti.lt\/\",\"logo\":{\"@type\":\"ImageObject\",\"inLanguage\":\"en-US\",\"@id\":\"https:\/\/monti.lt\/#\/schema\/logo\/image\/\",\"url\":\"https:\/\/monti.lt\/wp-content\/uploads\/2022\/03\/montilogo-1.png\",\"contentUrl\":\"https:\/\/monti.lt\/wp-content\/uploads\/2022\/03\/montilogo-1.png\",\"width\":512,\"height\":512,\"caption\":\"Montessori \u017eaislai\"},\"image\":{\"@id\":\"https:\/\/monti.lt\/#\/schema\/logo\/image\/\"}}]}<\/script>\n<!-- \/ Yoast SEO plugin. -->","yoast_head_json":{"title":"Medin\u0117 raketa - Montessori \u017eaislai","robots":{"index":"index","follow":"follow","max-snippet":"max-snippet:-1","max-image-preview":"max-image-preview:large","max-video-preview":"max-video-preview:-1"},"canonical":"https:\/\/monti.lt\/en\/product\/medine-raketa\/","og_locale":"en_US","og_type":"article","og_title":"Medin\u0117 raketa - Montessori \u017eaislai","og_description":"Medin\u0117 raketa yra kosmoso tematikos sensorinis \u017eaislas, kuris ugdo vaik\u0173 rank\u0173 \u012fg\u016bd\u017eius ir login\u012f m\u0105stym\u0105. \u012erengta krumpliais, skai\u010diuokle, variklio kilpa ir kitomis judan\u010diomis dalimis, ji suteikia interaktyv\u0173 ir edukacin\u012f malonum\u0105. Jos stabili konstrukcija ir spalvingas apdaila daro j\u0105 patraukliu bet kurio vaiko kambario papuo\u0161alu.Matmenys:auk\u0161tis 50 cmplotis 30 cmapatin\u0117s stov\u0117jimo aik\u0161tel\u0117s skersmuo 10 cm, vidurinio lygio [&hellip;]","og_url":"https:\/\/monti.lt\/en\/product\/medine-raketa\/","og_site_name":"Montessori \u017eaislai","article_modified_time":"2026-02-13T16:00:22+00:00","og_image":[{"width":2500,"height":2500,"url":"https:\/\/monti.lt\/wp-content\/uploads\/2025\/10\/19E5A31C94EDF000A53B27A3EA180D87.jpg","type":"image\/jpeg"}],"twitter_card":"summary_large_image","twitter_misc":{"Est. reading time":"1 minute"},"schema":{"@context":"https:\/\/schema.org","@graph":[{"@type":"WebPage","@id":"https:\/\/monti.lt\/product\/medine-raketa\/","url":"https:\/\/monti.lt\/product\/medine-raketa\/","name":"Medin\u0117 raketa - Montessori \u017eaislai","isPartOf":{"@id":"https:\/\/monti.lt\/#website"},"primaryImageOfPage":{"@id":"https:\/\/monti.lt\/product\/medine-raketa\/#primaryimage"},"image":{"@id":"https:\/\/monti.lt\/product\/medine-raketa\/#primaryimage"},"thumbnailUrl":"https:\/\/monti.lt\/wp-content\/uploads\/2025\/10\/19E5A31C94EDF000A53B27A3EA180D87.jpg","datePublished":"2025-10-14T11:06:21+00:00","dateModified":"2026-02-13T16:00:22+00:00","breadcrumb":{"@id":"https:\/\/monti.lt\/product\/medine-raketa\/#breadcrumb"},"inLanguage":"en-US","potentialAction":[{"@type":"ReadAction","target":["https:\/\/monti.lt\/product\/medine-raketa\/"]}]},{"@type":"ImageObject","inLanguage":"en-US","@id":"https:\/\/monti.lt\/product\/medine-raketa\/#primaryimage","url":"https:\/\/monti.lt\/wp-content\/uploads\/2025\/10\/19E5A31C94EDF000A53B27A3EA180D87.jpg","contentUrl":"https:\/\/monti.lt\/wp-content\/uploads\/2025\/10\/19E5A31C94EDF000A53B27A3EA180D87.jpg","width":2500,"height":2500,"caption":"medine raketa"},{"@type":"BreadcrumbList","@id":"https:\/\/monti.lt\/product\/medine-raketa\/#breadcrumb","itemListElement":[{"@type":"ListItem","position":1,"name":"Home","item":"https:\/\/monti.lt\/"},{"@type":"ListItem","position":2,"name":"Parduotuv\u0117","item":"https:\/\/monti.lt\/shop\/"},{"@type":"ListItem","position":3,"name":"Medin\u0117 raketa"}]},{"@type":"WebSite","@id":"https:\/\/monti.lt\/#website","url":"https:\/\/monti.lt\/","name":"Montessori \u017eaislai","description":"","publisher":{"@id":"https:\/\/monti.lt\/#organization"},"potentialAction":[{"@type":"SearchAction","target":{"@type":"EntryPoint","urlTemplate":"https:\/\/monti.lt\/?s={search_term_string}"},"query-input":"required name=search_term_string"}],"inLanguage":"en-US"},{"@type":"Organization","@id":"https:\/\/monti.lt\/#organization","name":"Montessori \u017eaislai","url":"https:\/\/monti.lt\/","logo":{"@type":"ImageObject","inLanguage":"en-US","@id":"https:\/\/monti.lt\/#\/schema\/logo\/image\/","url":"https:\/\/monti.lt\/wp-content\/uploads\/2022\/03\/montilogo-1.png","contentUrl":"https:\/\/monti.lt\/wp-content\/uploads\/2022\/03\/montilogo-1.png","width":512,"height":512,"caption":"Montessori \u017eaislai"},"image":{"@id":"https:\/\/monti.lt\/#\/schema\/logo\/image\/"}}]}},"_links":{"self":[{"href":"https:\/\/monti.lt\/en\/wp-json\/wp\/v2\/product\/34136"}],"collection":[{"href":"https:\/\/monti.lt\/en\/wp-json\/wp\/v2\/product"}],"about":[{"href":"https:\/\/monti.lt\/en\/wp-json\/wp\/v2\/types\/product"}],"version-history":[{"count":1,"href":"https:\/\/monti.lt\/en\/wp-json\/wp\/v2\/product\/34136\/revisions"}],"predecessor-version":[{"id":34138,"href":"https:\/\/monti.lt\/en\/wp-json\/wp\/v2\/product\/34136\/revisions\/34138"}],"wp:featuredmedia":[{"embeddable":true,"href":"https:\/\/monti.lt\/en\/wp-json\/wp\/v2\/media\/34137"}],"wp:attachment":[{"href":"https:\/\/monti.lt\/en\/wp-json\/wp\/v2\/media?parent=34136"}],"wp:term":[{"taxonomy":"product_cat","embeddable":true,"href":"https:\/\/monti.lt\/en\/wp-json\/wp\/v2\/product_cat?post=34136"},{"taxonomy":"product_tag","embeddable":true,"href":"https:\/\/monti.lt\/en\/wp-json\/wp\/v2\/product_tag?post=34136"}],"curies":[{"name":"wp","href":"https:\/\/api.w.org\/{rel}","templated":true}]}}