{"id":34139,"date":"2025-10-14T11:08:52","date_gmt":"2025-10-14T11:08:52","guid":{"rendered":"https:\/\/monti.lt\/?post_type=product&#038;p=34139"},"modified":"2025-12-07T12:16:30","modified_gmt":"2025-12-07T12:16:30","slug":"medinis-kubas-rusiuoklis","status":"publish","type":"product","link":"https:\/\/monti.lt\/en\/product\/medinis-kubas-rusiuoklis\/","title":{"rendered":"Medinis kubas- r\u016b\u0161iuoklis"},"content":{"rendered":"<p>Medinis edukacinis kubas yra daugiafunkcinis \u017eaislas, kuris ugdo vaik\u0173 rank\u0173 \u012fg\u016bd\u017eius, koordinacij\u0105 ir login\u012f m\u0105stym\u0105. Kiekviena pus\u0117 si\u016blo skirting\u0105 veikl\u0105, \u012fskaitant ksilofon\u0105, variklio kilp\u0105, form\u0173 r\u016b\u0161iuokl\u012f ir krumpliara\u010dius. Esteti\u0161kas dizainas ir pastelin\u0117s spalvos daro \u0161\u012f \u017eaisl\u0105 maloniu tiek vaikams, tiek t\u0117vams.<br>Matmenys: 15x15x28 cm<br>bendras auk\u0161tis 25 cm<br>kubo matmenys 15x15x15 cm<\/p>\n\n\n\n<p>Kubo elementai:<\/p>\n\n\n\n<ul class=\"wp-block-list\">\n<li>nuimamas vir\u0161utinis dangtis su dviem variklio kilpomis ir r\u016b\u0161iuokliu<\/li>\n\n\n\n<li>\u0161onin\u0117se sienel\u0117se:<br>ma\u017eas ksilofonas<br>4 form\u0173 r\u016b\u0161iuoklis<br>rutuli\u0173 r\u016b\u0161iuoklio ratas<br>labirintas<\/li>\n<\/ul>\n\n\n\n<p>Pakuot\u0117s matmenys: 19,5 x 17 x 17 cm<\/p>","protected":false},"excerpt":{"rendered":"<p>Medinis edukacinis kubas yra daugiafunkcinis \u017eaislas, kuris ugdo vaik\u0173 rank\u0173 \u012fg\u016bd\u017eius, koordinacij\u0105 ir login\u012f m\u0105stym\u0105. Kiekviena pus\u0117 si\u016blo skirting\u0105 veikl\u0105, \u012fskaitant ksilofon\u0105, variklio kilp\u0105, form\u0173 r\u016b\u0161iuokl\u012f ir krumpliara\u010dius. Esteti\u0161kas dizainas ir pastelin\u0117s spalvos daro \u0161\u012f \u017eaisl\u0105 maloniu tiek vaikams, tiek t\u0117vams.Matmenys: 15x15x28 cmbendras auk\u0161tis 25 cmkubo matmenys 15x15x15 cm Kubo elementai: Pakuot\u0117s matmenys: 19,5 x [&hellip;]<\/p>","protected":false},"featured_media":34140,"template":"","meta":{"_acf_changed":false,"iawp_total_views":1548},"product_cat":[194,191,84,102,83,85,90,86,50,49,39],"product_tag":[95,96,97],"class_list":{"0":"post-34139","1":"product","2":"type-product","3":"status-publish","4":"has-post-thumbnail","6":"product_cat-dovanos-vaikams-2-3-metu","7":"product_cat-dovanos-vaikams","8":"product_cat-lavinamieji-zaislai","9":"product_cat-mediniai-zaislai","10":"product_cat-montessori-zaislai","11":"product_cat-muzikiniai-zaislai","12":"product_cat-pasaulio-pazinimas","13":"product_cat-smulkioji-motorika","14":"product_cat-top-dovanos","15":"product_cat-visi-zaislai","16":"product_cat-zaislai","17":"product_tag-1-m-2-m","18":"product_tag-2-m-3-m","19":"product_tag-3-m-4-m","21":"first","22":"outofstock","23":"taxable","24":"shipping-taxable","25":"purchasable","26":"product-type-simple"},"acf":[],"yoast_head":"<!-- This site is optimized with the Yoast SEO plugin v23.3 - https:\/\/yoast.com\/wordpress\/plugins\/seo\/ -->\n<title>Medinis kubas- r\u016b\u0161iuoklis - Montessori \u017eaislai<\/title>\n<meta name=\"robots\" content=\"index, follow, max-snippet:-1, max-image-preview:large, max-video-preview:-1\" \/>\n<link rel=\"canonical\" href=\"https:\/\/monti.lt\/en\/product\/medinis-kubas-rusiuoklis\/\" \/>\n<meta property=\"og:locale\" content=\"en_US\" \/>\n<meta property=\"og:type\" content=\"article\" \/>\n<meta property=\"og:title\" content=\"Medinis kubas- r\u016b\u0161iuoklis - Montessori \u017eaislai\" \/>\n<meta property=\"og:description\" content=\"Medinis edukacinis kubas yra daugiafunkcinis \u017eaislas, kuris ugdo vaik\u0173 rank\u0173 \u012fg\u016bd\u017eius, koordinacij\u0105 ir login\u012f m\u0105stym\u0105. Kiekviena pus\u0117 si\u016blo skirting\u0105 veikl\u0105, \u012fskaitant ksilofon\u0105, variklio kilp\u0105, form\u0173 r\u016b\u0161iuokl\u012f ir krumpliara\u010dius. Esteti\u0161kas dizainas ir pastelin\u0117s spalvos daro \u0161\u012f \u017eaisl\u0105 maloniu tiek vaikams, tiek t\u0117vams.Matmenys: 15x15x28 cmbendras auk\u0161tis 25 cmkubo matmenys 15x15x15 cm Kubo elementai: Pakuot\u0117s matmenys: 19,5 x [&hellip;]\" \/>\n<meta property=\"og:url\" content=\"https:\/\/monti.lt\/en\/product\/medinis-kubas-rusiuoklis\/\" \/>\n<meta property=\"og:site_name\" content=\"Montessori \u017eaislai\" \/>\n<meta property=\"article:modified_time\" content=\"2025-12-07T12:16:30+00:00\" \/>\n<meta property=\"og:image\" content=\"https:\/\/monti.lt\/wp-content\/uploads\/2025\/10\/1D5FB0BB15C3841BA5ECD2EA2A2A68F5.jpg\" \/>\n\t<meta property=\"og:image:width\" content=\"2500\" \/>\n\t<meta property=\"og:image:height\" content=\"2500\" \/>\n\t<meta property=\"og:image:type\" content=\"image\/jpeg\" \/>\n<meta name=\"twitter:card\" content=\"summary_large_image\" \/>\n<meta name=\"twitter:label1\" content=\"Est. reading time\" \/>\n\t<meta name=\"twitter:data1\" content=\"1 minute\" \/>\n<script type=\"application\/ld+json\" class=\"yoast-schema-graph\">{\"@context\":\"https:\/\/schema.org\",\"@graph\":[{\"@type\":\"WebPage\",\"@id\":\"https:\/\/monti.lt\/product\/medinis-kubas-rusiuoklis\/\",\"url\":\"https:\/\/monti.lt\/product\/medinis-kubas-rusiuoklis\/\",\"name\":\"Medinis kubas- r\u016b\u0161iuoklis - Montessori \u017eaislai\",\"isPartOf\":{\"@id\":\"https:\/\/monti.lt\/#website\"},\"primaryImageOfPage\":{\"@id\":\"https:\/\/monti.lt\/product\/medinis-kubas-rusiuoklis\/#primaryimage\"},\"image\":{\"@id\":\"https:\/\/monti.lt\/product\/medinis-kubas-rusiuoklis\/#primaryimage\"},\"thumbnailUrl\":\"https:\/\/monti.lt\/wp-content\/uploads\/2025\/10\/1D5FB0BB15C3841BA5ECD2EA2A2A68F5.jpg\",\"datePublished\":\"2025-10-14T11:08:52+00:00\",\"dateModified\":\"2025-12-07T12:16:30+00:00\",\"breadcrumb\":{\"@id\":\"https:\/\/monti.lt\/product\/medinis-kubas-rusiuoklis\/#breadcrumb\"},\"inLanguage\":\"en-US\",\"potentialAction\":[{\"@type\":\"ReadAction\",\"target\":[\"https:\/\/monti.lt\/product\/medinis-kubas-rusiuoklis\/\"]}]},{\"@type\":\"ImageObject\",\"inLanguage\":\"en-US\",\"@id\":\"https:\/\/monti.lt\/product\/medinis-kubas-rusiuoklis\/#primaryimage\",\"url\":\"https:\/\/monti.lt\/wp-content\/uploads\/2025\/10\/1D5FB0BB15C3841BA5ECD2EA2A2A68F5.jpg\",\"contentUrl\":\"https:\/\/monti.lt\/wp-content\/uploads\/2025\/10\/1D5FB0BB15C3841BA5ECD2EA2A2A68F5.jpg\",\"width\":2500,\"height\":2500,\"caption\":\"medinis kubas pastelinis\"},{\"@type\":\"BreadcrumbList\",\"@id\":\"https:\/\/monti.lt\/product\/medinis-kubas-rusiuoklis\/#breadcrumb\",\"itemListElement\":[{\"@type\":\"ListItem\",\"position\":1,\"name\":\"Home\",\"item\":\"https:\/\/monti.lt\/\"},{\"@type\":\"ListItem\",\"position\":2,\"name\":\"Parduotuv\u0117\",\"item\":\"https:\/\/monti.lt\/shop\/\"},{\"@type\":\"ListItem\",\"position\":3,\"name\":\"Medinis kubas- r\u016b\u0161iuoklis\"}]},{\"@type\":\"WebSite\",\"@id\":\"https:\/\/monti.lt\/#website\",\"url\":\"https:\/\/monti.lt\/\",\"name\":\"Montessori \u017eaislai\",\"description\":\"\",\"publisher\":{\"@id\":\"https:\/\/monti.lt\/#organization\"},\"potentialAction\":[{\"@type\":\"SearchAction\",\"target\":{\"@type\":\"EntryPoint\",\"urlTemplate\":\"https:\/\/monti.lt\/?s={search_term_string}\"},\"query-input\":\"required name=search_term_string\"}],\"inLanguage\":\"en-US\"},{\"@type\":\"Organization\",\"@id\":\"https:\/\/monti.lt\/#organization\",\"name\":\"Montessori \u017eaislai\",\"url\":\"https:\/\/monti.lt\/\",\"logo\":{\"@type\":\"ImageObject\",\"inLanguage\":\"en-US\",\"@id\":\"https:\/\/monti.lt\/#\/schema\/logo\/image\/\",\"url\":\"https:\/\/monti.lt\/wp-content\/uploads\/2022\/03\/montilogo-1.png\",\"contentUrl\":\"https:\/\/monti.lt\/wp-content\/uploads\/2022\/03\/montilogo-1.png\",\"width\":512,\"height\":512,\"caption\":\"Montessori \u017eaislai\"},\"image\":{\"@id\":\"https:\/\/monti.lt\/#\/schema\/logo\/image\/\"}}]}<\/script>\n<!-- \/ Yoast SEO plugin. -->","yoast_head_json":{"title":"Medinis kubas- r\u016b\u0161iuoklis - Montessori \u017eaislai","robots":{"index":"index","follow":"follow","max-snippet":"max-snippet:-1","max-image-preview":"max-image-preview:large","max-video-preview":"max-video-preview:-1"},"canonical":"https:\/\/monti.lt\/en\/product\/medinis-kubas-rusiuoklis\/","og_locale":"en_US","og_type":"article","og_title":"Medinis kubas- r\u016b\u0161iuoklis - Montessori \u017eaislai","og_description":"Medinis edukacinis kubas yra daugiafunkcinis \u017eaislas, kuris ugdo vaik\u0173 rank\u0173 \u012fg\u016bd\u017eius, koordinacij\u0105 ir login\u012f m\u0105stym\u0105. Kiekviena pus\u0117 si\u016blo skirting\u0105 veikl\u0105, \u012fskaitant ksilofon\u0105, variklio kilp\u0105, form\u0173 r\u016b\u0161iuokl\u012f ir krumpliara\u010dius. Esteti\u0161kas dizainas ir pastelin\u0117s spalvos daro \u0161\u012f \u017eaisl\u0105 maloniu tiek vaikams, tiek t\u0117vams.Matmenys: 15x15x28 cmbendras auk\u0161tis 25 cmkubo matmenys 15x15x15 cm Kubo elementai: Pakuot\u0117s matmenys: 19,5 x [&hellip;]","og_url":"https:\/\/monti.lt\/en\/product\/medinis-kubas-rusiuoklis\/","og_site_name":"Montessori \u017eaislai","article_modified_time":"2025-12-07T12:16:30+00:00","og_image":[{"width":2500,"height":2500,"url":"https:\/\/monti.lt\/wp-content\/uploads\/2025\/10\/1D5FB0BB15C3841BA5ECD2EA2A2A68F5.jpg","type":"image\/jpeg"}],"twitter_card":"summary_large_image","twitter_misc":{"Est. reading time":"1 minute"},"schema":{"@context":"https:\/\/schema.org","@graph":[{"@type":"WebPage","@id":"https:\/\/monti.lt\/product\/medinis-kubas-rusiuoklis\/","url":"https:\/\/monti.lt\/product\/medinis-kubas-rusiuoklis\/","name":"Medinis kubas- r\u016b\u0161iuoklis - Montessori \u017eaislai","isPartOf":{"@id":"https:\/\/monti.lt\/#website"},"primaryImageOfPage":{"@id":"https:\/\/monti.lt\/product\/medinis-kubas-rusiuoklis\/#primaryimage"},"image":{"@id":"https:\/\/monti.lt\/product\/medinis-kubas-rusiuoklis\/#primaryimage"},"thumbnailUrl":"https:\/\/monti.lt\/wp-content\/uploads\/2025\/10\/1D5FB0BB15C3841BA5ECD2EA2A2A68F5.jpg","datePublished":"2025-10-14T11:08:52+00:00","dateModified":"2025-12-07T12:16:30+00:00","breadcrumb":{"@id":"https:\/\/monti.lt\/product\/medinis-kubas-rusiuoklis\/#breadcrumb"},"inLanguage":"en-US","potentialAction":[{"@type":"ReadAction","target":["https:\/\/monti.lt\/product\/medinis-kubas-rusiuoklis\/"]}]},{"@type":"ImageObject","inLanguage":"en-US","@id":"https:\/\/monti.lt\/product\/medinis-kubas-rusiuoklis\/#primaryimage","url":"https:\/\/monti.lt\/wp-content\/uploads\/2025\/10\/1D5FB0BB15C3841BA5ECD2EA2A2A68F5.jpg","contentUrl":"https:\/\/monti.lt\/wp-content\/uploads\/2025\/10\/1D5FB0BB15C3841BA5ECD2EA2A2A68F5.jpg","width":2500,"height":2500,"caption":"medinis kubas pastelinis"},{"@type":"BreadcrumbList","@id":"https:\/\/monti.lt\/product\/medinis-kubas-rusiuoklis\/#breadcrumb","itemListElement":[{"@type":"ListItem","position":1,"name":"Home","item":"https:\/\/monti.lt\/"},{"@type":"ListItem","position":2,"name":"Parduotuv\u0117","item":"https:\/\/monti.lt\/shop\/"},{"@type":"ListItem","position":3,"name":"Medinis kubas- r\u016b\u0161iuoklis"}]},{"@type":"WebSite","@id":"https:\/\/monti.lt\/#website","url":"https:\/\/monti.lt\/","name":"Montessori \u017eaislai","description":"","publisher":{"@id":"https:\/\/monti.lt\/#organization"},"potentialAction":[{"@type":"SearchAction","target":{"@type":"EntryPoint","urlTemplate":"https:\/\/monti.lt\/?s={search_term_string}"},"query-input":"required name=search_term_string"}],"inLanguage":"en-US"},{"@type":"Organization","@id":"https:\/\/monti.lt\/#organization","name":"Montessori \u017eaislai","url":"https:\/\/monti.lt\/","logo":{"@type":"ImageObject","inLanguage":"en-US","@id":"https:\/\/monti.lt\/#\/schema\/logo\/image\/","url":"https:\/\/monti.lt\/wp-content\/uploads\/2022\/03\/montilogo-1.png","contentUrl":"https:\/\/monti.lt\/wp-content\/uploads\/2022\/03\/montilogo-1.png","width":512,"height":512,"caption":"Montessori \u017eaislai"},"image":{"@id":"https:\/\/monti.lt\/#\/schema\/logo\/image\/"}}]}},"_links":{"self":[{"href":"https:\/\/monti.lt\/en\/wp-json\/wp\/v2\/product\/34139"}],"collection":[{"href":"https:\/\/monti.lt\/en\/wp-json\/wp\/v2\/product"}],"about":[{"href":"https:\/\/monti.lt\/en\/wp-json\/wp\/v2\/types\/product"}],"version-history":[{"count":1,"href":"https:\/\/monti.lt\/en\/wp-json\/wp\/v2\/product\/34139\/revisions"}],"predecessor-version":[{"id":34141,"href":"https:\/\/monti.lt\/en\/wp-json\/wp\/v2\/product\/34139\/revisions\/34141"}],"wp:featuredmedia":[{"embeddable":true,"href":"https:\/\/monti.lt\/en\/wp-json\/wp\/v2\/media\/34140"}],"wp:attachment":[{"href":"https:\/\/monti.lt\/en\/wp-json\/wp\/v2\/media?parent=34139"}],"wp:term":[{"taxonomy":"product_cat","embeddable":true,"href":"https:\/\/monti.lt\/en\/wp-json\/wp\/v2\/product_cat?post=34139"},{"taxonomy":"product_tag","embeddable":true,"href":"https:\/\/monti.lt\/en\/wp-json\/wp\/v2\/product_tag?post=34139"}],"curies":[{"name":"wp","href":"https:\/\/api.w.org\/{rel}","templated":true}]}}