{"id":34142,"date":"2025-10-14T11:11:46","date_gmt":"2025-10-14T11:11:46","guid":{"rendered":"https:\/\/monti.lt\/?post_type=product&#038;p=34142"},"modified":"2025-11-25T09:55:18","modified_gmt":"2025-11-25T09:55:18","slug":"medinis-sensorinis-veiklos-stalas-2","status":"publish","type":"product","link":"https:\/\/monti.lt\/en\/product\/medinis-sensorinis-veiklos-stalas-2\/","title":{"rendered":"Medinis sensorinis veiklos stalas"},"content":{"rendered":"<p>Medinis manipuliacinis stalas su b\u0117giais ir variklio kilpa yra puikus \u017eaislas ma\u017eiems vaikams, padedantis ugdyti vikrum\u0105 ir rank\u0173 bei aki\u0173 koordinacij\u0105. Stalo vir\u0161uje yra b\u0117giai su mielais automobiliukais ir slankiojan\u010diais elementais, skatinan\u010diais aktyv\u0173 \u017eaidim\u0105. Stabili konstrukcija ir pastelin\u0117s spalvos daro j\u012f patraukliu bet kurio vaiko kambario papuo\u0161alu.<br>Matmenys:<br>bendras auk\u0161tis 54 cm, auk\u0161tis iki stalo vir\u0161aus 31 cm<br>stalo vir\u0161aus skersmuo 40 cm<br>stalo vir\u0161aus storis 1,5 cm<\/p>\n\n\n\n<p>Stalo vir\u0161aus elementai:<br>2 motorin\u0117s kilpos<br>3 krumpliai<br>gyv\u016bn\u0173 fig\u016br\u0117l\u0117s (dramblys, \u017eirafa, li\u016btas) su magnetiniais tvirtinimais (traukinys)<br>2 traukinio b\u0117giai<br>veidrodis<br>me\u0161kere ir 3 fig\u016br\u0117l\u0117s: j\u016br\u0173 \u017evaig\u017ed\u0117, krabas, \u017euvis (su magnetu) gaudyti<\/p>\n\n\n\n<p>Pakuot\u0117s matmenys: 45,5&#215;44,5&#215;16 cm<\/p>","protected":false},"excerpt":{"rendered":"<p>Medinis manipuliacinis stalas su b\u0117giais ir variklio kilpa yra puikus \u017eaislas ma\u017eiems vaikams, padedantis ugdyti vikrum\u0105 ir rank\u0173 bei aki\u0173 koordinacij\u0105. Stalo vir\u0161uje yra b\u0117giai su mielais automobiliukais ir slankiojan\u010diais elementais, skatinan\u010diais aktyv\u0173 \u017eaidim\u0105. Stabili konstrukcija ir pastelin\u0117s spalvos daro j\u012f patraukliu bet kurio vaiko kambario papuo\u0161alu.Matmenys:bendras auk\u0161tis 54 cm, auk\u0161tis iki stalo vir\u0161aus 31 [&hellip;]<\/p>","protected":false},"featured_media":34143,"template":"","meta":{"_acf_changed":false,"iawp_total_views":33},"product_cat":[193,194,195,191,192,84,91,102,90,86,49,39],"product_tag":[95,96],"class_list":{"0":"post-34142","1":"product","2":"type-product","3":"status-publish","4":"has-post-thumbnail","6":"product_cat-dovanos-vaikams-1-2-metu","7":"product_cat-dovanos-vaikams-2-3-metu","8":"product_cat-dovanos-vaikams-3-4-metu","9":"product_cat-dovanos-vaikams","10":"product_cat-kaledines-dovanos-vaikams","11":"product_cat-lavinamieji-zaislai","12":"product_cat-loginiam-mastymui","13":"product_cat-mediniai-zaislai","14":"product_cat-pasaulio-pazinimas","15":"product_cat-smulkioji-motorika","16":"product_cat-visi-zaislai","17":"product_cat-zaislai","18":"product_tag-1-m-2-m","19":"product_tag-2-m-3-m","21":"first","22":"outofstock","23":"sale","24":"taxable","25":"shipping-taxable","26":"purchasable","27":"product-type-simple"},"acf":[],"yoast_head":"<!-- This site is optimized with the Yoast SEO plugin v23.3 - https:\/\/yoast.com\/wordpress\/plugins\/seo\/ -->\n<title>Medinis sensorinis veiklos stalas - Montessori \u017eaislai<\/title>\n<meta name=\"robots\" content=\"index, follow, max-snippet:-1, max-image-preview:large, max-video-preview:-1\" \/>\n<link rel=\"canonical\" href=\"https:\/\/monti.lt\/en\/product\/medinis-sensorinis-veiklos-stalas-2\/\" \/>\n<meta property=\"og:locale\" content=\"en_US\" \/>\n<meta property=\"og:type\" content=\"article\" \/>\n<meta property=\"og:title\" content=\"Medinis sensorinis veiklos stalas - Montessori \u017eaislai\" \/>\n<meta property=\"og:description\" content=\"Medinis manipuliacinis stalas su b\u0117giais ir variklio kilpa yra puikus \u017eaislas ma\u017eiems vaikams, padedantis ugdyti vikrum\u0105 ir rank\u0173 bei aki\u0173 koordinacij\u0105. Stalo vir\u0161uje yra b\u0117giai su mielais automobiliukais ir slankiojan\u010diais elementais, skatinan\u010diais aktyv\u0173 \u017eaidim\u0105. Stabili konstrukcija ir pastelin\u0117s spalvos daro j\u012f patraukliu bet kurio vaiko kambario papuo\u0161alu.Matmenys:bendras auk\u0161tis 54 cm, auk\u0161tis iki stalo vir\u0161aus 31 [&hellip;]\" \/>\n<meta property=\"og:url\" content=\"https:\/\/monti.lt\/en\/product\/medinis-sensorinis-veiklos-stalas-2\/\" \/>\n<meta property=\"og:site_name\" content=\"Montessori \u017eaislai\" \/>\n<meta property=\"article:modified_time\" content=\"2025-11-25T09:55:18+00:00\" \/>\n<meta property=\"og:image\" content=\"https:\/\/monti.lt\/wp-content\/uploads\/2025\/10\/B5099CE945225B0471DBDCBD18C3FC7A.jpg\" \/>\n\t<meta property=\"og:image:width\" content=\"2500\" \/>\n\t<meta property=\"og:image:height\" content=\"2500\" \/>\n\t<meta property=\"og:image:type\" content=\"image\/jpeg\" \/>\n<meta name=\"twitter:card\" content=\"summary_large_image\" \/>\n<meta name=\"twitter:label1\" content=\"Est. reading time\" \/>\n\t<meta name=\"twitter:data1\" content=\"1 minute\" \/>\n<script type=\"application\/ld+json\" class=\"yoast-schema-graph\">{\"@context\":\"https:\/\/schema.org\",\"@graph\":[{\"@type\":\"WebPage\",\"@id\":\"https:\/\/monti.lt\/product\/medinis-sensorinis-veiklos-stalas-2\/\",\"url\":\"https:\/\/monti.lt\/product\/medinis-sensorinis-veiklos-stalas-2\/\",\"name\":\"Medinis sensorinis veiklos stalas - Montessori \u017eaislai\",\"isPartOf\":{\"@id\":\"https:\/\/monti.lt\/#website\"},\"primaryImageOfPage\":{\"@id\":\"https:\/\/monti.lt\/product\/medinis-sensorinis-veiklos-stalas-2\/#primaryimage\"},\"image\":{\"@id\":\"https:\/\/monti.lt\/product\/medinis-sensorinis-veiklos-stalas-2\/#primaryimage\"},\"thumbnailUrl\":\"https:\/\/monti.lt\/wp-content\/uploads\/2025\/10\/B5099CE945225B0471DBDCBD18C3FC7A.jpg\",\"datePublished\":\"2025-10-14T11:11:46+00:00\",\"dateModified\":\"2025-11-25T09:55:18+00:00\",\"breadcrumb\":{\"@id\":\"https:\/\/monti.lt\/product\/medinis-sensorinis-veiklos-stalas-2\/#breadcrumb\"},\"inLanguage\":\"en-US\",\"potentialAction\":[{\"@type\":\"ReadAction\",\"target\":[\"https:\/\/monti.lt\/product\/medinis-sensorinis-veiklos-stalas-2\/\"]}]},{\"@type\":\"ImageObject\",\"inLanguage\":\"en-US\",\"@id\":\"https:\/\/monti.lt\/product\/medinis-sensorinis-veiklos-stalas-2\/#primaryimage\",\"url\":\"https:\/\/monti.lt\/wp-content\/uploads\/2025\/10\/B5099CE945225B0471DBDCBD18C3FC7A.jpg\",\"contentUrl\":\"https:\/\/monti.lt\/wp-content\/uploads\/2025\/10\/B5099CE945225B0471DBDCBD18C3FC7A.jpg\",\"width\":2500,\"height\":2500,\"caption\":\"sensorinis veiklos stalas\"},{\"@type\":\"BreadcrumbList\",\"@id\":\"https:\/\/monti.lt\/product\/medinis-sensorinis-veiklos-stalas-2\/#breadcrumb\",\"itemListElement\":[{\"@type\":\"ListItem\",\"position\":1,\"name\":\"Home\",\"item\":\"https:\/\/monti.lt\/\"},{\"@type\":\"ListItem\",\"position\":2,\"name\":\"Parduotuv\u0117\",\"item\":\"https:\/\/monti.lt\/shop\/\"},{\"@type\":\"ListItem\",\"position\":3,\"name\":\"Medinis sensorinis veiklos stalas\"}]},{\"@type\":\"WebSite\",\"@id\":\"https:\/\/monti.lt\/#website\",\"url\":\"https:\/\/monti.lt\/\",\"name\":\"Montessori \u017eaislai\",\"description\":\"\",\"publisher\":{\"@id\":\"https:\/\/monti.lt\/#organization\"},\"potentialAction\":[{\"@type\":\"SearchAction\",\"target\":{\"@type\":\"EntryPoint\",\"urlTemplate\":\"https:\/\/monti.lt\/?s={search_term_string}\"},\"query-input\":\"required name=search_term_string\"}],\"inLanguage\":\"en-US\"},{\"@type\":\"Organization\",\"@id\":\"https:\/\/monti.lt\/#organization\",\"name\":\"Montessori \u017eaislai\",\"url\":\"https:\/\/monti.lt\/\",\"logo\":{\"@type\":\"ImageObject\",\"inLanguage\":\"en-US\",\"@id\":\"https:\/\/monti.lt\/#\/schema\/logo\/image\/\",\"url\":\"https:\/\/monti.lt\/wp-content\/uploads\/2022\/03\/montilogo-1.png\",\"contentUrl\":\"https:\/\/monti.lt\/wp-content\/uploads\/2022\/03\/montilogo-1.png\",\"width\":512,\"height\":512,\"caption\":\"Montessori \u017eaislai\"},\"image\":{\"@id\":\"https:\/\/monti.lt\/#\/schema\/logo\/image\/\"}}]}<\/script>\n<!-- \/ Yoast SEO plugin. -->","yoast_head_json":{"title":"Medinis sensorinis veiklos stalas - Montessori \u017eaislai","robots":{"index":"index","follow":"follow","max-snippet":"max-snippet:-1","max-image-preview":"max-image-preview:large","max-video-preview":"max-video-preview:-1"},"canonical":"https:\/\/monti.lt\/en\/product\/medinis-sensorinis-veiklos-stalas-2\/","og_locale":"en_US","og_type":"article","og_title":"Medinis sensorinis veiklos stalas - Montessori \u017eaislai","og_description":"Medinis manipuliacinis stalas su b\u0117giais ir variklio kilpa yra puikus \u017eaislas ma\u017eiems vaikams, padedantis ugdyti vikrum\u0105 ir rank\u0173 bei aki\u0173 koordinacij\u0105. Stalo vir\u0161uje yra b\u0117giai su mielais automobiliukais ir slankiojan\u010diais elementais, skatinan\u010diais aktyv\u0173 \u017eaidim\u0105. Stabili konstrukcija ir pastelin\u0117s spalvos daro j\u012f patraukliu bet kurio vaiko kambario papuo\u0161alu.Matmenys:bendras auk\u0161tis 54 cm, auk\u0161tis iki stalo vir\u0161aus 31 [&hellip;]","og_url":"https:\/\/monti.lt\/en\/product\/medinis-sensorinis-veiklos-stalas-2\/","og_site_name":"Montessori \u017eaislai","article_modified_time":"2025-11-25T09:55:18+00:00","og_image":[{"width":2500,"height":2500,"url":"https:\/\/monti.lt\/wp-content\/uploads\/2025\/10\/B5099CE945225B0471DBDCBD18C3FC7A.jpg","type":"image\/jpeg"}],"twitter_card":"summary_large_image","twitter_misc":{"Est. reading time":"1 minute"},"schema":{"@context":"https:\/\/schema.org","@graph":[{"@type":"WebPage","@id":"https:\/\/monti.lt\/product\/medinis-sensorinis-veiklos-stalas-2\/","url":"https:\/\/monti.lt\/product\/medinis-sensorinis-veiklos-stalas-2\/","name":"Medinis sensorinis veiklos stalas - Montessori \u017eaislai","isPartOf":{"@id":"https:\/\/monti.lt\/#website"},"primaryImageOfPage":{"@id":"https:\/\/monti.lt\/product\/medinis-sensorinis-veiklos-stalas-2\/#primaryimage"},"image":{"@id":"https:\/\/monti.lt\/product\/medinis-sensorinis-veiklos-stalas-2\/#primaryimage"},"thumbnailUrl":"https:\/\/monti.lt\/wp-content\/uploads\/2025\/10\/B5099CE945225B0471DBDCBD18C3FC7A.jpg","datePublished":"2025-10-14T11:11:46+00:00","dateModified":"2025-11-25T09:55:18+00:00","breadcrumb":{"@id":"https:\/\/monti.lt\/product\/medinis-sensorinis-veiklos-stalas-2\/#breadcrumb"},"inLanguage":"en-US","potentialAction":[{"@type":"ReadAction","target":["https:\/\/monti.lt\/product\/medinis-sensorinis-veiklos-stalas-2\/"]}]},{"@type":"ImageObject","inLanguage":"en-US","@id":"https:\/\/monti.lt\/product\/medinis-sensorinis-veiklos-stalas-2\/#primaryimage","url":"https:\/\/monti.lt\/wp-content\/uploads\/2025\/10\/B5099CE945225B0471DBDCBD18C3FC7A.jpg","contentUrl":"https:\/\/monti.lt\/wp-content\/uploads\/2025\/10\/B5099CE945225B0471DBDCBD18C3FC7A.jpg","width":2500,"height":2500,"caption":"sensorinis veiklos stalas"},{"@type":"BreadcrumbList","@id":"https:\/\/monti.lt\/product\/medinis-sensorinis-veiklos-stalas-2\/#breadcrumb","itemListElement":[{"@type":"ListItem","position":1,"name":"Home","item":"https:\/\/monti.lt\/"},{"@type":"ListItem","position":2,"name":"Parduotuv\u0117","item":"https:\/\/monti.lt\/shop\/"},{"@type":"ListItem","position":3,"name":"Medinis sensorinis veiklos stalas"}]},{"@type":"WebSite","@id":"https:\/\/monti.lt\/#website","url":"https:\/\/monti.lt\/","name":"Montessori \u017eaislai","description":"","publisher":{"@id":"https:\/\/monti.lt\/#organization"},"potentialAction":[{"@type":"SearchAction","target":{"@type":"EntryPoint","urlTemplate":"https:\/\/monti.lt\/?s={search_term_string}"},"query-input":"required name=search_term_string"}],"inLanguage":"en-US"},{"@type":"Organization","@id":"https:\/\/monti.lt\/#organization","name":"Montessori \u017eaislai","url":"https:\/\/monti.lt\/","logo":{"@type":"ImageObject","inLanguage":"en-US","@id":"https:\/\/monti.lt\/#\/schema\/logo\/image\/","url":"https:\/\/monti.lt\/wp-content\/uploads\/2022\/03\/montilogo-1.png","contentUrl":"https:\/\/monti.lt\/wp-content\/uploads\/2022\/03\/montilogo-1.png","width":512,"height":512,"caption":"Montessori \u017eaislai"},"image":{"@id":"https:\/\/monti.lt\/#\/schema\/logo\/image\/"}}]}},"_links":{"self":[{"href":"https:\/\/monti.lt\/en\/wp-json\/wp\/v2\/product\/34142"}],"collection":[{"href":"https:\/\/monti.lt\/en\/wp-json\/wp\/v2\/product"}],"about":[{"href":"https:\/\/monti.lt\/en\/wp-json\/wp\/v2\/types\/product"}],"version-history":[{"count":1,"href":"https:\/\/monti.lt\/en\/wp-json\/wp\/v2\/product\/34142\/revisions"}],"predecessor-version":[{"id":34144,"href":"https:\/\/monti.lt\/en\/wp-json\/wp\/v2\/product\/34142\/revisions\/34144"}],"wp:featuredmedia":[{"embeddable":true,"href":"https:\/\/monti.lt\/en\/wp-json\/wp\/v2\/media\/34143"}],"wp:attachment":[{"href":"https:\/\/monti.lt\/en\/wp-json\/wp\/v2\/media?parent=34142"}],"wp:term":[{"taxonomy":"product_cat","embeddable":true,"href":"https:\/\/monti.lt\/en\/wp-json\/wp\/v2\/product_cat?post=34142"},{"taxonomy":"product_tag","embeddable":true,"href":"https:\/\/monti.lt\/en\/wp-json\/wp\/v2\/product_tag?post=34142"}],"curies":[{"name":"wp","href":"https:\/\/api.w.org\/{rel}","templated":true}]}}