{"id":34145,"date":"2025-10-14T11:14:55","date_gmt":"2025-10-14T11:14:55","guid":{"rendered":"https:\/\/monti.lt\/?post_type=product&#038;p=34145"},"modified":"2025-11-26T21:30:45","modified_gmt":"2025-11-26T21:30:45","slug":"medinis-sensorinis-stalas-namelis","status":"publish","type":"product","link":"https:\/\/monti.lt\/en\/product\/medinis-sensorinis-stalas-namelis\/","title":{"rendered":"Medinis sensorinis stalas &#8220;Namelis&#8221;"},"content":{"rendered":"<p>Medinis mokomasis stalas med\u017eio formos yra gra\u017eus ir funkcionalus sensorinis \u017eaislas, kuris ugdo vaik\u0173 rank\u0173 \u012fg\u016bd\u017eius, login\u012f m\u0105stym\u0105 ir koordinacij\u0105. \u012erengtas spalvotais krumpliais, skai\u010diuokle, variklio kilpomis ir \u017eaidim\u0173 skyl\u0117mis, jis skatina interaktyv\u0173 mokym\u0105si \u017eaid\u017eiant. Tvirta konstrukcija ir nat\u016brali estetika leid\u017eia j\u012f puikiai pritaikyti bet kurio vaiko interjerui.<br>Matmenys:<br>auk\u0161tis 53 cm<br>stalvir\u0161io skersmuo 49 cm<br>koj\u0173 plotis 38 cm<br>stalvir\u0161io auk\u0161tis 26 cm<br>stalvir\u0161io storis 1,5 cm<\/p>\n\n\n\n<p>Stalvir\u0161io elementai:<br>veidrodis<br>3 krumpliai<br>2 variklio kilpos<br>2 labirintai<br>blokai<br>blok\u0173 r\u016b\u0161iuoklis<\/p>\n\n\n\n<p>Ant sien\u0173 vir\u0161 stalvir\u0161io:<br>3 krumpliai<br>skai\u010diuotuvas<br>laikrodis<br>pasukami blokai su pie\u0161iniais<br>labirintas<\/p>\n\n\n\n<p>Pakuot\u0117s matmenys: 58 x 58 x 16 cm<\/p>","protected":false},"excerpt":{"rendered":"<p>Medinis mokomasis stalas med\u017eio formos yra gra\u017eus ir funkcionalus sensorinis \u017eaislas, kuris ugdo vaik\u0173 rank\u0173 \u012fg\u016bd\u017eius, login\u012f m\u0105stym\u0105 ir koordinacij\u0105. \u012erengtas spalvotais krumpliais, skai\u010diuokle, variklio kilpomis ir \u017eaidim\u0173 skyl\u0117mis, jis skatina interaktyv\u0173 mokym\u0105si \u017eaid\u017eiant. Tvirta konstrukcija ir nat\u016brali estetika leid\u017eia j\u012f puikiai pritaikyti bet kurio vaiko interjerui.Matmenys:auk\u0161tis 53 cmstalvir\u0161io skersmuo 49 cmkoj\u0173 plotis 38 cmstalvir\u0161io [&hellip;]<\/p>","protected":false},"featured_media":34146,"template":"","meta":{"_acf_changed":false,"iawp_total_views":93},"product_cat":[194,195,191,192,84,91,102,88,90,86,50,199,49,39],"product_tag":[96,97],"class_list":{"0":"post-34145","1":"product","2":"type-product","3":"status-publish","4":"has-post-thumbnail","6":"product_cat-dovanos-vaikams-2-3-metu","7":"product_cat-dovanos-vaikams-3-4-metu","8":"product_cat-dovanos-vaikams","9":"product_cat-kaledines-dovanos-vaikams","10":"product_cat-lavinamieji-zaislai","11":"product_cat-loginiam-mastymui","12":"product_cat-mediniai-zaislai","13":"product_cat-mokausi-zaisti","14":"product_cat-pasaulio-pazinimas","15":"product_cat-smulkioji-motorika","16":"product_cat-top-dovanos","17":"product_cat-ugdymo-istaigoms","18":"product_cat-visi-zaislai","19":"product_cat-zaislai","20":"product_tag-2-m-3-m","21":"product_tag-3-m-4-m","23":"first","24":"outofstock","25":"sale","26":"taxable","27":"shipping-taxable","28":"purchasable","29":"product-type-simple"},"acf":[],"yoast_head":"<!-- This site is optimized with the Yoast SEO plugin v23.3 - https:\/\/yoast.com\/wordpress\/plugins\/seo\/ -->\n<title>Medinis sensorinis stalas &quot;Namelis&quot; - Montessori \u017eaislai<\/title>\n<meta name=\"robots\" content=\"index, follow, max-snippet:-1, max-image-preview:large, max-video-preview:-1\" \/>\n<link rel=\"canonical\" href=\"https:\/\/monti.lt\/en\/product\/medinis-sensorinis-stalas-namelis\/\" \/>\n<meta property=\"og:locale\" content=\"en_US\" \/>\n<meta property=\"og:type\" content=\"article\" \/>\n<meta property=\"og:title\" content=\"Medinis sensorinis stalas &quot;Namelis&quot; - Montessori \u017eaislai\" \/>\n<meta property=\"og:description\" content=\"Medinis mokomasis stalas med\u017eio formos yra gra\u017eus ir funkcionalus sensorinis \u017eaislas, kuris ugdo vaik\u0173 rank\u0173 \u012fg\u016bd\u017eius, login\u012f m\u0105stym\u0105 ir koordinacij\u0105. \u012erengtas spalvotais krumpliais, skai\u010diuokle, variklio kilpomis ir \u017eaidim\u0173 skyl\u0117mis, jis skatina interaktyv\u0173 mokym\u0105si \u017eaid\u017eiant. Tvirta konstrukcija ir nat\u016brali estetika leid\u017eia j\u012f puikiai pritaikyti bet kurio vaiko interjerui.Matmenys:auk\u0161tis 53 cmstalvir\u0161io skersmuo 49 cmkoj\u0173 plotis 38 cmstalvir\u0161io [&hellip;]\" \/>\n<meta property=\"og:url\" content=\"https:\/\/monti.lt\/en\/product\/medinis-sensorinis-stalas-namelis\/\" \/>\n<meta property=\"og:site_name\" content=\"Montessori \u017eaislai\" \/>\n<meta property=\"article:modified_time\" content=\"2025-11-26T21:30:45+00:00\" \/>\n<meta property=\"og:image\" content=\"https:\/\/monti.lt\/wp-content\/uploads\/2025\/10\/3F50387AFCC3917AA0A1B9ACC5B41483.jpg\" \/>\n\t<meta property=\"og:image:width\" content=\"2500\" \/>\n\t<meta property=\"og:image:height\" content=\"2500\" \/>\n\t<meta property=\"og:image:type\" content=\"image\/jpeg\" \/>\n<meta name=\"twitter:card\" content=\"summary_large_image\" \/>\n<meta name=\"twitter:label1\" content=\"Est. reading time\" \/>\n\t<meta name=\"twitter:data1\" content=\"1 minute\" \/>\n<script type=\"application\/ld+json\" class=\"yoast-schema-graph\">{\"@context\":\"https:\/\/schema.org\",\"@graph\":[{\"@type\":\"WebPage\",\"@id\":\"https:\/\/monti.lt\/product\/medinis-sensorinis-stalas-namelis\/\",\"url\":\"https:\/\/monti.lt\/product\/medinis-sensorinis-stalas-namelis\/\",\"name\":\"Medinis sensorinis stalas \\\"Namelis\\\" - Montessori \u017eaislai\",\"isPartOf\":{\"@id\":\"https:\/\/monti.lt\/#website\"},\"primaryImageOfPage\":{\"@id\":\"https:\/\/monti.lt\/product\/medinis-sensorinis-stalas-namelis\/#primaryimage\"},\"image\":{\"@id\":\"https:\/\/monti.lt\/product\/medinis-sensorinis-stalas-namelis\/#primaryimage\"},\"thumbnailUrl\":\"https:\/\/monti.lt\/wp-content\/uploads\/2025\/10\/3F50387AFCC3917AA0A1B9ACC5B41483.jpg\",\"datePublished\":\"2025-10-14T11:14:55+00:00\",\"dateModified\":\"2025-11-26T21:30:45+00:00\",\"breadcrumb\":{\"@id\":\"https:\/\/monti.lt\/product\/medinis-sensorinis-stalas-namelis\/#breadcrumb\"},\"inLanguage\":\"en-US\",\"potentialAction\":[{\"@type\":\"ReadAction\",\"target\":[\"https:\/\/monti.lt\/product\/medinis-sensorinis-stalas-namelis\/\"]}]},{\"@type\":\"ImageObject\",\"inLanguage\":\"en-US\",\"@id\":\"https:\/\/monti.lt\/product\/medinis-sensorinis-stalas-namelis\/#primaryimage\",\"url\":\"https:\/\/monti.lt\/wp-content\/uploads\/2025\/10\/3F50387AFCC3917AA0A1B9ACC5B41483.jpg\",\"contentUrl\":\"https:\/\/monti.lt\/wp-content\/uploads\/2025\/10\/3F50387AFCC3917AA0A1B9ACC5B41483.jpg\",\"width\":2500,\"height\":2500,\"caption\":\"medinis sensorinis staliukas\"},{\"@type\":\"BreadcrumbList\",\"@id\":\"https:\/\/monti.lt\/product\/medinis-sensorinis-stalas-namelis\/#breadcrumb\",\"itemListElement\":[{\"@type\":\"ListItem\",\"position\":1,\"name\":\"Home\",\"item\":\"https:\/\/monti.lt\/\"},{\"@type\":\"ListItem\",\"position\":2,\"name\":\"Parduotuv\u0117\",\"item\":\"https:\/\/monti.lt\/shop\/\"},{\"@type\":\"ListItem\",\"position\":3,\"name\":\"Medinis sensorinis stalas &#8220;Namelis&#8221;\"}]},{\"@type\":\"WebSite\",\"@id\":\"https:\/\/monti.lt\/#website\",\"url\":\"https:\/\/monti.lt\/\",\"name\":\"Montessori \u017eaislai\",\"description\":\"\",\"publisher\":{\"@id\":\"https:\/\/monti.lt\/#organization\"},\"potentialAction\":[{\"@type\":\"SearchAction\",\"target\":{\"@type\":\"EntryPoint\",\"urlTemplate\":\"https:\/\/monti.lt\/?s={search_term_string}\"},\"query-input\":\"required name=search_term_string\"}],\"inLanguage\":\"en-US\"},{\"@type\":\"Organization\",\"@id\":\"https:\/\/monti.lt\/#organization\",\"name\":\"Montessori \u017eaislai\",\"url\":\"https:\/\/monti.lt\/\",\"logo\":{\"@type\":\"ImageObject\",\"inLanguage\":\"en-US\",\"@id\":\"https:\/\/monti.lt\/#\/schema\/logo\/image\/\",\"url\":\"https:\/\/monti.lt\/wp-content\/uploads\/2022\/03\/montilogo-1.png\",\"contentUrl\":\"https:\/\/monti.lt\/wp-content\/uploads\/2022\/03\/montilogo-1.png\",\"width\":512,\"height\":512,\"caption\":\"Montessori \u017eaislai\"},\"image\":{\"@id\":\"https:\/\/monti.lt\/#\/schema\/logo\/image\/\"}}]}<\/script>\n<!-- \/ Yoast SEO plugin. -->","yoast_head_json":{"title":"Medinis sensorinis stalas \"Namelis\" - Montessori \u017eaislai","robots":{"index":"index","follow":"follow","max-snippet":"max-snippet:-1","max-image-preview":"max-image-preview:large","max-video-preview":"max-video-preview:-1"},"canonical":"https:\/\/monti.lt\/en\/product\/medinis-sensorinis-stalas-namelis\/","og_locale":"en_US","og_type":"article","og_title":"Medinis sensorinis stalas \"Namelis\" - Montessori \u017eaislai","og_description":"Medinis mokomasis stalas med\u017eio formos yra gra\u017eus ir funkcionalus sensorinis \u017eaislas, kuris ugdo vaik\u0173 rank\u0173 \u012fg\u016bd\u017eius, login\u012f m\u0105stym\u0105 ir koordinacij\u0105. \u012erengtas spalvotais krumpliais, skai\u010diuokle, variklio kilpomis ir \u017eaidim\u0173 skyl\u0117mis, jis skatina interaktyv\u0173 mokym\u0105si \u017eaid\u017eiant. Tvirta konstrukcija ir nat\u016brali estetika leid\u017eia j\u012f puikiai pritaikyti bet kurio vaiko interjerui.Matmenys:auk\u0161tis 53 cmstalvir\u0161io skersmuo 49 cmkoj\u0173 plotis 38 cmstalvir\u0161io [&hellip;]","og_url":"https:\/\/monti.lt\/en\/product\/medinis-sensorinis-stalas-namelis\/","og_site_name":"Montessori \u017eaislai","article_modified_time":"2025-11-26T21:30:45+00:00","og_image":[{"width":2500,"height":2500,"url":"https:\/\/monti.lt\/wp-content\/uploads\/2025\/10\/3F50387AFCC3917AA0A1B9ACC5B41483.jpg","type":"image\/jpeg"}],"twitter_card":"summary_large_image","twitter_misc":{"Est. reading time":"1 minute"},"schema":{"@context":"https:\/\/schema.org","@graph":[{"@type":"WebPage","@id":"https:\/\/monti.lt\/product\/medinis-sensorinis-stalas-namelis\/","url":"https:\/\/monti.lt\/product\/medinis-sensorinis-stalas-namelis\/","name":"Medinis sensorinis stalas \"Namelis\" - Montessori \u017eaislai","isPartOf":{"@id":"https:\/\/monti.lt\/#website"},"primaryImageOfPage":{"@id":"https:\/\/monti.lt\/product\/medinis-sensorinis-stalas-namelis\/#primaryimage"},"image":{"@id":"https:\/\/monti.lt\/product\/medinis-sensorinis-stalas-namelis\/#primaryimage"},"thumbnailUrl":"https:\/\/monti.lt\/wp-content\/uploads\/2025\/10\/3F50387AFCC3917AA0A1B9ACC5B41483.jpg","datePublished":"2025-10-14T11:14:55+00:00","dateModified":"2025-11-26T21:30:45+00:00","breadcrumb":{"@id":"https:\/\/monti.lt\/product\/medinis-sensorinis-stalas-namelis\/#breadcrumb"},"inLanguage":"en-US","potentialAction":[{"@type":"ReadAction","target":["https:\/\/monti.lt\/product\/medinis-sensorinis-stalas-namelis\/"]}]},{"@type":"ImageObject","inLanguage":"en-US","@id":"https:\/\/monti.lt\/product\/medinis-sensorinis-stalas-namelis\/#primaryimage","url":"https:\/\/monti.lt\/wp-content\/uploads\/2025\/10\/3F50387AFCC3917AA0A1B9ACC5B41483.jpg","contentUrl":"https:\/\/monti.lt\/wp-content\/uploads\/2025\/10\/3F50387AFCC3917AA0A1B9ACC5B41483.jpg","width":2500,"height":2500,"caption":"medinis sensorinis staliukas"},{"@type":"BreadcrumbList","@id":"https:\/\/monti.lt\/product\/medinis-sensorinis-stalas-namelis\/#breadcrumb","itemListElement":[{"@type":"ListItem","position":1,"name":"Home","item":"https:\/\/monti.lt\/"},{"@type":"ListItem","position":2,"name":"Parduotuv\u0117","item":"https:\/\/monti.lt\/shop\/"},{"@type":"ListItem","position":3,"name":"Medinis sensorinis stalas &#8220;Namelis&#8221;"}]},{"@type":"WebSite","@id":"https:\/\/monti.lt\/#website","url":"https:\/\/monti.lt\/","name":"Montessori \u017eaislai","description":"","publisher":{"@id":"https:\/\/monti.lt\/#organization"},"potentialAction":[{"@type":"SearchAction","target":{"@type":"EntryPoint","urlTemplate":"https:\/\/monti.lt\/?s={search_term_string}"},"query-input":"required name=search_term_string"}],"inLanguage":"en-US"},{"@type":"Organization","@id":"https:\/\/monti.lt\/#organization","name":"Montessori \u017eaislai","url":"https:\/\/monti.lt\/","logo":{"@type":"ImageObject","inLanguage":"en-US","@id":"https:\/\/monti.lt\/#\/schema\/logo\/image\/","url":"https:\/\/monti.lt\/wp-content\/uploads\/2022\/03\/montilogo-1.png","contentUrl":"https:\/\/monti.lt\/wp-content\/uploads\/2022\/03\/montilogo-1.png","width":512,"height":512,"caption":"Montessori \u017eaislai"},"image":{"@id":"https:\/\/monti.lt\/#\/schema\/logo\/image\/"}}]}},"_links":{"self":[{"href":"https:\/\/monti.lt\/en\/wp-json\/wp\/v2\/product\/34145"}],"collection":[{"href":"https:\/\/monti.lt\/en\/wp-json\/wp\/v2\/product"}],"about":[{"href":"https:\/\/monti.lt\/en\/wp-json\/wp\/v2\/types\/product"}],"version-history":[{"count":1,"href":"https:\/\/monti.lt\/en\/wp-json\/wp\/v2\/product\/34145\/revisions"}],"predecessor-version":[{"id":34147,"href":"https:\/\/monti.lt\/en\/wp-json\/wp\/v2\/product\/34145\/revisions\/34147"}],"wp:featuredmedia":[{"embeddable":true,"href":"https:\/\/monti.lt\/en\/wp-json\/wp\/v2\/media\/34146"}],"wp:attachment":[{"href":"https:\/\/monti.lt\/en\/wp-json\/wp\/v2\/media?parent=34145"}],"wp:term":[{"taxonomy":"product_cat","embeddable":true,"href":"https:\/\/monti.lt\/en\/wp-json\/wp\/v2\/product_cat?post=34145"},{"taxonomy":"product_tag","embeddable":true,"href":"https:\/\/monti.lt\/en\/wp-json\/wp\/v2\/product_tag?post=34145"}],"curies":[{"name":"wp","href":"https:\/\/api.w.org\/{rel}","templated":true}]}}