{"id":34148,"date":"2025-10-14T11:18:41","date_gmt":"2025-10-14T11:18:41","guid":{"rendered":"https:\/\/monti.lt\/?post_type=product&#038;p=34148"},"modified":"2025-12-16T06:58:59","modified_gmt":"2025-12-16T06:58:59","slug":"magnetiniu-blokeliu-delione-ledo-pilis","status":"publish","type":"product","link":"https:\/\/monti.lt\/en\/product\/magnetiniu-blokeliu-delione-ledo-pilis\/","title":{"rendered":"Magnetini\u0173 blokeli\u0173 d\u0117lion\u0117 &#8220;Ledo pilis&#8221;"},"content":{"rendered":"<p>\u201eLedo pilis\u201c rinkinys \u2013 tai k\u016brybinis \u017eaislas, sudarytas i\u0161 96 dali\u0173, leid\u017eiantis vaikams i\u0161 magnetini\u0173 blokeli\u0173 statyti \u017eiemos pilis ir fantazijos strukt\u016bras.<br>Komplekte yra \u012fvairi\u0173 magnetini\u0173 plyteli\u0173 su \u017eavingais pingvin\u0173, sniego vyruk\u0173 ir lang\u0173 atvaizdais. Tai puikus b\u016bdas ugdyti erdvin\u0119 vaizduot\u0119, rank\u0173 \u012fg\u016bd\u017eius ir login\u012f m\u0105stym\u0105 pasaki\u0161koje ledo aplinkoje.<\/p>\n\n\n\n<p>Rinkin\u012f sudaro:<br>-statybiniai blokai<br>-iglu, baltasis lokys, pingvinas, sniego senis, pir\u0161tin\u0117s, Kal\u0117d\u0173 eglut\u0117 ir snaig\u0117s fig\u016br\u0117l\u0117s<br>-spalvingos instrukcijos su pavyzdiniais statiniais<\/p>\n\n\n\n<p>Pakuot\u0117s matmenys: 30,5x24x7 cm.<\/p>\n\n\n\n<p>Produktas supakuotas \u012f folijos mai\u0161el\u012f, paruo\u0161tas siuntimui.<\/p>","protected":false},"excerpt":{"rendered":"<p>\u201eLedo pilis\u201c rinkinys \u2013 tai k\u016brybinis \u017eaislas, sudarytas i\u0161 96 dali\u0173, leid\u017eiantis vaikams i\u0161 magnetini\u0173 blokeli\u0173 statyti \u017eiemos pilis ir fantazijos strukt\u016bras.Komplekte yra \u012fvairi\u0173 magnetini\u0173 plyteli\u0173 su \u017eavingais pingvin\u0173, sniego vyruk\u0173 ir lang\u0173 atvaizdais. Tai puikus b\u016bdas ugdyti erdvin\u0119 vaizduot\u0119, rank\u0173 \u012fg\u016bd\u017eius ir login\u012f m\u0105stym\u0105 pasaki\u0161koje ledo aplinkoje. Rinkin\u012f sudaro:-statybiniai blokai-iglu, baltasis lokys, pingvinas, sniego [&hellip;]<\/p>","protected":false},"featured_media":34149,"template":"","meta":{"_acf_changed":false,"iawp_total_views":222},"product_cat":[92,195,216,217,191,192,87,84,50,199,202,49,39],"product_tag":[97,98],"class_list":{"0":"post-34148","1":"product","2":"type-product","3":"status-publish","4":"has-post-thumbnail","6":"product_cat-deliones","7":"product_cat-dovanos-vaikams-3-4-metu","8":"product_cat-dovanos-4-5-metu-vaikams","9":"product_cat-dovanos-5-7-metu-vaikams","10":"product_cat-dovanos-vaikams","11":"product_cat-kaledines-dovanos-vaikams","12":"product_cat-kurybiniai-rinkiniai","13":"product_cat-lavinamieji-zaislai","14":"product_cat-top-dovanos","15":"product_cat-ugdymo-istaigoms","16":"product_cat-vaaikiski-konstruktoriai","17":"product_cat-visi-zaislai","18":"product_cat-zaislai","19":"product_tag-3-m-4-m","20":"product_tag-5-m-7-m","22":"first","23":"outofstock","24":"taxable","25":"shipping-taxable","26":"purchasable","27":"product-type-simple"},"acf":[],"yoast_head":"<!-- This site is optimized with the Yoast SEO plugin v23.3 - https:\/\/yoast.com\/wordpress\/plugins\/seo\/ -->\n<title>Magnetini\u0173 blokeli\u0173 d\u0117lion\u0117 &quot;Ledo pilis&quot; - Montessori \u017eaislai<\/title>\n<meta name=\"robots\" content=\"index, follow, max-snippet:-1, max-image-preview:large, max-video-preview:-1\" \/>\n<link rel=\"canonical\" href=\"https:\/\/monti.lt\/en\/product\/magnetiniu-blokeliu-delione-ledo-pilis\/\" \/>\n<meta property=\"og:locale\" content=\"en_US\" \/>\n<meta property=\"og:type\" content=\"article\" \/>\n<meta property=\"og:title\" content=\"Magnetini\u0173 blokeli\u0173 d\u0117lion\u0117 &quot;Ledo pilis&quot; - Montessori \u017eaislai\" \/>\n<meta property=\"og:description\" content=\"\u201eLedo pilis\u201c rinkinys \u2013 tai k\u016brybinis \u017eaislas, sudarytas i\u0161 96 dali\u0173, leid\u017eiantis vaikams i\u0161 magnetini\u0173 blokeli\u0173 statyti \u017eiemos pilis ir fantazijos strukt\u016bras.Komplekte yra \u012fvairi\u0173 magnetini\u0173 plyteli\u0173 su \u017eavingais pingvin\u0173, sniego vyruk\u0173 ir lang\u0173 atvaizdais. Tai puikus b\u016bdas ugdyti erdvin\u0119 vaizduot\u0119, rank\u0173 \u012fg\u016bd\u017eius ir login\u012f m\u0105stym\u0105 pasaki\u0161koje ledo aplinkoje. Rinkin\u012f sudaro:-statybiniai blokai-iglu, baltasis lokys, pingvinas, sniego [&hellip;]\" \/>\n<meta property=\"og:url\" content=\"https:\/\/monti.lt\/en\/product\/magnetiniu-blokeliu-delione-ledo-pilis\/\" \/>\n<meta property=\"og:site_name\" content=\"Montessori \u017eaislai\" \/>\n<meta property=\"article:modified_time\" content=\"2025-12-16T06:58:59+00:00\" \/>\n<meta property=\"og:image\" content=\"https:\/\/monti.lt\/wp-content\/uploads\/2025\/10\/2645AE60198C91E17F719C69A9641F29.jpg\" \/>\n\t<meta property=\"og:image:width\" content=\"2500\" \/>\n\t<meta property=\"og:image:height\" content=\"2500\" \/>\n\t<meta property=\"og:image:type\" content=\"image\/jpeg\" \/>\n<meta name=\"twitter:card\" content=\"summary_large_image\" \/>\n<meta name=\"twitter:label1\" content=\"Est. reading time\" \/>\n\t<meta name=\"twitter:data1\" content=\"1 minute\" \/>\n<script type=\"application\/ld+json\" class=\"yoast-schema-graph\">{\"@context\":\"https:\/\/schema.org\",\"@graph\":[{\"@type\":\"WebPage\",\"@id\":\"https:\/\/monti.lt\/product\/magnetiniu-blokeliu-delione-ledo-pilis\/\",\"url\":\"https:\/\/monti.lt\/product\/magnetiniu-blokeliu-delione-ledo-pilis\/\",\"name\":\"Magnetini\u0173 blokeli\u0173 d\u0117lion\u0117 \\\"Ledo pilis\\\" - Montessori \u017eaislai\",\"isPartOf\":{\"@id\":\"https:\/\/monti.lt\/#website\"},\"primaryImageOfPage\":{\"@id\":\"https:\/\/monti.lt\/product\/magnetiniu-blokeliu-delione-ledo-pilis\/#primaryimage\"},\"image\":{\"@id\":\"https:\/\/monti.lt\/product\/magnetiniu-blokeliu-delione-ledo-pilis\/#primaryimage\"},\"thumbnailUrl\":\"https:\/\/monti.lt\/wp-content\/uploads\/2025\/10\/2645AE60198C91E17F719C69A9641F29.jpg\",\"datePublished\":\"2025-10-14T11:18:41+00:00\",\"dateModified\":\"2025-12-16T06:58:59+00:00\",\"breadcrumb\":{\"@id\":\"https:\/\/monti.lt\/product\/magnetiniu-blokeliu-delione-ledo-pilis\/#breadcrumb\"},\"inLanguage\":\"en-US\",\"potentialAction\":[{\"@type\":\"ReadAction\",\"target\":[\"https:\/\/monti.lt\/product\/magnetiniu-blokeliu-delione-ledo-pilis\/\"]}]},{\"@type\":\"ImageObject\",\"inLanguage\":\"en-US\",\"@id\":\"https:\/\/monti.lt\/product\/magnetiniu-blokeliu-delione-ledo-pilis\/#primaryimage\",\"url\":\"https:\/\/monti.lt\/wp-content\/uploads\/2025\/10\/2645AE60198C91E17F719C69A9641F29.jpg\",\"contentUrl\":\"https:\/\/monti.lt\/wp-content\/uploads\/2025\/10\/2645AE60198C91E17F719C69A9641F29.jpg\",\"width\":2500,\"height\":2500,\"caption\":\"magentinis konstruktorius\"},{\"@type\":\"BreadcrumbList\",\"@id\":\"https:\/\/monti.lt\/product\/magnetiniu-blokeliu-delione-ledo-pilis\/#breadcrumb\",\"itemListElement\":[{\"@type\":\"ListItem\",\"position\":1,\"name\":\"Home\",\"item\":\"https:\/\/monti.lt\/\"},{\"@type\":\"ListItem\",\"position\":2,\"name\":\"Parduotuv\u0117\",\"item\":\"https:\/\/monti.lt\/shop\/\"},{\"@type\":\"ListItem\",\"position\":3,\"name\":\"Magnetini\u0173 blokeli\u0173 d\u0117lion\u0117 &#8220;Ledo pilis&#8221;\"}]},{\"@type\":\"WebSite\",\"@id\":\"https:\/\/monti.lt\/#website\",\"url\":\"https:\/\/monti.lt\/\",\"name\":\"Montessori \u017eaislai\",\"description\":\"\",\"publisher\":{\"@id\":\"https:\/\/monti.lt\/#organization\"},\"potentialAction\":[{\"@type\":\"SearchAction\",\"target\":{\"@type\":\"EntryPoint\",\"urlTemplate\":\"https:\/\/monti.lt\/?s={search_term_string}\"},\"query-input\":\"required name=search_term_string\"}],\"inLanguage\":\"en-US\"},{\"@type\":\"Organization\",\"@id\":\"https:\/\/monti.lt\/#organization\",\"name\":\"Montessori \u017eaislai\",\"url\":\"https:\/\/monti.lt\/\",\"logo\":{\"@type\":\"ImageObject\",\"inLanguage\":\"en-US\",\"@id\":\"https:\/\/monti.lt\/#\/schema\/logo\/image\/\",\"url\":\"https:\/\/monti.lt\/wp-content\/uploads\/2022\/03\/montilogo-1.png\",\"contentUrl\":\"https:\/\/monti.lt\/wp-content\/uploads\/2022\/03\/montilogo-1.png\",\"width\":512,\"height\":512,\"caption\":\"Montessori \u017eaislai\"},\"image\":{\"@id\":\"https:\/\/monti.lt\/#\/schema\/logo\/image\/\"}}]}<\/script>\n<!-- \/ Yoast SEO plugin. -->","yoast_head_json":{"title":"Magnetini\u0173 blokeli\u0173 d\u0117lion\u0117 \"Ledo pilis\" - Montessori \u017eaislai","robots":{"index":"index","follow":"follow","max-snippet":"max-snippet:-1","max-image-preview":"max-image-preview:large","max-video-preview":"max-video-preview:-1"},"canonical":"https:\/\/monti.lt\/en\/product\/magnetiniu-blokeliu-delione-ledo-pilis\/","og_locale":"en_US","og_type":"article","og_title":"Magnetini\u0173 blokeli\u0173 d\u0117lion\u0117 \"Ledo pilis\" - Montessori \u017eaislai","og_description":"\u201eLedo pilis\u201c rinkinys \u2013 tai k\u016brybinis \u017eaislas, sudarytas i\u0161 96 dali\u0173, leid\u017eiantis vaikams i\u0161 magnetini\u0173 blokeli\u0173 statyti \u017eiemos pilis ir fantazijos strukt\u016bras.Komplekte yra \u012fvairi\u0173 magnetini\u0173 plyteli\u0173 su \u017eavingais pingvin\u0173, sniego vyruk\u0173 ir lang\u0173 atvaizdais. Tai puikus b\u016bdas ugdyti erdvin\u0119 vaizduot\u0119, rank\u0173 \u012fg\u016bd\u017eius ir login\u012f m\u0105stym\u0105 pasaki\u0161koje ledo aplinkoje. Rinkin\u012f sudaro:-statybiniai blokai-iglu, baltasis lokys, pingvinas, sniego [&hellip;]","og_url":"https:\/\/monti.lt\/en\/product\/magnetiniu-blokeliu-delione-ledo-pilis\/","og_site_name":"Montessori \u017eaislai","article_modified_time":"2025-12-16T06:58:59+00:00","og_image":[{"width":2500,"height":2500,"url":"https:\/\/monti.lt\/wp-content\/uploads\/2025\/10\/2645AE60198C91E17F719C69A9641F29.jpg","type":"image\/jpeg"}],"twitter_card":"summary_large_image","twitter_misc":{"Est. reading time":"1 minute"},"schema":{"@context":"https:\/\/schema.org","@graph":[{"@type":"WebPage","@id":"https:\/\/monti.lt\/product\/magnetiniu-blokeliu-delione-ledo-pilis\/","url":"https:\/\/monti.lt\/product\/magnetiniu-blokeliu-delione-ledo-pilis\/","name":"Magnetini\u0173 blokeli\u0173 d\u0117lion\u0117 \"Ledo pilis\" - Montessori \u017eaislai","isPartOf":{"@id":"https:\/\/monti.lt\/#website"},"primaryImageOfPage":{"@id":"https:\/\/monti.lt\/product\/magnetiniu-blokeliu-delione-ledo-pilis\/#primaryimage"},"image":{"@id":"https:\/\/monti.lt\/product\/magnetiniu-blokeliu-delione-ledo-pilis\/#primaryimage"},"thumbnailUrl":"https:\/\/monti.lt\/wp-content\/uploads\/2025\/10\/2645AE60198C91E17F719C69A9641F29.jpg","datePublished":"2025-10-14T11:18:41+00:00","dateModified":"2025-12-16T06:58:59+00:00","breadcrumb":{"@id":"https:\/\/monti.lt\/product\/magnetiniu-blokeliu-delione-ledo-pilis\/#breadcrumb"},"inLanguage":"en-US","potentialAction":[{"@type":"ReadAction","target":["https:\/\/monti.lt\/product\/magnetiniu-blokeliu-delione-ledo-pilis\/"]}]},{"@type":"ImageObject","inLanguage":"en-US","@id":"https:\/\/monti.lt\/product\/magnetiniu-blokeliu-delione-ledo-pilis\/#primaryimage","url":"https:\/\/monti.lt\/wp-content\/uploads\/2025\/10\/2645AE60198C91E17F719C69A9641F29.jpg","contentUrl":"https:\/\/monti.lt\/wp-content\/uploads\/2025\/10\/2645AE60198C91E17F719C69A9641F29.jpg","width":2500,"height":2500,"caption":"magentinis konstruktorius"},{"@type":"BreadcrumbList","@id":"https:\/\/monti.lt\/product\/magnetiniu-blokeliu-delione-ledo-pilis\/#breadcrumb","itemListElement":[{"@type":"ListItem","position":1,"name":"Home","item":"https:\/\/monti.lt\/"},{"@type":"ListItem","position":2,"name":"Parduotuv\u0117","item":"https:\/\/monti.lt\/shop\/"},{"@type":"ListItem","position":3,"name":"Magnetini\u0173 blokeli\u0173 d\u0117lion\u0117 &#8220;Ledo pilis&#8221;"}]},{"@type":"WebSite","@id":"https:\/\/monti.lt\/#website","url":"https:\/\/monti.lt\/","name":"Montessori \u017eaislai","description":"","publisher":{"@id":"https:\/\/monti.lt\/#organization"},"potentialAction":[{"@type":"SearchAction","target":{"@type":"EntryPoint","urlTemplate":"https:\/\/monti.lt\/?s={search_term_string}"},"query-input":"required name=search_term_string"}],"inLanguage":"en-US"},{"@type":"Organization","@id":"https:\/\/monti.lt\/#organization","name":"Montessori \u017eaislai","url":"https:\/\/monti.lt\/","logo":{"@type":"ImageObject","inLanguage":"en-US","@id":"https:\/\/monti.lt\/#\/schema\/logo\/image\/","url":"https:\/\/monti.lt\/wp-content\/uploads\/2022\/03\/montilogo-1.png","contentUrl":"https:\/\/monti.lt\/wp-content\/uploads\/2022\/03\/montilogo-1.png","width":512,"height":512,"caption":"Montessori \u017eaislai"},"image":{"@id":"https:\/\/monti.lt\/#\/schema\/logo\/image\/"}}]}},"_links":{"self":[{"href":"https:\/\/monti.lt\/en\/wp-json\/wp\/v2\/product\/34148"}],"collection":[{"href":"https:\/\/monti.lt\/en\/wp-json\/wp\/v2\/product"}],"about":[{"href":"https:\/\/monti.lt\/en\/wp-json\/wp\/v2\/types\/product"}],"version-history":[{"count":1,"href":"https:\/\/monti.lt\/en\/wp-json\/wp\/v2\/product\/34148\/revisions"}],"predecessor-version":[{"id":34150,"href":"https:\/\/monti.lt\/en\/wp-json\/wp\/v2\/product\/34148\/revisions\/34150"}],"wp:featuredmedia":[{"embeddable":true,"href":"https:\/\/monti.lt\/en\/wp-json\/wp\/v2\/media\/34149"}],"wp:attachment":[{"href":"https:\/\/monti.lt\/en\/wp-json\/wp\/v2\/media?parent=34148"}],"wp:term":[{"taxonomy":"product_cat","embeddable":true,"href":"https:\/\/monti.lt\/en\/wp-json\/wp\/v2\/product_cat?post=34148"},{"taxonomy":"product_tag","embeddable":true,"href":"https:\/\/monti.lt\/en\/wp-json\/wp\/v2\/product_tag?post=34148"}],"curies":[{"name":"wp","href":"https:\/\/api.w.org\/{rel}","templated":true}]}}