{"id":34151,"date":"2025-10-14T11:21:41","date_gmt":"2025-10-14T11:21:41","guid":{"rendered":"https:\/\/monti.lt\/?post_type=product&#038;p=34151"},"modified":"2026-03-26T12:48:37","modified_gmt":"2026-03-26T12:48:37","slug":"magnetiniai-blokeliai-64-el-2","status":"publish","type":"product","link":"https:\/\/monti.lt\/en\/product\/magnetiniai-blokeliai-64-el-2\/","title":{"rendered":"Magnetiniai blokeliai, 64 el."},"content":{"rendered":"<p>Magnetini\u0173 blokeli\u0173 rinkinys ma\u017eiesiems statybininkams. Blokeliai turi labai stiprius magnetus, kurie i\u0161laiko vaik\u0173 sukurtas konstrukcijas. \u017daisdami su blokeliais, vaikai lavina k\u016brybin\u012f m\u0105stym\u0105 ir rank\u0173 \u012fg\u016bd\u017eius. Tai puik\u016bs pratimai koncentracijai, kantrybei ir motorinei koordinacijai lavinti.<\/p>\n\n\n\n<p>\u017daisdami su \u0161iais lengvais ir tvirtais blokais, vaikai lavina erdvin\u012f m\u0105stym\u0105. Jie puikiai tinka jutim\u0173 ir poj\u016b\u010di\u0173 ugdymui: ry\u0161k\u016bs spalvos stimuliuoja regim\u0105j\u012f suvokim\u0105, d\u0117mes\u012f, steb\u0117jimo \u012fg\u016bd\u017eius ir geb\u0117jim\u0105 klasifikuoti.<br>Komplekte yra knygel\u0117 su pavyzdiniais dizainais.<\/p>\n\n\n\n<p>Dali\u0173 skai\u010dius: 64.<\/p>\n\n\n\n<p>Komplekte yra:<br>14 vnt. 7 cm ilgio blokeli\u0173<br>21 vnt. 4 cm trump\u0173 blokeli\u0173<br>11 vnt. 5,5 cm i\u0161lenkt\u0173 blokeli\u0173<br>18 vnt. 2,5 cm skersmens rutuliuk\u0173.<\/p>\n\n\n\n<p>\u017daislas skirtas vaikams nuo 3 met\u0173.<\/p>\n\n\n\n<p>Pakuot\u0117s matmenys: 25x17x6cm.<\/p>\n\n\n\n<p>Produktas supakuotas \u012f papildom\u0105 kartonin\u0119 d\u0117\u017eut\u0119 \u2013 paruo\u0161tas siuntimui.<\/p>","protected":false},"excerpt":{"rendered":"<p>Magnetini\u0173 blokeli\u0173 rinkinys ma\u017eiesiems statybininkams. Blokeliai turi labai stiprius magnetus, kurie i\u0161laiko vaik\u0173 sukurtas konstrukcijas. \u017daisdami su blokeliais, vaikai lavina k\u016brybin\u012f m\u0105stym\u0105 ir rank\u0173 \u012fg\u016bd\u017eius. Tai puik\u016bs pratimai koncentracijai, kantrybei ir motorinei koordinacijai lavinti. \u017daisdami su \u0161iais lengvais ir tvirtais blokais, vaikai lavina erdvin\u012f m\u0105stym\u0105. Jie puikiai tinka jutim\u0173 ir poj\u016b\u010di\u0173 ugdymui: ry\u0161k\u016bs spalvos stimuliuoja [&hellip;]<\/p>","protected":false},"featured_media":34152,"template":"","meta":{"_acf_changed":false,"iawp_total_views":624},"product_cat":[50,49,39],"product_tag":[260,97],"class_list":{"0":"post-34151","1":"product","2":"type-product","3":"status-publish","4":"has-post-thumbnail","6":"product_cat-top-dovanos","7":"product_cat-visi-zaislai","8":"product_cat-zaislai","9":"product_tag-5-7","10":"product_tag-3-m-4-m","12":"first","13":"outofstock","14":"taxable","15":"shipping-taxable","16":"purchasable","17":"product-type-simple"},"acf":[],"yoast_head":"<!-- This site is optimized with the Yoast SEO plugin v23.3 - https:\/\/yoast.com\/wordpress\/plugins\/seo\/ -->\n<title>Magnetiniai blokeliai, 64 el. - Montessori \u017eaislai<\/title>\n<meta name=\"robots\" content=\"index, follow, max-snippet:-1, max-image-preview:large, max-video-preview:-1\" \/>\n<link rel=\"canonical\" href=\"https:\/\/monti.lt\/en\/product\/magnetiniai-blokeliai-64-el-2\/\" \/>\n<meta property=\"og:locale\" content=\"en_US\" \/>\n<meta property=\"og:type\" content=\"article\" \/>\n<meta property=\"og:title\" content=\"Magnetiniai blokeliai, 64 el. - Montessori \u017eaislai\" \/>\n<meta property=\"og:description\" content=\"Magnetini\u0173 blokeli\u0173 rinkinys ma\u017eiesiems statybininkams. Blokeliai turi labai stiprius magnetus, kurie i\u0161laiko vaik\u0173 sukurtas konstrukcijas. \u017daisdami su blokeliais, vaikai lavina k\u016brybin\u012f m\u0105stym\u0105 ir rank\u0173 \u012fg\u016bd\u017eius. Tai puik\u016bs pratimai koncentracijai, kantrybei ir motorinei koordinacijai lavinti. \u017daisdami su \u0161iais lengvais ir tvirtais blokais, vaikai lavina erdvin\u012f m\u0105stym\u0105. Jie puikiai tinka jutim\u0173 ir poj\u016b\u010di\u0173 ugdymui: ry\u0161k\u016bs spalvos stimuliuoja [&hellip;]\" \/>\n<meta property=\"og:url\" content=\"https:\/\/monti.lt\/en\/product\/magnetiniai-blokeliai-64-el-2\/\" \/>\n<meta property=\"og:site_name\" content=\"Montessori \u017eaislai\" \/>\n<meta property=\"article:modified_time\" content=\"2026-03-26T12:48:37+00:00\" \/>\n<meta property=\"og:image\" content=\"https:\/\/monti.lt\/wp-content\/uploads\/2025\/10\/5086D03289372613AF48575CE21C7503.jpg\" \/>\n\t<meta property=\"og:image:width\" content=\"800\" \/>\n\t<meta property=\"og:image:height\" content=\"800\" \/>\n\t<meta property=\"og:image:type\" content=\"image\/jpeg\" \/>\n<meta name=\"twitter:card\" content=\"summary_large_image\" \/>\n<meta name=\"twitter:label1\" content=\"Est. reading time\" \/>\n\t<meta name=\"twitter:data1\" content=\"1 minute\" \/>\n<script type=\"application\/ld+json\" class=\"yoast-schema-graph\">{\"@context\":\"https:\/\/schema.org\",\"@graph\":[{\"@type\":\"WebPage\",\"@id\":\"https:\/\/monti.lt\/product\/magnetiniai-blokeliai-64-el-2\/\",\"url\":\"https:\/\/monti.lt\/product\/magnetiniai-blokeliai-64-el-2\/\",\"name\":\"Magnetiniai blokeliai, 64 el. - Montessori \u017eaislai\",\"isPartOf\":{\"@id\":\"https:\/\/monti.lt\/#website\"},\"primaryImageOfPage\":{\"@id\":\"https:\/\/monti.lt\/product\/magnetiniai-blokeliai-64-el-2\/#primaryimage\"},\"image\":{\"@id\":\"https:\/\/monti.lt\/product\/magnetiniai-blokeliai-64-el-2\/#primaryimage\"},\"thumbnailUrl\":\"https:\/\/monti.lt\/wp-content\/uploads\/2025\/10\/5086D03289372613AF48575CE21C7503.jpg\",\"datePublished\":\"2025-10-14T11:21:41+00:00\",\"dateModified\":\"2026-03-26T12:48:37+00:00\",\"breadcrumb\":{\"@id\":\"https:\/\/monti.lt\/product\/magnetiniai-blokeliai-64-el-2\/#breadcrumb\"},\"inLanguage\":\"en-US\",\"potentialAction\":[{\"@type\":\"ReadAction\",\"target\":[\"https:\/\/monti.lt\/product\/magnetiniai-blokeliai-64-el-2\/\"]}]},{\"@type\":\"ImageObject\",\"inLanguage\":\"en-US\",\"@id\":\"https:\/\/monti.lt\/product\/magnetiniai-blokeliai-64-el-2\/#primaryimage\",\"url\":\"https:\/\/monti.lt\/wp-content\/uploads\/2025\/10\/5086D03289372613AF48575CE21C7503.jpg\",\"contentUrl\":\"https:\/\/monti.lt\/wp-content\/uploads\/2025\/10\/5086D03289372613AF48575CE21C7503.jpg\",\"width\":800,\"height\":800,\"caption\":\"magnetiniai blokeliai\"},{\"@type\":\"BreadcrumbList\",\"@id\":\"https:\/\/monti.lt\/product\/magnetiniai-blokeliai-64-el-2\/#breadcrumb\",\"itemListElement\":[{\"@type\":\"ListItem\",\"position\":1,\"name\":\"Home\",\"item\":\"https:\/\/monti.lt\/\"},{\"@type\":\"ListItem\",\"position\":2,\"name\":\"Parduotuv\u0117\",\"item\":\"https:\/\/monti.lt\/shop\/\"},{\"@type\":\"ListItem\",\"position\":3,\"name\":\"Magnetiniai blokeliai, 64 el.\"}]},{\"@type\":\"WebSite\",\"@id\":\"https:\/\/monti.lt\/#website\",\"url\":\"https:\/\/monti.lt\/\",\"name\":\"Montessori \u017eaislai\",\"description\":\"\",\"publisher\":{\"@id\":\"https:\/\/monti.lt\/#organization\"},\"potentialAction\":[{\"@type\":\"SearchAction\",\"target\":{\"@type\":\"EntryPoint\",\"urlTemplate\":\"https:\/\/monti.lt\/?s={search_term_string}\"},\"query-input\":\"required name=search_term_string\"}],\"inLanguage\":\"en-US\"},{\"@type\":\"Organization\",\"@id\":\"https:\/\/monti.lt\/#organization\",\"name\":\"Montessori \u017eaislai\",\"url\":\"https:\/\/monti.lt\/\",\"logo\":{\"@type\":\"ImageObject\",\"inLanguage\":\"en-US\",\"@id\":\"https:\/\/monti.lt\/#\/schema\/logo\/image\/\",\"url\":\"https:\/\/monti.lt\/wp-content\/uploads\/2022\/03\/montilogo-1.png\",\"contentUrl\":\"https:\/\/monti.lt\/wp-content\/uploads\/2022\/03\/montilogo-1.png\",\"width\":512,\"height\":512,\"caption\":\"Montessori \u017eaislai\"},\"image\":{\"@id\":\"https:\/\/monti.lt\/#\/schema\/logo\/image\/\"}}]}<\/script>\n<!-- \/ Yoast SEO plugin. -->","yoast_head_json":{"title":"Magnetiniai blokeliai, 64 el. - Montessori \u017eaislai","robots":{"index":"index","follow":"follow","max-snippet":"max-snippet:-1","max-image-preview":"max-image-preview:large","max-video-preview":"max-video-preview:-1"},"canonical":"https:\/\/monti.lt\/en\/product\/magnetiniai-blokeliai-64-el-2\/","og_locale":"en_US","og_type":"article","og_title":"Magnetiniai blokeliai, 64 el. - Montessori \u017eaislai","og_description":"Magnetini\u0173 blokeli\u0173 rinkinys ma\u017eiesiems statybininkams. Blokeliai turi labai stiprius magnetus, kurie i\u0161laiko vaik\u0173 sukurtas konstrukcijas. \u017daisdami su blokeliais, vaikai lavina k\u016brybin\u012f m\u0105stym\u0105 ir rank\u0173 \u012fg\u016bd\u017eius. Tai puik\u016bs pratimai koncentracijai, kantrybei ir motorinei koordinacijai lavinti. \u017daisdami su \u0161iais lengvais ir tvirtais blokais, vaikai lavina erdvin\u012f m\u0105stym\u0105. Jie puikiai tinka jutim\u0173 ir poj\u016b\u010di\u0173 ugdymui: ry\u0161k\u016bs spalvos stimuliuoja [&hellip;]","og_url":"https:\/\/monti.lt\/en\/product\/magnetiniai-blokeliai-64-el-2\/","og_site_name":"Montessori \u017eaislai","article_modified_time":"2026-03-26T12:48:37+00:00","og_image":[{"width":800,"height":800,"url":"https:\/\/monti.lt\/wp-content\/uploads\/2025\/10\/5086D03289372613AF48575CE21C7503.jpg","type":"image\/jpeg"}],"twitter_card":"summary_large_image","twitter_misc":{"Est. reading time":"1 minute"},"schema":{"@context":"https:\/\/schema.org","@graph":[{"@type":"WebPage","@id":"https:\/\/monti.lt\/product\/magnetiniai-blokeliai-64-el-2\/","url":"https:\/\/monti.lt\/product\/magnetiniai-blokeliai-64-el-2\/","name":"Magnetiniai blokeliai, 64 el. - Montessori \u017eaislai","isPartOf":{"@id":"https:\/\/monti.lt\/#website"},"primaryImageOfPage":{"@id":"https:\/\/monti.lt\/product\/magnetiniai-blokeliai-64-el-2\/#primaryimage"},"image":{"@id":"https:\/\/monti.lt\/product\/magnetiniai-blokeliai-64-el-2\/#primaryimage"},"thumbnailUrl":"https:\/\/monti.lt\/wp-content\/uploads\/2025\/10\/5086D03289372613AF48575CE21C7503.jpg","datePublished":"2025-10-14T11:21:41+00:00","dateModified":"2026-03-26T12:48:37+00:00","breadcrumb":{"@id":"https:\/\/monti.lt\/product\/magnetiniai-blokeliai-64-el-2\/#breadcrumb"},"inLanguage":"en-US","potentialAction":[{"@type":"ReadAction","target":["https:\/\/monti.lt\/product\/magnetiniai-blokeliai-64-el-2\/"]}]},{"@type":"ImageObject","inLanguage":"en-US","@id":"https:\/\/monti.lt\/product\/magnetiniai-blokeliai-64-el-2\/#primaryimage","url":"https:\/\/monti.lt\/wp-content\/uploads\/2025\/10\/5086D03289372613AF48575CE21C7503.jpg","contentUrl":"https:\/\/monti.lt\/wp-content\/uploads\/2025\/10\/5086D03289372613AF48575CE21C7503.jpg","width":800,"height":800,"caption":"magnetiniai blokeliai"},{"@type":"BreadcrumbList","@id":"https:\/\/monti.lt\/product\/magnetiniai-blokeliai-64-el-2\/#breadcrumb","itemListElement":[{"@type":"ListItem","position":1,"name":"Home","item":"https:\/\/monti.lt\/"},{"@type":"ListItem","position":2,"name":"Parduotuv\u0117","item":"https:\/\/monti.lt\/shop\/"},{"@type":"ListItem","position":3,"name":"Magnetiniai blokeliai, 64 el."}]},{"@type":"WebSite","@id":"https:\/\/monti.lt\/#website","url":"https:\/\/monti.lt\/","name":"Montessori \u017eaislai","description":"","publisher":{"@id":"https:\/\/monti.lt\/#organization"},"potentialAction":[{"@type":"SearchAction","target":{"@type":"EntryPoint","urlTemplate":"https:\/\/monti.lt\/?s={search_term_string}"},"query-input":"required name=search_term_string"}],"inLanguage":"en-US"},{"@type":"Organization","@id":"https:\/\/monti.lt\/#organization","name":"Montessori \u017eaislai","url":"https:\/\/monti.lt\/","logo":{"@type":"ImageObject","inLanguage":"en-US","@id":"https:\/\/monti.lt\/#\/schema\/logo\/image\/","url":"https:\/\/monti.lt\/wp-content\/uploads\/2022\/03\/montilogo-1.png","contentUrl":"https:\/\/monti.lt\/wp-content\/uploads\/2022\/03\/montilogo-1.png","width":512,"height":512,"caption":"Montessori \u017eaislai"},"image":{"@id":"https:\/\/monti.lt\/#\/schema\/logo\/image\/"}}]}},"_links":{"self":[{"href":"https:\/\/monti.lt\/en\/wp-json\/wp\/v2\/product\/34151"}],"collection":[{"href":"https:\/\/monti.lt\/en\/wp-json\/wp\/v2\/product"}],"about":[{"href":"https:\/\/monti.lt\/en\/wp-json\/wp\/v2\/types\/product"}],"version-history":[{"count":1,"href":"https:\/\/monti.lt\/en\/wp-json\/wp\/v2\/product\/34151\/revisions"}],"predecessor-version":[{"id":34153,"href":"https:\/\/monti.lt\/en\/wp-json\/wp\/v2\/product\/34151\/revisions\/34153"}],"wp:featuredmedia":[{"embeddable":true,"href":"https:\/\/monti.lt\/en\/wp-json\/wp\/v2\/media\/34152"}],"wp:attachment":[{"href":"https:\/\/monti.lt\/en\/wp-json\/wp\/v2\/media?parent=34151"}],"wp:term":[{"taxonomy":"product_cat","embeddable":true,"href":"https:\/\/monti.lt\/en\/wp-json\/wp\/v2\/product_cat?post=34151"},{"taxonomy":"product_tag","embeddable":true,"href":"https:\/\/monti.lt\/en\/wp-json\/wp\/v2\/product_tag?post=34151"}],"curies":[{"name":"wp","href":"https:\/\/api.w.org\/{rel}","templated":true}]}}