{"id":34245,"date":"2025-10-16T05:03:58","date_gmt":"2025-10-16T05:03:58","guid":{"rendered":"https:\/\/monti.lt\/?post_type=product&#038;p=34245"},"modified":"2026-03-21T06:20:58","modified_gmt":"2026-03-21T06:20:58","slug":"vaikiskas-dj-pultas","status":"publish","type":"product","link":"https:\/\/monti.lt\/en\/product\/vaikiskas-dj-pultas\/","title":{"rendered":"Vaiki\u0161kas DJ pultas"},"content":{"rendered":"<p>Daugelis vaik\u0173 \u017eavisi DJ, kurie spinduliuoja renginiuose, kuriuose dalyvauja t\u016bkstan\u010diai \u017emoni\u0173, ir nor\u0117t\u0173 patys b\u016bti d\u0117mesio centre. Su \u0161iuo rinkiniu jie tur\u0117s galimyb\u0119 tapti kiekvienos vakar\u0117lio ved\u0117jais ir spinduliuoti tarp savo bendraam\u017ei\u0173. Galimyb\u0117 miksuoti takelius ir prid\u0117ti \u012fvairi\u0173 instrument\u0173 bei garso efekt\u0173 \u012fterpimus rei\u0161kia, kad kiekvien\u0105 kart\u0105 pri\u0117j\u0119 prie pulto vaikai gal\u0117s atrasti visi\u0161kai nauj\u0105 savo kuriamo takelio dimensij\u0105. Galimyb\u0117 prijungti ausines (ne\u012ftrauktos \u012f komplekt\u0105), naudoti mikrofon\u0105 ir reguliuoti grojamos muzikos temp\u0105 rei\u0161kia, kad jie gali valand\u0173 valandas pasinerti \u012f DJ vaidmen\u012f, d\u017eiugindami save ir kitus vakar\u0117lio dalyvius. Visk\u0105 papildo mirksin\u010dios \u0161viesos, kurios sukuria autenti\u0161kos diskotekos atmosfer\u0105.<\/p>\n\n\n\n<p>Produkto savyb\u0117s:<\/p>\n\n\n\n<ul class=\"wp-block-list\">\n<li>4xAA maitinimo \u0161altinis (\u012f komplekt\u0105 ne\u012feina) + mikro USB laidas<\/li>\n\n\n\n<li>efekt\u0173 mygtukai<\/li>\n\n\n\n<li>trys perkusini\u0173 instrument\u0173 garsai<\/li>\n\n\n\n<li>DJ ratas<\/li>\n\n\n\n<li>garsumo ir tempo reguliatorius<\/li>\n\n\n\n<li>galimyb\u0117 groti gars\u0105 i\u0161 i\u0161orinio \u012frenginio<\/li>\n\n\n\n<li>\u012fmontuotas garsiakalbis ir mikrofonas<\/li>\n\n\n\n<li>spalvingas mirksintis fonas pagal ritm\u0105<\/li>\n\n\n\n<li>galimyb\u0117 prijungti ausines per 3,5 mm lizdo kabel\u012f<\/li>\n\n\n\n<li>konsol\u0117s matmenys 32&#215;18,5&#215;6 cm<\/li>\n<\/ul>\n\n\n\n<p>Komplektacija:<\/p>\n\n\n\n<ul class=\"wp-block-list\">\n<li>konsol\u0117<\/li>\n\n\n\n<li>3,5 mm lizdo kabelis<\/li>\n\n\n\n<li>mikro USB kabelis<br>Pakuot\u0117s matmenys: 37 x 28,5 x 8 cm<\/li>\n<\/ul>\n\n\n\n<p><\/p>","protected":false},"excerpt":{"rendered":"<p>Daugelis vaik\u0173 \u017eavisi DJ, kurie spinduliuoja renginiuose, kuriuose dalyvauja t\u016bkstan\u010diai \u017emoni\u0173, ir nor\u0117t\u0173 patys b\u016bti d\u0117mesio centre. Su \u0161iuo rinkiniu jie tur\u0117s galimyb\u0119 tapti kiekvienos vakar\u0117lio ved\u0117jais ir spinduliuoti tarp savo bendraam\u017ei\u0173. Galimyb\u0117 miksuoti takelius ir prid\u0117ti \u012fvairi\u0173 instrument\u0173 bei garso efekt\u0173 \u012fterpimus rei\u0161kia, kad kiekvien\u0105 kart\u0105 pri\u0117j\u0119 prie pulto vaikai gal\u0117s atrasti visi\u0161kai nauj\u0105 [&hellip;]<\/p>","protected":false},"featured_media":34246,"template":"","meta":{"_acf_changed":false,"iawp_total_views":311},"product_cat":[195,216,217,191,192,84,85,50,93,49,39],"product_tag":[97,98,99],"class_list":{"0":"post-34245","1":"product","2":"type-product","3":"status-publish","4":"has-post-thumbnail","6":"product_cat-dovanos-vaikams-3-4-metu","7":"product_cat-dovanos-4-5-metu-vaikams","8":"product_cat-dovanos-5-7-metu-vaikams","9":"product_cat-dovanos-vaikams","10":"product_cat-kaledines-dovanos-vaikams","11":"product_cat-lavinamieji-zaislai","12":"product_cat-muzikiniai-zaislai","13":"product_cat-top-dovanos","14":"product_cat-vaidmenu-zaidimai","15":"product_cat-visi-zaislai","16":"product_cat-zaislai","17":"product_tag-3-m-4-m","18":"product_tag-5-m-7-m","19":"product_tag-8-m-11-m","21":"first","22":"outofstock","23":"taxable","24":"shipping-taxable","25":"purchasable","26":"product-type-simple"},"acf":[],"yoast_head":"<!-- This site is optimized with the Yoast SEO plugin v23.3 - https:\/\/yoast.com\/wordpress\/plugins\/seo\/ -->\n<title>Vaiki\u0161kas DJ pultas - Montessori \u017eaislai<\/title>\n<meta name=\"robots\" content=\"index, follow, max-snippet:-1, max-image-preview:large, max-video-preview:-1\" \/>\n<link rel=\"canonical\" href=\"https:\/\/monti.lt\/en\/product\/vaikiskas-dj-pultas\/\" \/>\n<meta property=\"og:locale\" content=\"en_US\" \/>\n<meta property=\"og:type\" content=\"article\" \/>\n<meta property=\"og:title\" content=\"Vaiki\u0161kas DJ pultas - Montessori \u017eaislai\" \/>\n<meta property=\"og:description\" content=\"Daugelis vaik\u0173 \u017eavisi DJ, kurie spinduliuoja renginiuose, kuriuose dalyvauja t\u016bkstan\u010diai \u017emoni\u0173, ir nor\u0117t\u0173 patys b\u016bti d\u0117mesio centre. Su \u0161iuo rinkiniu jie tur\u0117s galimyb\u0119 tapti kiekvienos vakar\u0117lio ved\u0117jais ir spinduliuoti tarp savo bendraam\u017ei\u0173. Galimyb\u0117 miksuoti takelius ir prid\u0117ti \u012fvairi\u0173 instrument\u0173 bei garso efekt\u0173 \u012fterpimus rei\u0161kia, kad kiekvien\u0105 kart\u0105 pri\u0117j\u0119 prie pulto vaikai gal\u0117s atrasti visi\u0161kai nauj\u0105 [&hellip;]\" \/>\n<meta property=\"og:url\" content=\"https:\/\/monti.lt\/en\/product\/vaikiskas-dj-pultas\/\" \/>\n<meta property=\"og:site_name\" content=\"Montessori \u017eaislai\" \/>\n<meta property=\"article:modified_time\" content=\"2026-03-21T06:20:58+00:00\" \/>\n<meta property=\"og:image\" content=\"https:\/\/monti.lt\/wp-content\/uploads\/2025\/10\/001-1.jpg\" \/>\n\t<meta property=\"og:image:width\" content=\"1341\" \/>\n\t<meta property=\"og:image:height\" content=\"783\" \/>\n\t<meta property=\"og:image:type\" content=\"image\/jpeg\" \/>\n<meta name=\"twitter:card\" content=\"summary_large_image\" \/>\n<meta name=\"twitter:label1\" content=\"Est. reading time\" \/>\n\t<meta name=\"twitter:data1\" content=\"2 minutes\" \/>\n<script type=\"application\/ld+json\" class=\"yoast-schema-graph\">{\"@context\":\"https:\/\/schema.org\",\"@graph\":[{\"@type\":\"WebPage\",\"@id\":\"https:\/\/monti.lt\/product\/vaikiskas-dj-pultas\/\",\"url\":\"https:\/\/monti.lt\/product\/vaikiskas-dj-pultas\/\",\"name\":\"Vaiki\u0161kas DJ pultas - Montessori \u017eaislai\",\"isPartOf\":{\"@id\":\"https:\/\/monti.lt\/#website\"},\"primaryImageOfPage\":{\"@id\":\"https:\/\/monti.lt\/product\/vaikiskas-dj-pultas\/#primaryimage\"},\"image\":{\"@id\":\"https:\/\/monti.lt\/product\/vaikiskas-dj-pultas\/#primaryimage\"},\"thumbnailUrl\":\"https:\/\/monti.lt\/wp-content\/uploads\/2025\/10\/001-1.jpg\",\"datePublished\":\"2025-10-16T05:03:58+00:00\",\"dateModified\":\"2026-03-21T06:20:58+00:00\",\"breadcrumb\":{\"@id\":\"https:\/\/monti.lt\/product\/vaikiskas-dj-pultas\/#breadcrumb\"},\"inLanguage\":\"en-US\",\"potentialAction\":[{\"@type\":\"ReadAction\",\"target\":[\"https:\/\/monti.lt\/product\/vaikiskas-dj-pultas\/\"]}]},{\"@type\":\"ImageObject\",\"inLanguage\":\"en-US\",\"@id\":\"https:\/\/monti.lt\/product\/vaikiskas-dj-pultas\/#primaryimage\",\"url\":\"https:\/\/monti.lt\/wp-content\/uploads\/2025\/10\/001-1.jpg\",\"contentUrl\":\"https:\/\/monti.lt\/wp-content\/uploads\/2025\/10\/001-1.jpg\",\"width\":1341,\"height\":783,\"caption\":\"dj pultas vaikams\"},{\"@type\":\"BreadcrumbList\",\"@id\":\"https:\/\/monti.lt\/product\/vaikiskas-dj-pultas\/#breadcrumb\",\"itemListElement\":[{\"@type\":\"ListItem\",\"position\":1,\"name\":\"Home\",\"item\":\"https:\/\/monti.lt\/\"},{\"@type\":\"ListItem\",\"position\":2,\"name\":\"Parduotuv\u0117\",\"item\":\"https:\/\/monti.lt\/shop\/\"},{\"@type\":\"ListItem\",\"position\":3,\"name\":\"Vaiki\u0161kas DJ pultas\"}]},{\"@type\":\"WebSite\",\"@id\":\"https:\/\/monti.lt\/#website\",\"url\":\"https:\/\/monti.lt\/\",\"name\":\"Montessori \u017eaislai\",\"description\":\"\",\"publisher\":{\"@id\":\"https:\/\/monti.lt\/#organization\"},\"potentialAction\":[{\"@type\":\"SearchAction\",\"target\":{\"@type\":\"EntryPoint\",\"urlTemplate\":\"https:\/\/monti.lt\/?s={search_term_string}\"},\"query-input\":\"required name=search_term_string\"}],\"inLanguage\":\"en-US\"},{\"@type\":\"Organization\",\"@id\":\"https:\/\/monti.lt\/#organization\",\"name\":\"Montessori \u017eaislai\",\"url\":\"https:\/\/monti.lt\/\",\"logo\":{\"@type\":\"ImageObject\",\"inLanguage\":\"en-US\",\"@id\":\"https:\/\/monti.lt\/#\/schema\/logo\/image\/\",\"url\":\"https:\/\/monti.lt\/wp-content\/uploads\/2022\/03\/montilogo-1.png\",\"contentUrl\":\"https:\/\/monti.lt\/wp-content\/uploads\/2022\/03\/montilogo-1.png\",\"width\":512,\"height\":512,\"caption\":\"Montessori \u017eaislai\"},\"image\":{\"@id\":\"https:\/\/monti.lt\/#\/schema\/logo\/image\/\"}}]}<\/script>\n<!-- \/ Yoast SEO plugin. -->","yoast_head_json":{"title":"Vaiki\u0161kas DJ pultas - Montessori \u017eaislai","robots":{"index":"index","follow":"follow","max-snippet":"max-snippet:-1","max-image-preview":"max-image-preview:large","max-video-preview":"max-video-preview:-1"},"canonical":"https:\/\/monti.lt\/en\/product\/vaikiskas-dj-pultas\/","og_locale":"en_US","og_type":"article","og_title":"Vaiki\u0161kas DJ pultas - Montessori \u017eaislai","og_description":"Daugelis vaik\u0173 \u017eavisi DJ, kurie spinduliuoja renginiuose, kuriuose dalyvauja t\u016bkstan\u010diai \u017emoni\u0173, ir nor\u0117t\u0173 patys b\u016bti d\u0117mesio centre. Su \u0161iuo rinkiniu jie tur\u0117s galimyb\u0119 tapti kiekvienos vakar\u0117lio ved\u0117jais ir spinduliuoti tarp savo bendraam\u017ei\u0173. Galimyb\u0117 miksuoti takelius ir prid\u0117ti \u012fvairi\u0173 instrument\u0173 bei garso efekt\u0173 \u012fterpimus rei\u0161kia, kad kiekvien\u0105 kart\u0105 pri\u0117j\u0119 prie pulto vaikai gal\u0117s atrasti visi\u0161kai nauj\u0105 [&hellip;]","og_url":"https:\/\/monti.lt\/en\/product\/vaikiskas-dj-pultas\/","og_site_name":"Montessori \u017eaislai","article_modified_time":"2026-03-21T06:20:58+00:00","og_image":[{"width":1341,"height":783,"url":"https:\/\/monti.lt\/wp-content\/uploads\/2025\/10\/001-1.jpg","type":"image\/jpeg"}],"twitter_card":"summary_large_image","twitter_misc":{"Est. reading time":"2 minutes"},"schema":{"@context":"https:\/\/schema.org","@graph":[{"@type":"WebPage","@id":"https:\/\/monti.lt\/product\/vaikiskas-dj-pultas\/","url":"https:\/\/monti.lt\/product\/vaikiskas-dj-pultas\/","name":"Vaiki\u0161kas DJ pultas - Montessori \u017eaislai","isPartOf":{"@id":"https:\/\/monti.lt\/#website"},"primaryImageOfPage":{"@id":"https:\/\/monti.lt\/product\/vaikiskas-dj-pultas\/#primaryimage"},"image":{"@id":"https:\/\/monti.lt\/product\/vaikiskas-dj-pultas\/#primaryimage"},"thumbnailUrl":"https:\/\/monti.lt\/wp-content\/uploads\/2025\/10\/001-1.jpg","datePublished":"2025-10-16T05:03:58+00:00","dateModified":"2026-03-21T06:20:58+00:00","breadcrumb":{"@id":"https:\/\/monti.lt\/product\/vaikiskas-dj-pultas\/#breadcrumb"},"inLanguage":"en-US","potentialAction":[{"@type":"ReadAction","target":["https:\/\/monti.lt\/product\/vaikiskas-dj-pultas\/"]}]},{"@type":"ImageObject","inLanguage":"en-US","@id":"https:\/\/monti.lt\/product\/vaikiskas-dj-pultas\/#primaryimage","url":"https:\/\/monti.lt\/wp-content\/uploads\/2025\/10\/001-1.jpg","contentUrl":"https:\/\/monti.lt\/wp-content\/uploads\/2025\/10\/001-1.jpg","width":1341,"height":783,"caption":"dj pultas vaikams"},{"@type":"BreadcrumbList","@id":"https:\/\/monti.lt\/product\/vaikiskas-dj-pultas\/#breadcrumb","itemListElement":[{"@type":"ListItem","position":1,"name":"Home","item":"https:\/\/monti.lt\/"},{"@type":"ListItem","position":2,"name":"Parduotuv\u0117","item":"https:\/\/monti.lt\/shop\/"},{"@type":"ListItem","position":3,"name":"Vaiki\u0161kas DJ pultas"}]},{"@type":"WebSite","@id":"https:\/\/monti.lt\/#website","url":"https:\/\/monti.lt\/","name":"Montessori \u017eaislai","description":"","publisher":{"@id":"https:\/\/monti.lt\/#organization"},"potentialAction":[{"@type":"SearchAction","target":{"@type":"EntryPoint","urlTemplate":"https:\/\/monti.lt\/?s={search_term_string}"},"query-input":"required name=search_term_string"}],"inLanguage":"en-US"},{"@type":"Organization","@id":"https:\/\/monti.lt\/#organization","name":"Montessori \u017eaislai","url":"https:\/\/monti.lt\/","logo":{"@type":"ImageObject","inLanguage":"en-US","@id":"https:\/\/monti.lt\/#\/schema\/logo\/image\/","url":"https:\/\/monti.lt\/wp-content\/uploads\/2022\/03\/montilogo-1.png","contentUrl":"https:\/\/monti.lt\/wp-content\/uploads\/2022\/03\/montilogo-1.png","width":512,"height":512,"caption":"Montessori \u017eaislai"},"image":{"@id":"https:\/\/monti.lt\/#\/schema\/logo\/image\/"}}]}},"_links":{"self":[{"href":"https:\/\/monti.lt\/en\/wp-json\/wp\/v2\/product\/34245"}],"collection":[{"href":"https:\/\/monti.lt\/en\/wp-json\/wp\/v2\/product"}],"about":[{"href":"https:\/\/monti.lt\/en\/wp-json\/wp\/v2\/types\/product"}],"version-history":[{"count":1,"href":"https:\/\/monti.lt\/en\/wp-json\/wp\/v2\/product\/34245\/revisions"}],"predecessor-version":[{"id":34258,"href":"https:\/\/monti.lt\/en\/wp-json\/wp\/v2\/product\/34245\/revisions\/34258"}],"wp:featuredmedia":[{"embeddable":true,"href":"https:\/\/monti.lt\/en\/wp-json\/wp\/v2\/media\/34246"}],"wp:attachment":[{"href":"https:\/\/monti.lt\/en\/wp-json\/wp\/v2\/media?parent=34245"}],"wp:term":[{"taxonomy":"product_cat","embeddable":true,"href":"https:\/\/monti.lt\/en\/wp-json\/wp\/v2\/product_cat?post=34245"},{"taxonomy":"product_tag","embeddable":true,"href":"https:\/\/monti.lt\/en\/wp-json\/wp\/v2\/product_tag?post=34245"}],"curies":[{"name":"wp","href":"https:\/\/api.w.org\/{rel}","templated":true}]}}