{"id":34259,"date":"2025-10-16T05:08:46","date_gmt":"2025-10-16T05:08:46","guid":{"rendered":"https:\/\/monti.lt\/?post_type=product&#038;p=34259"},"modified":"2025-12-03T07:12:41","modified_gmt":"2025-12-03T07:12:41","slug":"sviecianciu-magnetiniu-blokeliu-labirintas-252-el","status":"publish","type":"product","link":"https:\/\/monti.lt\/en\/product\/sviecianciu-magnetiniu-blokeliu-labirintas-252-el\/","title":{"rendered":"\u0160vie\u010dian\u010di\u0173 magnetini\u0173 blokeli\u0173 labirintas, 252 el."},"content":{"rendered":"<p>Magnetiniai blokai yra universalus \u017eaislas, kur\u012f vaikai m\u0117gsta nuo ma\u017eens. Net ma\u017eiausias rinkinys si\u016blo mil\u017eini\u0161kas galimybes ir daugyb\u0119 konstrukcij\u0173, kurias galima surinkti. \u017daidimas apima nuosekli\u0173 element\u0173 prid\u0117jim\u0105, sujungiant juos tiesiogiai su j\u0173 poliais arba per metalin\u012f rutul\u012f. Galite statyti \u012fvairias dvimat\u0117s formos ir sud\u0117tingesnes trimat\u0117s strukt\u016bras.<br>Vaikai gali \u017eaisti su blokais vieni arba grup\u0117je, ugdydami bendradarbiavimo geb\u0117jimus statydami. Sud\u0117tingos strukt\u016bros patrauks net ir suaugusius statybininkus.<br>\u017daidimas su magnetiniais blokais turi teigiam\u0105 poveik\u012f vaiko vystymuisi ir intelektui.<\/p>\n\n\n\n<p>RINKINYS APIMA:<br>252 elementus, \u012fskaitant element\u0173 lipdukus, rutulius, 2 fig\u016br\u0117les ir instrukcijas su pavyzdin\u0117mis konstrukcijomis.<\/p>\n\n\n\n<p>Produktas supakuotas \u012f papildom\u0105 kartonin\u0119 d\u0117\u017e\u0119, paruo\u0161t\u0105 siuntimui.<br>Kartonin\u0117s d\u0117\u017e\u0117s matmenys: 47x38x10,5 cm.<\/p>\n\n\n\n<p>Translated with DeepL.com (free version)<\/p>","protected":false},"excerpt":{"rendered":"<p>Magnetiniai blokai yra universalus \u017eaislas, kur\u012f vaikai m\u0117gsta nuo ma\u017eens. Net ma\u017eiausias rinkinys si\u016blo mil\u017eini\u0161kas galimybes ir daugyb\u0119 konstrukcij\u0173, kurias galima surinkti. \u017daidimas apima nuosekli\u0173 element\u0173 prid\u0117jim\u0105, sujungiant juos tiesiogiai su j\u0173 poliais arba per metalin\u012f rutul\u012f. Galite statyti \u012fvairias dvimat\u0117s formos ir sud\u0117tingesnes trimat\u0117s strukt\u016bras.Vaikai gali \u017eaisti su blokais vieni arba grup\u0117je, ugdydami bendradarbiavimo [&hellip;]<\/p>","protected":false},"featured_media":34260,"template":"","meta":{"_acf_changed":false,"iawp_total_views":272},"product_cat":[87,84,86,199,202,49,39],"product_tag":[97,98,99],"class_list":{"0":"post-34259","1":"product","2":"type-product","3":"status-publish","4":"has-post-thumbnail","6":"product_cat-kurybiniai-rinkiniai","7":"product_cat-lavinamieji-zaislai","8":"product_cat-smulkioji-motorika","9":"product_cat-ugdymo-istaigoms","10":"product_cat-vaaikiski-konstruktoriai","11":"product_cat-visi-zaislai","12":"product_cat-zaislai","13":"product_tag-3-m-4-m","14":"product_tag-5-m-7-m","15":"product_tag-8-m-11-m","17":"first","18":"outofstock","19":"sale","20":"taxable","21":"shipping-taxable","22":"purchasable","23":"product-type-simple"},"acf":[],"yoast_head":"<!-- This site is optimized with the Yoast SEO plugin v23.3 - https:\/\/yoast.com\/wordpress\/plugins\/seo\/ -->\n<title>\u0160vie\u010dian\u010di\u0173 magnetini\u0173 blokeli\u0173 labirintas, 252 el. - Montessori \u017eaislai<\/title>\n<meta name=\"robots\" content=\"index, follow, max-snippet:-1, max-image-preview:large, max-video-preview:-1\" \/>\n<link rel=\"canonical\" href=\"https:\/\/monti.lt\/en\/product\/sviecianciu-magnetiniu-blokeliu-labirintas-252-el\/\" \/>\n<meta property=\"og:locale\" content=\"en_US\" \/>\n<meta property=\"og:type\" content=\"article\" \/>\n<meta property=\"og:title\" content=\"\u0160vie\u010dian\u010di\u0173 magnetini\u0173 blokeli\u0173 labirintas, 252 el. - Montessori \u017eaislai\" \/>\n<meta property=\"og:description\" content=\"Magnetiniai blokai yra universalus \u017eaislas, kur\u012f vaikai m\u0117gsta nuo ma\u017eens. Net ma\u017eiausias rinkinys si\u016blo mil\u017eini\u0161kas galimybes ir daugyb\u0119 konstrukcij\u0173, kurias galima surinkti. \u017daidimas apima nuosekli\u0173 element\u0173 prid\u0117jim\u0105, sujungiant juos tiesiogiai su j\u0173 poliais arba per metalin\u012f rutul\u012f. Galite statyti \u012fvairias dvimat\u0117s formos ir sud\u0117tingesnes trimat\u0117s strukt\u016bras.Vaikai gali \u017eaisti su blokais vieni arba grup\u0117je, ugdydami bendradarbiavimo [&hellip;]\" \/>\n<meta property=\"og:url\" content=\"https:\/\/monti.lt\/en\/product\/sviecianciu-magnetiniu-blokeliu-labirintas-252-el\/\" \/>\n<meta property=\"og:site_name\" content=\"Montessori \u017eaislai\" \/>\n<meta property=\"article:modified_time\" content=\"2025-12-03T07:12:41+00:00\" \/>\n<meta property=\"og:image\" content=\"https:\/\/monti.lt\/wp-content\/uploads\/2025\/10\/002-box-1024x1024.jpg\" \/>\n\t<meta property=\"og:image:width\" content=\"1024\" \/>\n\t<meta property=\"og:image:height\" content=\"1024\" \/>\n\t<meta property=\"og:image:type\" content=\"image\/jpeg\" \/>\n<meta name=\"twitter:card\" content=\"summary_large_image\" \/>\n<meta name=\"twitter:label1\" content=\"Est. reading time\" \/>\n\t<meta name=\"twitter:data1\" content=\"1 minute\" \/>\n<script type=\"application\/ld+json\" class=\"yoast-schema-graph\">{\"@context\":\"https:\/\/schema.org\",\"@graph\":[{\"@type\":\"WebPage\",\"@id\":\"https:\/\/monti.lt\/product\/sviecianciu-magnetiniu-blokeliu-labirintas-252-el\/\",\"url\":\"https:\/\/monti.lt\/product\/sviecianciu-magnetiniu-blokeliu-labirintas-252-el\/\",\"name\":\"\u0160vie\u010dian\u010di\u0173 magnetini\u0173 blokeli\u0173 labirintas, 252 el. - Montessori \u017eaislai\",\"isPartOf\":{\"@id\":\"https:\/\/monti.lt\/#website\"},\"primaryImageOfPage\":{\"@id\":\"https:\/\/monti.lt\/product\/sviecianciu-magnetiniu-blokeliu-labirintas-252-el\/#primaryimage\"},\"image\":{\"@id\":\"https:\/\/monti.lt\/product\/sviecianciu-magnetiniu-blokeliu-labirintas-252-el\/#primaryimage\"},\"thumbnailUrl\":\"https:\/\/monti.lt\/wp-content\/uploads\/2025\/10\/002-box.jpg\",\"datePublished\":\"2025-10-16T05:08:46+00:00\",\"dateModified\":\"2025-12-03T07:12:41+00:00\",\"breadcrumb\":{\"@id\":\"https:\/\/monti.lt\/product\/sviecianciu-magnetiniu-blokeliu-labirintas-252-el\/#breadcrumb\"},\"inLanguage\":\"en-US\",\"potentialAction\":[{\"@type\":\"ReadAction\",\"target\":[\"https:\/\/monti.lt\/product\/sviecianciu-magnetiniu-blokeliu-labirintas-252-el\/\"]}]},{\"@type\":\"ImageObject\",\"inLanguage\":\"en-US\",\"@id\":\"https:\/\/monti.lt\/product\/sviecianciu-magnetiniu-blokeliu-labirintas-252-el\/#primaryimage\",\"url\":\"https:\/\/monti.lt\/wp-content\/uploads\/2025\/10\/002-box.jpg\",\"contentUrl\":\"https:\/\/monti.lt\/wp-content\/uploads\/2025\/10\/002-box.jpg\",\"width\":2500,\"height\":2503,\"caption\":\"magnetiniai blokeliai\"},{\"@type\":\"BreadcrumbList\",\"@id\":\"https:\/\/monti.lt\/product\/sviecianciu-magnetiniu-blokeliu-labirintas-252-el\/#breadcrumb\",\"itemListElement\":[{\"@type\":\"ListItem\",\"position\":1,\"name\":\"Home\",\"item\":\"https:\/\/monti.lt\/\"},{\"@type\":\"ListItem\",\"position\":2,\"name\":\"Parduotuv\u0117\",\"item\":\"https:\/\/monti.lt\/shop\/\"},{\"@type\":\"ListItem\",\"position\":3,\"name\":\"\u0160vie\u010dian\u010di\u0173 magnetini\u0173 blokeli\u0173 labirintas, 252 el.\"}]},{\"@type\":\"WebSite\",\"@id\":\"https:\/\/monti.lt\/#website\",\"url\":\"https:\/\/monti.lt\/\",\"name\":\"Montessori \u017eaislai\",\"description\":\"\",\"publisher\":{\"@id\":\"https:\/\/monti.lt\/#organization\"},\"potentialAction\":[{\"@type\":\"SearchAction\",\"target\":{\"@type\":\"EntryPoint\",\"urlTemplate\":\"https:\/\/monti.lt\/?s={search_term_string}\"},\"query-input\":\"required name=search_term_string\"}],\"inLanguage\":\"en-US\"},{\"@type\":\"Organization\",\"@id\":\"https:\/\/monti.lt\/#organization\",\"name\":\"Montessori \u017eaislai\",\"url\":\"https:\/\/monti.lt\/\",\"logo\":{\"@type\":\"ImageObject\",\"inLanguage\":\"en-US\",\"@id\":\"https:\/\/monti.lt\/#\/schema\/logo\/image\/\",\"url\":\"https:\/\/monti.lt\/wp-content\/uploads\/2022\/03\/montilogo-1.png\",\"contentUrl\":\"https:\/\/monti.lt\/wp-content\/uploads\/2022\/03\/montilogo-1.png\",\"width\":512,\"height\":512,\"caption\":\"Montessori \u017eaislai\"},\"image\":{\"@id\":\"https:\/\/monti.lt\/#\/schema\/logo\/image\/\"}}]}<\/script>\n<!-- \/ Yoast SEO plugin. -->","yoast_head_json":{"title":"\u0160vie\u010dian\u010di\u0173 magnetini\u0173 blokeli\u0173 labirintas, 252 el. - Montessori \u017eaislai","robots":{"index":"index","follow":"follow","max-snippet":"max-snippet:-1","max-image-preview":"max-image-preview:large","max-video-preview":"max-video-preview:-1"},"canonical":"https:\/\/monti.lt\/en\/product\/sviecianciu-magnetiniu-blokeliu-labirintas-252-el\/","og_locale":"en_US","og_type":"article","og_title":"\u0160vie\u010dian\u010di\u0173 magnetini\u0173 blokeli\u0173 labirintas, 252 el. - Montessori \u017eaislai","og_description":"Magnetiniai blokai yra universalus \u017eaislas, kur\u012f vaikai m\u0117gsta nuo ma\u017eens. Net ma\u017eiausias rinkinys si\u016blo mil\u017eini\u0161kas galimybes ir daugyb\u0119 konstrukcij\u0173, kurias galima surinkti. \u017daidimas apima nuosekli\u0173 element\u0173 prid\u0117jim\u0105, sujungiant juos tiesiogiai su j\u0173 poliais arba per metalin\u012f rutul\u012f. Galite statyti \u012fvairias dvimat\u0117s formos ir sud\u0117tingesnes trimat\u0117s strukt\u016bras.Vaikai gali \u017eaisti su blokais vieni arba grup\u0117je, ugdydami bendradarbiavimo [&hellip;]","og_url":"https:\/\/monti.lt\/en\/product\/sviecianciu-magnetiniu-blokeliu-labirintas-252-el\/","og_site_name":"Montessori \u017eaislai","article_modified_time":"2025-12-03T07:12:41+00:00","og_image":[{"width":1024,"height":1024,"url":"https:\/\/monti.lt\/wp-content\/uploads\/2025\/10\/002-box-1024x1024.jpg","type":"image\/jpeg"}],"twitter_card":"summary_large_image","twitter_misc":{"Est. reading time":"1 minute"},"schema":{"@context":"https:\/\/schema.org","@graph":[{"@type":"WebPage","@id":"https:\/\/monti.lt\/product\/sviecianciu-magnetiniu-blokeliu-labirintas-252-el\/","url":"https:\/\/monti.lt\/product\/sviecianciu-magnetiniu-blokeliu-labirintas-252-el\/","name":"\u0160vie\u010dian\u010di\u0173 magnetini\u0173 blokeli\u0173 labirintas, 252 el. - Montessori \u017eaislai","isPartOf":{"@id":"https:\/\/monti.lt\/#website"},"primaryImageOfPage":{"@id":"https:\/\/monti.lt\/product\/sviecianciu-magnetiniu-blokeliu-labirintas-252-el\/#primaryimage"},"image":{"@id":"https:\/\/monti.lt\/product\/sviecianciu-magnetiniu-blokeliu-labirintas-252-el\/#primaryimage"},"thumbnailUrl":"https:\/\/monti.lt\/wp-content\/uploads\/2025\/10\/002-box.jpg","datePublished":"2025-10-16T05:08:46+00:00","dateModified":"2025-12-03T07:12:41+00:00","breadcrumb":{"@id":"https:\/\/monti.lt\/product\/sviecianciu-magnetiniu-blokeliu-labirintas-252-el\/#breadcrumb"},"inLanguage":"en-US","potentialAction":[{"@type":"ReadAction","target":["https:\/\/monti.lt\/product\/sviecianciu-magnetiniu-blokeliu-labirintas-252-el\/"]}]},{"@type":"ImageObject","inLanguage":"en-US","@id":"https:\/\/monti.lt\/product\/sviecianciu-magnetiniu-blokeliu-labirintas-252-el\/#primaryimage","url":"https:\/\/monti.lt\/wp-content\/uploads\/2025\/10\/002-box.jpg","contentUrl":"https:\/\/monti.lt\/wp-content\/uploads\/2025\/10\/002-box.jpg","width":2500,"height":2503,"caption":"magnetiniai blokeliai"},{"@type":"BreadcrumbList","@id":"https:\/\/monti.lt\/product\/sviecianciu-magnetiniu-blokeliu-labirintas-252-el\/#breadcrumb","itemListElement":[{"@type":"ListItem","position":1,"name":"Home","item":"https:\/\/monti.lt\/"},{"@type":"ListItem","position":2,"name":"Parduotuv\u0117","item":"https:\/\/monti.lt\/shop\/"},{"@type":"ListItem","position":3,"name":"\u0160vie\u010dian\u010di\u0173 magnetini\u0173 blokeli\u0173 labirintas, 252 el."}]},{"@type":"WebSite","@id":"https:\/\/monti.lt\/#website","url":"https:\/\/monti.lt\/","name":"Montessori \u017eaislai","description":"","publisher":{"@id":"https:\/\/monti.lt\/#organization"},"potentialAction":[{"@type":"SearchAction","target":{"@type":"EntryPoint","urlTemplate":"https:\/\/monti.lt\/?s={search_term_string}"},"query-input":"required name=search_term_string"}],"inLanguage":"en-US"},{"@type":"Organization","@id":"https:\/\/monti.lt\/#organization","name":"Montessori \u017eaislai","url":"https:\/\/monti.lt\/","logo":{"@type":"ImageObject","inLanguage":"en-US","@id":"https:\/\/monti.lt\/#\/schema\/logo\/image\/","url":"https:\/\/monti.lt\/wp-content\/uploads\/2022\/03\/montilogo-1.png","contentUrl":"https:\/\/monti.lt\/wp-content\/uploads\/2022\/03\/montilogo-1.png","width":512,"height":512,"caption":"Montessori \u017eaislai"},"image":{"@id":"https:\/\/monti.lt\/#\/schema\/logo\/image\/"}}]}},"_links":{"self":[{"href":"https:\/\/monti.lt\/en\/wp-json\/wp\/v2\/product\/34259"}],"collection":[{"href":"https:\/\/monti.lt\/en\/wp-json\/wp\/v2\/product"}],"about":[{"href":"https:\/\/monti.lt\/en\/wp-json\/wp\/v2\/types\/product"}],"version-history":[{"count":1,"href":"https:\/\/monti.lt\/en\/wp-json\/wp\/v2\/product\/34259\/revisions"}],"predecessor-version":[{"id":34271,"href":"https:\/\/monti.lt\/en\/wp-json\/wp\/v2\/product\/34259\/revisions\/34271"}],"wp:featuredmedia":[{"embeddable":true,"href":"https:\/\/monti.lt\/en\/wp-json\/wp\/v2\/media\/34260"}],"wp:attachment":[{"href":"https:\/\/monti.lt\/en\/wp-json\/wp\/v2\/media?parent=34259"}],"wp:term":[{"taxonomy":"product_cat","embeddable":true,"href":"https:\/\/monti.lt\/en\/wp-json\/wp\/v2\/product_cat?post=34259"},{"taxonomy":"product_tag","embeddable":true,"href":"https:\/\/monti.lt\/en\/wp-json\/wp\/v2\/product_tag?post=34259"}],"curies":[{"name":"wp","href":"https:\/\/api.w.org\/{rel}","templated":true}]}}