{"id":34277,"date":"2025-10-16T05:19:03","date_gmt":"2025-10-16T05:19:03","guid":{"rendered":"https:\/\/monti.lt\/?post_type=product&#038;p=34277"},"modified":"2025-10-20T18:57:17","modified_gmt":"2025-10-20T18:57:17","slug":"zaidimas-pirstukai","status":"publish","type":"product","link":"https:\/\/monti.lt\/en\/product\/zaidimas-pirstukai\/","title":{"rendered":"\u017daidimas &#8220;Pir\u0161tukai&#8221;"},"content":{"rendered":"<p>Arkadinis \u017eaidimas, kurio tikslas \u2013 surinkti kuo daugiau korteli\u0173. Grei\u010diausias \u017eaid\u0117jas, kuris ant pir\u0161t\u0173 u\u017ed\u0117s gyv\u016bn\u0173 pir\u0161t\u0173 antgalius tokia tvarka, kokia nurodyta atsitiktinai i\u0161trauktoje kortel\u0117je, laimi raund\u0105.<\/p>\n\n\n\n<p>Teisingai u\u017ed\u0117j\u0119s antgalius, \u017eaid\u0117jas apie tai prane\u0161a naudodamas komplekte esant\u012f varpel\u012f.<br>\u017daidimas skirtas 2\u20134 \u017eaid\u0117jams.<br>Komplekte yra:<br>\u2013 20 spalvot\u0173 gyv\u016bn\u0173 \u2013 pir\u0161t\u0173 antgaliai<br>\u2013 24 kortel\u0117s su ra\u0161tais<br>\u2013 varpelis<\/p>\n\n\n\n<p>\u017daidimo d\u0117\u017eut\u0117s matmenys: 28 x 22,5 x 5 cm.<\/p>\n\n\n\n<p>\u017daislas skirtas vaikams nuo 3 met\u0173.<\/p>","protected":false},"excerpt":{"rendered":"<p>Arkadinis \u017eaidimas, kurio tikslas \u2013 surinkti kuo daugiau korteli\u0173. Grei\u010diausias \u017eaid\u0117jas, kuris ant pir\u0161t\u0173 u\u017ed\u0117s gyv\u016bn\u0173 pir\u0161t\u0173 antgalius tokia tvarka, kokia nurodyta atsitiktinai i\u0161trauktoje kortel\u0117je, laimi raund\u0105. Teisingai u\u017ed\u0117j\u0119s antgalius, \u017eaid\u0117jas apie tai prane\u0161a naudodamas komplekte esant\u012f varpel\u012f.\u017daidimas skirtas 2\u20134 \u017eaid\u0117jams.Komplekte yra:\u2013 20 spalvot\u0173 gyv\u016bn\u0173 \u2013 pir\u0161t\u0173 antgaliai\u2013 24 kortel\u0117s su ra\u0161tais\u2013 varpelis \u017daidimo d\u0117\u017eut\u0117s [&hellip;]<\/p>","protected":false},"featured_media":34278,"template":"","meta":{"_acf_changed":false,"iawp_total_views":42},"product_cat":[218,195,216,217,191,192,84,91,88,86,50,199,49,39,201],"product_tag":[97,98],"class_list":{"0":"post-34277","1":"product","2":"type-product","3":"status-publish","4":"has-post-thumbnail","6":"product_cat-darzeliu-grupems","7":"product_cat-dovanos-vaikams-3-4-metu","8":"product_cat-dovanos-4-5-metu-vaikams","9":"product_cat-dovanos-5-7-metu-vaikams","10":"product_cat-dovanos-vaikams","11":"product_cat-kaledines-dovanos-vaikams","12":"product_cat-lavinamieji-zaislai","13":"product_cat-loginiam-mastymui","14":"product_cat-mokausi-zaisti","15":"product_cat-smulkioji-motorika","16":"product_cat-top-dovanos","17":"product_cat-ugdymo-istaigoms","18":"product_cat-visi-zaislai","19":"product_cat-zaislai","20":"product_cat-zaislai-kelioneje","21":"product_tag-3-m-4-m","22":"product_tag-5-m-7-m","24":"first","25":"outofstock","26":"taxable","27":"shipping-taxable","28":"purchasable","29":"product-type-simple"},"acf":[],"yoast_head":"<!-- This site is optimized with the Yoast SEO plugin v23.3 - https:\/\/yoast.com\/wordpress\/plugins\/seo\/ -->\n<title>\u017daidimas &quot;Pir\u0161tukai&quot; - Montessori \u017eaislai<\/title>\n<meta name=\"robots\" content=\"index, follow, max-snippet:-1, max-image-preview:large, max-video-preview:-1\" \/>\n<link rel=\"canonical\" href=\"https:\/\/monti.lt\/en\/product\/zaidimas-pirstukai\/\" \/>\n<meta property=\"og:locale\" content=\"en_US\" \/>\n<meta property=\"og:type\" content=\"article\" \/>\n<meta property=\"og:title\" content=\"\u017daidimas &quot;Pir\u0161tukai&quot; - Montessori \u017eaislai\" \/>\n<meta property=\"og:description\" content=\"Arkadinis \u017eaidimas, kurio tikslas \u2013 surinkti kuo daugiau korteli\u0173. Grei\u010diausias \u017eaid\u0117jas, kuris ant pir\u0161t\u0173 u\u017ed\u0117s gyv\u016bn\u0173 pir\u0161t\u0173 antgalius tokia tvarka, kokia nurodyta atsitiktinai i\u0161trauktoje kortel\u0117je, laimi raund\u0105. Teisingai u\u017ed\u0117j\u0119s antgalius, \u017eaid\u0117jas apie tai prane\u0161a naudodamas komplekte esant\u012f varpel\u012f.\u017daidimas skirtas 2\u20134 \u017eaid\u0117jams.Komplekte yra:\u2013 20 spalvot\u0173 gyv\u016bn\u0173 \u2013 pir\u0161t\u0173 antgaliai\u2013 24 kortel\u0117s su ra\u0161tais\u2013 varpelis \u017daidimo d\u0117\u017eut\u0117s [&hellip;]\" \/>\n<meta property=\"og:url\" content=\"https:\/\/monti.lt\/en\/product\/zaidimas-pirstukai\/\" \/>\n<meta property=\"og:site_name\" content=\"Montessori \u017eaislai\" \/>\n<meta property=\"article:modified_time\" content=\"2025-10-20T18:57:17+00:00\" \/>\n<meta property=\"og:image\" content=\"https:\/\/monti.lt\/wp-content\/uploads\/2025\/10\/001-3.jpg\" \/>\n\t<meta property=\"og:image:width\" content=\"2500\" \/>\n\t<meta property=\"og:image:height\" content=\"1806\" \/>\n\t<meta property=\"og:image:type\" content=\"image\/jpeg\" \/>\n<meta name=\"twitter:card\" content=\"summary_large_image\" \/>\n<meta name=\"twitter:label1\" content=\"Est. reading time\" \/>\n\t<meta name=\"twitter:data1\" content=\"1 minute\" \/>\n<script type=\"application\/ld+json\" class=\"yoast-schema-graph\">{\"@context\":\"https:\/\/schema.org\",\"@graph\":[{\"@type\":\"WebPage\",\"@id\":\"https:\/\/monti.lt\/product\/zaidimas-pirstukai\/\",\"url\":\"https:\/\/monti.lt\/product\/zaidimas-pirstukai\/\",\"name\":\"\u017daidimas \\\"Pir\u0161tukai\\\" - Montessori \u017eaislai\",\"isPartOf\":{\"@id\":\"https:\/\/monti.lt\/#website\"},\"primaryImageOfPage\":{\"@id\":\"https:\/\/monti.lt\/product\/zaidimas-pirstukai\/#primaryimage\"},\"image\":{\"@id\":\"https:\/\/monti.lt\/product\/zaidimas-pirstukai\/#primaryimage\"},\"thumbnailUrl\":\"https:\/\/monti.lt\/wp-content\/uploads\/2025\/10\/001-3.jpg\",\"datePublished\":\"2025-10-16T05:19:03+00:00\",\"dateModified\":\"2025-10-20T18:57:17+00:00\",\"breadcrumb\":{\"@id\":\"https:\/\/monti.lt\/product\/zaidimas-pirstukai\/#breadcrumb\"},\"inLanguage\":\"en-US\",\"potentialAction\":[{\"@type\":\"ReadAction\",\"target\":[\"https:\/\/monti.lt\/product\/zaidimas-pirstukai\/\"]}]},{\"@type\":\"ImageObject\",\"inLanguage\":\"en-US\",\"@id\":\"https:\/\/monti.lt\/product\/zaidimas-pirstukai\/#primaryimage\",\"url\":\"https:\/\/monti.lt\/wp-content\/uploads\/2025\/10\/001-3.jpg\",\"contentUrl\":\"https:\/\/monti.lt\/wp-content\/uploads\/2025\/10\/001-3.jpg\",\"width\":2500,\"height\":1806,\"caption\":\"zaidimas pirstukai\"},{\"@type\":\"BreadcrumbList\",\"@id\":\"https:\/\/monti.lt\/product\/zaidimas-pirstukai\/#breadcrumb\",\"itemListElement\":[{\"@type\":\"ListItem\",\"position\":1,\"name\":\"Home\",\"item\":\"https:\/\/monti.lt\/\"},{\"@type\":\"ListItem\",\"position\":2,\"name\":\"Parduotuv\u0117\",\"item\":\"https:\/\/monti.lt\/shop\/\"},{\"@type\":\"ListItem\",\"position\":3,\"name\":\"\u017daidimas &#8220;Pir\u0161tukai&#8221;\"}]},{\"@type\":\"WebSite\",\"@id\":\"https:\/\/monti.lt\/#website\",\"url\":\"https:\/\/monti.lt\/\",\"name\":\"Montessori \u017eaislai\",\"description\":\"\",\"publisher\":{\"@id\":\"https:\/\/monti.lt\/#organization\"},\"potentialAction\":[{\"@type\":\"SearchAction\",\"target\":{\"@type\":\"EntryPoint\",\"urlTemplate\":\"https:\/\/monti.lt\/?s={search_term_string}\"},\"query-input\":\"required name=search_term_string\"}],\"inLanguage\":\"en-US\"},{\"@type\":\"Organization\",\"@id\":\"https:\/\/monti.lt\/#organization\",\"name\":\"Montessori \u017eaislai\",\"url\":\"https:\/\/monti.lt\/\",\"logo\":{\"@type\":\"ImageObject\",\"inLanguage\":\"en-US\",\"@id\":\"https:\/\/monti.lt\/#\/schema\/logo\/image\/\",\"url\":\"https:\/\/monti.lt\/wp-content\/uploads\/2022\/03\/montilogo-1.png\",\"contentUrl\":\"https:\/\/monti.lt\/wp-content\/uploads\/2022\/03\/montilogo-1.png\",\"width\":512,\"height\":512,\"caption\":\"Montessori \u017eaislai\"},\"image\":{\"@id\":\"https:\/\/monti.lt\/#\/schema\/logo\/image\/\"}}]}<\/script>\n<!-- \/ Yoast SEO plugin. -->","yoast_head_json":{"title":"\u017daidimas \"Pir\u0161tukai\" - Montessori \u017eaislai","robots":{"index":"index","follow":"follow","max-snippet":"max-snippet:-1","max-image-preview":"max-image-preview:large","max-video-preview":"max-video-preview:-1"},"canonical":"https:\/\/monti.lt\/en\/product\/zaidimas-pirstukai\/","og_locale":"en_US","og_type":"article","og_title":"\u017daidimas \"Pir\u0161tukai\" - Montessori \u017eaislai","og_description":"Arkadinis \u017eaidimas, kurio tikslas \u2013 surinkti kuo daugiau korteli\u0173. Grei\u010diausias \u017eaid\u0117jas, kuris ant pir\u0161t\u0173 u\u017ed\u0117s gyv\u016bn\u0173 pir\u0161t\u0173 antgalius tokia tvarka, kokia nurodyta atsitiktinai i\u0161trauktoje kortel\u0117je, laimi raund\u0105. Teisingai u\u017ed\u0117j\u0119s antgalius, \u017eaid\u0117jas apie tai prane\u0161a naudodamas komplekte esant\u012f varpel\u012f.\u017daidimas skirtas 2\u20134 \u017eaid\u0117jams.Komplekte yra:\u2013 20 spalvot\u0173 gyv\u016bn\u0173 \u2013 pir\u0161t\u0173 antgaliai\u2013 24 kortel\u0117s su ra\u0161tais\u2013 varpelis \u017daidimo d\u0117\u017eut\u0117s [&hellip;]","og_url":"https:\/\/monti.lt\/en\/product\/zaidimas-pirstukai\/","og_site_name":"Montessori \u017eaislai","article_modified_time":"2025-10-20T18:57:17+00:00","og_image":[{"width":2500,"height":1806,"url":"https:\/\/monti.lt\/wp-content\/uploads\/2025\/10\/001-3.jpg","type":"image\/jpeg"}],"twitter_card":"summary_large_image","twitter_misc":{"Est. reading time":"1 minute"},"schema":{"@context":"https:\/\/schema.org","@graph":[{"@type":"WebPage","@id":"https:\/\/monti.lt\/product\/zaidimas-pirstukai\/","url":"https:\/\/monti.lt\/product\/zaidimas-pirstukai\/","name":"\u017daidimas \"Pir\u0161tukai\" - Montessori \u017eaislai","isPartOf":{"@id":"https:\/\/monti.lt\/#website"},"primaryImageOfPage":{"@id":"https:\/\/monti.lt\/product\/zaidimas-pirstukai\/#primaryimage"},"image":{"@id":"https:\/\/monti.lt\/product\/zaidimas-pirstukai\/#primaryimage"},"thumbnailUrl":"https:\/\/monti.lt\/wp-content\/uploads\/2025\/10\/001-3.jpg","datePublished":"2025-10-16T05:19:03+00:00","dateModified":"2025-10-20T18:57:17+00:00","breadcrumb":{"@id":"https:\/\/monti.lt\/product\/zaidimas-pirstukai\/#breadcrumb"},"inLanguage":"en-US","potentialAction":[{"@type":"ReadAction","target":["https:\/\/monti.lt\/product\/zaidimas-pirstukai\/"]}]},{"@type":"ImageObject","inLanguage":"en-US","@id":"https:\/\/monti.lt\/product\/zaidimas-pirstukai\/#primaryimage","url":"https:\/\/monti.lt\/wp-content\/uploads\/2025\/10\/001-3.jpg","contentUrl":"https:\/\/monti.lt\/wp-content\/uploads\/2025\/10\/001-3.jpg","width":2500,"height":1806,"caption":"zaidimas pirstukai"},{"@type":"BreadcrumbList","@id":"https:\/\/monti.lt\/product\/zaidimas-pirstukai\/#breadcrumb","itemListElement":[{"@type":"ListItem","position":1,"name":"Home","item":"https:\/\/monti.lt\/"},{"@type":"ListItem","position":2,"name":"Parduotuv\u0117","item":"https:\/\/monti.lt\/shop\/"},{"@type":"ListItem","position":3,"name":"\u017daidimas &#8220;Pir\u0161tukai&#8221;"}]},{"@type":"WebSite","@id":"https:\/\/monti.lt\/#website","url":"https:\/\/monti.lt\/","name":"Montessori \u017eaislai","description":"","publisher":{"@id":"https:\/\/monti.lt\/#organization"},"potentialAction":[{"@type":"SearchAction","target":{"@type":"EntryPoint","urlTemplate":"https:\/\/monti.lt\/?s={search_term_string}"},"query-input":"required name=search_term_string"}],"inLanguage":"en-US"},{"@type":"Organization","@id":"https:\/\/monti.lt\/#organization","name":"Montessori \u017eaislai","url":"https:\/\/monti.lt\/","logo":{"@type":"ImageObject","inLanguage":"en-US","@id":"https:\/\/monti.lt\/#\/schema\/logo\/image\/","url":"https:\/\/monti.lt\/wp-content\/uploads\/2022\/03\/montilogo-1.png","contentUrl":"https:\/\/monti.lt\/wp-content\/uploads\/2022\/03\/montilogo-1.png","width":512,"height":512,"caption":"Montessori \u017eaislai"},"image":{"@id":"https:\/\/monti.lt\/#\/schema\/logo\/image\/"}}]}},"_links":{"self":[{"href":"https:\/\/monti.lt\/en\/wp-json\/wp\/v2\/product\/34277"}],"collection":[{"href":"https:\/\/monti.lt\/en\/wp-json\/wp\/v2\/product"}],"about":[{"href":"https:\/\/monti.lt\/en\/wp-json\/wp\/v2\/types\/product"}],"version-history":[{"count":1,"href":"https:\/\/monti.lt\/en\/wp-json\/wp\/v2\/product\/34277\/revisions"}],"predecessor-version":[{"id":34289,"href":"https:\/\/monti.lt\/en\/wp-json\/wp\/v2\/product\/34277\/revisions\/34289"}],"wp:featuredmedia":[{"embeddable":true,"href":"https:\/\/monti.lt\/en\/wp-json\/wp\/v2\/media\/34278"}],"wp:attachment":[{"href":"https:\/\/monti.lt\/en\/wp-json\/wp\/v2\/media?parent=34277"}],"wp:term":[{"taxonomy":"product_cat","embeddable":true,"href":"https:\/\/monti.lt\/en\/wp-json\/wp\/v2\/product_cat?post=34277"},{"taxonomy":"product_tag","embeddable":true,"href":"https:\/\/monti.lt\/en\/wp-json\/wp\/v2\/product_tag?post=34277"}],"curies":[{"name":"wp","href":"https:\/\/api.w.org\/{rel}","templated":true}]}}