{"id":34290,"date":"2025-10-16T05:24:22","date_gmt":"2025-10-16T05:24:22","guid":{"rendered":"https:\/\/monti.lt\/?post_type=product&#038;p=34290"},"modified":"2025-11-26T09:13:42","modified_gmt":"2025-11-26T09:13:42","slug":"didelis-kinetinio-smelio-rinkinys-4-kg-su-31-el","status":"publish","type":"product","link":"https:\/\/monti.lt\/en\/product\/didelis-kinetinio-smelio-rinkinys-4-kg-su-31-el\/","title":{"rendered":"Didelis kinetinio sm\u0117lio rinkinys, 4 kg su 31 el."},"content":{"rendered":"<p>Magi\u0161kas kinetinis sm\u0117lis, kuris nei\u0161d\u017ei\u016bsta ir nesukiet\u0117ja net po pakartotinio naudojimo. Nenaudojant vandens, galite lengvai suformuoti bet koki\u0105 strukt\u016br\u0105, persona\u017e\u0105 ir pan.<br>Po \u017eaidimo sm\u0117lis gr\u012f\u017eta \u012f savo pradin\u0119 form\u0105. J\u016bs\u0173 vaikas jausis tarsi b\u016bt\u0173 papl\u016bdimyje, formuodamas strukt\u016bras ir sm\u0117lio pilis.<br>Jis nelimpa prie rank\u0173, drabu\u017ei\u0173 ar kit\u0173 daikt\u0173.<br>D\u0117l vis\u0173 \u0161i\u0173 savybi\u0173 kinetinis sm\u0117lis idealiai tinka \u017eaisti namuose, dar\u017eelyje ir ergoterapijos kabinetuose.<\/p>\n\n\n\n<p>Komplekte yra:<\/p>\n\n\n\n<ul class=\"wp-block-list\">\n<li>\u012fvairi\u0173 spalv\u0173 sm\u0117lis \u2013 4 kg<\/li>\n\n\n\n<li>pripu\u010diamas pad\u0117klas 55x42x7 cm<\/li>\n\n\n\n<li>29 \u012fvairi\u0173 form\u0173 formeles<\/li>\n\n\n\n<li>9 \u012frankius (kastuv\u0105, gr\u0117bl\u012f ir kt.)<\/li>\n\n\n\n<li>4 statybini\u0173 transporto priemoni\u0173 modelius<\/li>\n\n\n\n<li>siurbl\u012f<\/li>\n\n\n\n<li>u\u017erakinam\u0105 d\u0117\u017e\u0119 29x20x15 cm<\/li>\n<\/ul>\n\n\n\n<p>pakuot\u0117s matmenys 30x22x19 cm<\/p>","protected":false},"excerpt":{"rendered":"<p>Magi\u0161kas kinetinis sm\u0117lis, kuris nei\u0161d\u017ei\u016bsta ir nesukiet\u0117ja net po pakartotinio naudojimo. Nenaudojant vandens, galite lengvai suformuoti bet koki\u0105 strukt\u016br\u0105, persona\u017e\u0105 ir pan.Po \u017eaidimo sm\u0117lis gr\u012f\u017eta \u012f savo pradin\u0119 form\u0105. J\u016bs\u0173 vaikas jausis tarsi b\u016bt\u0173 papl\u016bdimyje, formuodamas strukt\u016bras ir sm\u0117lio pilis.Jis nelimpa prie rank\u0173, drabu\u017ei\u0173 ar kit\u0173 daikt\u0173.D\u0117l vis\u0173 \u0161i\u0173 savybi\u0173 kinetinis sm\u0117lis idealiai tinka \u017eaisti [&hellip;]<\/p>","protected":false},"featured_media":34291,"template":"","meta":{"_acf_changed":false,"iawp_total_views":92},"product_cat":[87,84,90,49,39],"product_tag":[97,98],"class_list":{"0":"post-34290","1":"product","2":"type-product","3":"status-publish","4":"has-post-thumbnail","6":"product_cat-kurybiniai-rinkiniai","7":"product_cat-lavinamieji-zaislai","8":"product_cat-pasaulio-pazinimas","9":"product_cat-visi-zaislai","10":"product_cat-zaislai","11":"product_tag-3-m-4-m","12":"product_tag-5-m-7-m","14":"first","15":"outofstock","16":"sale","17":"taxable","18":"shipping-taxable","19":"purchasable","20":"product-type-simple"},"acf":[],"yoast_head":"<!-- This site is optimized with the Yoast SEO plugin v23.3 - https:\/\/yoast.com\/wordpress\/plugins\/seo\/ -->\n<title>Didelis kinetinio sm\u0117lio rinkinys, 4 kg su 31 el. - Montessori \u017eaislai<\/title>\n<meta name=\"robots\" content=\"index, follow, max-snippet:-1, max-image-preview:large, max-video-preview:-1\" \/>\n<link rel=\"canonical\" href=\"https:\/\/monti.lt\/en\/product\/didelis-kinetinio-smelio-rinkinys-4-kg-su-31-el\/\" \/>\n<meta property=\"og:locale\" content=\"en_US\" \/>\n<meta property=\"og:type\" content=\"article\" \/>\n<meta property=\"og:title\" content=\"Didelis kinetinio sm\u0117lio rinkinys, 4 kg su 31 el. - Montessori \u017eaislai\" \/>\n<meta property=\"og:description\" content=\"Magi\u0161kas kinetinis sm\u0117lis, kuris nei\u0161d\u017ei\u016bsta ir nesukiet\u0117ja net po pakartotinio naudojimo. Nenaudojant vandens, galite lengvai suformuoti bet koki\u0105 strukt\u016br\u0105, persona\u017e\u0105 ir pan.Po \u017eaidimo sm\u0117lis gr\u012f\u017eta \u012f savo pradin\u0119 form\u0105. J\u016bs\u0173 vaikas jausis tarsi b\u016bt\u0173 papl\u016bdimyje, formuodamas strukt\u016bras ir sm\u0117lio pilis.Jis nelimpa prie rank\u0173, drabu\u017ei\u0173 ar kit\u0173 daikt\u0173.D\u0117l vis\u0173 \u0161i\u0173 savybi\u0173 kinetinis sm\u0117lis idealiai tinka \u017eaisti [&hellip;]\" \/>\n<meta property=\"og:url\" content=\"https:\/\/monti.lt\/en\/product\/didelis-kinetinio-smelio-rinkinys-4-kg-su-31-el\/\" \/>\n<meta property=\"og:site_name\" content=\"Montessori \u017eaislai\" \/>\n<meta property=\"article:modified_time\" content=\"2025-11-26T09:13:42+00:00\" \/>\n<meta property=\"og:image\" content=\"https:\/\/monti.lt\/wp-content\/uploads\/2025\/10\/016-1-1024x1024.jpg\" \/>\n\t<meta property=\"og:image:width\" content=\"1024\" \/>\n\t<meta property=\"og:image:height\" content=\"1024\" \/>\n\t<meta property=\"og:image:type\" content=\"image\/jpeg\" \/>\n<meta name=\"twitter:card\" content=\"summary_large_image\" \/>\n<meta name=\"twitter:label1\" content=\"Est. reading time\" \/>\n\t<meta name=\"twitter:data1\" content=\"1 minute\" \/>\n<script type=\"application\/ld+json\" class=\"yoast-schema-graph\">{\"@context\":\"https:\/\/schema.org\",\"@graph\":[{\"@type\":\"WebPage\",\"@id\":\"https:\/\/monti.lt\/product\/didelis-kinetinio-smelio-rinkinys-4-kg-su-31-el\/\",\"url\":\"https:\/\/monti.lt\/product\/didelis-kinetinio-smelio-rinkinys-4-kg-su-31-el\/\",\"name\":\"Didelis kinetinio sm\u0117lio rinkinys, 4 kg su 31 el. - Montessori \u017eaislai\",\"isPartOf\":{\"@id\":\"https:\/\/monti.lt\/#website\"},\"primaryImageOfPage\":{\"@id\":\"https:\/\/monti.lt\/product\/didelis-kinetinio-smelio-rinkinys-4-kg-su-31-el\/#primaryimage\"},\"image\":{\"@id\":\"https:\/\/monti.lt\/product\/didelis-kinetinio-smelio-rinkinys-4-kg-su-31-el\/#primaryimage\"},\"thumbnailUrl\":\"https:\/\/monti.lt\/wp-content\/uploads\/2025\/10\/016-1.jpg\",\"datePublished\":\"2025-10-16T05:24:22+00:00\",\"dateModified\":\"2025-11-26T09:13:42+00:00\",\"breadcrumb\":{\"@id\":\"https:\/\/monti.lt\/product\/didelis-kinetinio-smelio-rinkinys-4-kg-su-31-el\/#breadcrumb\"},\"inLanguage\":\"en-US\",\"potentialAction\":[{\"@type\":\"ReadAction\",\"target\":[\"https:\/\/monti.lt\/product\/didelis-kinetinio-smelio-rinkinys-4-kg-su-31-el\/\"]}]},{\"@type\":\"ImageObject\",\"inLanguage\":\"en-US\",\"@id\":\"https:\/\/monti.lt\/product\/didelis-kinetinio-smelio-rinkinys-4-kg-su-31-el\/#primaryimage\",\"url\":\"https:\/\/monti.lt\/wp-content\/uploads\/2025\/10\/016-1.jpg\",\"contentUrl\":\"https:\/\/monti.lt\/wp-content\/uploads\/2025\/10\/016-1.jpg\",\"width\":2500,\"height\":2500,\"caption\":\"didelis kinetinio smelio rinkinys\"},{\"@type\":\"BreadcrumbList\",\"@id\":\"https:\/\/monti.lt\/product\/didelis-kinetinio-smelio-rinkinys-4-kg-su-31-el\/#breadcrumb\",\"itemListElement\":[{\"@type\":\"ListItem\",\"position\":1,\"name\":\"Home\",\"item\":\"https:\/\/monti.lt\/\"},{\"@type\":\"ListItem\",\"position\":2,\"name\":\"Parduotuv\u0117\",\"item\":\"https:\/\/monti.lt\/shop\/\"},{\"@type\":\"ListItem\",\"position\":3,\"name\":\"Didelis kinetinio sm\u0117lio rinkinys, 4 kg su 31 el.\"}]},{\"@type\":\"WebSite\",\"@id\":\"https:\/\/monti.lt\/#website\",\"url\":\"https:\/\/monti.lt\/\",\"name\":\"Montessori \u017eaislai\",\"description\":\"\",\"publisher\":{\"@id\":\"https:\/\/monti.lt\/#organization\"},\"potentialAction\":[{\"@type\":\"SearchAction\",\"target\":{\"@type\":\"EntryPoint\",\"urlTemplate\":\"https:\/\/monti.lt\/?s={search_term_string}\"},\"query-input\":\"required name=search_term_string\"}],\"inLanguage\":\"en-US\"},{\"@type\":\"Organization\",\"@id\":\"https:\/\/monti.lt\/#organization\",\"name\":\"Montessori \u017eaislai\",\"url\":\"https:\/\/monti.lt\/\",\"logo\":{\"@type\":\"ImageObject\",\"inLanguage\":\"en-US\",\"@id\":\"https:\/\/monti.lt\/#\/schema\/logo\/image\/\",\"url\":\"https:\/\/monti.lt\/wp-content\/uploads\/2022\/03\/montilogo-1.png\",\"contentUrl\":\"https:\/\/monti.lt\/wp-content\/uploads\/2022\/03\/montilogo-1.png\",\"width\":512,\"height\":512,\"caption\":\"Montessori \u017eaislai\"},\"image\":{\"@id\":\"https:\/\/monti.lt\/#\/schema\/logo\/image\/\"}}]}<\/script>\n<!-- \/ Yoast SEO plugin. -->","yoast_head_json":{"title":"Didelis kinetinio sm\u0117lio rinkinys, 4 kg su 31 el. - Montessori \u017eaislai","robots":{"index":"index","follow":"follow","max-snippet":"max-snippet:-1","max-image-preview":"max-image-preview:large","max-video-preview":"max-video-preview:-1"},"canonical":"https:\/\/monti.lt\/en\/product\/didelis-kinetinio-smelio-rinkinys-4-kg-su-31-el\/","og_locale":"en_US","og_type":"article","og_title":"Didelis kinetinio sm\u0117lio rinkinys, 4 kg su 31 el. - Montessori \u017eaislai","og_description":"Magi\u0161kas kinetinis sm\u0117lis, kuris nei\u0161d\u017ei\u016bsta ir nesukiet\u0117ja net po pakartotinio naudojimo. Nenaudojant vandens, galite lengvai suformuoti bet koki\u0105 strukt\u016br\u0105, persona\u017e\u0105 ir pan.Po \u017eaidimo sm\u0117lis gr\u012f\u017eta \u012f savo pradin\u0119 form\u0105. J\u016bs\u0173 vaikas jausis tarsi b\u016bt\u0173 papl\u016bdimyje, formuodamas strukt\u016bras ir sm\u0117lio pilis.Jis nelimpa prie rank\u0173, drabu\u017ei\u0173 ar kit\u0173 daikt\u0173.D\u0117l vis\u0173 \u0161i\u0173 savybi\u0173 kinetinis sm\u0117lis idealiai tinka \u017eaisti [&hellip;]","og_url":"https:\/\/monti.lt\/en\/product\/didelis-kinetinio-smelio-rinkinys-4-kg-su-31-el\/","og_site_name":"Montessori \u017eaislai","article_modified_time":"2025-11-26T09:13:42+00:00","og_image":[{"width":1024,"height":1024,"url":"https:\/\/monti.lt\/wp-content\/uploads\/2025\/10\/016-1-1024x1024.jpg","type":"image\/jpeg"}],"twitter_card":"summary_large_image","twitter_misc":{"Est. reading time":"1 minute"},"schema":{"@context":"https:\/\/schema.org","@graph":[{"@type":"WebPage","@id":"https:\/\/monti.lt\/product\/didelis-kinetinio-smelio-rinkinys-4-kg-su-31-el\/","url":"https:\/\/monti.lt\/product\/didelis-kinetinio-smelio-rinkinys-4-kg-su-31-el\/","name":"Didelis kinetinio sm\u0117lio rinkinys, 4 kg su 31 el. - Montessori \u017eaislai","isPartOf":{"@id":"https:\/\/monti.lt\/#website"},"primaryImageOfPage":{"@id":"https:\/\/monti.lt\/product\/didelis-kinetinio-smelio-rinkinys-4-kg-su-31-el\/#primaryimage"},"image":{"@id":"https:\/\/monti.lt\/product\/didelis-kinetinio-smelio-rinkinys-4-kg-su-31-el\/#primaryimage"},"thumbnailUrl":"https:\/\/monti.lt\/wp-content\/uploads\/2025\/10\/016-1.jpg","datePublished":"2025-10-16T05:24:22+00:00","dateModified":"2025-11-26T09:13:42+00:00","breadcrumb":{"@id":"https:\/\/monti.lt\/product\/didelis-kinetinio-smelio-rinkinys-4-kg-su-31-el\/#breadcrumb"},"inLanguage":"en-US","potentialAction":[{"@type":"ReadAction","target":["https:\/\/monti.lt\/product\/didelis-kinetinio-smelio-rinkinys-4-kg-su-31-el\/"]}]},{"@type":"ImageObject","inLanguage":"en-US","@id":"https:\/\/monti.lt\/product\/didelis-kinetinio-smelio-rinkinys-4-kg-su-31-el\/#primaryimage","url":"https:\/\/monti.lt\/wp-content\/uploads\/2025\/10\/016-1.jpg","contentUrl":"https:\/\/monti.lt\/wp-content\/uploads\/2025\/10\/016-1.jpg","width":2500,"height":2500,"caption":"didelis kinetinio smelio rinkinys"},{"@type":"BreadcrumbList","@id":"https:\/\/monti.lt\/product\/didelis-kinetinio-smelio-rinkinys-4-kg-su-31-el\/#breadcrumb","itemListElement":[{"@type":"ListItem","position":1,"name":"Home","item":"https:\/\/monti.lt\/"},{"@type":"ListItem","position":2,"name":"Parduotuv\u0117","item":"https:\/\/monti.lt\/shop\/"},{"@type":"ListItem","position":3,"name":"Didelis kinetinio sm\u0117lio rinkinys, 4 kg su 31 el."}]},{"@type":"WebSite","@id":"https:\/\/monti.lt\/#website","url":"https:\/\/monti.lt\/","name":"Montessori \u017eaislai","description":"","publisher":{"@id":"https:\/\/monti.lt\/#organization"},"potentialAction":[{"@type":"SearchAction","target":{"@type":"EntryPoint","urlTemplate":"https:\/\/monti.lt\/?s={search_term_string}"},"query-input":"required name=search_term_string"}],"inLanguage":"en-US"},{"@type":"Organization","@id":"https:\/\/monti.lt\/#organization","name":"Montessori \u017eaislai","url":"https:\/\/monti.lt\/","logo":{"@type":"ImageObject","inLanguage":"en-US","@id":"https:\/\/monti.lt\/#\/schema\/logo\/image\/","url":"https:\/\/monti.lt\/wp-content\/uploads\/2022\/03\/montilogo-1.png","contentUrl":"https:\/\/monti.lt\/wp-content\/uploads\/2022\/03\/montilogo-1.png","width":512,"height":512,"caption":"Montessori \u017eaislai"},"image":{"@id":"https:\/\/monti.lt\/#\/schema\/logo\/image\/"}}]}},"_links":{"self":[{"href":"https:\/\/monti.lt\/en\/wp-json\/wp\/v2\/product\/34290"}],"collection":[{"href":"https:\/\/monti.lt\/en\/wp-json\/wp\/v2\/product"}],"about":[{"href":"https:\/\/monti.lt\/en\/wp-json\/wp\/v2\/types\/product"}],"version-history":[{"count":1,"href":"https:\/\/monti.lt\/en\/wp-json\/wp\/v2\/product\/34290\/revisions"}],"predecessor-version":[{"id":34309,"href":"https:\/\/monti.lt\/en\/wp-json\/wp\/v2\/product\/34290\/revisions\/34309"}],"wp:featuredmedia":[{"embeddable":true,"href":"https:\/\/monti.lt\/en\/wp-json\/wp\/v2\/media\/34291"}],"wp:attachment":[{"href":"https:\/\/monti.lt\/en\/wp-json\/wp\/v2\/media?parent=34290"}],"wp:term":[{"taxonomy":"product_cat","embeddable":true,"href":"https:\/\/monti.lt\/en\/wp-json\/wp\/v2\/product_cat?post=34290"},{"taxonomy":"product_tag","embeddable":true,"href":"https:\/\/monti.lt\/en\/wp-json\/wp\/v2\/product_tag?post=34290"}],"curies":[{"name":"wp","href":"https:\/\/api.w.org\/{rel}","templated":true}]}}