{"id":34411,"date":"2025-10-20T09:02:31","date_gmt":"2025-10-20T09:02:31","guid":{"rendered":"https:\/\/monti.lt\/?post_type=product&#038;p=34411"},"modified":"2025-12-15T16:49:23","modified_gmt":"2025-12-15T16:49:23","slug":"interaktyvi-skalbimo-masina","status":"publish","type":"product","link":"https:\/\/monti.lt\/en\/product\/interaktyvi-skalbimo-masina\/","title":{"rendered":"Interaktyvi skalbimo ma\u0161ina"},"content":{"rendered":"<h1 class=\"wp-block-heading\">Vaiki\u0161ka automatin\u0117 skalbimo ma\u0161ina su jutikliniu skydeliu, interaktyviu garsu, besisukan\u010diu b\u016bgnu!&nbsp;<\/h1>\n\n\n\n<p>&nbsp;&nbsp;<strong>vystymasis per \u017eaidim\u0105<\/strong>&nbsp;&nbsp;&nbsp;\u2013 interaktyvios skalbimo ma\u0161inos palaikymas&nbsp;&nbsp;&nbsp;lavinti&nbsp;<strong>vaiko k\u016brybi\u0161kum\u0105, rankinius \u012fg\u016bd\u017eius ir vaizduot\u0119<\/strong>&nbsp;, mokant savaranki\u0161kumo ir \u012fsitraukimo \u012f nam\u0173 ruo\u0161os darbus&nbsp;<\/p>\n\n\n\n<p>&nbsp;&nbsp;<strong>saugus vaikams<\/strong>&nbsp;&nbsp;&nbsp;\u2013 visi \u017eaislo elementai pagaminti i\u0161 tvirt\u0173, netoksi\u0161k\u0173 med\u017eiag\u0173,&nbsp;<strong>pritaikyti ma\u017eoms rankyt\u0117ms ir be a\u0161tri\u0173 briaun\u0173<\/strong><\/p>\n\n\n\n<p>&nbsp;&nbsp;<strong>interaktyvus \u017eaislas<\/strong>&nbsp;&nbsp;&nbsp;\u2013 skalbimo ma\u0161inoje yra daug realisti\u0161k\u0173 element\u0173, toki\u0173 kaip&nbsp;<strong>atidaromos durel\u0117s, besisukantis b\u016bgnas su kamuoliukais, temperat\u016bros nustatymo ranken\u0117l\u0117, skydelis su mygtukais, skalbimo priemoni\u0173 stal\u010dius ir garso efektai,&nbsp;&nbsp;<\/strong>&nbsp;Tokia \u012fvairov\u0117 leid\u017eia vaikams prisiimti ma\u017eo nam\u0173 \u016bkio nario vaidmen\u012f ir suvaidinti kasdienes scenas i\u0161 realaus gyvenimo.<\/p>\n\n\n\n<h2 class=\"wp-block-heading\">Interaktyvios skalbimo ma\u0161inos specifikacijos:<\/h2>\n\n\n\n<ul class=\"wp-block-list\">\n<li>atitinka Europos standartus<\/li>\n\n\n\n<li>mokymosi \u017eaislas<\/li>\n\n\n\n<li>\u012ftraukia skirtingus poj\u016b\u010dius<\/li>\n\n\n\n<li>palaiko smulkiosios motorikos vystym\u0105si<\/li>\n\n\n\n<li>lavina vaizduot\u0119<\/li>\n\n\n\n<li>atidaromos durys<\/li>\n\n\n\n<li>besisukantis b\u016bgnas<\/li>\n\n\n\n<li>skalbimo temperat\u016bros keitimo ranken\u0117l\u0117<\/li>\n\n\n\n<li>jutiklinis ekranas su mygtukais<\/li>\n\n\n\n<li>garso efektai<\/li>\n\n\n\n<li>i\u0161traukiamas milteli\u0173 konteineris<\/li>\n\n\n\n<li>Maitinimo \u0161altinis: 3 x AA baterijos (nepridedamos)<\/li>\n\n\n\n<li>Matmenys: 24,7 x 13 x 18 cm<\/li>\n\n\n\n<li>svoris: 0,576 kg<\/li>\n\n\n\n<li>Svoris pakuot\u0117je: 0,901 kg<\/li>\n\n\n\n<li>spalva: daugiaspalv\u0117<\/li>\n\n\n\n<li>med\u017eiaga: PP, PC, ABS<\/li>\n<\/ul>\n\n\n\n<h2 class=\"wp-block-heading\">\u012e komplekt\u0105 \u012feina:<\/h2>\n\n\n\n<ul class=\"wp-block-list\">\n<li>skalbimo ma\u0161ina<\/li>\n\n\n\n<li>vartotojo vadovas<\/li>\n\n\n\n<li>spalvinga pakuot\u0117<\/li>\n\n\n\n<li>ruda siuntimo d\u0117\u017eut\u0117<\/li>\n<\/ul>\n\n\n\n<p><strong>GAMINTOJAS:<\/strong><\/p>\n\n\n\n<p>JIA HENG PLASTIC TOYS FACTORY<br>CHENGHAI DISTRICT,SHANTOU CITY,GUANGDONG PROVINCE,CHINA<br>2784662318@qq.com<\/p>\n\n\n\n<p><strong>ATSAKINGAS ASMUO ES:<\/strong><\/p>\n\n\n\n<p>IsoTrade<\/p>\n\n\n\n<p><strong>\u012eSP\u0116JIMO TURINYS:<\/strong><\/p>\n\n\n\n<p>&#8211; \u012esp\u0117jimas. Netinka vaikams iki 36 m\u0117nesi\u0173. Smulkios dalys. U\u017espringimo pavojus.<br>&#8211; Produktai netinkami vartoti.<br>&#8211; Saugoti nuo at\u0161iauri\u0173 oro s\u0105lyg\u0173 ir ugnies.<br>&#8211; Naudoti pagal paskirt\u012f.<br>&#8211; Neignoruokite rekomendacij\u0173 d\u0117l naudotojo am\u017eiaus.<br>&#8211; Nenaudokite pa\u017eeisto gaminio.<br>&#8211; Surinkimui reikalingas suaug\u0119s asmuo.<br>&#8211; Nelaikykite nesurinkt\u0173 dali\u0173 vaikams prieinamose vietose.<br>&#8211; Pakuot\u0117 n\u0117ra \u017eaislas. \u017daisl\u0105 turi i\u0161pakuoti suaug\u0119s asmuo, o pakuot\u0119 ir jos fragmentus reikia laikyti vaikams nepasiekiamoje vietoje.<\/p>","protected":false},"excerpt":{"rendered":"<p>Vaiki\u0161ka automatin\u0117 skalbimo ma\u0161ina su jutikliniu skydeliu, interaktyviu garsu, besisukan\u010diu b\u016bgnu!&nbsp; &nbsp;&nbsp;vystymasis per \u017eaidim\u0105&nbsp;&nbsp;&nbsp;\u2013 interaktyvios skalbimo ma\u0161inos palaikymas&nbsp;&nbsp;&nbsp;lavinti&nbsp;vaiko k\u016brybi\u0161kum\u0105, rankinius \u012fg\u016bd\u017eius ir vaizduot\u0119&nbsp;, mokant savaranki\u0161kumo ir \u012fsitraukimo \u012f nam\u0173 ruo\u0161os darbus&nbsp; &nbsp;&nbsp;saugus vaikams&nbsp;&nbsp;&nbsp;\u2013 visi \u017eaislo elementai pagaminti i\u0161 tvirt\u0173, netoksi\u0161k\u0173 med\u017eiag\u0173,&nbsp;pritaikyti ma\u017eoms rankyt\u0117ms ir be a\u0161tri\u0173 briaun\u0173 &nbsp;&nbsp;interaktyvus \u017eaislas&nbsp;&nbsp;&nbsp;\u2013 skalbimo ma\u0161inoje yra daug realisti\u0161k\u0173 element\u0173, [&hellip;]<\/p>","protected":false},"featured_media":34412,"template":"","meta":{"_acf_changed":false,"iawp_total_views":175},"product_cat":[84,93,49,39],"product_tag":[97,98],"class_list":{"0":"post-34411","1":"product","2":"type-product","3":"status-publish","4":"has-post-thumbnail","6":"product_cat-lavinamieji-zaislai","7":"product_cat-vaidmenu-zaidimai","8":"product_cat-visi-zaislai","9":"product_cat-zaislai","10":"product_tag-3-m-4-m","11":"product_tag-5-m-7-m","13":"first","14":"outofstock","15":"sale","16":"taxable","17":"shipping-taxable","18":"purchasable","19":"product-type-simple"},"acf":[],"yoast_head":"<!-- This site is optimized with the Yoast SEO plugin v23.3 - https:\/\/yoast.com\/wordpress\/plugins\/seo\/ -->\n<title>Interaktyvi skalbimo ma\u0161ina - Montessori \u017eaislai<\/title>\n<meta name=\"robots\" content=\"index, follow, max-snippet:-1, max-image-preview:large, max-video-preview:-1\" \/>\n<link rel=\"canonical\" href=\"https:\/\/monti.lt\/en\/product\/interaktyvi-skalbimo-masina\/\" \/>\n<meta property=\"og:locale\" content=\"en_US\" \/>\n<meta property=\"og:type\" content=\"article\" \/>\n<meta property=\"og:title\" content=\"Interaktyvi skalbimo ma\u0161ina - Montessori \u017eaislai\" \/>\n<meta property=\"og:description\" content=\"Vaiki\u0161ka automatin\u0117 skalbimo ma\u0161ina su jutikliniu skydeliu, interaktyviu garsu, besisukan\u010diu b\u016bgnu!&nbsp; &nbsp;&nbsp;vystymasis per \u017eaidim\u0105&nbsp;&nbsp;&nbsp;\u2013 interaktyvios skalbimo ma\u0161inos palaikymas&nbsp;&nbsp;&nbsp;lavinti&nbsp;vaiko k\u016brybi\u0161kum\u0105, rankinius \u012fg\u016bd\u017eius ir vaizduot\u0119&nbsp;, mokant savaranki\u0161kumo ir \u012fsitraukimo \u012f nam\u0173 ruo\u0161os darbus&nbsp; &nbsp;&nbsp;saugus vaikams&nbsp;&nbsp;&nbsp;\u2013 visi \u017eaislo elementai pagaminti i\u0161 tvirt\u0173, netoksi\u0161k\u0173 med\u017eiag\u0173,&nbsp;pritaikyti ma\u017eoms rankyt\u0117ms ir be a\u0161tri\u0173 briaun\u0173 &nbsp;&nbsp;interaktyvus \u017eaislas&nbsp;&nbsp;&nbsp;\u2013 skalbimo ma\u0161inoje yra daug realisti\u0161k\u0173 element\u0173, [&hellip;]\" \/>\n<meta property=\"og:url\" content=\"https:\/\/monti.lt\/en\/product\/interaktyvi-skalbimo-masina\/\" \/>\n<meta property=\"og:site_name\" content=\"Montessori \u017eaislai\" \/>\n<meta property=\"article:modified_time\" content=\"2025-12-15T16:49:23+00:00\" \/>\n<meta property=\"og:image\" content=\"https:\/\/monti.lt\/wp-content\/uploads\/2025\/10\/lit_pl_Interaktyvi-skalbimo-masina-vaikams-26285-18465_12-2.jpg\" \/>\n\t<meta property=\"og:image:width\" content=\"500\" \/>\n\t<meta property=\"og:image:height\" content=\"500\" \/>\n\t<meta property=\"og:image:type\" content=\"image\/jpeg\" \/>\n<meta name=\"twitter:card\" content=\"summary_large_image\" \/>\n<meta name=\"twitter:label1\" content=\"Est. reading time\" \/>\n\t<meta name=\"twitter:data1\" content=\"2 minutes\" \/>\n<script type=\"application\/ld+json\" class=\"yoast-schema-graph\">{\"@context\":\"https:\/\/schema.org\",\"@graph\":[{\"@type\":\"WebPage\",\"@id\":\"https:\/\/monti.lt\/product\/interaktyvi-skalbimo-masina\/\",\"url\":\"https:\/\/monti.lt\/product\/interaktyvi-skalbimo-masina\/\",\"name\":\"Interaktyvi skalbimo ma\u0161ina - Montessori \u017eaislai\",\"isPartOf\":{\"@id\":\"https:\/\/monti.lt\/#website\"},\"primaryImageOfPage\":{\"@id\":\"https:\/\/monti.lt\/product\/interaktyvi-skalbimo-masina\/#primaryimage\"},\"image\":{\"@id\":\"https:\/\/monti.lt\/product\/interaktyvi-skalbimo-masina\/#primaryimage\"},\"thumbnailUrl\":\"https:\/\/monti.lt\/wp-content\/uploads\/2025\/10\/lit_pl_Interaktyvi-skalbimo-masina-vaikams-26285-18465_12-2.jpg\",\"datePublished\":\"2025-10-20T09:02:31+00:00\",\"dateModified\":\"2025-12-15T16:49:23+00:00\",\"breadcrumb\":{\"@id\":\"https:\/\/monti.lt\/product\/interaktyvi-skalbimo-masina\/#breadcrumb\"},\"inLanguage\":\"en-US\",\"potentialAction\":[{\"@type\":\"ReadAction\",\"target\":[\"https:\/\/monti.lt\/product\/interaktyvi-skalbimo-masina\/\"]}]},{\"@type\":\"ImageObject\",\"inLanguage\":\"en-US\",\"@id\":\"https:\/\/monti.lt\/product\/interaktyvi-skalbimo-masina\/#primaryimage\",\"url\":\"https:\/\/monti.lt\/wp-content\/uploads\/2025\/10\/lit_pl_Interaktyvi-skalbimo-masina-vaikams-26285-18465_12-2.jpg\",\"contentUrl\":\"https:\/\/monti.lt\/wp-content\/uploads\/2025\/10\/lit_pl_Interaktyvi-skalbimo-masina-vaikams-26285-18465_12-2.jpg\",\"width\":500,\"height\":500,\"caption\":\"vaikiska skalbimo masina\"},{\"@type\":\"BreadcrumbList\",\"@id\":\"https:\/\/monti.lt\/product\/interaktyvi-skalbimo-masina\/#breadcrumb\",\"itemListElement\":[{\"@type\":\"ListItem\",\"position\":1,\"name\":\"Home\",\"item\":\"https:\/\/monti.lt\/\"},{\"@type\":\"ListItem\",\"position\":2,\"name\":\"Parduotuv\u0117\",\"item\":\"https:\/\/monti.lt\/shop\/\"},{\"@type\":\"ListItem\",\"position\":3,\"name\":\"Interaktyvi skalbimo ma\u0161ina\"}]},{\"@type\":\"WebSite\",\"@id\":\"https:\/\/monti.lt\/#website\",\"url\":\"https:\/\/monti.lt\/\",\"name\":\"Montessori \u017eaislai\",\"description\":\"\",\"publisher\":{\"@id\":\"https:\/\/monti.lt\/#organization\"},\"potentialAction\":[{\"@type\":\"SearchAction\",\"target\":{\"@type\":\"EntryPoint\",\"urlTemplate\":\"https:\/\/monti.lt\/?s={search_term_string}\"},\"query-input\":\"required name=search_term_string\"}],\"inLanguage\":\"en-US\"},{\"@type\":\"Organization\",\"@id\":\"https:\/\/monti.lt\/#organization\",\"name\":\"Montessori \u017eaislai\",\"url\":\"https:\/\/monti.lt\/\",\"logo\":{\"@type\":\"ImageObject\",\"inLanguage\":\"en-US\",\"@id\":\"https:\/\/monti.lt\/#\/schema\/logo\/image\/\",\"url\":\"https:\/\/monti.lt\/wp-content\/uploads\/2022\/03\/montilogo-1.png\",\"contentUrl\":\"https:\/\/monti.lt\/wp-content\/uploads\/2022\/03\/montilogo-1.png\",\"width\":512,\"height\":512,\"caption\":\"Montessori \u017eaislai\"},\"image\":{\"@id\":\"https:\/\/monti.lt\/#\/schema\/logo\/image\/\"}}]}<\/script>\n<!-- \/ Yoast SEO plugin. -->","yoast_head_json":{"title":"Interaktyvi skalbimo ma\u0161ina - Montessori \u017eaislai","robots":{"index":"index","follow":"follow","max-snippet":"max-snippet:-1","max-image-preview":"max-image-preview:large","max-video-preview":"max-video-preview:-1"},"canonical":"https:\/\/monti.lt\/en\/product\/interaktyvi-skalbimo-masina\/","og_locale":"en_US","og_type":"article","og_title":"Interaktyvi skalbimo ma\u0161ina - Montessori \u017eaislai","og_description":"Vaiki\u0161ka automatin\u0117 skalbimo ma\u0161ina su jutikliniu skydeliu, interaktyviu garsu, besisukan\u010diu b\u016bgnu!&nbsp; &nbsp;&nbsp;vystymasis per \u017eaidim\u0105&nbsp;&nbsp;&nbsp;\u2013 interaktyvios skalbimo ma\u0161inos palaikymas&nbsp;&nbsp;&nbsp;lavinti&nbsp;vaiko k\u016brybi\u0161kum\u0105, rankinius \u012fg\u016bd\u017eius ir vaizduot\u0119&nbsp;, mokant savaranki\u0161kumo ir \u012fsitraukimo \u012f nam\u0173 ruo\u0161os darbus&nbsp; &nbsp;&nbsp;saugus vaikams&nbsp;&nbsp;&nbsp;\u2013 visi \u017eaislo elementai pagaminti i\u0161 tvirt\u0173, netoksi\u0161k\u0173 med\u017eiag\u0173,&nbsp;pritaikyti ma\u017eoms rankyt\u0117ms ir be a\u0161tri\u0173 briaun\u0173 &nbsp;&nbsp;interaktyvus \u017eaislas&nbsp;&nbsp;&nbsp;\u2013 skalbimo ma\u0161inoje yra daug realisti\u0161k\u0173 element\u0173, [&hellip;]","og_url":"https:\/\/monti.lt\/en\/product\/interaktyvi-skalbimo-masina\/","og_site_name":"Montessori \u017eaislai","article_modified_time":"2025-12-15T16:49:23+00:00","og_image":[{"width":500,"height":500,"url":"https:\/\/monti.lt\/wp-content\/uploads\/2025\/10\/lit_pl_Interaktyvi-skalbimo-masina-vaikams-26285-18465_12-2.jpg","type":"image\/jpeg"}],"twitter_card":"summary_large_image","twitter_misc":{"Est. reading time":"2 minutes"},"schema":{"@context":"https:\/\/schema.org","@graph":[{"@type":"WebPage","@id":"https:\/\/monti.lt\/product\/interaktyvi-skalbimo-masina\/","url":"https:\/\/monti.lt\/product\/interaktyvi-skalbimo-masina\/","name":"Interaktyvi skalbimo ma\u0161ina - Montessori \u017eaislai","isPartOf":{"@id":"https:\/\/monti.lt\/#website"},"primaryImageOfPage":{"@id":"https:\/\/monti.lt\/product\/interaktyvi-skalbimo-masina\/#primaryimage"},"image":{"@id":"https:\/\/monti.lt\/product\/interaktyvi-skalbimo-masina\/#primaryimage"},"thumbnailUrl":"https:\/\/monti.lt\/wp-content\/uploads\/2025\/10\/lit_pl_Interaktyvi-skalbimo-masina-vaikams-26285-18465_12-2.jpg","datePublished":"2025-10-20T09:02:31+00:00","dateModified":"2025-12-15T16:49:23+00:00","breadcrumb":{"@id":"https:\/\/monti.lt\/product\/interaktyvi-skalbimo-masina\/#breadcrumb"},"inLanguage":"en-US","potentialAction":[{"@type":"ReadAction","target":["https:\/\/monti.lt\/product\/interaktyvi-skalbimo-masina\/"]}]},{"@type":"ImageObject","inLanguage":"en-US","@id":"https:\/\/monti.lt\/product\/interaktyvi-skalbimo-masina\/#primaryimage","url":"https:\/\/monti.lt\/wp-content\/uploads\/2025\/10\/lit_pl_Interaktyvi-skalbimo-masina-vaikams-26285-18465_12-2.jpg","contentUrl":"https:\/\/monti.lt\/wp-content\/uploads\/2025\/10\/lit_pl_Interaktyvi-skalbimo-masina-vaikams-26285-18465_12-2.jpg","width":500,"height":500,"caption":"vaikiska skalbimo masina"},{"@type":"BreadcrumbList","@id":"https:\/\/monti.lt\/product\/interaktyvi-skalbimo-masina\/#breadcrumb","itemListElement":[{"@type":"ListItem","position":1,"name":"Home","item":"https:\/\/monti.lt\/"},{"@type":"ListItem","position":2,"name":"Parduotuv\u0117","item":"https:\/\/monti.lt\/shop\/"},{"@type":"ListItem","position":3,"name":"Interaktyvi skalbimo ma\u0161ina"}]},{"@type":"WebSite","@id":"https:\/\/monti.lt\/#website","url":"https:\/\/monti.lt\/","name":"Montessori \u017eaislai","description":"","publisher":{"@id":"https:\/\/monti.lt\/#organization"},"potentialAction":[{"@type":"SearchAction","target":{"@type":"EntryPoint","urlTemplate":"https:\/\/monti.lt\/?s={search_term_string}"},"query-input":"required name=search_term_string"}],"inLanguage":"en-US"},{"@type":"Organization","@id":"https:\/\/monti.lt\/#organization","name":"Montessori \u017eaislai","url":"https:\/\/monti.lt\/","logo":{"@type":"ImageObject","inLanguage":"en-US","@id":"https:\/\/monti.lt\/#\/schema\/logo\/image\/","url":"https:\/\/monti.lt\/wp-content\/uploads\/2022\/03\/montilogo-1.png","contentUrl":"https:\/\/monti.lt\/wp-content\/uploads\/2022\/03\/montilogo-1.png","width":512,"height":512,"caption":"Montessori \u017eaislai"},"image":{"@id":"https:\/\/monti.lt\/#\/schema\/logo\/image\/"}}]}},"_links":{"self":[{"href":"https:\/\/monti.lt\/en\/wp-json\/wp\/v2\/product\/34411"}],"collection":[{"href":"https:\/\/monti.lt\/en\/wp-json\/wp\/v2\/product"}],"about":[{"href":"https:\/\/monti.lt\/en\/wp-json\/wp\/v2\/types\/product"}],"version-history":[{"count":1,"href":"https:\/\/monti.lt\/en\/wp-json\/wp\/v2\/product\/34411\/revisions"}],"predecessor-version":[{"id":34420,"href":"https:\/\/monti.lt\/en\/wp-json\/wp\/v2\/product\/34411\/revisions\/34420"}],"wp:featuredmedia":[{"embeddable":true,"href":"https:\/\/monti.lt\/en\/wp-json\/wp\/v2\/media\/34412"}],"wp:attachment":[{"href":"https:\/\/monti.lt\/en\/wp-json\/wp\/v2\/media?parent=34411"}],"wp:term":[{"taxonomy":"product_cat","embeddable":true,"href":"https:\/\/monti.lt\/en\/wp-json\/wp\/v2\/product_cat?post=34411"},{"taxonomy":"product_tag","embeddable":true,"href":"https:\/\/monti.lt\/en\/wp-json\/wp\/v2\/product_tag?post=34411"}],"curies":[{"name":"wp","href":"https:\/\/api.w.org\/{rel}","templated":true}]}}