{"id":34434,"date":"2025-10-20T10:24:51","date_gmt":"2025-10-20T10:24:51","guid":{"rendered":"https:\/\/monti.lt\/?post_type=product&#038;p=34434"},"modified":"2025-12-03T13:04:47","modified_gmt":"2025-12-03T13:04:47","slug":"lavinamasis-zaidimas-sokinejantys-gyvunai","status":"publish","type":"product","link":"https:\/\/monti.lt\/en\/product\/lavinamasis-zaidimas-sokinejantys-gyvunai\/","title":{"rendered":"Lavinamasis \u017eaidimas &#8220;\u0160okin\u0117jantys gyv\u016bnai&#8221;"},"content":{"rendered":"<p>WOOPIE&nbsp;<strong>i\u0161\u0161okantys gyv\u016bnai<\/strong>&nbsp;\u2013 tai puikus mokymosi ir pramog\u0173 derinys ma\u017eiesiems tyrin\u0117tojams. Paspaudus&nbsp;jungikl\u012f&nbsp;<strong>, ranken\u0117l\u0119 ar mygtuk\u0105 ,&nbsp;<\/strong><strong>gyv\u016bnas i\u0161\u0161oka<\/strong>&nbsp;!&nbsp;<strong>\u0160is interaktyvus<\/strong>&nbsp;i\u0161\u0161okantis \u017eaislas yra gerai pagamintas, absoliu\u010diai&nbsp;<strong>patvarus<\/strong>&nbsp;ir atsparus pa\u017eeidimams. Jame taip pat yra&nbsp;<strong>med\u017eio formos \u0161vilpukas&nbsp;<\/strong><strong>,<\/strong>&nbsp;kur\u012f galima pritvirtinti prie lentos. Tai puiki dovana \u012fvairiomis progomis, ne tik teikianti d\u017eiaugsmo, bet ir padedanti&nbsp;<strong>lavinti smulki\u0105j\u0105 motorik\u0105<\/strong>&nbsp;bei suprasti&nbsp;<strong>prie\u017east\u012f ir pasekm\u0119.<\/strong><strong><\/strong><strong><\/strong><strong><\/strong><strong><\/strong><strong><\/strong><strong><\/strong><strong><\/strong><\/p>\n\n\n\n<p><strong>SPALVOTOS GYV\u016aN\u0172 VERSIJOS I\u0160SI\u0172STOS ATSITIKTINAI<\/strong><\/p>\n\n\n\n<p><strong>Paspaudus<\/strong>&nbsp;atitinkam\u0105 mygtuk\u0105, i\u0161\u0161oka penkios gyv\u016bn\u0173 fig\u016br\u0117l\u0117s .&nbsp;Vaikai atras kiekvienos fig\u016br\u0117l\u0117s i\u0161\u0161okimo prie\u017easties ir pasekm\u0117s sek\u0105.<\/p>\n\n\n\n<ol class=\"wp-block-list\">\n<li>paspaudus drugel\u012f \u012f \u0161on\u0105, varl\u0117 i\u0161\u0161oka<\/li>\n\n\n\n<li>vartant g\u0117l\u0119, ji i\u0161\u0161oka<\/li>\n\n\n\n<li>Grybui judinant \u012f priek\u012f, vi\u0161ta i\u0161\u0161oka<\/li>\n\n\n\n<li>paspaudus boru\u017e\u0117l\u0119, zuikutis i\u0161\u0161oka<\/li>\n<\/ol>\n\n\n\n<p><strong>B\u016bdingas:<\/strong><\/p>\n\n\n\n<ul class=\"wp-block-list\">\n<li>\u017daislas\u00a0<strong>nuo 18 m\u0117nesi\u0173 am\u017eiaus<\/strong><\/li>\n\n\n\n<li><strong>Interaktyvus<\/strong>\u00a0su i\u0161\u0161okan\u010diu mechanizmu (transporto priemon\u0117s i\u0161\u0161oka perjungus \/ paspaudus)<\/li>\n\n\n\n<li>\u012ejungimas \u012fvairiais valdikliais:\u00a0<strong>jungikliu, ranken\u0117le, mygtukais<\/strong><\/li>\n\n\n\n<li><strong>\u012e komplekt\u0105 \u012feina med\u017eio formos<\/strong>\u00a0\u0161vilpukas<\/li>\n\n\n\n<li><strong>Gerai pagamintas, tvirtas ir patvarus<\/strong><\/li>\n<\/ul>\n\n\n\n<p><strong>\u017daislas vystosi:<\/strong><\/p>\n\n\n\n<ul class=\"wp-block-list\">\n<li>Motoriniai \u012fg\u016bd\u017eiai<\/li>\n\n\n\n<li>Prie\u017easties ir pasekm\u0117s ry\u0161i\u0173 supratimas<\/li>\n\n\n\n<li>Sensorinis vystymasis<\/li>\n\n\n\n<li>Kognityvin\u0117 raida<\/li>\n<\/ul>","protected":false},"excerpt":{"rendered":"<p>WOOPIE&nbsp;i\u0161\u0161okantys gyv\u016bnai&nbsp;\u2013 tai puikus mokymosi ir pramog\u0173 derinys ma\u017eiesiems tyrin\u0117tojams. Paspaudus&nbsp;jungikl\u012f&nbsp;, ranken\u0117l\u0119 ar mygtuk\u0105 ,&nbsp;gyv\u016bnas i\u0161\u0161oka&nbsp;!&nbsp;\u0160is interaktyvus&nbsp;i\u0161\u0161okantis \u017eaislas yra gerai pagamintas, absoliu\u010diai&nbsp;patvarus&nbsp;ir atsparus pa\u017eeidimams. Jame taip pat yra&nbsp;med\u017eio formos \u0161vilpukas&nbsp;,&nbsp;kur\u012f galima pritvirtinti prie lentos. Tai puiki dovana \u012fvairiomis progomis, ne tik teikianti d\u017eiaugsmo, bet ir padedanti&nbsp;lavinti smulki\u0105j\u0105 motorik\u0105&nbsp;bei suprasti&nbsp;prie\u017east\u012f ir pasekm\u0119. SPALVOTOS GYV\u016aN\u0172 VERSIJOS I\u0160SI\u0172STOS [&hellip;]<\/p>","protected":false},"featured_media":34435,"template":"","meta":{"_acf_changed":false,"iawp_total_views":138},"product_cat":[193,194,191,84,91,86,49,39,201],"product_tag":[95,96,97],"class_list":{"0":"post-34434","1":"product","2":"type-product","3":"status-publish","4":"has-post-thumbnail","6":"product_cat-dovanos-vaikams-1-2-metu","7":"product_cat-dovanos-vaikams-2-3-metu","8":"product_cat-dovanos-vaikams","9":"product_cat-lavinamieji-zaislai","10":"product_cat-loginiam-mastymui","11":"product_cat-smulkioji-motorika","12":"product_cat-visi-zaislai","13":"product_cat-zaislai","14":"product_cat-zaislai-kelioneje","15":"product_tag-1-m-2-m","16":"product_tag-2-m-3-m","17":"product_tag-3-m-4-m","19":"first","20":"outofstock","21":"taxable","22":"shipping-taxable","23":"purchasable","24":"product-type-simple"},"acf":[],"yoast_head":"<!-- This site is optimized with the Yoast SEO plugin v23.3 - https:\/\/yoast.com\/wordpress\/plugins\/seo\/ -->\n<title>Lavinamasis \u017eaidimas &quot;\u0160okin\u0117jantys gyv\u016bnai&quot; - Montessori \u017eaislai<\/title>\n<meta name=\"robots\" content=\"index, follow, max-snippet:-1, max-image-preview:large, max-video-preview:-1\" \/>\n<link rel=\"canonical\" href=\"https:\/\/monti.lt\/en\/product\/lavinamasis-zaidimas-sokinejantys-gyvunai\/\" \/>\n<meta property=\"og:locale\" content=\"en_US\" \/>\n<meta property=\"og:type\" content=\"article\" \/>\n<meta property=\"og:title\" content=\"Lavinamasis \u017eaidimas &quot;\u0160okin\u0117jantys gyv\u016bnai&quot; - Montessori \u017eaislai\" \/>\n<meta property=\"og:description\" content=\"WOOPIE&nbsp;i\u0161\u0161okantys gyv\u016bnai&nbsp;\u2013 tai puikus mokymosi ir pramog\u0173 derinys ma\u017eiesiems tyrin\u0117tojams. Paspaudus&nbsp;jungikl\u012f&nbsp;, ranken\u0117l\u0119 ar mygtuk\u0105 ,&nbsp;gyv\u016bnas i\u0161\u0161oka&nbsp;!&nbsp;\u0160is interaktyvus&nbsp;i\u0161\u0161okantis \u017eaislas yra gerai pagamintas, absoliu\u010diai&nbsp;patvarus&nbsp;ir atsparus pa\u017eeidimams. Jame taip pat yra&nbsp;med\u017eio formos \u0161vilpukas&nbsp;,&nbsp;kur\u012f galima pritvirtinti prie lentos. Tai puiki dovana \u012fvairiomis progomis, ne tik teikianti d\u017eiaugsmo, bet ir padedanti&nbsp;lavinti smulki\u0105j\u0105 motorik\u0105&nbsp;bei suprasti&nbsp;prie\u017east\u012f ir pasekm\u0119. SPALVOTOS GYV\u016aN\u0172 VERSIJOS I\u0160SI\u0172STOS [&hellip;]\" \/>\n<meta property=\"og:url\" content=\"https:\/\/monti.lt\/en\/product\/lavinamasis-zaidimas-sokinejantys-gyvunai\/\" \/>\n<meta property=\"og:site_name\" content=\"Montessori \u017eaislai\" \/>\n<meta property=\"article:modified_time\" content=\"2025-12-03T13:04:47+00:00\" \/>\n<meta property=\"og:image\" content=\"https:\/\/monti.lt\/wp-content\/uploads\/2025\/10\/woopie-baby-zabawka-edukacyjna-wyskakujace-zwierzatka-szczesliwa-farma-pop-up.jpg\" \/>\n\t<meta property=\"og:image:width\" content=\"800\" \/>\n\t<meta property=\"og:image:height\" content=\"800\" \/>\n\t<meta property=\"og:image:type\" content=\"image\/jpeg\" \/>\n<meta name=\"twitter:card\" content=\"summary_large_image\" \/>\n<meta name=\"twitter:label1\" content=\"Est. reading time\" \/>\n\t<meta name=\"twitter:data1\" content=\"2 minutes\" \/>\n<script type=\"application\/ld+json\" class=\"yoast-schema-graph\">{\"@context\":\"https:\/\/schema.org\",\"@graph\":[{\"@type\":\"WebPage\",\"@id\":\"https:\/\/monti.lt\/product\/lavinamasis-zaidimas-sokinejantys-gyvunai\/\",\"url\":\"https:\/\/monti.lt\/product\/lavinamasis-zaidimas-sokinejantys-gyvunai\/\",\"name\":\"Lavinamasis \u017eaidimas \\\"\u0160okin\u0117jantys gyv\u016bnai\\\" - Montessori \u017eaislai\",\"isPartOf\":{\"@id\":\"https:\/\/monti.lt\/#website\"},\"primaryImageOfPage\":{\"@id\":\"https:\/\/monti.lt\/product\/lavinamasis-zaidimas-sokinejantys-gyvunai\/#primaryimage\"},\"image\":{\"@id\":\"https:\/\/monti.lt\/product\/lavinamasis-zaidimas-sokinejantys-gyvunai\/#primaryimage\"},\"thumbnailUrl\":\"https:\/\/monti.lt\/wp-content\/uploads\/2025\/10\/woopie-baby-zabawka-edukacyjna-wyskakujace-zwierzatka-szczesliwa-farma-pop-up.jpg\",\"datePublished\":\"2025-10-20T10:24:51+00:00\",\"dateModified\":\"2025-12-03T13:04:47+00:00\",\"breadcrumb\":{\"@id\":\"https:\/\/monti.lt\/product\/lavinamasis-zaidimas-sokinejantys-gyvunai\/#breadcrumb\"},\"inLanguage\":\"en-US\",\"potentialAction\":[{\"@type\":\"ReadAction\",\"target\":[\"https:\/\/monti.lt\/product\/lavinamasis-zaidimas-sokinejantys-gyvunai\/\"]}]},{\"@type\":\"ImageObject\",\"inLanguage\":\"en-US\",\"@id\":\"https:\/\/monti.lt\/product\/lavinamasis-zaidimas-sokinejantys-gyvunai\/#primaryimage\",\"url\":\"https:\/\/monti.lt\/wp-content\/uploads\/2025\/10\/woopie-baby-zabawka-edukacyjna-wyskakujace-zwierzatka-szczesliwa-farma-pop-up.jpg\",\"contentUrl\":\"https:\/\/monti.lt\/wp-content\/uploads\/2025\/10\/woopie-baby-zabawka-edukacyjna-wyskakujace-zwierzatka-szczesliwa-farma-pop-up.jpg\",\"width\":800,\"height\":800,\"caption\":\"pop up zaidimas\"},{\"@type\":\"BreadcrumbList\",\"@id\":\"https:\/\/monti.lt\/product\/lavinamasis-zaidimas-sokinejantys-gyvunai\/#breadcrumb\",\"itemListElement\":[{\"@type\":\"ListItem\",\"position\":1,\"name\":\"Home\",\"item\":\"https:\/\/monti.lt\/\"},{\"@type\":\"ListItem\",\"position\":2,\"name\":\"Parduotuv\u0117\",\"item\":\"https:\/\/monti.lt\/shop\/\"},{\"@type\":\"ListItem\",\"position\":3,\"name\":\"Lavinamasis \u017eaidimas &#8220;\u0160okin\u0117jantys gyv\u016bnai&#8221;\"}]},{\"@type\":\"WebSite\",\"@id\":\"https:\/\/monti.lt\/#website\",\"url\":\"https:\/\/monti.lt\/\",\"name\":\"Montessori \u017eaislai\",\"description\":\"\",\"publisher\":{\"@id\":\"https:\/\/monti.lt\/#organization\"},\"potentialAction\":[{\"@type\":\"SearchAction\",\"target\":{\"@type\":\"EntryPoint\",\"urlTemplate\":\"https:\/\/monti.lt\/?s={search_term_string}\"},\"query-input\":\"required name=search_term_string\"}],\"inLanguage\":\"en-US\"},{\"@type\":\"Organization\",\"@id\":\"https:\/\/monti.lt\/#organization\",\"name\":\"Montessori \u017eaislai\",\"url\":\"https:\/\/monti.lt\/\",\"logo\":{\"@type\":\"ImageObject\",\"inLanguage\":\"en-US\",\"@id\":\"https:\/\/monti.lt\/#\/schema\/logo\/image\/\",\"url\":\"https:\/\/monti.lt\/wp-content\/uploads\/2022\/03\/montilogo-1.png\",\"contentUrl\":\"https:\/\/monti.lt\/wp-content\/uploads\/2022\/03\/montilogo-1.png\",\"width\":512,\"height\":512,\"caption\":\"Montessori \u017eaislai\"},\"image\":{\"@id\":\"https:\/\/monti.lt\/#\/schema\/logo\/image\/\"}}]}<\/script>\n<!-- \/ Yoast SEO plugin. -->","yoast_head_json":{"title":"Lavinamasis \u017eaidimas \"\u0160okin\u0117jantys gyv\u016bnai\" - Montessori \u017eaislai","robots":{"index":"index","follow":"follow","max-snippet":"max-snippet:-1","max-image-preview":"max-image-preview:large","max-video-preview":"max-video-preview:-1"},"canonical":"https:\/\/monti.lt\/en\/product\/lavinamasis-zaidimas-sokinejantys-gyvunai\/","og_locale":"en_US","og_type":"article","og_title":"Lavinamasis \u017eaidimas \"\u0160okin\u0117jantys gyv\u016bnai\" - Montessori \u017eaislai","og_description":"WOOPIE&nbsp;i\u0161\u0161okantys gyv\u016bnai&nbsp;\u2013 tai puikus mokymosi ir pramog\u0173 derinys ma\u017eiesiems tyrin\u0117tojams. Paspaudus&nbsp;jungikl\u012f&nbsp;, ranken\u0117l\u0119 ar mygtuk\u0105 ,&nbsp;gyv\u016bnas i\u0161\u0161oka&nbsp;!&nbsp;\u0160is interaktyvus&nbsp;i\u0161\u0161okantis \u017eaislas yra gerai pagamintas, absoliu\u010diai&nbsp;patvarus&nbsp;ir atsparus pa\u017eeidimams. Jame taip pat yra&nbsp;med\u017eio formos \u0161vilpukas&nbsp;,&nbsp;kur\u012f galima pritvirtinti prie lentos. Tai puiki dovana \u012fvairiomis progomis, ne tik teikianti d\u017eiaugsmo, bet ir padedanti&nbsp;lavinti smulki\u0105j\u0105 motorik\u0105&nbsp;bei suprasti&nbsp;prie\u017east\u012f ir pasekm\u0119. SPALVOTOS GYV\u016aN\u0172 VERSIJOS I\u0160SI\u0172STOS [&hellip;]","og_url":"https:\/\/monti.lt\/en\/product\/lavinamasis-zaidimas-sokinejantys-gyvunai\/","og_site_name":"Montessori \u017eaislai","article_modified_time":"2025-12-03T13:04:47+00:00","og_image":[{"width":800,"height":800,"url":"https:\/\/monti.lt\/wp-content\/uploads\/2025\/10\/woopie-baby-zabawka-edukacyjna-wyskakujace-zwierzatka-szczesliwa-farma-pop-up.jpg","type":"image\/jpeg"}],"twitter_card":"summary_large_image","twitter_misc":{"Est. reading time":"2 minutes"},"schema":{"@context":"https:\/\/schema.org","@graph":[{"@type":"WebPage","@id":"https:\/\/monti.lt\/product\/lavinamasis-zaidimas-sokinejantys-gyvunai\/","url":"https:\/\/monti.lt\/product\/lavinamasis-zaidimas-sokinejantys-gyvunai\/","name":"Lavinamasis \u017eaidimas \"\u0160okin\u0117jantys gyv\u016bnai\" - Montessori \u017eaislai","isPartOf":{"@id":"https:\/\/monti.lt\/#website"},"primaryImageOfPage":{"@id":"https:\/\/monti.lt\/product\/lavinamasis-zaidimas-sokinejantys-gyvunai\/#primaryimage"},"image":{"@id":"https:\/\/monti.lt\/product\/lavinamasis-zaidimas-sokinejantys-gyvunai\/#primaryimage"},"thumbnailUrl":"https:\/\/monti.lt\/wp-content\/uploads\/2025\/10\/woopie-baby-zabawka-edukacyjna-wyskakujace-zwierzatka-szczesliwa-farma-pop-up.jpg","datePublished":"2025-10-20T10:24:51+00:00","dateModified":"2025-12-03T13:04:47+00:00","breadcrumb":{"@id":"https:\/\/monti.lt\/product\/lavinamasis-zaidimas-sokinejantys-gyvunai\/#breadcrumb"},"inLanguage":"en-US","potentialAction":[{"@type":"ReadAction","target":["https:\/\/monti.lt\/product\/lavinamasis-zaidimas-sokinejantys-gyvunai\/"]}]},{"@type":"ImageObject","inLanguage":"en-US","@id":"https:\/\/monti.lt\/product\/lavinamasis-zaidimas-sokinejantys-gyvunai\/#primaryimage","url":"https:\/\/monti.lt\/wp-content\/uploads\/2025\/10\/woopie-baby-zabawka-edukacyjna-wyskakujace-zwierzatka-szczesliwa-farma-pop-up.jpg","contentUrl":"https:\/\/monti.lt\/wp-content\/uploads\/2025\/10\/woopie-baby-zabawka-edukacyjna-wyskakujace-zwierzatka-szczesliwa-farma-pop-up.jpg","width":800,"height":800,"caption":"pop up zaidimas"},{"@type":"BreadcrumbList","@id":"https:\/\/monti.lt\/product\/lavinamasis-zaidimas-sokinejantys-gyvunai\/#breadcrumb","itemListElement":[{"@type":"ListItem","position":1,"name":"Home","item":"https:\/\/monti.lt\/"},{"@type":"ListItem","position":2,"name":"Parduotuv\u0117","item":"https:\/\/monti.lt\/shop\/"},{"@type":"ListItem","position":3,"name":"Lavinamasis \u017eaidimas &#8220;\u0160okin\u0117jantys gyv\u016bnai&#8221;"}]},{"@type":"WebSite","@id":"https:\/\/monti.lt\/#website","url":"https:\/\/monti.lt\/","name":"Montessori \u017eaislai","description":"","publisher":{"@id":"https:\/\/monti.lt\/#organization"},"potentialAction":[{"@type":"SearchAction","target":{"@type":"EntryPoint","urlTemplate":"https:\/\/monti.lt\/?s={search_term_string}"},"query-input":"required name=search_term_string"}],"inLanguage":"en-US"},{"@type":"Organization","@id":"https:\/\/monti.lt\/#organization","name":"Montessori \u017eaislai","url":"https:\/\/monti.lt\/","logo":{"@type":"ImageObject","inLanguage":"en-US","@id":"https:\/\/monti.lt\/#\/schema\/logo\/image\/","url":"https:\/\/monti.lt\/wp-content\/uploads\/2022\/03\/montilogo-1.png","contentUrl":"https:\/\/monti.lt\/wp-content\/uploads\/2022\/03\/montilogo-1.png","width":512,"height":512,"caption":"Montessori \u017eaislai"},"image":{"@id":"https:\/\/monti.lt\/#\/schema\/logo\/image\/"}}]}},"_links":{"self":[{"href":"https:\/\/monti.lt\/en\/wp-json\/wp\/v2\/product\/34434"}],"collection":[{"href":"https:\/\/monti.lt\/en\/wp-json\/wp\/v2\/product"}],"about":[{"href":"https:\/\/monti.lt\/en\/wp-json\/wp\/v2\/types\/product"}],"version-history":[{"count":1,"href":"https:\/\/monti.lt\/en\/wp-json\/wp\/v2\/product\/34434\/revisions"}],"predecessor-version":[{"id":34448,"href":"https:\/\/monti.lt\/en\/wp-json\/wp\/v2\/product\/34434\/revisions\/34448"}],"wp:featuredmedia":[{"embeddable":true,"href":"https:\/\/monti.lt\/en\/wp-json\/wp\/v2\/media\/34435"}],"wp:attachment":[{"href":"https:\/\/monti.lt\/en\/wp-json\/wp\/v2\/media?parent=34434"}],"wp:term":[{"taxonomy":"product_cat","embeddable":true,"href":"https:\/\/monti.lt\/en\/wp-json\/wp\/v2\/product_cat?post=34434"},{"taxonomy":"product_tag","embeddable":true,"href":"https:\/\/monti.lt\/en\/wp-json\/wp\/v2\/product_tag?post=34434"}],"curies":[{"name":"wp","href":"https:\/\/api.w.org\/{rel}","templated":true}]}}