{"id":34449,"date":"2025-10-20T10:28:30","date_gmt":"2025-10-20T10:28:30","guid":{"rendered":"https:\/\/monti.lt\/?post_type=product&#038;p=34449"},"modified":"2026-01-02T09:39:50","modified_gmt":"2026-01-02T09:39:50","slug":"kaledine-eglute-su-led-sviesomis","status":"publish","type":"product","link":"https:\/\/monti.lt\/en\/product\/kaledine-eglute-su-led-sviesomis\/","title":{"rendered":"Kal\u0117din\u0117 eglut\u0117 su LED \u0161viesomis"},"content":{"rendered":"<p>KRUZZEL veltinio kal\u0117din\u0117 eglut\u0117 \u2013 kal\u0117dinis kilim\u0117lis vaikams su LED, lipniomis dekoracijomis, saugus \u201epasidaryk pats\u201c \u017eaislas, lavinantis koordinacij\u0105 ir k\u016brybi\u0161kum\u0105!<br>Ie\u0161kote unikalios dekoracijos, kuri prad\u017eiugint\u0173 j\u016bs\u0173 vaik\u0105 ir tapt\u0173 jo m\u0117gstamiausiu \u0161ventiniu \u017eaisliuku? \u0160is veltinio kal\u0117din\u0117s eglut\u0117s kilim\u0117lis su LED girlianda ir 26 dekoratyviniais papuo\u0161alais sujungia \u0161ven\u010di\u0173 magij\u0105 su mokymusi ir k\u016brybiniu \u017eaidimu. Vaikai gali patys papuo\u0161ti eglut\u0119 m\u0117gstamiausiais papuo\u0161alais \u2013 sniego seniu, dovanomis, elniu ar snaig\u0117mis \u2013 ir keisti kompozicij\u0105, kada tik panor\u0117j\u0119!<\/p>\n\n\n\n<p><br>Kod\u0117l jums patiks \u0161i Kal\u0117d\u0173 eglut\u0117?<br>26 spalvingos Velcro dekoracijos \u2013 laisvos pramogos be rib\u0173<\/p>\n\n\n\n<p>3 m LED girlianda \u2013 kal\u0117din\u0117 atmosfera vaiko kambaryje<\/p>\n\n\n\n<p>saugus, mink\u0161tas veltinis \u2013 malonus liesti, patvarus ir lengvas<\/p>\n\n\n\n<p>100&#215;70 cm dydis \u2013 puikiai tinka vaik\u0173 kambariui ar dar\u017eeliui<\/p>\n\n\n\n<p>juostel\u0117s formos pakabukas \u2013 lengvai tvirtinamas prie sienos<\/p>\n\n\n\n<p>Europos sertifikatai \u2013 patvirtinta kokyb\u0117 ir saugumas<\/p>\n\n\n\n<p>Edukacinis \u017eaidimas \u2013 moko spalv\u0173, form\u0173 ir lavina motorinius \u012fg\u016bd\u017eius<\/p>\n\n\n\n<p>\u017eaislas ir dekoracija viename \u2013 dekoracija, kuri pritraukia jus veiksmui<\/p>\n\n\n\n<p>daugkartinio naudojimo &#8211; patvarus lipdukas, veltinis ir dekoracijos<\/p>\n\n\n\n<p><br>Jaut\u0117si smagiai, tur\u0117jo edukacin\u0119 vert\u0119<br>\u0160is kal\u0117dinis kilim\u0117lis yra daugiau nei tik puo\u0161mena \u2013 tai mokymasis per \u017eaidim\u0105:<\/p>\n\n\n\n<p>vaikai mokosi savaranki\u0161kumo, planavimo ir k\u016brybinio m\u0105stymo<br>lavinti susikaupim\u0105, kantryb\u0119 ir smulki\u0105j\u0105 motorik\u0105<br>kokybi\u0161kai praleisti laik\u0105 be ekrano<\/p>\n\n\n\n<p>KRUZZEL Kal\u0117d\u0173 eglut\u0117 su lipdukais, atitinkanti Europos standartus<br>Galite pasitik\u0117ti m\u016bs\u0173 prek\u0117s \u017eenklu \u2013 rinkinys buvo patikrintas akredituotose laboratorijose, siekiant u\u017etikrinti atitikt\u012f Europos standartams, tod\u0117l galite b\u016bti tikri, kad jis saugus!<\/p>\n\n\n\n<p><br>\u201ePasidaryk pats\u201c kal\u0117din\u0117 eglut\u0117 i\u0161 lenk\u0173 prek\u0117s \u017eenklo KRUZZEL<br>M\u016bs\u0173 KRUZZEL prek\u0117s \u017eenklu pasitiki t\u016bkstan\u010diai vartotoj\u0173 visame pasaulyje. Tad nelaukite iki paskutin\u0117s minut\u0117s su pirkimu! PIRKITE \u0160IANDIEN!<\/p>\n\n\n\n<p><br>\u0160vie\u010dian\u010dios KRUZZEL Kal\u0117d\u0173 eglut\u0117s specifikacijos:<br>atitinka Europos standartus<br>lempos su 30 \u0161viesos diod\u0173: 3 m<br>ry\u0161kios spalvos<br>32 prek\u0117s<br>matmenys: 100 x 70 cm<br>svoris: 0,264 kg<br>Svoris su pakuote: 0,293 kg<br>prek\u0117s \u017eenklas: KRUZZEL<br>spalva: \u017ealia<br>med\u017eiaga: veltinis, poliesteris, virvel\u0117, nailonas<\/p>\n\n\n\n<p>\u012e komplekt\u0105 \u012feina:<br>Kal\u0117d\u0173 eglut\u0117<br>26 Velcro dekoracijos<br>baterijomis maitinamas LED ap\u0161vietimas<br>daugiakalbis naudotojo vadovas<br>pakuot\u0117<\/p>\n\n\n\n<p><strong>GAMINTOJAS:<\/strong><\/p>\n\n\n\n<p>ISO TRADE Sp\u00f3\u0142ka z o.o.<br>Gniewomierz 173<br>59-241 Legnickie Pole, Polska<br><br>office@iso-trade.biz<\/p>\n\n\n\n<p><strong>ATSAKINGAS ASMUO ES:<\/strong><\/p>\n\n\n\n<p>IsoTrade<\/p>\n\n\n\n<p><strong>\u012eSP\u0116JIMO TURINYS:<\/strong><\/p>\n\n\n\n<p>&#8211; \u012esp\u0117jimas. Netinka vaikams iki 36 m\u0117nesi\u0173. Smulkios dalys. U\u017espringimo pavojus. Ilgas laidas. Pasmaugimo pavojus. Ma\u017eas kamuoliukas.<br>&#8211; Produktai netinkami vartoti.<br>&#8211; Saugoti nuo at\u0161iauri\u0173 oro s\u0105lyg\u0173 ir ugnies.<br>&#8211; Naudoti pagal paskirt\u012f.<br>&#8211; Neignoruokite rekomendacij\u0173 d\u0117l naudotojo am\u017eiaus.<br>&#8211; Nenaudokite pa\u017eeisto gaminio.<br>&#8211; Surinkimui reikalingas suaug\u0119s asmuo.<br>&#8211; Nelaikykite nesurinkt\u0173 dali\u0173 vaikams prieinamose vietose.<br>&#8211; Pakuot\u0117 n\u0117ra \u017eaislas. \u017daisl\u0105 turi i\u0161pakuoti suaug\u0119s asmuo, o pakuot\u0119 ir jos fragmentus reikia laikyti vaikams nepasiekiamoje vietoje.<\/p>","protected":false},"excerpt":{"rendered":"<p>KRUZZEL veltinio kal\u0117din\u0117 eglut\u0117 \u2013 kal\u0117dinis kilim\u0117lis vaikams su LED, lipniomis dekoracijomis, saugus \u201epasidaryk pats\u201c \u017eaislas, lavinantis koordinacij\u0105 ir k\u016brybi\u0161kum\u0105!Ie\u0161kote unikalios dekoracijos, kuri prad\u017eiugint\u0173 j\u016bs\u0173 vaik\u0105 ir tapt\u0173 jo m\u0117gstamiausiu \u0161ventiniu \u017eaisliuku? \u0160is veltinio kal\u0117din\u0117s eglut\u0117s kilim\u0117lis su LED girlianda ir 26 dekoratyviniais papuo\u0161alais sujungia \u0161ven\u010di\u0173 magij\u0105 su mokymusi ir k\u016brybiniu \u017eaidimu. Vaikai gali patys [&hellip;]<\/p>","protected":false},"featured_media":34450,"template":"","meta":{"_acf_changed":false,"iawp_total_views":3424},"product_cat":[218,195,216,217,191,192,87,84,90,86,50,199,49,39],"product_tag":[264],"class_list":{"0":"post-34449","1":"product","2":"type-product","3":"status-publish","4":"has-post-thumbnail","6":"product_cat-darzeliu-grupems","7":"product_cat-dovanos-vaikams-3-4-metu","8":"product_cat-dovanos-4-5-metu-vaikams","9":"product_cat-dovanos-5-7-metu-vaikams","10":"product_cat-dovanos-vaikams","11":"product_cat-kaledines-dovanos-vaikams","12":"product_cat-kurybiniai-rinkiniai","13":"product_cat-lavinamieji-zaislai","14":"product_cat-pasaulio-pazinimas","15":"product_cat-smulkioji-motorika","16":"product_cat-top-dovanos","17":"product_cat-ugdymo-istaigoms","18":"product_cat-visi-zaislai","19":"product_cat-zaislai","20":"product_tag-zaislai-3-4-metu-vaikams","22":"first","23":"outofstock","24":"taxable","25":"shipping-taxable","26":"purchasable","27":"product-type-simple"},"acf":[],"yoast_head":"<!-- This site is optimized with the Yoast SEO plugin v23.3 - https:\/\/yoast.com\/wordpress\/plugins\/seo\/ -->\n<title>Kal\u0117din\u0117 eglut\u0117 su LED \u0161viesomis - Montessori \u017eaislai<\/title>\n<meta name=\"robots\" content=\"index, follow, max-snippet:-1, max-image-preview:large, max-video-preview:-1\" \/>\n<link rel=\"canonical\" href=\"https:\/\/monti.lt\/en\/product\/kaledine-eglute-su-led-sviesomis\/\" \/>\n<meta property=\"og:locale\" content=\"en_US\" \/>\n<meta property=\"og:type\" content=\"article\" \/>\n<meta property=\"og:title\" content=\"Kal\u0117din\u0117 eglut\u0117 su LED \u0161viesomis - Montessori \u017eaislai\" \/>\n<meta property=\"og:description\" content=\"KRUZZEL veltinio kal\u0117din\u0117 eglut\u0117 \u2013 kal\u0117dinis kilim\u0117lis vaikams su LED, lipniomis dekoracijomis, saugus \u201epasidaryk pats\u201c \u017eaislas, lavinantis koordinacij\u0105 ir k\u016brybi\u0161kum\u0105!Ie\u0161kote unikalios dekoracijos, kuri prad\u017eiugint\u0173 j\u016bs\u0173 vaik\u0105 ir tapt\u0173 jo m\u0117gstamiausiu \u0161ventiniu \u017eaisliuku? \u0160is veltinio kal\u0117din\u0117s eglut\u0117s kilim\u0117lis su LED girlianda ir 26 dekoratyviniais papuo\u0161alais sujungia \u0161ven\u010di\u0173 magij\u0105 su mokymusi ir k\u016brybiniu \u017eaidimu. Vaikai gali patys [&hellip;]\" \/>\n<meta property=\"og:url\" content=\"https:\/\/monti.lt\/en\/product\/kaledine-eglute-su-led-sviesomis\/\" \/>\n<meta property=\"og:site_name\" content=\"Montessori \u017eaislai\" \/>\n<meta property=\"article:modified_time\" content=\"2026-01-02T09:39:50+00:00\" \/>\n<meta property=\"og:image\" content=\"https:\/\/monti.lt\/wp-content\/uploads\/2025\/10\/lit_pl_Kruzzel-26548-LED-veltinio-kaledine-eglute-18611_4.jpg\" \/>\n\t<meta property=\"og:image:width\" content=\"500\" \/>\n\t<meta property=\"og:image:height\" content=\"500\" \/>\n\t<meta property=\"og:image:type\" content=\"image\/jpeg\" \/>\n<meta name=\"twitter:card\" content=\"summary_large_image\" \/>\n<meta name=\"twitter:label1\" content=\"Est. reading time\" \/>\n\t<meta name=\"twitter:data1\" content=\"3 minutes\" \/>\n<script type=\"application\/ld+json\" class=\"yoast-schema-graph\">{\"@context\":\"https:\/\/schema.org\",\"@graph\":[{\"@type\":\"WebPage\",\"@id\":\"https:\/\/monti.lt\/product\/kaledine-eglute-su-led-sviesomis\/\",\"url\":\"https:\/\/monti.lt\/product\/kaledine-eglute-su-led-sviesomis\/\",\"name\":\"Kal\u0117din\u0117 eglut\u0117 su LED \u0161viesomis - Montessori \u017eaislai\",\"isPartOf\":{\"@id\":\"https:\/\/monti.lt\/#website\"},\"primaryImageOfPage\":{\"@id\":\"https:\/\/monti.lt\/product\/kaledine-eglute-su-led-sviesomis\/#primaryimage\"},\"image\":{\"@id\":\"https:\/\/monti.lt\/product\/kaledine-eglute-su-led-sviesomis\/#primaryimage\"},\"thumbnailUrl\":\"https:\/\/monti.lt\/wp-content\/uploads\/2025\/10\/lit_pl_Kruzzel-26548-LED-veltinio-kaledine-eglute-18611_4.jpg\",\"datePublished\":\"2025-10-20T10:28:30+00:00\",\"dateModified\":\"2026-01-02T09:39:50+00:00\",\"breadcrumb\":{\"@id\":\"https:\/\/monti.lt\/product\/kaledine-eglute-su-led-sviesomis\/#breadcrumb\"},\"inLanguage\":\"en-US\",\"potentialAction\":[{\"@type\":\"ReadAction\",\"target\":[\"https:\/\/monti.lt\/product\/kaledine-eglute-su-led-sviesomis\/\"]}]},{\"@type\":\"ImageObject\",\"inLanguage\":\"en-US\",\"@id\":\"https:\/\/monti.lt\/product\/kaledine-eglute-su-led-sviesomis\/#primaryimage\",\"url\":\"https:\/\/monti.lt\/wp-content\/uploads\/2025\/10\/lit_pl_Kruzzel-26548-LED-veltinio-kaledine-eglute-18611_4.jpg\",\"contentUrl\":\"https:\/\/monti.lt\/wp-content\/uploads\/2025\/10\/lit_pl_Kruzzel-26548-LED-veltinio-kaledine-eglute-18611_4.jpg\",\"width\":500,\"height\":500,\"caption\":\"veltinio eglute su led sviesomis\"},{\"@type\":\"BreadcrumbList\",\"@id\":\"https:\/\/monti.lt\/product\/kaledine-eglute-su-led-sviesomis\/#breadcrumb\",\"itemListElement\":[{\"@type\":\"ListItem\",\"position\":1,\"name\":\"Home\",\"item\":\"https:\/\/monti.lt\/\"},{\"@type\":\"ListItem\",\"position\":2,\"name\":\"Parduotuv\u0117\",\"item\":\"https:\/\/monti.lt\/shop\/\"},{\"@type\":\"ListItem\",\"position\":3,\"name\":\"Kal\u0117din\u0117 eglut\u0117 su LED \u0161viesomis\"}]},{\"@type\":\"WebSite\",\"@id\":\"https:\/\/monti.lt\/#website\",\"url\":\"https:\/\/monti.lt\/\",\"name\":\"Montessori \u017eaislai\",\"description\":\"\",\"publisher\":{\"@id\":\"https:\/\/monti.lt\/#organization\"},\"potentialAction\":[{\"@type\":\"SearchAction\",\"target\":{\"@type\":\"EntryPoint\",\"urlTemplate\":\"https:\/\/monti.lt\/?s={search_term_string}\"},\"query-input\":\"required name=search_term_string\"}],\"inLanguage\":\"en-US\"},{\"@type\":\"Organization\",\"@id\":\"https:\/\/monti.lt\/#organization\",\"name\":\"Montessori \u017eaislai\",\"url\":\"https:\/\/monti.lt\/\",\"logo\":{\"@type\":\"ImageObject\",\"inLanguage\":\"en-US\",\"@id\":\"https:\/\/monti.lt\/#\/schema\/logo\/image\/\",\"url\":\"https:\/\/monti.lt\/wp-content\/uploads\/2022\/03\/montilogo-1.png\",\"contentUrl\":\"https:\/\/monti.lt\/wp-content\/uploads\/2022\/03\/montilogo-1.png\",\"width\":512,\"height\":512,\"caption\":\"Montessori \u017eaislai\"},\"image\":{\"@id\":\"https:\/\/monti.lt\/#\/schema\/logo\/image\/\"}}]}<\/script>\n<!-- \/ Yoast SEO plugin. -->","yoast_head_json":{"title":"Kal\u0117din\u0117 eglut\u0117 su LED \u0161viesomis - Montessori \u017eaislai","robots":{"index":"index","follow":"follow","max-snippet":"max-snippet:-1","max-image-preview":"max-image-preview:large","max-video-preview":"max-video-preview:-1"},"canonical":"https:\/\/monti.lt\/en\/product\/kaledine-eglute-su-led-sviesomis\/","og_locale":"en_US","og_type":"article","og_title":"Kal\u0117din\u0117 eglut\u0117 su LED \u0161viesomis - Montessori \u017eaislai","og_description":"KRUZZEL veltinio kal\u0117din\u0117 eglut\u0117 \u2013 kal\u0117dinis kilim\u0117lis vaikams su LED, lipniomis dekoracijomis, saugus \u201epasidaryk pats\u201c \u017eaislas, lavinantis koordinacij\u0105 ir k\u016brybi\u0161kum\u0105!Ie\u0161kote unikalios dekoracijos, kuri prad\u017eiugint\u0173 j\u016bs\u0173 vaik\u0105 ir tapt\u0173 jo m\u0117gstamiausiu \u0161ventiniu \u017eaisliuku? \u0160is veltinio kal\u0117din\u0117s eglut\u0117s kilim\u0117lis su LED girlianda ir 26 dekoratyviniais papuo\u0161alais sujungia \u0161ven\u010di\u0173 magij\u0105 su mokymusi ir k\u016brybiniu \u017eaidimu. Vaikai gali patys [&hellip;]","og_url":"https:\/\/monti.lt\/en\/product\/kaledine-eglute-su-led-sviesomis\/","og_site_name":"Montessori \u017eaislai","article_modified_time":"2026-01-02T09:39:50+00:00","og_image":[{"width":500,"height":500,"url":"https:\/\/monti.lt\/wp-content\/uploads\/2025\/10\/lit_pl_Kruzzel-26548-LED-veltinio-kaledine-eglute-18611_4.jpg","type":"image\/jpeg"}],"twitter_card":"summary_large_image","twitter_misc":{"Est. reading time":"3 minutes"},"schema":{"@context":"https:\/\/schema.org","@graph":[{"@type":"WebPage","@id":"https:\/\/monti.lt\/product\/kaledine-eglute-su-led-sviesomis\/","url":"https:\/\/monti.lt\/product\/kaledine-eglute-su-led-sviesomis\/","name":"Kal\u0117din\u0117 eglut\u0117 su LED \u0161viesomis - Montessori \u017eaislai","isPartOf":{"@id":"https:\/\/monti.lt\/#website"},"primaryImageOfPage":{"@id":"https:\/\/monti.lt\/product\/kaledine-eglute-su-led-sviesomis\/#primaryimage"},"image":{"@id":"https:\/\/monti.lt\/product\/kaledine-eglute-su-led-sviesomis\/#primaryimage"},"thumbnailUrl":"https:\/\/monti.lt\/wp-content\/uploads\/2025\/10\/lit_pl_Kruzzel-26548-LED-veltinio-kaledine-eglute-18611_4.jpg","datePublished":"2025-10-20T10:28:30+00:00","dateModified":"2026-01-02T09:39:50+00:00","breadcrumb":{"@id":"https:\/\/monti.lt\/product\/kaledine-eglute-su-led-sviesomis\/#breadcrumb"},"inLanguage":"en-US","potentialAction":[{"@type":"ReadAction","target":["https:\/\/monti.lt\/product\/kaledine-eglute-su-led-sviesomis\/"]}]},{"@type":"ImageObject","inLanguage":"en-US","@id":"https:\/\/monti.lt\/product\/kaledine-eglute-su-led-sviesomis\/#primaryimage","url":"https:\/\/monti.lt\/wp-content\/uploads\/2025\/10\/lit_pl_Kruzzel-26548-LED-veltinio-kaledine-eglute-18611_4.jpg","contentUrl":"https:\/\/monti.lt\/wp-content\/uploads\/2025\/10\/lit_pl_Kruzzel-26548-LED-veltinio-kaledine-eglute-18611_4.jpg","width":500,"height":500,"caption":"veltinio eglute su led sviesomis"},{"@type":"BreadcrumbList","@id":"https:\/\/monti.lt\/product\/kaledine-eglute-su-led-sviesomis\/#breadcrumb","itemListElement":[{"@type":"ListItem","position":1,"name":"Home","item":"https:\/\/monti.lt\/"},{"@type":"ListItem","position":2,"name":"Parduotuv\u0117","item":"https:\/\/monti.lt\/shop\/"},{"@type":"ListItem","position":3,"name":"Kal\u0117din\u0117 eglut\u0117 su LED \u0161viesomis"}]},{"@type":"WebSite","@id":"https:\/\/monti.lt\/#website","url":"https:\/\/monti.lt\/","name":"Montessori \u017eaislai","description":"","publisher":{"@id":"https:\/\/monti.lt\/#organization"},"potentialAction":[{"@type":"SearchAction","target":{"@type":"EntryPoint","urlTemplate":"https:\/\/monti.lt\/?s={search_term_string}"},"query-input":"required name=search_term_string"}],"inLanguage":"en-US"},{"@type":"Organization","@id":"https:\/\/monti.lt\/#organization","name":"Montessori \u017eaislai","url":"https:\/\/monti.lt\/","logo":{"@type":"ImageObject","inLanguage":"en-US","@id":"https:\/\/monti.lt\/#\/schema\/logo\/image\/","url":"https:\/\/monti.lt\/wp-content\/uploads\/2022\/03\/montilogo-1.png","contentUrl":"https:\/\/monti.lt\/wp-content\/uploads\/2022\/03\/montilogo-1.png","width":512,"height":512,"caption":"Montessori \u017eaislai"},"image":{"@id":"https:\/\/monti.lt\/#\/schema\/logo\/image\/"}}]}},"_links":{"self":[{"href":"https:\/\/monti.lt\/en\/wp-json\/wp\/v2\/product\/34449"}],"collection":[{"href":"https:\/\/monti.lt\/en\/wp-json\/wp\/v2\/product"}],"about":[{"href":"https:\/\/monti.lt\/en\/wp-json\/wp\/v2\/types\/product"}],"version-history":[{"count":1,"href":"https:\/\/monti.lt\/en\/wp-json\/wp\/v2\/product\/34449\/revisions"}],"predecessor-version":[{"id":34456,"href":"https:\/\/monti.lt\/en\/wp-json\/wp\/v2\/product\/34449\/revisions\/34456"}],"wp:featuredmedia":[{"embeddable":true,"href":"https:\/\/monti.lt\/en\/wp-json\/wp\/v2\/media\/34450"}],"wp:attachment":[{"href":"https:\/\/monti.lt\/en\/wp-json\/wp\/v2\/media?parent=34449"}],"wp:term":[{"taxonomy":"product_cat","embeddable":true,"href":"https:\/\/monti.lt\/en\/wp-json\/wp\/v2\/product_cat?post=34449"},{"taxonomy":"product_tag","embeddable":true,"href":"https:\/\/monti.lt\/en\/wp-json\/wp\/v2\/product_tag?post=34449"}],"curies":[{"name":"wp","href":"https:\/\/api.w.org\/{rel}","templated":true}]}}