{"id":34473,"date":"2025-10-20T11:30:11","date_gmt":"2025-10-20T11:30:11","guid":{"rendered":"https:\/\/monti.lt\/?post_type=product&#038;p=34473"},"modified":"2026-03-25T12:42:15","modified_gmt":"2026-03-25T12:42:15","slug":"lavinamasis-zaidimas-sokinejancios-transporto-priemones","status":"publish","type":"product","link":"https:\/\/monti.lt\/en\/product\/lavinamasis-zaidimas-sokinejancios-transporto-priemones\/","title":{"rendered":"Lavinamasis \u017eaidimas &#8220;\u0160okin\u0117jan\u010dios transporto priemon\u0117s&#8221;"},"content":{"rendered":"<h1 class=\"wp-block-heading\">Edukacinis \u017eaislas su i\u0161\u0161okan\u010diomis transporto priemon\u0117mis, \u0161okin\u0117jan\u010diais i\u0161\u0161okan\u010diais automobiliais, interaktyviomis 4 viename transporto priemon\u0117mis + i\u0161\u0161okan\u010diais automobiliais, rinkinys su mechanizmais ir mygtukais vaikams nuo 18 m\u0117n.!<\/h1>\n\n\n\n<p><strong>vystymasis per \u017eaidim\u0105<\/strong>&nbsp;&nbsp;&nbsp;\u2013 vaikas daro pratimus&nbsp;&nbsp;&nbsp;<strong>rank\u0173 ir aki\u0173 koordinacij\u0105, miklum\u0105 ir login\u012f m\u0105stym\u0105<\/strong>&nbsp;spaudant mygtukus ir stebint pasirodan\u010dias transporto priemones<\/p>\n\n\n\n<p><strong>tobulas dydis<\/strong>&nbsp;&nbsp;&nbsp;\u2013 kompakti\u0161kas \u017eaislas&nbsp;<strong>&nbsp;&nbsp;telpa ant stalo ar kilimo, patogu pasiimti su savimi keliaujant<\/strong>&nbsp;&nbsp;&nbsp;ir tvarkymasis po \u017eaidimo&nbsp;<\/p>\n\n\n\n<p>&nbsp;&nbsp;<strong>sensorinis ugdymas<\/strong>&nbsp;&nbsp;&nbsp;\u2013 skirting\u0173 form\u0173 mygtukai (ranken\u0117l\u0117, svirtis, mygtukas)&nbsp;&nbsp;&nbsp;<strong>\u012ftraukia poj\u016b\u010dius ir padeda lavinti smulki\u0105j\u0105 motorik\u0105<\/strong><\/p>\n\n\n\n<h2 class=\"wp-block-heading\">Edukacinio \u017eaislo specifikacijos:<\/h2>\n\n\n\n<ul class=\"wp-block-list\">\n<li>atitinka Europos standartus<\/li>\n\n\n\n<li>saugus vaikams<\/li>\n\n\n\n<li>vaikams nuo 18 m\u0117nesi\u0173<\/li>\n\n\n\n<li>interaktyvi baz\u0117 su keturiomis pasl\u0117ptomis transporto priemon\u0117mis<\/li>\n\n\n\n<li>mokymasis per \u017eaidim\u0105<\/li>\n\n\n\n<li>mokymosi \u017eaislas<\/li>\n\n\n\n<li>sensorinis \u017eaislas<\/li>\n\n\n\n<li>lavinti motorinius \u012fg\u016bd\u017eius ir suprasti prie\u017easties ir pasekm\u0117s ry\u0161ius<\/li>\n\n\n\n<li>ry\u0161kios spalvos<\/li>\n\n\n\n<li>\u012fmontuoti aktyvavimo mechanizmai<\/li>\n\n\n\n<li>transporto priemon\u0117s i\u0161\u0161oka paspaudus mygtuk\u0105, ranken\u0117l\u0119 ar jungikl\u012f<\/li>\n\n\n\n<li>mokymasis veikiant<\/li>\n\n\n\n<li>dovanos id\u0117ja<\/li>\n\n\n\n<li>Matmenys: 25 x 13 x 12 cm<\/li>\n\n\n\n<li>svoris: 0,313 kg<\/li>\n\n\n\n<li>Svoris pakuot\u0117je: 0,535 kg<\/li>\n\n\n\n<li>prek\u0117s \u017eenklas: KRUZZEL<\/li>\n\n\n\n<li>spalva: daugiaspalv\u0117<\/li>\n\n\n\n<li>med\u017eiaga: plastikas, metalas<\/li>\n<\/ul>\n\n\n\n<h2 class=\"wp-block-heading\">\u012e komplekt\u0105 \u012feina:<\/h2>\n\n\n\n<ul class=\"wp-block-list\">\n<li>\u017eaislas<\/li>\n\n\n\n<li>vartotojo vadovas<\/li>\n\n\n\n<li>spalvinga pakuot\u0117<\/li>\n\n\n\n<li>ruda siuntimo d\u0117\u017eut\u0117<\/li>\n<\/ul>\n\n\n\n<p><strong>GAMINTOJAS:<\/strong><\/p>\n\n\n\n<p>ISO TRADE Sp\u00f3\u0142ka z o.o.<br>Gniewomierz 173<br>59-241 Legnickie Pole, Polska<br><br>office@iso-trade.biz<\/p>\n\n\n\n<p><strong>ATSAKINGAS ASMUO ES:<\/strong><\/p>\n\n\n\n<p>IsoTrade<\/p>\n\n\n\n<p><strong>\u012eSP\u0116JIMO TURINYS:<\/strong><\/p>\n\n\n\n<p>&#8211; Skirta tik vyresniems nei 18 m\u0117nesi\u0173 vaikams.<br>&#8211; \u017daislas visada tur\u0117t\u0173 b\u016bti naudojamas pri\u017ei\u016brint suaugusiajam.<br>&#8211; Prie\u0161 pirm\u0105 kart\u0105 naudodami ir reguliariai naudojimo metu patikrinkite, ar visos dalys yra tvirtai pritvirtintos ir nepa\u017eeistos.<br>&#8211; Jei pa\u017eeista, nebenaudokite, kad i\u0161vengtum\u0117te su\u017ealojimo rizikos.<br>&#8211; Laikyti atokiai nuo u\u017edegimo \u0161altini\u0173 ir auk\u0161tos temperat\u016bros.<br>&#8211; Pavir\u0161i\u0173 valykite dr\u0117gnu skudur\u0117liu. Nemerkite \u012f vanden\u012f.<\/p>","protected":false},"excerpt":{"rendered":"<p>Edukacinis \u017eaislas su i\u0161\u0161okan\u010diomis transporto priemon\u0117mis, \u0161okin\u0117jan\u010diais i\u0161\u0161okan\u010diais automobiliais, interaktyviomis 4 viename transporto priemon\u0117mis + i\u0161\u0161okan\u010diais automobiliais, rinkinys su mechanizmais ir mygtukais vaikams nuo 18 m\u0117n.! vystymasis per \u017eaidim\u0105&nbsp;&nbsp;&nbsp;\u2013 vaikas daro pratimus&nbsp;&nbsp;&nbsp;rank\u0173 ir aki\u0173 koordinacij\u0105, miklum\u0105 ir login\u012f m\u0105stym\u0105&nbsp;spaudant mygtukus ir stebint pasirodan\u010dias transporto priemones tobulas dydis&nbsp;&nbsp;&nbsp;\u2013 kompakti\u0161kas \u017eaislas&nbsp;&nbsp;&nbsp;telpa ant stalo ar kilimo, patogu pasiimti [&hellip;]<\/p>","protected":false},"featured_media":34474,"template":"","meta":{"_acf_changed":false,"iawp_total_views":809},"product_cat":[193,194,195,191,84,91,88,49,39,201],"product_tag":[95,96,97],"class_list":{"0":"post-34473","1":"product","2":"type-product","3":"status-publish","4":"has-post-thumbnail","6":"product_cat-dovanos-vaikams-1-2-metu","7":"product_cat-dovanos-vaikams-2-3-metu","8":"product_cat-dovanos-vaikams-3-4-metu","9":"product_cat-dovanos-vaikams","10":"product_cat-lavinamieji-zaislai","11":"product_cat-loginiam-mastymui","12":"product_cat-mokausi-zaisti","13":"product_cat-visi-zaislai","14":"product_cat-zaislai","15":"product_cat-zaislai-kelioneje","16":"product_tag-1-m-2-m","17":"product_tag-2-m-3-m","18":"product_tag-3-m-4-m","20":"first","21":"outofstock","22":"taxable","23":"shipping-taxable","24":"purchasable","25":"product-type-simple"},"acf":[],"yoast_head":"<!-- This site is optimized with the Yoast SEO plugin v23.3 - https:\/\/yoast.com\/wordpress\/plugins\/seo\/ -->\n<title>Lavinamasis \u017eaidimas &quot;\u0160okin\u0117jan\u010dios transporto priemon\u0117s&quot; - Montessori \u017eaislai<\/title>\n<meta name=\"robots\" content=\"index, follow, max-snippet:-1, max-image-preview:large, max-video-preview:-1\" \/>\n<link rel=\"canonical\" href=\"https:\/\/monti.lt\/en\/product\/lavinamasis-zaidimas-sokinejancios-transporto-priemones\/\" \/>\n<meta property=\"og:locale\" content=\"en_US\" \/>\n<meta property=\"og:type\" content=\"article\" \/>\n<meta property=\"og:title\" content=\"Lavinamasis \u017eaidimas &quot;\u0160okin\u0117jan\u010dios transporto priemon\u0117s&quot; - Montessori \u017eaislai\" \/>\n<meta property=\"og:description\" content=\"Edukacinis \u017eaislas su i\u0161\u0161okan\u010diomis transporto priemon\u0117mis, \u0161okin\u0117jan\u010diais i\u0161\u0161okan\u010diais automobiliais, interaktyviomis 4 viename transporto priemon\u0117mis + i\u0161\u0161okan\u010diais automobiliais, rinkinys su mechanizmais ir mygtukais vaikams nuo 18 m\u0117n.! vystymasis per \u017eaidim\u0105&nbsp;&nbsp;&nbsp;\u2013 vaikas daro pratimus&nbsp;&nbsp;&nbsp;rank\u0173 ir aki\u0173 koordinacij\u0105, miklum\u0105 ir login\u012f m\u0105stym\u0105&nbsp;spaudant mygtukus ir stebint pasirodan\u010dias transporto priemones tobulas dydis&nbsp;&nbsp;&nbsp;\u2013 kompakti\u0161kas \u017eaislas&nbsp;&nbsp;&nbsp;telpa ant stalo ar kilimo, patogu pasiimti [&hellip;]\" \/>\n<meta property=\"og:url\" content=\"https:\/\/monti.lt\/en\/product\/lavinamasis-zaidimas-sokinejancios-transporto-priemones\/\" \/>\n<meta property=\"og:site_name\" content=\"Montessori \u017eaislai\" \/>\n<meta property=\"article:modified_time\" content=\"2026-03-25T12:42:15+00:00\" \/>\n<meta property=\"og:image\" content=\"https:\/\/monti.lt\/wp-content\/uploads\/2025\/10\/lit_pl_Edukacinis-zaislas-sokinejancios-transporto-priemones-26379-18400_11.jpg\" \/>\n\t<meta property=\"og:image:width\" content=\"500\" \/>\n\t<meta property=\"og:image:height\" content=\"500\" \/>\n\t<meta property=\"og:image:type\" content=\"image\/jpeg\" \/>\n<meta name=\"twitter:card\" content=\"summary_large_image\" \/>\n<meta name=\"twitter:label1\" content=\"Est. reading time\" \/>\n\t<meta name=\"twitter:data1\" content=\"2 minutes\" \/>\n<script type=\"application\/ld+json\" class=\"yoast-schema-graph\">{\"@context\":\"https:\/\/schema.org\",\"@graph\":[{\"@type\":\"WebPage\",\"@id\":\"https:\/\/monti.lt\/product\/lavinamasis-zaidimas-sokinejancios-transporto-priemones\/\",\"url\":\"https:\/\/monti.lt\/product\/lavinamasis-zaidimas-sokinejancios-transporto-priemones\/\",\"name\":\"Lavinamasis \u017eaidimas \\\"\u0160okin\u0117jan\u010dios transporto priemon\u0117s\\\" - Montessori \u017eaislai\",\"isPartOf\":{\"@id\":\"https:\/\/monti.lt\/#website\"},\"primaryImageOfPage\":{\"@id\":\"https:\/\/monti.lt\/product\/lavinamasis-zaidimas-sokinejancios-transporto-priemones\/#primaryimage\"},\"image\":{\"@id\":\"https:\/\/monti.lt\/product\/lavinamasis-zaidimas-sokinejancios-transporto-priemones\/#primaryimage\"},\"thumbnailUrl\":\"https:\/\/monti.lt\/wp-content\/uploads\/2025\/10\/lit_pl_Edukacinis-zaislas-sokinejancios-transporto-priemones-26379-18400_11.jpg\",\"datePublished\":\"2025-10-20T11:30:11+00:00\",\"dateModified\":\"2026-03-25T12:42:15+00:00\",\"breadcrumb\":{\"@id\":\"https:\/\/monti.lt\/product\/lavinamasis-zaidimas-sokinejancios-transporto-priemones\/#breadcrumb\"},\"inLanguage\":\"en-US\",\"potentialAction\":[{\"@type\":\"ReadAction\",\"target\":[\"https:\/\/monti.lt\/product\/lavinamasis-zaidimas-sokinejancios-transporto-priemones\/\"]}]},{\"@type\":\"ImageObject\",\"inLanguage\":\"en-US\",\"@id\":\"https:\/\/monti.lt\/product\/lavinamasis-zaidimas-sokinejancios-transporto-priemones\/#primaryimage\",\"url\":\"https:\/\/monti.lt\/wp-content\/uploads\/2025\/10\/lit_pl_Edukacinis-zaislas-sokinejancios-transporto-priemones-26379-18400_11.jpg\",\"contentUrl\":\"https:\/\/monti.lt\/wp-content\/uploads\/2025\/10\/lit_pl_Edukacinis-zaislas-sokinejancios-transporto-priemones-26379-18400_11.jpg\",\"width\":500,\"height\":500,\"caption\":\"pop up zaislas\"},{\"@type\":\"BreadcrumbList\",\"@id\":\"https:\/\/monti.lt\/product\/lavinamasis-zaidimas-sokinejancios-transporto-priemones\/#breadcrumb\",\"itemListElement\":[{\"@type\":\"ListItem\",\"position\":1,\"name\":\"Home\",\"item\":\"https:\/\/monti.lt\/\"},{\"@type\":\"ListItem\",\"position\":2,\"name\":\"Parduotuv\u0117\",\"item\":\"https:\/\/monti.lt\/shop\/\"},{\"@type\":\"ListItem\",\"position\":3,\"name\":\"Lavinamasis \u017eaidimas &#8220;\u0160okin\u0117jan\u010dios transporto priemon\u0117s&#8221;\"}]},{\"@type\":\"WebSite\",\"@id\":\"https:\/\/monti.lt\/#website\",\"url\":\"https:\/\/monti.lt\/\",\"name\":\"Montessori \u017eaislai\",\"description\":\"\",\"publisher\":{\"@id\":\"https:\/\/monti.lt\/#organization\"},\"potentialAction\":[{\"@type\":\"SearchAction\",\"target\":{\"@type\":\"EntryPoint\",\"urlTemplate\":\"https:\/\/monti.lt\/?s={search_term_string}\"},\"query-input\":\"required name=search_term_string\"}],\"inLanguage\":\"en-US\"},{\"@type\":\"Organization\",\"@id\":\"https:\/\/monti.lt\/#organization\",\"name\":\"Montessori \u017eaislai\",\"url\":\"https:\/\/monti.lt\/\",\"logo\":{\"@type\":\"ImageObject\",\"inLanguage\":\"en-US\",\"@id\":\"https:\/\/monti.lt\/#\/schema\/logo\/image\/\",\"url\":\"https:\/\/monti.lt\/wp-content\/uploads\/2022\/03\/montilogo-1.png\",\"contentUrl\":\"https:\/\/monti.lt\/wp-content\/uploads\/2022\/03\/montilogo-1.png\",\"width\":512,\"height\":512,\"caption\":\"Montessori \u017eaislai\"},\"image\":{\"@id\":\"https:\/\/monti.lt\/#\/schema\/logo\/image\/\"}}]}<\/script>\n<!-- \/ Yoast SEO plugin. -->","yoast_head_json":{"title":"Lavinamasis \u017eaidimas \"\u0160okin\u0117jan\u010dios transporto priemon\u0117s\" - Montessori \u017eaislai","robots":{"index":"index","follow":"follow","max-snippet":"max-snippet:-1","max-image-preview":"max-image-preview:large","max-video-preview":"max-video-preview:-1"},"canonical":"https:\/\/monti.lt\/en\/product\/lavinamasis-zaidimas-sokinejancios-transporto-priemones\/","og_locale":"en_US","og_type":"article","og_title":"Lavinamasis \u017eaidimas \"\u0160okin\u0117jan\u010dios transporto priemon\u0117s\" - Montessori \u017eaislai","og_description":"Edukacinis \u017eaislas su i\u0161\u0161okan\u010diomis transporto priemon\u0117mis, \u0161okin\u0117jan\u010diais i\u0161\u0161okan\u010diais automobiliais, interaktyviomis 4 viename transporto priemon\u0117mis + i\u0161\u0161okan\u010diais automobiliais, rinkinys su mechanizmais ir mygtukais vaikams nuo 18 m\u0117n.! vystymasis per \u017eaidim\u0105&nbsp;&nbsp;&nbsp;\u2013 vaikas daro pratimus&nbsp;&nbsp;&nbsp;rank\u0173 ir aki\u0173 koordinacij\u0105, miklum\u0105 ir login\u012f m\u0105stym\u0105&nbsp;spaudant mygtukus ir stebint pasirodan\u010dias transporto priemones tobulas dydis&nbsp;&nbsp;&nbsp;\u2013 kompakti\u0161kas \u017eaislas&nbsp;&nbsp;&nbsp;telpa ant stalo ar kilimo, patogu pasiimti [&hellip;]","og_url":"https:\/\/monti.lt\/en\/product\/lavinamasis-zaidimas-sokinejancios-transporto-priemones\/","og_site_name":"Montessori \u017eaislai","article_modified_time":"2026-03-25T12:42:15+00:00","og_image":[{"width":500,"height":500,"url":"https:\/\/monti.lt\/wp-content\/uploads\/2025\/10\/lit_pl_Edukacinis-zaislas-sokinejancios-transporto-priemones-26379-18400_11.jpg","type":"image\/jpeg"}],"twitter_card":"summary_large_image","twitter_misc":{"Est. reading time":"2 minutes"},"schema":{"@context":"https:\/\/schema.org","@graph":[{"@type":"WebPage","@id":"https:\/\/monti.lt\/product\/lavinamasis-zaidimas-sokinejancios-transporto-priemones\/","url":"https:\/\/monti.lt\/product\/lavinamasis-zaidimas-sokinejancios-transporto-priemones\/","name":"Lavinamasis \u017eaidimas \"\u0160okin\u0117jan\u010dios transporto priemon\u0117s\" - Montessori \u017eaislai","isPartOf":{"@id":"https:\/\/monti.lt\/#website"},"primaryImageOfPage":{"@id":"https:\/\/monti.lt\/product\/lavinamasis-zaidimas-sokinejancios-transporto-priemones\/#primaryimage"},"image":{"@id":"https:\/\/monti.lt\/product\/lavinamasis-zaidimas-sokinejancios-transporto-priemones\/#primaryimage"},"thumbnailUrl":"https:\/\/monti.lt\/wp-content\/uploads\/2025\/10\/lit_pl_Edukacinis-zaislas-sokinejancios-transporto-priemones-26379-18400_11.jpg","datePublished":"2025-10-20T11:30:11+00:00","dateModified":"2026-03-25T12:42:15+00:00","breadcrumb":{"@id":"https:\/\/monti.lt\/product\/lavinamasis-zaidimas-sokinejancios-transporto-priemones\/#breadcrumb"},"inLanguage":"en-US","potentialAction":[{"@type":"ReadAction","target":["https:\/\/monti.lt\/product\/lavinamasis-zaidimas-sokinejancios-transporto-priemones\/"]}]},{"@type":"ImageObject","inLanguage":"en-US","@id":"https:\/\/monti.lt\/product\/lavinamasis-zaidimas-sokinejancios-transporto-priemones\/#primaryimage","url":"https:\/\/monti.lt\/wp-content\/uploads\/2025\/10\/lit_pl_Edukacinis-zaislas-sokinejancios-transporto-priemones-26379-18400_11.jpg","contentUrl":"https:\/\/monti.lt\/wp-content\/uploads\/2025\/10\/lit_pl_Edukacinis-zaislas-sokinejancios-transporto-priemones-26379-18400_11.jpg","width":500,"height":500,"caption":"pop up zaislas"},{"@type":"BreadcrumbList","@id":"https:\/\/monti.lt\/product\/lavinamasis-zaidimas-sokinejancios-transporto-priemones\/#breadcrumb","itemListElement":[{"@type":"ListItem","position":1,"name":"Home","item":"https:\/\/monti.lt\/"},{"@type":"ListItem","position":2,"name":"Parduotuv\u0117","item":"https:\/\/monti.lt\/shop\/"},{"@type":"ListItem","position":3,"name":"Lavinamasis \u017eaidimas &#8220;\u0160okin\u0117jan\u010dios transporto priemon\u0117s&#8221;"}]},{"@type":"WebSite","@id":"https:\/\/monti.lt\/#website","url":"https:\/\/monti.lt\/","name":"Montessori \u017eaislai","description":"","publisher":{"@id":"https:\/\/monti.lt\/#organization"},"potentialAction":[{"@type":"SearchAction","target":{"@type":"EntryPoint","urlTemplate":"https:\/\/monti.lt\/?s={search_term_string}"},"query-input":"required name=search_term_string"}],"inLanguage":"en-US"},{"@type":"Organization","@id":"https:\/\/monti.lt\/#organization","name":"Montessori \u017eaislai","url":"https:\/\/monti.lt\/","logo":{"@type":"ImageObject","inLanguage":"en-US","@id":"https:\/\/monti.lt\/#\/schema\/logo\/image\/","url":"https:\/\/monti.lt\/wp-content\/uploads\/2022\/03\/montilogo-1.png","contentUrl":"https:\/\/monti.lt\/wp-content\/uploads\/2022\/03\/montilogo-1.png","width":512,"height":512,"caption":"Montessori \u017eaislai"},"image":{"@id":"https:\/\/monti.lt\/#\/schema\/logo\/image\/"}}]}},"_links":{"self":[{"href":"https:\/\/monti.lt\/en\/wp-json\/wp\/v2\/product\/34473"}],"collection":[{"href":"https:\/\/monti.lt\/en\/wp-json\/wp\/v2\/product"}],"about":[{"href":"https:\/\/monti.lt\/en\/wp-json\/wp\/v2\/types\/product"}],"version-history":[{"count":1,"href":"https:\/\/monti.lt\/en\/wp-json\/wp\/v2\/product\/34473\/revisions"}],"predecessor-version":[{"id":34485,"href":"https:\/\/monti.lt\/en\/wp-json\/wp\/v2\/product\/34473\/revisions\/34485"}],"wp:featuredmedia":[{"embeddable":true,"href":"https:\/\/monti.lt\/en\/wp-json\/wp\/v2\/media\/34474"}],"wp:attachment":[{"href":"https:\/\/monti.lt\/en\/wp-json\/wp\/v2\/media?parent=34473"}],"wp:term":[{"taxonomy":"product_cat","embeddable":true,"href":"https:\/\/monti.lt\/en\/wp-json\/wp\/v2\/product_cat?post=34473"},{"taxonomy":"product_tag","embeddable":true,"href":"https:\/\/monti.lt\/en\/wp-json\/wp\/v2\/product_tag?post=34473"}],"curies":[{"name":"wp","href":"https:\/\/api.w.org\/{rel}","templated":true}]}}