{"id":34509,"date":"2025-10-21T06:00:14","date_gmt":"2025-10-21T06:00:14","guid":{"rendered":"https:\/\/monti.lt\/?post_type=product&#038;p=34509"},"modified":"2026-03-02T06:25:23","modified_gmt":"2026-03-02T06:25:23","slug":"konstruktorius-lagaminelyje-kosmosas","status":"publish","type":"product","link":"https:\/\/monti.lt\/en\/product\/konstruktorius-lagaminelyje-kosmosas\/","title":{"rendered":"Konstruktorius lagamin\u0117lyje &#8220;Kosmosas&#8221;"},"content":{"rendered":"<h2 class=\"wp-block-heading\">Spalvingi statybiniai blokai \u2013 tai \u017eaislas, kuris su\u017eav\u0117s bet kur\u012f vaik\u0105! \u0160is rinkinys ne tik garantuoja begalin\u012f malonum\u0105, bet ir padeda ugdyti ma\u017eiausi\u0173j\u0173 \u012fg\u016bd\u017eius. Vaikai, \u017eaisdami valand\u0173 valandas, ugdys smulki\u0105j\u0105 motorik\u0105, login\u012f m\u0105stym\u0105 ir k\u016brybi\u0161kum\u0105. Prakti\u0161kas plastikinis d\u0117klas ne tik talpina visas rinkinio dalis, bet ir virsta \u017eaidim\u0173 lenta. Turint daugyb\u0119 blok\u0173, detali\u0173 ir var\u017et\u0173, galimyb\u0117s kurti unikalius \u0161edevrus yra beveik begalin\u0117s. Be to, su kartoniniais dinozaurais vaikai gali kurti \u012fsp\u016bdingas 3D konstrukcijas. Komplekte yra plastikinis atsuktuvas ir gr\u0119\u017etuvas, kad \u017eaidimas b\u016bt\u0173 dar smagesnis. Konstrukciniai blokai yra svajoni\u0173 \u017eaislas kiekvienam ma\u017eam statybininkui ir dinozaur\u0173 m\u0117g\u0117jui.<\/h2>\n\n\n\n<p>Techniniai duomenys:<\/p>\n\n\n\n<p>Med\u017eiaga: plastikas<br>Naudotojo am\u017eius: 3+<br>Dali\u0173 skai\u010dius: 285<br>Gr\u0119\u017etuvo maitinimas: 2x AA baterijos (\u012f komplekt\u0105 ne\u012feina)<br>Plastikinio d\u0117klo matmenys: 23,5 cm x 18 cm x 7 cm<br>Pakuot\u0117s matmenys: 24,5 cm x 18 cm x 7,5 cm<br>Komplekto turinys:<\/p>\n\n\n\n<p>Gr\u0119\u017etuvas su dviem lizdais<br>Atsuktuvas<br>Ver\u017eliarak\u010dio raktas<br>Var\u017etai x80<br>Blokai x32<br>Bitai x100<br>Ki\u0161tukai x35<br>Jungtys x8<br>Dekoratyviniai elementai su dinozaur\u0173 motyvais<br>Kortel\u0117 su \u012fkv\u0117pimo \u0161altiniais<br>Lagaminas<\/p>\n\n\n\n<p>Statybiniai blokai yra tvirti ir visi\u0161kai saug\u016bs \u017eaisti vaikams nuo trej\u0173 met\u0173.<\/p>\n\n\n\n<p>Produktas supakuotas kartonin\u0117je d\u0117\u017eut\u0117je.<\/p>\n\n\n\n<p><\/p>\n\n\n\n<p><\/p>","protected":false},"excerpt":{"rendered":"<p>Spalvingi statybiniai blokai \u2013 tai \u017eaislas, kuris su\u017eav\u0117s bet kur\u012f vaik\u0105! \u0160is rinkinys ne tik garantuoja begalin\u012f malonum\u0105, bet ir padeda ugdyti ma\u017eiausi\u0173j\u0173 \u012fg\u016bd\u017eius. Vaikai, \u017eaisdami valand\u0173 valandas, ugdys smulki\u0105j\u0105 motorik\u0105, login\u012f m\u0105stym\u0105 ir k\u016brybi\u0161kum\u0105. Prakti\u0161kas plastikinis d\u0117klas ne tik talpina visas rinkinio dalis, bet ir virsta \u017eaidim\u0173 lenta. Turint daugyb\u0119 blok\u0173, detali\u0173 ir var\u017et\u0173, [&hellip;]<\/p>","protected":false},"featured_media":34510,"template":"","meta":{"_acf_changed":false,"iawp_total_views":220},"product_cat":[218,195,216,217,191,87,84,86,202,49,39],"product_tag":[97,98],"class_list":{"0":"post-34509","1":"product","2":"type-product","3":"status-publish","4":"has-post-thumbnail","6":"product_cat-darzeliu-grupems","7":"product_cat-dovanos-vaikams-3-4-metu","8":"product_cat-dovanos-4-5-metu-vaikams","9":"product_cat-dovanos-5-7-metu-vaikams","10":"product_cat-dovanos-vaikams","11":"product_cat-kurybiniai-rinkiniai","12":"product_cat-lavinamieji-zaislai","13":"product_cat-smulkioji-motorika","14":"product_cat-vaaikiski-konstruktoriai","15":"product_cat-visi-zaislai","16":"product_cat-zaislai","17":"product_tag-3-m-4-m","18":"product_tag-5-m-7-m","20":"first","21":"instock","22":"taxable","23":"shipping-taxable","24":"purchasable","25":"product-type-simple"},"acf":[],"yoast_head":"<!-- This site is optimized with the Yoast SEO plugin v23.3 - https:\/\/yoast.com\/wordpress\/plugins\/seo\/ -->\n<title>Konstruktorius lagamin\u0117lyje &quot;Kosmosas&quot; - Montessori \u017eaislai<\/title>\n<meta name=\"robots\" content=\"index, follow, max-snippet:-1, max-image-preview:large, max-video-preview:-1\" \/>\n<link rel=\"canonical\" href=\"https:\/\/monti.lt\/en\/product\/konstruktorius-lagaminelyje-kosmosas\/\" \/>\n<meta property=\"og:locale\" content=\"en_US\" \/>\n<meta property=\"og:type\" content=\"article\" \/>\n<meta property=\"og:title\" content=\"Konstruktorius lagamin\u0117lyje &quot;Kosmosas&quot; - Montessori \u017eaislai\" \/>\n<meta property=\"og:description\" content=\"Spalvingi statybiniai blokai \u2013 tai \u017eaislas, kuris su\u017eav\u0117s bet kur\u012f vaik\u0105! \u0160is rinkinys ne tik garantuoja begalin\u012f malonum\u0105, bet ir padeda ugdyti ma\u017eiausi\u0173j\u0173 \u012fg\u016bd\u017eius. Vaikai, \u017eaisdami valand\u0173 valandas, ugdys smulki\u0105j\u0105 motorik\u0105, login\u012f m\u0105stym\u0105 ir k\u016brybi\u0161kum\u0105. Prakti\u0161kas plastikinis d\u0117klas ne tik talpina visas rinkinio dalis, bet ir virsta \u017eaidim\u0173 lenta. Turint daugyb\u0119 blok\u0173, detali\u0173 ir var\u017et\u0173, [&hellip;]\" \/>\n<meta property=\"og:url\" content=\"https:\/\/monti.lt\/en\/product\/konstruktorius-lagaminelyje-kosmosas\/\" \/>\n<meta property=\"og:site_name\" content=\"Montessori \u017eaislai\" \/>\n<meta property=\"article:modified_time\" content=\"2026-03-02T06:25:23+00:00\" \/>\n<meta property=\"og:image\" content=\"https:\/\/monti.lt\/wp-content\/uploads\/2025\/10\/Building-blocks-in-a-suitcase-screwdriver-space-167436.jpg\" \/>\n\t<meta property=\"og:image:width\" content=\"1024\" \/>\n\t<meta property=\"og:image:height\" content=\"1024\" \/>\n\t<meta property=\"og:image:type\" content=\"image\/jpeg\" \/>\n<meta name=\"twitter:card\" content=\"summary_large_image\" \/>\n<meta name=\"twitter:label1\" content=\"Est. reading time\" \/>\n\t<meta name=\"twitter:data1\" content=\"2 minutes\" \/>\n<script type=\"application\/ld+json\" class=\"yoast-schema-graph\">{\"@context\":\"https:\/\/schema.org\",\"@graph\":[{\"@type\":\"WebPage\",\"@id\":\"https:\/\/monti.lt\/product\/konstruktorius-lagaminelyje-kosmosas\/\",\"url\":\"https:\/\/monti.lt\/product\/konstruktorius-lagaminelyje-kosmosas\/\",\"name\":\"Konstruktorius lagamin\u0117lyje \\\"Kosmosas\\\" - Montessori \u017eaislai\",\"isPartOf\":{\"@id\":\"https:\/\/monti.lt\/#website\"},\"primaryImageOfPage\":{\"@id\":\"https:\/\/monti.lt\/product\/konstruktorius-lagaminelyje-kosmosas\/#primaryimage\"},\"image\":{\"@id\":\"https:\/\/monti.lt\/product\/konstruktorius-lagaminelyje-kosmosas\/#primaryimage\"},\"thumbnailUrl\":\"https:\/\/monti.lt\/wp-content\/uploads\/2025\/10\/Building-blocks-in-a-suitcase-screwdriver-space-167436.jpg\",\"datePublished\":\"2025-10-21T06:00:14+00:00\",\"dateModified\":\"2026-03-02T06:25:23+00:00\",\"breadcrumb\":{\"@id\":\"https:\/\/monti.lt\/product\/konstruktorius-lagaminelyje-kosmosas\/#breadcrumb\"},\"inLanguage\":\"en-US\",\"potentialAction\":[{\"@type\":\"ReadAction\",\"target\":[\"https:\/\/monti.lt\/product\/konstruktorius-lagaminelyje-kosmosas\/\"]}]},{\"@type\":\"ImageObject\",\"inLanguage\":\"en-US\",\"@id\":\"https:\/\/monti.lt\/product\/konstruktorius-lagaminelyje-kosmosas\/#primaryimage\",\"url\":\"https:\/\/monti.lt\/wp-content\/uploads\/2025\/10\/Building-blocks-in-a-suitcase-screwdriver-space-167436.jpg\",\"contentUrl\":\"https:\/\/monti.lt\/wp-content\/uploads\/2025\/10\/Building-blocks-in-a-suitcase-screwdriver-space-167436.jpg\",\"width\":1024,\"height\":1024,\"caption\":\"konstruktorius lagaminelyje\"},{\"@type\":\"BreadcrumbList\",\"@id\":\"https:\/\/monti.lt\/product\/konstruktorius-lagaminelyje-kosmosas\/#breadcrumb\",\"itemListElement\":[{\"@type\":\"ListItem\",\"position\":1,\"name\":\"Home\",\"item\":\"https:\/\/monti.lt\/\"},{\"@type\":\"ListItem\",\"position\":2,\"name\":\"Parduotuv\u0117\",\"item\":\"https:\/\/monti.lt\/shop\/\"},{\"@type\":\"ListItem\",\"position\":3,\"name\":\"Konstruktorius lagamin\u0117lyje &#8220;Kosmosas&#8221;\"}]},{\"@type\":\"WebSite\",\"@id\":\"https:\/\/monti.lt\/#website\",\"url\":\"https:\/\/monti.lt\/\",\"name\":\"Montessori \u017eaislai\",\"description\":\"\",\"publisher\":{\"@id\":\"https:\/\/monti.lt\/#organization\"},\"potentialAction\":[{\"@type\":\"SearchAction\",\"target\":{\"@type\":\"EntryPoint\",\"urlTemplate\":\"https:\/\/monti.lt\/?s={search_term_string}\"},\"query-input\":\"required name=search_term_string\"}],\"inLanguage\":\"en-US\"},{\"@type\":\"Organization\",\"@id\":\"https:\/\/monti.lt\/#organization\",\"name\":\"Montessori \u017eaislai\",\"url\":\"https:\/\/monti.lt\/\",\"logo\":{\"@type\":\"ImageObject\",\"inLanguage\":\"en-US\",\"@id\":\"https:\/\/monti.lt\/#\/schema\/logo\/image\/\",\"url\":\"https:\/\/monti.lt\/wp-content\/uploads\/2022\/03\/montilogo-1.png\",\"contentUrl\":\"https:\/\/monti.lt\/wp-content\/uploads\/2022\/03\/montilogo-1.png\",\"width\":512,\"height\":512,\"caption\":\"Montessori \u017eaislai\"},\"image\":{\"@id\":\"https:\/\/monti.lt\/#\/schema\/logo\/image\/\"}}]}<\/script>\n<!-- \/ Yoast SEO plugin. -->","yoast_head_json":{"title":"Konstruktorius lagamin\u0117lyje \"Kosmosas\" - Montessori \u017eaislai","robots":{"index":"index","follow":"follow","max-snippet":"max-snippet:-1","max-image-preview":"max-image-preview:large","max-video-preview":"max-video-preview:-1"},"canonical":"https:\/\/monti.lt\/en\/product\/konstruktorius-lagaminelyje-kosmosas\/","og_locale":"en_US","og_type":"article","og_title":"Konstruktorius lagamin\u0117lyje \"Kosmosas\" - Montessori \u017eaislai","og_description":"Spalvingi statybiniai blokai \u2013 tai \u017eaislas, kuris su\u017eav\u0117s bet kur\u012f vaik\u0105! \u0160is rinkinys ne tik garantuoja begalin\u012f malonum\u0105, bet ir padeda ugdyti ma\u017eiausi\u0173j\u0173 \u012fg\u016bd\u017eius. Vaikai, \u017eaisdami valand\u0173 valandas, ugdys smulki\u0105j\u0105 motorik\u0105, login\u012f m\u0105stym\u0105 ir k\u016brybi\u0161kum\u0105. Prakti\u0161kas plastikinis d\u0117klas ne tik talpina visas rinkinio dalis, bet ir virsta \u017eaidim\u0173 lenta. Turint daugyb\u0119 blok\u0173, detali\u0173 ir var\u017et\u0173, [&hellip;]","og_url":"https:\/\/monti.lt\/en\/product\/konstruktorius-lagaminelyje-kosmosas\/","og_site_name":"Montessori \u017eaislai","article_modified_time":"2026-03-02T06:25:23+00:00","og_image":[{"width":1024,"height":1024,"url":"https:\/\/monti.lt\/wp-content\/uploads\/2025\/10\/Building-blocks-in-a-suitcase-screwdriver-space-167436.jpg","type":"image\/jpeg"}],"twitter_card":"summary_large_image","twitter_misc":{"Est. reading time":"2 minutes"},"schema":{"@context":"https:\/\/schema.org","@graph":[{"@type":"WebPage","@id":"https:\/\/monti.lt\/product\/konstruktorius-lagaminelyje-kosmosas\/","url":"https:\/\/monti.lt\/product\/konstruktorius-lagaminelyje-kosmosas\/","name":"Konstruktorius lagamin\u0117lyje \"Kosmosas\" - Montessori \u017eaislai","isPartOf":{"@id":"https:\/\/monti.lt\/#website"},"primaryImageOfPage":{"@id":"https:\/\/monti.lt\/product\/konstruktorius-lagaminelyje-kosmosas\/#primaryimage"},"image":{"@id":"https:\/\/monti.lt\/product\/konstruktorius-lagaminelyje-kosmosas\/#primaryimage"},"thumbnailUrl":"https:\/\/monti.lt\/wp-content\/uploads\/2025\/10\/Building-blocks-in-a-suitcase-screwdriver-space-167436.jpg","datePublished":"2025-10-21T06:00:14+00:00","dateModified":"2026-03-02T06:25:23+00:00","breadcrumb":{"@id":"https:\/\/monti.lt\/product\/konstruktorius-lagaminelyje-kosmosas\/#breadcrumb"},"inLanguage":"en-US","potentialAction":[{"@type":"ReadAction","target":["https:\/\/monti.lt\/product\/konstruktorius-lagaminelyje-kosmosas\/"]}]},{"@type":"ImageObject","inLanguage":"en-US","@id":"https:\/\/monti.lt\/product\/konstruktorius-lagaminelyje-kosmosas\/#primaryimage","url":"https:\/\/monti.lt\/wp-content\/uploads\/2025\/10\/Building-blocks-in-a-suitcase-screwdriver-space-167436.jpg","contentUrl":"https:\/\/monti.lt\/wp-content\/uploads\/2025\/10\/Building-blocks-in-a-suitcase-screwdriver-space-167436.jpg","width":1024,"height":1024,"caption":"konstruktorius lagaminelyje"},{"@type":"BreadcrumbList","@id":"https:\/\/monti.lt\/product\/konstruktorius-lagaminelyje-kosmosas\/#breadcrumb","itemListElement":[{"@type":"ListItem","position":1,"name":"Home","item":"https:\/\/monti.lt\/"},{"@type":"ListItem","position":2,"name":"Parduotuv\u0117","item":"https:\/\/monti.lt\/shop\/"},{"@type":"ListItem","position":3,"name":"Konstruktorius lagamin\u0117lyje &#8220;Kosmosas&#8221;"}]},{"@type":"WebSite","@id":"https:\/\/monti.lt\/#website","url":"https:\/\/monti.lt\/","name":"Montessori \u017eaislai","description":"","publisher":{"@id":"https:\/\/monti.lt\/#organization"},"potentialAction":[{"@type":"SearchAction","target":{"@type":"EntryPoint","urlTemplate":"https:\/\/monti.lt\/?s={search_term_string}"},"query-input":"required name=search_term_string"}],"inLanguage":"en-US"},{"@type":"Organization","@id":"https:\/\/monti.lt\/#organization","name":"Montessori \u017eaislai","url":"https:\/\/monti.lt\/","logo":{"@type":"ImageObject","inLanguage":"en-US","@id":"https:\/\/monti.lt\/#\/schema\/logo\/image\/","url":"https:\/\/monti.lt\/wp-content\/uploads\/2022\/03\/montilogo-1.png","contentUrl":"https:\/\/monti.lt\/wp-content\/uploads\/2022\/03\/montilogo-1.png","width":512,"height":512,"caption":"Montessori \u017eaislai"},"image":{"@id":"https:\/\/monti.lt\/#\/schema\/logo\/image\/"}}]}},"_links":{"self":[{"href":"https:\/\/monti.lt\/en\/wp-json\/wp\/v2\/product\/34509"}],"collection":[{"href":"https:\/\/monti.lt\/en\/wp-json\/wp\/v2\/product"}],"about":[{"href":"https:\/\/monti.lt\/en\/wp-json\/wp\/v2\/types\/product"}],"version-history":[{"count":1,"href":"https:\/\/monti.lt\/en\/wp-json\/wp\/v2\/product\/34509\/revisions"}],"predecessor-version":[{"id":34522,"href":"https:\/\/monti.lt\/en\/wp-json\/wp\/v2\/product\/34509\/revisions\/34522"}],"wp:featuredmedia":[{"embeddable":true,"href":"https:\/\/monti.lt\/en\/wp-json\/wp\/v2\/media\/34510"}],"wp:attachment":[{"href":"https:\/\/monti.lt\/en\/wp-json\/wp\/v2\/media?parent=34509"}],"wp:term":[{"taxonomy":"product_cat","embeddable":true,"href":"https:\/\/monti.lt\/en\/wp-json\/wp\/v2\/product_cat?post=34509"},{"taxonomy":"product_tag","embeddable":true,"href":"https:\/\/monti.lt\/en\/wp-json\/wp\/v2\/product_tag?post=34509"}],"curies":[{"name":"wp","href":"https:\/\/api.w.org\/{rel}","templated":true}]}}