{"id":34523,"date":"2025-10-21T06:10:28","date_gmt":"2025-10-21T06:10:28","guid":{"rendered":"https:\/\/monti.lt\/?post_type=product&#038;p=34523"},"modified":"2026-03-24T19:37:06","modified_gmt":"2026-03-24T19:37:06","slug":"konstruktorius-lagaminelyje-transporto-priemones","status":"publish","type":"product","link":"https:\/\/monti.lt\/en\/product\/konstruktorius-lagaminelyje-transporto-priemones\/","title":{"rendered":"Konstruktorius lagamin\u0117lyje &#8220;Transporto priemon\u0117s&#8221;"},"content":{"rendered":"<p>Lagamin\u0117lyje esantys statybiniai blokai \u2013 tai \u017eaislas, kuris prad\u017eiugins bet kokio am\u017eiaus vaik\u0105! \u0160is rinkinys ne tik ilgam u\u017eims vaik\u0105, bet ir pad\u0117s ugdyti svarbiausius \u012fg\u016bd\u017eius: smulki\u0105j\u0105 motorik\u0105, login\u012f m\u0105stym\u0105 ir k\u016brybi\u0161kum\u0105. Plastikinis lagamin\u0117lis turi dvi funkcijas: jis yra blok\u0173 laikymo vieta ir \u017eaidimo lenta. Daugyb\u0117 plyteli\u0173, detali\u0173 ir var\u017et\u0173 leid\u017eia kurti \u012fvairius k\u016brinius, o naudojant kartonines transporto priemones \u2013 netgi 3D meno k\u016brinius. Sraigtams \u012fsukti vaikai gali naudoti plastikin\u012f atsuktuv\u0105 arba baterijomis maitinam\u0105 gr\u0105\u017et\u0105 (baterijos n\u0117ra pridedamos). \u017daislas puikiai tiks bet kuriam ma\u017eam DIY ir statybini\u0173 blokeli\u0173 m\u0117g\u0117jui.<\/p>\n\n\n\n<p>Techniniai duomenys:<\/p>\n\n\n\n<p>Med\u017eiaga: plastikas<br>Naudotojo am\u017eius: 3+<br>Dali\u0173 skai\u010dius: 285<br>Gr\u0119\u017etuvo maitinimas: 2x AA baterijos (\u012f komplekt\u0105 ne\u012feina)<br>Plastikin\u0117s d\u0117\u017eut\u0117s matmenys: 23,5 cm x 18 cm x 7 cm<br>Pakuot\u0117s matmenys: 24,5 cm x 18 cm x 7,5 cm<br>Komplekto turinys:<\/p>\n\n\n\n<p>Gr\u0119\u017etuvas su dviem lizdais<br>Atsuktuvas<br>Ver\u017eliarakis<br>Var\u017etai x80<br>Blokai x32<br>Bitai x100<br>Ki\u0161tukai x35<br>Jungtys x8<br>Dekoratyviniai elementai su transporto priemoni\u0173 motyvais<br>Kortel\u0117 su id\u0117jomis<br>Lagaminas<\/p>\n\n\n\n<p>Statybiniai blokai pagaminti i\u0161 patvarios ir saugios plastmas\u0117s, kaip patvirtina CE sertifikatas.<\/p>\n\n\n\n<p>Produktas supakuotas kartonin\u0117je d\u0117\u017eut\u0117je.<\/p>\n\n\n\n<p><\/p>","protected":false},"excerpt":{"rendered":"<p>Lagamin\u0117lyje esantys statybiniai blokai \u2013 tai \u017eaislas, kuris prad\u017eiugins bet kokio am\u017eiaus vaik\u0105! \u0160is rinkinys ne tik ilgam u\u017eims vaik\u0105, bet ir pad\u0117s ugdyti svarbiausius \u012fg\u016bd\u017eius: smulki\u0105j\u0105 motorik\u0105, login\u012f m\u0105stym\u0105 ir k\u016brybi\u0161kum\u0105. Plastikinis lagamin\u0117lis turi dvi funkcijas: jis yra blok\u0173 laikymo vieta ir \u017eaidimo lenta. Daugyb\u0117 plyteli\u0173, detali\u0173 ir var\u017et\u0173 leid\u017eia kurti \u012fvairius k\u016brinius, o [&hellip;]<\/p>","protected":false},"featured_media":34802,"template":"","meta":{"_acf_changed":false,"iawp_total_views":320},"product_cat":[218,195,216,217,191,84,86,202,49,39,215],"product_tag":[97,98],"class_list":{"0":"post-34523","1":"product","2":"type-product","3":"status-publish","4":"has-post-thumbnail","6":"product_cat-darzeliu-grupems","7":"product_cat-dovanos-vaikams-3-4-metu","8":"product_cat-dovanos-4-5-metu-vaikams","9":"product_cat-dovanos-5-7-metu-vaikams","10":"product_cat-dovanos-vaikams","11":"product_cat-lavinamieji-zaislai","12":"product_cat-smulkioji-motorika","13":"product_cat-vaaikiski-konstruktoriai","14":"product_cat-visi-zaislai","15":"product_cat-zaislai","16":"product_cat-zaislai-berniukams","17":"product_tag-3-m-4-m","18":"product_tag-5-m-7-m","20":"first","21":"instock","22":"taxable","23":"shipping-taxable","24":"purchasable","25":"product-type-simple"},"acf":[],"yoast_head":"<!-- This site is optimized with the Yoast SEO plugin v23.3 - https:\/\/yoast.com\/wordpress\/plugins\/seo\/ -->\n<title>Konstruktorius lagamin\u0117lyje &quot;Transporto priemon\u0117s&quot; - Montessori \u017eaislai<\/title>\n<meta name=\"robots\" content=\"index, follow, max-snippet:-1, max-image-preview:large, max-video-preview:-1\" \/>\n<link rel=\"canonical\" href=\"https:\/\/monti.lt\/en\/product\/konstruktorius-lagaminelyje-transporto-priemones\/\" \/>\n<meta property=\"og:locale\" content=\"en_US\" \/>\n<meta property=\"og:type\" content=\"article\" \/>\n<meta property=\"og:title\" content=\"Konstruktorius lagamin\u0117lyje &quot;Transporto priemon\u0117s&quot; - Montessori \u017eaislai\" \/>\n<meta property=\"og:description\" content=\"Lagamin\u0117lyje esantys statybiniai blokai \u2013 tai \u017eaislas, kuris prad\u017eiugins bet kokio am\u017eiaus vaik\u0105! \u0160is rinkinys ne tik ilgam u\u017eims vaik\u0105, bet ir pad\u0117s ugdyti svarbiausius \u012fg\u016bd\u017eius: smulki\u0105j\u0105 motorik\u0105, login\u012f m\u0105stym\u0105 ir k\u016brybi\u0161kum\u0105. Plastikinis lagamin\u0117lis turi dvi funkcijas: jis yra blok\u0173 laikymo vieta ir \u017eaidimo lenta. Daugyb\u0117 plyteli\u0173, detali\u0173 ir var\u017et\u0173 leid\u017eia kurti \u012fvairius k\u016brinius, o [&hellip;]\" \/>\n<meta property=\"og:url\" content=\"https:\/\/monti.lt\/en\/product\/konstruktorius-lagaminelyje-transporto-priemones\/\" \/>\n<meta property=\"og:site_name\" content=\"Montessori \u017eaislai\" \/>\n<meta property=\"article:modified_time\" content=\"2026-03-24T19:37:06+00:00\" \/>\n<meta property=\"og:image\" content=\"https:\/\/monti.lt\/wp-content\/uploads\/2025\/10\/Building-blocks-in-a-suitcase-screwdriver-vehicles-167437.jpg\" \/>\n\t<meta property=\"og:image:width\" content=\"1024\" \/>\n\t<meta property=\"og:image:height\" content=\"1024\" \/>\n\t<meta property=\"og:image:type\" content=\"image\/jpeg\" \/>\n<meta name=\"twitter:card\" content=\"summary_large_image\" \/>\n<meta name=\"twitter:label1\" content=\"Est. reading time\" \/>\n\t<meta name=\"twitter:data1\" content=\"2 minutes\" \/>\n<script type=\"application\/ld+json\" class=\"yoast-schema-graph\">{\"@context\":\"https:\/\/schema.org\",\"@graph\":[{\"@type\":\"WebPage\",\"@id\":\"https:\/\/monti.lt\/product\/konstruktorius-lagaminelyje-transporto-priemones\/\",\"url\":\"https:\/\/monti.lt\/product\/konstruktorius-lagaminelyje-transporto-priemones\/\",\"name\":\"Konstruktorius lagamin\u0117lyje \\\"Transporto priemon\u0117s\\\" - Montessori \u017eaislai\",\"isPartOf\":{\"@id\":\"https:\/\/monti.lt\/#website\"},\"primaryImageOfPage\":{\"@id\":\"https:\/\/monti.lt\/product\/konstruktorius-lagaminelyje-transporto-priemones\/#primaryimage\"},\"image\":{\"@id\":\"https:\/\/monti.lt\/product\/konstruktorius-lagaminelyje-transporto-priemones\/#primaryimage\"},\"thumbnailUrl\":\"https:\/\/monti.lt\/wp-content\/uploads\/2025\/10\/Building-blocks-in-a-suitcase-screwdriver-vehicles-167437.jpg\",\"datePublished\":\"2025-10-21T06:10:28+00:00\",\"dateModified\":\"2026-03-24T19:37:06+00:00\",\"breadcrumb\":{\"@id\":\"https:\/\/monti.lt\/product\/konstruktorius-lagaminelyje-transporto-priemones\/#breadcrumb\"},\"inLanguage\":\"en-US\",\"potentialAction\":[{\"@type\":\"ReadAction\",\"target\":[\"https:\/\/monti.lt\/product\/konstruktorius-lagaminelyje-transporto-priemones\/\"]}]},{\"@type\":\"ImageObject\",\"inLanguage\":\"en-US\",\"@id\":\"https:\/\/monti.lt\/product\/konstruktorius-lagaminelyje-transporto-priemones\/#primaryimage\",\"url\":\"https:\/\/monti.lt\/wp-content\/uploads\/2025\/10\/Building-blocks-in-a-suitcase-screwdriver-vehicles-167437.jpg\",\"contentUrl\":\"https:\/\/monti.lt\/wp-content\/uploads\/2025\/10\/Building-blocks-in-a-suitcase-screwdriver-vehicles-167437.jpg\",\"width\":1024,\"height\":1024,\"caption\":\"lagaminelis vaikams\"},{\"@type\":\"BreadcrumbList\",\"@id\":\"https:\/\/monti.lt\/product\/konstruktorius-lagaminelyje-transporto-priemones\/#breadcrumb\",\"itemListElement\":[{\"@type\":\"ListItem\",\"position\":1,\"name\":\"Home\",\"item\":\"https:\/\/monti.lt\/\"},{\"@type\":\"ListItem\",\"position\":2,\"name\":\"Parduotuv\u0117\",\"item\":\"https:\/\/monti.lt\/shop\/\"},{\"@type\":\"ListItem\",\"position\":3,\"name\":\"Konstruktorius lagamin\u0117lyje &#8220;Transporto priemon\u0117s&#8221;\"}]},{\"@type\":\"WebSite\",\"@id\":\"https:\/\/monti.lt\/#website\",\"url\":\"https:\/\/monti.lt\/\",\"name\":\"Montessori \u017eaislai\",\"description\":\"\",\"publisher\":{\"@id\":\"https:\/\/monti.lt\/#organization\"},\"potentialAction\":[{\"@type\":\"SearchAction\",\"target\":{\"@type\":\"EntryPoint\",\"urlTemplate\":\"https:\/\/monti.lt\/?s={search_term_string}\"},\"query-input\":\"required name=search_term_string\"}],\"inLanguage\":\"en-US\"},{\"@type\":\"Organization\",\"@id\":\"https:\/\/monti.lt\/#organization\",\"name\":\"Montessori \u017eaislai\",\"url\":\"https:\/\/monti.lt\/\",\"logo\":{\"@type\":\"ImageObject\",\"inLanguage\":\"en-US\",\"@id\":\"https:\/\/monti.lt\/#\/schema\/logo\/image\/\",\"url\":\"https:\/\/monti.lt\/wp-content\/uploads\/2022\/03\/montilogo-1.png\",\"contentUrl\":\"https:\/\/monti.lt\/wp-content\/uploads\/2022\/03\/montilogo-1.png\",\"width\":512,\"height\":512,\"caption\":\"Montessori \u017eaislai\"},\"image\":{\"@id\":\"https:\/\/monti.lt\/#\/schema\/logo\/image\/\"}}]}<\/script>\n<!-- \/ Yoast SEO plugin. -->","yoast_head_json":{"title":"Konstruktorius lagamin\u0117lyje \"Transporto priemon\u0117s\" - Montessori \u017eaislai","robots":{"index":"index","follow":"follow","max-snippet":"max-snippet:-1","max-image-preview":"max-image-preview:large","max-video-preview":"max-video-preview:-1"},"canonical":"https:\/\/monti.lt\/en\/product\/konstruktorius-lagaminelyje-transporto-priemones\/","og_locale":"en_US","og_type":"article","og_title":"Konstruktorius lagamin\u0117lyje \"Transporto priemon\u0117s\" - Montessori \u017eaislai","og_description":"Lagamin\u0117lyje esantys statybiniai blokai \u2013 tai \u017eaislas, kuris prad\u017eiugins bet kokio am\u017eiaus vaik\u0105! \u0160is rinkinys ne tik ilgam u\u017eims vaik\u0105, bet ir pad\u0117s ugdyti svarbiausius \u012fg\u016bd\u017eius: smulki\u0105j\u0105 motorik\u0105, login\u012f m\u0105stym\u0105 ir k\u016brybi\u0161kum\u0105. Plastikinis lagamin\u0117lis turi dvi funkcijas: jis yra blok\u0173 laikymo vieta ir \u017eaidimo lenta. Daugyb\u0117 plyteli\u0173, detali\u0173 ir var\u017et\u0173 leid\u017eia kurti \u012fvairius k\u016brinius, o [&hellip;]","og_url":"https:\/\/monti.lt\/en\/product\/konstruktorius-lagaminelyje-transporto-priemones\/","og_site_name":"Montessori \u017eaislai","article_modified_time":"2026-03-24T19:37:06+00:00","og_image":[{"width":1024,"height":1024,"url":"https:\/\/monti.lt\/wp-content\/uploads\/2025\/10\/Building-blocks-in-a-suitcase-screwdriver-vehicles-167437.jpg","type":"image\/jpeg"}],"twitter_card":"summary_large_image","twitter_misc":{"Est. reading time":"2 minutes"},"schema":{"@context":"https:\/\/schema.org","@graph":[{"@type":"WebPage","@id":"https:\/\/monti.lt\/product\/konstruktorius-lagaminelyje-transporto-priemones\/","url":"https:\/\/monti.lt\/product\/konstruktorius-lagaminelyje-transporto-priemones\/","name":"Konstruktorius lagamin\u0117lyje \"Transporto priemon\u0117s\" - Montessori \u017eaislai","isPartOf":{"@id":"https:\/\/monti.lt\/#website"},"primaryImageOfPage":{"@id":"https:\/\/monti.lt\/product\/konstruktorius-lagaminelyje-transporto-priemones\/#primaryimage"},"image":{"@id":"https:\/\/monti.lt\/product\/konstruktorius-lagaminelyje-transporto-priemones\/#primaryimage"},"thumbnailUrl":"https:\/\/monti.lt\/wp-content\/uploads\/2025\/10\/Building-blocks-in-a-suitcase-screwdriver-vehicles-167437.jpg","datePublished":"2025-10-21T06:10:28+00:00","dateModified":"2026-03-24T19:37:06+00:00","breadcrumb":{"@id":"https:\/\/monti.lt\/product\/konstruktorius-lagaminelyje-transporto-priemones\/#breadcrumb"},"inLanguage":"en-US","potentialAction":[{"@type":"ReadAction","target":["https:\/\/monti.lt\/product\/konstruktorius-lagaminelyje-transporto-priemones\/"]}]},{"@type":"ImageObject","inLanguage":"en-US","@id":"https:\/\/monti.lt\/product\/konstruktorius-lagaminelyje-transporto-priemones\/#primaryimage","url":"https:\/\/monti.lt\/wp-content\/uploads\/2025\/10\/Building-blocks-in-a-suitcase-screwdriver-vehicles-167437.jpg","contentUrl":"https:\/\/monti.lt\/wp-content\/uploads\/2025\/10\/Building-blocks-in-a-suitcase-screwdriver-vehicles-167437.jpg","width":1024,"height":1024,"caption":"lagaminelis vaikams"},{"@type":"BreadcrumbList","@id":"https:\/\/monti.lt\/product\/konstruktorius-lagaminelyje-transporto-priemones\/#breadcrumb","itemListElement":[{"@type":"ListItem","position":1,"name":"Home","item":"https:\/\/monti.lt\/"},{"@type":"ListItem","position":2,"name":"Parduotuv\u0117","item":"https:\/\/monti.lt\/shop\/"},{"@type":"ListItem","position":3,"name":"Konstruktorius lagamin\u0117lyje &#8220;Transporto priemon\u0117s&#8221;"}]},{"@type":"WebSite","@id":"https:\/\/monti.lt\/#website","url":"https:\/\/monti.lt\/","name":"Montessori \u017eaislai","description":"","publisher":{"@id":"https:\/\/monti.lt\/#organization"},"potentialAction":[{"@type":"SearchAction","target":{"@type":"EntryPoint","urlTemplate":"https:\/\/monti.lt\/?s={search_term_string}"},"query-input":"required name=search_term_string"}],"inLanguage":"en-US"},{"@type":"Organization","@id":"https:\/\/monti.lt\/#organization","name":"Montessori \u017eaislai","url":"https:\/\/monti.lt\/","logo":{"@type":"ImageObject","inLanguage":"en-US","@id":"https:\/\/monti.lt\/#\/schema\/logo\/image\/","url":"https:\/\/monti.lt\/wp-content\/uploads\/2022\/03\/montilogo-1.png","contentUrl":"https:\/\/monti.lt\/wp-content\/uploads\/2022\/03\/montilogo-1.png","width":512,"height":512,"caption":"Montessori \u017eaislai"},"image":{"@id":"https:\/\/monti.lt\/#\/schema\/logo\/image\/"}}]}},"_links":{"self":[{"href":"https:\/\/monti.lt\/en\/wp-json\/wp\/v2\/product\/34523"}],"collection":[{"href":"https:\/\/monti.lt\/en\/wp-json\/wp\/v2\/product"}],"about":[{"href":"https:\/\/monti.lt\/en\/wp-json\/wp\/v2\/types\/product"}],"version-history":[{"count":1,"href":"https:\/\/monti.lt\/en\/wp-json\/wp\/v2\/product\/34523\/revisions"}],"predecessor-version":[{"id":34535,"href":"https:\/\/monti.lt\/en\/wp-json\/wp\/v2\/product\/34523\/revisions\/34535"}],"wp:featuredmedia":[{"embeddable":true,"href":"https:\/\/monti.lt\/en\/wp-json\/wp\/v2\/media\/34802"}],"wp:attachment":[{"href":"https:\/\/monti.lt\/en\/wp-json\/wp\/v2\/media?parent=34523"}],"wp:term":[{"taxonomy":"product_cat","embeddable":true,"href":"https:\/\/monti.lt\/en\/wp-json\/wp\/v2\/product_cat?post=34523"},{"taxonomy":"product_tag","embeddable":true,"href":"https:\/\/monti.lt\/en\/wp-json\/wp\/v2\/product_tag?post=34523"}],"curies":[{"name":"wp","href":"https:\/\/api.w.org\/{rel}","templated":true}]}}