{"id":34536,"date":"2025-10-21T06:17:22","date_gmt":"2025-10-21T06:17:22","guid":{"rendered":"https:\/\/monti.lt\/?post_type=product&#038;p=34536"},"modified":"2025-11-27T08:25:22","modified_gmt":"2025-11-27T08:25:22","slug":"magnetine-dvipuse-piesimo-lenta","status":"publish","type":"product","link":"https:\/\/monti.lt\/en\/product\/magnetine-dvipuse-piesimo-lenta\/","title":{"rendered":"Magnetin\u0117 dvipus\u0117 pie\u0161imo lenta"},"content":{"rendered":"<p>LULILO KREDO DAUGIAFUNKCIN\u0116 MOKYMO LENTA<\/p>\n\n\n\n<p>Magnetin\u0117 medin\u0117 lenta vaikams<\/p>\n\n\n\n<p>LULILO Kredo dvipus\u0117 magnetin\u0117 lenta derina mokym\u0105si ir pramogas bei padeda planuoti ir organizuoti erdv\u0119. Daugiafunkcin\u0117 k\u016brybinio ra\u0161ymo ir pie\u0161imo lenta suteiks j\u016bs\u0173 vaikui erdv\u0119 ugdyti savo talentus. Spalvingos kreidel\u0117s ir pie\u0161tukai, taip pat magnetin\u0117s raid\u0117s ir \u017eymekliai pad\u0117s j\u016bs\u0173 vaikui tyrin\u0117ti pasaul\u012f ir i\u0161laisvinti savo k\u016brybi\u0161kum\u0105.<\/p>\n\n\n\n<p>Dvipus\u0117 mokomoji lenta su popieriaus rulonu<\/p>\n\n\n\n<p>LULILO Kredo yra daugiau nei tradicin\u0117 lenta \u2013 tai mokymo priemon\u0117, padedanti lengviau \u012fsisavinti ir \u012fsiminti \u017einias. Naudodami 3-in-1 lent\u0105, j\u016bs\u0173 vaikas gaus ger\u0105 start\u0105 dar\u017eelyje ar mokykloje. \u012evairios med\u017eiagos ir technikos leid\u017eia pasirinkti metod\u0105, kuris atitinka individualius vaiko geb\u0117jimus ir pageidavimus. Lenta raid\u017ei\u0173 ir skai\u010di\u0173 mokymuisi visi\u0161kai atitinka ankstyvo am\u017eiaus vaiko mokymosi poreikius. Pasukamas skydelis leid\u017eia naudoti tiek lent\u0105, tiek sausai valom\u0105 lent\u0105. Vir\u0161uje yra pakabintas popieriaus ritin\u0117lis, tod\u0117l lent\u0105 galima naudoti kaip molbert\u0105 pie\u0161imui. Lentos apa\u010dioje yra skai\u010diuokl\u0117, ab\u0117c\u0117l\u0117s panel\u0117 ir laikrodis su judan\u010diomis rodykl\u0117mis. Taip galite skatinti vaik\u0105 mokytis skai\u010diuoti ir ra\u0161yti raides. Ant lentos vaikas gali pie\u0161ti diagramas, med\u017eius ar prot\u0173 \u017eem\u0117lapius, taip pat pie\u0161ti fig\u016bras ir ra\u0161yti eil\u0117ra\u0161\u010dius.<\/p>\n\n\n\n<p>K\u016brybin\u0117 lenta pie\u0161imui<\/p>\n\n\n\n<p>LULILO Kredo lenta pravers ne tik mokykloje \u2013 j\u0105 galite naudoti su vaiku namuose. Ji leid\u017eia i\u0161laisvinti vaiko menin\u012f i\u0161rai\u0161kos potencial\u0105 ir perkelti j\u012f ant lentos. Tai puikus sprendimas, jei j\u016bs\u0173 vaikas ra\u0161o ant sien\u0173. Balta lenta su popieriaus rulono laikikliu pritrauks vaiko d\u0117mes\u012f ir u\u017eims j\u012f valand\u0173 valandas. Magnetinis lentos pavir\u0161ius gali pad\u0117ti vyresniam vaikui sukurti savo pirm\u0105j\u012f interaktyv\u0173 planavimo kalendori\u0173 ir tvarkara\u0161t\u012f. Spalvot\u0173 pie\u0161tuk\u0173, kreideli\u0173 ir \u017eymekli\u0173 rinkinys pad\u0117s lengviau i\u0161reik\u0161ti mintis ant lentos, o magnetiniai skai\u010diai ir raid\u0117s pad\u0117s lengviau \u012fsiminti svarbias temas. Lenta yra su dviem audinio krep\u0161eliais, kuriuose galite laikyti visus priedus vienoje vietoje.<\/p>\n\n\n\n<p>Dvipus\u0117 balta lenta vaikams 3-in-1:<\/p>\n\n\n\n<p>Didelis pavir\u0161ius pie\u0161imui ir ra\u0161ymui \u2013 tradicin\u0117 kreidin\u0117 lenta, sujungta su balta magnetine lenta, suteikia didel\u0119 erdv\u0119, kuri\u0105 galite naudoti kaip norite.<br>Mokymasis \u017eaisdami \u2013 balta lenta su \u017eaisl\u0173 priedais padeda lengvai i\u0161mokti ra\u0161yti ir skai\u010diuoti.<br>Didelis pried\u0173 pasirinkimas \u2013 komplekte yra kreidel\u0117s, pie\u0161tukai, \u017eymekliai ir magnetai k\u016brybiniam \u017eaidimui.<br>Stovinti lenta ikimokyklinio am\u017eiaus ir vyresniems vaikams \u2013 \u0161i magnetin\u0117 lenta pad\u0117s visapusi\u0161kai remti j\u016bs\u0173 vaiko vystym\u0105si, suteikdama jam draugi\u0161k\u0105 start\u0105 mokykloje.<br>\u017daislai vienoje vietoje \u2013 visi priedai gali b\u016bti laikomi audinio organizatoriuje.<br>Funkcijos<\/p>\n\n\n\n<p>Kreida<br>Sausai valoma lenta<br>Magnetin\u0117 lenta<br>Lenta su popieriaus rulonu<br>Edukacin\u0117 lenta<br>Skai\u010diavimo ma\u0161ina<br>Komplekto sud\u0117tis:<\/p>\n\n\n\n<p>Sukama medin\u0117 lenta 3-in-1 su dviem audinio skyreliais<br>Kreida \u2013 6 spalv\u0173<br>\u017dvak\u0117s pie\u0161tukai \u2013 6 spalv\u0173<br>2x magnetai<br>3x magnetiniai sausai valomi lentos \u017eymekliai<br>Trintukas-kempin\u0117<br>41 magnetas raid\u017ei\u0173 ir skai\u010di\u0173 formos<br>Techniniai parametrai ir matmenys:<\/p>\n\n\n\n<p>Serija: LULILO<br>Med\u017eiaga: MDF mediena, audinys<br>Am\u017eius: 3+<br>Bendras lentos auk\u0161tis: 112 cm<br>Lentos plotis: 62 cm<br>Lentos gylis: 43 cm<br>Vieno skyriaus matmenys: 23 cm x 20 cm x 9 cm<br>Pakuot\u0117s matmenys: 46 cm x 63 cm x 6 cm<br>Produktas supakuotas \u012f rud\u0105 kartonin\u0119 d\u0117\u017e\u0119<\/p>","protected":false},"excerpt":{"rendered":"<p>LULILO KREDO DAUGIAFUNKCIN\u0116 MOKYMO LENTA Magnetin\u0117 medin\u0117 lenta vaikams LULILO Kredo dvipus\u0117 magnetin\u0117 lenta derina mokym\u0105si ir pramogas bei padeda planuoti ir organizuoti erdv\u0119. Daugiafunkcin\u0117 k\u016brybinio ra\u0161ymo ir pie\u0161imo lenta suteiks j\u016bs\u0173 vaikui erdv\u0119 ugdyti savo talentus. Spalvingos kreidel\u0117s ir pie\u0161tukai, taip pat magnetin\u0117s raid\u0117s ir \u017eymekliai pad\u0117s j\u016bs\u0173 vaikui tyrin\u0117ti pasaul\u012f ir i\u0161laisvinti savo [&hellip;]<\/p>","protected":false},"featured_media":34537,"template":"","meta":{"_acf_changed":false,"iawp_total_views":55},"product_cat":[195,216,217,191,192,84,247,102,89,88,50,49,39],"product_tag":[97,98],"class_list":{"0":"post-34536","1":"product","2":"type-product","3":"status-publish","4":"has-post-thumbnail","6":"product_cat-dovanos-vaikams-3-4-metu","7":"product_cat-dovanos-4-5-metu-vaikams","8":"product_cat-dovanos-5-7-metu-vaikams","9":"product_cat-dovanos-vaikams","10":"product_cat-kaledines-dovanos-vaikams","11":"product_cat-lavinamieji-zaislai","12":"product_cat-lulilo","13":"product_cat-mediniai-zaislai","14":"product_cat-mokausi-piesti","15":"product_cat-mokausi-zaisti","16":"product_cat-top-dovanos","17":"product_cat-visi-zaislai","18":"product_cat-zaislai","19":"product_tag-3-m-4-m","20":"product_tag-5-m-7-m","22":"first","23":"outofstock","24":"sale","25":"taxable","26":"shipping-taxable","27":"purchasable","28":"product-type-simple"},"acf":[],"yoast_head":"<!-- This site is optimized with the Yoast SEO plugin v23.3 - https:\/\/yoast.com\/wordpress\/plugins\/seo\/ -->\n<title>Magnetin\u0117 dvipus\u0117 pie\u0161imo lenta - Montessori \u017eaislai<\/title>\n<meta name=\"robots\" content=\"index, follow, max-snippet:-1, max-image-preview:large, max-video-preview:-1\" \/>\n<link rel=\"canonical\" href=\"https:\/\/monti.lt\/en\/product\/magnetine-dvipuse-piesimo-lenta\/\" \/>\n<meta property=\"og:locale\" content=\"en_US\" \/>\n<meta property=\"og:type\" content=\"article\" \/>\n<meta property=\"og:title\" content=\"Magnetin\u0117 dvipus\u0117 pie\u0161imo lenta - Montessori \u017eaislai\" \/>\n<meta property=\"og:description\" content=\"LULILO KREDO DAUGIAFUNKCIN\u0116 MOKYMO LENTA Magnetin\u0117 medin\u0117 lenta vaikams LULILO Kredo dvipus\u0117 magnetin\u0117 lenta derina mokym\u0105si ir pramogas bei padeda planuoti ir organizuoti erdv\u0119. Daugiafunkcin\u0117 k\u016brybinio ra\u0161ymo ir pie\u0161imo lenta suteiks j\u016bs\u0173 vaikui erdv\u0119 ugdyti savo talentus. Spalvingos kreidel\u0117s ir pie\u0161tukai, taip pat magnetin\u0117s raid\u0117s ir \u017eymekliai pad\u0117s j\u016bs\u0173 vaikui tyrin\u0117ti pasaul\u012f ir i\u0161laisvinti savo [&hellip;]\" \/>\n<meta property=\"og:url\" content=\"https:\/\/monti.lt\/en\/product\/magnetine-dvipuse-piesimo-lenta\/\" \/>\n<meta property=\"og:site_name\" content=\"Montessori \u017eaislai\" \/>\n<meta property=\"article:modified_time\" content=\"2025-11-27T08:25:22+00:00\" \/>\n<meta property=\"og:image\" content=\"https:\/\/monti.lt\/wp-content\/uploads\/2025\/10\/Wooden-chalkboard-LULILO-Kredo-accessories-chalk-markers-magnets-baskets-110cm-177589.jpg\" \/>\n\t<meta property=\"og:image:width\" content=\"1024\" \/>\n\t<meta property=\"og:image:height\" content=\"1024\" \/>\n\t<meta property=\"og:image:type\" content=\"image\/jpeg\" \/>\n<meta name=\"twitter:card\" content=\"summary_large_image\" \/>\n<meta name=\"twitter:label1\" content=\"Est. reading time\" \/>\n\t<meta name=\"twitter:data1\" content=\"3 minutes\" \/>\n<script type=\"application\/ld+json\" class=\"yoast-schema-graph\">{\"@context\":\"https:\/\/schema.org\",\"@graph\":[{\"@type\":\"WebPage\",\"@id\":\"https:\/\/monti.lt\/product\/magnetine-dvipuse-piesimo-lenta\/\",\"url\":\"https:\/\/monti.lt\/product\/magnetine-dvipuse-piesimo-lenta\/\",\"name\":\"Magnetin\u0117 dvipus\u0117 pie\u0161imo lenta - Montessori \u017eaislai\",\"isPartOf\":{\"@id\":\"https:\/\/monti.lt\/#website\"},\"primaryImageOfPage\":{\"@id\":\"https:\/\/monti.lt\/product\/magnetine-dvipuse-piesimo-lenta\/#primaryimage\"},\"image\":{\"@id\":\"https:\/\/monti.lt\/product\/magnetine-dvipuse-piesimo-lenta\/#primaryimage\"},\"thumbnailUrl\":\"https:\/\/monti.lt\/wp-content\/uploads\/2025\/10\/Wooden-chalkboard-LULILO-Kredo-accessories-chalk-markers-magnets-baskets-110cm-177589.jpg\",\"datePublished\":\"2025-10-21T06:17:22+00:00\",\"dateModified\":\"2025-11-27T08:25:22+00:00\",\"breadcrumb\":{\"@id\":\"https:\/\/monti.lt\/product\/magnetine-dvipuse-piesimo-lenta\/#breadcrumb\"},\"inLanguage\":\"en-US\",\"potentialAction\":[{\"@type\":\"ReadAction\",\"target\":[\"https:\/\/monti.lt\/product\/magnetine-dvipuse-piesimo-lenta\/\"]}]},{\"@type\":\"ImageObject\",\"inLanguage\":\"en-US\",\"@id\":\"https:\/\/monti.lt\/product\/magnetine-dvipuse-piesimo-lenta\/#primaryimage\",\"url\":\"https:\/\/monti.lt\/wp-content\/uploads\/2025\/10\/Wooden-chalkboard-LULILO-Kredo-accessories-chalk-markers-magnets-baskets-110cm-177589.jpg\",\"contentUrl\":\"https:\/\/monti.lt\/wp-content\/uploads\/2025\/10\/Wooden-chalkboard-LULILO-Kredo-accessories-chalk-markers-magnets-baskets-110cm-177589.jpg\",\"width\":1024,\"height\":1024,\"caption\":\"piesimo lenta\"},{\"@type\":\"BreadcrumbList\",\"@id\":\"https:\/\/monti.lt\/product\/magnetine-dvipuse-piesimo-lenta\/#breadcrumb\",\"itemListElement\":[{\"@type\":\"ListItem\",\"position\":1,\"name\":\"Home\",\"item\":\"https:\/\/monti.lt\/\"},{\"@type\":\"ListItem\",\"position\":2,\"name\":\"Parduotuv\u0117\",\"item\":\"https:\/\/monti.lt\/shop\/\"},{\"@type\":\"ListItem\",\"position\":3,\"name\":\"Magnetin\u0117 dvipus\u0117 pie\u0161imo lenta\"}]},{\"@type\":\"WebSite\",\"@id\":\"https:\/\/monti.lt\/#website\",\"url\":\"https:\/\/monti.lt\/\",\"name\":\"Montessori \u017eaislai\",\"description\":\"\",\"publisher\":{\"@id\":\"https:\/\/monti.lt\/#organization\"},\"potentialAction\":[{\"@type\":\"SearchAction\",\"target\":{\"@type\":\"EntryPoint\",\"urlTemplate\":\"https:\/\/monti.lt\/?s={search_term_string}\"},\"query-input\":\"required name=search_term_string\"}],\"inLanguage\":\"en-US\"},{\"@type\":\"Organization\",\"@id\":\"https:\/\/monti.lt\/#organization\",\"name\":\"Montessori \u017eaislai\",\"url\":\"https:\/\/monti.lt\/\",\"logo\":{\"@type\":\"ImageObject\",\"inLanguage\":\"en-US\",\"@id\":\"https:\/\/monti.lt\/#\/schema\/logo\/image\/\",\"url\":\"https:\/\/monti.lt\/wp-content\/uploads\/2022\/03\/montilogo-1.png\",\"contentUrl\":\"https:\/\/monti.lt\/wp-content\/uploads\/2022\/03\/montilogo-1.png\",\"width\":512,\"height\":512,\"caption\":\"Montessori \u017eaislai\"},\"image\":{\"@id\":\"https:\/\/monti.lt\/#\/schema\/logo\/image\/\"}}]}<\/script>\n<!-- \/ Yoast SEO plugin. -->","yoast_head_json":{"title":"Magnetin\u0117 dvipus\u0117 pie\u0161imo lenta - Montessori \u017eaislai","robots":{"index":"index","follow":"follow","max-snippet":"max-snippet:-1","max-image-preview":"max-image-preview:large","max-video-preview":"max-video-preview:-1"},"canonical":"https:\/\/monti.lt\/en\/product\/magnetine-dvipuse-piesimo-lenta\/","og_locale":"en_US","og_type":"article","og_title":"Magnetin\u0117 dvipus\u0117 pie\u0161imo lenta - Montessori \u017eaislai","og_description":"LULILO KREDO DAUGIAFUNKCIN\u0116 MOKYMO LENTA Magnetin\u0117 medin\u0117 lenta vaikams LULILO Kredo dvipus\u0117 magnetin\u0117 lenta derina mokym\u0105si ir pramogas bei padeda planuoti ir organizuoti erdv\u0119. Daugiafunkcin\u0117 k\u016brybinio ra\u0161ymo ir pie\u0161imo lenta suteiks j\u016bs\u0173 vaikui erdv\u0119 ugdyti savo talentus. Spalvingos kreidel\u0117s ir pie\u0161tukai, taip pat magnetin\u0117s raid\u0117s ir \u017eymekliai pad\u0117s j\u016bs\u0173 vaikui tyrin\u0117ti pasaul\u012f ir i\u0161laisvinti savo [&hellip;]","og_url":"https:\/\/monti.lt\/en\/product\/magnetine-dvipuse-piesimo-lenta\/","og_site_name":"Montessori \u017eaislai","article_modified_time":"2025-11-27T08:25:22+00:00","og_image":[{"width":1024,"height":1024,"url":"https:\/\/monti.lt\/wp-content\/uploads\/2025\/10\/Wooden-chalkboard-LULILO-Kredo-accessories-chalk-markers-magnets-baskets-110cm-177589.jpg","type":"image\/jpeg"}],"twitter_card":"summary_large_image","twitter_misc":{"Est. reading time":"3 minutes"},"schema":{"@context":"https:\/\/schema.org","@graph":[{"@type":"WebPage","@id":"https:\/\/monti.lt\/product\/magnetine-dvipuse-piesimo-lenta\/","url":"https:\/\/monti.lt\/product\/magnetine-dvipuse-piesimo-lenta\/","name":"Magnetin\u0117 dvipus\u0117 pie\u0161imo lenta - Montessori \u017eaislai","isPartOf":{"@id":"https:\/\/monti.lt\/#website"},"primaryImageOfPage":{"@id":"https:\/\/monti.lt\/product\/magnetine-dvipuse-piesimo-lenta\/#primaryimage"},"image":{"@id":"https:\/\/monti.lt\/product\/magnetine-dvipuse-piesimo-lenta\/#primaryimage"},"thumbnailUrl":"https:\/\/monti.lt\/wp-content\/uploads\/2025\/10\/Wooden-chalkboard-LULILO-Kredo-accessories-chalk-markers-magnets-baskets-110cm-177589.jpg","datePublished":"2025-10-21T06:17:22+00:00","dateModified":"2025-11-27T08:25:22+00:00","breadcrumb":{"@id":"https:\/\/monti.lt\/product\/magnetine-dvipuse-piesimo-lenta\/#breadcrumb"},"inLanguage":"en-US","potentialAction":[{"@type":"ReadAction","target":["https:\/\/monti.lt\/product\/magnetine-dvipuse-piesimo-lenta\/"]}]},{"@type":"ImageObject","inLanguage":"en-US","@id":"https:\/\/monti.lt\/product\/magnetine-dvipuse-piesimo-lenta\/#primaryimage","url":"https:\/\/monti.lt\/wp-content\/uploads\/2025\/10\/Wooden-chalkboard-LULILO-Kredo-accessories-chalk-markers-magnets-baskets-110cm-177589.jpg","contentUrl":"https:\/\/monti.lt\/wp-content\/uploads\/2025\/10\/Wooden-chalkboard-LULILO-Kredo-accessories-chalk-markers-magnets-baskets-110cm-177589.jpg","width":1024,"height":1024,"caption":"piesimo lenta"},{"@type":"BreadcrumbList","@id":"https:\/\/monti.lt\/product\/magnetine-dvipuse-piesimo-lenta\/#breadcrumb","itemListElement":[{"@type":"ListItem","position":1,"name":"Home","item":"https:\/\/monti.lt\/"},{"@type":"ListItem","position":2,"name":"Parduotuv\u0117","item":"https:\/\/monti.lt\/shop\/"},{"@type":"ListItem","position":3,"name":"Magnetin\u0117 dvipus\u0117 pie\u0161imo lenta"}]},{"@type":"WebSite","@id":"https:\/\/monti.lt\/#website","url":"https:\/\/monti.lt\/","name":"Montessori \u017eaislai","description":"","publisher":{"@id":"https:\/\/monti.lt\/#organization"},"potentialAction":[{"@type":"SearchAction","target":{"@type":"EntryPoint","urlTemplate":"https:\/\/monti.lt\/?s={search_term_string}"},"query-input":"required name=search_term_string"}],"inLanguage":"en-US"},{"@type":"Organization","@id":"https:\/\/monti.lt\/#organization","name":"Montessori \u017eaislai","url":"https:\/\/monti.lt\/","logo":{"@type":"ImageObject","inLanguage":"en-US","@id":"https:\/\/monti.lt\/#\/schema\/logo\/image\/","url":"https:\/\/monti.lt\/wp-content\/uploads\/2022\/03\/montilogo-1.png","contentUrl":"https:\/\/monti.lt\/wp-content\/uploads\/2022\/03\/montilogo-1.png","width":512,"height":512,"caption":"Montessori \u017eaislai"},"image":{"@id":"https:\/\/monti.lt\/#\/schema\/logo\/image\/"}}]}},"_links":{"self":[{"href":"https:\/\/monti.lt\/en\/wp-json\/wp\/v2\/product\/34536"}],"collection":[{"href":"https:\/\/monti.lt\/en\/wp-json\/wp\/v2\/product"}],"about":[{"href":"https:\/\/monti.lt\/en\/wp-json\/wp\/v2\/types\/product"}],"version-history":[{"count":1,"href":"https:\/\/monti.lt\/en\/wp-json\/wp\/v2\/product\/34536\/revisions"}],"predecessor-version":[{"id":34557,"href":"https:\/\/monti.lt\/en\/wp-json\/wp\/v2\/product\/34536\/revisions\/34557"}],"wp:featuredmedia":[{"embeddable":true,"href":"https:\/\/monti.lt\/en\/wp-json\/wp\/v2\/media\/34537"}],"wp:attachment":[{"href":"https:\/\/monti.lt\/en\/wp-json\/wp\/v2\/media?parent=34536"}],"wp:term":[{"taxonomy":"product_cat","embeddable":true,"href":"https:\/\/monti.lt\/en\/wp-json\/wp\/v2\/product_cat?post=34536"},{"taxonomy":"product_tag","embeddable":true,"href":"https:\/\/monti.lt\/en\/wp-json\/wp\/v2\/product_tag?post=34536"}],"curies":[{"name":"wp","href":"https:\/\/api.w.org\/{rel}","templated":true}]}}