{"id":34558,"date":"2025-10-21T06:22:28","date_gmt":"2025-10-21T06:22:28","guid":{"rendered":"https:\/\/monti.lt\/?post_type=product&#038;p=34558"},"modified":"2026-01-07T11:57:46","modified_gmt":"2026-01-07T11:57:46","slug":"delione-tetris-su-stovu","status":"publish","type":"product","link":"https:\/\/monti.lt\/en\/product\/delione-tetris-su-stovu\/","title":{"rendered":"D\u0117lion\u0117 &#8220;Tetris&#8221; su stovu"},"content":{"rendered":"<p>D\u0116LION\u0116S \u017dAIDIMAS TETRIS STOVIN\u010cIAS TETRIS<\/p>\n\n\n\n<p>Kas gali b\u016bti geriau u\u017e \u017eaisl\u0105, kuris ne tik suteikia valand\u0173 valandas puikaus malonumo, bet ir leid\u017eia daug i\u0161mokti? Ko daugiau reikia t\u0117vams?<\/p>\n\n\n\n<p>Pagal Marijos Montessori sukurtus pedagogikos principus, kuo \u017eaislas paprastesnis, tuo daugiau naudos gali duoti \u017eaidimas su juo!<\/p>\n\n\n\n<p>D\u0117lion\u0117, kurios forma primena \u017einom\u0105 \u017eaidim\u0105 \u201etetris\u201c, puikiai atitinka \u0161ias prielaidas! \u0160ios d\u0117lion\u0117s \u017eaidimo taisykl\u0117s yra labai lengvai suprantamos, o kartu ji si\u016blo daug galimybi\u0173.<\/p>\n\n\n\n<p>Pagrindinis \u017eaidimo malonumas yra sud\u0117lioti komplekte esan\u010dius blokelius taip, kad niekur nelikt\u0173 tu\u0161\u010dios vietos! \u0160ios u\u017eduoties sud\u0117tingumas padid\u0117ja, kai vietoj d\u0117lion\u0117s dali\u0173 pasirinkimo j\u016bs jas pie\u0161ite!<\/p>\n\n\n\n<p>\u017dinoma, j\u016bs\u0173 ma\u017eylis gal\u0117s naudoti lent\u0105, kad sud\u0117liot\u0173 \u012fdomius ra\u0161tus! Vienintelis \u017eaidimo apribojimas \u2013 \u017eaid\u0117jo vaizduot\u0117!<\/p>\n\n\n\n<p>Spalvingi blokai neabejotinai pritrauks j\u016bs\u0173 ma\u017eylio d\u0117mes\u012f ir paskatins j\u012f \u017eaisti! \u012edomus ir paprastas \u017eaislo dizainas padarys j\u012f puikia bet kurio vaiko kambario dekoracija!<\/p>\n\n\n\n<p>Bendras \u0161eimos \u017eaidimas ne tik leis maloniai praleisti laik\u0105, bet ir sustiprins j\u016bs\u0173 santykius!<\/p>\n\n\n\n<p>\u0160is d\u0117lion\u0117s \u017eaidimas turi didel\u0119 edukacin\u0119 vert\u0119! Pirmiausia, jis skatina \u017eaid\u0117j\u0105 m\u0105styti ir tiksliai planuoti situacijas! Taip pat ugdo erdvin\u0119 vaizduot\u0119, o kai d\u0117lion\u0117 naudojama modelio k\u016brimui, taip pat vaizduot\u0119 ir k\u016brybi\u0161kum\u0105! Ir visa tai d\u0117l jos paprastumo!<\/p>\n\n\n\n<p>Tokie \u017eaidimai taip pat naudingi vaiko rank\u0173 motorikai, ypa\u010d pir\u0161t\u0173 ir rank\u0173 tikslumui bei labai svarbiai aki\u0173 ir rank\u0173 koordinacijai!<\/p>\n\n\n\n<p>Produktas atlaikys ne vien\u0105 \u017eaidimo sesij\u0105, nes yra pagamintas i\u0161 tvirto plastiko ir tvirto med\u017eio! Be to, medin\u0117s dalys buvo kruop\u0161\u010diai nu\u0161lifuotos, kad b\u016bt\u0173 i\u0161vengta \u012fstrigimo rizikos!<\/p>\n\n\n\n<p>Tai bus puiki dovana, nes ji supakuota \u012f esteti\u0161k\u0105 kartonin\u0119 d\u0117\u017eut\u0119!<\/p>\n\n\n\n<p>Plastikas: plastikas \/ medis<\/p>\n\n\n\n<p>Matmenys:<\/p>\n\n\n\n<p>Element\u0173 skai\u010dius: 42 blokai<br>Lentos matmenys: 24 cm x 18 cm x 2 cm<br>Pavyzdinio bloko matmenys: 4,3 cm x 2,9 cm x 0,5 cm<br>Pakuot\u0117s matmenys: 25,5 cm x 19 cm x 5 cm<\/p>","protected":false},"excerpt":{"rendered":"<p>D\u0116LION\u0116S \u017dAIDIMAS TETRIS STOVIN\u010cIAS TETRIS Kas gali b\u016bti geriau u\u017e \u017eaisl\u0105, kuris ne tik suteikia valand\u0173 valandas puikaus malonumo, bet ir leid\u017eia daug i\u0161mokti? Ko daugiau reikia t\u0117vams? Pagal Marijos Montessori sukurtus pedagogikos principus, kuo \u017eaislas paprastesnis, tuo daugiau naudos gali duoti \u017eaidimas su juo! D\u0117lion\u0117, kurios forma primena \u017einom\u0105 \u017eaidim\u0105 \u201etetris\u201c, puikiai atitinka \u0161ias [&hellip;]<\/p>","protected":false},"featured_media":34559,"template":"","meta":{"_acf_changed":false,"iawp_total_views":226},"product_cat":[92,84,91,102,86,49,39],"product_tag":[97,98],"class_list":{"0":"post-34558","1":"product","2":"type-product","3":"status-publish","4":"has-post-thumbnail","6":"product_cat-deliones","7":"product_cat-lavinamieji-zaislai","8":"product_cat-loginiam-mastymui","9":"product_cat-mediniai-zaislai","10":"product_cat-smulkioji-motorika","11":"product_cat-visi-zaislai","12":"product_cat-zaislai","13":"product_tag-3-m-4-m","14":"product_tag-5-m-7-m","16":"first","17":"outofstock","18":"taxable","19":"shipping-taxable","20":"purchasable","21":"product-type-simple"},"acf":[],"yoast_head":"<!-- This site is optimized with the Yoast SEO plugin v23.3 - https:\/\/yoast.com\/wordpress\/plugins\/seo\/ -->\n<title>D\u0117lion\u0117 &quot;Tetris&quot; su stovu - Montessori \u017eaislai<\/title>\n<meta name=\"robots\" content=\"index, follow, max-snippet:-1, max-image-preview:large, max-video-preview:-1\" \/>\n<link rel=\"canonical\" href=\"https:\/\/monti.lt\/en\/product\/delione-tetris-su-stovu\/\" \/>\n<meta property=\"og:locale\" content=\"en_US\" \/>\n<meta property=\"og:type\" content=\"article\" \/>\n<meta property=\"og:title\" content=\"D\u0117lion\u0117 &quot;Tetris&quot; su stovu - Montessori \u017eaislai\" \/>\n<meta property=\"og:description\" content=\"D\u0116LION\u0116S \u017dAIDIMAS TETRIS STOVIN\u010cIAS TETRIS Kas gali b\u016bti geriau u\u017e \u017eaisl\u0105, kuris ne tik suteikia valand\u0173 valandas puikaus malonumo, bet ir leid\u017eia daug i\u0161mokti? Ko daugiau reikia t\u0117vams? Pagal Marijos Montessori sukurtus pedagogikos principus, kuo \u017eaislas paprastesnis, tuo daugiau naudos gali duoti \u017eaidimas su juo! D\u0117lion\u0117, kurios forma primena \u017einom\u0105 \u017eaidim\u0105 \u201etetris\u201c, puikiai atitinka \u0161ias [&hellip;]\" \/>\n<meta property=\"og:url\" content=\"https:\/\/monti.lt\/en\/product\/delione-tetris-su-stovu\/\" \/>\n<meta property=\"og:site_name\" content=\"Montessori \u017eaislai\" \/>\n<meta property=\"article:modified_time\" content=\"2026-01-07T11:57:46+00:00\" \/>\n<meta property=\"og:image\" content=\"https:\/\/monti.lt\/wp-content\/uploads\/2025\/10\/Standing-block-puzzle-game-176778.jpg\" \/>\n\t<meta property=\"og:image:width\" content=\"1024\" \/>\n\t<meta property=\"og:image:height\" content=\"1024\" \/>\n\t<meta property=\"og:image:type\" content=\"image\/jpeg\" \/>\n<meta name=\"twitter:card\" content=\"summary_large_image\" \/>\n<meta name=\"twitter:label1\" content=\"Est. reading time\" \/>\n\t<meta name=\"twitter:data1\" content=\"2 minutes\" \/>\n<script type=\"application\/ld+json\" class=\"yoast-schema-graph\">{\"@context\":\"https:\/\/schema.org\",\"@graph\":[{\"@type\":\"WebPage\",\"@id\":\"https:\/\/monti.lt\/product\/delione-tetris-su-stovu\/\",\"url\":\"https:\/\/monti.lt\/product\/delione-tetris-su-stovu\/\",\"name\":\"D\u0117lion\u0117 \\\"Tetris\\\" su stovu - Montessori \u017eaislai\",\"isPartOf\":{\"@id\":\"https:\/\/monti.lt\/#website\"},\"primaryImageOfPage\":{\"@id\":\"https:\/\/monti.lt\/product\/delione-tetris-su-stovu\/#primaryimage\"},\"image\":{\"@id\":\"https:\/\/monti.lt\/product\/delione-tetris-su-stovu\/#primaryimage\"},\"thumbnailUrl\":\"https:\/\/monti.lt\/wp-content\/uploads\/2025\/10\/Standing-block-puzzle-game-176778.jpg\",\"datePublished\":\"2025-10-21T06:22:28+00:00\",\"dateModified\":\"2026-01-07T11:57:46+00:00\",\"breadcrumb\":{\"@id\":\"https:\/\/monti.lt\/product\/delione-tetris-su-stovu\/#breadcrumb\"},\"inLanguage\":\"en-US\",\"potentialAction\":[{\"@type\":\"ReadAction\",\"target\":[\"https:\/\/monti.lt\/product\/delione-tetris-su-stovu\/\"]}]},{\"@type\":\"ImageObject\",\"inLanguage\":\"en-US\",\"@id\":\"https:\/\/monti.lt\/product\/delione-tetris-su-stovu\/#primaryimage\",\"url\":\"https:\/\/monti.lt\/wp-content\/uploads\/2025\/10\/Standing-block-puzzle-game-176778.jpg\",\"contentUrl\":\"https:\/\/monti.lt\/wp-content\/uploads\/2025\/10\/Standing-block-puzzle-game-176778.jpg\",\"width\":1024,\"height\":1024,\"caption\":\"tetris\"},{\"@type\":\"BreadcrumbList\",\"@id\":\"https:\/\/monti.lt\/product\/delione-tetris-su-stovu\/#breadcrumb\",\"itemListElement\":[{\"@type\":\"ListItem\",\"position\":1,\"name\":\"Home\",\"item\":\"https:\/\/monti.lt\/\"},{\"@type\":\"ListItem\",\"position\":2,\"name\":\"Parduotuv\u0117\",\"item\":\"https:\/\/monti.lt\/shop\/\"},{\"@type\":\"ListItem\",\"position\":3,\"name\":\"D\u0117lion\u0117 &#8220;Tetris&#8221; su stovu\"}]},{\"@type\":\"WebSite\",\"@id\":\"https:\/\/monti.lt\/#website\",\"url\":\"https:\/\/monti.lt\/\",\"name\":\"Montessori \u017eaislai\",\"description\":\"\",\"publisher\":{\"@id\":\"https:\/\/monti.lt\/#organization\"},\"potentialAction\":[{\"@type\":\"SearchAction\",\"target\":{\"@type\":\"EntryPoint\",\"urlTemplate\":\"https:\/\/monti.lt\/?s={search_term_string}\"},\"query-input\":\"required name=search_term_string\"}],\"inLanguage\":\"en-US\"},{\"@type\":\"Organization\",\"@id\":\"https:\/\/monti.lt\/#organization\",\"name\":\"Montessori \u017eaislai\",\"url\":\"https:\/\/monti.lt\/\",\"logo\":{\"@type\":\"ImageObject\",\"inLanguage\":\"en-US\",\"@id\":\"https:\/\/monti.lt\/#\/schema\/logo\/image\/\",\"url\":\"https:\/\/monti.lt\/wp-content\/uploads\/2022\/03\/montilogo-1.png\",\"contentUrl\":\"https:\/\/monti.lt\/wp-content\/uploads\/2022\/03\/montilogo-1.png\",\"width\":512,\"height\":512,\"caption\":\"Montessori \u017eaislai\"},\"image\":{\"@id\":\"https:\/\/monti.lt\/#\/schema\/logo\/image\/\"}}]}<\/script>\n<!-- \/ Yoast SEO plugin. -->","yoast_head_json":{"title":"D\u0117lion\u0117 \"Tetris\" su stovu - Montessori \u017eaislai","robots":{"index":"index","follow":"follow","max-snippet":"max-snippet:-1","max-image-preview":"max-image-preview:large","max-video-preview":"max-video-preview:-1"},"canonical":"https:\/\/monti.lt\/en\/product\/delione-tetris-su-stovu\/","og_locale":"en_US","og_type":"article","og_title":"D\u0117lion\u0117 \"Tetris\" su stovu - Montessori \u017eaislai","og_description":"D\u0116LION\u0116S \u017dAIDIMAS TETRIS STOVIN\u010cIAS TETRIS Kas gali b\u016bti geriau u\u017e \u017eaisl\u0105, kuris ne tik suteikia valand\u0173 valandas puikaus malonumo, bet ir leid\u017eia daug i\u0161mokti? Ko daugiau reikia t\u0117vams? Pagal Marijos Montessori sukurtus pedagogikos principus, kuo \u017eaislas paprastesnis, tuo daugiau naudos gali duoti \u017eaidimas su juo! D\u0117lion\u0117, kurios forma primena \u017einom\u0105 \u017eaidim\u0105 \u201etetris\u201c, puikiai atitinka \u0161ias [&hellip;]","og_url":"https:\/\/monti.lt\/en\/product\/delione-tetris-su-stovu\/","og_site_name":"Montessori \u017eaislai","article_modified_time":"2026-01-07T11:57:46+00:00","og_image":[{"width":1024,"height":1024,"url":"https:\/\/monti.lt\/wp-content\/uploads\/2025\/10\/Standing-block-puzzle-game-176778.jpg","type":"image\/jpeg"}],"twitter_card":"summary_large_image","twitter_misc":{"Est. reading time":"2 minutes"},"schema":{"@context":"https:\/\/schema.org","@graph":[{"@type":"WebPage","@id":"https:\/\/monti.lt\/product\/delione-tetris-su-stovu\/","url":"https:\/\/monti.lt\/product\/delione-tetris-su-stovu\/","name":"D\u0117lion\u0117 \"Tetris\" su stovu - Montessori \u017eaislai","isPartOf":{"@id":"https:\/\/monti.lt\/#website"},"primaryImageOfPage":{"@id":"https:\/\/monti.lt\/product\/delione-tetris-su-stovu\/#primaryimage"},"image":{"@id":"https:\/\/monti.lt\/product\/delione-tetris-su-stovu\/#primaryimage"},"thumbnailUrl":"https:\/\/monti.lt\/wp-content\/uploads\/2025\/10\/Standing-block-puzzle-game-176778.jpg","datePublished":"2025-10-21T06:22:28+00:00","dateModified":"2026-01-07T11:57:46+00:00","breadcrumb":{"@id":"https:\/\/monti.lt\/product\/delione-tetris-su-stovu\/#breadcrumb"},"inLanguage":"en-US","potentialAction":[{"@type":"ReadAction","target":["https:\/\/monti.lt\/product\/delione-tetris-su-stovu\/"]}]},{"@type":"ImageObject","inLanguage":"en-US","@id":"https:\/\/monti.lt\/product\/delione-tetris-su-stovu\/#primaryimage","url":"https:\/\/monti.lt\/wp-content\/uploads\/2025\/10\/Standing-block-puzzle-game-176778.jpg","contentUrl":"https:\/\/monti.lt\/wp-content\/uploads\/2025\/10\/Standing-block-puzzle-game-176778.jpg","width":1024,"height":1024,"caption":"tetris"},{"@type":"BreadcrumbList","@id":"https:\/\/monti.lt\/product\/delione-tetris-su-stovu\/#breadcrumb","itemListElement":[{"@type":"ListItem","position":1,"name":"Home","item":"https:\/\/monti.lt\/"},{"@type":"ListItem","position":2,"name":"Parduotuv\u0117","item":"https:\/\/monti.lt\/shop\/"},{"@type":"ListItem","position":3,"name":"D\u0117lion\u0117 &#8220;Tetris&#8221; su stovu"}]},{"@type":"WebSite","@id":"https:\/\/monti.lt\/#website","url":"https:\/\/monti.lt\/","name":"Montessori \u017eaislai","description":"","publisher":{"@id":"https:\/\/monti.lt\/#organization"},"potentialAction":[{"@type":"SearchAction","target":{"@type":"EntryPoint","urlTemplate":"https:\/\/monti.lt\/?s={search_term_string}"},"query-input":"required name=search_term_string"}],"inLanguage":"en-US"},{"@type":"Organization","@id":"https:\/\/monti.lt\/#organization","name":"Montessori \u017eaislai","url":"https:\/\/monti.lt\/","logo":{"@type":"ImageObject","inLanguage":"en-US","@id":"https:\/\/monti.lt\/#\/schema\/logo\/image\/","url":"https:\/\/monti.lt\/wp-content\/uploads\/2022\/03\/montilogo-1.png","contentUrl":"https:\/\/monti.lt\/wp-content\/uploads\/2022\/03\/montilogo-1.png","width":512,"height":512,"caption":"Montessori \u017eaislai"},"image":{"@id":"https:\/\/monti.lt\/#\/schema\/logo\/image\/"}}]}},"_links":{"self":[{"href":"https:\/\/monti.lt\/en\/wp-json\/wp\/v2\/product\/34558"}],"collection":[{"href":"https:\/\/monti.lt\/en\/wp-json\/wp\/v2\/product"}],"about":[{"href":"https:\/\/monti.lt\/en\/wp-json\/wp\/v2\/types\/product"}],"version-history":[{"count":1,"href":"https:\/\/monti.lt\/en\/wp-json\/wp\/v2\/product\/34558\/revisions"}],"predecessor-version":[{"id":34570,"href":"https:\/\/monti.lt\/en\/wp-json\/wp\/v2\/product\/34558\/revisions\/34570"}],"wp:featuredmedia":[{"embeddable":true,"href":"https:\/\/monti.lt\/en\/wp-json\/wp\/v2\/media\/34559"}],"wp:attachment":[{"href":"https:\/\/monti.lt\/en\/wp-json\/wp\/v2\/media?parent=34558"}],"wp:term":[{"taxonomy":"product_cat","embeddable":true,"href":"https:\/\/monti.lt\/en\/wp-json\/wp\/v2\/product_cat?post=34558"},{"taxonomy":"product_tag","embeddable":true,"href":"https:\/\/monti.lt\/en\/wp-json\/wp\/v2\/product_tag?post=34558"}],"curies":[{"name":"wp","href":"https:\/\/api.w.org\/{rel}","templated":true}]}}