{"id":34623,"date":"2025-10-22T13:21:10","date_gmt":"2025-10-22T13:21:10","guid":{"rendered":"https:\/\/monti.lt\/?post_type=product&#038;p=34623"},"modified":"2025-12-04T08:00:56","modified_gmt":"2025-12-04T08:00:56","slug":"spa-laboratorija","status":"publish","type":"product","link":"https:\/\/monti.lt\/en\/product\/spa-laboratorija\/","title":{"rendered":"SPA laboratorija"},"content":{"rendered":"<figure class=\"wp-block-gallery has-nested-images columns-default is-cropped wp-block-gallery-1 is-layout-flex wp-block-gallery-is-layout-flex\"><\/figure>\n\n\n\n<p><\/p>","protected":false},"excerpt":{"rendered":"<p>Pasir\u016bpinkite SPA atmosfera savo namuose ir m\u0117gaukit\u0117s jos teikiamais malonumais! Patys sukurkite kvepian\u010dias vonios druskas, spalving\u0105 du\u0161o \u017eele arba tir\u0161tas vonios putas. Visa tai gaminti bus labai \u012fdomu, smalsu ir visi\u0161kai saugu. O pagaminus, gal\u0117site d\u017eiaugtis savo pa\u010di\u0173 kurtomis priemon\u0117mis ir i\u0161bandyti jas vonioje. Visa \u0161i SPA laboratorija lavina kruop\u0161tum\u0105, skatina fantazijas ir k\u016bryb\u0105. Rinkin\u012f sudaro spa priemon\u0117ms pasigaminti reikiami ingridientai ir instrukcija angl\u0173 kalba Am\u017eius: nuo 7 met\u0173<\/p>","protected":false},"featured_media":34628,"template":"","meta":{"_acf_changed":false,"iawp_total_views":79},"product_cat":[213,217,82,192,87],"product_tag":[98,99],"class_list":{"0":"post-34623","1":"product","2":"type-product","3":"status-publish","4":"has-post-thumbnail","6":"product_cat-akcija","7":"product_cat-dovanos-5-7-metu-vaikams","8":"product_cat-ispardavimas","9":"product_cat-kaledines-dovanos-vaikams","10":"product_cat-kurybiniai-rinkiniai","11":"product_tag-5-m-7-m","12":"product_tag-8-m-11-m","14":"first","15":"outofstock","16":"sale","17":"taxable","18":"shipping-taxable","19":"purchasable","20":"product-type-simple"},"acf":[],"yoast_head":"<!-- This site is optimized with the Yoast SEO plugin v23.3 - https:\/\/yoast.com\/wordpress\/plugins\/seo\/ -->\n<title>SPA laboratorija - Montessori \u017eaislai<\/title>\n<meta name=\"robots\" content=\"index, follow, max-snippet:-1, max-image-preview:large, max-video-preview:-1\" \/>\n<link rel=\"canonical\" href=\"https:\/\/monti.lt\/en\/product\/spa-laboratorija\/\" \/>\n<meta property=\"og:locale\" content=\"en_US\" \/>\n<meta property=\"og:type\" content=\"article\" \/>\n<meta property=\"og:title\" content=\"SPA laboratorija - Montessori \u017eaislai\" \/>\n<meta property=\"og:description\" content=\"Pasir\u016bpinkite SPA atmosfera savo namuose ir m\u0117gaukit\u0117s jos teikiamais malonumais! Patys sukurkite kvepian\u010dias vonios druskas, spalving\u0105 du\u0161o \u017eele arba tir\u0161tas vonios putas. Visa tai gaminti bus labai \u012fdomu, smalsu ir visi\u0161kai saugu. O pagaminus, gal\u0117site d\u017eiaugtis savo pa\u010di\u0173 kurtomis priemon\u0117mis ir i\u0161bandyti jas vonioje. Visa \u0161i SPA laboratorija lavina kruop\u0161tum\u0105, skatina fantazijas ir k\u016bryb\u0105. Rinkin\u012f sudaro spa priemon\u0117ms pasigaminti reikiami ingridientai ir instrukcija angl\u0173 kalba Am\u017eius: nuo 7 met\u0173\" \/>\n<meta property=\"og:url\" content=\"https:\/\/monti.lt\/en\/product\/spa-laboratorija\/\" \/>\n<meta property=\"og:site_name\" content=\"Montessori \u017eaislai\" \/>\n<meta property=\"article:modified_time\" content=\"2025-12-04T08:00:56+00:00\" \/>\n<meta property=\"og:image\" content=\"https:\/\/monti.lt\/wp-content\/uploads\/2025\/10\/256-1.png\" \/>\n\t<meta property=\"og:image:width\" content=\"470\" \/>\n\t<meta property=\"og:image:height\" content=\"470\" \/>\n\t<meta property=\"og:image:type\" content=\"image\/png\" \/>\n<meta name=\"twitter:card\" content=\"summary_large_image\" \/>\n<script type=\"application\/ld+json\" class=\"yoast-schema-graph\">{\"@context\":\"https:\/\/schema.org\",\"@graph\":[{\"@type\":\"WebPage\",\"@id\":\"https:\/\/monti.lt\/product\/spa-laboratorija\/\",\"url\":\"https:\/\/monti.lt\/product\/spa-laboratorija\/\",\"name\":\"SPA laboratorija - Montessori \u017eaislai\",\"isPartOf\":{\"@id\":\"https:\/\/monti.lt\/#website\"},\"primaryImageOfPage\":{\"@id\":\"https:\/\/monti.lt\/product\/spa-laboratorija\/#primaryimage\"},\"image\":{\"@id\":\"https:\/\/monti.lt\/product\/spa-laboratorija\/#primaryimage\"},\"thumbnailUrl\":\"https:\/\/monti.lt\/wp-content\/uploads\/2025\/10\/256-1.png\",\"datePublished\":\"2025-10-22T13:21:10+00:00\",\"dateModified\":\"2025-12-04T08:00:56+00:00\",\"breadcrumb\":{\"@id\":\"https:\/\/monti.lt\/product\/spa-laboratorija\/#breadcrumb\"},\"inLanguage\":\"en-US\",\"potentialAction\":[{\"@type\":\"ReadAction\",\"target\":[\"https:\/\/monti.lt\/product\/spa-laboratorija\/\"]}]},{\"@type\":\"ImageObject\",\"inLanguage\":\"en-US\",\"@id\":\"https:\/\/monti.lt\/product\/spa-laboratorija\/#primaryimage\",\"url\":\"https:\/\/monti.lt\/wp-content\/uploads\/2025\/10\/256-1.png\",\"contentUrl\":\"https:\/\/monti.lt\/wp-content\/uploads\/2025\/10\/256-1.png\",\"width\":470,\"height\":470},{\"@type\":\"BreadcrumbList\",\"@id\":\"https:\/\/monti.lt\/product\/spa-laboratorija\/#breadcrumb\",\"itemListElement\":[{\"@type\":\"ListItem\",\"position\":1,\"name\":\"Home\",\"item\":\"https:\/\/monti.lt\/\"},{\"@type\":\"ListItem\",\"position\":2,\"name\":\"Parduotuv\u0117\",\"item\":\"https:\/\/monti.lt\/shop\/\"},{\"@type\":\"ListItem\",\"position\":3,\"name\":\"SPA laboratorija\"}]},{\"@type\":\"WebSite\",\"@id\":\"https:\/\/monti.lt\/#website\",\"url\":\"https:\/\/monti.lt\/\",\"name\":\"Montessori \u017eaislai\",\"description\":\"\",\"publisher\":{\"@id\":\"https:\/\/monti.lt\/#organization\"},\"potentialAction\":[{\"@type\":\"SearchAction\",\"target\":{\"@type\":\"EntryPoint\",\"urlTemplate\":\"https:\/\/monti.lt\/?s={search_term_string}\"},\"query-input\":\"required name=search_term_string\"}],\"inLanguage\":\"en-US\"},{\"@type\":\"Organization\",\"@id\":\"https:\/\/monti.lt\/#organization\",\"name\":\"Montessori \u017eaislai\",\"url\":\"https:\/\/monti.lt\/\",\"logo\":{\"@type\":\"ImageObject\",\"inLanguage\":\"en-US\",\"@id\":\"https:\/\/monti.lt\/#\/schema\/logo\/image\/\",\"url\":\"https:\/\/monti.lt\/wp-content\/uploads\/2022\/03\/montilogo-1.png\",\"contentUrl\":\"https:\/\/monti.lt\/wp-content\/uploads\/2022\/03\/montilogo-1.png\",\"width\":512,\"height\":512,\"caption\":\"Montessori \u017eaislai\"},\"image\":{\"@id\":\"https:\/\/monti.lt\/#\/schema\/logo\/image\/\"}}]}<\/script>\n<!-- \/ Yoast SEO plugin. -->","yoast_head_json":{"title":"SPA laboratorija - Montessori \u017eaislai","robots":{"index":"index","follow":"follow","max-snippet":"max-snippet:-1","max-image-preview":"max-image-preview:large","max-video-preview":"max-video-preview:-1"},"canonical":"https:\/\/monti.lt\/en\/product\/spa-laboratorija\/","og_locale":"en_US","og_type":"article","og_title":"SPA laboratorija - Montessori \u017eaislai","og_description":"Pasir\u016bpinkite SPA atmosfera savo namuose ir m\u0117gaukit\u0117s jos teikiamais malonumais! Patys sukurkite kvepian\u010dias vonios druskas, spalving\u0105 du\u0161o \u017eele arba tir\u0161tas vonios putas. Visa tai gaminti bus labai \u012fdomu, smalsu ir visi\u0161kai saugu. O pagaminus, gal\u0117site d\u017eiaugtis savo pa\u010di\u0173 kurtomis priemon\u0117mis ir i\u0161bandyti jas vonioje. Visa \u0161i SPA laboratorija lavina kruop\u0161tum\u0105, skatina fantazijas ir k\u016bryb\u0105. Rinkin\u012f sudaro spa priemon\u0117ms pasigaminti reikiami ingridientai ir instrukcija angl\u0173 kalba Am\u017eius: nuo 7 met\u0173","og_url":"https:\/\/monti.lt\/en\/product\/spa-laboratorija\/","og_site_name":"Montessori \u017eaislai","article_modified_time":"2025-12-04T08:00:56+00:00","og_image":[{"width":470,"height":470,"url":"https:\/\/monti.lt\/wp-content\/uploads\/2025\/10\/256-1.png","type":"image\/png"}],"twitter_card":"summary_large_image","schema":{"@context":"https:\/\/schema.org","@graph":[{"@type":"WebPage","@id":"https:\/\/monti.lt\/product\/spa-laboratorija\/","url":"https:\/\/monti.lt\/product\/spa-laboratorija\/","name":"SPA laboratorija - Montessori \u017eaislai","isPartOf":{"@id":"https:\/\/monti.lt\/#website"},"primaryImageOfPage":{"@id":"https:\/\/monti.lt\/product\/spa-laboratorija\/#primaryimage"},"image":{"@id":"https:\/\/monti.lt\/product\/spa-laboratorija\/#primaryimage"},"thumbnailUrl":"https:\/\/monti.lt\/wp-content\/uploads\/2025\/10\/256-1.png","datePublished":"2025-10-22T13:21:10+00:00","dateModified":"2025-12-04T08:00:56+00:00","breadcrumb":{"@id":"https:\/\/monti.lt\/product\/spa-laboratorija\/#breadcrumb"},"inLanguage":"en-US","potentialAction":[{"@type":"ReadAction","target":["https:\/\/monti.lt\/product\/spa-laboratorija\/"]}]},{"@type":"ImageObject","inLanguage":"en-US","@id":"https:\/\/monti.lt\/product\/spa-laboratorija\/#primaryimage","url":"https:\/\/monti.lt\/wp-content\/uploads\/2025\/10\/256-1.png","contentUrl":"https:\/\/monti.lt\/wp-content\/uploads\/2025\/10\/256-1.png","width":470,"height":470},{"@type":"BreadcrumbList","@id":"https:\/\/monti.lt\/product\/spa-laboratorija\/#breadcrumb","itemListElement":[{"@type":"ListItem","position":1,"name":"Home","item":"https:\/\/monti.lt\/"},{"@type":"ListItem","position":2,"name":"Parduotuv\u0117","item":"https:\/\/monti.lt\/shop\/"},{"@type":"ListItem","position":3,"name":"SPA laboratorija"}]},{"@type":"WebSite","@id":"https:\/\/monti.lt\/#website","url":"https:\/\/monti.lt\/","name":"Montessori \u017eaislai","description":"","publisher":{"@id":"https:\/\/monti.lt\/#organization"},"potentialAction":[{"@type":"SearchAction","target":{"@type":"EntryPoint","urlTemplate":"https:\/\/monti.lt\/?s={search_term_string}"},"query-input":"required name=search_term_string"}],"inLanguage":"en-US"},{"@type":"Organization","@id":"https:\/\/monti.lt\/#organization","name":"Montessori \u017eaislai","url":"https:\/\/monti.lt\/","logo":{"@type":"ImageObject","inLanguage":"en-US","@id":"https:\/\/monti.lt\/#\/schema\/logo\/image\/","url":"https:\/\/monti.lt\/wp-content\/uploads\/2022\/03\/montilogo-1.png","contentUrl":"https:\/\/monti.lt\/wp-content\/uploads\/2022\/03\/montilogo-1.png","width":512,"height":512,"caption":"Montessori \u017eaislai"},"image":{"@id":"https:\/\/monti.lt\/#\/schema\/logo\/image\/"}}]}},"_links":{"self":[{"href":"https:\/\/monti.lt\/en\/wp-json\/wp\/v2\/product\/34623"}],"collection":[{"href":"https:\/\/monti.lt\/en\/wp-json\/wp\/v2\/product"}],"about":[{"href":"https:\/\/monti.lt\/en\/wp-json\/wp\/v2\/types\/product"}],"version-history":[{"count":7,"href":"https:\/\/monti.lt\/en\/wp-json\/wp\/v2\/product\/34623\/revisions"}],"predecessor-version":[{"id":34632,"href":"https:\/\/monti.lt\/en\/wp-json\/wp\/v2\/product\/34623\/revisions\/34632"}],"wp:featuredmedia":[{"embeddable":true,"href":"https:\/\/monti.lt\/en\/wp-json\/wp\/v2\/media\/34628"}],"wp:attachment":[{"href":"https:\/\/monti.lt\/en\/wp-json\/wp\/v2\/media?parent=34623"}],"wp:term":[{"taxonomy":"product_cat","embeddable":true,"href":"https:\/\/monti.lt\/en\/wp-json\/wp\/v2\/product_cat?post=34623"},{"taxonomy":"product_tag","embeddable":true,"href":"https:\/\/monti.lt\/en\/wp-json\/wp\/v2\/product_tag?post=34623"}],"curies":[{"name":"wp","href":"https:\/\/api.w.org\/{rel}","templated":true}]}}