{"id":34633,"date":"2025-10-22T13:29:41","date_gmt":"2025-10-22T13:29:41","guid":{"rendered":"https:\/\/monti.lt\/?post_type=product&#038;p=34633"},"modified":"2025-12-13T08:54:19","modified_gmt":"2025-12-13T08:54:19","slug":"kvepianciu-zvakiu-gamybos-rinkinys","status":"publish","type":"product","link":"https:\/\/monti.lt\/en\/product\/kvepianciu-zvakiu-gamybos-rinkinys\/","title":{"rendered":"Kvepian\u010di\u0173 \u017evaki\u0173 gamybos rinkinys"},"content":{"rendered":"","protected":false},"excerpt":{"rendered":"<p>Lengvai ir skland\u017eiai patys pasigaminkite \u017evakes ir m\u0117gaukit\u0117s nepaprasta j\u0173 i\u0161vaizda bei aromatais. I\u0161skirtin\u0117s, J\u016bs\u0173 pa\u010di\u0173 sukurtos \u017evak\u0117s kvies nekantriai laukti sutem\u0173, kai jas u\u017edeg\u0119, paskleisite nuostabius kvapus ir d\u017eiuginsite akis nepakartojamais spalving\u0173 \u017evaki\u0173 ir ugnies \u0161okiais. Am\u017eius: nuo 8 met\u0173<\/p>","protected":false},"featured_media":34636,"template":"","meta":{"_acf_changed":false,"iawp_total_views":20},"product_cat":[197,196,192,87,90],"product_tag":[99],"class_list":{"0":"post-34633","1":"product","2":"type-product","3":"status-publish","4":"has-post-thumbnail","6":"product_cat-dovanos-berniukams","7":"product_cat-dovanos-mergaitems","8":"product_cat-kaledines-dovanos-vaikams","9":"product_cat-kurybiniai-rinkiniai","10":"product_cat-pasaulio-pazinimas","11":"product_tag-8-m-11-m","13":"first","14":"outofstock","15":"taxable","16":"shipping-taxable","17":"purchasable","18":"product-type-simple"},"acf":[],"yoast_head":"<!-- This site is optimized with the Yoast SEO plugin v23.3 - https:\/\/yoast.com\/wordpress\/plugins\/seo\/ -->\n<title>Kvepian\u010di\u0173 \u017evaki\u0173 gamybos rinkinys - Montessori \u017eaislai<\/title>\n<meta name=\"robots\" content=\"index, follow, max-snippet:-1, max-image-preview:large, max-video-preview:-1\" \/>\n<link rel=\"canonical\" href=\"https:\/\/monti.lt\/en\/product\/kvepianciu-zvakiu-gamybos-rinkinys\/\" \/>\n<meta property=\"og:locale\" content=\"en_US\" \/>\n<meta property=\"og:type\" content=\"article\" \/>\n<meta property=\"og:title\" content=\"Kvepian\u010di\u0173 \u017evaki\u0173 gamybos rinkinys - Montessori \u017eaislai\" \/>\n<meta property=\"og:description\" content=\"Lengvai ir skland\u017eiai patys pasigaminkite \u017evakes ir m\u0117gaukit\u0117s nepaprasta j\u0173 i\u0161vaizda bei aromatais. I\u0161skirtin\u0117s, J\u016bs\u0173 pa\u010di\u0173 sukurtos \u017evak\u0117s kvies nekantriai laukti sutem\u0173, kai jas u\u017edeg\u0119, paskleisite nuostabius kvapus ir d\u017eiuginsite akis nepakartojamais spalving\u0173 \u017evaki\u0173 ir ugnies \u0161okiais. Am\u017eius: nuo 8 met\u0173\" \/>\n<meta property=\"og:url\" content=\"https:\/\/monti.lt\/en\/product\/kvepianciu-zvakiu-gamybos-rinkinys\/\" \/>\n<meta property=\"og:site_name\" content=\"Montessori \u017eaislai\" \/>\n<meta property=\"article:modified_time\" content=\"2025-12-13T08:54:19+00:00\" \/>\n<meta property=\"og:image\" content=\"https:\/\/monti.lt\/wp-content\/uploads\/2025\/10\/kvepian_i_vaki_gamybos_rinkinys_gamta_2.jpg\" \/>\n\t<meta property=\"og:image:width\" content=\"800\" \/>\n\t<meta property=\"og:image:height\" content=\"800\" \/>\n\t<meta property=\"og:image:type\" content=\"image\/jpeg\" \/>\n<meta name=\"twitter:card\" content=\"summary_large_image\" \/>\n<script type=\"application\/ld+json\" class=\"yoast-schema-graph\">{\"@context\":\"https:\/\/schema.org\",\"@graph\":[{\"@type\":\"WebPage\",\"@id\":\"https:\/\/monti.lt\/product\/kvepianciu-zvakiu-gamybos-rinkinys\/\",\"url\":\"https:\/\/monti.lt\/product\/kvepianciu-zvakiu-gamybos-rinkinys\/\",\"name\":\"Kvepian\u010di\u0173 \u017evaki\u0173 gamybos rinkinys - Montessori \u017eaislai\",\"isPartOf\":{\"@id\":\"https:\/\/monti.lt\/#website\"},\"primaryImageOfPage\":{\"@id\":\"https:\/\/monti.lt\/product\/kvepianciu-zvakiu-gamybos-rinkinys\/#primaryimage\"},\"image\":{\"@id\":\"https:\/\/monti.lt\/product\/kvepianciu-zvakiu-gamybos-rinkinys\/#primaryimage\"},\"thumbnailUrl\":\"https:\/\/monti.lt\/wp-content\/uploads\/2025\/10\/kvepian_i_vaki_gamybos_rinkinys_gamta_2.jpg\",\"datePublished\":\"2025-10-22T13:29:41+00:00\",\"dateModified\":\"2025-12-13T08:54:19+00:00\",\"breadcrumb\":{\"@id\":\"https:\/\/monti.lt\/product\/kvepianciu-zvakiu-gamybos-rinkinys\/#breadcrumb\"},\"inLanguage\":\"en-US\",\"potentialAction\":[{\"@type\":\"ReadAction\",\"target\":[\"https:\/\/monti.lt\/product\/kvepianciu-zvakiu-gamybos-rinkinys\/\"]}]},{\"@type\":\"ImageObject\",\"inLanguage\":\"en-US\",\"@id\":\"https:\/\/monti.lt\/product\/kvepianciu-zvakiu-gamybos-rinkinys\/#primaryimage\",\"url\":\"https:\/\/monti.lt\/wp-content\/uploads\/2025\/10\/kvepian_i_vaki_gamybos_rinkinys_gamta_2.jpg\",\"contentUrl\":\"https:\/\/monti.lt\/wp-content\/uploads\/2025\/10\/kvepian_i_vaki_gamybos_rinkinys_gamta_2.jpg\",\"width\":800,\"height\":800},{\"@type\":\"BreadcrumbList\",\"@id\":\"https:\/\/monti.lt\/product\/kvepianciu-zvakiu-gamybos-rinkinys\/#breadcrumb\",\"itemListElement\":[{\"@type\":\"ListItem\",\"position\":1,\"name\":\"Home\",\"item\":\"https:\/\/monti.lt\/\"},{\"@type\":\"ListItem\",\"position\":2,\"name\":\"Parduotuv\u0117\",\"item\":\"https:\/\/monti.lt\/shop\/\"},{\"@type\":\"ListItem\",\"position\":3,\"name\":\"Kvepian\u010di\u0173 \u017evaki\u0173 gamybos rinkinys\"}]},{\"@type\":\"WebSite\",\"@id\":\"https:\/\/monti.lt\/#website\",\"url\":\"https:\/\/monti.lt\/\",\"name\":\"Montessori \u017eaislai\",\"description\":\"\",\"publisher\":{\"@id\":\"https:\/\/monti.lt\/#organization\"},\"potentialAction\":[{\"@type\":\"SearchAction\",\"target\":{\"@type\":\"EntryPoint\",\"urlTemplate\":\"https:\/\/monti.lt\/?s={search_term_string}\"},\"query-input\":\"required name=search_term_string\"}],\"inLanguage\":\"en-US\"},{\"@type\":\"Organization\",\"@id\":\"https:\/\/monti.lt\/#organization\",\"name\":\"Montessori \u017eaislai\",\"url\":\"https:\/\/monti.lt\/\",\"logo\":{\"@type\":\"ImageObject\",\"inLanguage\":\"en-US\",\"@id\":\"https:\/\/monti.lt\/#\/schema\/logo\/image\/\",\"url\":\"https:\/\/monti.lt\/wp-content\/uploads\/2022\/03\/montilogo-1.png\",\"contentUrl\":\"https:\/\/monti.lt\/wp-content\/uploads\/2022\/03\/montilogo-1.png\",\"width\":512,\"height\":512,\"caption\":\"Montessori \u017eaislai\"},\"image\":{\"@id\":\"https:\/\/monti.lt\/#\/schema\/logo\/image\/\"}}]}<\/script>\n<!-- \/ Yoast SEO plugin. -->","yoast_head_json":{"title":"Kvepian\u010di\u0173 \u017evaki\u0173 gamybos rinkinys - Montessori \u017eaislai","robots":{"index":"index","follow":"follow","max-snippet":"max-snippet:-1","max-image-preview":"max-image-preview:large","max-video-preview":"max-video-preview:-1"},"canonical":"https:\/\/monti.lt\/en\/product\/kvepianciu-zvakiu-gamybos-rinkinys\/","og_locale":"en_US","og_type":"article","og_title":"Kvepian\u010di\u0173 \u017evaki\u0173 gamybos rinkinys - Montessori \u017eaislai","og_description":"Lengvai ir skland\u017eiai patys pasigaminkite \u017evakes ir m\u0117gaukit\u0117s nepaprasta j\u0173 i\u0161vaizda bei aromatais. I\u0161skirtin\u0117s, J\u016bs\u0173 pa\u010di\u0173 sukurtos \u017evak\u0117s kvies nekantriai laukti sutem\u0173, kai jas u\u017edeg\u0119, paskleisite nuostabius kvapus ir d\u017eiuginsite akis nepakartojamais spalving\u0173 \u017evaki\u0173 ir ugnies \u0161okiais. Am\u017eius: nuo 8 met\u0173","og_url":"https:\/\/monti.lt\/en\/product\/kvepianciu-zvakiu-gamybos-rinkinys\/","og_site_name":"Montessori \u017eaislai","article_modified_time":"2025-12-13T08:54:19+00:00","og_image":[{"width":800,"height":800,"url":"https:\/\/monti.lt\/wp-content\/uploads\/2025\/10\/kvepian_i_vaki_gamybos_rinkinys_gamta_2.jpg","type":"image\/jpeg"}],"twitter_card":"summary_large_image","schema":{"@context":"https:\/\/schema.org","@graph":[{"@type":"WebPage","@id":"https:\/\/monti.lt\/product\/kvepianciu-zvakiu-gamybos-rinkinys\/","url":"https:\/\/monti.lt\/product\/kvepianciu-zvakiu-gamybos-rinkinys\/","name":"Kvepian\u010di\u0173 \u017evaki\u0173 gamybos rinkinys - Montessori \u017eaislai","isPartOf":{"@id":"https:\/\/monti.lt\/#website"},"primaryImageOfPage":{"@id":"https:\/\/monti.lt\/product\/kvepianciu-zvakiu-gamybos-rinkinys\/#primaryimage"},"image":{"@id":"https:\/\/monti.lt\/product\/kvepianciu-zvakiu-gamybos-rinkinys\/#primaryimage"},"thumbnailUrl":"https:\/\/monti.lt\/wp-content\/uploads\/2025\/10\/kvepian_i_vaki_gamybos_rinkinys_gamta_2.jpg","datePublished":"2025-10-22T13:29:41+00:00","dateModified":"2025-12-13T08:54:19+00:00","breadcrumb":{"@id":"https:\/\/monti.lt\/product\/kvepianciu-zvakiu-gamybos-rinkinys\/#breadcrumb"},"inLanguage":"en-US","potentialAction":[{"@type":"ReadAction","target":["https:\/\/monti.lt\/product\/kvepianciu-zvakiu-gamybos-rinkinys\/"]}]},{"@type":"ImageObject","inLanguage":"en-US","@id":"https:\/\/monti.lt\/product\/kvepianciu-zvakiu-gamybos-rinkinys\/#primaryimage","url":"https:\/\/monti.lt\/wp-content\/uploads\/2025\/10\/kvepian_i_vaki_gamybos_rinkinys_gamta_2.jpg","contentUrl":"https:\/\/monti.lt\/wp-content\/uploads\/2025\/10\/kvepian_i_vaki_gamybos_rinkinys_gamta_2.jpg","width":800,"height":800},{"@type":"BreadcrumbList","@id":"https:\/\/monti.lt\/product\/kvepianciu-zvakiu-gamybos-rinkinys\/#breadcrumb","itemListElement":[{"@type":"ListItem","position":1,"name":"Home","item":"https:\/\/monti.lt\/"},{"@type":"ListItem","position":2,"name":"Parduotuv\u0117","item":"https:\/\/monti.lt\/shop\/"},{"@type":"ListItem","position":3,"name":"Kvepian\u010di\u0173 \u017evaki\u0173 gamybos rinkinys"}]},{"@type":"WebSite","@id":"https:\/\/monti.lt\/#website","url":"https:\/\/monti.lt\/","name":"Montessori \u017eaislai","description":"","publisher":{"@id":"https:\/\/monti.lt\/#organization"},"potentialAction":[{"@type":"SearchAction","target":{"@type":"EntryPoint","urlTemplate":"https:\/\/monti.lt\/?s={search_term_string}"},"query-input":"required name=search_term_string"}],"inLanguage":"en-US"},{"@type":"Organization","@id":"https:\/\/monti.lt\/#organization","name":"Montessori \u017eaislai","url":"https:\/\/monti.lt\/","logo":{"@type":"ImageObject","inLanguage":"en-US","@id":"https:\/\/monti.lt\/#\/schema\/logo\/image\/","url":"https:\/\/monti.lt\/wp-content\/uploads\/2022\/03\/montilogo-1.png","contentUrl":"https:\/\/monti.lt\/wp-content\/uploads\/2022\/03\/montilogo-1.png","width":512,"height":512,"caption":"Montessori \u017eaislai"},"image":{"@id":"https:\/\/monti.lt\/#\/schema\/logo\/image\/"}}]}},"_links":{"self":[{"href":"https:\/\/monti.lt\/en\/wp-json\/wp\/v2\/product\/34633"}],"collection":[{"href":"https:\/\/monti.lt\/en\/wp-json\/wp\/v2\/product"}],"about":[{"href":"https:\/\/monti.lt\/en\/wp-json\/wp\/v2\/types\/product"}],"version-history":[{"count":2,"href":"https:\/\/monti.lt\/en\/wp-json\/wp\/v2\/product\/34633\/revisions"}],"predecessor-version":[{"id":34635,"href":"https:\/\/monti.lt\/en\/wp-json\/wp\/v2\/product\/34633\/revisions\/34635"}],"wp:featuredmedia":[{"embeddable":true,"href":"https:\/\/monti.lt\/en\/wp-json\/wp\/v2\/media\/34636"}],"wp:attachment":[{"href":"https:\/\/monti.lt\/en\/wp-json\/wp\/v2\/media?parent=34633"}],"wp:term":[{"taxonomy":"product_cat","embeddable":true,"href":"https:\/\/monti.lt\/en\/wp-json\/wp\/v2\/product_cat?post=34633"},{"taxonomy":"product_tag","embeddable":true,"href":"https:\/\/monti.lt\/en\/wp-json\/wp\/v2\/product_tag?post=34633"}],"curies":[{"name":"wp","href":"https:\/\/api.w.org\/{rel}","templated":true}]}}