{"id":34637,"date":"2025-10-22T13:37:55","date_gmt":"2025-10-22T13:37:55","guid":{"rendered":"https:\/\/monti.lt\/?post_type=product&#038;p=34637"},"modified":"2025-11-30T23:03:17","modified_gmt":"2025-11-30T23:03:17","slug":"crankity-galvosukis","status":"publish","type":"product","link":"https:\/\/monti.lt\/en\/product\/crankity-galvosukis\/","title":{"rendered":"Crankity galvos\u016bkis"},"content":{"rendered":"","protected":false},"excerpt":{"rendered":"<p>Tai detali\u0173 jungimo galvos\u016bkis ir d\u0117lion\u0117, kuri juda. Jis gerina kritin\u012f m\u0105stym\u0105, koncentracij\u0105 ir padeda i\u0161mokti lengviau spr\u0119sti u\u017eduotis. Labai tinkamas ilgoms nuobod\u017eioms kelion\u0117ms. Galima pasirinkti vien\u0105 i\u0161 4 sud\u0117tingumo lygi\u0173. Instrukcij\u0105 lietuvi\u0173 kalba galite gauti para\u0161\u0119 el.pa\u0161tu labas@monti.lt.<\/p>\n<p>Am\u017eius: nuo 6 met\u0173<\/p>","protected":false},"featured_media":34638,"template":"","meta":{"_acf_changed":false,"iawp_total_views":10},"product_cat":[213,251,82,84,91,242,199],"product_tag":[98,99],"class_list":{"0":"post-34637","1":"product","2":"type-product","3":"status-publish","4":"has-post-thumbnail","6":"product_cat-akcija","7":"product_cat-fat-brain-toys","8":"product_cat-ispardavimas","9":"product_cat-lavinamieji-zaislai","10":"product_cat-loginiam-mastymui","11":"product_cat-pagal-gamintoja","12":"product_cat-ugdymo-istaigoms","13":"product_tag-5-m-7-m","14":"product_tag-8-m-11-m","16":"first","17":"outofstock","18":"sale","19":"taxable","20":"shipping-taxable","21":"purchasable","22":"product-type-simple"},"acf":[],"yoast_head":"<!-- This site is optimized with the Yoast SEO plugin v23.3 - https:\/\/yoast.com\/wordpress\/plugins\/seo\/ -->\n<title>Crankity galvos\u016bkis - Montessori \u017eaislai<\/title>\n<meta name=\"robots\" content=\"index, follow, max-snippet:-1, max-image-preview:large, max-video-preview:-1\" \/>\n<link rel=\"canonical\" href=\"https:\/\/monti.lt\/en\/product\/crankity-galvosukis\/\" \/>\n<meta property=\"og:locale\" content=\"en_US\" \/>\n<meta property=\"og:type\" content=\"article\" \/>\n<meta property=\"og:title\" content=\"Crankity galvos\u016bkis - Montessori \u017eaislai\" \/>\n<meta property=\"og:description\" content=\"Tai detali\u0173 jungimo galvos\u016bkis ir d\u0117lion\u0117, kuri juda. Jis gerina kritin\u012f m\u0105stym\u0105, koncentracij\u0105 ir padeda i\u0161mokti lengviau spr\u0119sti u\u017eduotis. Labai tinkamas ilgoms nuobod\u017eioms kelion\u0117ms. Galima pasirinkti vien\u0105 i\u0161 4 sud\u0117tingumo lygi\u0173. Instrukcij\u0105 lietuvi\u0173 kalba galite gauti para\u0161\u0119 el.pa\u0161tu labas@monti.lt.  Am\u017eius: nuo 6 met\u0173\" \/>\n<meta property=\"og:url\" content=\"https:\/\/monti.lt\/en\/product\/crankity-galvosukis\/\" \/>\n<meta property=\"og:site_name\" content=\"Montessori \u017eaislai\" \/>\n<meta property=\"article:modified_time\" content=\"2025-11-30T23:03:17+00:00\" \/>\n<meta property=\"og:image\" content=\"https:\/\/monti.lt\/wp-content\/uploads\/2025\/10\/b_1_1.jpg\" \/>\n\t<meta property=\"og:image:width\" content=\"645\" \/>\n\t<meta property=\"og:image:height\" content=\"645\" \/>\n\t<meta property=\"og:image:type\" content=\"image\/jpeg\" \/>\n<meta name=\"twitter:card\" content=\"summary_large_image\" \/>\n<script type=\"application\/ld+json\" class=\"yoast-schema-graph\">{\"@context\":\"https:\/\/schema.org\",\"@graph\":[{\"@type\":\"WebPage\",\"@id\":\"https:\/\/monti.lt\/product\/crankity-galvosukis\/\",\"url\":\"https:\/\/monti.lt\/product\/crankity-galvosukis\/\",\"name\":\"Crankity galvos\u016bkis - Montessori \u017eaislai\",\"isPartOf\":{\"@id\":\"https:\/\/monti.lt\/#website\"},\"primaryImageOfPage\":{\"@id\":\"https:\/\/monti.lt\/product\/crankity-galvosukis\/#primaryimage\"},\"image\":{\"@id\":\"https:\/\/monti.lt\/product\/crankity-galvosukis\/#primaryimage\"},\"thumbnailUrl\":\"https:\/\/monti.lt\/wp-content\/uploads\/2025\/10\/b_1_1.jpg\",\"datePublished\":\"2025-10-22T13:37:55+00:00\",\"dateModified\":\"2025-11-30T23:03:17+00:00\",\"breadcrumb\":{\"@id\":\"https:\/\/monti.lt\/product\/crankity-galvosukis\/#breadcrumb\"},\"inLanguage\":\"en-US\",\"potentialAction\":[{\"@type\":\"ReadAction\",\"target\":[\"https:\/\/monti.lt\/product\/crankity-galvosukis\/\"]}]},{\"@type\":\"ImageObject\",\"inLanguage\":\"en-US\",\"@id\":\"https:\/\/monti.lt\/product\/crankity-galvosukis\/#primaryimage\",\"url\":\"https:\/\/monti.lt\/wp-content\/uploads\/2025\/10\/b_1_1.jpg\",\"contentUrl\":\"https:\/\/monti.lt\/wp-content\/uploads\/2025\/10\/b_1_1.jpg\",\"width\":645,\"height\":645,\"caption\":\"galvosukis\"},{\"@type\":\"BreadcrumbList\",\"@id\":\"https:\/\/monti.lt\/product\/crankity-galvosukis\/#breadcrumb\",\"itemListElement\":[{\"@type\":\"ListItem\",\"position\":1,\"name\":\"Home\",\"item\":\"https:\/\/monti.lt\/\"},{\"@type\":\"ListItem\",\"position\":2,\"name\":\"Parduotuv\u0117\",\"item\":\"https:\/\/monti.lt\/shop\/\"},{\"@type\":\"ListItem\",\"position\":3,\"name\":\"Crankity galvos\u016bkis\"}]},{\"@type\":\"WebSite\",\"@id\":\"https:\/\/monti.lt\/#website\",\"url\":\"https:\/\/monti.lt\/\",\"name\":\"Montessori \u017eaislai\",\"description\":\"\",\"publisher\":{\"@id\":\"https:\/\/monti.lt\/#organization\"},\"potentialAction\":[{\"@type\":\"SearchAction\",\"target\":{\"@type\":\"EntryPoint\",\"urlTemplate\":\"https:\/\/monti.lt\/?s={search_term_string}\"},\"query-input\":\"required name=search_term_string\"}],\"inLanguage\":\"en-US\"},{\"@type\":\"Organization\",\"@id\":\"https:\/\/monti.lt\/#organization\",\"name\":\"Montessori \u017eaislai\",\"url\":\"https:\/\/monti.lt\/\",\"logo\":{\"@type\":\"ImageObject\",\"inLanguage\":\"en-US\",\"@id\":\"https:\/\/monti.lt\/#\/schema\/logo\/image\/\",\"url\":\"https:\/\/monti.lt\/wp-content\/uploads\/2022\/03\/montilogo-1.png\",\"contentUrl\":\"https:\/\/monti.lt\/wp-content\/uploads\/2022\/03\/montilogo-1.png\",\"width\":512,\"height\":512,\"caption\":\"Montessori \u017eaislai\"},\"image\":{\"@id\":\"https:\/\/monti.lt\/#\/schema\/logo\/image\/\"}}]}<\/script>\n<!-- \/ Yoast SEO plugin. -->","yoast_head_json":{"title":"Crankity galvos\u016bkis - Montessori \u017eaislai","robots":{"index":"index","follow":"follow","max-snippet":"max-snippet:-1","max-image-preview":"max-image-preview:large","max-video-preview":"max-video-preview:-1"},"canonical":"https:\/\/monti.lt\/en\/product\/crankity-galvosukis\/","og_locale":"en_US","og_type":"article","og_title":"Crankity galvos\u016bkis - Montessori \u017eaislai","og_description":"Tai detali\u0173 jungimo galvos\u016bkis ir d\u0117lion\u0117, kuri juda. Jis gerina kritin\u012f m\u0105stym\u0105, koncentracij\u0105 ir padeda i\u0161mokti lengviau spr\u0119sti u\u017eduotis. Labai tinkamas ilgoms nuobod\u017eioms kelion\u0117ms. Galima pasirinkti vien\u0105 i\u0161 4 sud\u0117tingumo lygi\u0173. Instrukcij\u0105 lietuvi\u0173 kalba galite gauti para\u0161\u0119 el.pa\u0161tu labas@monti.lt.  Am\u017eius: nuo 6 met\u0173","og_url":"https:\/\/monti.lt\/en\/product\/crankity-galvosukis\/","og_site_name":"Montessori \u017eaislai","article_modified_time":"2025-11-30T23:03:17+00:00","og_image":[{"width":645,"height":645,"url":"https:\/\/monti.lt\/wp-content\/uploads\/2025\/10\/b_1_1.jpg","type":"image\/jpeg"}],"twitter_card":"summary_large_image","schema":{"@context":"https:\/\/schema.org","@graph":[{"@type":"WebPage","@id":"https:\/\/monti.lt\/product\/crankity-galvosukis\/","url":"https:\/\/monti.lt\/product\/crankity-galvosukis\/","name":"Crankity galvos\u016bkis - Montessori \u017eaislai","isPartOf":{"@id":"https:\/\/monti.lt\/#website"},"primaryImageOfPage":{"@id":"https:\/\/monti.lt\/product\/crankity-galvosukis\/#primaryimage"},"image":{"@id":"https:\/\/monti.lt\/product\/crankity-galvosukis\/#primaryimage"},"thumbnailUrl":"https:\/\/monti.lt\/wp-content\/uploads\/2025\/10\/b_1_1.jpg","datePublished":"2025-10-22T13:37:55+00:00","dateModified":"2025-11-30T23:03:17+00:00","breadcrumb":{"@id":"https:\/\/monti.lt\/product\/crankity-galvosukis\/#breadcrumb"},"inLanguage":"en-US","potentialAction":[{"@type":"ReadAction","target":["https:\/\/monti.lt\/product\/crankity-galvosukis\/"]}]},{"@type":"ImageObject","inLanguage":"en-US","@id":"https:\/\/monti.lt\/product\/crankity-galvosukis\/#primaryimage","url":"https:\/\/monti.lt\/wp-content\/uploads\/2025\/10\/b_1_1.jpg","contentUrl":"https:\/\/monti.lt\/wp-content\/uploads\/2025\/10\/b_1_1.jpg","width":645,"height":645,"caption":"galvosukis"},{"@type":"BreadcrumbList","@id":"https:\/\/monti.lt\/product\/crankity-galvosukis\/#breadcrumb","itemListElement":[{"@type":"ListItem","position":1,"name":"Home","item":"https:\/\/monti.lt\/"},{"@type":"ListItem","position":2,"name":"Parduotuv\u0117","item":"https:\/\/monti.lt\/shop\/"},{"@type":"ListItem","position":3,"name":"Crankity galvos\u016bkis"}]},{"@type":"WebSite","@id":"https:\/\/monti.lt\/#website","url":"https:\/\/monti.lt\/","name":"Montessori \u017eaislai","description":"","publisher":{"@id":"https:\/\/monti.lt\/#organization"},"potentialAction":[{"@type":"SearchAction","target":{"@type":"EntryPoint","urlTemplate":"https:\/\/monti.lt\/?s={search_term_string}"},"query-input":"required name=search_term_string"}],"inLanguage":"en-US"},{"@type":"Organization","@id":"https:\/\/monti.lt\/#organization","name":"Montessori \u017eaislai","url":"https:\/\/monti.lt\/","logo":{"@type":"ImageObject","inLanguage":"en-US","@id":"https:\/\/monti.lt\/#\/schema\/logo\/image\/","url":"https:\/\/monti.lt\/wp-content\/uploads\/2022\/03\/montilogo-1.png","contentUrl":"https:\/\/monti.lt\/wp-content\/uploads\/2022\/03\/montilogo-1.png","width":512,"height":512,"caption":"Montessori \u017eaislai"},"image":{"@id":"https:\/\/monti.lt\/#\/schema\/logo\/image\/"}}]}},"_links":{"self":[{"href":"https:\/\/monti.lt\/en\/wp-json\/wp\/v2\/product\/34637"}],"collection":[{"href":"https:\/\/monti.lt\/en\/wp-json\/wp\/v2\/product"}],"about":[{"href":"https:\/\/monti.lt\/en\/wp-json\/wp\/v2\/types\/product"}],"version-history":[{"count":2,"href":"https:\/\/monti.lt\/en\/wp-json\/wp\/v2\/product\/34637\/revisions"}],"predecessor-version":[{"id":34642,"href":"https:\/\/monti.lt\/en\/wp-json\/wp\/v2\/product\/34637\/revisions\/34642"}],"wp:featuredmedia":[{"embeddable":true,"href":"https:\/\/monti.lt\/en\/wp-json\/wp\/v2\/media\/34638"}],"wp:attachment":[{"href":"https:\/\/monti.lt\/en\/wp-json\/wp\/v2\/media?parent=34637"}],"wp:term":[{"taxonomy":"product_cat","embeddable":true,"href":"https:\/\/monti.lt\/en\/wp-json\/wp\/v2\/product_cat?post=34637"},{"taxonomy":"product_tag","embeddable":true,"href":"https:\/\/monti.lt\/en\/wp-json\/wp\/v2\/product_tag?post=34637"}],"curies":[{"name":"wp","href":"https:\/\/api.w.org\/{rel}","templated":true}]}}