{"id":34644,"date":"2025-10-22T13:45:44","date_gmt":"2025-10-22T13:45:44","guid":{"rendered":"https:\/\/monti.lt\/?post_type=product&#038;p=34644"},"modified":"2026-02-18T08:14:46","modified_gmt":"2026-02-18T08:14:46","slug":"twangled-aktyvus-zaidimas","status":"publish","type":"product","link":"https:\/\/monti.lt\/en\/product\/twangled-aktyvus-zaidimas\/","title":{"rendered":"Twangled aktyvus \u017eaidimas"},"content":{"rendered":"","protected":false},"excerpt":{"rendered":"<p>Suburkite draugus ir pasiruo\u0161kite aktyviam Twangled \u017eaidimui, kuris sukels daug juoko ir privers Jus pasukti galvas. \u0160is komandos formavimo \u017eaidimas ugdo problem\u0173 sprendimo \u012fg\u016bd\u017eius ir pakels kiekvien\u0105 s\u0117dint\u012f ant sofos!<\/p>\n<p>Nor\u0117dami \u017eaisti, tiesiog paimkite juostas ir stov\u0117kite ratu. Pasukite \u017eaidimo rodykl\u0119 ir laikykit\u0117s nurodym\u0173, perlipti per nurodyt\u0105 juostos spalv\u0105 arba po ja pal\u012fsti. Su kiekvienu pasukimu juostos vis labiau ir labiau susinarplioja. Tuomet ateina laikas susivienyti ir juostas atnarplioti ir gra\u017einti \u012f pradines pozicijas!<\/p>\n<p>8 spalvotos juostos ir suktukas, instrukcija angl\u0173 kalba.<\/p>\n<p>\u017daid\u0117j\u0173 skai\u010dius: 4+<\/p>\n<p>Am\u017eius: nuo 6 met\u0173<\/p>","protected":false},"featured_media":34645,"template":"","meta":{"_acf_changed":false,"iawp_total_views":144},"product_cat":[81,238,199],"product_tag":[98,99],"class_list":{"0":"post-34644","1":"product","2":"type-product","3":"status-publish","4":"has-post-thumbnail","6":"product_cat-kiti-zaislai","7":"product_cat-lauko-zaidimai","8":"product_cat-ugdymo-istaigoms","9":"product_tag-5-m-7-m","10":"product_tag-8-m-11-m","12":"first","13":"outofstock","14":"sale","15":"taxable","16":"shipping-taxable","17":"purchasable","18":"product-type-simple"},"acf":[],"yoast_head":"<!-- This site is optimized with the Yoast SEO plugin v23.3 - https:\/\/yoast.com\/wordpress\/plugins\/seo\/ -->\n<title>Twangled aktyvus \u017eaidimas - Montessori \u017eaislai<\/title>\n<meta name=\"robots\" content=\"index, follow, max-snippet:-1, max-image-preview:large, max-video-preview:-1\" \/>\n<link rel=\"canonical\" href=\"https:\/\/monti.lt\/en\/product\/twangled-aktyvus-zaidimas\/\" \/>\n<meta property=\"og:locale\" content=\"en_US\" \/>\n<meta property=\"og:type\" content=\"article\" \/>\n<meta property=\"og:title\" content=\"Twangled aktyvus \u017eaidimas - Montessori \u017eaislai\" \/>\n<meta property=\"og:description\" content=\"Suburkite draugus ir pasiruo\u0161kite aktyviam Twangled \u017eaidimui, kuris sukels daug juoko ir privers Jus pasukti galvas. \u0160is komandos formavimo \u017eaidimas ugdo problem\u0173 sprendimo \u012fg\u016bd\u017eius ir pakels kiekvien\u0105 s\u0117dint\u012f ant sofos!  Nor\u0117dami \u017eaisti, tiesiog paimkite juostas ir stov\u0117kite ratu. Pasukite \u017eaidimo rodykl\u0119 ir laikykit\u0117s nurodym\u0173, perlipti per nurodyt\u0105 juostos spalv\u0105 arba po ja pal\u012fsti. Su kiekvienu pasukimu juostos vis labiau ir labiau susinarplioja. Tuomet ateina laikas susivienyti ir juostas atnarplioti ir gra\u017einti \u012f pradines pozicijas!  8 spalvotos juostos ir suktukas, instrukcija angl\u0173 kalba.  \u017daid\u0117j\u0173 skai\u010dius: 4+  Am\u017eius: nuo 6 met\u0173\" \/>\n<meta property=\"og:url\" content=\"https:\/\/monti.lt\/en\/product\/twangled-aktyvus-zaidimas\/\" \/>\n<meta property=\"og:site_name\" content=\"Montessori \u017eaislai\" \/>\n<meta property=\"article:modified_time\" content=\"2026-02-18T08:14:46+00:00\" \/>\n<meta property=\"og:image\" content=\"https:\/\/monti.lt\/wp-content\/uploads\/2025\/10\/51s58nijxfl._sl500_ac_ss350_.jpg\" \/>\n\t<meta property=\"og:image:width\" content=\"350\" \/>\n\t<meta property=\"og:image:height\" content=\"350\" \/>\n\t<meta property=\"og:image:type\" content=\"image\/jpeg\" \/>\n<meta name=\"twitter:card\" content=\"summary_large_image\" \/>\n<meta name=\"twitter:label1\" content=\"Est. reading time\" \/>\n\t<meta name=\"twitter:data1\" content=\"1 minute\" \/>\n<script type=\"application\/ld+json\" class=\"yoast-schema-graph\">{\"@context\":\"https:\/\/schema.org\",\"@graph\":[{\"@type\":\"WebPage\",\"@id\":\"https:\/\/monti.lt\/product\/twangled-aktyvus-zaidimas\/\",\"url\":\"https:\/\/monti.lt\/product\/twangled-aktyvus-zaidimas\/\",\"name\":\"Twangled aktyvus \u017eaidimas - Montessori \u017eaislai\",\"isPartOf\":{\"@id\":\"https:\/\/monti.lt\/#website\"},\"primaryImageOfPage\":{\"@id\":\"https:\/\/monti.lt\/product\/twangled-aktyvus-zaidimas\/#primaryimage\"},\"image\":{\"@id\":\"https:\/\/monti.lt\/product\/twangled-aktyvus-zaidimas\/#primaryimage\"},\"thumbnailUrl\":\"https:\/\/monti.lt\/wp-content\/uploads\/2025\/10\/51s58nijxfl._sl500_ac_ss350_.jpg\",\"datePublished\":\"2025-10-22T13:45:44+00:00\",\"dateModified\":\"2026-02-18T08:14:46+00:00\",\"breadcrumb\":{\"@id\":\"https:\/\/monti.lt\/product\/twangled-aktyvus-zaidimas\/#breadcrumb\"},\"inLanguage\":\"en-US\",\"potentialAction\":[{\"@type\":\"ReadAction\",\"target\":[\"https:\/\/monti.lt\/product\/twangled-aktyvus-zaidimas\/\"]}]},{\"@type\":\"ImageObject\",\"inLanguage\":\"en-US\",\"@id\":\"https:\/\/monti.lt\/product\/twangled-aktyvus-zaidimas\/#primaryimage\",\"url\":\"https:\/\/monti.lt\/wp-content\/uploads\/2025\/10\/51s58nijxfl._sl500_ac_ss350_.jpg\",\"contentUrl\":\"https:\/\/monti.lt\/wp-content\/uploads\/2025\/10\/51s58nijxfl._sl500_ac_ss350_.jpg\",\"width\":350,\"height\":350},{\"@type\":\"BreadcrumbList\",\"@id\":\"https:\/\/monti.lt\/product\/twangled-aktyvus-zaidimas\/#breadcrumb\",\"itemListElement\":[{\"@type\":\"ListItem\",\"position\":1,\"name\":\"Home\",\"item\":\"https:\/\/monti.lt\/\"},{\"@type\":\"ListItem\",\"position\":2,\"name\":\"Parduotuv\u0117\",\"item\":\"https:\/\/monti.lt\/shop\/\"},{\"@type\":\"ListItem\",\"position\":3,\"name\":\"Twangled aktyvus \u017eaidimas\"}]},{\"@type\":\"WebSite\",\"@id\":\"https:\/\/monti.lt\/#website\",\"url\":\"https:\/\/monti.lt\/\",\"name\":\"Montessori \u017eaislai\",\"description\":\"\",\"publisher\":{\"@id\":\"https:\/\/monti.lt\/#organization\"},\"potentialAction\":[{\"@type\":\"SearchAction\",\"target\":{\"@type\":\"EntryPoint\",\"urlTemplate\":\"https:\/\/monti.lt\/?s={search_term_string}\"},\"query-input\":\"required name=search_term_string\"}],\"inLanguage\":\"en-US\"},{\"@type\":\"Organization\",\"@id\":\"https:\/\/monti.lt\/#organization\",\"name\":\"Montessori \u017eaislai\",\"url\":\"https:\/\/monti.lt\/\",\"logo\":{\"@type\":\"ImageObject\",\"inLanguage\":\"en-US\",\"@id\":\"https:\/\/monti.lt\/#\/schema\/logo\/image\/\",\"url\":\"https:\/\/monti.lt\/wp-content\/uploads\/2022\/03\/montilogo-1.png\",\"contentUrl\":\"https:\/\/monti.lt\/wp-content\/uploads\/2022\/03\/montilogo-1.png\",\"width\":512,\"height\":512,\"caption\":\"Montessori \u017eaislai\"},\"image\":{\"@id\":\"https:\/\/monti.lt\/#\/schema\/logo\/image\/\"}}]}<\/script>\n<!-- \/ Yoast SEO plugin. -->","yoast_head_json":{"title":"Twangled aktyvus \u017eaidimas - Montessori \u017eaislai","robots":{"index":"index","follow":"follow","max-snippet":"max-snippet:-1","max-image-preview":"max-image-preview:large","max-video-preview":"max-video-preview:-1"},"canonical":"https:\/\/monti.lt\/en\/product\/twangled-aktyvus-zaidimas\/","og_locale":"en_US","og_type":"article","og_title":"Twangled aktyvus \u017eaidimas - Montessori \u017eaislai","og_description":"Suburkite draugus ir pasiruo\u0161kite aktyviam Twangled \u017eaidimui, kuris sukels daug juoko ir privers Jus pasukti galvas. \u0160is komandos formavimo \u017eaidimas ugdo problem\u0173 sprendimo \u012fg\u016bd\u017eius ir pakels kiekvien\u0105 s\u0117dint\u012f ant sofos!  Nor\u0117dami \u017eaisti, tiesiog paimkite juostas ir stov\u0117kite ratu. Pasukite \u017eaidimo rodykl\u0119 ir laikykit\u0117s nurodym\u0173, perlipti per nurodyt\u0105 juostos spalv\u0105 arba po ja pal\u012fsti. Su kiekvienu pasukimu juostos vis labiau ir labiau susinarplioja. Tuomet ateina laikas susivienyti ir juostas atnarplioti ir gra\u017einti \u012f pradines pozicijas!  8 spalvotos juostos ir suktukas, instrukcija angl\u0173 kalba.  \u017daid\u0117j\u0173 skai\u010dius: 4+  Am\u017eius: nuo 6 met\u0173","og_url":"https:\/\/monti.lt\/en\/product\/twangled-aktyvus-zaidimas\/","og_site_name":"Montessori \u017eaislai","article_modified_time":"2026-02-18T08:14:46+00:00","og_image":[{"width":350,"height":350,"url":"https:\/\/monti.lt\/wp-content\/uploads\/2025\/10\/51s58nijxfl._sl500_ac_ss350_.jpg","type":"image\/jpeg"}],"twitter_card":"summary_large_image","twitter_misc":{"Est. reading time":"1 minute"},"schema":{"@context":"https:\/\/schema.org","@graph":[{"@type":"WebPage","@id":"https:\/\/monti.lt\/product\/twangled-aktyvus-zaidimas\/","url":"https:\/\/monti.lt\/product\/twangled-aktyvus-zaidimas\/","name":"Twangled aktyvus \u017eaidimas - Montessori \u017eaislai","isPartOf":{"@id":"https:\/\/monti.lt\/#website"},"primaryImageOfPage":{"@id":"https:\/\/monti.lt\/product\/twangled-aktyvus-zaidimas\/#primaryimage"},"image":{"@id":"https:\/\/monti.lt\/product\/twangled-aktyvus-zaidimas\/#primaryimage"},"thumbnailUrl":"https:\/\/monti.lt\/wp-content\/uploads\/2025\/10\/51s58nijxfl._sl500_ac_ss350_.jpg","datePublished":"2025-10-22T13:45:44+00:00","dateModified":"2026-02-18T08:14:46+00:00","breadcrumb":{"@id":"https:\/\/monti.lt\/product\/twangled-aktyvus-zaidimas\/#breadcrumb"},"inLanguage":"en-US","potentialAction":[{"@type":"ReadAction","target":["https:\/\/monti.lt\/product\/twangled-aktyvus-zaidimas\/"]}]},{"@type":"ImageObject","inLanguage":"en-US","@id":"https:\/\/monti.lt\/product\/twangled-aktyvus-zaidimas\/#primaryimage","url":"https:\/\/monti.lt\/wp-content\/uploads\/2025\/10\/51s58nijxfl._sl500_ac_ss350_.jpg","contentUrl":"https:\/\/monti.lt\/wp-content\/uploads\/2025\/10\/51s58nijxfl._sl500_ac_ss350_.jpg","width":350,"height":350},{"@type":"BreadcrumbList","@id":"https:\/\/monti.lt\/product\/twangled-aktyvus-zaidimas\/#breadcrumb","itemListElement":[{"@type":"ListItem","position":1,"name":"Home","item":"https:\/\/monti.lt\/"},{"@type":"ListItem","position":2,"name":"Parduotuv\u0117","item":"https:\/\/monti.lt\/shop\/"},{"@type":"ListItem","position":3,"name":"Twangled aktyvus \u017eaidimas"}]},{"@type":"WebSite","@id":"https:\/\/monti.lt\/#website","url":"https:\/\/monti.lt\/","name":"Montessori \u017eaislai","description":"","publisher":{"@id":"https:\/\/monti.lt\/#organization"},"potentialAction":[{"@type":"SearchAction","target":{"@type":"EntryPoint","urlTemplate":"https:\/\/monti.lt\/?s={search_term_string}"},"query-input":"required name=search_term_string"}],"inLanguage":"en-US"},{"@type":"Organization","@id":"https:\/\/monti.lt\/#organization","name":"Montessori \u017eaislai","url":"https:\/\/monti.lt\/","logo":{"@type":"ImageObject","inLanguage":"en-US","@id":"https:\/\/monti.lt\/#\/schema\/logo\/image\/","url":"https:\/\/monti.lt\/wp-content\/uploads\/2022\/03\/montilogo-1.png","contentUrl":"https:\/\/monti.lt\/wp-content\/uploads\/2022\/03\/montilogo-1.png","width":512,"height":512,"caption":"Montessori \u017eaislai"},"image":{"@id":"https:\/\/monti.lt\/#\/schema\/logo\/image\/"}}]}},"_links":{"self":[{"href":"https:\/\/monti.lt\/en\/wp-json\/wp\/v2\/product\/34644"}],"collection":[{"href":"https:\/\/monti.lt\/en\/wp-json\/wp\/v2\/product"}],"about":[{"href":"https:\/\/monti.lt\/en\/wp-json\/wp\/v2\/types\/product"}],"version-history":[{"count":2,"href":"https:\/\/monti.lt\/en\/wp-json\/wp\/v2\/product\/34644\/revisions"}],"predecessor-version":[{"id":34649,"href":"https:\/\/monti.lt\/en\/wp-json\/wp\/v2\/product\/34644\/revisions\/34649"}],"wp:featuredmedia":[{"embeddable":true,"href":"https:\/\/monti.lt\/en\/wp-json\/wp\/v2\/media\/34645"}],"wp:attachment":[{"href":"https:\/\/monti.lt\/en\/wp-json\/wp\/v2\/media?parent=34644"}],"wp:term":[{"taxonomy":"product_cat","embeddable":true,"href":"https:\/\/monti.lt\/en\/wp-json\/wp\/v2\/product_cat?post=34644"},{"taxonomy":"product_tag","embeddable":true,"href":"https:\/\/monti.lt\/en\/wp-json\/wp\/v2\/product_tag?post=34644"}],"curies":[{"name":"wp","href":"https:\/\/api.w.org\/{rel}","templated":true}]}}