{"id":34664,"date":"2025-10-23T08:00:33","date_gmt":"2025-10-23T08:00:33","guid":{"rendered":"https:\/\/monti.lt\/?post_type=product&#038;p=34664"},"modified":"2026-03-20T08:50:47","modified_gmt":"2026-03-20T08:50:47","slug":"vaikiska-nerudijancio-plieno-gertuve-zebras-350-ml","status":"publish","type":"product","link":"https:\/\/monti.lt\/en\/product\/vaikiska-nerudijancio-plieno-gertuve-zebras-350-ml\/","title":{"rendered":"Vaiki\u0161ka ner\u016bdijan\u010dio plieno gertuv\u0117 &#8220;Zebras&#8221; (350 ml)"},"content":{"rendered":"<h3 class=\"wp-block-heading\"><strong>Vaiki\u0161ka ner\u016bdijan\u010dio plieno gertuv\u0117 su zebru (350 ml) \u2013 NOUINOU<\/strong><\/h3>\n\n\n\n<p>\u017daisminga&nbsp;<strong>NOUINOU<\/strong>&nbsp;vaiki\u0161ka gertuv\u0117 su li\u016bto pie\u0161iniu taps i\u0161tikimu ma\u017eylio palydovu kiekvien\u0105 dien\u0105 \u2013 dar\u017eelyje, kelion\u0117je ar pasivaik\u0161\u010diojim\u0173 metu. Pagaminta i\u0161&nbsp;<strong>auk\u0161tos kokyb\u0117s ner\u016bdijan\u010dio plieno<\/strong>, tod\u0117l yra visi\u0161kai&nbsp;<strong>saugi vaik\u0173 sveikatai ir dantukams<\/strong>&nbsp;\u2013 be BPA, ftalat\u0173 ir kit\u0173 kenksming\u0173 med\u017eiag\u0173.<\/p>\n\n\n\n<p>\u0160i gertuv\u0117 turi&nbsp;<strong>\u0161veln\u0173, saug\u0173 kandimui silikonin\u012f snapel\u012f<\/strong>, tod\u0117l ma\u017eylis gali gerti patogiai ir be jokios rizikos pa\u017eeisti dantukus. Sandarus dangtelis neleid\u017eia skys\u010diui i\u0161silieti, tad gertuv\u0117 puikiai tinka tiek namuose, tiek kelion\u0117se.<\/p>\n\n\n\n<p>\ud83d\udc9b&nbsp;<strong>Kod\u0117l verta rinktis NOUINOU gertuv\u0119:<\/strong><\/p>\n\n\n\n<ul class=\"wp-block-list\">\n<li>Pagaminta i\u0161\u00a0<strong>ner\u016bdijan\u010dio plieno (304 klas\u0117s)<\/strong>\u00a0\u2013 patvari, ilgaam\u017e\u0117 ir lengvai valoma.<\/li>\n\n\n\n<li><strong>Silikoninis snapelis<\/strong>\u00a0\u2013 \u0161velnus, saugus kandimui.<\/li>\n\n\n\n<li><strong>Be BPA ir ftalat\u0173<\/strong>\u00a0\u2013 tik saugios, sertifikuotos med\u017eiagos.<\/li>\n\n\n\n<li><strong>Sandarus u\u017edarymas<\/strong>\u00a0\u2013 joki\u0173 i\u0161siliejim\u0173 kuprin\u0117je.<\/li>\n\n\n\n<li><strong>350 ml talpa<\/strong>\u00a0\u2013 tobulas dydis ma\u017eoms rankyt\u0117ms.<\/li>\n\n\n\n<li>\u017davingas\u00a0<strong>zebro pie\u0161inys<\/strong>\u00a0\u2013 \u012fkvepia d\u017eiaugsmui ir \u017eaidimui kasdien.<\/li>\n<\/ul>\n\n\n\n<p>Tobulas pasirinkimas t\u0117vams, vertinantiems&nbsp;<strong>saugum\u0105, kokyb\u0119 ir tvari\u0105 estetik\u0105<\/strong>. NOUINOU \u2013 prek\u0117s \u017eenklas, kuriantis ilgaam\u017eius ir vaikams draugi\u0161kus daiktus su \u0161irdimi \ud83d\udc9b<\/p>","protected":false},"excerpt":{"rendered":"<p>Vaiki\u0161ka ner\u016bdijan\u010dio plieno gertuv\u0117 su zebru (350 ml) \u2013 NOUINOU \u017daisminga&nbsp;NOUINOU&nbsp;vaiki\u0161ka gertuv\u0117 su li\u016bto pie\u0161iniu taps i\u0161tikimu ma\u017eylio palydovu kiekvien\u0105 dien\u0105 \u2013 dar\u017eelyje, kelion\u0117je ar pasivaik\u0161\u010diojim\u0173 metu. Pagaminta i\u0161&nbsp;auk\u0161tos kokyb\u0117s ner\u016bdijan\u010dio plieno, tod\u0117l yra visi\u0161kai&nbsp;saugi vaik\u0173 sveikatai ir dantukams&nbsp;\u2013 be BPA, ftalat\u0173 ir kit\u0173 kenksming\u0173 med\u017eiag\u0173. \u0160i gertuv\u0117 turi&nbsp;\u0161veln\u0173, saug\u0173 kandimui silikonin\u012f snapel\u012f, tod\u0117l ma\u017eylis [&hellip;]<\/p>","protected":false},"featured_media":34665,"template":"","meta":{"_acf_changed":false,"iawp_total_views":79},"product_cat":[213,194,195,191,82,263,242,257,258],"product_tag":[97,98,99],"class_list":{"0":"post-34664","1":"product","2":"type-product","3":"status-publish","4":"has-post-thumbnail","6":"product_cat-akcija","7":"product_cat-dovanos-vaikams-2-3-metu","8":"product_cat-dovanos-vaikams-3-4-metu","9":"product_cat-dovanos-vaikams","10":"product_cat-ispardavimas","11":"product_cat-noui-noui","12":"product_cat-pagal-gamintoja","13":"product_cat-vaiku-prieziura","14":"product_cat-virtuves-irankiai-vaikams","15":"product_tag-3-m-4-m","16":"product_tag-5-m-7-m","17":"product_tag-8-m-11-m","19":"first","20":"instock","21":"sale","22":"taxable","23":"shipping-taxable","24":"purchasable","25":"product-type-simple"},"acf":[],"yoast_head":"<!-- This site is optimized with the Yoast SEO plugin v23.3 - https:\/\/yoast.com\/wordpress\/plugins\/seo\/ -->\n<title>Vaiki\u0161ka ner\u016bdijan\u010dio plieno gertuv\u0117 &quot;Zebras&quot; (350 ml) - Montessori \u017eaislai<\/title>\n<meta name=\"robots\" content=\"index, follow, max-snippet:-1, max-image-preview:large, max-video-preview:-1\" \/>\n<link rel=\"canonical\" href=\"https:\/\/monti.lt\/en\/product\/vaikiska-nerudijancio-plieno-gertuve-zebras-350-ml\/\" \/>\n<meta property=\"og:locale\" content=\"en_US\" \/>\n<meta property=\"og:type\" content=\"article\" \/>\n<meta property=\"og:title\" content=\"Vaiki\u0161ka ner\u016bdijan\u010dio plieno gertuv\u0117 &quot;Zebras&quot; (350 ml) - Montessori \u017eaislai\" \/>\n<meta property=\"og:description\" content=\"Vaiki\u0161ka ner\u016bdijan\u010dio plieno gertuv\u0117 su zebru (350 ml) \u2013 NOUINOU \u017daisminga&nbsp;NOUINOU&nbsp;vaiki\u0161ka gertuv\u0117 su li\u016bto pie\u0161iniu taps i\u0161tikimu ma\u017eylio palydovu kiekvien\u0105 dien\u0105 \u2013 dar\u017eelyje, kelion\u0117je ar pasivaik\u0161\u010diojim\u0173 metu. Pagaminta i\u0161&nbsp;auk\u0161tos kokyb\u0117s ner\u016bdijan\u010dio plieno, tod\u0117l yra visi\u0161kai&nbsp;saugi vaik\u0173 sveikatai ir dantukams&nbsp;\u2013 be BPA, ftalat\u0173 ir kit\u0173 kenksming\u0173 med\u017eiag\u0173. \u0160i gertuv\u0117 turi&nbsp;\u0161veln\u0173, saug\u0173 kandimui silikonin\u012f snapel\u012f, tod\u0117l ma\u017eylis [&hellip;]\" \/>\n<meta property=\"og:url\" content=\"https:\/\/monti.lt\/en\/product\/vaikiska-nerudijancio-plieno-gertuve-zebras-350-ml\/\" \/>\n<meta property=\"og:site_name\" content=\"Montessori \u017eaislai\" \/>\n<meta property=\"article:modified_time\" content=\"2026-03-20T08:50:47+00:00\" \/>\n<meta property=\"og:image\" content=\"https:\/\/monti.lt\/wp-content\/uploads\/2025\/10\/noui-noui-water-bottle-front-zebra.jpg.webp\" \/>\n\t<meta property=\"og:image:width\" content=\"1200\" \/>\n\t<meta property=\"og:image:height\" content=\"1500\" \/>\n\t<meta property=\"og:image:type\" content=\"image\/webp\" \/>\n<meta name=\"twitter:card\" content=\"summary_large_image\" \/>\n<meta name=\"twitter:label1\" content=\"Est. reading time\" \/>\n\t<meta name=\"twitter:data1\" content=\"2 minutes\" \/>\n<script type=\"application\/ld+json\" class=\"yoast-schema-graph\">{\"@context\":\"https:\/\/schema.org\",\"@graph\":[{\"@type\":\"WebPage\",\"@id\":\"https:\/\/monti.lt\/product\/vaikiska-nerudijancio-plieno-gertuve-zebras-350-ml\/\",\"url\":\"https:\/\/monti.lt\/product\/vaikiska-nerudijancio-plieno-gertuve-zebras-350-ml\/\",\"name\":\"Vaiki\u0161ka ner\u016bdijan\u010dio plieno gertuv\u0117 \\\"Zebras\\\" (350 ml) - Montessori \u017eaislai\",\"isPartOf\":{\"@id\":\"https:\/\/monti.lt\/#website\"},\"primaryImageOfPage\":{\"@id\":\"https:\/\/monti.lt\/product\/vaikiska-nerudijancio-plieno-gertuve-zebras-350-ml\/#primaryimage\"},\"image\":{\"@id\":\"https:\/\/monti.lt\/product\/vaikiska-nerudijancio-plieno-gertuve-zebras-350-ml\/#primaryimage\"},\"thumbnailUrl\":\"https:\/\/monti.lt\/wp-content\/uploads\/2025\/10\/noui-noui-water-bottle-front-zebra.jpg.webp\",\"datePublished\":\"2025-10-23T08:00:33+00:00\",\"dateModified\":\"2026-03-20T08:50:47+00:00\",\"breadcrumb\":{\"@id\":\"https:\/\/monti.lt\/product\/vaikiska-nerudijancio-plieno-gertuve-zebras-350-ml\/#breadcrumb\"},\"inLanguage\":\"en-US\",\"potentialAction\":[{\"@type\":\"ReadAction\",\"target\":[\"https:\/\/monti.lt\/product\/vaikiska-nerudijancio-plieno-gertuve-zebras-350-ml\/\"]}]},{\"@type\":\"ImageObject\",\"inLanguage\":\"en-US\",\"@id\":\"https:\/\/monti.lt\/product\/vaikiska-nerudijancio-plieno-gertuve-zebras-350-ml\/#primaryimage\",\"url\":\"https:\/\/monti.lt\/wp-content\/uploads\/2025\/10\/noui-noui-water-bottle-front-zebra.jpg.webp\",\"contentUrl\":\"https:\/\/monti.lt\/wp-content\/uploads\/2025\/10\/noui-noui-water-bottle-front-zebra.jpg.webp\",\"width\":1200,\"height\":1500,\"caption\":\"noui noui gertuve\"},{\"@type\":\"BreadcrumbList\",\"@id\":\"https:\/\/monti.lt\/product\/vaikiska-nerudijancio-plieno-gertuve-zebras-350-ml\/#breadcrumb\",\"itemListElement\":[{\"@type\":\"ListItem\",\"position\":1,\"name\":\"Home\",\"item\":\"https:\/\/monti.lt\/\"},{\"@type\":\"ListItem\",\"position\":2,\"name\":\"Parduotuv\u0117\",\"item\":\"https:\/\/monti.lt\/shop\/\"},{\"@type\":\"ListItem\",\"position\":3,\"name\":\"Vaiki\u0161ka ner\u016bdijan\u010dio plieno gertuv\u0117 &#8220;Zebras&#8221; (350 ml)\"}]},{\"@type\":\"WebSite\",\"@id\":\"https:\/\/monti.lt\/#website\",\"url\":\"https:\/\/monti.lt\/\",\"name\":\"Montessori \u017eaislai\",\"description\":\"\",\"publisher\":{\"@id\":\"https:\/\/monti.lt\/#organization\"},\"potentialAction\":[{\"@type\":\"SearchAction\",\"target\":{\"@type\":\"EntryPoint\",\"urlTemplate\":\"https:\/\/monti.lt\/?s={search_term_string}\"},\"query-input\":\"required name=search_term_string\"}],\"inLanguage\":\"en-US\"},{\"@type\":\"Organization\",\"@id\":\"https:\/\/monti.lt\/#organization\",\"name\":\"Montessori \u017eaislai\",\"url\":\"https:\/\/monti.lt\/\",\"logo\":{\"@type\":\"ImageObject\",\"inLanguage\":\"en-US\",\"@id\":\"https:\/\/monti.lt\/#\/schema\/logo\/image\/\",\"url\":\"https:\/\/monti.lt\/wp-content\/uploads\/2022\/03\/montilogo-1.png\",\"contentUrl\":\"https:\/\/monti.lt\/wp-content\/uploads\/2022\/03\/montilogo-1.png\",\"width\":512,\"height\":512,\"caption\":\"Montessori \u017eaislai\"},\"image\":{\"@id\":\"https:\/\/monti.lt\/#\/schema\/logo\/image\/\"}}]}<\/script>\n<!-- \/ Yoast SEO plugin. -->","yoast_head_json":{"title":"Vaiki\u0161ka ner\u016bdijan\u010dio plieno gertuv\u0117 \"Zebras\" (350 ml) - Montessori \u017eaislai","robots":{"index":"index","follow":"follow","max-snippet":"max-snippet:-1","max-image-preview":"max-image-preview:large","max-video-preview":"max-video-preview:-1"},"canonical":"https:\/\/monti.lt\/en\/product\/vaikiska-nerudijancio-plieno-gertuve-zebras-350-ml\/","og_locale":"en_US","og_type":"article","og_title":"Vaiki\u0161ka ner\u016bdijan\u010dio plieno gertuv\u0117 \"Zebras\" (350 ml) - Montessori \u017eaislai","og_description":"Vaiki\u0161ka ner\u016bdijan\u010dio plieno gertuv\u0117 su zebru (350 ml) \u2013 NOUINOU \u017daisminga&nbsp;NOUINOU&nbsp;vaiki\u0161ka gertuv\u0117 su li\u016bto pie\u0161iniu taps i\u0161tikimu ma\u017eylio palydovu kiekvien\u0105 dien\u0105 \u2013 dar\u017eelyje, kelion\u0117je ar pasivaik\u0161\u010diojim\u0173 metu. Pagaminta i\u0161&nbsp;auk\u0161tos kokyb\u0117s ner\u016bdijan\u010dio plieno, tod\u0117l yra visi\u0161kai&nbsp;saugi vaik\u0173 sveikatai ir dantukams&nbsp;\u2013 be BPA, ftalat\u0173 ir kit\u0173 kenksming\u0173 med\u017eiag\u0173. \u0160i gertuv\u0117 turi&nbsp;\u0161veln\u0173, saug\u0173 kandimui silikonin\u012f snapel\u012f, tod\u0117l ma\u017eylis [&hellip;]","og_url":"https:\/\/monti.lt\/en\/product\/vaikiska-nerudijancio-plieno-gertuve-zebras-350-ml\/","og_site_name":"Montessori \u017eaislai","article_modified_time":"2026-03-20T08:50:47+00:00","og_image":[{"width":1200,"height":1500,"url":"https:\/\/monti.lt\/wp-content\/uploads\/2025\/10\/noui-noui-water-bottle-front-zebra.jpg.webp","type":"image\/webp"}],"twitter_card":"summary_large_image","twitter_misc":{"Est. reading time":"2 minutes"},"schema":{"@context":"https:\/\/schema.org","@graph":[{"@type":"WebPage","@id":"https:\/\/monti.lt\/product\/vaikiska-nerudijancio-plieno-gertuve-zebras-350-ml\/","url":"https:\/\/monti.lt\/product\/vaikiska-nerudijancio-plieno-gertuve-zebras-350-ml\/","name":"Vaiki\u0161ka ner\u016bdijan\u010dio plieno gertuv\u0117 \"Zebras\" (350 ml) - Montessori \u017eaislai","isPartOf":{"@id":"https:\/\/monti.lt\/#website"},"primaryImageOfPage":{"@id":"https:\/\/monti.lt\/product\/vaikiska-nerudijancio-plieno-gertuve-zebras-350-ml\/#primaryimage"},"image":{"@id":"https:\/\/monti.lt\/product\/vaikiska-nerudijancio-plieno-gertuve-zebras-350-ml\/#primaryimage"},"thumbnailUrl":"https:\/\/monti.lt\/wp-content\/uploads\/2025\/10\/noui-noui-water-bottle-front-zebra.jpg.webp","datePublished":"2025-10-23T08:00:33+00:00","dateModified":"2026-03-20T08:50:47+00:00","breadcrumb":{"@id":"https:\/\/monti.lt\/product\/vaikiska-nerudijancio-plieno-gertuve-zebras-350-ml\/#breadcrumb"},"inLanguage":"en-US","potentialAction":[{"@type":"ReadAction","target":["https:\/\/monti.lt\/product\/vaikiska-nerudijancio-plieno-gertuve-zebras-350-ml\/"]}]},{"@type":"ImageObject","inLanguage":"en-US","@id":"https:\/\/monti.lt\/product\/vaikiska-nerudijancio-plieno-gertuve-zebras-350-ml\/#primaryimage","url":"https:\/\/monti.lt\/wp-content\/uploads\/2025\/10\/noui-noui-water-bottle-front-zebra.jpg.webp","contentUrl":"https:\/\/monti.lt\/wp-content\/uploads\/2025\/10\/noui-noui-water-bottle-front-zebra.jpg.webp","width":1200,"height":1500,"caption":"noui noui gertuve"},{"@type":"BreadcrumbList","@id":"https:\/\/monti.lt\/product\/vaikiska-nerudijancio-plieno-gertuve-zebras-350-ml\/#breadcrumb","itemListElement":[{"@type":"ListItem","position":1,"name":"Home","item":"https:\/\/monti.lt\/"},{"@type":"ListItem","position":2,"name":"Parduotuv\u0117","item":"https:\/\/monti.lt\/shop\/"},{"@type":"ListItem","position":3,"name":"Vaiki\u0161ka ner\u016bdijan\u010dio plieno gertuv\u0117 &#8220;Zebras&#8221; (350 ml)"}]},{"@type":"WebSite","@id":"https:\/\/monti.lt\/#website","url":"https:\/\/monti.lt\/","name":"Montessori \u017eaislai","description":"","publisher":{"@id":"https:\/\/monti.lt\/#organization"},"potentialAction":[{"@type":"SearchAction","target":{"@type":"EntryPoint","urlTemplate":"https:\/\/monti.lt\/?s={search_term_string}"},"query-input":"required name=search_term_string"}],"inLanguage":"en-US"},{"@type":"Organization","@id":"https:\/\/monti.lt\/#organization","name":"Montessori \u017eaislai","url":"https:\/\/monti.lt\/","logo":{"@type":"ImageObject","inLanguage":"en-US","@id":"https:\/\/monti.lt\/#\/schema\/logo\/image\/","url":"https:\/\/monti.lt\/wp-content\/uploads\/2022\/03\/montilogo-1.png","contentUrl":"https:\/\/monti.lt\/wp-content\/uploads\/2022\/03\/montilogo-1.png","width":512,"height":512,"caption":"Montessori \u017eaislai"},"image":{"@id":"https:\/\/monti.lt\/#\/schema\/logo\/image\/"}}]}},"_links":{"self":[{"href":"https:\/\/monti.lt\/en\/wp-json\/wp\/v2\/product\/34664"}],"collection":[{"href":"https:\/\/monti.lt\/en\/wp-json\/wp\/v2\/product"}],"about":[{"href":"https:\/\/monti.lt\/en\/wp-json\/wp\/v2\/types\/product"}],"version-history":[{"count":1,"href":"https:\/\/monti.lt\/en\/wp-json\/wp\/v2\/product\/34664\/revisions"}],"predecessor-version":[{"id":34666,"href":"https:\/\/monti.lt\/en\/wp-json\/wp\/v2\/product\/34664\/revisions\/34666"}],"wp:featuredmedia":[{"embeddable":true,"href":"https:\/\/monti.lt\/en\/wp-json\/wp\/v2\/media\/34665"}],"wp:attachment":[{"href":"https:\/\/monti.lt\/en\/wp-json\/wp\/v2\/media?parent=34664"}],"wp:term":[{"taxonomy":"product_cat","embeddable":true,"href":"https:\/\/monti.lt\/en\/wp-json\/wp\/v2\/product_cat?post=34664"},{"taxonomy":"product_tag","embeddable":true,"href":"https:\/\/monti.lt\/en\/wp-json\/wp\/v2\/product_tag?post=34664"}],"curies":[{"name":"wp","href":"https:\/\/api.w.org\/{rel}","templated":true}]}}