{"id":34691,"date":"2025-10-23T08:12:27","date_gmt":"2025-10-23T08:12:27","guid":{"rendered":"https:\/\/monti.lt\/?post_type=product&#038;p=34691"},"modified":"2026-03-20T08:50:27","modified_gmt":"2026-03-20T08:50:27","slug":"vaikiska-nerudijancio-plieno-gertuve-su-liutas-350-ml","status":"publish","type":"product","link":"https:\/\/monti.lt\/en\/product\/vaikiska-nerudijancio-plieno-gertuve-su-liutas-350-ml\/","title":{"rendered":"Vaiki\u0161ka ner\u016bdijan\u010dio plieno gertuv\u0117 su &#8220;Li\u016btas&#8221; (350 ml)"},"content":{"rendered":"<p>M\u016bs\u0173 350 ml talpos ner\u016bdijan\u010dio plieno vandens butelis, skirtas ikimokyklinio am\u017eiaus ir mokyklinio am\u017eiaus vaikams. Be \u0161iaudelio, tod\u0117l higieni\u0161kas ir lengvai valomas, nesandarus, galima plauti indaplov\u0117je. Ideali pasirinkimas aktyviems vaikams, kurie daug juda. Galima rinktis i\u0161 5 stili\u0173.<\/p>\n\n\n\n<p>Galima plauti indaplov\u0117je.<br>100 % nesandarus.<br>Be \u0161iaudelio higienos sumetimais ir lengvai valomas.<br>Tinka gazuotiems g\u0117rimams.<br>Auk\u0161tos kokyb\u0117s plienas 18\/10.<br>Be BPA ir ftalat\u0173.<br>Sukurta ikimokyklinio am\u017eiaus ir mokyklinio am\u017eiaus vaikams.<\/p>","protected":false},"excerpt":{"rendered":"<p>M\u016bs\u0173 350 ml talpos ner\u016bdijan\u010dio plieno vandens butelis, skirtas ikimokyklinio am\u017eiaus ir mokyklinio am\u017eiaus vaikams. Be \u0161iaudelio, tod\u0117l higieni\u0161kas ir lengvai valomas, nesandarus, galima plauti indaplov\u0117je. Ideali pasirinkimas aktyviems vaikams, kurie daug juda. Galima rinktis i\u0161 5 stili\u0173. Galima plauti indaplov\u0117je.100 % nesandarus.Be \u0161iaudelio higienos sumetimais ir lengvai valomas.Tinka gazuotiems g\u0117rimams.Auk\u0161tos kokyb\u0117s plienas 18\/10.Be BPA [&hellip;]<\/p>","protected":false},"featured_media":34692,"template":"","meta":{"_acf_changed":false,"iawp_total_views":138},"product_cat":[213,195,216,191,82,263,257,258],"product_tag":[97,98,99],"class_list":{"0":"post-34691","1":"product","2":"type-product","3":"status-publish","4":"has-post-thumbnail","6":"product_cat-akcija","7":"product_cat-dovanos-vaikams-3-4-metu","8":"product_cat-dovanos-4-5-metu-vaikams","9":"product_cat-dovanos-vaikams","10":"product_cat-ispardavimas","11":"product_cat-noui-noui","12":"product_cat-vaiku-prieziura","13":"product_cat-virtuves-irankiai-vaikams","14":"product_tag-3-m-4-m","15":"product_tag-5-m-7-m","16":"product_tag-8-m-11-m","18":"first","19":"instock","20":"sale","21":"taxable","22":"shipping-taxable","23":"purchasable","24":"product-type-simple"},"acf":[],"yoast_head":"<!-- This site is optimized with the Yoast SEO plugin v23.3 - https:\/\/yoast.com\/wordpress\/plugins\/seo\/ -->\n<title>Vaiki\u0161ka ner\u016bdijan\u010dio plieno gertuv\u0117 su &quot;Li\u016btas&quot; (350 ml) - Montessori \u017eaislai<\/title>\n<meta name=\"robots\" content=\"index, follow, max-snippet:-1, max-image-preview:large, max-video-preview:-1\" \/>\n<link rel=\"canonical\" href=\"https:\/\/monti.lt\/en\/product\/vaikiska-nerudijancio-plieno-gertuve-su-liutas-350-ml\/\" \/>\n<meta property=\"og:locale\" content=\"en_US\" \/>\n<meta property=\"og:type\" content=\"article\" \/>\n<meta property=\"og:title\" content=\"Vaiki\u0161ka ner\u016bdijan\u010dio plieno gertuv\u0117 su &quot;Li\u016btas&quot; (350 ml) - Montessori \u017eaislai\" \/>\n<meta property=\"og:description\" content=\"M\u016bs\u0173 350 ml talpos ner\u016bdijan\u010dio plieno vandens butelis, skirtas ikimokyklinio am\u017eiaus ir mokyklinio am\u017eiaus vaikams. Be \u0161iaudelio, tod\u0117l higieni\u0161kas ir lengvai valomas, nesandarus, galima plauti indaplov\u0117je. Ideali pasirinkimas aktyviems vaikams, kurie daug juda. Galima rinktis i\u0161 5 stili\u0173. Galima plauti indaplov\u0117je.100 % nesandarus.Be \u0161iaudelio higienos sumetimais ir lengvai valomas.Tinka gazuotiems g\u0117rimams.Auk\u0161tos kokyb\u0117s plienas 18\/10.Be BPA [&hellip;]\" \/>\n<meta property=\"og:url\" content=\"https:\/\/monti.lt\/en\/product\/vaikiska-nerudijancio-plieno-gertuve-su-liutas-350-ml\/\" \/>\n<meta property=\"og:site_name\" content=\"Montessori \u017eaislai\" \/>\n<meta property=\"article:modified_time\" content=\"2026-03-20T08:50:27+00:00\" \/>\n<meta property=\"og:image\" content=\"https:\/\/monti.lt\/wp-content\/uploads\/2025\/10\/noui-noui-water-bottle-back-lion.jpg.webp\" \/>\n\t<meta property=\"og:image:width\" content=\"1200\" \/>\n\t<meta property=\"og:image:height\" content=\"1500\" \/>\n\t<meta property=\"og:image:type\" content=\"image\/webp\" \/>\n<meta name=\"twitter:card\" content=\"summary_large_image\" \/>\n<meta name=\"twitter:label1\" content=\"Est. reading time\" \/>\n\t<meta name=\"twitter:data1\" content=\"1 minute\" \/>\n<script type=\"application\/ld+json\" class=\"yoast-schema-graph\">{\"@context\":\"https:\/\/schema.org\",\"@graph\":[{\"@type\":\"WebPage\",\"@id\":\"https:\/\/monti.lt\/product\/vaikiska-nerudijancio-plieno-gertuve-su-liutas-350-ml\/\",\"url\":\"https:\/\/monti.lt\/product\/vaikiska-nerudijancio-plieno-gertuve-su-liutas-350-ml\/\",\"name\":\"Vaiki\u0161ka ner\u016bdijan\u010dio plieno gertuv\u0117 su \\\"Li\u016btas\\\" (350 ml) - Montessori \u017eaislai\",\"isPartOf\":{\"@id\":\"https:\/\/monti.lt\/#website\"},\"primaryImageOfPage\":{\"@id\":\"https:\/\/monti.lt\/product\/vaikiska-nerudijancio-plieno-gertuve-su-liutas-350-ml\/#primaryimage\"},\"image\":{\"@id\":\"https:\/\/monti.lt\/product\/vaikiska-nerudijancio-plieno-gertuve-su-liutas-350-ml\/#primaryimage\"},\"thumbnailUrl\":\"https:\/\/monti.lt\/wp-content\/uploads\/2025\/10\/noui-noui-water-bottle-back-lion.jpg.webp\",\"datePublished\":\"2025-10-23T08:12:27+00:00\",\"dateModified\":\"2026-03-20T08:50:27+00:00\",\"breadcrumb\":{\"@id\":\"https:\/\/monti.lt\/product\/vaikiska-nerudijancio-plieno-gertuve-su-liutas-350-ml\/#breadcrumb\"},\"inLanguage\":\"en-US\",\"potentialAction\":[{\"@type\":\"ReadAction\",\"target\":[\"https:\/\/monti.lt\/product\/vaikiska-nerudijancio-plieno-gertuve-su-liutas-350-ml\/\"]}]},{\"@type\":\"ImageObject\",\"inLanguage\":\"en-US\",\"@id\":\"https:\/\/monti.lt\/product\/vaikiska-nerudijancio-plieno-gertuve-su-liutas-350-ml\/#primaryimage\",\"url\":\"https:\/\/monti.lt\/wp-content\/uploads\/2025\/10\/noui-noui-water-bottle-back-lion.jpg.webp\",\"contentUrl\":\"https:\/\/monti.lt\/wp-content\/uploads\/2025\/10\/noui-noui-water-bottle-back-lion.jpg.webp\",\"width\":1200,\"height\":1500,\"caption\":\"noui noui gertuve\"},{\"@type\":\"BreadcrumbList\",\"@id\":\"https:\/\/monti.lt\/product\/vaikiska-nerudijancio-plieno-gertuve-su-liutas-350-ml\/#breadcrumb\",\"itemListElement\":[{\"@type\":\"ListItem\",\"position\":1,\"name\":\"Home\",\"item\":\"https:\/\/monti.lt\/\"},{\"@type\":\"ListItem\",\"position\":2,\"name\":\"Parduotuv\u0117\",\"item\":\"https:\/\/monti.lt\/shop\/\"},{\"@type\":\"ListItem\",\"position\":3,\"name\":\"Vaiki\u0161ka ner\u016bdijan\u010dio plieno gertuv\u0117 su &#8220;Li\u016btas&#8221; (350 ml)\"}]},{\"@type\":\"WebSite\",\"@id\":\"https:\/\/monti.lt\/#website\",\"url\":\"https:\/\/monti.lt\/\",\"name\":\"Montessori \u017eaislai\",\"description\":\"\",\"publisher\":{\"@id\":\"https:\/\/monti.lt\/#organization\"},\"potentialAction\":[{\"@type\":\"SearchAction\",\"target\":{\"@type\":\"EntryPoint\",\"urlTemplate\":\"https:\/\/monti.lt\/?s={search_term_string}\"},\"query-input\":\"required name=search_term_string\"}],\"inLanguage\":\"en-US\"},{\"@type\":\"Organization\",\"@id\":\"https:\/\/monti.lt\/#organization\",\"name\":\"Montessori \u017eaislai\",\"url\":\"https:\/\/monti.lt\/\",\"logo\":{\"@type\":\"ImageObject\",\"inLanguage\":\"en-US\",\"@id\":\"https:\/\/monti.lt\/#\/schema\/logo\/image\/\",\"url\":\"https:\/\/monti.lt\/wp-content\/uploads\/2022\/03\/montilogo-1.png\",\"contentUrl\":\"https:\/\/monti.lt\/wp-content\/uploads\/2022\/03\/montilogo-1.png\",\"width\":512,\"height\":512,\"caption\":\"Montessori \u017eaislai\"},\"image\":{\"@id\":\"https:\/\/monti.lt\/#\/schema\/logo\/image\/\"}}]}<\/script>\n<!-- \/ Yoast SEO plugin. -->","yoast_head_json":{"title":"Vaiki\u0161ka ner\u016bdijan\u010dio plieno gertuv\u0117 su \"Li\u016btas\" (350 ml) - Montessori \u017eaislai","robots":{"index":"index","follow":"follow","max-snippet":"max-snippet:-1","max-image-preview":"max-image-preview:large","max-video-preview":"max-video-preview:-1"},"canonical":"https:\/\/monti.lt\/en\/product\/vaikiska-nerudijancio-plieno-gertuve-su-liutas-350-ml\/","og_locale":"en_US","og_type":"article","og_title":"Vaiki\u0161ka ner\u016bdijan\u010dio plieno gertuv\u0117 su \"Li\u016btas\" (350 ml) - Montessori \u017eaislai","og_description":"M\u016bs\u0173 350 ml talpos ner\u016bdijan\u010dio plieno vandens butelis, skirtas ikimokyklinio am\u017eiaus ir mokyklinio am\u017eiaus vaikams. Be \u0161iaudelio, tod\u0117l higieni\u0161kas ir lengvai valomas, nesandarus, galima plauti indaplov\u0117je. Ideali pasirinkimas aktyviems vaikams, kurie daug juda. Galima rinktis i\u0161 5 stili\u0173. Galima plauti indaplov\u0117je.100 % nesandarus.Be \u0161iaudelio higienos sumetimais ir lengvai valomas.Tinka gazuotiems g\u0117rimams.Auk\u0161tos kokyb\u0117s plienas 18\/10.Be BPA [&hellip;]","og_url":"https:\/\/monti.lt\/en\/product\/vaikiska-nerudijancio-plieno-gertuve-su-liutas-350-ml\/","og_site_name":"Montessori \u017eaislai","article_modified_time":"2026-03-20T08:50:27+00:00","og_image":[{"width":1200,"height":1500,"url":"https:\/\/monti.lt\/wp-content\/uploads\/2025\/10\/noui-noui-water-bottle-back-lion.jpg.webp","type":"image\/webp"}],"twitter_card":"summary_large_image","twitter_misc":{"Est. reading time":"1 minute"},"schema":{"@context":"https:\/\/schema.org","@graph":[{"@type":"WebPage","@id":"https:\/\/monti.lt\/product\/vaikiska-nerudijancio-plieno-gertuve-su-liutas-350-ml\/","url":"https:\/\/monti.lt\/product\/vaikiska-nerudijancio-plieno-gertuve-su-liutas-350-ml\/","name":"Vaiki\u0161ka ner\u016bdijan\u010dio plieno gertuv\u0117 su \"Li\u016btas\" (350 ml) - Montessori \u017eaislai","isPartOf":{"@id":"https:\/\/monti.lt\/#website"},"primaryImageOfPage":{"@id":"https:\/\/monti.lt\/product\/vaikiska-nerudijancio-plieno-gertuve-su-liutas-350-ml\/#primaryimage"},"image":{"@id":"https:\/\/monti.lt\/product\/vaikiska-nerudijancio-plieno-gertuve-su-liutas-350-ml\/#primaryimage"},"thumbnailUrl":"https:\/\/monti.lt\/wp-content\/uploads\/2025\/10\/noui-noui-water-bottle-back-lion.jpg.webp","datePublished":"2025-10-23T08:12:27+00:00","dateModified":"2026-03-20T08:50:27+00:00","breadcrumb":{"@id":"https:\/\/monti.lt\/product\/vaikiska-nerudijancio-plieno-gertuve-su-liutas-350-ml\/#breadcrumb"},"inLanguage":"en-US","potentialAction":[{"@type":"ReadAction","target":["https:\/\/monti.lt\/product\/vaikiska-nerudijancio-plieno-gertuve-su-liutas-350-ml\/"]}]},{"@type":"ImageObject","inLanguage":"en-US","@id":"https:\/\/monti.lt\/product\/vaikiska-nerudijancio-plieno-gertuve-su-liutas-350-ml\/#primaryimage","url":"https:\/\/monti.lt\/wp-content\/uploads\/2025\/10\/noui-noui-water-bottle-back-lion.jpg.webp","contentUrl":"https:\/\/monti.lt\/wp-content\/uploads\/2025\/10\/noui-noui-water-bottle-back-lion.jpg.webp","width":1200,"height":1500,"caption":"noui noui gertuve"},{"@type":"BreadcrumbList","@id":"https:\/\/monti.lt\/product\/vaikiska-nerudijancio-plieno-gertuve-su-liutas-350-ml\/#breadcrumb","itemListElement":[{"@type":"ListItem","position":1,"name":"Home","item":"https:\/\/monti.lt\/"},{"@type":"ListItem","position":2,"name":"Parduotuv\u0117","item":"https:\/\/monti.lt\/shop\/"},{"@type":"ListItem","position":3,"name":"Vaiki\u0161ka ner\u016bdijan\u010dio plieno gertuv\u0117 su &#8220;Li\u016btas&#8221; (350 ml)"}]},{"@type":"WebSite","@id":"https:\/\/monti.lt\/#website","url":"https:\/\/monti.lt\/","name":"Montessori \u017eaislai","description":"","publisher":{"@id":"https:\/\/monti.lt\/#organization"},"potentialAction":[{"@type":"SearchAction","target":{"@type":"EntryPoint","urlTemplate":"https:\/\/monti.lt\/?s={search_term_string}"},"query-input":"required name=search_term_string"}],"inLanguage":"en-US"},{"@type":"Organization","@id":"https:\/\/monti.lt\/#organization","name":"Montessori \u017eaislai","url":"https:\/\/monti.lt\/","logo":{"@type":"ImageObject","inLanguage":"en-US","@id":"https:\/\/monti.lt\/#\/schema\/logo\/image\/","url":"https:\/\/monti.lt\/wp-content\/uploads\/2022\/03\/montilogo-1.png","contentUrl":"https:\/\/monti.lt\/wp-content\/uploads\/2022\/03\/montilogo-1.png","width":512,"height":512,"caption":"Montessori \u017eaislai"},"image":{"@id":"https:\/\/monti.lt\/#\/schema\/logo\/image\/"}}]}},"_links":{"self":[{"href":"https:\/\/monti.lt\/en\/wp-json\/wp\/v2\/product\/34691"}],"collection":[{"href":"https:\/\/monti.lt\/en\/wp-json\/wp\/v2\/product"}],"about":[{"href":"https:\/\/monti.lt\/en\/wp-json\/wp\/v2\/types\/product"}],"version-history":[{"count":1,"href":"https:\/\/monti.lt\/en\/wp-json\/wp\/v2\/product\/34691\/revisions"}],"predecessor-version":[{"id":34698,"href":"https:\/\/monti.lt\/en\/wp-json\/wp\/v2\/product\/34691\/revisions\/34698"}],"wp:featuredmedia":[{"embeddable":true,"href":"https:\/\/monti.lt\/en\/wp-json\/wp\/v2\/media\/34692"}],"wp:attachment":[{"href":"https:\/\/monti.lt\/en\/wp-json\/wp\/v2\/media?parent=34691"}],"wp:term":[{"taxonomy":"product_cat","embeddable":true,"href":"https:\/\/monti.lt\/en\/wp-json\/wp\/v2\/product_cat?post=34691"},{"taxonomy":"product_tag","embeddable":true,"href":"https:\/\/monti.lt\/en\/wp-json\/wp\/v2\/product_tag?post=34691"}],"curies":[{"name":"wp","href":"https:\/\/api.w.org\/{rel}","templated":true}]}}