{"id":34699,"date":"2025-10-23T08:21:27","date_gmt":"2025-10-23T08:21:27","guid":{"rendered":"https:\/\/monti.lt\/?post_type=product&#038;p=34699"},"modified":"2026-03-20T08:50:09","modified_gmt":"2026-03-20T08:50:09","slug":"silikoninis-seilinukas-ledai-pilkas-nouinou","status":"publish","type":"product","link":"https:\/\/monti.lt\/en\/product\/silikoninis-seilinukas-ledai-pilkas-nouinou\/","title":{"rendered":"Silikoninis seilinukas \u201eLedai\u201c pilkas | NOUINOU"},"content":{"rendered":"<p>Maitinimo metas gali b\u016bti smagus tiek vaikui, tiek t\u0117vui \u2014 su NOUINOU silikoniniu seilinuku! \u0160is stilingas ir prakti\u0161kas seilinukas sukurtas taip, kad suma\u017eint\u0173 netvark\u0105, i\u0161laikyt\u0173 komforto poj\u016bt\u012f ir u\u017etikrint\u0173 saugum\u0105 ma\u017eosioms burnyt\u0117ms.<\/p>\n\n\n\n<h3 class=\"wp-block-heading\"><strong>\u2728 Svarbiausios savyb\u0117s<\/strong><\/h3>\n\n\n\n<ul class=\"wp-block-list\">\n<li>Pagamintas i\u0161\u00a0<strong>maisto klas\u0117s silikono<\/strong>\u00a0\u2013 mink\u0161tas, lankstus ir saugus.<\/li>\n\n\n\n<li><strong>Be BPA, PVC ir ftalat\u0173<\/strong>\u00a0\u2013 tik \u0161varios med\u017eiagos, tinkamos vaikams.<\/li>\n\n\n\n<li><strong>Didel\u0117 ki\u0161en\u0117<\/strong>\u00a0\u2013 sugauti nukritusius maisto gabal\u0117lius ar la\u0161\u0117jim\u0105.<\/li>\n\n\n\n<li><strong>Reguliuojamas u\u017esegimas<\/strong>\u00a0\u2013 galima pritaikyti pagal vaiko kaklo dyd\u012f, kad seilinukas tarnaut\u0173 ilgiau.<\/li>\n\n\n\n<li><strong>Lengva valyti<\/strong>\u00a0\u2013 skalbti rankomis \u0161iltame vandenyje arba d\u0117ti \u012f indaplov\u0119.<\/li>\n\n\n\n<li>Gra\u017eus\u00a0<strong>pilkos spalvos tonas<\/strong>, lengvai derantis prie kit\u0173 vaiko daikt\u0173.<\/li>\n<\/ul>","protected":false},"excerpt":{"rendered":"<p>Maitinimo metas gali b\u016bti smagus tiek vaikui, tiek t\u0117vui \u2014 su NOUINOU silikoniniu seilinuku! \u0160is stilingas ir prakti\u0161kas seilinukas sukurtas taip, kad suma\u017eint\u0173 netvark\u0105, i\u0161laikyt\u0173 komforto poj\u016bt\u012f ir u\u017etikrint\u0173 saugum\u0105 ma\u017eosioms burnyt\u0117ms. \u2728 Svarbiausios savyb\u0117s<\/p>","protected":false},"featured_media":34700,"template":"","meta":{"_acf_changed":false,"iawp_total_views":23},"product_cat":[213,82,263,242,257,258],"product_tag":[95,96,97,94],"class_list":{"0":"post-34699","1":"product","2":"type-product","3":"status-publish","4":"has-post-thumbnail","6":"product_cat-akcija","7":"product_cat-ispardavimas","8":"product_cat-noui-noui","9":"product_cat-pagal-gamintoja","10":"product_cat-vaiku-prieziura","11":"product_cat-virtuves-irankiai-vaikams","12":"product_tag-1-m-2-m","13":"product_tag-2-m-3-m","14":"product_tag-3-m-4-m","15":"product_tag-iki-1-m","17":"first","18":"instock","19":"sale","20":"taxable","21":"shipping-taxable","22":"purchasable","23":"product-type-simple"},"acf":[],"yoast_head":"<!-- This site is optimized with the Yoast SEO plugin v23.3 - https:\/\/yoast.com\/wordpress\/plugins\/seo\/ -->\n<title>Silikoninis seilinukas \u201eLedai\u201c pilkas | NOUINOU - Montessori \u017eaislai<\/title>\n<meta name=\"robots\" content=\"index, follow, max-snippet:-1, max-image-preview:large, max-video-preview:-1\" \/>\n<link rel=\"canonical\" href=\"https:\/\/monti.lt\/en\/product\/silikoninis-seilinukas-ledai-pilkas-nouinou\/\" \/>\n<meta property=\"og:locale\" content=\"en_US\" \/>\n<meta property=\"og:type\" content=\"article\" \/>\n<meta property=\"og:title\" content=\"Silikoninis seilinukas \u201eLedai\u201c pilkas | NOUINOU - Montessori \u017eaislai\" \/>\n<meta property=\"og:description\" content=\"Maitinimo metas gali b\u016bti smagus tiek vaikui, tiek t\u0117vui \u2014 su NOUINOU silikoniniu seilinuku! \u0160is stilingas ir prakti\u0161kas seilinukas sukurtas taip, kad suma\u017eint\u0173 netvark\u0105, i\u0161laikyt\u0173 komforto poj\u016bt\u012f ir u\u017etikrint\u0173 saugum\u0105 ma\u017eosioms burnyt\u0117ms. \u2728 Svarbiausios savyb\u0117s\" \/>\n<meta property=\"og:url\" content=\"https:\/\/monti.lt\/en\/product\/silikoninis-seilinukas-ledai-pilkas-nouinou\/\" \/>\n<meta property=\"og:site_name\" content=\"Montessori \u017eaislai\" \/>\n<meta property=\"article:modified_time\" content=\"2026-03-20T08:50:09+00:00\" \/>\n<meta property=\"og:image\" content=\"https:\/\/monti.lt\/wp-content\/uploads\/2025\/10\/nouinoui-ice-cream-grey-silicone-bib-front.jpg.webp\" \/>\n\t<meta property=\"og:image:width\" content=\"1200\" \/>\n\t<meta property=\"og:image:height\" content=\"1500\" \/>\n\t<meta property=\"og:image:type\" content=\"image\/webp\" \/>\n<meta name=\"twitter:card\" content=\"summary_large_image\" \/>\n<meta name=\"twitter:label1\" content=\"Est. reading time\" \/>\n\t<meta name=\"twitter:data1\" content=\"1 minute\" \/>\n<script type=\"application\/ld+json\" class=\"yoast-schema-graph\">{\"@context\":\"https:\/\/schema.org\",\"@graph\":[{\"@type\":\"WebPage\",\"@id\":\"https:\/\/monti.lt\/product\/silikoninis-seilinukas-ledai-pilkas-nouinou\/\",\"url\":\"https:\/\/monti.lt\/product\/silikoninis-seilinukas-ledai-pilkas-nouinou\/\",\"name\":\"Silikoninis seilinukas \u201eLedai\u201c pilkas | NOUINOU - Montessori \u017eaislai\",\"isPartOf\":{\"@id\":\"https:\/\/monti.lt\/#website\"},\"primaryImageOfPage\":{\"@id\":\"https:\/\/monti.lt\/product\/silikoninis-seilinukas-ledai-pilkas-nouinou\/#primaryimage\"},\"image\":{\"@id\":\"https:\/\/monti.lt\/product\/silikoninis-seilinukas-ledai-pilkas-nouinou\/#primaryimage\"},\"thumbnailUrl\":\"https:\/\/monti.lt\/wp-content\/uploads\/2025\/10\/nouinoui-ice-cream-grey-silicone-bib-front.jpg.webp\",\"datePublished\":\"2025-10-23T08:21:27+00:00\",\"dateModified\":\"2026-03-20T08:50:09+00:00\",\"breadcrumb\":{\"@id\":\"https:\/\/monti.lt\/product\/silikoninis-seilinukas-ledai-pilkas-nouinou\/#breadcrumb\"},\"inLanguage\":\"en-US\",\"potentialAction\":[{\"@type\":\"ReadAction\",\"target\":[\"https:\/\/monti.lt\/product\/silikoninis-seilinukas-ledai-pilkas-nouinou\/\"]}]},{\"@type\":\"ImageObject\",\"inLanguage\":\"en-US\",\"@id\":\"https:\/\/monti.lt\/product\/silikoninis-seilinukas-ledai-pilkas-nouinou\/#primaryimage\",\"url\":\"https:\/\/monti.lt\/wp-content\/uploads\/2025\/10\/nouinoui-ice-cream-grey-silicone-bib-front.jpg.webp\",\"contentUrl\":\"https:\/\/monti.lt\/wp-content\/uploads\/2025\/10\/nouinoui-ice-cream-grey-silicone-bib-front.jpg.webp\",\"width\":1200,\"height\":1500,\"caption\":\"noui noui seilinukas\"},{\"@type\":\"BreadcrumbList\",\"@id\":\"https:\/\/monti.lt\/product\/silikoninis-seilinukas-ledai-pilkas-nouinou\/#breadcrumb\",\"itemListElement\":[{\"@type\":\"ListItem\",\"position\":1,\"name\":\"Home\",\"item\":\"https:\/\/monti.lt\/\"},{\"@type\":\"ListItem\",\"position\":2,\"name\":\"Parduotuv\u0117\",\"item\":\"https:\/\/monti.lt\/shop\/\"},{\"@type\":\"ListItem\",\"position\":3,\"name\":\"Silikoninis seilinukas \u201eLedai\u201c pilkas | NOUINOU\"}]},{\"@type\":\"WebSite\",\"@id\":\"https:\/\/monti.lt\/#website\",\"url\":\"https:\/\/monti.lt\/\",\"name\":\"Montessori \u017eaislai\",\"description\":\"\",\"publisher\":{\"@id\":\"https:\/\/monti.lt\/#organization\"},\"potentialAction\":[{\"@type\":\"SearchAction\",\"target\":{\"@type\":\"EntryPoint\",\"urlTemplate\":\"https:\/\/monti.lt\/?s={search_term_string}\"},\"query-input\":\"required name=search_term_string\"}],\"inLanguage\":\"en-US\"},{\"@type\":\"Organization\",\"@id\":\"https:\/\/monti.lt\/#organization\",\"name\":\"Montessori \u017eaislai\",\"url\":\"https:\/\/monti.lt\/\",\"logo\":{\"@type\":\"ImageObject\",\"inLanguage\":\"en-US\",\"@id\":\"https:\/\/monti.lt\/#\/schema\/logo\/image\/\",\"url\":\"https:\/\/monti.lt\/wp-content\/uploads\/2022\/03\/montilogo-1.png\",\"contentUrl\":\"https:\/\/monti.lt\/wp-content\/uploads\/2022\/03\/montilogo-1.png\",\"width\":512,\"height\":512,\"caption\":\"Montessori \u017eaislai\"},\"image\":{\"@id\":\"https:\/\/monti.lt\/#\/schema\/logo\/image\/\"}}]}<\/script>\n<!-- \/ Yoast SEO plugin. -->","yoast_head_json":{"title":"Silikoninis seilinukas \u201eLedai\u201c pilkas | NOUINOU - Montessori \u017eaislai","robots":{"index":"index","follow":"follow","max-snippet":"max-snippet:-1","max-image-preview":"max-image-preview:large","max-video-preview":"max-video-preview:-1"},"canonical":"https:\/\/monti.lt\/en\/product\/silikoninis-seilinukas-ledai-pilkas-nouinou\/","og_locale":"en_US","og_type":"article","og_title":"Silikoninis seilinukas \u201eLedai\u201c pilkas | NOUINOU - Montessori \u017eaislai","og_description":"Maitinimo metas gali b\u016bti smagus tiek vaikui, tiek t\u0117vui \u2014 su NOUINOU silikoniniu seilinuku! \u0160is stilingas ir prakti\u0161kas seilinukas sukurtas taip, kad suma\u017eint\u0173 netvark\u0105, i\u0161laikyt\u0173 komforto poj\u016bt\u012f ir u\u017etikrint\u0173 saugum\u0105 ma\u017eosioms burnyt\u0117ms. \u2728 Svarbiausios savyb\u0117s","og_url":"https:\/\/monti.lt\/en\/product\/silikoninis-seilinukas-ledai-pilkas-nouinou\/","og_site_name":"Montessori \u017eaislai","article_modified_time":"2026-03-20T08:50:09+00:00","og_image":[{"width":1200,"height":1500,"url":"https:\/\/monti.lt\/wp-content\/uploads\/2025\/10\/nouinoui-ice-cream-grey-silicone-bib-front.jpg.webp","type":"image\/webp"}],"twitter_card":"summary_large_image","twitter_misc":{"Est. reading time":"1 minute"},"schema":{"@context":"https:\/\/schema.org","@graph":[{"@type":"WebPage","@id":"https:\/\/monti.lt\/product\/silikoninis-seilinukas-ledai-pilkas-nouinou\/","url":"https:\/\/monti.lt\/product\/silikoninis-seilinukas-ledai-pilkas-nouinou\/","name":"Silikoninis seilinukas \u201eLedai\u201c pilkas | NOUINOU - Montessori \u017eaislai","isPartOf":{"@id":"https:\/\/monti.lt\/#website"},"primaryImageOfPage":{"@id":"https:\/\/monti.lt\/product\/silikoninis-seilinukas-ledai-pilkas-nouinou\/#primaryimage"},"image":{"@id":"https:\/\/monti.lt\/product\/silikoninis-seilinukas-ledai-pilkas-nouinou\/#primaryimage"},"thumbnailUrl":"https:\/\/monti.lt\/wp-content\/uploads\/2025\/10\/nouinoui-ice-cream-grey-silicone-bib-front.jpg.webp","datePublished":"2025-10-23T08:21:27+00:00","dateModified":"2026-03-20T08:50:09+00:00","breadcrumb":{"@id":"https:\/\/monti.lt\/product\/silikoninis-seilinukas-ledai-pilkas-nouinou\/#breadcrumb"},"inLanguage":"en-US","potentialAction":[{"@type":"ReadAction","target":["https:\/\/monti.lt\/product\/silikoninis-seilinukas-ledai-pilkas-nouinou\/"]}]},{"@type":"ImageObject","inLanguage":"en-US","@id":"https:\/\/monti.lt\/product\/silikoninis-seilinukas-ledai-pilkas-nouinou\/#primaryimage","url":"https:\/\/monti.lt\/wp-content\/uploads\/2025\/10\/nouinoui-ice-cream-grey-silicone-bib-front.jpg.webp","contentUrl":"https:\/\/monti.lt\/wp-content\/uploads\/2025\/10\/nouinoui-ice-cream-grey-silicone-bib-front.jpg.webp","width":1200,"height":1500,"caption":"noui noui seilinukas"},{"@type":"BreadcrumbList","@id":"https:\/\/monti.lt\/product\/silikoninis-seilinukas-ledai-pilkas-nouinou\/#breadcrumb","itemListElement":[{"@type":"ListItem","position":1,"name":"Home","item":"https:\/\/monti.lt\/"},{"@type":"ListItem","position":2,"name":"Parduotuv\u0117","item":"https:\/\/monti.lt\/shop\/"},{"@type":"ListItem","position":3,"name":"Silikoninis seilinukas \u201eLedai\u201c pilkas | NOUINOU"}]},{"@type":"WebSite","@id":"https:\/\/monti.lt\/#website","url":"https:\/\/monti.lt\/","name":"Montessori \u017eaislai","description":"","publisher":{"@id":"https:\/\/monti.lt\/#organization"},"potentialAction":[{"@type":"SearchAction","target":{"@type":"EntryPoint","urlTemplate":"https:\/\/monti.lt\/?s={search_term_string}"},"query-input":"required name=search_term_string"}],"inLanguage":"en-US"},{"@type":"Organization","@id":"https:\/\/monti.lt\/#organization","name":"Montessori \u017eaislai","url":"https:\/\/monti.lt\/","logo":{"@type":"ImageObject","inLanguage":"en-US","@id":"https:\/\/monti.lt\/#\/schema\/logo\/image\/","url":"https:\/\/monti.lt\/wp-content\/uploads\/2022\/03\/montilogo-1.png","contentUrl":"https:\/\/monti.lt\/wp-content\/uploads\/2022\/03\/montilogo-1.png","width":512,"height":512,"caption":"Montessori \u017eaislai"},"image":{"@id":"https:\/\/monti.lt\/#\/schema\/logo\/image\/"}}]}},"_links":{"self":[{"href":"https:\/\/monti.lt\/en\/wp-json\/wp\/v2\/product\/34699"}],"collection":[{"href":"https:\/\/monti.lt\/en\/wp-json\/wp\/v2\/product"}],"about":[{"href":"https:\/\/monti.lt\/en\/wp-json\/wp\/v2\/types\/product"}],"version-history":[{"count":1,"href":"https:\/\/monti.lt\/en\/wp-json\/wp\/v2\/product\/34699\/revisions"}],"predecessor-version":[{"id":34705,"href":"https:\/\/monti.lt\/en\/wp-json\/wp\/v2\/product\/34699\/revisions\/34705"}],"wp:featuredmedia":[{"embeddable":true,"href":"https:\/\/monti.lt\/en\/wp-json\/wp\/v2\/media\/34700"}],"wp:attachment":[{"href":"https:\/\/monti.lt\/en\/wp-json\/wp\/v2\/media?parent=34699"}],"wp:term":[{"taxonomy":"product_cat","embeddable":true,"href":"https:\/\/monti.lt\/en\/wp-json\/wp\/v2\/product_cat?post=34699"},{"taxonomy":"product_tag","embeddable":true,"href":"https:\/\/monti.lt\/en\/wp-json\/wp\/v2\/product_tag?post=34699"}],"curies":[{"name":"wp","href":"https:\/\/api.w.org\/{rel}","templated":true}]}}