{"id":34715,"date":"2025-10-23T12:41:06","date_gmt":"2025-10-23T12:41:06","guid":{"rendered":"https:\/\/monti.lt\/?post_type=product&#038;p=34715"},"modified":"2026-02-14T19:30:42","modified_gmt":"2026-02-14T19:30:42","slug":"kurybinis-rinkinys-muilas-ir-kvapai","status":"publish","type":"product","link":"https:\/\/monti.lt\/en\/product\/kurybinis-rinkinys-muilas-ir-kvapai\/","title":{"rendered":"K\u016brybinis rinkinys \u201eMuilas ir kvapai\u201c"},"content":{"rendered":"","protected":false},"excerpt":{"rendered":"<p>Naudodami \u0161iame rinkinyje esant\u012f skaidr\u0173 glicerin\u0105, tur\u0117site galimyb\u0119 pagaminti nuostabius, auk\u0161tos kokyb\u0117s muilus. Med\u017eiaga muilo gamybai lengvai tirpsta, tad j\u0105 lengva i\u0161lydyti mikrobang\u0173 krosnel\u0117je. \u012e \u0161\u012f skyst\u0105 pagrind\u0105 vaikas gali \u012fmai\u0161yti pasirinkt\u0105 kiek\u012f \u012fvairi\u0173 kvap\u0173 bei spalv\u0173. Muilas atv\u0117sta per kelias minutes ir \u012fgauna \u0161irdel\u0117s, g\u0117l\u0117s, j\u016bros kriauklyt\u0117s arba \u017euvyt\u0117s form\u0105. \u0160ie muilai yra tinkami ir gali b\u016bti saugiai naudojami net pa\u010diai jautriausiai odai.<\/p>\n<div class=\"tab-title\">VIDUJE:<\/div>\n<p>\u2022 450 g muilo \u2022 10 muilui formuoti skirt\u0173 formeli\u0173 \u2022 3 spalv\u0173 kosmetiniai da\u017eai \u2022 2 kvapai \u2022 5 pipet\u0117s \u2022 1 instrukcij\u0173 rinkinys<\/p>\n<p>Nuo 7 met\u0173.<\/p>","protected":false},"featured_media":34716,"template":"","meta":{"_acf_changed":false,"iawp_total_views":74},"product_cat":[217,192,87,190,90,39],"product_tag":[98,99],"class_list":{"0":"post-34715","1":"product","2":"type-product","3":"status-publish","4":"has-post-thumbnail","6":"product_cat-dovanos-5-7-metu-vaikams","7":"product_cat-kaledines-dovanos-vaikams","8":"product_cat-kurybiniai-rinkiniai","9":"product_cat-maudynems","10":"product_cat-pasaulio-pazinimas","11":"product_cat-zaislai","12":"product_tag-5-m-7-m","13":"product_tag-8-m-11-m","15":"first","16":"outofstock","17":"sale","18":"taxable","19":"shipping-taxable","20":"purchasable","21":"product-type-simple"},"acf":[],"yoast_head":"<!-- This site is optimized with the Yoast SEO plugin v23.3 - https:\/\/yoast.com\/wordpress\/plugins\/seo\/ -->\n<title>K\u016brybinis rinkinys \u201eMuilas ir kvapai\u201c - Montessori \u017eaislai<\/title>\n<meta name=\"robots\" content=\"index, follow, max-snippet:-1, max-image-preview:large, max-video-preview:-1\" \/>\n<link rel=\"canonical\" href=\"https:\/\/monti.lt\/en\/product\/kurybinis-rinkinys-muilas-ir-kvapai\/\" \/>\n<meta property=\"og:locale\" content=\"en_US\" \/>\n<meta property=\"og:type\" content=\"article\" \/>\n<meta property=\"og:title\" content=\"K\u016brybinis rinkinys \u201eMuilas ir kvapai\u201c - Montessori \u017eaislai\" \/>\n<meta property=\"og:description\" content=\"Naudodami \u0161iame rinkinyje esant\u012f skaidr\u0173 glicerin\u0105, tur\u0117site galimyb\u0119 pagaminti nuostabius, auk\u0161tos kokyb\u0117s muilus. Med\u017eiaga muilo gamybai lengvai tirpsta, tad j\u0105 lengva i\u0161lydyti mikrobang\u0173 krosnel\u0117je. \u012e \u0161\u012f skyst\u0105 pagrind\u0105 vaikas gali \u012fmai\u0161yti pasirinkt\u0105 kiek\u012f \u012fvairi\u0173 kvap\u0173 bei spalv\u0173. Muilas atv\u0117sta per kelias minutes ir \u012fgauna \u0161irdel\u0117s, g\u0117l\u0117s, j\u016bros kriauklyt\u0117s arba \u017euvyt\u0117s form\u0105. \u0160ie muilai yra tinkami ir gali b\u016bti saugiai naudojami net pa\u010diai jautriausiai odai. VIDUJE: \u2022 450 g muilo \u2022 10 muilui formuoti skirt\u0173 formeli\u0173 \u2022 3 spalv\u0173 kosmetiniai da\u017eai \u2022 2 kvapai \u2022 5 pipet\u0117s \u2022 1 instrukcij\u0173 rinkinys  Nuo 7 met\u0173.\" \/>\n<meta property=\"og:url\" content=\"https:\/\/monti.lt\/en\/product\/kurybinis-rinkinys-muilas-ir-kvapai\/\" \/>\n<meta property=\"og:site_name\" content=\"Montessori \u017eaislai\" \/>\n<meta property=\"article:modified_time\" content=\"2026-02-14T19:30:42+00:00\" \/>\n<meta property=\"og:image\" content=\"https:\/\/monti.lt\/wp-content\/uploads\/2025\/10\/470x470_ref-231-sentosphere-kit-cosmetique-creatif-savons-et-senteurs-boite-ouverte.png\" \/>\n\t<meta property=\"og:image:width\" content=\"470\" \/>\n\t<meta property=\"og:image:height\" content=\"470\" \/>\n\t<meta property=\"og:image:type\" content=\"image\/png\" \/>\n<meta name=\"twitter:card\" content=\"summary_large_image\" \/>\n<meta name=\"twitter:label1\" content=\"Est. reading time\" \/>\n\t<meta name=\"twitter:data1\" content=\"1 minute\" \/>\n<script type=\"application\/ld+json\" class=\"yoast-schema-graph\">{\"@context\":\"https:\/\/schema.org\",\"@graph\":[{\"@type\":\"WebPage\",\"@id\":\"https:\/\/monti.lt\/product\/kurybinis-rinkinys-muilas-ir-kvapai\/\",\"url\":\"https:\/\/monti.lt\/product\/kurybinis-rinkinys-muilas-ir-kvapai\/\",\"name\":\"K\u016brybinis rinkinys \u201eMuilas ir kvapai\u201c - Montessori \u017eaislai\",\"isPartOf\":{\"@id\":\"https:\/\/monti.lt\/#website\"},\"primaryImageOfPage\":{\"@id\":\"https:\/\/monti.lt\/product\/kurybinis-rinkinys-muilas-ir-kvapai\/#primaryimage\"},\"image\":{\"@id\":\"https:\/\/monti.lt\/product\/kurybinis-rinkinys-muilas-ir-kvapai\/#primaryimage\"},\"thumbnailUrl\":\"https:\/\/monti.lt\/wp-content\/uploads\/2025\/10\/470x470_ref-231-sentosphere-kit-cosmetique-creatif-savons-et-senteurs-boite-ouverte.png\",\"datePublished\":\"2025-10-23T12:41:06+00:00\",\"dateModified\":\"2026-02-14T19:30:42+00:00\",\"breadcrumb\":{\"@id\":\"https:\/\/monti.lt\/product\/kurybinis-rinkinys-muilas-ir-kvapai\/#breadcrumb\"},\"inLanguage\":\"en-US\",\"potentialAction\":[{\"@type\":\"ReadAction\",\"target\":[\"https:\/\/monti.lt\/product\/kurybinis-rinkinys-muilas-ir-kvapai\/\"]}]},{\"@type\":\"ImageObject\",\"inLanguage\":\"en-US\",\"@id\":\"https:\/\/monti.lt\/product\/kurybinis-rinkinys-muilas-ir-kvapai\/#primaryimage\",\"url\":\"https:\/\/monti.lt\/wp-content\/uploads\/2025\/10\/470x470_ref-231-sentosphere-kit-cosmetique-creatif-savons-et-senteurs-boite-ouverte.png\",\"contentUrl\":\"https:\/\/monti.lt\/wp-content\/uploads\/2025\/10\/470x470_ref-231-sentosphere-kit-cosmetique-creatif-savons-et-senteurs-boite-ouverte.png\",\"width\":470,\"height\":470,\"caption\":\"muilo rinkinys\"},{\"@type\":\"BreadcrumbList\",\"@id\":\"https:\/\/monti.lt\/product\/kurybinis-rinkinys-muilas-ir-kvapai\/#breadcrumb\",\"itemListElement\":[{\"@type\":\"ListItem\",\"position\":1,\"name\":\"Home\",\"item\":\"https:\/\/monti.lt\/\"},{\"@type\":\"ListItem\",\"position\":2,\"name\":\"Parduotuv\u0117\",\"item\":\"https:\/\/monti.lt\/shop\/\"},{\"@type\":\"ListItem\",\"position\":3,\"name\":\"K\u016brybinis rinkinys \u201eMuilas ir kvapai\u201c\"}]},{\"@type\":\"WebSite\",\"@id\":\"https:\/\/monti.lt\/#website\",\"url\":\"https:\/\/monti.lt\/\",\"name\":\"Montessori \u017eaislai\",\"description\":\"\",\"publisher\":{\"@id\":\"https:\/\/monti.lt\/#organization\"},\"potentialAction\":[{\"@type\":\"SearchAction\",\"target\":{\"@type\":\"EntryPoint\",\"urlTemplate\":\"https:\/\/monti.lt\/?s={search_term_string}\"},\"query-input\":\"required name=search_term_string\"}],\"inLanguage\":\"en-US\"},{\"@type\":\"Organization\",\"@id\":\"https:\/\/monti.lt\/#organization\",\"name\":\"Montessori \u017eaislai\",\"url\":\"https:\/\/monti.lt\/\",\"logo\":{\"@type\":\"ImageObject\",\"inLanguage\":\"en-US\",\"@id\":\"https:\/\/monti.lt\/#\/schema\/logo\/image\/\",\"url\":\"https:\/\/monti.lt\/wp-content\/uploads\/2022\/03\/montilogo-1.png\",\"contentUrl\":\"https:\/\/monti.lt\/wp-content\/uploads\/2022\/03\/montilogo-1.png\",\"width\":512,\"height\":512,\"caption\":\"Montessori \u017eaislai\"},\"image\":{\"@id\":\"https:\/\/monti.lt\/#\/schema\/logo\/image\/\"}}]}<\/script>\n<!-- \/ Yoast SEO plugin. -->","yoast_head_json":{"title":"K\u016brybinis rinkinys \u201eMuilas ir kvapai\u201c - Montessori \u017eaislai","robots":{"index":"index","follow":"follow","max-snippet":"max-snippet:-1","max-image-preview":"max-image-preview:large","max-video-preview":"max-video-preview:-1"},"canonical":"https:\/\/monti.lt\/en\/product\/kurybinis-rinkinys-muilas-ir-kvapai\/","og_locale":"en_US","og_type":"article","og_title":"K\u016brybinis rinkinys \u201eMuilas ir kvapai\u201c - Montessori \u017eaislai","og_description":"Naudodami \u0161iame rinkinyje esant\u012f skaidr\u0173 glicerin\u0105, tur\u0117site galimyb\u0119 pagaminti nuostabius, auk\u0161tos kokyb\u0117s muilus. Med\u017eiaga muilo gamybai lengvai tirpsta, tad j\u0105 lengva i\u0161lydyti mikrobang\u0173 krosnel\u0117je. \u012e \u0161\u012f skyst\u0105 pagrind\u0105 vaikas gali \u012fmai\u0161yti pasirinkt\u0105 kiek\u012f \u012fvairi\u0173 kvap\u0173 bei spalv\u0173. Muilas atv\u0117sta per kelias minutes ir \u012fgauna \u0161irdel\u0117s, g\u0117l\u0117s, j\u016bros kriauklyt\u0117s arba \u017euvyt\u0117s form\u0105. \u0160ie muilai yra tinkami ir gali b\u016bti saugiai naudojami net pa\u010diai jautriausiai odai. VIDUJE: \u2022 450 g muilo \u2022 10 muilui formuoti skirt\u0173 formeli\u0173 \u2022 3 spalv\u0173 kosmetiniai da\u017eai \u2022 2 kvapai \u2022 5 pipet\u0117s \u2022 1 instrukcij\u0173 rinkinys  Nuo 7 met\u0173.","og_url":"https:\/\/monti.lt\/en\/product\/kurybinis-rinkinys-muilas-ir-kvapai\/","og_site_name":"Montessori \u017eaislai","article_modified_time":"2026-02-14T19:30:42+00:00","og_image":[{"width":470,"height":470,"url":"https:\/\/monti.lt\/wp-content\/uploads\/2025\/10\/470x470_ref-231-sentosphere-kit-cosmetique-creatif-savons-et-senteurs-boite-ouverte.png","type":"image\/png"}],"twitter_card":"summary_large_image","twitter_misc":{"Est. reading time":"1 minute"},"schema":{"@context":"https:\/\/schema.org","@graph":[{"@type":"WebPage","@id":"https:\/\/monti.lt\/product\/kurybinis-rinkinys-muilas-ir-kvapai\/","url":"https:\/\/monti.lt\/product\/kurybinis-rinkinys-muilas-ir-kvapai\/","name":"K\u016brybinis rinkinys \u201eMuilas ir kvapai\u201c - Montessori \u017eaislai","isPartOf":{"@id":"https:\/\/monti.lt\/#website"},"primaryImageOfPage":{"@id":"https:\/\/monti.lt\/product\/kurybinis-rinkinys-muilas-ir-kvapai\/#primaryimage"},"image":{"@id":"https:\/\/monti.lt\/product\/kurybinis-rinkinys-muilas-ir-kvapai\/#primaryimage"},"thumbnailUrl":"https:\/\/monti.lt\/wp-content\/uploads\/2025\/10\/470x470_ref-231-sentosphere-kit-cosmetique-creatif-savons-et-senteurs-boite-ouverte.png","datePublished":"2025-10-23T12:41:06+00:00","dateModified":"2026-02-14T19:30:42+00:00","breadcrumb":{"@id":"https:\/\/monti.lt\/product\/kurybinis-rinkinys-muilas-ir-kvapai\/#breadcrumb"},"inLanguage":"en-US","potentialAction":[{"@type":"ReadAction","target":["https:\/\/monti.lt\/product\/kurybinis-rinkinys-muilas-ir-kvapai\/"]}]},{"@type":"ImageObject","inLanguage":"en-US","@id":"https:\/\/monti.lt\/product\/kurybinis-rinkinys-muilas-ir-kvapai\/#primaryimage","url":"https:\/\/monti.lt\/wp-content\/uploads\/2025\/10\/470x470_ref-231-sentosphere-kit-cosmetique-creatif-savons-et-senteurs-boite-ouverte.png","contentUrl":"https:\/\/monti.lt\/wp-content\/uploads\/2025\/10\/470x470_ref-231-sentosphere-kit-cosmetique-creatif-savons-et-senteurs-boite-ouverte.png","width":470,"height":470,"caption":"muilo rinkinys"},{"@type":"BreadcrumbList","@id":"https:\/\/monti.lt\/product\/kurybinis-rinkinys-muilas-ir-kvapai\/#breadcrumb","itemListElement":[{"@type":"ListItem","position":1,"name":"Home","item":"https:\/\/monti.lt\/"},{"@type":"ListItem","position":2,"name":"Parduotuv\u0117","item":"https:\/\/monti.lt\/shop\/"},{"@type":"ListItem","position":3,"name":"K\u016brybinis rinkinys \u201eMuilas ir kvapai\u201c"}]},{"@type":"WebSite","@id":"https:\/\/monti.lt\/#website","url":"https:\/\/monti.lt\/","name":"Montessori \u017eaislai","description":"","publisher":{"@id":"https:\/\/monti.lt\/#organization"},"potentialAction":[{"@type":"SearchAction","target":{"@type":"EntryPoint","urlTemplate":"https:\/\/monti.lt\/?s={search_term_string}"},"query-input":"required name=search_term_string"}],"inLanguage":"en-US"},{"@type":"Organization","@id":"https:\/\/monti.lt\/#organization","name":"Montessori \u017eaislai","url":"https:\/\/monti.lt\/","logo":{"@type":"ImageObject","inLanguage":"en-US","@id":"https:\/\/monti.lt\/#\/schema\/logo\/image\/","url":"https:\/\/monti.lt\/wp-content\/uploads\/2022\/03\/montilogo-1.png","contentUrl":"https:\/\/monti.lt\/wp-content\/uploads\/2022\/03\/montilogo-1.png","width":512,"height":512,"caption":"Montessori \u017eaislai"},"image":{"@id":"https:\/\/monti.lt\/#\/schema\/logo\/image\/"}}]}},"_links":{"self":[{"href":"https:\/\/monti.lt\/en\/wp-json\/wp\/v2\/product\/34715"}],"collection":[{"href":"https:\/\/monti.lt\/en\/wp-json\/wp\/v2\/product"}],"about":[{"href":"https:\/\/monti.lt\/en\/wp-json\/wp\/v2\/types\/product"}],"version-history":[{"count":2,"href":"https:\/\/monti.lt\/en\/wp-json\/wp\/v2\/product\/34715\/revisions"}],"predecessor-version":[{"id":34718,"href":"https:\/\/monti.lt\/en\/wp-json\/wp\/v2\/product\/34715\/revisions\/34718"}],"wp:featuredmedia":[{"embeddable":true,"href":"https:\/\/monti.lt\/en\/wp-json\/wp\/v2\/media\/34716"}],"wp:attachment":[{"href":"https:\/\/monti.lt\/en\/wp-json\/wp\/v2\/media?parent=34715"}],"wp:term":[{"taxonomy":"product_cat","embeddable":true,"href":"https:\/\/monti.lt\/en\/wp-json\/wp\/v2\/product_cat?post=34715"},{"taxonomy":"product_tag","embeddable":true,"href":"https:\/\/monti.lt\/en\/wp-json\/wp\/v2\/product_tag?post=34715"}],"curies":[{"name":"wp","href":"https:\/\/api.w.org\/{rel}","templated":true}]}}