{"id":34719,"date":"2025-10-23T12:45:19","date_gmt":"2025-10-23T12:45:19","guid":{"rendered":"https:\/\/monti.lt\/?post_type=product&#038;p=34719"},"modified":"2025-12-06T11:57:38","modified_gmt":"2025-12-06T11:57:38","slug":"squigz-deluxe-44vnt-lipsniukai","status":"publish","type":"product","link":"https:\/\/monti.lt\/en\/product\/squigz-deluxe-44vnt-lipsniukai\/","title":{"rendered":"Squigz Deluxe (44vnt) lip\u0161niukai"},"content":{"rendered":"","protected":false},"excerpt":{"rendered":"<h4 data-start=\"0\" data-end=\"69\"><strong data-start=\"4\" data-end=\"67\">Squigz \u2013 linksmi lip\u0161niukai, kurie nepakl\u016bsta gravitacijai!<\/strong><\/h4>\n<p data-start=\"71\" data-end=\"310\"><strong data-start=\"71\" data-end=\"81\">Squigz<\/strong>\u00a0\u2013 tai inovatyvus ir smagus\u00a0<strong data-start=\"109\" data-end=\"137\">lip\u0161niuk\u0173 konstruktorius<\/strong>, kuris kvie\u010dia vaikus \u012f\u00a0<strong data-start=\"162\" data-end=\"207\">neribotos k\u016brybos ir eksperiment\u0173 pasaul\u012f<\/strong>! Jie\u00a0<strong data-start=\"213\" data-end=\"261\">limpa prie vonios sien\u0173, lang\u0173, stal\u0173, lent\u0173<\/strong>\u00a0ir kit\u0173 lygi\u0173 pavir\u0161i\u0173 \u2013\u00a0<strong data-start=\"287\" data-end=\"308\">be joki\u0173 p\u0117dsak\u0173!<\/strong><\/p>\n<p data-start=\"312\" data-end=\"642\">Squigz yra\u00a0<strong data-start=\"323\" data-end=\"354\">lankst\u016bs, tampr\u016bs ir lipn\u016bs<\/strong>, tod\u0117l juos galima sujungti \u012fvairiais b\u016bdais \u2013\u00a0<strong data-start=\"402\" data-end=\"455\">statyti raketas, gyv\u016bnus, fantastinius persona\u017eus<\/strong>\u00a0ar net pasidaryti aksesuarus! Kai lip\u0161niukai susikimba, juos reikia \u0161iek tiek patempti, ir\u00a0<strong data-start=\"547\" data-end=\"592\">jie atlimpa skleisdami smag\u0173 \u201ePOP!\u201c gars\u0105<\/strong>, kuris suteikia \u017eaidimui dar daugiau d\u017eiaugsmo!<\/p>\n<h4 data-start=\"644\" data-end=\"681\"><strong data-start=\"648\" data-end=\"679\">Kod\u0117l Squigz u\u017eburia visus?<\/strong><\/h4>\n<p data-start=\"683\" data-end=\"1448\">\u2714\u00a0<strong data-start=\"685\" data-end=\"703\">K\u016brybos laisv\u0117<\/strong>\u00a0\u2013 galima jungti ir formuoti \u012fvairiausias konstrukcijas!<br data-start=\"759\" data-end=\"762\" \/>\u2714\u00a0<strong data-start=\"764\" data-end=\"787\">Lankst\u016bs ir tampr\u016bs<\/strong>\u00a0\u2013 nesul\u016b\u017eta, lengvai tempiasi ir lenkiasi.<br data-start=\"830\" data-end=\"833\" \/>\u2714\u00a0<strong data-start=\"835\" data-end=\"872\">Lipn\u016bs, bet nepaliekantys p\u0117dsak\u0173<\/strong>\u00a0\u2013 saugiai prilimpa prie \u012fvairi\u0173 pavir\u0161i\u0173 ir lengvai nusiima.<br data-start=\"933\" data-end=\"936\" \/>\u2714\u00a0<strong data-start=\"938\" data-end=\"968\">Tobulas jutiminis \u017eaidimas<\/strong>\u00a0\u2013 lavina\u00a0<strong data-start=\"978\" data-end=\"1000\">smulki\u0105j\u0105 motorik\u0105<\/strong>, skatina\u00a0<strong data-start=\"1010\" data-end=\"1032\">sensorin\u012f pa\u017einim\u0105<\/strong>\u00a0ir padeda atsipalaiduoti.<br data-start=\"1058\" data-end=\"1061\" \/>\u2714\u00a0<strong data-start=\"1063\" data-end=\"1088\">Gravitacijos i\u0161\u0161\u016bkis!<\/strong>\u00a0\u2013 Squigz puikiai limpa ne tik ant stalo, bet ir ant\u00a0<strong data-start=\"1141\" data-end=\"1180\">vertikali\u0173 ar net apverst\u0173 pavir\u0161i\u0173<\/strong>!<br data-start=\"1181\" data-end=\"1184\" \/>\u2714\u00a0<strong data-start=\"1186\" data-end=\"1208\">Vonios linksmyb\u0117s!<\/strong>\u00a0\u2013 idealus \u017eaidimui vonioje, nes nesugeria vandens ir lengvai nusivalo.<br data-start=\"1279\" data-end=\"1282\" \/>\u2714\u00a0<strong data-start=\"1284\" data-end=\"1324\">Pagaminti i\u0161 100% maistinio silikono<\/strong>\u00a0\u2013\u00a0<strong data-start=\"1327\" data-end=\"1363\">BPA ir latekso neturinti sud\u0117tis<\/strong>, saugi visiems vaikams.<br data-start=\"1387\" data-end=\"1390\" \/>\u2714\u00a0<strong data-start=\"1392\" data-end=\"1446\">8 skirtingos formos \u2013 dar daugiau galimybi\u0173 kurti!<\/strong><\/p>\n<p data-start=\"1450\" data-end=\"1539\"><strong data-start=\"1455\" data-end=\"1490\">Tinka \u012fvairaus am\u017eiaus vaikams!<\/strong>\u00a0|\u00a0<strong data-start=\"1493\" data-end=\"1537\">Rinkit\u0117s i\u0161 22 arba 44 lip\u0161niuk\u0173 rinkini\u0173!<\/strong><\/p>\n<p data-start=\"1541\" data-end=\"1665\" data-is-last-node=\"\" data-is-only-node=\"\">I\u0161bandykite Squigz \u2013\u00a0<strong data-start=\"1562\" data-end=\"1612\">lip\u0161n\u0173, lankst\u0173 ir be galo smag\u0173 konstruktori\u0173<\/strong>, kuris \u012ftrauks tiek vaikus, tiek suaugusiuosius! Nuo 3 met\u0173.<\/p>","protected":false},"featured_media":34721,"template":"","meta":{"_acf_changed":false,"iawp_total_views":45},"product_cat":[251,87,84,86,199],"product_tag":[97,98,99],"class_list":{"0":"post-34719","1":"product","2":"type-product","3":"status-publish","4":"has-post-thumbnail","6":"product_cat-fat-brain-toys","7":"product_cat-kurybiniai-rinkiniai","8":"product_cat-lavinamieji-zaislai","9":"product_cat-smulkioji-motorika","10":"product_cat-ugdymo-istaigoms","11":"product_tag-3-m-4-m","12":"product_tag-5-m-7-m","13":"product_tag-8-m-11-m","15":"first","16":"outofstock","17":"sale","18":"taxable","19":"shipping-taxable","20":"purchasable","21":"product-type-simple"},"acf":[],"yoast_head":"<!-- This site is optimized with the Yoast SEO plugin v23.3 - https:\/\/yoast.com\/wordpress\/plugins\/seo\/ -->\n<title>Squigz Deluxe (44vnt) lip\u0161niukai - Montessori \u017eaislai<\/title>\n<meta name=\"robots\" content=\"index, follow, max-snippet:-1, max-image-preview:large, max-video-preview:-1\" \/>\n<link rel=\"canonical\" href=\"https:\/\/monti.lt\/en\/product\/squigz-deluxe-44vnt-lipsniukai\/\" \/>\n<meta property=\"og:locale\" content=\"en_US\" \/>\n<meta property=\"og:type\" content=\"article\" \/>\n<meta property=\"og:title\" content=\"Squigz Deluxe (44vnt) lip\u0161niukai - Montessori \u017eaislai\" \/>\n<meta property=\"og:description\" content=\"Squigz \u2013 linksmi lip\u0161niukai, kurie nepakl\u016bsta gravitacijai! Squigz\u00a0\u2013 tai inovatyvus ir smagus\u00a0lip\u0161niuk\u0173 konstruktorius, kuris kvie\u010dia vaikus \u012f\u00a0neribotos k\u016brybos ir eksperiment\u0173 pasaul\u012f! Jie\u00a0limpa prie vonios sien\u0173, lang\u0173, stal\u0173, lent\u0173\u00a0ir kit\u0173 lygi\u0173 pavir\u0161i\u0173 \u2013\u00a0be joki\u0173 p\u0117dsak\u0173! Squigz yra\u00a0lankst\u016bs, tampr\u016bs ir lipn\u016bs, tod\u0117l juos galima sujungti \u012fvairiais b\u016bdais \u2013\u00a0statyti raketas, gyv\u016bnus, fantastinius persona\u017eus\u00a0ar net pasidaryti aksesuarus! Kai lip\u0161niukai susikimba, juos reikia \u0161iek tiek patempti, ir\u00a0jie atlimpa skleisdami smag\u0173 \u201ePOP!\u201c gars\u0105, kuris suteikia \u017eaidimui dar daugiau d\u017eiaugsmo!  Kod\u0117l Squigz u\u017eburia visus? \u2714\u00a0K\u016brybos laisv\u0117\u00a0\u2013 galima jungti ir formuoti \u012fvairiausias konstrukcijas!\u2714\u00a0Lankst\u016bs ir tampr\u016bs\u00a0\u2013 nesul\u016b\u017eta, lengvai tempiasi ir lenkiasi.\u2714\u00a0Lipn\u016bs, bet nepaliekantys p\u0117dsak\u0173\u00a0\u2013 saugiai prilimpa prie \u012fvairi\u0173 pavir\u0161i\u0173 ir lengvai nusiima.\u2714\u00a0Tobulas jutiminis \u017eaidimas\u00a0\u2013 lavina\u00a0smulki\u0105j\u0105 motorik\u0105, skatina\u00a0sensorin\u012f pa\u017einim\u0105\u00a0ir padeda atsipalaiduoti.\u2714\u00a0Gravitacijos i\u0161\u0161\u016bkis!\u00a0\u2013 Squigz puikiai limpa ne tik ant stalo, bet ir ant\u00a0vertikali\u0173 ar net apverst\u0173 pavir\u0161i\u0173!\u2714\u00a0Vonios linksmyb\u0117s!\u00a0\u2013 idealus \u017eaidimui vonioje, nes nesugeria vandens ir lengvai nusivalo.\u2714\u00a0Pagaminti i\u0161 100% maistinio silikono\u00a0\u2013\u00a0BPA ir latekso neturinti sud\u0117tis, saugi visiems vaikams.\u2714\u00a08 skirtingos formos \u2013 dar daugiau galimybi\u0173 kurti! Tinka \u012fvairaus am\u017eiaus vaikams!\u00a0|\u00a0Rinkit\u0117s i\u0161 22 arba 44 lip\u0161niuk\u0173 rinkini\u0173! I\u0161bandykite Squigz \u2013\u00a0lip\u0161n\u0173, lankst\u0173 ir be galo smag\u0173 konstruktori\u0173, kuris \u012ftrauks tiek vaikus, tiek suaugusiuosius! Nuo 3 met\u0173.\" \/>\n<meta property=\"og:url\" content=\"https:\/\/monti.lt\/en\/product\/squigz-deluxe-44vnt-lipsniukai\/\" \/>\n<meta property=\"og:site_name\" content=\"Montessori \u017eaislai\" \/>\n<meta property=\"article:modified_time\" content=\"2025-12-06T11:57:38+00:00\" \/>\n<meta property=\"og:image\" content=\"https:\/\/monti.lt\/wp-content\/uploads\/2025\/10\/fa088_8.jpg\" \/>\n\t<meta property=\"og:image:width\" content=\"645\" \/>\n\t<meta property=\"og:image:height\" content=\"645\" \/>\n\t<meta property=\"og:image:type\" content=\"image\/jpeg\" \/>\n<meta name=\"twitter:card\" content=\"summary_large_image\" \/>\n<meta name=\"twitter:label1\" content=\"Est. reading time\" \/>\n\t<meta name=\"twitter:data1\" content=\"1 minute\" \/>\n<script type=\"application\/ld+json\" class=\"yoast-schema-graph\">{\"@context\":\"https:\/\/schema.org\",\"@graph\":[{\"@type\":\"WebPage\",\"@id\":\"https:\/\/monti.lt\/product\/squigz-deluxe-44vnt-lipsniukai\/\",\"url\":\"https:\/\/monti.lt\/product\/squigz-deluxe-44vnt-lipsniukai\/\",\"name\":\"Squigz Deluxe (44vnt) lip\u0161niukai - Montessori \u017eaislai\",\"isPartOf\":{\"@id\":\"https:\/\/monti.lt\/#website\"},\"primaryImageOfPage\":{\"@id\":\"https:\/\/monti.lt\/product\/squigz-deluxe-44vnt-lipsniukai\/#primaryimage\"},\"image\":{\"@id\":\"https:\/\/monti.lt\/product\/squigz-deluxe-44vnt-lipsniukai\/#primaryimage\"},\"thumbnailUrl\":\"https:\/\/monti.lt\/wp-content\/uploads\/2025\/10\/fa088_8.jpg\",\"datePublished\":\"2025-10-23T12:45:19+00:00\",\"dateModified\":\"2025-12-06T11:57:38+00:00\",\"breadcrumb\":{\"@id\":\"https:\/\/monti.lt\/product\/squigz-deluxe-44vnt-lipsniukai\/#breadcrumb\"},\"inLanguage\":\"en-US\",\"potentialAction\":[{\"@type\":\"ReadAction\",\"target\":[\"https:\/\/monti.lt\/product\/squigz-deluxe-44vnt-lipsniukai\/\"]}]},{\"@type\":\"ImageObject\",\"inLanguage\":\"en-US\",\"@id\":\"https:\/\/monti.lt\/product\/squigz-deluxe-44vnt-lipsniukai\/#primaryimage\",\"url\":\"https:\/\/monti.lt\/wp-content\/uploads\/2025\/10\/fa088_8.jpg\",\"contentUrl\":\"https:\/\/monti.lt\/wp-content\/uploads\/2025\/10\/fa088_8.jpg\",\"width\":645,\"height\":645},{\"@type\":\"BreadcrumbList\",\"@id\":\"https:\/\/monti.lt\/product\/squigz-deluxe-44vnt-lipsniukai\/#breadcrumb\",\"itemListElement\":[{\"@type\":\"ListItem\",\"position\":1,\"name\":\"Home\",\"item\":\"https:\/\/monti.lt\/\"},{\"@type\":\"ListItem\",\"position\":2,\"name\":\"Parduotuv\u0117\",\"item\":\"https:\/\/monti.lt\/shop\/\"},{\"@type\":\"ListItem\",\"position\":3,\"name\":\"Squigz Deluxe (44vnt) lip\u0161niukai\"}]},{\"@type\":\"WebSite\",\"@id\":\"https:\/\/monti.lt\/#website\",\"url\":\"https:\/\/monti.lt\/\",\"name\":\"Montessori \u017eaislai\",\"description\":\"\",\"publisher\":{\"@id\":\"https:\/\/monti.lt\/#organization\"},\"potentialAction\":[{\"@type\":\"SearchAction\",\"target\":{\"@type\":\"EntryPoint\",\"urlTemplate\":\"https:\/\/monti.lt\/?s={search_term_string}\"},\"query-input\":\"required name=search_term_string\"}],\"inLanguage\":\"en-US\"},{\"@type\":\"Organization\",\"@id\":\"https:\/\/monti.lt\/#organization\",\"name\":\"Montessori \u017eaislai\",\"url\":\"https:\/\/monti.lt\/\",\"logo\":{\"@type\":\"ImageObject\",\"inLanguage\":\"en-US\",\"@id\":\"https:\/\/monti.lt\/#\/schema\/logo\/image\/\",\"url\":\"https:\/\/monti.lt\/wp-content\/uploads\/2022\/03\/montilogo-1.png\",\"contentUrl\":\"https:\/\/monti.lt\/wp-content\/uploads\/2022\/03\/montilogo-1.png\",\"width\":512,\"height\":512,\"caption\":\"Montessori \u017eaislai\"},\"image\":{\"@id\":\"https:\/\/monti.lt\/#\/schema\/logo\/image\/\"}}]}<\/script>\n<!-- \/ Yoast SEO plugin. -->","yoast_head_json":{"title":"Squigz Deluxe (44vnt) lip\u0161niukai - Montessori \u017eaislai","robots":{"index":"index","follow":"follow","max-snippet":"max-snippet:-1","max-image-preview":"max-image-preview:large","max-video-preview":"max-video-preview:-1"},"canonical":"https:\/\/monti.lt\/en\/product\/squigz-deluxe-44vnt-lipsniukai\/","og_locale":"en_US","og_type":"article","og_title":"Squigz Deluxe (44vnt) lip\u0161niukai - Montessori \u017eaislai","og_description":"Squigz \u2013 linksmi lip\u0161niukai, kurie nepakl\u016bsta gravitacijai! Squigz\u00a0\u2013 tai inovatyvus ir smagus\u00a0lip\u0161niuk\u0173 konstruktorius, kuris kvie\u010dia vaikus \u012f\u00a0neribotos k\u016brybos ir eksperiment\u0173 pasaul\u012f! Jie\u00a0limpa prie vonios sien\u0173, lang\u0173, stal\u0173, lent\u0173\u00a0ir kit\u0173 lygi\u0173 pavir\u0161i\u0173 \u2013\u00a0be joki\u0173 p\u0117dsak\u0173! Squigz yra\u00a0lankst\u016bs, tampr\u016bs ir lipn\u016bs, tod\u0117l juos galima sujungti \u012fvairiais b\u016bdais \u2013\u00a0statyti raketas, gyv\u016bnus, fantastinius persona\u017eus\u00a0ar net pasidaryti aksesuarus! Kai lip\u0161niukai susikimba, juos reikia \u0161iek tiek patempti, ir\u00a0jie atlimpa skleisdami smag\u0173 \u201ePOP!\u201c gars\u0105, kuris suteikia \u017eaidimui dar daugiau d\u017eiaugsmo!  Kod\u0117l Squigz u\u017eburia visus? \u2714\u00a0K\u016brybos laisv\u0117\u00a0\u2013 galima jungti ir formuoti \u012fvairiausias konstrukcijas!\u2714\u00a0Lankst\u016bs ir tampr\u016bs\u00a0\u2013 nesul\u016b\u017eta, lengvai tempiasi ir lenkiasi.\u2714\u00a0Lipn\u016bs, bet nepaliekantys p\u0117dsak\u0173\u00a0\u2013 saugiai prilimpa prie \u012fvairi\u0173 pavir\u0161i\u0173 ir lengvai nusiima.\u2714\u00a0Tobulas jutiminis \u017eaidimas\u00a0\u2013 lavina\u00a0smulki\u0105j\u0105 motorik\u0105, skatina\u00a0sensorin\u012f pa\u017einim\u0105\u00a0ir padeda atsipalaiduoti.\u2714\u00a0Gravitacijos i\u0161\u0161\u016bkis!\u00a0\u2013 Squigz puikiai limpa ne tik ant stalo, bet ir ant\u00a0vertikali\u0173 ar net apverst\u0173 pavir\u0161i\u0173!\u2714\u00a0Vonios linksmyb\u0117s!\u00a0\u2013 idealus \u017eaidimui vonioje, nes nesugeria vandens ir lengvai nusivalo.\u2714\u00a0Pagaminti i\u0161 100% maistinio silikono\u00a0\u2013\u00a0BPA ir latekso neturinti sud\u0117tis, saugi visiems vaikams.\u2714\u00a08 skirtingos formos \u2013 dar daugiau galimybi\u0173 kurti! Tinka \u012fvairaus am\u017eiaus vaikams!\u00a0|\u00a0Rinkit\u0117s i\u0161 22 arba 44 lip\u0161niuk\u0173 rinkini\u0173! I\u0161bandykite Squigz \u2013\u00a0lip\u0161n\u0173, lankst\u0173 ir be galo smag\u0173 konstruktori\u0173, kuris \u012ftrauks tiek vaikus, tiek suaugusiuosius! Nuo 3 met\u0173.","og_url":"https:\/\/monti.lt\/en\/product\/squigz-deluxe-44vnt-lipsniukai\/","og_site_name":"Montessori \u017eaislai","article_modified_time":"2025-12-06T11:57:38+00:00","og_image":[{"width":645,"height":645,"url":"https:\/\/monti.lt\/wp-content\/uploads\/2025\/10\/fa088_8.jpg","type":"image\/jpeg"}],"twitter_card":"summary_large_image","twitter_misc":{"Est. reading time":"1 minute"},"schema":{"@context":"https:\/\/schema.org","@graph":[{"@type":"WebPage","@id":"https:\/\/monti.lt\/product\/squigz-deluxe-44vnt-lipsniukai\/","url":"https:\/\/monti.lt\/product\/squigz-deluxe-44vnt-lipsniukai\/","name":"Squigz Deluxe (44vnt) lip\u0161niukai - Montessori \u017eaislai","isPartOf":{"@id":"https:\/\/monti.lt\/#website"},"primaryImageOfPage":{"@id":"https:\/\/monti.lt\/product\/squigz-deluxe-44vnt-lipsniukai\/#primaryimage"},"image":{"@id":"https:\/\/monti.lt\/product\/squigz-deluxe-44vnt-lipsniukai\/#primaryimage"},"thumbnailUrl":"https:\/\/monti.lt\/wp-content\/uploads\/2025\/10\/fa088_8.jpg","datePublished":"2025-10-23T12:45:19+00:00","dateModified":"2025-12-06T11:57:38+00:00","breadcrumb":{"@id":"https:\/\/monti.lt\/product\/squigz-deluxe-44vnt-lipsniukai\/#breadcrumb"},"inLanguage":"en-US","potentialAction":[{"@type":"ReadAction","target":["https:\/\/monti.lt\/product\/squigz-deluxe-44vnt-lipsniukai\/"]}]},{"@type":"ImageObject","inLanguage":"en-US","@id":"https:\/\/monti.lt\/product\/squigz-deluxe-44vnt-lipsniukai\/#primaryimage","url":"https:\/\/monti.lt\/wp-content\/uploads\/2025\/10\/fa088_8.jpg","contentUrl":"https:\/\/monti.lt\/wp-content\/uploads\/2025\/10\/fa088_8.jpg","width":645,"height":645},{"@type":"BreadcrumbList","@id":"https:\/\/monti.lt\/product\/squigz-deluxe-44vnt-lipsniukai\/#breadcrumb","itemListElement":[{"@type":"ListItem","position":1,"name":"Home","item":"https:\/\/monti.lt\/"},{"@type":"ListItem","position":2,"name":"Parduotuv\u0117","item":"https:\/\/monti.lt\/shop\/"},{"@type":"ListItem","position":3,"name":"Squigz Deluxe (44vnt) lip\u0161niukai"}]},{"@type":"WebSite","@id":"https:\/\/monti.lt\/#website","url":"https:\/\/monti.lt\/","name":"Montessori \u017eaislai","description":"","publisher":{"@id":"https:\/\/monti.lt\/#organization"},"potentialAction":[{"@type":"SearchAction","target":{"@type":"EntryPoint","urlTemplate":"https:\/\/monti.lt\/?s={search_term_string}"},"query-input":"required name=search_term_string"}],"inLanguage":"en-US"},{"@type":"Organization","@id":"https:\/\/monti.lt\/#organization","name":"Montessori \u017eaislai","url":"https:\/\/monti.lt\/","logo":{"@type":"ImageObject","inLanguage":"en-US","@id":"https:\/\/monti.lt\/#\/schema\/logo\/image\/","url":"https:\/\/monti.lt\/wp-content\/uploads\/2022\/03\/montilogo-1.png","contentUrl":"https:\/\/monti.lt\/wp-content\/uploads\/2022\/03\/montilogo-1.png","width":512,"height":512,"caption":"Montessori \u017eaislai"},"image":{"@id":"https:\/\/monti.lt\/#\/schema\/logo\/image\/"}}]}},"_links":{"self":[{"href":"https:\/\/monti.lt\/en\/wp-json\/wp\/v2\/product\/34719"}],"collection":[{"href":"https:\/\/monti.lt\/en\/wp-json\/wp\/v2\/product"}],"about":[{"href":"https:\/\/monti.lt\/en\/wp-json\/wp\/v2\/types\/product"}],"version-history":[{"count":2,"href":"https:\/\/monti.lt\/en\/wp-json\/wp\/v2\/product\/34719\/revisions"}],"predecessor-version":[{"id":34723,"href":"https:\/\/monti.lt\/en\/wp-json\/wp\/v2\/product\/34719\/revisions\/34723"}],"wp:featuredmedia":[{"embeddable":true,"href":"https:\/\/monti.lt\/en\/wp-json\/wp\/v2\/media\/34721"}],"wp:attachment":[{"href":"https:\/\/monti.lt\/en\/wp-json\/wp\/v2\/media?parent=34719"}],"wp:term":[{"taxonomy":"product_cat","embeddable":true,"href":"https:\/\/monti.lt\/en\/wp-json\/wp\/v2\/product_cat?post=34719"},{"taxonomy":"product_tag","embeddable":true,"href":"https:\/\/monti.lt\/en\/wp-json\/wp\/v2\/product_tag?post=34719"}],"curies":[{"name":"wp","href":"https:\/\/api.w.org\/{rel}","templated":true}]}}