{"id":34815,"date":"2025-10-27T12:15:53","date_gmt":"2025-10-27T12:15:53","guid":{"rendered":"https:\/\/monti.lt\/?post_type=product&#038;p=34815"},"modified":"2025-12-01T10:31:01","modified_gmt":"2025-12-01T10:31:01","slug":"viga-mediniu-kamuoliuku-zaidimas-su-metalofonu","status":"publish","type":"product","link":"https:\/\/monti.lt\/en\/product\/viga-mediniu-kamuoliuku-zaidimas-su-metalofonu\/","title":{"rendered":"Viga medini\u0173 kamuoliuk\u0173 \u017eaidimas su metalofonu"},"content":{"rendered":"<p>VIGA Mediniai kamuoliukai + cimbolai 2in1 Leiskite savo vaikui atrasti gars\u0173 ir linksmybi\u0173 pasaul\u012f su mediniais cimbolais ir kamuoliukais viename! Tai unikalus edukacinis \u017eaislas, kuris ne tik suteiks valand\u0173 valandas d\u017eiaugsmo, bet ir leis vaikui \u017eaisti dviem b\u016bdais: mu\u0161ti cimbolus lazda, kuriant gra\u017eias melodijas, arba naudoti skyl\u0119 \u2013 kamuoliukai nukrenta ant cimbol\u0173, skleisdami subtil\u0173, ausiai malon\u0173 gars\u0105. Puikus \u017eaislas, ugdantis rank\u0173 \u012fg\u016bd\u017eius, motorin\u0119 koordinacij\u0105 ir klaus\u0105. Puikiai tinka ma\u017eiesiems menininkams, kurie m\u0117gsta derinti linksmybes su mokymusi!<\/p>\n\n\n\n<p>Charakteristikos:<\/p>\n\n\n\n<ul class=\"wp-block-list\">\n<li>\u017daislas nuo 18 m\u0117nesi\u0173<\/li>\n\n\n\n<li>Dvi funkcijos viename \u017eaisle &#8211; Mu\u0161kite kamuoliukus plaktuku ir steb\u0117kite, kaip jie krenta ant cimbol\u0173, skleisdami \u0161velnius garsus. Taip pat galite naudoti lazdel\u0119, kad sukurtum\u0117te savo melodijas ant spalvot\u0173 klavi\u0161\u0173!<\/li>\n\n\n\n<li>Idealiai tinka ritmo poj\u016b\u010dio, klausos, smulkiosios motorikos \u012fg\u016bd\u017ei\u0173 ir k\u016brybi\u0161kumo ugdymui.<\/li>\n\n\n\n<li>\u017daislai pagaminti i\u0161 lakuoto med\u017eio, da\u017eyti netoksin\u0117mis da\u017eais.<\/li>\n\n\n\n<li>\u017daislas sud\u0117tyje turi: spalvotus cimbolus, plaktuk\u0105, lazdeles ir 3 kamuoliukus.<br>\u017daislas ugdo:<\/li>\n\n\n\n<li>Ritmo jausm\u0105<\/li>\n\n\n\n<li>Muzikin\u0119 i\u0161rai\u0161k\u0105<\/li>\n\n\n\n<li>K\u016brybi\u0161kum\u0105<\/li>\n\n\n\n<li>Klaus\u0105<\/li>\n\n\n\n<li>Smulki\u0105j\u0105 motorik\u0105<\/li>\n<\/ul>\n\n\n\n<p><\/p>","protected":false},"excerpt":{"rendered":"<p>VIGA Mediniai kamuoliukai + cimbolai 2in1 Leiskite savo vaikui atrasti gars\u0173 ir linksmybi\u0173 pasaul\u012f su mediniais cimbolais ir kamuoliukais viename! Tai unikalus edukacinis \u017eaislas, kuris ne tik suteiks valand\u0173 valandas d\u017eiaugsmo, bet ir leis vaikui \u017eaisti dviem b\u016bdais: mu\u0161ti cimbolus lazda, kuriant gra\u017eias melodijas, arba naudoti skyl\u0119 \u2013 kamuoliukai nukrenta ant cimbol\u0173, skleisdami subtil\u0173, ausiai [&hellip;]<\/p>","protected":false},"featured_media":34816,"template":"","meta":{"_acf_changed":false,"iawp_total_views":104},"product_cat":[193,194,191,192,84,102,83,85,242,86,245,49,39],"product_tag":[95,96,97],"class_list":{"0":"post-34815","1":"product","2":"type-product","3":"status-publish","4":"has-post-thumbnail","6":"product_cat-dovanos-vaikams-1-2-metu","7":"product_cat-dovanos-vaikams-2-3-metu","8":"product_cat-dovanos-vaikams","9":"product_cat-kaledines-dovanos-vaikams","10":"product_cat-lavinamieji-zaislai","11":"product_cat-mediniai-zaislai","12":"product_cat-montessori-zaislai","13":"product_cat-muzikiniai-zaislai","14":"product_cat-pagal-gamintoja","15":"product_cat-smulkioji-motorika","16":"product_cat-viga","17":"product_cat-visi-zaislai","18":"product_cat-zaislai","19":"product_tag-1-m-2-m","20":"product_tag-2-m-3-m","21":"product_tag-3-m-4-m","23":"first","24":"outofstock","25":"sale","26":"taxable","27":"shipping-taxable","28":"purchasable","29":"product-type-simple"},"acf":[],"yoast_head":"<!-- This site is optimized with the Yoast SEO plugin v23.3 - https:\/\/yoast.com\/wordpress\/plugins\/seo\/ -->\n<title>Viga medini\u0173 kamuoliuk\u0173 \u017eaidimas su metalofonu - Montessori \u017eaislai<\/title>\n<meta name=\"robots\" content=\"index, follow, max-snippet:-1, max-image-preview:large, max-video-preview:-1\" \/>\n<link rel=\"canonical\" href=\"https:\/\/monti.lt\/en\/product\/viga-mediniu-kamuoliuku-zaidimas-su-metalofonu\/\" \/>\n<meta property=\"og:locale\" content=\"en_US\" \/>\n<meta property=\"og:type\" content=\"article\" \/>\n<meta property=\"og:title\" content=\"Viga medini\u0173 kamuoliuk\u0173 \u017eaidimas su metalofonu - Montessori \u017eaislai\" \/>\n<meta property=\"og:description\" content=\"VIGA Mediniai kamuoliukai + cimbolai 2in1 Leiskite savo vaikui atrasti gars\u0173 ir linksmybi\u0173 pasaul\u012f su mediniais cimbolais ir kamuoliukais viename! Tai unikalus edukacinis \u017eaislas, kuris ne tik suteiks valand\u0173 valandas d\u017eiaugsmo, bet ir leis vaikui \u017eaisti dviem b\u016bdais: mu\u0161ti cimbolus lazda, kuriant gra\u017eias melodijas, arba naudoti skyl\u0119 \u2013 kamuoliukai nukrenta ant cimbol\u0173, skleisdami subtil\u0173, ausiai [&hellip;]\" \/>\n<meta property=\"og:url\" content=\"https:\/\/monti.lt\/en\/product\/viga-mediniu-kamuoliuku-zaidimas-su-metalofonu\/\" \/>\n<meta property=\"og:site_name\" content=\"Montessori \u017eaislai\" \/>\n<meta property=\"article:modified_time\" content=\"2025-12-01T10:31:01+00:00\" \/>\n<meta property=\"og:image\" content=\"https:\/\/monti.lt\/wp-content\/uploads\/2025\/10\/viga-drewniany-zestaw-wybijanka-cymbalki-ksylofon-2w1-7.jpg\" \/>\n\t<meta property=\"og:image:width\" content=\"800\" \/>\n\t<meta property=\"og:image:height\" content=\"800\" \/>\n\t<meta property=\"og:image:type\" content=\"image\/jpeg\" \/>\n<meta name=\"twitter:card\" content=\"summary_large_image\" \/>\n<meta name=\"twitter:label1\" content=\"Est. reading time\" \/>\n\t<meta name=\"twitter:data1\" content=\"2 minutes\" \/>\n<script type=\"application\/ld+json\" class=\"yoast-schema-graph\">{\"@context\":\"https:\/\/schema.org\",\"@graph\":[{\"@type\":\"WebPage\",\"@id\":\"https:\/\/monti.lt\/product\/viga-mediniu-kamuoliuku-zaidimas-su-metalofonu\/\",\"url\":\"https:\/\/monti.lt\/product\/viga-mediniu-kamuoliuku-zaidimas-su-metalofonu\/\",\"name\":\"Viga medini\u0173 kamuoliuk\u0173 \u017eaidimas su metalofonu - Montessori \u017eaislai\",\"isPartOf\":{\"@id\":\"https:\/\/monti.lt\/#website\"},\"primaryImageOfPage\":{\"@id\":\"https:\/\/monti.lt\/product\/viga-mediniu-kamuoliuku-zaidimas-su-metalofonu\/#primaryimage\"},\"image\":{\"@id\":\"https:\/\/monti.lt\/product\/viga-mediniu-kamuoliuku-zaidimas-su-metalofonu\/#primaryimage\"},\"thumbnailUrl\":\"https:\/\/monti.lt\/wp-content\/uploads\/2025\/10\/viga-drewniany-zestaw-wybijanka-cymbalki-ksylofon-2w1-7.jpg\",\"datePublished\":\"2025-10-27T12:15:53+00:00\",\"dateModified\":\"2025-12-01T10:31:01+00:00\",\"breadcrumb\":{\"@id\":\"https:\/\/monti.lt\/product\/viga-mediniu-kamuoliuku-zaidimas-su-metalofonu\/#breadcrumb\"},\"inLanguage\":\"en-US\",\"potentialAction\":[{\"@type\":\"ReadAction\",\"target\":[\"https:\/\/monti.lt\/product\/viga-mediniu-kamuoliuku-zaidimas-su-metalofonu\/\"]}]},{\"@type\":\"ImageObject\",\"inLanguage\":\"en-US\",\"@id\":\"https:\/\/monti.lt\/product\/viga-mediniu-kamuoliuku-zaidimas-su-metalofonu\/#primaryimage\",\"url\":\"https:\/\/monti.lt\/wp-content\/uploads\/2025\/10\/viga-drewniany-zestaw-wybijanka-cymbalki-ksylofon-2w1-7.jpg\",\"contentUrl\":\"https:\/\/monti.lt\/wp-content\/uploads\/2025\/10\/viga-drewniany-zestaw-wybijanka-cymbalki-ksylofon-2w1-7.jpg\",\"width\":800,\"height\":800,\"caption\":\"kamuoliuku zaidimas\"},{\"@type\":\"BreadcrumbList\",\"@id\":\"https:\/\/monti.lt\/product\/viga-mediniu-kamuoliuku-zaidimas-su-metalofonu\/#breadcrumb\",\"itemListElement\":[{\"@type\":\"ListItem\",\"position\":1,\"name\":\"Home\",\"item\":\"https:\/\/monti.lt\/\"},{\"@type\":\"ListItem\",\"position\":2,\"name\":\"Parduotuv\u0117\",\"item\":\"https:\/\/monti.lt\/shop\/\"},{\"@type\":\"ListItem\",\"position\":3,\"name\":\"Viga medini\u0173 kamuoliuk\u0173 \u017eaidimas su metalofonu\"}]},{\"@type\":\"WebSite\",\"@id\":\"https:\/\/monti.lt\/#website\",\"url\":\"https:\/\/monti.lt\/\",\"name\":\"Montessori \u017eaislai\",\"description\":\"\",\"publisher\":{\"@id\":\"https:\/\/monti.lt\/#organization\"},\"potentialAction\":[{\"@type\":\"SearchAction\",\"target\":{\"@type\":\"EntryPoint\",\"urlTemplate\":\"https:\/\/monti.lt\/?s={search_term_string}\"},\"query-input\":\"required name=search_term_string\"}],\"inLanguage\":\"en-US\"},{\"@type\":\"Organization\",\"@id\":\"https:\/\/monti.lt\/#organization\",\"name\":\"Montessori \u017eaislai\",\"url\":\"https:\/\/monti.lt\/\",\"logo\":{\"@type\":\"ImageObject\",\"inLanguage\":\"en-US\",\"@id\":\"https:\/\/monti.lt\/#\/schema\/logo\/image\/\",\"url\":\"https:\/\/monti.lt\/wp-content\/uploads\/2022\/03\/montilogo-1.png\",\"contentUrl\":\"https:\/\/monti.lt\/wp-content\/uploads\/2022\/03\/montilogo-1.png\",\"width\":512,\"height\":512,\"caption\":\"Montessori \u017eaislai\"},\"image\":{\"@id\":\"https:\/\/monti.lt\/#\/schema\/logo\/image\/\"}}]}<\/script>\n<!-- \/ Yoast SEO plugin. -->","yoast_head_json":{"title":"Viga medini\u0173 kamuoliuk\u0173 \u017eaidimas su metalofonu - Montessori \u017eaislai","robots":{"index":"index","follow":"follow","max-snippet":"max-snippet:-1","max-image-preview":"max-image-preview:large","max-video-preview":"max-video-preview:-1"},"canonical":"https:\/\/monti.lt\/en\/product\/viga-mediniu-kamuoliuku-zaidimas-su-metalofonu\/","og_locale":"en_US","og_type":"article","og_title":"Viga medini\u0173 kamuoliuk\u0173 \u017eaidimas su metalofonu - Montessori \u017eaislai","og_description":"VIGA Mediniai kamuoliukai + cimbolai 2in1 Leiskite savo vaikui atrasti gars\u0173 ir linksmybi\u0173 pasaul\u012f su mediniais cimbolais ir kamuoliukais viename! Tai unikalus edukacinis \u017eaislas, kuris ne tik suteiks valand\u0173 valandas d\u017eiaugsmo, bet ir leis vaikui \u017eaisti dviem b\u016bdais: mu\u0161ti cimbolus lazda, kuriant gra\u017eias melodijas, arba naudoti skyl\u0119 \u2013 kamuoliukai nukrenta ant cimbol\u0173, skleisdami subtil\u0173, ausiai [&hellip;]","og_url":"https:\/\/monti.lt\/en\/product\/viga-mediniu-kamuoliuku-zaidimas-su-metalofonu\/","og_site_name":"Montessori \u017eaislai","article_modified_time":"2025-12-01T10:31:01+00:00","og_image":[{"width":800,"height":800,"url":"https:\/\/monti.lt\/wp-content\/uploads\/2025\/10\/viga-drewniany-zestaw-wybijanka-cymbalki-ksylofon-2w1-7.jpg","type":"image\/jpeg"}],"twitter_card":"summary_large_image","twitter_misc":{"Est. reading time":"2 minutes"},"schema":{"@context":"https:\/\/schema.org","@graph":[{"@type":"WebPage","@id":"https:\/\/monti.lt\/product\/viga-mediniu-kamuoliuku-zaidimas-su-metalofonu\/","url":"https:\/\/monti.lt\/product\/viga-mediniu-kamuoliuku-zaidimas-su-metalofonu\/","name":"Viga medini\u0173 kamuoliuk\u0173 \u017eaidimas su metalofonu - Montessori \u017eaislai","isPartOf":{"@id":"https:\/\/monti.lt\/#website"},"primaryImageOfPage":{"@id":"https:\/\/monti.lt\/product\/viga-mediniu-kamuoliuku-zaidimas-su-metalofonu\/#primaryimage"},"image":{"@id":"https:\/\/monti.lt\/product\/viga-mediniu-kamuoliuku-zaidimas-su-metalofonu\/#primaryimage"},"thumbnailUrl":"https:\/\/monti.lt\/wp-content\/uploads\/2025\/10\/viga-drewniany-zestaw-wybijanka-cymbalki-ksylofon-2w1-7.jpg","datePublished":"2025-10-27T12:15:53+00:00","dateModified":"2025-12-01T10:31:01+00:00","breadcrumb":{"@id":"https:\/\/monti.lt\/product\/viga-mediniu-kamuoliuku-zaidimas-su-metalofonu\/#breadcrumb"},"inLanguage":"en-US","potentialAction":[{"@type":"ReadAction","target":["https:\/\/monti.lt\/product\/viga-mediniu-kamuoliuku-zaidimas-su-metalofonu\/"]}]},{"@type":"ImageObject","inLanguage":"en-US","@id":"https:\/\/monti.lt\/product\/viga-mediniu-kamuoliuku-zaidimas-su-metalofonu\/#primaryimage","url":"https:\/\/monti.lt\/wp-content\/uploads\/2025\/10\/viga-drewniany-zestaw-wybijanka-cymbalki-ksylofon-2w1-7.jpg","contentUrl":"https:\/\/monti.lt\/wp-content\/uploads\/2025\/10\/viga-drewniany-zestaw-wybijanka-cymbalki-ksylofon-2w1-7.jpg","width":800,"height":800,"caption":"kamuoliuku zaidimas"},{"@type":"BreadcrumbList","@id":"https:\/\/monti.lt\/product\/viga-mediniu-kamuoliuku-zaidimas-su-metalofonu\/#breadcrumb","itemListElement":[{"@type":"ListItem","position":1,"name":"Home","item":"https:\/\/monti.lt\/"},{"@type":"ListItem","position":2,"name":"Parduotuv\u0117","item":"https:\/\/monti.lt\/shop\/"},{"@type":"ListItem","position":3,"name":"Viga medini\u0173 kamuoliuk\u0173 \u017eaidimas su metalofonu"}]},{"@type":"WebSite","@id":"https:\/\/monti.lt\/#website","url":"https:\/\/monti.lt\/","name":"Montessori \u017eaislai","description":"","publisher":{"@id":"https:\/\/monti.lt\/#organization"},"potentialAction":[{"@type":"SearchAction","target":{"@type":"EntryPoint","urlTemplate":"https:\/\/monti.lt\/?s={search_term_string}"},"query-input":"required name=search_term_string"}],"inLanguage":"en-US"},{"@type":"Organization","@id":"https:\/\/monti.lt\/#organization","name":"Montessori \u017eaislai","url":"https:\/\/monti.lt\/","logo":{"@type":"ImageObject","inLanguage":"en-US","@id":"https:\/\/monti.lt\/#\/schema\/logo\/image\/","url":"https:\/\/monti.lt\/wp-content\/uploads\/2022\/03\/montilogo-1.png","contentUrl":"https:\/\/monti.lt\/wp-content\/uploads\/2022\/03\/montilogo-1.png","width":512,"height":512,"caption":"Montessori \u017eaislai"},"image":{"@id":"https:\/\/monti.lt\/#\/schema\/logo\/image\/"}}]}},"_links":{"self":[{"href":"https:\/\/monti.lt\/en\/wp-json\/wp\/v2\/product\/34815"}],"collection":[{"href":"https:\/\/monti.lt\/en\/wp-json\/wp\/v2\/product"}],"about":[{"href":"https:\/\/monti.lt\/en\/wp-json\/wp\/v2\/types\/product"}],"version-history":[{"count":1,"href":"https:\/\/monti.lt\/en\/wp-json\/wp\/v2\/product\/34815\/revisions"}],"predecessor-version":[{"id":34824,"href":"https:\/\/monti.lt\/en\/wp-json\/wp\/v2\/product\/34815\/revisions\/34824"}],"wp:featuredmedia":[{"embeddable":true,"href":"https:\/\/monti.lt\/en\/wp-json\/wp\/v2\/media\/34816"}],"wp:attachment":[{"href":"https:\/\/monti.lt\/en\/wp-json\/wp\/v2\/media?parent=34815"}],"wp:term":[{"taxonomy":"product_cat","embeddable":true,"href":"https:\/\/monti.lt\/en\/wp-json\/wp\/v2\/product_cat?post=34815"},{"taxonomy":"product_tag","embeddable":true,"href":"https:\/\/monti.lt\/en\/wp-json\/wp\/v2\/product_tag?post=34815"}],"curies":[{"name":"wp","href":"https:\/\/api.w.org\/{rel}","templated":true}]}}