{"id":34825,"date":"2025-10-27T12:20:13","date_gmt":"2025-10-27T12:20:13","guid":{"rendered":"https:\/\/monti.lt\/?post_type=product&#038;p=34825"},"modified":"2025-12-01T04:01:49","modified_gmt":"2025-12-01T04:01:49","slug":"viga-medinis-barskutis-3vnt","status":"publish","type":"product","link":"https:\/\/monti.lt\/en\/product\/viga-medinis-barskutis-3vnt\/","title":{"rendered":"Viga medinis bar\u0161kutis, 3vnt."},"content":{"rendered":"<p>\u0160is originalus medinis bar\u0161kutis i\u0161 \u201eViga\u201c \u0161velniomis \u201ePolarB\u201c spalvomis taps j\u016bs\u0173 ma\u017eylio m\u0117gstamiausiu \u017eaislu.<\/p>\n\n\n\n<p>Medinis bar\u0161kutis skirtas m\u016bs\u0173 jauniausiems klientams, kurie tik pradeda tyrin\u0117ti pasaul\u012f. \u017daislas yra trij\u0173 spalv\u0173, o ant jo vir\u0161aus nupie\u0161ti trys skirtingi gyv\u016bnai.<\/p>\n\n\n\n<p>Savyb\u0117s:<\/p>\n\n\n\n<ul class=\"wp-block-list\">\n<li>bar\u0161kutis gali b\u016bti pirmasis \u017eaislas, kur\u012f vaikas gali paimti, purtyti ir ridenti,<\/li>\n\n\n\n<li>jis lengvai pritraukia vaik\u0173 d\u0117mes\u012f ir skatina juos ropin\u0117ti ar vaik\u0161\u010dioti paskui j\u012f,<\/li>\n\n\n\n<li>bar\u0161kutis skleid\u017eia subtil\u0173 gars\u0105, tod\u0117l vaiko klausa n\u0117ra dirginama,<\/li>\n\n\n\n<li>bar\u0161kut\u0117s yra trij\u0173 spalv\u0173,<\/li>\n\n\n\n<li>tiek mediena, tiek da\u017eai, kuriais jos yra da\u017eytos, yra vaikams draugi\u0161ki ir saug\u016bs,<\/li>\n\n\n\n<li>kaina yra u\u017e vien\u0105 bar\u0161kut\u0119 \u2013 spalva siun\u010diama atsitiktinai.<br>\u017daislas ugdo:<\/li>\n\n\n\n<li>motorinius \u012fg\u016bd\u017eius,<\/li>\n\n\n\n<li>klaus\u0105,<\/li>\n\n\n\n<li>rank\u0173 ir aki\u0173 koordinacij\u0105.<\/li>\n<\/ul>\n\n\n\n<p><\/p>\n\n\n\n<p><\/p>","protected":false},"excerpt":{"rendered":"<p>\u0160is originalus medinis bar\u0161kutis i\u0161 \u201eViga\u201c \u0161velniomis \u201ePolarB\u201c spalvomis taps j\u016bs\u0173 ma\u017eylio m\u0117gstamiausiu \u017eaislu. Medinis bar\u0161kutis skirtas m\u016bs\u0173 jauniausiems klientams, kurie tik pradeda tyrin\u0117ti pasaul\u012f. \u017daislas yra trij\u0173 spalv\u0173, o ant jo vir\u0161aus nupie\u0161ti trys skirtingi gyv\u016bnai. Savyb\u0117s:<\/p>","protected":false},"featured_media":34826,"template":"","meta":{"_acf_changed":false,"iawp_total_views":44},"product_cat":[200,191,84,91,102,83,242,86,245,49,39,201],"product_tag":[94],"class_list":{"0":"post-34825","1":"product","2":"type-product","3":"status-publish","4":"has-post-thumbnail","6":"product_cat-dovanos-kudikiams","7":"product_cat-dovanos-vaikams","8":"product_cat-lavinamieji-zaislai","9":"product_cat-loginiam-mastymui","10":"product_cat-mediniai-zaislai","11":"product_cat-montessori-zaislai","12":"product_cat-pagal-gamintoja","13":"product_cat-smulkioji-motorika","14":"product_cat-viga","15":"product_cat-visi-zaislai","16":"product_cat-zaislai","17":"product_cat-zaislai-kelioneje","18":"product_tag-iki-1-m","20":"first","21":"outofstock","22":"taxable","23":"shipping-taxable","24":"purchasable","25":"product-type-simple"},"acf":[],"yoast_head":"<!-- This site is optimized with the Yoast SEO plugin v23.3 - https:\/\/yoast.com\/wordpress\/plugins\/seo\/ -->\n<title>Viga medinis bar\u0161kutis, 3vnt. - Montessori \u017eaislai<\/title>\n<meta name=\"robots\" content=\"index, follow, max-snippet:-1, max-image-preview:large, max-video-preview:-1\" \/>\n<link rel=\"canonical\" href=\"https:\/\/monti.lt\/en\/product\/viga-medinis-barskutis-3vnt\/\" \/>\n<meta property=\"og:locale\" content=\"en_US\" \/>\n<meta property=\"og:type\" content=\"article\" \/>\n<meta property=\"og:title\" content=\"Viga medinis bar\u0161kutis, 3vnt. - Montessori \u017eaislai\" \/>\n<meta property=\"og:description\" content=\"\u0160is originalus medinis bar\u0161kutis i\u0161 \u201eViga\u201c \u0161velniomis \u201ePolarB\u201c spalvomis taps j\u016bs\u0173 ma\u017eylio m\u0117gstamiausiu \u017eaislu. Medinis bar\u0161kutis skirtas m\u016bs\u0173 jauniausiems klientams, kurie tik pradeda tyrin\u0117ti pasaul\u012f. \u017daislas yra trij\u0173 spalv\u0173, o ant jo vir\u0161aus nupie\u0161ti trys skirtingi gyv\u016bnai. Savyb\u0117s:\" \/>\n<meta property=\"og:url\" content=\"https:\/\/monti.lt\/en\/product\/viga-medinis-barskutis-3vnt\/\" \/>\n<meta property=\"og:site_name\" content=\"Montessori \u017eaislai\" \/>\n<meta property=\"article:modified_time\" content=\"2025-12-01T04:01:49+00:00\" \/>\n<meta property=\"og:image\" content=\"https:\/\/monti.lt\/wp-content\/uploads\/2025\/10\/viga-polarb-drewniana-grzechotka-ze-zwierzatkiem-3.jpg\" \/>\n\t<meta property=\"og:image:width\" content=\"800\" \/>\n\t<meta property=\"og:image:height\" content=\"800\" \/>\n\t<meta property=\"og:image:type\" content=\"image\/jpeg\" \/>\n<meta name=\"twitter:card\" content=\"summary_large_image\" \/>\n<meta name=\"twitter:label1\" content=\"Est. reading time\" \/>\n\t<meta name=\"twitter:data1\" content=\"1 minute\" \/>\n<script type=\"application\/ld+json\" class=\"yoast-schema-graph\">{\"@context\":\"https:\/\/schema.org\",\"@graph\":[{\"@type\":\"WebPage\",\"@id\":\"https:\/\/monti.lt\/product\/viga-medinis-barskutis-3vnt\/\",\"url\":\"https:\/\/monti.lt\/product\/viga-medinis-barskutis-3vnt\/\",\"name\":\"Viga medinis bar\u0161kutis, 3vnt. - Montessori \u017eaislai\",\"isPartOf\":{\"@id\":\"https:\/\/monti.lt\/#website\"},\"primaryImageOfPage\":{\"@id\":\"https:\/\/monti.lt\/product\/viga-medinis-barskutis-3vnt\/#primaryimage\"},\"image\":{\"@id\":\"https:\/\/monti.lt\/product\/viga-medinis-barskutis-3vnt\/#primaryimage\"},\"thumbnailUrl\":\"https:\/\/monti.lt\/wp-content\/uploads\/2025\/10\/viga-polarb-drewniana-grzechotka-ze-zwierzatkiem-3.jpg\",\"datePublished\":\"2025-10-27T12:20:13+00:00\",\"dateModified\":\"2025-12-01T04:01:49+00:00\",\"breadcrumb\":{\"@id\":\"https:\/\/monti.lt\/product\/viga-medinis-barskutis-3vnt\/#breadcrumb\"},\"inLanguage\":\"en-US\",\"potentialAction\":[{\"@type\":\"ReadAction\",\"target\":[\"https:\/\/monti.lt\/product\/viga-medinis-barskutis-3vnt\/\"]}]},{\"@type\":\"ImageObject\",\"inLanguage\":\"en-US\",\"@id\":\"https:\/\/monti.lt\/product\/viga-medinis-barskutis-3vnt\/#primaryimage\",\"url\":\"https:\/\/monti.lt\/wp-content\/uploads\/2025\/10\/viga-polarb-drewniana-grzechotka-ze-zwierzatkiem-3.jpg\",\"contentUrl\":\"https:\/\/monti.lt\/wp-content\/uploads\/2025\/10\/viga-polarb-drewniana-grzechotka-ze-zwierzatkiem-3.jpg\",\"width\":800,\"height\":800,\"caption\":\"viga barskutis\"},{\"@type\":\"BreadcrumbList\",\"@id\":\"https:\/\/monti.lt\/product\/viga-medinis-barskutis-3vnt\/#breadcrumb\",\"itemListElement\":[{\"@type\":\"ListItem\",\"position\":1,\"name\":\"Home\",\"item\":\"https:\/\/monti.lt\/\"},{\"@type\":\"ListItem\",\"position\":2,\"name\":\"Parduotuv\u0117\",\"item\":\"https:\/\/monti.lt\/shop\/\"},{\"@type\":\"ListItem\",\"position\":3,\"name\":\"Viga medinis bar\u0161kutis, 3vnt.\"}]},{\"@type\":\"WebSite\",\"@id\":\"https:\/\/monti.lt\/#website\",\"url\":\"https:\/\/monti.lt\/\",\"name\":\"Montessori \u017eaislai\",\"description\":\"\",\"publisher\":{\"@id\":\"https:\/\/monti.lt\/#organization\"},\"potentialAction\":[{\"@type\":\"SearchAction\",\"target\":{\"@type\":\"EntryPoint\",\"urlTemplate\":\"https:\/\/monti.lt\/?s={search_term_string}\"},\"query-input\":\"required name=search_term_string\"}],\"inLanguage\":\"en-US\"},{\"@type\":\"Organization\",\"@id\":\"https:\/\/monti.lt\/#organization\",\"name\":\"Montessori \u017eaislai\",\"url\":\"https:\/\/monti.lt\/\",\"logo\":{\"@type\":\"ImageObject\",\"inLanguage\":\"en-US\",\"@id\":\"https:\/\/monti.lt\/#\/schema\/logo\/image\/\",\"url\":\"https:\/\/monti.lt\/wp-content\/uploads\/2022\/03\/montilogo-1.png\",\"contentUrl\":\"https:\/\/monti.lt\/wp-content\/uploads\/2022\/03\/montilogo-1.png\",\"width\":512,\"height\":512,\"caption\":\"Montessori \u017eaislai\"},\"image\":{\"@id\":\"https:\/\/monti.lt\/#\/schema\/logo\/image\/\"}}]}<\/script>\n<!-- \/ Yoast SEO plugin. -->","yoast_head_json":{"title":"Viga medinis bar\u0161kutis, 3vnt. - Montessori \u017eaislai","robots":{"index":"index","follow":"follow","max-snippet":"max-snippet:-1","max-image-preview":"max-image-preview:large","max-video-preview":"max-video-preview:-1"},"canonical":"https:\/\/monti.lt\/en\/product\/viga-medinis-barskutis-3vnt\/","og_locale":"en_US","og_type":"article","og_title":"Viga medinis bar\u0161kutis, 3vnt. - Montessori \u017eaislai","og_description":"\u0160is originalus medinis bar\u0161kutis i\u0161 \u201eViga\u201c \u0161velniomis \u201ePolarB\u201c spalvomis taps j\u016bs\u0173 ma\u017eylio m\u0117gstamiausiu \u017eaislu. Medinis bar\u0161kutis skirtas m\u016bs\u0173 jauniausiems klientams, kurie tik pradeda tyrin\u0117ti pasaul\u012f. \u017daislas yra trij\u0173 spalv\u0173, o ant jo vir\u0161aus nupie\u0161ti trys skirtingi gyv\u016bnai. Savyb\u0117s:","og_url":"https:\/\/monti.lt\/en\/product\/viga-medinis-barskutis-3vnt\/","og_site_name":"Montessori \u017eaislai","article_modified_time":"2025-12-01T04:01:49+00:00","og_image":[{"width":800,"height":800,"url":"https:\/\/monti.lt\/wp-content\/uploads\/2025\/10\/viga-polarb-drewniana-grzechotka-ze-zwierzatkiem-3.jpg","type":"image\/jpeg"}],"twitter_card":"summary_large_image","twitter_misc":{"Est. reading time":"1 minute"},"schema":{"@context":"https:\/\/schema.org","@graph":[{"@type":"WebPage","@id":"https:\/\/monti.lt\/product\/viga-medinis-barskutis-3vnt\/","url":"https:\/\/monti.lt\/product\/viga-medinis-barskutis-3vnt\/","name":"Viga medinis bar\u0161kutis, 3vnt. - Montessori \u017eaislai","isPartOf":{"@id":"https:\/\/monti.lt\/#website"},"primaryImageOfPage":{"@id":"https:\/\/monti.lt\/product\/viga-medinis-barskutis-3vnt\/#primaryimage"},"image":{"@id":"https:\/\/monti.lt\/product\/viga-medinis-barskutis-3vnt\/#primaryimage"},"thumbnailUrl":"https:\/\/monti.lt\/wp-content\/uploads\/2025\/10\/viga-polarb-drewniana-grzechotka-ze-zwierzatkiem-3.jpg","datePublished":"2025-10-27T12:20:13+00:00","dateModified":"2025-12-01T04:01:49+00:00","breadcrumb":{"@id":"https:\/\/monti.lt\/product\/viga-medinis-barskutis-3vnt\/#breadcrumb"},"inLanguage":"en-US","potentialAction":[{"@type":"ReadAction","target":["https:\/\/monti.lt\/product\/viga-medinis-barskutis-3vnt\/"]}]},{"@type":"ImageObject","inLanguage":"en-US","@id":"https:\/\/monti.lt\/product\/viga-medinis-barskutis-3vnt\/#primaryimage","url":"https:\/\/monti.lt\/wp-content\/uploads\/2025\/10\/viga-polarb-drewniana-grzechotka-ze-zwierzatkiem-3.jpg","contentUrl":"https:\/\/monti.lt\/wp-content\/uploads\/2025\/10\/viga-polarb-drewniana-grzechotka-ze-zwierzatkiem-3.jpg","width":800,"height":800,"caption":"viga barskutis"},{"@type":"BreadcrumbList","@id":"https:\/\/monti.lt\/product\/viga-medinis-barskutis-3vnt\/#breadcrumb","itemListElement":[{"@type":"ListItem","position":1,"name":"Home","item":"https:\/\/monti.lt\/"},{"@type":"ListItem","position":2,"name":"Parduotuv\u0117","item":"https:\/\/monti.lt\/shop\/"},{"@type":"ListItem","position":3,"name":"Viga medinis bar\u0161kutis, 3vnt."}]},{"@type":"WebSite","@id":"https:\/\/monti.lt\/#website","url":"https:\/\/monti.lt\/","name":"Montessori \u017eaislai","description":"","publisher":{"@id":"https:\/\/monti.lt\/#organization"},"potentialAction":[{"@type":"SearchAction","target":{"@type":"EntryPoint","urlTemplate":"https:\/\/monti.lt\/?s={search_term_string}"},"query-input":"required name=search_term_string"}],"inLanguage":"en-US"},{"@type":"Organization","@id":"https:\/\/monti.lt\/#organization","name":"Montessori \u017eaislai","url":"https:\/\/monti.lt\/","logo":{"@type":"ImageObject","inLanguage":"en-US","@id":"https:\/\/monti.lt\/#\/schema\/logo\/image\/","url":"https:\/\/monti.lt\/wp-content\/uploads\/2022\/03\/montilogo-1.png","contentUrl":"https:\/\/monti.lt\/wp-content\/uploads\/2022\/03\/montilogo-1.png","width":512,"height":512,"caption":"Montessori \u017eaislai"},"image":{"@id":"https:\/\/monti.lt\/#\/schema\/logo\/image\/"}}]}},"_links":{"self":[{"href":"https:\/\/monti.lt\/en\/wp-json\/wp\/v2\/product\/34825"}],"collection":[{"href":"https:\/\/monti.lt\/en\/wp-json\/wp\/v2\/product"}],"about":[{"href":"https:\/\/monti.lt\/en\/wp-json\/wp\/v2\/types\/product"}],"version-history":[{"count":1,"href":"https:\/\/monti.lt\/en\/wp-json\/wp\/v2\/product\/34825\/revisions"}],"predecessor-version":[{"id":34832,"href":"https:\/\/monti.lt\/en\/wp-json\/wp\/v2\/product\/34825\/revisions\/34832"}],"wp:featuredmedia":[{"embeddable":true,"href":"https:\/\/monti.lt\/en\/wp-json\/wp\/v2\/media\/34826"}],"wp:attachment":[{"href":"https:\/\/monti.lt\/en\/wp-json\/wp\/v2\/media?parent=34825"}],"wp:term":[{"taxonomy":"product_cat","embeddable":true,"href":"https:\/\/monti.lt\/en\/wp-json\/wp\/v2\/product_cat?post=34825"},{"taxonomy":"product_tag","embeddable":true,"href":"https:\/\/monti.lt\/en\/wp-json\/wp\/v2\/product_tag?post=34825"}],"curies":[{"name":"wp","href":"https:\/\/api.w.org\/{rel}","templated":true}]}}