{"id":34833,"date":"2025-10-27T12:23:56","date_gmt":"2025-10-27T12:23:56","guid":{"rendered":"https:\/\/monti.lt\/?post_type=product&#038;p=34833"},"modified":"2026-03-02T06:25:58","modified_gmt":"2026-03-02T06:25:58","slug":"viga-medinis-zaidimas-sodas","status":"publish","type":"product","link":"https:\/\/monti.lt\/en\/product\/viga-medinis-zaidimas-sodas\/","title":{"rendered":"Viga medinis \u017eaidimas &#8220;Sodas&#8221;"},"content":{"rendered":"<p>Garsiosios kompanijos \u201eViga\u201c mediniai \u0161okantys gyv\u016bn\u0117liai \u2013 tai \u017eaislai, kuriuos pam\u0117gs kiekvienas vaikas. Ry\u0161kios spalvos ir mielos gyv\u016bn\u0117li\u0173 fig\u016br\u0117l\u0117s paskatins kiekvien\u0105 ma\u017eyl\u012f \u017eaisti. \u0160is \u017eaislas padeda ugdyti ir gerinti vaiko rank\u0173 ir aki\u0173 koordinacij\u0105. Vaiko u\u017eduotis \u2013 \u201ekatapultuoti\u201c gyv\u016bn\u0117lius, spaud\u017eiant j\u0173 galvas, kurios yra pritvirtintos prie spalvingos medin\u0117s pagrindo. Drugelis, bit\u0117 ir boru\u017e\u0117 \u0161ypsosi vaikui, skatindami j\u012f \u017eaisti. Tuo pa\u010diu metu vaikas gali i\u0161mokti atpa\u017einti, kuris gyv\u016bnas yra pad\u0117tas ant medin\u0117s lazdel\u0117s. Kitas \u012fg\u016bdis \u2013 mokymasis atpa\u017einti spalvas. D\u0117l patrauklios pakuot\u0117s \u017eaislas puikiai tinka dovanai.<\/p>\n\n\n\n<p>Savyb\u0117s:<\/p>\n\n\n\n<ul class=\"wp-block-list\">\n<li>kai vaikas paspaud\u017eia gyv\u016bno galv\u0105, gyv\u016bnas i\u0161\u0161oka<\/li>\n\n\n\n<li>vaikas su\u017einos apie boru\u017eiukus, bites ir drugelius<\/li>\n\n\n\n<li>\u017eaislas moko vaik\u0105 veiksm\u0173 ir reakcij\u0173 s\u0105ry\u0161io<\/li>\n\n\n\n<li>ry\u0161kios spalvos,<\/li>\n\n\n\n<li>patraukli pakuot\u0117,<\/li>\n\n\n\n<li>komplekte yra stovas ir 3 mediniai pagaliukai su gyv\u016bn\u0173 paveiksl\u0117liais,<\/li>\n\n\n\n<li>pagamintas i\u0161 auk\u0161\u010diausios kokyb\u0117s med\u017eiag\u0173,<\/li>\n\n\n\n<li>da\u017eytas netoksin\u0117mis, vaikams saugiomis da\u017eais.<br>\u017daislas ugdo:<\/li>\n\n\n\n<li>rank\u0173 ir aki\u0173 koordinacij\u0105,<\/li>\n\n\n\n<li>atmint\u012f,<\/li>\n\n\n\n<li>k\u016brybi\u0161kum\u0105,<\/li>\n\n\n\n<li>vaizduot\u0119.<\/li>\n<\/ul>","protected":false},"excerpt":{"rendered":"<p>Garsiosios kompanijos \u201eViga\u201c mediniai \u0161okantys gyv\u016bn\u0117liai \u2013 tai \u017eaislai, kuriuos pam\u0117gs kiekvienas vaikas. Ry\u0161kios spalvos ir mielos gyv\u016bn\u0117li\u0173 fig\u016br\u0117l\u0117s paskatins kiekvien\u0105 ma\u017eyl\u012f \u017eaisti. \u0160is \u017eaislas padeda ugdyti ir gerinti vaiko rank\u0173 ir aki\u0173 koordinacij\u0105. Vaiko u\u017eduotis \u2013 \u201ekatapultuoti\u201c gyv\u016bn\u0117lius, spaud\u017eiant j\u0173 galvas, kurios yra pritvirtintos prie spalvingos medin\u0117s pagrindo. Drugelis, bit\u0117 ir boru\u017e\u0117 \u0161ypsosi vaikui, [&hellip;]<\/p>","protected":false},"featured_media":34834,"template":"","meta":{"_acf_changed":false,"iawp_total_views":175},"product_cat":[193,191,84,91,102,83,242,86,245,49,39],"product_tag":[95,96],"class_list":{"0":"post-34833","1":"product","2":"type-product","3":"status-publish","4":"has-post-thumbnail","6":"product_cat-dovanos-vaikams-1-2-metu","7":"product_cat-dovanos-vaikams","8":"product_cat-lavinamieji-zaislai","9":"product_cat-loginiam-mastymui","10":"product_cat-mediniai-zaislai","11":"product_cat-montessori-zaislai","12":"product_cat-pagal-gamintoja","13":"product_cat-smulkioji-motorika","14":"product_cat-viga","15":"product_cat-visi-zaislai","16":"product_cat-zaislai","17":"product_tag-1-m-2-m","18":"product_tag-2-m-3-m","20":"first","21":"instock","22":"taxable","23":"shipping-taxable","24":"purchasable","25":"product-type-simple"},"acf":[],"yoast_head":"<!-- This site is optimized with the Yoast SEO plugin v23.3 - https:\/\/yoast.com\/wordpress\/plugins\/seo\/ -->\n<title>Viga medinis \u017eaidimas &quot;Sodas&quot; - Montessori \u017eaislai<\/title>\n<meta name=\"robots\" content=\"index, follow, max-snippet:-1, max-image-preview:large, max-video-preview:-1\" \/>\n<link rel=\"canonical\" href=\"https:\/\/monti.lt\/en\/product\/viga-medinis-zaidimas-sodas\/\" \/>\n<meta property=\"og:locale\" content=\"en_US\" \/>\n<meta property=\"og:type\" content=\"article\" \/>\n<meta property=\"og:title\" content=\"Viga medinis \u017eaidimas &quot;Sodas&quot; - Montessori \u017eaislai\" \/>\n<meta property=\"og:description\" content=\"Garsiosios kompanijos \u201eViga\u201c mediniai \u0161okantys gyv\u016bn\u0117liai \u2013 tai \u017eaislai, kuriuos pam\u0117gs kiekvienas vaikas. Ry\u0161kios spalvos ir mielos gyv\u016bn\u0117li\u0173 fig\u016br\u0117l\u0117s paskatins kiekvien\u0105 ma\u017eyl\u012f \u017eaisti. \u0160is \u017eaislas padeda ugdyti ir gerinti vaiko rank\u0173 ir aki\u0173 koordinacij\u0105. Vaiko u\u017eduotis \u2013 \u201ekatapultuoti\u201c gyv\u016bn\u0117lius, spaud\u017eiant j\u0173 galvas, kurios yra pritvirtintos prie spalvingos medin\u0117s pagrindo. Drugelis, bit\u0117 ir boru\u017e\u0117 \u0161ypsosi vaikui, [&hellip;]\" \/>\n<meta property=\"og:url\" content=\"https:\/\/monti.lt\/en\/product\/viga-medinis-zaidimas-sodas\/\" \/>\n<meta property=\"og:site_name\" content=\"Montessori \u017eaislai\" \/>\n<meta property=\"article:modified_time\" content=\"2026-03-02T06:25:58+00:00\" \/>\n<meta property=\"og:image\" content=\"https:\/\/monti.lt\/wp-content\/uploads\/2025\/10\/viga-polarb-drewniane-skaczace-zwierzatka-wyskokowy-ogrod.jpg\" \/>\n\t<meta property=\"og:image:width\" content=\"800\" \/>\n\t<meta property=\"og:image:height\" content=\"800\" \/>\n\t<meta property=\"og:image:type\" content=\"image\/jpeg\" \/>\n<meta name=\"twitter:card\" content=\"summary_large_image\" \/>\n<meta name=\"twitter:label1\" content=\"Est. reading time\" \/>\n\t<meta name=\"twitter:data1\" content=\"1 minute\" \/>\n<script type=\"application\/ld+json\" class=\"yoast-schema-graph\">{\"@context\":\"https:\/\/schema.org\",\"@graph\":[{\"@type\":\"WebPage\",\"@id\":\"https:\/\/monti.lt\/product\/viga-medinis-zaidimas-sodas\/\",\"url\":\"https:\/\/monti.lt\/product\/viga-medinis-zaidimas-sodas\/\",\"name\":\"Viga medinis \u017eaidimas \\\"Sodas\\\" - Montessori \u017eaislai\",\"isPartOf\":{\"@id\":\"https:\/\/monti.lt\/#website\"},\"primaryImageOfPage\":{\"@id\":\"https:\/\/monti.lt\/product\/viga-medinis-zaidimas-sodas\/#primaryimage\"},\"image\":{\"@id\":\"https:\/\/monti.lt\/product\/viga-medinis-zaidimas-sodas\/#primaryimage\"},\"thumbnailUrl\":\"https:\/\/monti.lt\/wp-content\/uploads\/2025\/10\/viga-polarb-drewniane-skaczace-zwierzatka-wyskokowy-ogrod.jpg\",\"datePublished\":\"2025-10-27T12:23:56+00:00\",\"dateModified\":\"2026-03-02T06:25:58+00:00\",\"breadcrumb\":{\"@id\":\"https:\/\/monti.lt\/product\/viga-medinis-zaidimas-sodas\/#breadcrumb\"},\"inLanguage\":\"en-US\",\"potentialAction\":[{\"@type\":\"ReadAction\",\"target\":[\"https:\/\/monti.lt\/product\/viga-medinis-zaidimas-sodas\/\"]}]},{\"@type\":\"ImageObject\",\"inLanguage\":\"en-US\",\"@id\":\"https:\/\/monti.lt\/product\/viga-medinis-zaidimas-sodas\/#primaryimage\",\"url\":\"https:\/\/monti.lt\/wp-content\/uploads\/2025\/10\/viga-polarb-drewniane-skaczace-zwierzatka-wyskokowy-ogrod.jpg\",\"contentUrl\":\"https:\/\/monti.lt\/wp-content\/uploads\/2025\/10\/viga-polarb-drewniane-skaczace-zwierzatka-wyskokowy-ogrod.jpg\",\"width\":800,\"height\":800,\"caption\":\"medinis zaislas vaikams\"},{\"@type\":\"BreadcrumbList\",\"@id\":\"https:\/\/monti.lt\/product\/viga-medinis-zaidimas-sodas\/#breadcrumb\",\"itemListElement\":[{\"@type\":\"ListItem\",\"position\":1,\"name\":\"Home\",\"item\":\"https:\/\/monti.lt\/\"},{\"@type\":\"ListItem\",\"position\":2,\"name\":\"Parduotuv\u0117\",\"item\":\"https:\/\/monti.lt\/shop\/\"},{\"@type\":\"ListItem\",\"position\":3,\"name\":\"Viga medinis \u017eaidimas &#8220;Sodas&#8221;\"}]},{\"@type\":\"WebSite\",\"@id\":\"https:\/\/monti.lt\/#website\",\"url\":\"https:\/\/monti.lt\/\",\"name\":\"Montessori \u017eaislai\",\"description\":\"\",\"publisher\":{\"@id\":\"https:\/\/monti.lt\/#organization\"},\"potentialAction\":[{\"@type\":\"SearchAction\",\"target\":{\"@type\":\"EntryPoint\",\"urlTemplate\":\"https:\/\/monti.lt\/?s={search_term_string}\"},\"query-input\":\"required name=search_term_string\"}],\"inLanguage\":\"en-US\"},{\"@type\":\"Organization\",\"@id\":\"https:\/\/monti.lt\/#organization\",\"name\":\"Montessori \u017eaislai\",\"url\":\"https:\/\/monti.lt\/\",\"logo\":{\"@type\":\"ImageObject\",\"inLanguage\":\"en-US\",\"@id\":\"https:\/\/monti.lt\/#\/schema\/logo\/image\/\",\"url\":\"https:\/\/monti.lt\/wp-content\/uploads\/2022\/03\/montilogo-1.png\",\"contentUrl\":\"https:\/\/monti.lt\/wp-content\/uploads\/2022\/03\/montilogo-1.png\",\"width\":512,\"height\":512,\"caption\":\"Montessori \u017eaislai\"},\"image\":{\"@id\":\"https:\/\/monti.lt\/#\/schema\/logo\/image\/\"}}]}<\/script>\n<!-- \/ Yoast SEO plugin. -->","yoast_head_json":{"title":"Viga medinis \u017eaidimas \"Sodas\" - Montessori \u017eaislai","robots":{"index":"index","follow":"follow","max-snippet":"max-snippet:-1","max-image-preview":"max-image-preview:large","max-video-preview":"max-video-preview:-1"},"canonical":"https:\/\/monti.lt\/en\/product\/viga-medinis-zaidimas-sodas\/","og_locale":"en_US","og_type":"article","og_title":"Viga medinis \u017eaidimas \"Sodas\" - Montessori \u017eaislai","og_description":"Garsiosios kompanijos \u201eViga\u201c mediniai \u0161okantys gyv\u016bn\u0117liai \u2013 tai \u017eaislai, kuriuos pam\u0117gs kiekvienas vaikas. Ry\u0161kios spalvos ir mielos gyv\u016bn\u0117li\u0173 fig\u016br\u0117l\u0117s paskatins kiekvien\u0105 ma\u017eyl\u012f \u017eaisti. \u0160is \u017eaislas padeda ugdyti ir gerinti vaiko rank\u0173 ir aki\u0173 koordinacij\u0105. Vaiko u\u017eduotis \u2013 \u201ekatapultuoti\u201c gyv\u016bn\u0117lius, spaud\u017eiant j\u0173 galvas, kurios yra pritvirtintos prie spalvingos medin\u0117s pagrindo. Drugelis, bit\u0117 ir boru\u017e\u0117 \u0161ypsosi vaikui, [&hellip;]","og_url":"https:\/\/monti.lt\/en\/product\/viga-medinis-zaidimas-sodas\/","og_site_name":"Montessori \u017eaislai","article_modified_time":"2026-03-02T06:25:58+00:00","og_image":[{"width":800,"height":800,"url":"https:\/\/monti.lt\/wp-content\/uploads\/2025\/10\/viga-polarb-drewniane-skaczace-zwierzatka-wyskokowy-ogrod.jpg","type":"image\/jpeg"}],"twitter_card":"summary_large_image","twitter_misc":{"Est. reading time":"1 minute"},"schema":{"@context":"https:\/\/schema.org","@graph":[{"@type":"WebPage","@id":"https:\/\/monti.lt\/product\/viga-medinis-zaidimas-sodas\/","url":"https:\/\/monti.lt\/product\/viga-medinis-zaidimas-sodas\/","name":"Viga medinis \u017eaidimas \"Sodas\" - Montessori \u017eaislai","isPartOf":{"@id":"https:\/\/monti.lt\/#website"},"primaryImageOfPage":{"@id":"https:\/\/monti.lt\/product\/viga-medinis-zaidimas-sodas\/#primaryimage"},"image":{"@id":"https:\/\/monti.lt\/product\/viga-medinis-zaidimas-sodas\/#primaryimage"},"thumbnailUrl":"https:\/\/monti.lt\/wp-content\/uploads\/2025\/10\/viga-polarb-drewniane-skaczace-zwierzatka-wyskokowy-ogrod.jpg","datePublished":"2025-10-27T12:23:56+00:00","dateModified":"2026-03-02T06:25:58+00:00","breadcrumb":{"@id":"https:\/\/monti.lt\/product\/viga-medinis-zaidimas-sodas\/#breadcrumb"},"inLanguage":"en-US","potentialAction":[{"@type":"ReadAction","target":["https:\/\/monti.lt\/product\/viga-medinis-zaidimas-sodas\/"]}]},{"@type":"ImageObject","inLanguage":"en-US","@id":"https:\/\/monti.lt\/product\/viga-medinis-zaidimas-sodas\/#primaryimage","url":"https:\/\/monti.lt\/wp-content\/uploads\/2025\/10\/viga-polarb-drewniane-skaczace-zwierzatka-wyskokowy-ogrod.jpg","contentUrl":"https:\/\/monti.lt\/wp-content\/uploads\/2025\/10\/viga-polarb-drewniane-skaczace-zwierzatka-wyskokowy-ogrod.jpg","width":800,"height":800,"caption":"medinis zaislas vaikams"},{"@type":"BreadcrumbList","@id":"https:\/\/monti.lt\/product\/viga-medinis-zaidimas-sodas\/#breadcrumb","itemListElement":[{"@type":"ListItem","position":1,"name":"Home","item":"https:\/\/monti.lt\/"},{"@type":"ListItem","position":2,"name":"Parduotuv\u0117","item":"https:\/\/monti.lt\/shop\/"},{"@type":"ListItem","position":3,"name":"Viga medinis \u017eaidimas &#8220;Sodas&#8221;"}]},{"@type":"WebSite","@id":"https:\/\/monti.lt\/#website","url":"https:\/\/monti.lt\/","name":"Montessori \u017eaislai","description":"","publisher":{"@id":"https:\/\/monti.lt\/#organization"},"potentialAction":[{"@type":"SearchAction","target":{"@type":"EntryPoint","urlTemplate":"https:\/\/monti.lt\/?s={search_term_string}"},"query-input":"required name=search_term_string"}],"inLanguage":"en-US"},{"@type":"Organization","@id":"https:\/\/monti.lt\/#organization","name":"Montessori \u017eaislai","url":"https:\/\/monti.lt\/","logo":{"@type":"ImageObject","inLanguage":"en-US","@id":"https:\/\/monti.lt\/#\/schema\/logo\/image\/","url":"https:\/\/monti.lt\/wp-content\/uploads\/2022\/03\/montilogo-1.png","contentUrl":"https:\/\/monti.lt\/wp-content\/uploads\/2022\/03\/montilogo-1.png","width":512,"height":512,"caption":"Montessori \u017eaislai"},"image":{"@id":"https:\/\/monti.lt\/#\/schema\/logo\/image\/"}}]}},"_links":{"self":[{"href":"https:\/\/monti.lt\/en\/wp-json\/wp\/v2\/product\/34833"}],"collection":[{"href":"https:\/\/monti.lt\/en\/wp-json\/wp\/v2\/product"}],"about":[{"href":"https:\/\/monti.lt\/en\/wp-json\/wp\/v2\/types\/product"}],"version-history":[{"count":1,"href":"https:\/\/monti.lt\/en\/wp-json\/wp\/v2\/product\/34833\/revisions"}],"predecessor-version":[{"id":34841,"href":"https:\/\/monti.lt\/en\/wp-json\/wp\/v2\/product\/34833\/revisions\/34841"}],"wp:featuredmedia":[{"embeddable":true,"href":"https:\/\/monti.lt\/en\/wp-json\/wp\/v2\/media\/34834"}],"wp:attachment":[{"href":"https:\/\/monti.lt\/en\/wp-json\/wp\/v2\/media?parent=34833"}],"wp:term":[{"taxonomy":"product_cat","embeddable":true,"href":"https:\/\/monti.lt\/en\/wp-json\/wp\/v2\/product_cat?post=34833"},{"taxonomy":"product_tag","embeddable":true,"href":"https:\/\/monti.lt\/en\/wp-json\/wp\/v2\/product_tag?post=34833"}],"curies":[{"name":"wp","href":"https:\/\/api.w.org\/{rel}","templated":true}]}}