{"id":34856,"date":"2025-10-27T12:33:41","date_gmt":"2025-10-27T12:33:41","guid":{"rendered":"https:\/\/monti.lt\/?post_type=product&#038;p=34856"},"modified":"2025-12-07T11:25:59","modified_gmt":"2025-12-07T11:25:59","slug":"viga-medines-kaladeles-kibirelyje","status":"publish","type":"product","link":"https:\/\/monti.lt\/en\/product\/viga-medines-kaladeles-kibirelyje\/","title":{"rendered":"Viga medin\u0117s kalad\u0117l\u0117s kibir\u0117lyje"},"content":{"rendered":"<p>Statybiniai blokai yra klasikiniai \u017eaislai, kurie veiksmingai ugdo vaiko intelekt\u0105. \u201eViga Toys\u201c jutiminis statybini\u0173 blok\u0173 rinkinys skatina statybinius \u017eaidimus, orientacij\u0105 \u012f tiksl\u0105, k\u016brybi\u0161kum\u0105, problem\u0173 sprendim\u0105 ir STEM pagrindus. Blokai taip pat skatina tyrin\u0117jamuosius \u017eaidimus. Vaikai, kurie gauna tok\u012f \u012fvairi\u0173 blokeli\u0173 rinkin\u012f, juos tiria ir analizuoja i\u0161 vis\u0173 pusi\u0173. Tokios r\u016b\u0161ies \u017eaidimai skatina erdv\u0117s suvokim\u0105 ir spalv\u0173, form\u0173, dyd\u017ei\u0173 bei funkcionalumo pa\u017einim\u0105. Kad b\u016bt\u0173 lengviau laikyti, blokeliai sud\u0117ti \u012f plastikin\u0119 d\u0117\u017eut\u0119, kad jie gal\u0117t\u0173 saugiai laukti kito \u017eaidimo pamokos, laikantis Montessori princip\u0173.<\/p>\n\n\n\n<p>Savyb\u0117s:<\/p>\n\n\n\n<ul class=\"wp-block-list\">\n<li>rinkin\u012f sudaro 60 medini\u0173 detali\u0173,<\/li>\n\n\n\n<li>ekologi\u0161ka gamyba,<\/li>\n\n\n\n<li>netoksi\u0161ki da\u017eai, visi\u0161kai saug\u016bs vaikams,<\/li>\n\n\n\n<li>linksmas ir ugdomasis \u2013 skatina statybinius ir tyrin\u0117jamuosius \u017eaidimus,<\/li>\n\n\n\n<li>saugus ir patvarus.<br>\u017daislas ugdo:<\/li>\n\n\n\n<li>ry\u017et\u0105,<\/li>\n\n\n\n<li>k\u016brybi\u0161kum\u0105,<\/li>\n\n\n\n<li>STEM pagrindus,<\/li>\n\n\n\n<li>form\u0173, spalv\u0173, dyd\u017ei\u0173 ir funkcionalumo mokym\u0105si,<\/li>\n\n\n\n<li>kantryb\u0119,<\/li>\n\n\n\n<li>smulki\u0105j\u0105 motorik\u0105,<\/li>\n\n\n\n<li>analitinius \u012fg\u016bd\u017eius,<\/li>\n\n\n\n<li>erdvin\u0119 orientacij\u0105.<\/li>\n<\/ul>","protected":false},"excerpt":{"rendered":"<p>Statybiniai blokai yra klasikiniai \u017eaislai, kurie veiksmingai ugdo vaiko intelekt\u0105. \u201eViga Toys\u201c jutiminis statybini\u0173 blok\u0173 rinkinys skatina statybinius \u017eaidimus, orientacij\u0105 \u012f tiksl\u0105, k\u016brybi\u0161kum\u0105, problem\u0173 sprendim\u0105 ir STEM pagrindus. Blokai taip pat skatina tyrin\u0117jamuosius \u017eaidimus. Vaikai, kurie gauna tok\u012f \u012fvairi\u0173 blokeli\u0173 rinkin\u012f, juos tiria ir analizuoja i\u0161 vis\u0173 pusi\u0173. Tokios r\u016b\u0161ies \u017eaidimai skatina erdv\u0117s suvokim\u0105 ir [&hellip;]<\/p>","protected":false},"featured_media":34857,"template":"","meta":{"_acf_changed":false,"iawp_total_views":134},"product_cat":[194,195,216,191,192,87,84,102,83,242,86,50,199,245,49,39],"product_tag":[96,97],"class_list":{"0":"post-34856","1":"product","2":"type-product","3":"status-publish","4":"has-post-thumbnail","6":"product_cat-dovanos-vaikams-2-3-metu","7":"product_cat-dovanos-vaikams-3-4-metu","8":"product_cat-dovanos-4-5-metu-vaikams","9":"product_cat-dovanos-vaikams","10":"product_cat-kaledines-dovanos-vaikams","11":"product_cat-kurybiniai-rinkiniai","12":"product_cat-lavinamieji-zaislai","13":"product_cat-mediniai-zaislai","14":"product_cat-montessori-zaislai","15":"product_cat-pagal-gamintoja","16":"product_cat-smulkioji-motorika","17":"product_cat-top-dovanos","18":"product_cat-ugdymo-istaigoms","19":"product_cat-viga","20":"product_cat-visi-zaislai","21":"product_cat-zaislai","22":"product_tag-2-m-3-m","23":"product_tag-3-m-4-m","25":"first","26":"outofstock","27":"sale","28":"taxable","29":"shipping-taxable","30":"purchasable","31":"product-type-simple"},"acf":[],"yoast_head":"<!-- This site is optimized with the Yoast SEO plugin v23.3 - https:\/\/yoast.com\/wordpress\/plugins\/seo\/ -->\n<title>Viga medin\u0117s kalad\u0117l\u0117s kibir\u0117lyje - Montessori \u017eaislai<\/title>\n<meta name=\"robots\" content=\"index, follow, max-snippet:-1, max-image-preview:large, max-video-preview:-1\" \/>\n<link rel=\"canonical\" href=\"https:\/\/monti.lt\/en\/product\/viga-medines-kaladeles-kibirelyje\/\" \/>\n<meta property=\"og:locale\" content=\"en_US\" \/>\n<meta property=\"og:type\" content=\"article\" \/>\n<meta property=\"og:title\" content=\"Viga medin\u0117s kalad\u0117l\u0117s kibir\u0117lyje - Montessori \u017eaislai\" \/>\n<meta property=\"og:description\" content=\"Statybiniai blokai yra klasikiniai \u017eaislai, kurie veiksmingai ugdo vaiko intelekt\u0105. \u201eViga Toys\u201c jutiminis statybini\u0173 blok\u0173 rinkinys skatina statybinius \u017eaidimus, orientacij\u0105 \u012f tiksl\u0105, k\u016brybi\u0161kum\u0105, problem\u0173 sprendim\u0105 ir STEM pagrindus. Blokai taip pat skatina tyrin\u0117jamuosius \u017eaidimus. Vaikai, kurie gauna tok\u012f \u012fvairi\u0173 blokeli\u0173 rinkin\u012f, juos tiria ir analizuoja i\u0161 vis\u0173 pusi\u0173. Tokios r\u016b\u0161ies \u017eaidimai skatina erdv\u0117s suvokim\u0105 ir [&hellip;]\" \/>\n<meta property=\"og:url\" content=\"https:\/\/monti.lt\/en\/product\/viga-medines-kaladeles-kibirelyje\/\" \/>\n<meta property=\"og:site_name\" content=\"Montessori \u017eaislai\" \/>\n<meta property=\"article:modified_time\" content=\"2025-12-07T11:25:59+00:00\" \/>\n<meta property=\"og:image\" content=\"https:\/\/monti.lt\/wp-content\/uploads\/2025\/10\/viga-polarb-zestaw-drewnianych-klockow-w-wiaderku-60-elementow.jpg\" \/>\n\t<meta property=\"og:image:width\" content=\"800\" \/>\n\t<meta property=\"og:image:height\" content=\"800\" \/>\n\t<meta property=\"og:image:type\" content=\"image\/jpeg\" \/>\n<meta name=\"twitter:card\" content=\"summary_large_image\" \/>\n<meta name=\"twitter:label1\" content=\"Est. reading time\" \/>\n\t<meta name=\"twitter:data1\" content=\"1 minute\" \/>\n<script type=\"application\/ld+json\" class=\"yoast-schema-graph\">{\"@context\":\"https:\/\/schema.org\",\"@graph\":[{\"@type\":\"WebPage\",\"@id\":\"https:\/\/monti.lt\/product\/viga-medines-kaladeles-kibirelyje\/\",\"url\":\"https:\/\/monti.lt\/product\/viga-medines-kaladeles-kibirelyje\/\",\"name\":\"Viga medin\u0117s kalad\u0117l\u0117s kibir\u0117lyje - Montessori \u017eaislai\",\"isPartOf\":{\"@id\":\"https:\/\/monti.lt\/#website\"},\"primaryImageOfPage\":{\"@id\":\"https:\/\/monti.lt\/product\/viga-medines-kaladeles-kibirelyje\/#primaryimage\"},\"image\":{\"@id\":\"https:\/\/monti.lt\/product\/viga-medines-kaladeles-kibirelyje\/#primaryimage\"},\"thumbnailUrl\":\"https:\/\/monti.lt\/wp-content\/uploads\/2025\/10\/viga-polarb-zestaw-drewnianych-klockow-w-wiaderku-60-elementow.jpg\",\"datePublished\":\"2025-10-27T12:33:41+00:00\",\"dateModified\":\"2025-12-07T11:25:59+00:00\",\"breadcrumb\":{\"@id\":\"https:\/\/monti.lt\/product\/viga-medines-kaladeles-kibirelyje\/#breadcrumb\"},\"inLanguage\":\"en-US\",\"potentialAction\":[{\"@type\":\"ReadAction\",\"target\":[\"https:\/\/monti.lt\/product\/viga-medines-kaladeles-kibirelyje\/\"]}]},{\"@type\":\"ImageObject\",\"inLanguage\":\"en-US\",\"@id\":\"https:\/\/monti.lt\/product\/viga-medines-kaladeles-kibirelyje\/#primaryimage\",\"url\":\"https:\/\/monti.lt\/wp-content\/uploads\/2025\/10\/viga-polarb-zestaw-drewnianych-klockow-w-wiaderku-60-elementow.jpg\",\"contentUrl\":\"https:\/\/monti.lt\/wp-content\/uploads\/2025\/10\/viga-polarb-zestaw-drewnianych-klockow-w-wiaderku-60-elementow.jpg\",\"width\":800,\"height\":800,\"caption\":\"viga medines kaladeles kibirelyje\"},{\"@type\":\"BreadcrumbList\",\"@id\":\"https:\/\/monti.lt\/product\/viga-medines-kaladeles-kibirelyje\/#breadcrumb\",\"itemListElement\":[{\"@type\":\"ListItem\",\"position\":1,\"name\":\"Home\",\"item\":\"https:\/\/monti.lt\/\"},{\"@type\":\"ListItem\",\"position\":2,\"name\":\"Parduotuv\u0117\",\"item\":\"https:\/\/monti.lt\/shop\/\"},{\"@type\":\"ListItem\",\"position\":3,\"name\":\"Viga medin\u0117s kalad\u0117l\u0117s kibir\u0117lyje\"}]},{\"@type\":\"WebSite\",\"@id\":\"https:\/\/monti.lt\/#website\",\"url\":\"https:\/\/monti.lt\/\",\"name\":\"Montessori \u017eaislai\",\"description\":\"\",\"publisher\":{\"@id\":\"https:\/\/monti.lt\/#organization\"},\"potentialAction\":[{\"@type\":\"SearchAction\",\"target\":{\"@type\":\"EntryPoint\",\"urlTemplate\":\"https:\/\/monti.lt\/?s={search_term_string}\"},\"query-input\":\"required name=search_term_string\"}],\"inLanguage\":\"en-US\"},{\"@type\":\"Organization\",\"@id\":\"https:\/\/monti.lt\/#organization\",\"name\":\"Montessori \u017eaislai\",\"url\":\"https:\/\/monti.lt\/\",\"logo\":{\"@type\":\"ImageObject\",\"inLanguage\":\"en-US\",\"@id\":\"https:\/\/monti.lt\/#\/schema\/logo\/image\/\",\"url\":\"https:\/\/monti.lt\/wp-content\/uploads\/2022\/03\/montilogo-1.png\",\"contentUrl\":\"https:\/\/monti.lt\/wp-content\/uploads\/2022\/03\/montilogo-1.png\",\"width\":512,\"height\":512,\"caption\":\"Montessori \u017eaislai\"},\"image\":{\"@id\":\"https:\/\/monti.lt\/#\/schema\/logo\/image\/\"}}]}<\/script>\n<!-- \/ Yoast SEO plugin. -->","yoast_head_json":{"title":"Viga medin\u0117s kalad\u0117l\u0117s kibir\u0117lyje - Montessori \u017eaislai","robots":{"index":"index","follow":"follow","max-snippet":"max-snippet:-1","max-image-preview":"max-image-preview:large","max-video-preview":"max-video-preview:-1"},"canonical":"https:\/\/monti.lt\/en\/product\/viga-medines-kaladeles-kibirelyje\/","og_locale":"en_US","og_type":"article","og_title":"Viga medin\u0117s kalad\u0117l\u0117s kibir\u0117lyje - Montessori \u017eaislai","og_description":"Statybiniai blokai yra klasikiniai \u017eaislai, kurie veiksmingai ugdo vaiko intelekt\u0105. \u201eViga Toys\u201c jutiminis statybini\u0173 blok\u0173 rinkinys skatina statybinius \u017eaidimus, orientacij\u0105 \u012f tiksl\u0105, k\u016brybi\u0161kum\u0105, problem\u0173 sprendim\u0105 ir STEM pagrindus. Blokai taip pat skatina tyrin\u0117jamuosius \u017eaidimus. Vaikai, kurie gauna tok\u012f \u012fvairi\u0173 blokeli\u0173 rinkin\u012f, juos tiria ir analizuoja i\u0161 vis\u0173 pusi\u0173. Tokios r\u016b\u0161ies \u017eaidimai skatina erdv\u0117s suvokim\u0105 ir [&hellip;]","og_url":"https:\/\/monti.lt\/en\/product\/viga-medines-kaladeles-kibirelyje\/","og_site_name":"Montessori \u017eaislai","article_modified_time":"2025-12-07T11:25:59+00:00","og_image":[{"width":800,"height":800,"url":"https:\/\/monti.lt\/wp-content\/uploads\/2025\/10\/viga-polarb-zestaw-drewnianych-klockow-w-wiaderku-60-elementow.jpg","type":"image\/jpeg"}],"twitter_card":"summary_large_image","twitter_misc":{"Est. reading time":"1 minute"},"schema":{"@context":"https:\/\/schema.org","@graph":[{"@type":"WebPage","@id":"https:\/\/monti.lt\/product\/viga-medines-kaladeles-kibirelyje\/","url":"https:\/\/monti.lt\/product\/viga-medines-kaladeles-kibirelyje\/","name":"Viga medin\u0117s kalad\u0117l\u0117s kibir\u0117lyje - Montessori \u017eaislai","isPartOf":{"@id":"https:\/\/monti.lt\/#website"},"primaryImageOfPage":{"@id":"https:\/\/monti.lt\/product\/viga-medines-kaladeles-kibirelyje\/#primaryimage"},"image":{"@id":"https:\/\/monti.lt\/product\/viga-medines-kaladeles-kibirelyje\/#primaryimage"},"thumbnailUrl":"https:\/\/monti.lt\/wp-content\/uploads\/2025\/10\/viga-polarb-zestaw-drewnianych-klockow-w-wiaderku-60-elementow.jpg","datePublished":"2025-10-27T12:33:41+00:00","dateModified":"2025-12-07T11:25:59+00:00","breadcrumb":{"@id":"https:\/\/monti.lt\/product\/viga-medines-kaladeles-kibirelyje\/#breadcrumb"},"inLanguage":"en-US","potentialAction":[{"@type":"ReadAction","target":["https:\/\/monti.lt\/product\/viga-medines-kaladeles-kibirelyje\/"]}]},{"@type":"ImageObject","inLanguage":"en-US","@id":"https:\/\/monti.lt\/product\/viga-medines-kaladeles-kibirelyje\/#primaryimage","url":"https:\/\/monti.lt\/wp-content\/uploads\/2025\/10\/viga-polarb-zestaw-drewnianych-klockow-w-wiaderku-60-elementow.jpg","contentUrl":"https:\/\/monti.lt\/wp-content\/uploads\/2025\/10\/viga-polarb-zestaw-drewnianych-klockow-w-wiaderku-60-elementow.jpg","width":800,"height":800,"caption":"viga medines kaladeles kibirelyje"},{"@type":"BreadcrumbList","@id":"https:\/\/monti.lt\/product\/viga-medines-kaladeles-kibirelyje\/#breadcrumb","itemListElement":[{"@type":"ListItem","position":1,"name":"Home","item":"https:\/\/monti.lt\/"},{"@type":"ListItem","position":2,"name":"Parduotuv\u0117","item":"https:\/\/monti.lt\/shop\/"},{"@type":"ListItem","position":3,"name":"Viga medin\u0117s kalad\u0117l\u0117s kibir\u0117lyje"}]},{"@type":"WebSite","@id":"https:\/\/monti.lt\/#website","url":"https:\/\/monti.lt\/","name":"Montessori \u017eaislai","description":"","publisher":{"@id":"https:\/\/monti.lt\/#organization"},"potentialAction":[{"@type":"SearchAction","target":{"@type":"EntryPoint","urlTemplate":"https:\/\/monti.lt\/?s={search_term_string}"},"query-input":"required name=search_term_string"}],"inLanguage":"en-US"},{"@type":"Organization","@id":"https:\/\/monti.lt\/#organization","name":"Montessori \u017eaislai","url":"https:\/\/monti.lt\/","logo":{"@type":"ImageObject","inLanguage":"en-US","@id":"https:\/\/monti.lt\/#\/schema\/logo\/image\/","url":"https:\/\/monti.lt\/wp-content\/uploads\/2022\/03\/montilogo-1.png","contentUrl":"https:\/\/monti.lt\/wp-content\/uploads\/2022\/03\/montilogo-1.png","width":512,"height":512,"caption":"Montessori \u017eaislai"},"image":{"@id":"https:\/\/monti.lt\/#\/schema\/logo\/image\/"}}]}},"_links":{"self":[{"href":"https:\/\/monti.lt\/en\/wp-json\/wp\/v2\/product\/34856"}],"collection":[{"href":"https:\/\/monti.lt\/en\/wp-json\/wp\/v2\/product"}],"about":[{"href":"https:\/\/monti.lt\/en\/wp-json\/wp\/v2\/types\/product"}],"version-history":[{"count":1,"href":"https:\/\/monti.lt\/en\/wp-json\/wp\/v2\/product\/34856\/revisions"}],"predecessor-version":[{"id":34867,"href":"https:\/\/monti.lt\/en\/wp-json\/wp\/v2\/product\/34856\/revisions\/34867"}],"wp:featuredmedia":[{"embeddable":true,"href":"https:\/\/monti.lt\/en\/wp-json\/wp\/v2\/media\/34857"}],"wp:attachment":[{"href":"https:\/\/monti.lt\/en\/wp-json\/wp\/v2\/media?parent=34856"}],"wp:term":[{"taxonomy":"product_cat","embeddable":true,"href":"https:\/\/monti.lt\/en\/wp-json\/wp\/v2\/product_cat?post=34856"},{"taxonomy":"product_tag","embeddable":true,"href":"https:\/\/monti.lt\/en\/wp-json\/wp\/v2\/product_tag?post=34856"}],"curies":[{"name":"wp","href":"https:\/\/api.w.org\/{rel}","templated":true}]}}