{"id":34868,"date":"2025-10-27T12:38:53","date_gmt":"2025-10-27T12:38:53","guid":{"rendered":"https:\/\/monti.lt\/?post_type=product&#038;p=34868"},"modified":"2026-04-05T08:01:15","modified_gmt":"2026-04-05T08:01:15","slug":"viga-medines-kaladeles-su-vezimeliu","status":"publish","type":"product","link":"https:\/\/monti.lt\/en\/product\/viga-medines-kaladeles-su-vezimeliu\/","title":{"rendered":"Viga medin\u0117s kalad\u0117l\u0117s su ve\u017eim\u0117liu"},"content":{"rendered":"<p>Medinis ve\u017eim\u0117lis \u201eVIGA PolarB\u201c sudarytas i\u0161 pastelin\u0117s spalvos blokeli\u0173, sud\u0117t\u0173 ant patogaus ve\u017eim\u0117lio. Naudodami 20 medini\u0173 blokeli\u0173, galite kurti \u012fvairi\u0173 form\u0173, spalv\u0173 ir ra\u0161t\u0173 pastatus. \u017daisdami mediniais statybiniais blokais, vaikai lavina motorinius \u012fg\u016bd\u017eius ir k\u016brybi\u0161kum\u0105. Pastatai pagaminti i\u0161 bukmed\u017eio, padengti harmoning\u0173 spalv\u0173 laku ir yra saug\u016bs vaikams. Kai \u017eaidimas baigiasi, blokelius galima sur\u016b\u0161iuoti atgal \u012f ve\u017eim\u0117l\u012f ir viskas v\u0117l bus tvarkinga. Naudodamas virv\u0119, vaikas gali traukti ve\u017eim\u0117l\u012f su sur\u016b\u0161iuotais blokeliais per grindis.<\/p>\n\n\n\n<p>Savyb\u0117s:<\/p>\n\n\n\n<ul class=\"wp-block-list\">\n<li>\u017daislas skirtas vaikams nuo 18 m\u0117nesi\u0173<\/li>\n\n\n\n<li>Pagamintas i\u0161 med\u017eio, da\u017eytas vaikams saugiais da\u017eais<\/li>\n\n\n\n<li>Stilingas dizainas, puikiai tinkamas dovanai<\/li>\n\n\n\n<li>Komplekte yra 21 detal\u0117, \u012fskaitant 20 blokeli\u0173 ir ve\u017eim\u0117l\u012f su virvele<br>\u017daislas ugdo:<\/li>\n\n\n\n<li>Rank\u0173 ir aki\u0173 koordinacij\u0105<\/li>\n\n\n\n<li>Bendr\u0105sias motorines \u012fg\u016bd\u017eius<\/li>\n\n\n\n<li>Koncentracij\u0105<\/li>\n<\/ul>","protected":false},"excerpt":{"rendered":"<p>Medinis ve\u017eim\u0117lis \u201eVIGA PolarB\u201c sudarytas i\u0161 pastelin\u0117s spalvos blokeli\u0173, sud\u0117t\u0173 ant patogaus ve\u017eim\u0117lio. Naudodami 20 medini\u0173 blokeli\u0173, galite kurti \u012fvairi\u0173 form\u0173, spalv\u0173 ir ra\u0161t\u0173 pastatus. \u017daisdami mediniais statybiniais blokais, vaikai lavina motorinius \u012fg\u016bd\u017eius ir k\u016brybi\u0161kum\u0105. Pastatai pagaminti i\u0161 bukmed\u017eio, padengti harmoning\u0173 spalv\u0173 laku ir yra saug\u016bs vaikams. Kai \u017eaidimas baigiasi, blokelius galima sur\u016b\u0161iuoti atgal \u012f [&hellip;]<\/p>","protected":false},"featured_media":34869,"template":"","meta":{"_acf_changed":false,"iawp_total_views":165},"product_cat":[193,194,191,192,87,84,102,83,242,90,86,245,49,39],"product_tag":[95,96,97],"class_list":{"0":"post-34868","1":"product","2":"type-product","3":"status-publish","4":"has-post-thumbnail","6":"product_cat-dovanos-vaikams-1-2-metu","7":"product_cat-dovanos-vaikams-2-3-metu","8":"product_cat-dovanos-vaikams","9":"product_cat-kaledines-dovanos-vaikams","10":"product_cat-kurybiniai-rinkiniai","11":"product_cat-lavinamieji-zaislai","12":"product_cat-mediniai-zaislai","13":"product_cat-montessori-zaislai","14":"product_cat-pagal-gamintoja","15":"product_cat-pasaulio-pazinimas","16":"product_cat-smulkioji-motorika","17":"product_cat-viga","18":"product_cat-visi-zaislai","19":"product_cat-zaislai","20":"product_tag-1-m-2-m","21":"product_tag-2-m-3-m","22":"product_tag-3-m-4-m","24":"first","25":"outofstock","26":"sale","27":"taxable","28":"shipping-taxable","29":"purchasable","30":"product-type-simple"},"acf":[],"yoast_head":"<!-- This site is optimized with the Yoast SEO plugin v23.3 - https:\/\/yoast.com\/wordpress\/plugins\/seo\/ -->\n<title>Viga medin\u0117s kalad\u0117l\u0117s su ve\u017eim\u0117liu - Montessori \u017eaislai<\/title>\n<meta name=\"robots\" content=\"index, follow, max-snippet:-1, max-image-preview:large, max-video-preview:-1\" \/>\n<link rel=\"canonical\" href=\"https:\/\/monti.lt\/en\/product\/viga-medines-kaladeles-su-vezimeliu\/\" \/>\n<meta property=\"og:locale\" content=\"en_US\" \/>\n<meta property=\"og:type\" content=\"article\" \/>\n<meta property=\"og:title\" content=\"Viga medin\u0117s kalad\u0117l\u0117s su ve\u017eim\u0117liu - Montessori \u017eaislai\" \/>\n<meta property=\"og:description\" content=\"Medinis ve\u017eim\u0117lis \u201eVIGA PolarB\u201c sudarytas i\u0161 pastelin\u0117s spalvos blokeli\u0173, sud\u0117t\u0173 ant patogaus ve\u017eim\u0117lio. Naudodami 20 medini\u0173 blokeli\u0173, galite kurti \u012fvairi\u0173 form\u0173, spalv\u0173 ir ra\u0161t\u0173 pastatus. \u017daisdami mediniais statybiniais blokais, vaikai lavina motorinius \u012fg\u016bd\u017eius ir k\u016brybi\u0161kum\u0105. Pastatai pagaminti i\u0161 bukmed\u017eio, padengti harmoning\u0173 spalv\u0173 laku ir yra saug\u016bs vaikams. Kai \u017eaidimas baigiasi, blokelius galima sur\u016b\u0161iuoti atgal \u012f [&hellip;]\" \/>\n<meta property=\"og:url\" content=\"https:\/\/monti.lt\/en\/product\/viga-medines-kaladeles-su-vezimeliu\/\" \/>\n<meta property=\"og:site_name\" content=\"Montessori \u017eaislai\" \/>\n<meta property=\"article:modified_time\" content=\"2026-04-05T08:01:15+00:00\" \/>\n<meta property=\"og:image\" content=\"https:\/\/monti.lt\/wp-content\/uploads\/2025\/10\/viga-polarb-drewniany-wozek-do-ciagniecia-klocki-21-el-2.jpg\" \/>\n\t<meta property=\"og:image:width\" content=\"800\" \/>\n\t<meta property=\"og:image:height\" content=\"800\" \/>\n\t<meta property=\"og:image:type\" content=\"image\/jpeg\" \/>\n<meta name=\"twitter:card\" content=\"summary_large_image\" \/>\n<meta name=\"twitter:label1\" content=\"Est. reading time\" \/>\n\t<meta name=\"twitter:data1\" content=\"1 minute\" \/>\n<script type=\"application\/ld+json\" class=\"yoast-schema-graph\">{\"@context\":\"https:\/\/schema.org\",\"@graph\":[{\"@type\":\"WebPage\",\"@id\":\"https:\/\/monti.lt\/product\/viga-medines-kaladeles-su-vezimeliu\/\",\"url\":\"https:\/\/monti.lt\/product\/viga-medines-kaladeles-su-vezimeliu\/\",\"name\":\"Viga medin\u0117s kalad\u0117l\u0117s su ve\u017eim\u0117liu - Montessori \u017eaislai\",\"isPartOf\":{\"@id\":\"https:\/\/monti.lt\/#website\"},\"primaryImageOfPage\":{\"@id\":\"https:\/\/monti.lt\/product\/viga-medines-kaladeles-su-vezimeliu\/#primaryimage\"},\"image\":{\"@id\":\"https:\/\/monti.lt\/product\/viga-medines-kaladeles-su-vezimeliu\/#primaryimage\"},\"thumbnailUrl\":\"https:\/\/monti.lt\/wp-content\/uploads\/2025\/10\/viga-polarb-drewniany-wozek-do-ciagniecia-klocki-21-el-2.jpg\",\"datePublished\":\"2025-10-27T12:38:53+00:00\",\"dateModified\":\"2026-04-05T08:01:15+00:00\",\"breadcrumb\":{\"@id\":\"https:\/\/monti.lt\/product\/viga-medines-kaladeles-su-vezimeliu\/#breadcrumb\"},\"inLanguage\":\"en-US\",\"potentialAction\":[{\"@type\":\"ReadAction\",\"target\":[\"https:\/\/monti.lt\/product\/viga-medines-kaladeles-su-vezimeliu\/\"]}]},{\"@type\":\"ImageObject\",\"inLanguage\":\"en-US\",\"@id\":\"https:\/\/monti.lt\/product\/viga-medines-kaladeles-su-vezimeliu\/#primaryimage\",\"url\":\"https:\/\/monti.lt\/wp-content\/uploads\/2025\/10\/viga-polarb-drewniany-wozek-do-ciagniecia-klocki-21-el-2.jpg\",\"contentUrl\":\"https:\/\/monti.lt\/wp-content\/uploads\/2025\/10\/viga-polarb-drewniany-wozek-do-ciagniecia-klocki-21-el-2.jpg\",\"width\":800,\"height\":800,\"caption\":\"medines kaladeles su vezimeliu\"},{\"@type\":\"BreadcrumbList\",\"@id\":\"https:\/\/monti.lt\/product\/viga-medines-kaladeles-su-vezimeliu\/#breadcrumb\",\"itemListElement\":[{\"@type\":\"ListItem\",\"position\":1,\"name\":\"Home\",\"item\":\"https:\/\/monti.lt\/\"},{\"@type\":\"ListItem\",\"position\":2,\"name\":\"Parduotuv\u0117\",\"item\":\"https:\/\/monti.lt\/shop\/\"},{\"@type\":\"ListItem\",\"position\":3,\"name\":\"Viga medin\u0117s kalad\u0117l\u0117s su ve\u017eim\u0117liu\"}]},{\"@type\":\"WebSite\",\"@id\":\"https:\/\/monti.lt\/#website\",\"url\":\"https:\/\/monti.lt\/\",\"name\":\"Montessori \u017eaislai\",\"description\":\"\",\"publisher\":{\"@id\":\"https:\/\/monti.lt\/#organization\"},\"potentialAction\":[{\"@type\":\"SearchAction\",\"target\":{\"@type\":\"EntryPoint\",\"urlTemplate\":\"https:\/\/monti.lt\/?s={search_term_string}\"},\"query-input\":\"required name=search_term_string\"}],\"inLanguage\":\"en-US\"},{\"@type\":\"Organization\",\"@id\":\"https:\/\/monti.lt\/#organization\",\"name\":\"Montessori \u017eaislai\",\"url\":\"https:\/\/monti.lt\/\",\"logo\":{\"@type\":\"ImageObject\",\"inLanguage\":\"en-US\",\"@id\":\"https:\/\/monti.lt\/#\/schema\/logo\/image\/\",\"url\":\"https:\/\/monti.lt\/wp-content\/uploads\/2022\/03\/montilogo-1.png\",\"contentUrl\":\"https:\/\/monti.lt\/wp-content\/uploads\/2022\/03\/montilogo-1.png\",\"width\":512,\"height\":512,\"caption\":\"Montessori \u017eaislai\"},\"image\":{\"@id\":\"https:\/\/monti.lt\/#\/schema\/logo\/image\/\"}}]}<\/script>\n<!-- \/ Yoast SEO plugin. -->","yoast_head_json":{"title":"Viga medin\u0117s kalad\u0117l\u0117s su ve\u017eim\u0117liu - Montessori \u017eaislai","robots":{"index":"index","follow":"follow","max-snippet":"max-snippet:-1","max-image-preview":"max-image-preview:large","max-video-preview":"max-video-preview:-1"},"canonical":"https:\/\/monti.lt\/en\/product\/viga-medines-kaladeles-su-vezimeliu\/","og_locale":"en_US","og_type":"article","og_title":"Viga medin\u0117s kalad\u0117l\u0117s su ve\u017eim\u0117liu - Montessori \u017eaislai","og_description":"Medinis ve\u017eim\u0117lis \u201eVIGA PolarB\u201c sudarytas i\u0161 pastelin\u0117s spalvos blokeli\u0173, sud\u0117t\u0173 ant patogaus ve\u017eim\u0117lio. Naudodami 20 medini\u0173 blokeli\u0173, galite kurti \u012fvairi\u0173 form\u0173, spalv\u0173 ir ra\u0161t\u0173 pastatus. \u017daisdami mediniais statybiniais blokais, vaikai lavina motorinius \u012fg\u016bd\u017eius ir k\u016brybi\u0161kum\u0105. Pastatai pagaminti i\u0161 bukmed\u017eio, padengti harmoning\u0173 spalv\u0173 laku ir yra saug\u016bs vaikams. Kai \u017eaidimas baigiasi, blokelius galima sur\u016b\u0161iuoti atgal \u012f [&hellip;]","og_url":"https:\/\/monti.lt\/en\/product\/viga-medines-kaladeles-su-vezimeliu\/","og_site_name":"Montessori \u017eaislai","article_modified_time":"2026-04-05T08:01:15+00:00","og_image":[{"width":800,"height":800,"url":"https:\/\/monti.lt\/wp-content\/uploads\/2025\/10\/viga-polarb-drewniany-wozek-do-ciagniecia-klocki-21-el-2.jpg","type":"image\/jpeg"}],"twitter_card":"summary_large_image","twitter_misc":{"Est. reading time":"1 minute"},"schema":{"@context":"https:\/\/schema.org","@graph":[{"@type":"WebPage","@id":"https:\/\/monti.lt\/product\/viga-medines-kaladeles-su-vezimeliu\/","url":"https:\/\/monti.lt\/product\/viga-medines-kaladeles-su-vezimeliu\/","name":"Viga medin\u0117s kalad\u0117l\u0117s su ve\u017eim\u0117liu - Montessori \u017eaislai","isPartOf":{"@id":"https:\/\/monti.lt\/#website"},"primaryImageOfPage":{"@id":"https:\/\/monti.lt\/product\/viga-medines-kaladeles-su-vezimeliu\/#primaryimage"},"image":{"@id":"https:\/\/monti.lt\/product\/viga-medines-kaladeles-su-vezimeliu\/#primaryimage"},"thumbnailUrl":"https:\/\/monti.lt\/wp-content\/uploads\/2025\/10\/viga-polarb-drewniany-wozek-do-ciagniecia-klocki-21-el-2.jpg","datePublished":"2025-10-27T12:38:53+00:00","dateModified":"2026-04-05T08:01:15+00:00","breadcrumb":{"@id":"https:\/\/monti.lt\/product\/viga-medines-kaladeles-su-vezimeliu\/#breadcrumb"},"inLanguage":"en-US","potentialAction":[{"@type":"ReadAction","target":["https:\/\/monti.lt\/product\/viga-medines-kaladeles-su-vezimeliu\/"]}]},{"@type":"ImageObject","inLanguage":"en-US","@id":"https:\/\/monti.lt\/product\/viga-medines-kaladeles-su-vezimeliu\/#primaryimage","url":"https:\/\/monti.lt\/wp-content\/uploads\/2025\/10\/viga-polarb-drewniany-wozek-do-ciagniecia-klocki-21-el-2.jpg","contentUrl":"https:\/\/monti.lt\/wp-content\/uploads\/2025\/10\/viga-polarb-drewniany-wozek-do-ciagniecia-klocki-21-el-2.jpg","width":800,"height":800,"caption":"medines kaladeles su vezimeliu"},{"@type":"BreadcrumbList","@id":"https:\/\/monti.lt\/product\/viga-medines-kaladeles-su-vezimeliu\/#breadcrumb","itemListElement":[{"@type":"ListItem","position":1,"name":"Home","item":"https:\/\/monti.lt\/"},{"@type":"ListItem","position":2,"name":"Parduotuv\u0117","item":"https:\/\/monti.lt\/shop\/"},{"@type":"ListItem","position":3,"name":"Viga medin\u0117s kalad\u0117l\u0117s su ve\u017eim\u0117liu"}]},{"@type":"WebSite","@id":"https:\/\/monti.lt\/#website","url":"https:\/\/monti.lt\/","name":"Montessori \u017eaislai","description":"","publisher":{"@id":"https:\/\/monti.lt\/#organization"},"potentialAction":[{"@type":"SearchAction","target":{"@type":"EntryPoint","urlTemplate":"https:\/\/monti.lt\/?s={search_term_string}"},"query-input":"required name=search_term_string"}],"inLanguage":"en-US"},{"@type":"Organization","@id":"https:\/\/monti.lt\/#organization","name":"Montessori \u017eaislai","url":"https:\/\/monti.lt\/","logo":{"@type":"ImageObject","inLanguage":"en-US","@id":"https:\/\/monti.lt\/#\/schema\/logo\/image\/","url":"https:\/\/monti.lt\/wp-content\/uploads\/2022\/03\/montilogo-1.png","contentUrl":"https:\/\/monti.lt\/wp-content\/uploads\/2022\/03\/montilogo-1.png","width":512,"height":512,"caption":"Montessori \u017eaislai"},"image":{"@id":"https:\/\/monti.lt\/#\/schema\/logo\/image\/"}}]}},"_links":{"self":[{"href":"https:\/\/monti.lt\/en\/wp-json\/wp\/v2\/product\/34868"}],"collection":[{"href":"https:\/\/monti.lt\/en\/wp-json\/wp\/v2\/product"}],"about":[{"href":"https:\/\/monti.lt\/en\/wp-json\/wp\/v2\/types\/product"}],"version-history":[{"count":1,"href":"https:\/\/monti.lt\/en\/wp-json\/wp\/v2\/product\/34868\/revisions"}],"predecessor-version":[{"id":34875,"href":"https:\/\/monti.lt\/en\/wp-json\/wp\/v2\/product\/34868\/revisions\/34875"}],"wp:featuredmedia":[{"embeddable":true,"href":"https:\/\/monti.lt\/en\/wp-json\/wp\/v2\/media\/34869"}],"wp:attachment":[{"href":"https:\/\/monti.lt\/en\/wp-json\/wp\/v2\/media?parent=34868"}],"wp:term":[{"taxonomy":"product_cat","embeddable":true,"href":"https:\/\/monti.lt\/en\/wp-json\/wp\/v2\/product_cat?post=34868"},{"taxonomy":"product_tag","embeddable":true,"href":"https:\/\/monti.lt\/en\/wp-json\/wp\/v2\/product_tag?post=34868"}],"curies":[{"name":"wp","href":"https:\/\/api.w.org\/{rel}","templated":true}]}}