{"id":34876,"date":"2025-10-27T12:43:26","date_gmt":"2025-10-27T12:43:26","guid":{"rendered":"https:\/\/monti.lt\/?post_type=product&#038;p=34876"},"modified":"2025-11-04T11:54:20","modified_gmt":"2025-11-04T11:54:20","slug":"viga-medinis-dovanu-rinkinys-12-18-men","status":"publish","type":"product","link":"https:\/\/monti.lt\/en\/product\/viga-medinis-dovanu-rinkinys-12-18-men\/","title":{"rendered":"Viga medinis dovan\u0173 rinkinys, 12-18 m\u0117n"},"content":{"rendered":"<p>\u201eMotion Masters\u201c (12\u201318 m\u0117n.) \u2013 tai rinkinys, skirtas remti nat\u016bral\u0173 k\u016bdiki\u0173 motorin\u012f ir pa\u017eintin\u012f vystym\u0105si. \u012evair\u016bs \u017eaislai padeda vaikams lavinti koordinacij\u0105, ugdyti pir\u0161t\u0173 ir rank\u0173 judrum\u0105, mokytis atpa\u017einti formas ir spalvas. Spalvingi elementai ir mediniai gyv\u016bn\u0117liai \u017eadina smalsum\u0105 ir skatina kasdien atrasti naujus \u012fg\u016bd\u017eius.<\/p>\n\n\n\n<p>Savyb\u0117s<\/p>\n\n\n\n<p>rinkinys tinka 12\u201318 m\u0117nesi\u0173 vaikams<br>skatina rank\u0173 ir aki\u0173 koordinacijos bei smulkiosios motorikos \u012fg\u016bd\u017ei\u0173 vystym\u0105si<br>mediniai elementai su saugiais kra\u0161tais ir tvirta konstrukcija<br>spalvingi ra\u0161tai ir paprastos formos palengvina mokym\u0105si \u017eaid\u017eiant<br>pakuot\u0117 \u2013 d\u0117\u017eut\u0117 su rankena, ideali dovanai<br>Komplekt\u0105 sudaro<\/p>\n\n\n\n<p>medinis kalimo \u017eaislas \u2013 spalvinga suoliukas su 6 kai\u0161\u010diais ir plaktuku, kuris lavina rie\u0161o lankstum\u0105 ir motorin\u0119 koordinacij\u0105<br>form\u0173 r\u016b\u0161iuoklio piramid\u0117 \u2013 5 blokai, kuriuos galima sud\u0117ti vien\u0105 ant kito, padeda suprasti dyd\u017eio ir skai\u010diaus s\u0105vokas<br>motorin\u0117s kilpos su karoliukais \u2013 mediniai karoliukai ant vielos, idealiai tinka pir\u0161t\u0173 vikrumui ir abiej\u0173 rank\u0173 koordinacijai ugdyti<br>geometrinis d\u0117lion\u0117 \u2013 dideli blokai su ranken\u0117l\u0117mis, padedantys atpa\u017einti pagrindines formas ir spalvas<br>medin\u0117 knygel\u0117 \u2013 ma\u017ea knygel\u0117 su gyv\u016bn\u0173 paveiksl\u0117liais, ideali pirmiesiems bandymams skaityti<br>poliarinis lokys traukiamasis \u017eaislas \u2013 mielas \u017eaislas, ugdantis bendr\u0105j\u0105 motorik\u0105 ir skatinantis vaik\u0161\u010dioti<br>\u017daislas ugdo<\/p>\n\n\n\n<p>smulkiosios ir stambiosios motorikos \u012fg\u016bd\u017eiai<br>rank\u0173 ir aki\u0173 koordinacija<br>form\u0173 ir spalv\u0173 atpa\u017einimas<br>tikslumas<\/p>","protected":false},"excerpt":{"rendered":"<p>\u201eMotion Masters\u201c (12\u201318 m\u0117n.) \u2013 tai rinkinys, skirtas remti nat\u016bral\u0173 k\u016bdiki\u0173 motorin\u012f ir pa\u017eintin\u012f vystym\u0105si. \u012evair\u016bs \u017eaislai padeda vaikams lavinti koordinacij\u0105, ugdyti pir\u0161t\u0173 ir rank\u0173 judrum\u0105, mokytis atpa\u017einti formas ir spalvas. Spalvingi elementai ir mediniai gyv\u016bn\u0117liai \u017eadina smalsum\u0105 ir skatina kasdien atrasti naujus \u012fg\u016bd\u017eius. Savyb\u0117s rinkinys tinka 12\u201318 m\u0117nesi\u0173 vaikamsskatina rank\u0173 ir aki\u0173 koordinacijos bei [&hellip;]<\/p>","protected":false},"featured_media":34877,"template":"","meta":{"_acf_changed":false,"iawp_total_views":42},"product_cat":[193,191,241,192,84,91,102,83,242,86,50,245,49,39],"product_tag":[95],"class_list":{"0":"post-34876","1":"product","2":"type-product","3":"status-publish","4":"has-post-thumbnail","6":"product_cat-dovanos-vaikams-1-2-metu","7":"product_cat-dovanos-vaikams","8":"product_cat-dovanu-rinkiniai","9":"product_cat-kaledines-dovanos-vaikams","10":"product_cat-lavinamieji-zaislai","11":"product_cat-loginiam-mastymui","12":"product_cat-mediniai-zaislai","13":"product_cat-montessori-zaislai","14":"product_cat-pagal-gamintoja","15":"product_cat-smulkioji-motorika","16":"product_cat-top-dovanos","17":"product_cat-viga","18":"product_cat-visi-zaislai","19":"product_cat-zaislai","20":"product_tag-1-m-2-m","22":"first","23":"outofstock","24":"taxable","25":"shipping-taxable","26":"purchasable","27":"product-type-simple"},"acf":[],"yoast_head":"<!-- This site is optimized with the Yoast SEO plugin v23.3 - https:\/\/yoast.com\/wordpress\/plugins\/seo\/ -->\n<title>Viga medinis dovan\u0173 rinkinys, 12-18 m\u0117n - Montessori \u017eaislai<\/title>\n<meta name=\"robots\" content=\"index, follow, max-snippet:-1, max-image-preview:large, max-video-preview:-1\" \/>\n<link rel=\"canonical\" href=\"https:\/\/monti.lt\/en\/product\/viga-medinis-dovanu-rinkinys-12-18-men\/\" \/>\n<meta property=\"og:locale\" content=\"en_US\" \/>\n<meta property=\"og:type\" content=\"article\" \/>\n<meta property=\"og:title\" content=\"Viga medinis dovan\u0173 rinkinys, 12-18 m\u0117n - Montessori \u017eaislai\" \/>\n<meta property=\"og:description\" content=\"\u201eMotion Masters\u201c (12\u201318 m\u0117n.) \u2013 tai rinkinys, skirtas remti nat\u016bral\u0173 k\u016bdiki\u0173 motorin\u012f ir pa\u017eintin\u012f vystym\u0105si. \u012evair\u016bs \u017eaislai padeda vaikams lavinti koordinacij\u0105, ugdyti pir\u0161t\u0173 ir rank\u0173 judrum\u0105, mokytis atpa\u017einti formas ir spalvas. Spalvingi elementai ir mediniai gyv\u016bn\u0117liai \u017eadina smalsum\u0105 ir skatina kasdien atrasti naujus \u012fg\u016bd\u017eius. Savyb\u0117s rinkinys tinka 12\u201318 m\u0117nesi\u0173 vaikamsskatina rank\u0173 ir aki\u0173 koordinacijos bei [&hellip;]\" \/>\n<meta property=\"og:url\" content=\"https:\/\/monti.lt\/en\/product\/viga-medinis-dovanu-rinkinys-12-18-men\/\" \/>\n<meta property=\"og:site_name\" content=\"Montessori \u017eaislai\" \/>\n<meta property=\"article:modified_time\" content=\"2025-11-04T11:54:20+00:00\" \/>\n<meta property=\"og:image\" content=\"https:\/\/monti.lt\/wp-content\/uploads\/2025\/10\/viga-zestaw-zabawek-edukacyjnych-pudelko-box-od-12-miesiaca-do-18-miesiaca.jpg\" \/>\n\t<meta property=\"og:image:width\" content=\"800\" \/>\n\t<meta property=\"og:image:height\" content=\"800\" \/>\n\t<meta property=\"og:image:type\" content=\"image\/jpeg\" \/>\n<meta name=\"twitter:card\" content=\"summary_large_image\" \/>\n<meta name=\"twitter:label1\" content=\"Est. reading time\" \/>\n\t<meta name=\"twitter:data1\" content=\"2 minutes\" \/>\n<script type=\"application\/ld+json\" class=\"yoast-schema-graph\">{\"@context\":\"https:\/\/schema.org\",\"@graph\":[{\"@type\":\"WebPage\",\"@id\":\"https:\/\/monti.lt\/product\/viga-medinis-dovanu-rinkinys-12-18-men\/\",\"url\":\"https:\/\/monti.lt\/product\/viga-medinis-dovanu-rinkinys-12-18-men\/\",\"name\":\"Viga medinis dovan\u0173 rinkinys, 12-18 m\u0117n - Montessori \u017eaislai\",\"isPartOf\":{\"@id\":\"https:\/\/monti.lt\/#website\"},\"primaryImageOfPage\":{\"@id\":\"https:\/\/monti.lt\/product\/viga-medinis-dovanu-rinkinys-12-18-men\/#primaryimage\"},\"image\":{\"@id\":\"https:\/\/monti.lt\/product\/viga-medinis-dovanu-rinkinys-12-18-men\/#primaryimage\"},\"thumbnailUrl\":\"https:\/\/monti.lt\/wp-content\/uploads\/2025\/10\/viga-zestaw-zabawek-edukacyjnych-pudelko-box-od-12-miesiaca-do-18-miesiaca.jpg\",\"datePublished\":\"2025-10-27T12:43:26+00:00\",\"dateModified\":\"2025-11-04T11:54:20+00:00\",\"breadcrumb\":{\"@id\":\"https:\/\/monti.lt\/product\/viga-medinis-dovanu-rinkinys-12-18-men\/#breadcrumb\"},\"inLanguage\":\"en-US\",\"potentialAction\":[{\"@type\":\"ReadAction\",\"target\":[\"https:\/\/monti.lt\/product\/viga-medinis-dovanu-rinkinys-12-18-men\/\"]}]},{\"@type\":\"ImageObject\",\"inLanguage\":\"en-US\",\"@id\":\"https:\/\/monti.lt\/product\/viga-medinis-dovanu-rinkinys-12-18-men\/#primaryimage\",\"url\":\"https:\/\/monti.lt\/wp-content\/uploads\/2025\/10\/viga-zestaw-zabawek-edukacyjnych-pudelko-box-od-12-miesiaca-do-18-miesiaca.jpg\",\"contentUrl\":\"https:\/\/monti.lt\/wp-content\/uploads\/2025\/10\/viga-zestaw-zabawek-edukacyjnych-pudelko-box-od-12-miesiaca-do-18-miesiaca.jpg\",\"width\":800,\"height\":800,\"caption\":\"montessori zaislu rinkinys\"},{\"@type\":\"BreadcrumbList\",\"@id\":\"https:\/\/monti.lt\/product\/viga-medinis-dovanu-rinkinys-12-18-men\/#breadcrumb\",\"itemListElement\":[{\"@type\":\"ListItem\",\"position\":1,\"name\":\"Home\",\"item\":\"https:\/\/monti.lt\/\"},{\"@type\":\"ListItem\",\"position\":2,\"name\":\"Parduotuv\u0117\",\"item\":\"https:\/\/monti.lt\/shop\/\"},{\"@type\":\"ListItem\",\"position\":3,\"name\":\"Viga medinis dovan\u0173 rinkinys, 12-18 m\u0117n\"}]},{\"@type\":\"WebSite\",\"@id\":\"https:\/\/monti.lt\/#website\",\"url\":\"https:\/\/monti.lt\/\",\"name\":\"Montessori \u017eaislai\",\"description\":\"\",\"publisher\":{\"@id\":\"https:\/\/monti.lt\/#organization\"},\"potentialAction\":[{\"@type\":\"SearchAction\",\"target\":{\"@type\":\"EntryPoint\",\"urlTemplate\":\"https:\/\/monti.lt\/?s={search_term_string}\"},\"query-input\":\"required name=search_term_string\"}],\"inLanguage\":\"en-US\"},{\"@type\":\"Organization\",\"@id\":\"https:\/\/monti.lt\/#organization\",\"name\":\"Montessori \u017eaislai\",\"url\":\"https:\/\/monti.lt\/\",\"logo\":{\"@type\":\"ImageObject\",\"inLanguage\":\"en-US\",\"@id\":\"https:\/\/monti.lt\/#\/schema\/logo\/image\/\",\"url\":\"https:\/\/monti.lt\/wp-content\/uploads\/2022\/03\/montilogo-1.png\",\"contentUrl\":\"https:\/\/monti.lt\/wp-content\/uploads\/2022\/03\/montilogo-1.png\",\"width\":512,\"height\":512,\"caption\":\"Montessori \u017eaislai\"},\"image\":{\"@id\":\"https:\/\/monti.lt\/#\/schema\/logo\/image\/\"}}]}<\/script>\n<!-- \/ Yoast SEO plugin. -->","yoast_head_json":{"title":"Viga medinis dovan\u0173 rinkinys, 12-18 m\u0117n - Montessori \u017eaislai","robots":{"index":"index","follow":"follow","max-snippet":"max-snippet:-1","max-image-preview":"max-image-preview:large","max-video-preview":"max-video-preview:-1"},"canonical":"https:\/\/monti.lt\/en\/product\/viga-medinis-dovanu-rinkinys-12-18-men\/","og_locale":"en_US","og_type":"article","og_title":"Viga medinis dovan\u0173 rinkinys, 12-18 m\u0117n - Montessori \u017eaislai","og_description":"\u201eMotion Masters\u201c (12\u201318 m\u0117n.) \u2013 tai rinkinys, skirtas remti nat\u016bral\u0173 k\u016bdiki\u0173 motorin\u012f ir pa\u017eintin\u012f vystym\u0105si. \u012evair\u016bs \u017eaislai padeda vaikams lavinti koordinacij\u0105, ugdyti pir\u0161t\u0173 ir rank\u0173 judrum\u0105, mokytis atpa\u017einti formas ir spalvas. Spalvingi elementai ir mediniai gyv\u016bn\u0117liai \u017eadina smalsum\u0105 ir skatina kasdien atrasti naujus \u012fg\u016bd\u017eius. Savyb\u0117s rinkinys tinka 12\u201318 m\u0117nesi\u0173 vaikamsskatina rank\u0173 ir aki\u0173 koordinacijos bei [&hellip;]","og_url":"https:\/\/monti.lt\/en\/product\/viga-medinis-dovanu-rinkinys-12-18-men\/","og_site_name":"Montessori \u017eaislai","article_modified_time":"2025-11-04T11:54:20+00:00","og_image":[{"width":800,"height":800,"url":"https:\/\/monti.lt\/wp-content\/uploads\/2025\/10\/viga-zestaw-zabawek-edukacyjnych-pudelko-box-od-12-miesiaca-do-18-miesiaca.jpg","type":"image\/jpeg"}],"twitter_card":"summary_large_image","twitter_misc":{"Est. reading time":"2 minutes"},"schema":{"@context":"https:\/\/schema.org","@graph":[{"@type":"WebPage","@id":"https:\/\/monti.lt\/product\/viga-medinis-dovanu-rinkinys-12-18-men\/","url":"https:\/\/monti.lt\/product\/viga-medinis-dovanu-rinkinys-12-18-men\/","name":"Viga medinis dovan\u0173 rinkinys, 12-18 m\u0117n - Montessori \u017eaislai","isPartOf":{"@id":"https:\/\/monti.lt\/#website"},"primaryImageOfPage":{"@id":"https:\/\/monti.lt\/product\/viga-medinis-dovanu-rinkinys-12-18-men\/#primaryimage"},"image":{"@id":"https:\/\/monti.lt\/product\/viga-medinis-dovanu-rinkinys-12-18-men\/#primaryimage"},"thumbnailUrl":"https:\/\/monti.lt\/wp-content\/uploads\/2025\/10\/viga-zestaw-zabawek-edukacyjnych-pudelko-box-od-12-miesiaca-do-18-miesiaca.jpg","datePublished":"2025-10-27T12:43:26+00:00","dateModified":"2025-11-04T11:54:20+00:00","breadcrumb":{"@id":"https:\/\/monti.lt\/product\/viga-medinis-dovanu-rinkinys-12-18-men\/#breadcrumb"},"inLanguage":"en-US","potentialAction":[{"@type":"ReadAction","target":["https:\/\/monti.lt\/product\/viga-medinis-dovanu-rinkinys-12-18-men\/"]}]},{"@type":"ImageObject","inLanguage":"en-US","@id":"https:\/\/monti.lt\/product\/viga-medinis-dovanu-rinkinys-12-18-men\/#primaryimage","url":"https:\/\/monti.lt\/wp-content\/uploads\/2025\/10\/viga-zestaw-zabawek-edukacyjnych-pudelko-box-od-12-miesiaca-do-18-miesiaca.jpg","contentUrl":"https:\/\/monti.lt\/wp-content\/uploads\/2025\/10\/viga-zestaw-zabawek-edukacyjnych-pudelko-box-od-12-miesiaca-do-18-miesiaca.jpg","width":800,"height":800,"caption":"montessori zaislu rinkinys"},{"@type":"BreadcrumbList","@id":"https:\/\/monti.lt\/product\/viga-medinis-dovanu-rinkinys-12-18-men\/#breadcrumb","itemListElement":[{"@type":"ListItem","position":1,"name":"Home","item":"https:\/\/monti.lt\/"},{"@type":"ListItem","position":2,"name":"Parduotuv\u0117","item":"https:\/\/monti.lt\/shop\/"},{"@type":"ListItem","position":3,"name":"Viga medinis dovan\u0173 rinkinys, 12-18 m\u0117n"}]},{"@type":"WebSite","@id":"https:\/\/monti.lt\/#website","url":"https:\/\/monti.lt\/","name":"Montessori \u017eaislai","description":"","publisher":{"@id":"https:\/\/monti.lt\/#organization"},"potentialAction":[{"@type":"SearchAction","target":{"@type":"EntryPoint","urlTemplate":"https:\/\/monti.lt\/?s={search_term_string}"},"query-input":"required name=search_term_string"}],"inLanguage":"en-US"},{"@type":"Organization","@id":"https:\/\/monti.lt\/#organization","name":"Montessori \u017eaislai","url":"https:\/\/monti.lt\/","logo":{"@type":"ImageObject","inLanguage":"en-US","@id":"https:\/\/monti.lt\/#\/schema\/logo\/image\/","url":"https:\/\/monti.lt\/wp-content\/uploads\/2022\/03\/montilogo-1.png","contentUrl":"https:\/\/monti.lt\/wp-content\/uploads\/2022\/03\/montilogo-1.png","width":512,"height":512,"caption":"Montessori \u017eaislai"},"image":{"@id":"https:\/\/monti.lt\/#\/schema\/logo\/image\/"}}]}},"_links":{"self":[{"href":"https:\/\/monti.lt\/en\/wp-json\/wp\/v2\/product\/34876"}],"collection":[{"href":"https:\/\/monti.lt\/en\/wp-json\/wp\/v2\/product"}],"about":[{"href":"https:\/\/monti.lt\/en\/wp-json\/wp\/v2\/types\/product"}],"version-history":[{"count":1,"href":"https:\/\/monti.lt\/en\/wp-json\/wp\/v2\/product\/34876\/revisions"}],"predecessor-version":[{"id":34887,"href":"https:\/\/monti.lt\/en\/wp-json\/wp\/v2\/product\/34876\/revisions\/34887"}],"wp:featuredmedia":[{"embeddable":true,"href":"https:\/\/monti.lt\/en\/wp-json\/wp\/v2\/media\/34877"}],"wp:attachment":[{"href":"https:\/\/monti.lt\/en\/wp-json\/wp\/v2\/media?parent=34876"}],"wp:term":[{"taxonomy":"product_cat","embeddable":true,"href":"https:\/\/monti.lt\/en\/wp-json\/wp\/v2\/product_cat?post=34876"},{"taxonomy":"product_tag","embeddable":true,"href":"https:\/\/monti.lt\/en\/wp-json\/wp\/v2\/product_tag?post=34876"}],"curies":[{"name":"wp","href":"https:\/\/api.w.org\/{rel}","templated":true}]}}