{"id":34888,"date":"2025-10-27T12:46:50","date_gmt":"2025-10-27T12:46:50","guid":{"rendered":"https:\/\/monti.lt\/?post_type=product&#038;p=34888"},"modified":"2026-03-05T12:31:15","modified_gmt":"2026-03-05T12:31:15","slug":"classic-world-medine-kuno-pazinimo-delione","status":"publish","type":"product","link":"https:\/\/monti.lt\/en\/product\/classic-world-medine-kuno-pazinimo-delione\/","title":{"rendered":"Classic world medin\u0117 k\u016bno pa\u017einimo d\u0117lion\u0117"},"content":{"rendered":"<p>Classic World medinis edukacinis d\u0117lion\u0117 \u201e\u017dmogaus k\u016bnas\u201c \u2013 tai \u012fdomus b\u016bdas \u017eaisti ir mokytis anatomijos. D\u0117lion\u0117s dalys vaizduoja organus, kaulus ir raumenis ai\u0161kia, patogia forma, leid\u017eianti vaikams pa\u017einti k\u016bno sandar\u0105 sluoksnis po sluoksnio. Sud\u0117liojant atskiras dalis mokomasi organ\u0173 pavadinim\u0173, funkcij\u0173 ir anatomin\u0117s sandaros. D\u0117l auk\u0161tos kokyb\u0117s med\u017eio ir lygaus kra\u0161to d\u0117lion\u0117 yra saugi ir ilgaam\u017e\u0117. Tai i\u0161radingas mokomasis \u017eaislas, kuris suderina \u017eaidim\u0105 ir mokym\u0105si.<\/p>\n\n\n\n<p>Savyb\u0117s:<\/p>\n\n\n\n<ul class=\"wp-block-list\">\n<li>med\u017eiaga: mediena, da\u017eyta saugiais da\u017eais<\/li>\n\n\n\n<li>sluoksniuotas d\u0117lion\u0117 \u2013 galimyb\u0117 surinkti vienas po kito einan\u010dius anatominius sluoksnius<\/li>\n\n\n\n<li>lyg\u016bs, suapvalinti kra\u0161tai saugumui u\u017etikrinti<\/li>\n\n\n\n<li>esteti\u0161kas apdirbimas ir detal\u016bs, ai\u0161k\u016bs iliustracijos<br>Komplekt\u0105 sudaro:<\/li>\n\n\n\n<li>atskiri k\u016bno sluoksniai: oda, raumenys, organai, skeleto sistema<\/li>\n\n\n\n<li>anatominiai elementai: smegenys, \u0161irdis, plau\u010diai, kepenys, skrandis ir kiti<\/li>\n\n\n\n<li>pagrindin\u0117 plok\u0161t\u0117, ant kurios surenkami sluoksniai<br>\u017daislas ugdo:<\/li>\n\n\n\n<li>\u017einias apie \u017emogaus anatomij\u0105 ir k\u016bno sandar\u0105<\/li>\n\n\n\n<li>login\u012f m\u0105stym\u0105 sudarant sluoksnius<\/li>\n\n\n\n<li>rank\u0173 \u012fg\u016bd\u017eius ir rank\u0173 bei aki\u0173 koordinacij\u0105<\/li>\n\n\n\n<li>smalsum\u0105 apie pasaul\u012f ir \u012fvad\u0105 \u012f biologijos mokslus<\/li>\n\n\n\n<li>koncentracij\u0105 ir tikslum\u0105 suderinant elementus<\/li>\n<\/ul>","protected":false},"excerpt":{"rendered":"<p>Classic World medinis edukacinis d\u0117lion\u0117 \u201e\u017dmogaus k\u016bnas\u201c \u2013 tai \u012fdomus b\u016bdas \u017eaisti ir mokytis anatomijos. D\u0117lion\u0117s dalys vaizduoja organus, kaulus ir raumenis ai\u0161kia, patogia forma, leid\u017eianti vaikams pa\u017einti k\u016bno sandar\u0105 sluoksnis po sluoksnio. Sud\u0117liojant atskiras dalis mokomasi organ\u0173 pavadinim\u0173, funkcij\u0173 ir anatomin\u0117s sandaros. D\u0117l auk\u0161tos kokyb\u0117s med\u017eio ir lygaus kra\u0161to d\u0117lion\u0117 yra saugi ir ilgaam\u017e\u0117. [&hellip;]<\/p>","protected":false},"featured_media":34889,"template":"","meta":{"_acf_changed":false,"iawp_total_views":83},"product_cat":[246,84,102,83,242,90,199,49,39],"product_tag":[97,98],"class_list":{"0":"post-34888","1":"product","2":"type-product","3":"status-publish","4":"has-post-thumbnail","6":"product_cat-classic-world","7":"product_cat-lavinamieji-zaislai","8":"product_cat-mediniai-zaislai","9":"product_cat-montessori-zaislai","10":"product_cat-pagal-gamintoja","11":"product_cat-pasaulio-pazinimas","12":"product_cat-ugdymo-istaigoms","13":"product_cat-visi-zaislai","14":"product_cat-zaislai","15":"product_tag-3-m-4-m","16":"product_tag-5-m-7-m","18":"first","19":"outofstock","20":"taxable","21":"shipping-taxable","22":"purchasable","23":"product-type-simple"},"acf":[],"yoast_head":"<!-- This site is optimized with the Yoast SEO plugin v23.3 - https:\/\/yoast.com\/wordpress\/plugins\/seo\/ -->\n<title>Classic world medin\u0117 k\u016bno pa\u017einimo d\u0117lion\u0117 - Montessori \u017eaislai<\/title>\n<meta name=\"robots\" content=\"index, follow, max-snippet:-1, max-image-preview:large, max-video-preview:-1\" \/>\n<link rel=\"canonical\" href=\"https:\/\/monti.lt\/en\/product\/classic-world-medine-kuno-pazinimo-delione\/\" \/>\n<meta property=\"og:locale\" content=\"en_US\" \/>\n<meta property=\"og:type\" content=\"article\" \/>\n<meta property=\"og:title\" content=\"Classic world medin\u0117 k\u016bno pa\u017einimo d\u0117lion\u0117 - Montessori \u017eaislai\" \/>\n<meta property=\"og:description\" content=\"Classic World medinis edukacinis d\u0117lion\u0117 \u201e\u017dmogaus k\u016bnas\u201c \u2013 tai \u012fdomus b\u016bdas \u017eaisti ir mokytis anatomijos. D\u0117lion\u0117s dalys vaizduoja organus, kaulus ir raumenis ai\u0161kia, patogia forma, leid\u017eianti vaikams pa\u017einti k\u016bno sandar\u0105 sluoksnis po sluoksnio. Sud\u0117liojant atskiras dalis mokomasi organ\u0173 pavadinim\u0173, funkcij\u0173 ir anatomin\u0117s sandaros. D\u0117l auk\u0161tos kokyb\u0117s med\u017eio ir lygaus kra\u0161to d\u0117lion\u0117 yra saugi ir ilgaam\u017e\u0117. [&hellip;]\" \/>\n<meta property=\"og:url\" content=\"https:\/\/monti.lt\/en\/product\/classic-world-medine-kuno-pazinimo-delione\/\" \/>\n<meta property=\"og:site_name\" content=\"Montessori \u017eaislai\" \/>\n<meta property=\"article:modified_time\" content=\"2026-03-05T12:31:15+00:00\" \/>\n<meta property=\"og:image\" content=\"https:\/\/monti.lt\/wp-content\/uploads\/2025\/10\/classic-world-tablica-edukacyjna-cialo-ludzkie-ukladanka-klocki-puzzle-dla-dzieci-dopasuj-montessori-19-el.jpg\" \/>\n\t<meta property=\"og:image:width\" content=\"800\" \/>\n\t<meta property=\"og:image:height\" content=\"800\" \/>\n\t<meta property=\"og:image:type\" content=\"image\/jpeg\" \/>\n<meta name=\"twitter:card\" content=\"summary_large_image\" \/>\n<meta name=\"twitter:label1\" content=\"Est. reading time\" \/>\n\t<meta name=\"twitter:data1\" content=\"2 minutes\" \/>\n<script type=\"application\/ld+json\" class=\"yoast-schema-graph\">{\"@context\":\"https:\/\/schema.org\",\"@graph\":[{\"@type\":\"WebPage\",\"@id\":\"https:\/\/monti.lt\/product\/classic-world-medine-kuno-pazinimo-delione\/\",\"url\":\"https:\/\/monti.lt\/product\/classic-world-medine-kuno-pazinimo-delione\/\",\"name\":\"Classic world medin\u0117 k\u016bno pa\u017einimo d\u0117lion\u0117 - Montessori \u017eaislai\",\"isPartOf\":{\"@id\":\"https:\/\/monti.lt\/#website\"},\"primaryImageOfPage\":{\"@id\":\"https:\/\/monti.lt\/product\/classic-world-medine-kuno-pazinimo-delione\/#primaryimage\"},\"image\":{\"@id\":\"https:\/\/monti.lt\/product\/classic-world-medine-kuno-pazinimo-delione\/#primaryimage\"},\"thumbnailUrl\":\"https:\/\/monti.lt\/wp-content\/uploads\/2025\/10\/classic-world-tablica-edukacyjna-cialo-ludzkie-ukladanka-klocki-puzzle-dla-dzieci-dopasuj-montessori-19-el.jpg\",\"datePublished\":\"2025-10-27T12:46:50+00:00\",\"dateModified\":\"2026-03-05T12:31:15+00:00\",\"breadcrumb\":{\"@id\":\"https:\/\/monti.lt\/product\/classic-world-medine-kuno-pazinimo-delione\/#breadcrumb\"},\"inLanguage\":\"en-US\",\"potentialAction\":[{\"@type\":\"ReadAction\",\"target\":[\"https:\/\/monti.lt\/product\/classic-world-medine-kuno-pazinimo-delione\/\"]}]},{\"@type\":\"ImageObject\",\"inLanguage\":\"en-US\",\"@id\":\"https:\/\/monti.lt\/product\/classic-world-medine-kuno-pazinimo-delione\/#primaryimage\",\"url\":\"https:\/\/monti.lt\/wp-content\/uploads\/2025\/10\/classic-world-tablica-edukacyjna-cialo-ludzkie-ukladanka-klocki-puzzle-dla-dzieci-dopasuj-montessori-19-el.jpg\",\"contentUrl\":\"https:\/\/monti.lt\/wp-content\/uploads\/2025\/10\/classic-world-tablica-edukacyjna-cialo-ludzkie-ukladanka-klocki-puzzle-dla-dzieci-dopasuj-montessori-19-el.jpg\",\"width\":800,\"height\":800,\"caption\":\"zmogaus kuno zaidimas\"},{\"@type\":\"BreadcrumbList\",\"@id\":\"https:\/\/monti.lt\/product\/classic-world-medine-kuno-pazinimo-delione\/#breadcrumb\",\"itemListElement\":[{\"@type\":\"ListItem\",\"position\":1,\"name\":\"Home\",\"item\":\"https:\/\/monti.lt\/\"},{\"@type\":\"ListItem\",\"position\":2,\"name\":\"Parduotuv\u0117\",\"item\":\"https:\/\/monti.lt\/shop\/\"},{\"@type\":\"ListItem\",\"position\":3,\"name\":\"Classic world medin\u0117 k\u016bno pa\u017einimo d\u0117lion\u0117\"}]},{\"@type\":\"WebSite\",\"@id\":\"https:\/\/monti.lt\/#website\",\"url\":\"https:\/\/monti.lt\/\",\"name\":\"Montessori \u017eaislai\",\"description\":\"\",\"publisher\":{\"@id\":\"https:\/\/monti.lt\/#organization\"},\"potentialAction\":[{\"@type\":\"SearchAction\",\"target\":{\"@type\":\"EntryPoint\",\"urlTemplate\":\"https:\/\/monti.lt\/?s={search_term_string}\"},\"query-input\":\"required name=search_term_string\"}],\"inLanguage\":\"en-US\"},{\"@type\":\"Organization\",\"@id\":\"https:\/\/monti.lt\/#organization\",\"name\":\"Montessori \u017eaislai\",\"url\":\"https:\/\/monti.lt\/\",\"logo\":{\"@type\":\"ImageObject\",\"inLanguage\":\"en-US\",\"@id\":\"https:\/\/monti.lt\/#\/schema\/logo\/image\/\",\"url\":\"https:\/\/monti.lt\/wp-content\/uploads\/2022\/03\/montilogo-1.png\",\"contentUrl\":\"https:\/\/monti.lt\/wp-content\/uploads\/2022\/03\/montilogo-1.png\",\"width\":512,\"height\":512,\"caption\":\"Montessori \u017eaislai\"},\"image\":{\"@id\":\"https:\/\/monti.lt\/#\/schema\/logo\/image\/\"}}]}<\/script>\n<!-- \/ Yoast SEO plugin. -->","yoast_head_json":{"title":"Classic world medin\u0117 k\u016bno pa\u017einimo d\u0117lion\u0117 - Montessori \u017eaislai","robots":{"index":"index","follow":"follow","max-snippet":"max-snippet:-1","max-image-preview":"max-image-preview:large","max-video-preview":"max-video-preview:-1"},"canonical":"https:\/\/monti.lt\/en\/product\/classic-world-medine-kuno-pazinimo-delione\/","og_locale":"en_US","og_type":"article","og_title":"Classic world medin\u0117 k\u016bno pa\u017einimo d\u0117lion\u0117 - Montessori \u017eaislai","og_description":"Classic World medinis edukacinis d\u0117lion\u0117 \u201e\u017dmogaus k\u016bnas\u201c \u2013 tai \u012fdomus b\u016bdas \u017eaisti ir mokytis anatomijos. D\u0117lion\u0117s dalys vaizduoja organus, kaulus ir raumenis ai\u0161kia, patogia forma, leid\u017eianti vaikams pa\u017einti k\u016bno sandar\u0105 sluoksnis po sluoksnio. Sud\u0117liojant atskiras dalis mokomasi organ\u0173 pavadinim\u0173, funkcij\u0173 ir anatomin\u0117s sandaros. D\u0117l auk\u0161tos kokyb\u0117s med\u017eio ir lygaus kra\u0161to d\u0117lion\u0117 yra saugi ir ilgaam\u017e\u0117. [&hellip;]","og_url":"https:\/\/monti.lt\/en\/product\/classic-world-medine-kuno-pazinimo-delione\/","og_site_name":"Montessori \u017eaislai","article_modified_time":"2026-03-05T12:31:15+00:00","og_image":[{"width":800,"height":800,"url":"https:\/\/monti.lt\/wp-content\/uploads\/2025\/10\/classic-world-tablica-edukacyjna-cialo-ludzkie-ukladanka-klocki-puzzle-dla-dzieci-dopasuj-montessori-19-el.jpg","type":"image\/jpeg"}],"twitter_card":"summary_large_image","twitter_misc":{"Est. reading time":"2 minutes"},"schema":{"@context":"https:\/\/schema.org","@graph":[{"@type":"WebPage","@id":"https:\/\/monti.lt\/product\/classic-world-medine-kuno-pazinimo-delione\/","url":"https:\/\/monti.lt\/product\/classic-world-medine-kuno-pazinimo-delione\/","name":"Classic world medin\u0117 k\u016bno pa\u017einimo d\u0117lion\u0117 - Montessori \u017eaislai","isPartOf":{"@id":"https:\/\/monti.lt\/#website"},"primaryImageOfPage":{"@id":"https:\/\/monti.lt\/product\/classic-world-medine-kuno-pazinimo-delione\/#primaryimage"},"image":{"@id":"https:\/\/monti.lt\/product\/classic-world-medine-kuno-pazinimo-delione\/#primaryimage"},"thumbnailUrl":"https:\/\/monti.lt\/wp-content\/uploads\/2025\/10\/classic-world-tablica-edukacyjna-cialo-ludzkie-ukladanka-klocki-puzzle-dla-dzieci-dopasuj-montessori-19-el.jpg","datePublished":"2025-10-27T12:46:50+00:00","dateModified":"2026-03-05T12:31:15+00:00","breadcrumb":{"@id":"https:\/\/monti.lt\/product\/classic-world-medine-kuno-pazinimo-delione\/#breadcrumb"},"inLanguage":"en-US","potentialAction":[{"@type":"ReadAction","target":["https:\/\/monti.lt\/product\/classic-world-medine-kuno-pazinimo-delione\/"]}]},{"@type":"ImageObject","inLanguage":"en-US","@id":"https:\/\/monti.lt\/product\/classic-world-medine-kuno-pazinimo-delione\/#primaryimage","url":"https:\/\/monti.lt\/wp-content\/uploads\/2025\/10\/classic-world-tablica-edukacyjna-cialo-ludzkie-ukladanka-klocki-puzzle-dla-dzieci-dopasuj-montessori-19-el.jpg","contentUrl":"https:\/\/monti.lt\/wp-content\/uploads\/2025\/10\/classic-world-tablica-edukacyjna-cialo-ludzkie-ukladanka-klocki-puzzle-dla-dzieci-dopasuj-montessori-19-el.jpg","width":800,"height":800,"caption":"zmogaus kuno zaidimas"},{"@type":"BreadcrumbList","@id":"https:\/\/monti.lt\/product\/classic-world-medine-kuno-pazinimo-delione\/#breadcrumb","itemListElement":[{"@type":"ListItem","position":1,"name":"Home","item":"https:\/\/monti.lt\/"},{"@type":"ListItem","position":2,"name":"Parduotuv\u0117","item":"https:\/\/monti.lt\/shop\/"},{"@type":"ListItem","position":3,"name":"Classic world medin\u0117 k\u016bno pa\u017einimo d\u0117lion\u0117"}]},{"@type":"WebSite","@id":"https:\/\/monti.lt\/#website","url":"https:\/\/monti.lt\/","name":"Montessori \u017eaislai","description":"","publisher":{"@id":"https:\/\/monti.lt\/#organization"},"potentialAction":[{"@type":"SearchAction","target":{"@type":"EntryPoint","urlTemplate":"https:\/\/monti.lt\/?s={search_term_string}"},"query-input":"required name=search_term_string"}],"inLanguage":"en-US"},{"@type":"Organization","@id":"https:\/\/monti.lt\/#organization","name":"Montessori \u017eaislai","url":"https:\/\/monti.lt\/","logo":{"@type":"ImageObject","inLanguage":"en-US","@id":"https:\/\/monti.lt\/#\/schema\/logo\/image\/","url":"https:\/\/monti.lt\/wp-content\/uploads\/2022\/03\/montilogo-1.png","contentUrl":"https:\/\/monti.lt\/wp-content\/uploads\/2022\/03\/montilogo-1.png","width":512,"height":512,"caption":"Montessori \u017eaislai"},"image":{"@id":"https:\/\/monti.lt\/#\/schema\/logo\/image\/"}}]}},"_links":{"self":[{"href":"https:\/\/monti.lt\/en\/wp-json\/wp\/v2\/product\/34888"}],"collection":[{"href":"https:\/\/monti.lt\/en\/wp-json\/wp\/v2\/product"}],"about":[{"href":"https:\/\/monti.lt\/en\/wp-json\/wp\/v2\/types\/product"}],"version-history":[{"count":1,"href":"https:\/\/monti.lt\/en\/wp-json\/wp\/v2\/product\/34888\/revisions"}],"predecessor-version":[{"id":34899,"href":"https:\/\/monti.lt\/en\/wp-json\/wp\/v2\/product\/34888\/revisions\/34899"}],"wp:featuredmedia":[{"embeddable":true,"href":"https:\/\/monti.lt\/en\/wp-json\/wp\/v2\/media\/34889"}],"wp:attachment":[{"href":"https:\/\/monti.lt\/en\/wp-json\/wp\/v2\/media?parent=34888"}],"wp:term":[{"taxonomy":"product_cat","embeddable":true,"href":"https:\/\/monti.lt\/en\/wp-json\/wp\/v2\/product_cat?post=34888"},{"taxonomy":"product_tag","embeddable":true,"href":"https:\/\/monti.lt\/en\/wp-json\/wp\/v2\/product_tag?post=34888"}],"curies":[{"name":"wp","href":"https:\/\/api.w.org\/{rel}","templated":true}]}}