{"id":34917,"date":"2025-10-28T06:53:15","date_gmt":"2025-10-28T06:53:15","guid":{"rendered":"https:\/\/monti.lt\/?post_type=product&#038;p=34917"},"modified":"2025-11-06T18:54:24","modified_gmt":"2025-11-06T18:54:24","slug":"mokslinis-rinkinys-muiliuku-laboratorija","status":"publish","type":"product","link":"https:\/\/monti.lt\/en\/product\/mokslinis-rinkinys-muiliuku-laboratorija\/","title":{"rendered":"Mokslinis rinkinys &#8211; Muiliuk\u0173 laboratorija"},"content":{"rendered":"","protected":false},"excerpt":{"rendered":"<p>Su \u0161iuo moksliniu rinkiniu smagiai praleisite laik\u0105 kurdami savo muilus bei tuo pa\u010diu i\u0161siai\u0161kindami muilavimosi principus. \u0160is Moksl\u0173 planetos kolekcijos rinkinys skatina vaikus mokytis muil\u0173 gaminimo meno. Prid\u0117tos instrukcijos ves juos per visus \u017eingsnius, reikalingus sukurti savo unikalius ametist\u0105, turk\u012f ir emerald\u0105 primenan\u010dius muilus! Matmenys: 20.5 x 6.3 x 25 cm Am\u017eius: nuo 8 met\u0173<\/p>","protected":false},"featured_media":34918,"template":"","meta":{"_acf_changed":false,"iawp_total_views":53},"product_cat":[197,196,191,192,87,50,49],"product_tag":[265],"class_list":{"0":"post-34917","1":"product","2":"type-product","3":"status-publish","4":"has-post-thumbnail","6":"product_cat-dovanos-berniukams","7":"product_cat-dovanos-mergaitems","8":"product_cat-dovanos-vaikams","9":"product_cat-kaledines-dovanos-vaikams","10":"product_cat-kurybiniai-rinkiniai","11":"product_cat-top-dovanos","12":"product_cat-visi-zaislai","13":"product_tag-zaislai-8-11-metu-vaikams","15":"first","16":"outofstock","17":"taxable","18":"shipping-taxable","19":"purchasable","20":"product-type-simple"},"acf":[],"yoast_head":"<!-- This site is optimized with the Yoast SEO plugin v23.3 - https:\/\/yoast.com\/wordpress\/plugins\/seo\/ -->\n<title>Mokslinis rinkinys - Muiliuk\u0173 laboratorija - Montessori \u017eaislai<\/title>\n<meta name=\"robots\" content=\"index, follow, max-snippet:-1, max-image-preview:large, max-video-preview:-1\" \/>\n<link rel=\"canonical\" href=\"https:\/\/monti.lt\/en\/product\/mokslinis-rinkinys-muiliuku-laboratorija\/\" \/>\n<meta property=\"og:locale\" content=\"en_US\" \/>\n<meta property=\"og:type\" content=\"article\" \/>\n<meta property=\"og:title\" content=\"Mokslinis rinkinys - Muiliuk\u0173 laboratorija - Montessori \u017eaislai\" \/>\n<meta property=\"og:description\" content=\"Su \u0161iuo moksliniu rinkiniu smagiai praleisite laik\u0105 kurdami savo muilus bei tuo pa\u010diu i\u0161siai\u0161kindami muilavimosi principus. \u0160is Moksl\u0173 planetos kolekcijos rinkinys skatina vaikus mokytis muil\u0173 gaminimo meno. Prid\u0117tos instrukcijos ves juos per visus \u017eingsnius, reikalingus sukurti savo unikalius ametist\u0105, turk\u012f ir emerald\u0105 primenan\u010dius muilus! Matmenys: 20.5 x 6.3 x 25 cm Am\u017eius: nuo 8 met\u0173\" \/>\n<meta property=\"og:url\" content=\"https:\/\/monti.lt\/en\/product\/mokslinis-rinkinys-muiliuku-laboratorija\/\" \/>\n<meta property=\"og:site_name\" content=\"Montessori \u017eaislai\" \/>\n<meta property=\"article:modified_time\" content=\"2025-11-06T18:54:24+00:00\" \/>\n<meta property=\"og:image\" content=\"https:\/\/monti.lt\/wp-content\/uploads\/2025\/10\/61ep9mtpzyl._sl1000_.jpg\" \/>\n\t<meta property=\"og:image:width\" content=\"1000\" \/>\n\t<meta property=\"og:image:height\" content=\"1000\" \/>\n\t<meta property=\"og:image:type\" content=\"image\/jpeg\" \/>\n<meta name=\"twitter:card\" content=\"summary_large_image\" \/>\n<meta name=\"twitter:label1\" content=\"Est. reading time\" \/>\n\t<meta name=\"twitter:data1\" content=\"1 minute\" \/>\n<script type=\"application\/ld+json\" class=\"yoast-schema-graph\">{\"@context\":\"https:\/\/schema.org\",\"@graph\":[{\"@type\":\"WebPage\",\"@id\":\"https:\/\/monti.lt\/product\/mokslinis-rinkinys-muiliuku-laboratorija\/\",\"url\":\"https:\/\/monti.lt\/product\/mokslinis-rinkinys-muiliuku-laboratorija\/\",\"name\":\"Mokslinis rinkinys - Muiliuk\u0173 laboratorija - Montessori \u017eaislai\",\"isPartOf\":{\"@id\":\"https:\/\/monti.lt\/#website\"},\"primaryImageOfPage\":{\"@id\":\"https:\/\/monti.lt\/product\/mokslinis-rinkinys-muiliuku-laboratorija\/#primaryimage\"},\"image\":{\"@id\":\"https:\/\/monti.lt\/product\/mokslinis-rinkinys-muiliuku-laboratorija\/#primaryimage\"},\"thumbnailUrl\":\"https:\/\/monti.lt\/wp-content\/uploads\/2025\/10\/61ep9mtpzyl._sl1000_.jpg\",\"datePublished\":\"2025-10-28T06:53:15+00:00\",\"dateModified\":\"2025-11-06T18:54:24+00:00\",\"breadcrumb\":{\"@id\":\"https:\/\/monti.lt\/product\/mokslinis-rinkinys-muiliuku-laboratorija\/#breadcrumb\"},\"inLanguage\":\"en-US\",\"potentialAction\":[{\"@type\":\"ReadAction\",\"target\":[\"https:\/\/monti.lt\/product\/mokslinis-rinkinys-muiliuku-laboratorija\/\"]}]},{\"@type\":\"ImageObject\",\"inLanguage\":\"en-US\",\"@id\":\"https:\/\/monti.lt\/product\/mokslinis-rinkinys-muiliuku-laboratorija\/#primaryimage\",\"url\":\"https:\/\/monti.lt\/wp-content\/uploads\/2025\/10\/61ep9mtpzyl._sl1000_.jpg\",\"contentUrl\":\"https:\/\/monti.lt\/wp-content\/uploads\/2025\/10\/61ep9mtpzyl._sl1000_.jpg\",\"width\":1000,\"height\":1000,\"caption\":\"muiliuku laboratorija\"},{\"@type\":\"BreadcrumbList\",\"@id\":\"https:\/\/monti.lt\/product\/mokslinis-rinkinys-muiliuku-laboratorija\/#breadcrumb\",\"itemListElement\":[{\"@type\":\"ListItem\",\"position\":1,\"name\":\"Home\",\"item\":\"https:\/\/monti.lt\/\"},{\"@type\":\"ListItem\",\"position\":2,\"name\":\"Parduotuv\u0117\",\"item\":\"https:\/\/monti.lt\/shop\/\"},{\"@type\":\"ListItem\",\"position\":3,\"name\":\"Mokslinis rinkinys &#8211; Muiliuk\u0173 laboratorija\"}]},{\"@type\":\"WebSite\",\"@id\":\"https:\/\/monti.lt\/#website\",\"url\":\"https:\/\/monti.lt\/\",\"name\":\"Montessori \u017eaislai\",\"description\":\"\",\"publisher\":{\"@id\":\"https:\/\/monti.lt\/#organization\"},\"potentialAction\":[{\"@type\":\"SearchAction\",\"target\":{\"@type\":\"EntryPoint\",\"urlTemplate\":\"https:\/\/monti.lt\/?s={search_term_string}\"},\"query-input\":\"required name=search_term_string\"}],\"inLanguage\":\"en-US\"},{\"@type\":\"Organization\",\"@id\":\"https:\/\/monti.lt\/#organization\",\"name\":\"Montessori \u017eaislai\",\"url\":\"https:\/\/monti.lt\/\",\"logo\":{\"@type\":\"ImageObject\",\"inLanguage\":\"en-US\",\"@id\":\"https:\/\/monti.lt\/#\/schema\/logo\/image\/\",\"url\":\"https:\/\/monti.lt\/wp-content\/uploads\/2022\/03\/montilogo-1.png\",\"contentUrl\":\"https:\/\/monti.lt\/wp-content\/uploads\/2022\/03\/montilogo-1.png\",\"width\":512,\"height\":512,\"caption\":\"Montessori \u017eaislai\"},\"image\":{\"@id\":\"https:\/\/monti.lt\/#\/schema\/logo\/image\/\"}}]}<\/script>\n<!-- \/ Yoast SEO plugin. -->","yoast_head_json":{"title":"Mokslinis rinkinys - Muiliuk\u0173 laboratorija - Montessori \u017eaislai","robots":{"index":"index","follow":"follow","max-snippet":"max-snippet:-1","max-image-preview":"max-image-preview:large","max-video-preview":"max-video-preview:-1"},"canonical":"https:\/\/monti.lt\/en\/product\/mokslinis-rinkinys-muiliuku-laboratorija\/","og_locale":"en_US","og_type":"article","og_title":"Mokslinis rinkinys - Muiliuk\u0173 laboratorija - Montessori \u017eaislai","og_description":"Su \u0161iuo moksliniu rinkiniu smagiai praleisite laik\u0105 kurdami savo muilus bei tuo pa\u010diu i\u0161siai\u0161kindami muilavimosi principus. \u0160is Moksl\u0173 planetos kolekcijos rinkinys skatina vaikus mokytis muil\u0173 gaminimo meno. Prid\u0117tos instrukcijos ves juos per visus \u017eingsnius, reikalingus sukurti savo unikalius ametist\u0105, turk\u012f ir emerald\u0105 primenan\u010dius muilus! Matmenys: 20.5 x 6.3 x 25 cm Am\u017eius: nuo 8 met\u0173","og_url":"https:\/\/monti.lt\/en\/product\/mokslinis-rinkinys-muiliuku-laboratorija\/","og_site_name":"Montessori \u017eaislai","article_modified_time":"2025-11-06T18:54:24+00:00","og_image":[{"width":1000,"height":1000,"url":"https:\/\/monti.lt\/wp-content\/uploads\/2025\/10\/61ep9mtpzyl._sl1000_.jpg","type":"image\/jpeg"}],"twitter_card":"summary_large_image","twitter_misc":{"Est. reading time":"1 minute"},"schema":{"@context":"https:\/\/schema.org","@graph":[{"@type":"WebPage","@id":"https:\/\/monti.lt\/product\/mokslinis-rinkinys-muiliuku-laboratorija\/","url":"https:\/\/monti.lt\/product\/mokslinis-rinkinys-muiliuku-laboratorija\/","name":"Mokslinis rinkinys - Muiliuk\u0173 laboratorija - Montessori \u017eaislai","isPartOf":{"@id":"https:\/\/monti.lt\/#website"},"primaryImageOfPage":{"@id":"https:\/\/monti.lt\/product\/mokslinis-rinkinys-muiliuku-laboratorija\/#primaryimage"},"image":{"@id":"https:\/\/monti.lt\/product\/mokslinis-rinkinys-muiliuku-laboratorija\/#primaryimage"},"thumbnailUrl":"https:\/\/monti.lt\/wp-content\/uploads\/2025\/10\/61ep9mtpzyl._sl1000_.jpg","datePublished":"2025-10-28T06:53:15+00:00","dateModified":"2025-11-06T18:54:24+00:00","breadcrumb":{"@id":"https:\/\/monti.lt\/product\/mokslinis-rinkinys-muiliuku-laboratorija\/#breadcrumb"},"inLanguage":"en-US","potentialAction":[{"@type":"ReadAction","target":["https:\/\/monti.lt\/product\/mokslinis-rinkinys-muiliuku-laboratorija\/"]}]},{"@type":"ImageObject","inLanguage":"en-US","@id":"https:\/\/monti.lt\/product\/mokslinis-rinkinys-muiliuku-laboratorija\/#primaryimage","url":"https:\/\/monti.lt\/wp-content\/uploads\/2025\/10\/61ep9mtpzyl._sl1000_.jpg","contentUrl":"https:\/\/monti.lt\/wp-content\/uploads\/2025\/10\/61ep9mtpzyl._sl1000_.jpg","width":1000,"height":1000,"caption":"muiliuku laboratorija"},{"@type":"BreadcrumbList","@id":"https:\/\/monti.lt\/product\/mokslinis-rinkinys-muiliuku-laboratorija\/#breadcrumb","itemListElement":[{"@type":"ListItem","position":1,"name":"Home","item":"https:\/\/monti.lt\/"},{"@type":"ListItem","position":2,"name":"Parduotuv\u0117","item":"https:\/\/monti.lt\/shop\/"},{"@type":"ListItem","position":3,"name":"Mokslinis rinkinys &#8211; Muiliuk\u0173 laboratorija"}]},{"@type":"WebSite","@id":"https:\/\/monti.lt\/#website","url":"https:\/\/monti.lt\/","name":"Montessori \u017eaislai","description":"","publisher":{"@id":"https:\/\/monti.lt\/#organization"},"potentialAction":[{"@type":"SearchAction","target":{"@type":"EntryPoint","urlTemplate":"https:\/\/monti.lt\/?s={search_term_string}"},"query-input":"required name=search_term_string"}],"inLanguage":"en-US"},{"@type":"Organization","@id":"https:\/\/monti.lt\/#organization","name":"Montessori \u017eaislai","url":"https:\/\/monti.lt\/","logo":{"@type":"ImageObject","inLanguage":"en-US","@id":"https:\/\/monti.lt\/#\/schema\/logo\/image\/","url":"https:\/\/monti.lt\/wp-content\/uploads\/2022\/03\/montilogo-1.png","contentUrl":"https:\/\/monti.lt\/wp-content\/uploads\/2022\/03\/montilogo-1.png","width":512,"height":512,"caption":"Montessori \u017eaislai"},"image":{"@id":"https:\/\/monti.lt\/#\/schema\/logo\/image\/"}}]}},"_links":{"self":[{"href":"https:\/\/monti.lt\/en\/wp-json\/wp\/v2\/product\/34917"}],"collection":[{"href":"https:\/\/monti.lt\/en\/wp-json\/wp\/v2\/product"}],"about":[{"href":"https:\/\/monti.lt\/en\/wp-json\/wp\/v2\/types\/product"}],"version-history":[{"count":2,"href":"https:\/\/monti.lt\/en\/wp-json\/wp\/v2\/product\/34917\/revisions"}],"predecessor-version":[{"id":34920,"href":"https:\/\/monti.lt\/en\/wp-json\/wp\/v2\/product\/34917\/revisions\/34920"}],"wp:featuredmedia":[{"embeddable":true,"href":"https:\/\/monti.lt\/en\/wp-json\/wp\/v2\/media\/34918"}],"wp:attachment":[{"href":"https:\/\/monti.lt\/en\/wp-json\/wp\/v2\/media?parent=34917"}],"wp:term":[{"taxonomy":"product_cat","embeddable":true,"href":"https:\/\/monti.lt\/en\/wp-json\/wp\/v2\/product_cat?post=34917"},{"taxonomy":"product_tag","embeddable":true,"href":"https:\/\/monti.lt\/en\/wp-json\/wp\/v2\/product_tag?post=34917"}],"curies":[{"name":"wp","href":"https:\/\/api.w.org\/{rel}","templated":true}]}}