{"id":34963,"date":"2025-10-30T07:37:49","date_gmt":"2025-10-30T07:37:49","guid":{"rendered":"https:\/\/monti.lt\/?post_type=product&#038;p=34963"},"modified":"2025-11-30T23:03:16","modified_gmt":"2025-11-30T23:03:16","slug":"djeco-delione-abrakadabra-200-detaliu","status":"publish","type":"product","link":"https:\/\/monti.lt\/en\/product\/djeco-delione-abrakadabra-200-detaliu\/","title":{"rendered":"DJECO d\u0117lion\u0117 &#8220;Abrakadabra&#8221;, 200 detali\u0173"},"content":{"rendered":"<p>Nuostabiai iliustruota d\u0117lion\u0117. D\u0117lion\u0117 lavina pastabum\u0105, moko sutelkti d\u0117mes\u012f ilgesniam laikui. D\u0117lion\u0117 padeda ugdyti kantryb\u0119 ir susikaupim\u0105. Komplekte prid\u0117tas realaus dyd\u017eio d\u0117lion\u0117s plakatas. I\u0161matavimai: 97 x 33 cm. Rekomenduojamas am\u017eius: nuo 6 met\u0173. D\u0117mesio! Netinka vaikams iki 3 met\u0173, d\u0117l smulki\u0173 detali\u0173 yra pavojus u\u017espringti. Kilm\u0117s \u0161alis: Ispanija. Pagaminta pagal Pranc\u016bzijos dizain\u0105 ir u\u017esakym\u0105.<\/p>","protected":false},"excerpt":{"rendered":"<p>Nuostabiai iliustruota d\u0117lion\u0117. D\u0117lion\u0117 lavina pastabum\u0105, moko sutelkti d\u0117mes\u012f ilgesniam laikui. D\u0117lion\u0117 padeda ugdyti kantryb\u0119 ir susikaupim\u0105. Komplekte prid\u0117tas realaus dyd\u017eio d\u0117lion\u0117s plakatas. I\u0161matavimai: 97 x 33 cm. Rekomenduojamas am\u017eius: nuo 6 met\u0173. D\u0117mesio! Netinka vaikams iki 3 met\u0173, d\u0117l smulki\u0173 detali\u0173 yra pavojus u\u017espringti. Kilm\u0117s \u0161alis: Ispanija. Pagaminta pagal Pranc\u016bzijos dizain\u0105 ir u\u017esakym\u0105.<\/p>","protected":false},"featured_media":34964,"template":"","meta":{"_acf_changed":false,"iawp_total_views":42},"product_cat":[92,252,217,196,191,192,84,242,49,39,214],"product_tag":[98,99],"class_list":{"0":"post-34963","1":"product","2":"type-product","3":"status-publish","4":"has-post-thumbnail","6":"product_cat-deliones","7":"product_cat-djeco","8":"product_cat-dovanos-5-7-metu-vaikams","9":"product_cat-dovanos-mergaitems","10":"product_cat-dovanos-vaikams","11":"product_cat-kaledines-dovanos-vaikams","12":"product_cat-lavinamieji-zaislai","13":"product_cat-pagal-gamintoja","14":"product_cat-visi-zaislai","15":"product_cat-zaislai","16":"product_cat-zaislai-mergaitems","17":"product_tag-5-m-7-m","18":"product_tag-8-m-11-m","20":"first","21":"outofstock","22":"sale","23":"taxable","24":"shipping-taxable","25":"purchasable","26":"product-type-simple"},"acf":[],"yoast_head":"<!-- This site is optimized with the Yoast SEO plugin v23.3 - https:\/\/yoast.com\/wordpress\/plugins\/seo\/ -->\n<title>DJECO d\u0117lion\u0117 &quot;Abrakadabra&quot;, 200 detali\u0173 - Montessori \u017eaislai<\/title>\n<meta name=\"robots\" content=\"index, follow, max-snippet:-1, max-image-preview:large, max-video-preview:-1\" \/>\n<link rel=\"canonical\" href=\"https:\/\/monti.lt\/en\/product\/djeco-delione-abrakadabra-200-detaliu\/\" \/>\n<meta property=\"og:locale\" content=\"en_US\" \/>\n<meta property=\"og:type\" content=\"article\" \/>\n<meta property=\"og:title\" content=\"DJECO d\u0117lion\u0117 &quot;Abrakadabra&quot;, 200 detali\u0173 - Montessori \u017eaislai\" \/>\n<meta property=\"og:description\" content=\"Nuostabiai iliustruota d\u0117lion\u0117. D\u0117lion\u0117 lavina pastabum\u0105, moko sutelkti d\u0117mes\u012f ilgesniam laikui. D\u0117lion\u0117 padeda ugdyti kantryb\u0119 ir susikaupim\u0105. Komplekte prid\u0117tas realaus dyd\u017eio d\u0117lion\u0117s plakatas. I\u0161matavimai: 97 x 33 cm. Rekomenduojamas am\u017eius: nuo 6 met\u0173. D\u0117mesio! Netinka vaikams iki 3 met\u0173, d\u0117l smulki\u0173 detali\u0173 yra pavojus u\u017espringti. Kilm\u0117s \u0161alis: Ispanija. Pagaminta pagal Pranc\u016bzijos dizain\u0105 ir u\u017esakym\u0105.\" \/>\n<meta property=\"og:url\" content=\"https:\/\/monti.lt\/en\/product\/djeco-delione-abrakadabra-200-detaliu\/\" \/>\n<meta property=\"og:site_name\" content=\"Montessori \u017eaislai\" \/>\n<meta property=\"article:modified_time\" content=\"2025-11-30T23:03:16+00:00\" \/>\n<meta property=\"og:image\" content=\"https:\/\/monti.lt\/wp-content\/uploads\/2025\/10\/5584-DJ07602-puzle-abrakadabra-200-gab-.jpg\" \/>\n\t<meta property=\"og:image:width\" content=\"800\" \/>\n\t<meta property=\"og:image:height\" content=\"800\" \/>\n\t<meta property=\"og:image:type\" content=\"image\/jpeg\" \/>\n<meta name=\"twitter:card\" content=\"summary_large_image\" \/>\n<meta name=\"twitter:label1\" content=\"Est. reading time\" \/>\n\t<meta name=\"twitter:data1\" content=\"1 minute\" \/>\n<script type=\"application\/ld+json\" class=\"yoast-schema-graph\">{\"@context\":\"https:\/\/schema.org\",\"@graph\":[{\"@type\":\"WebPage\",\"@id\":\"https:\/\/monti.lt\/product\/djeco-delione-abrakadabra-200-detaliu\/\",\"url\":\"https:\/\/monti.lt\/product\/djeco-delione-abrakadabra-200-detaliu\/\",\"name\":\"DJECO d\u0117lion\u0117 \\\"Abrakadabra\\\", 200 detali\u0173 - Montessori \u017eaislai\",\"isPartOf\":{\"@id\":\"https:\/\/monti.lt\/#website\"},\"primaryImageOfPage\":{\"@id\":\"https:\/\/monti.lt\/product\/djeco-delione-abrakadabra-200-detaliu\/#primaryimage\"},\"image\":{\"@id\":\"https:\/\/monti.lt\/product\/djeco-delione-abrakadabra-200-detaliu\/#primaryimage\"},\"thumbnailUrl\":\"https:\/\/monti.lt\/wp-content\/uploads\/2025\/10\/5584-DJ07602-puzle-abrakadabra-200-gab-.jpg\",\"datePublished\":\"2025-10-30T07:37:49+00:00\",\"dateModified\":\"2025-11-30T23:03:16+00:00\",\"breadcrumb\":{\"@id\":\"https:\/\/monti.lt\/product\/djeco-delione-abrakadabra-200-detaliu\/#breadcrumb\"},\"inLanguage\":\"en-US\",\"potentialAction\":[{\"@type\":\"ReadAction\",\"target\":[\"https:\/\/monti.lt\/product\/djeco-delione-abrakadabra-200-detaliu\/\"]}]},{\"@type\":\"ImageObject\",\"inLanguage\":\"en-US\",\"@id\":\"https:\/\/monti.lt\/product\/djeco-delione-abrakadabra-200-detaliu\/#primaryimage\",\"url\":\"https:\/\/monti.lt\/wp-content\/uploads\/2025\/10\/5584-DJ07602-puzle-abrakadabra-200-gab-.jpg\",\"contentUrl\":\"https:\/\/monti.lt\/wp-content\/uploads\/2025\/10\/5584-DJ07602-puzle-abrakadabra-200-gab-.jpg\",\"width\":800,\"height\":800,\"caption\":\"djeco delione\"},{\"@type\":\"BreadcrumbList\",\"@id\":\"https:\/\/monti.lt\/product\/djeco-delione-abrakadabra-200-detaliu\/#breadcrumb\",\"itemListElement\":[{\"@type\":\"ListItem\",\"position\":1,\"name\":\"Home\",\"item\":\"https:\/\/monti.lt\/\"},{\"@type\":\"ListItem\",\"position\":2,\"name\":\"Parduotuv\u0117\",\"item\":\"https:\/\/monti.lt\/shop\/\"},{\"@type\":\"ListItem\",\"position\":3,\"name\":\"DJECO d\u0117lion\u0117 &#8220;Abrakadabra&#8221;, 200 detali\u0173\"}]},{\"@type\":\"WebSite\",\"@id\":\"https:\/\/monti.lt\/#website\",\"url\":\"https:\/\/monti.lt\/\",\"name\":\"Montessori \u017eaislai\",\"description\":\"\",\"publisher\":{\"@id\":\"https:\/\/monti.lt\/#organization\"},\"potentialAction\":[{\"@type\":\"SearchAction\",\"target\":{\"@type\":\"EntryPoint\",\"urlTemplate\":\"https:\/\/monti.lt\/?s={search_term_string}\"},\"query-input\":\"required name=search_term_string\"}],\"inLanguage\":\"en-US\"},{\"@type\":\"Organization\",\"@id\":\"https:\/\/monti.lt\/#organization\",\"name\":\"Montessori \u017eaislai\",\"url\":\"https:\/\/monti.lt\/\",\"logo\":{\"@type\":\"ImageObject\",\"inLanguage\":\"en-US\",\"@id\":\"https:\/\/monti.lt\/#\/schema\/logo\/image\/\",\"url\":\"https:\/\/monti.lt\/wp-content\/uploads\/2022\/03\/montilogo-1.png\",\"contentUrl\":\"https:\/\/monti.lt\/wp-content\/uploads\/2022\/03\/montilogo-1.png\",\"width\":512,\"height\":512,\"caption\":\"Montessori \u017eaislai\"},\"image\":{\"@id\":\"https:\/\/monti.lt\/#\/schema\/logo\/image\/\"}}]}<\/script>\n<!-- \/ Yoast SEO plugin. -->","yoast_head_json":{"title":"DJECO d\u0117lion\u0117 \"Abrakadabra\", 200 detali\u0173 - Montessori \u017eaislai","robots":{"index":"index","follow":"follow","max-snippet":"max-snippet:-1","max-image-preview":"max-image-preview:large","max-video-preview":"max-video-preview:-1"},"canonical":"https:\/\/monti.lt\/en\/product\/djeco-delione-abrakadabra-200-detaliu\/","og_locale":"en_US","og_type":"article","og_title":"DJECO d\u0117lion\u0117 \"Abrakadabra\", 200 detali\u0173 - Montessori \u017eaislai","og_description":"Nuostabiai iliustruota d\u0117lion\u0117. D\u0117lion\u0117 lavina pastabum\u0105, moko sutelkti d\u0117mes\u012f ilgesniam laikui. D\u0117lion\u0117 padeda ugdyti kantryb\u0119 ir susikaupim\u0105. Komplekte prid\u0117tas realaus dyd\u017eio d\u0117lion\u0117s plakatas. I\u0161matavimai: 97 x 33 cm. Rekomenduojamas am\u017eius: nuo 6 met\u0173. D\u0117mesio! Netinka vaikams iki 3 met\u0173, d\u0117l smulki\u0173 detali\u0173 yra pavojus u\u017espringti. Kilm\u0117s \u0161alis: Ispanija. Pagaminta pagal Pranc\u016bzijos dizain\u0105 ir u\u017esakym\u0105.","og_url":"https:\/\/monti.lt\/en\/product\/djeco-delione-abrakadabra-200-detaliu\/","og_site_name":"Montessori \u017eaislai","article_modified_time":"2025-11-30T23:03:16+00:00","og_image":[{"width":800,"height":800,"url":"https:\/\/monti.lt\/wp-content\/uploads\/2025\/10\/5584-DJ07602-puzle-abrakadabra-200-gab-.jpg","type":"image\/jpeg"}],"twitter_card":"summary_large_image","twitter_misc":{"Est. reading time":"1 minute"},"schema":{"@context":"https:\/\/schema.org","@graph":[{"@type":"WebPage","@id":"https:\/\/monti.lt\/product\/djeco-delione-abrakadabra-200-detaliu\/","url":"https:\/\/monti.lt\/product\/djeco-delione-abrakadabra-200-detaliu\/","name":"DJECO d\u0117lion\u0117 \"Abrakadabra\", 200 detali\u0173 - Montessori \u017eaislai","isPartOf":{"@id":"https:\/\/monti.lt\/#website"},"primaryImageOfPage":{"@id":"https:\/\/monti.lt\/product\/djeco-delione-abrakadabra-200-detaliu\/#primaryimage"},"image":{"@id":"https:\/\/monti.lt\/product\/djeco-delione-abrakadabra-200-detaliu\/#primaryimage"},"thumbnailUrl":"https:\/\/monti.lt\/wp-content\/uploads\/2025\/10\/5584-DJ07602-puzle-abrakadabra-200-gab-.jpg","datePublished":"2025-10-30T07:37:49+00:00","dateModified":"2025-11-30T23:03:16+00:00","breadcrumb":{"@id":"https:\/\/monti.lt\/product\/djeco-delione-abrakadabra-200-detaliu\/#breadcrumb"},"inLanguage":"en-US","potentialAction":[{"@type":"ReadAction","target":["https:\/\/monti.lt\/product\/djeco-delione-abrakadabra-200-detaliu\/"]}]},{"@type":"ImageObject","inLanguage":"en-US","@id":"https:\/\/monti.lt\/product\/djeco-delione-abrakadabra-200-detaliu\/#primaryimage","url":"https:\/\/monti.lt\/wp-content\/uploads\/2025\/10\/5584-DJ07602-puzle-abrakadabra-200-gab-.jpg","contentUrl":"https:\/\/monti.lt\/wp-content\/uploads\/2025\/10\/5584-DJ07602-puzle-abrakadabra-200-gab-.jpg","width":800,"height":800,"caption":"djeco delione"},{"@type":"BreadcrumbList","@id":"https:\/\/monti.lt\/product\/djeco-delione-abrakadabra-200-detaliu\/#breadcrumb","itemListElement":[{"@type":"ListItem","position":1,"name":"Home","item":"https:\/\/monti.lt\/"},{"@type":"ListItem","position":2,"name":"Parduotuv\u0117","item":"https:\/\/monti.lt\/shop\/"},{"@type":"ListItem","position":3,"name":"DJECO d\u0117lion\u0117 &#8220;Abrakadabra&#8221;, 200 detali\u0173"}]},{"@type":"WebSite","@id":"https:\/\/monti.lt\/#website","url":"https:\/\/monti.lt\/","name":"Montessori \u017eaislai","description":"","publisher":{"@id":"https:\/\/monti.lt\/#organization"},"potentialAction":[{"@type":"SearchAction","target":{"@type":"EntryPoint","urlTemplate":"https:\/\/monti.lt\/?s={search_term_string}"},"query-input":"required name=search_term_string"}],"inLanguage":"en-US"},{"@type":"Organization","@id":"https:\/\/monti.lt\/#organization","name":"Montessori \u017eaislai","url":"https:\/\/monti.lt\/","logo":{"@type":"ImageObject","inLanguage":"en-US","@id":"https:\/\/monti.lt\/#\/schema\/logo\/image\/","url":"https:\/\/monti.lt\/wp-content\/uploads\/2022\/03\/montilogo-1.png","contentUrl":"https:\/\/monti.lt\/wp-content\/uploads\/2022\/03\/montilogo-1.png","width":512,"height":512,"caption":"Montessori \u017eaislai"},"image":{"@id":"https:\/\/monti.lt\/#\/schema\/logo\/image\/"}}]}},"_links":{"self":[{"href":"https:\/\/monti.lt\/en\/wp-json\/wp\/v2\/product\/34963"}],"collection":[{"href":"https:\/\/monti.lt\/en\/wp-json\/wp\/v2\/product"}],"about":[{"href":"https:\/\/monti.lt\/en\/wp-json\/wp\/v2\/types\/product"}],"version-history":[{"count":1,"href":"https:\/\/monti.lt\/en\/wp-json\/wp\/v2\/product\/34963\/revisions"}],"predecessor-version":[{"id":34969,"href":"https:\/\/monti.lt\/en\/wp-json\/wp\/v2\/product\/34963\/revisions\/34969"}],"wp:featuredmedia":[{"embeddable":true,"href":"https:\/\/monti.lt\/en\/wp-json\/wp\/v2\/media\/34964"}],"wp:attachment":[{"href":"https:\/\/monti.lt\/en\/wp-json\/wp\/v2\/media?parent=34963"}],"wp:term":[{"taxonomy":"product_cat","embeddable":true,"href":"https:\/\/monti.lt\/en\/wp-json\/wp\/v2\/product_cat?post=34963"},{"taxonomy":"product_tag","embeddable":true,"href":"https:\/\/monti.lt\/en\/wp-json\/wp\/v2\/product_tag?post=34963"}],"curies":[{"name":"wp","href":"https:\/\/api.w.org\/{rel}","templated":true}]}}