{"id":35111,"date":"2025-11-04T07:10:14","date_gmt":"2025-11-04T07:10:14","guid":{"rendered":"https:\/\/monti.lt\/?post_type=product&#038;p=35111"},"modified":"2026-04-03T18:23:22","modified_gmt":"2026-04-03T18:23:22","slug":"naktinis-projektorius-triusis","status":"publish","type":"product","link":"https:\/\/monti.lt\/en\/product\/naktinis-projektorius-triusis\/","title":{"rendered":"Naktinis projektorius &#8220;triu\u0161is&#8221;"},"content":{"rendered":"<p>USB NUOTOLINIO VALDYMO NAKTIN\u0116 LEMPUT\u0116 ELNI\u0172 \u017dVAIG\u017dD\u0172 PROJEKTORIUS<\/p>\n\n\n\n<p>\u017dvaig\u017ed\u0117tas dangus ir kosmoso projektorius<\/p>\n\n\n\n<p>Interaktyvus \u017evaig\u017ed\u017ei\u0173 projektorius, valdomas nuotolinio valdymo pultu, suteiks interjerui magijos ir sukurs pasak\u0173 atmosfer\u0105. Naktin\u0117 lempa su j\u016bros gyv\u016bnais arba \u017evaig\u017ed\u0117tu dangumi, judanti pagal pasirinkt\u0105 melodij\u0105, daro didel\u012f \u012fsp\u016bd\u012f tiek jauniems, tiek vyresniems. Ji valdomas nuotolinio valdymo pultu, kuris leid\u017eia patogiai keisti muzik\u0105, ap\u0161vietimo spalv\u0105 ir intensyvum\u0105 pagal nuotaik\u0105 ir aplinkybes.<\/p>\n\n\n\n<p>Naktin\u0117 lempa su projektoriumi, pritaikoma prie aplinkybi\u0173<\/p>\n\n\n\n<p>Vaik\u0173 naktin\u0117 lemput\u0117 su \u017evaig\u017ed\u017ei\u0173 projektoriumi yra paprastas b\u016bdas sukurti atsipalaidavusi\u0105 ar \u0161ventin\u0119 nuotaik\u0105 kambaryje. Nam\u0173 \u017evaig\u017ed\u017ei\u0173 projektorius leid\u017eia i\u0161 arti pamatyti kosmos\u0105, \u017evaig\u017edes ar povandenin\u012f pasaul\u012f. Toks projektorius miegamajam ar vaik\u0173 kambariui paver\u010dia \u012fprast\u0105 interjer\u0105 \u0161viesos ir garso \u0161vent\u0117s fonu. \u012ejungus \u017evaig\u017ed\u017ei\u0173 projektori\u0173, galima keisti \u0161viesos spalv\u0105 ir intensyvum\u0105 bei \u012fjungti muzik\u0105. U\u017erakinamas dangtelis ir \u0161e\u0161i kei\u010diami klis\u0117jai leid\u017eia pritaikyti naktin\u0119 lemput\u0119 pagal aplinkybes ir pageidavimus. Komplekte yra trys klis\u0117jai, vaizduojantys \u017evaig\u017edes, planetas ir j\u016bros gelmes, bei trys proginiai klis\u0117jai gimtadieniams, Kal\u0117doms ir Valentino dienai.<\/p>\n\n\n\n<p>Galaktikos projektoriaus naktin\u0117 lemput\u0117 vaikams<\/p>\n\n\n\n<p>Naktin\u0117 lemput\u0117 su nuotolinio valdymo pultu leid\u017eia patogiai valdyti i\u0161 savo vietos, \u012fskaitant greit\u0105 spalv\u0173 keitim\u0105 ir ry\u0161kumo reguliavim\u0105. Patogi laikma\u010dio funkcija leid\u017eia nustatyti, kad prietaisas veikt\u0173 15 arba 30 minu\u010di\u0173. Taigi, projektori\u0173 galima \u012fjungti prie\u0161 pat u\u017emiegant \u2013 projektoriaus lempa ma\u017eina stres\u0105 ir ramina nervus, gerina miego kokyb\u0119.<\/p>\n\n\n\n<p>\u017dvaig\u017ed\u017ei\u0173 projektoriaus privalumai ir savyb\u0117s:<\/p>\n\n\n\n<p>U\u017etikrina ramus miegas \u2013 \u017evaig\u017ed\u017ei\u0173 projektoriaus lempa su laikma\u010diu padeda j\u016bs\u0173 vaikui u\u017emigti.<br>Atpalaiduoja ir ma\u017eina stres\u0105 \u2013 naktinis \u0161viesos projektorius pad\u0117s, kai vaikas bijo tamsos.<br>Sukuria \u0161ventin\u0119 atmosfer\u0105 \u2013 Kal\u0117d\u0173, gimtadieni\u0173 ar Valentino dienos klis\u0117s pabr\u0117\u0161 \u0161i\u0173 rengini\u0173 ypatingum\u0105.<br>Pritraukia d\u0117mes\u012f \u2013 besisukantis projektorius su spalvotomis \u0161viesomis ap\u0161viestais klis\u0117mis sukuria \u012fdom\u0173 multimedijos \u0161ou namuose.<br>J\u012f lengva ir patogu valdyti \u2013 d\u0117ka naktin\u0117s lemput\u0117s su nuotolinio valdymo pultu, galite nuotoliniu b\u016bdu keisti muzik\u0105 ir ap\u0161vietim\u0105 kambario ribose.<br>Komplekto turinys:<\/p>\n\n\n\n<p>Naktin\u0117 lemput\u0117.<br>6 kei\u010diamos vir\u0161utin\u0117s ir \u0161onin\u0117s klis\u0117s.<br>Nuotolinio valdymo pultas lemputei valdyti<br>USB laidas<br>Dir\u017eelis<br>Naudojimo instrukcija<br>Naktin\u0117 lemput\u0117 gali b\u016bti naudojama dviem b\u016bdais. J\u0105 galite naudoti tiek u\u017edarytu, tiek atidarytu dang\u010diu. Atidengta lemput\u0117 veikia kaip projektorius, sukurdama ne\u012fprastus \u0161viesos efektus tamsioje patalpoje.<\/p>\n\n\n\n<p>Nuotolinio valdymo pulto funkcijos:<\/p>\n\n\n\n<p>\u012fjungti\/i\u0161jungti<br>padidinti\/suma\u017einti \u0161vies\u0105<br>pakeisti \u0161viesos spalv\u0105<br>\u012fjungti\/i\u0161jungti muzik\u0105<br>padidinti\/suma\u017einti<br>\u012fjungti\/i\u0161jungti sukim\u0105si<br>nustatyti laikmat\u012f 15\/30 minu\u010di\u0173<br>pakeisti dain\u0105<br>Specifikacijos:<\/p>\n\n\n\n<p>Modelis: nuotolinio valdymo triu\u0161io naktin\u0117 lemput\u0117<br>Med\u017eiaga: ABS plastikas, elektroniniai komponentai<br>Spalva: balta, ro\u017ein\u0117<br>Maitinimas: 5V 0,3A USB jungtis<br>Darbo laikas su vienu \u012fkrovimu: 4-5 val.<br>\u012ekraunama baterija: li\u010dio jon\u0173 1200 mAh<br>Nuotolinis valdymas: taip, nuotolinio valdymo pultu<br>Nuotolinio valdymo pultas maitinimas: 150 mAh CR2025 baterija<br>Bluetooth ry\u0161ys: ne<br>Funkcijos: ap\u0161vietimas, sukimasis, muzika, laikmatis<br>Atsparumas: IP 20<br>Temos: 6 kei\u010diamos plok\u0161tel\u0117s \u2013 \u017evaig\u017edynai, planetos, povandeninis pasaulis, gimtadienis, Kal\u0117dos ir Valentino diena.<br>\u0160viesos spalvos: balta, geltona, m\u0117lyna, mi\u0161ri<br>\u0160viesos re\u017eimai: 6 \u2013 balta \u0161viesa, geltona \u0161viesa, m\u0117lyna \u0161viesa, mi\u0161ri \u0161viesa, mirksinti \u0161viesa, pulsuojanti \u0161viesa<br>Muzika: 6 muzikos temos, \u012fskaitant Kal\u0117d\u0173 dain\u0105 ir gimtadienio dain\u0105<br>Matmenys:<\/p>\n\n\n\n<p>\u0160viesos matmenys: 12 cm x 16,5 cm<br>\u0160onin\u0117s plok\u0161tel\u0117s matmenys: 25 cm x 5,5 cm<br>Vir\u0161utin\u0117s pl\u0117vel\u0117s skersmuo: 8,5 cm<br>Pakuot\u0117s matmenys: 12 cm x 12 cm x 15,5 cm<br>Produktas supakuotas kartonin\u0117je d\u0117\u017eut\u0117je<\/p>","protected":false},"excerpt":{"rendered":"<p>USB NUOTOLINIO VALDYMO NAKTIN\u0116 LEMPUT\u0116 ELNI\u0172 \u017dVAIG\u017dD\u0172 PROJEKTORIUS \u017dvaig\u017ed\u0117tas dangus ir kosmoso projektorius Interaktyvus \u017evaig\u017ed\u017ei\u0173 projektorius, valdomas nuotolinio valdymo pultu, suteiks interjerui magijos ir sukurs pasak\u0173 atmosfer\u0105. Naktin\u0117 lempa su j\u016bros gyv\u016bnais arba \u017evaig\u017ed\u0117tu dangumi, judanti pagal pasirinkt\u0105 melodij\u0105, daro didel\u012f \u012fsp\u016bd\u012f tiek jauniems, tiek vyresniems. Ji valdomas nuotolinio valdymo pultu, kuris leid\u017eia patogiai keisti [&hellip;]<\/p>","protected":false},"featured_media":35112,"template":"","meta":{"_acf_changed":false,"iawp_total_views":413},"product_cat":[218,193,194,195,216,217,191,257,49,39],"product_tag":[96,97],"class_list":{"0":"post-35111","1":"product","2":"type-product","3":"status-publish","4":"has-post-thumbnail","6":"product_cat-darzeliu-grupems","7":"product_cat-dovanos-vaikams-1-2-metu","8":"product_cat-dovanos-vaikams-2-3-metu","9":"product_cat-dovanos-vaikams-3-4-metu","10":"product_cat-dovanos-4-5-metu-vaikams","11":"product_cat-dovanos-5-7-metu-vaikams","12":"product_cat-dovanos-vaikams","13":"product_cat-vaiku-prieziura","14":"product_cat-visi-zaislai","15":"product_cat-zaislai","16":"product_tag-2-m-3-m","17":"product_tag-3-m-4-m","19":"first","20":"outofstock","21":"taxable","22":"shipping-taxable","23":"purchasable","24":"product-type-simple"},"acf":[],"yoast_head":"<!-- This site is optimized with the Yoast SEO plugin v23.3 - https:\/\/yoast.com\/wordpress\/plugins\/seo\/ -->\n<title>Naktinis projektorius &quot;triu\u0161is&quot; - Montessori \u017eaislai<\/title>\n<meta name=\"robots\" content=\"index, follow, max-snippet:-1, max-image-preview:large, max-video-preview:-1\" \/>\n<link rel=\"canonical\" href=\"https:\/\/monti.lt\/en\/product\/naktinis-projektorius-triusis\/\" \/>\n<meta property=\"og:locale\" content=\"en_US\" \/>\n<meta property=\"og:type\" content=\"article\" \/>\n<meta property=\"og:title\" content=\"Naktinis projektorius &quot;triu\u0161is&quot; - Montessori \u017eaislai\" \/>\n<meta property=\"og:description\" content=\"USB NUOTOLINIO VALDYMO NAKTIN\u0116 LEMPUT\u0116 ELNI\u0172 \u017dVAIG\u017dD\u0172 PROJEKTORIUS \u017dvaig\u017ed\u0117tas dangus ir kosmoso projektorius Interaktyvus \u017evaig\u017ed\u017ei\u0173 projektorius, valdomas nuotolinio valdymo pultu, suteiks interjerui magijos ir sukurs pasak\u0173 atmosfer\u0105. Naktin\u0117 lempa su j\u016bros gyv\u016bnais arba \u017evaig\u017ed\u0117tu dangumi, judanti pagal pasirinkt\u0105 melodij\u0105, daro didel\u012f \u012fsp\u016bd\u012f tiek jauniems, tiek vyresniems. Ji valdomas nuotolinio valdymo pultu, kuris leid\u017eia patogiai keisti [&hellip;]\" \/>\n<meta property=\"og:url\" content=\"https:\/\/monti.lt\/en\/product\/naktinis-projektorius-triusis\/\" \/>\n<meta property=\"og:site_name\" content=\"Montessori \u017eaislai\" \/>\n<meta property=\"article:modified_time\" content=\"2026-04-03T18:23:22+00:00\" \/>\n<meta property=\"og:image\" content=\"https:\/\/monti.lt\/wp-content\/uploads\/2025\/11\/Night-Light-Star-Projector-USB-LED-Rabbit-176378.jpg\" \/>\n\t<meta property=\"og:image:width\" content=\"1024\" \/>\n\t<meta property=\"og:image:height\" content=\"1024\" \/>\n\t<meta property=\"og:image:type\" content=\"image\/jpeg\" \/>\n<meta name=\"twitter:card\" content=\"summary_large_image\" \/>\n<meta name=\"twitter:label1\" content=\"Est. reading time\" \/>\n\t<meta name=\"twitter:data1\" content=\"3 minutes\" \/>\n<script type=\"application\/ld+json\" class=\"yoast-schema-graph\">{\"@context\":\"https:\/\/schema.org\",\"@graph\":[{\"@type\":\"WebPage\",\"@id\":\"https:\/\/monti.lt\/product\/naktinis-projektorius-triusis\/\",\"url\":\"https:\/\/monti.lt\/product\/naktinis-projektorius-triusis\/\",\"name\":\"Naktinis projektorius \\\"triu\u0161is\\\" - Montessori \u017eaislai\",\"isPartOf\":{\"@id\":\"https:\/\/monti.lt\/#website\"},\"primaryImageOfPage\":{\"@id\":\"https:\/\/monti.lt\/product\/naktinis-projektorius-triusis\/#primaryimage\"},\"image\":{\"@id\":\"https:\/\/monti.lt\/product\/naktinis-projektorius-triusis\/#primaryimage\"},\"thumbnailUrl\":\"https:\/\/monti.lt\/wp-content\/uploads\/2025\/11\/Night-Light-Star-Projector-USB-LED-Rabbit-176378.jpg\",\"datePublished\":\"2025-11-04T07:10:14+00:00\",\"dateModified\":\"2026-04-03T18:23:22+00:00\",\"breadcrumb\":{\"@id\":\"https:\/\/monti.lt\/product\/naktinis-projektorius-triusis\/#breadcrumb\"},\"inLanguage\":\"en-US\",\"potentialAction\":[{\"@type\":\"ReadAction\",\"target\":[\"https:\/\/monti.lt\/product\/naktinis-projektorius-triusis\/\"]}]},{\"@type\":\"ImageObject\",\"inLanguage\":\"en-US\",\"@id\":\"https:\/\/monti.lt\/product\/naktinis-projektorius-triusis\/#primaryimage\",\"url\":\"https:\/\/monti.lt\/wp-content\/uploads\/2025\/11\/Night-Light-Star-Projector-USB-LED-Rabbit-176378.jpg\",\"contentUrl\":\"https:\/\/monti.lt\/wp-content\/uploads\/2025\/11\/Night-Light-Star-Projector-USB-LED-Rabbit-176378.jpg\",\"width\":1024,\"height\":1024,\"caption\":\"naktine lempa-projektorius\"},{\"@type\":\"BreadcrumbList\",\"@id\":\"https:\/\/monti.lt\/product\/naktinis-projektorius-triusis\/#breadcrumb\",\"itemListElement\":[{\"@type\":\"ListItem\",\"position\":1,\"name\":\"Home\",\"item\":\"https:\/\/monti.lt\/\"},{\"@type\":\"ListItem\",\"position\":2,\"name\":\"Parduotuv\u0117\",\"item\":\"https:\/\/monti.lt\/shop\/\"},{\"@type\":\"ListItem\",\"position\":3,\"name\":\"Naktinis projektorius &#8220;triu\u0161is&#8221;\"}]},{\"@type\":\"WebSite\",\"@id\":\"https:\/\/monti.lt\/#website\",\"url\":\"https:\/\/monti.lt\/\",\"name\":\"Montessori \u017eaislai\",\"description\":\"\",\"publisher\":{\"@id\":\"https:\/\/monti.lt\/#organization\"},\"potentialAction\":[{\"@type\":\"SearchAction\",\"target\":{\"@type\":\"EntryPoint\",\"urlTemplate\":\"https:\/\/monti.lt\/?s={search_term_string}\"},\"query-input\":\"required name=search_term_string\"}],\"inLanguage\":\"en-US\"},{\"@type\":\"Organization\",\"@id\":\"https:\/\/monti.lt\/#organization\",\"name\":\"Montessori \u017eaislai\",\"url\":\"https:\/\/monti.lt\/\",\"logo\":{\"@type\":\"ImageObject\",\"inLanguage\":\"en-US\",\"@id\":\"https:\/\/monti.lt\/#\/schema\/logo\/image\/\",\"url\":\"https:\/\/monti.lt\/wp-content\/uploads\/2022\/03\/montilogo-1.png\",\"contentUrl\":\"https:\/\/monti.lt\/wp-content\/uploads\/2022\/03\/montilogo-1.png\",\"width\":512,\"height\":512,\"caption\":\"Montessori \u017eaislai\"},\"image\":{\"@id\":\"https:\/\/monti.lt\/#\/schema\/logo\/image\/\"}}]}<\/script>\n<!-- \/ Yoast SEO plugin. -->","yoast_head_json":{"title":"Naktinis projektorius \"triu\u0161is\" - Montessori \u017eaislai","robots":{"index":"index","follow":"follow","max-snippet":"max-snippet:-1","max-image-preview":"max-image-preview:large","max-video-preview":"max-video-preview:-1"},"canonical":"https:\/\/monti.lt\/en\/product\/naktinis-projektorius-triusis\/","og_locale":"en_US","og_type":"article","og_title":"Naktinis projektorius \"triu\u0161is\" - Montessori \u017eaislai","og_description":"USB NUOTOLINIO VALDYMO NAKTIN\u0116 LEMPUT\u0116 ELNI\u0172 \u017dVAIG\u017dD\u0172 PROJEKTORIUS \u017dvaig\u017ed\u0117tas dangus ir kosmoso projektorius Interaktyvus \u017evaig\u017ed\u017ei\u0173 projektorius, valdomas nuotolinio valdymo pultu, suteiks interjerui magijos ir sukurs pasak\u0173 atmosfer\u0105. Naktin\u0117 lempa su j\u016bros gyv\u016bnais arba \u017evaig\u017ed\u0117tu dangumi, judanti pagal pasirinkt\u0105 melodij\u0105, daro didel\u012f \u012fsp\u016bd\u012f tiek jauniems, tiek vyresniems. Ji valdomas nuotolinio valdymo pultu, kuris leid\u017eia patogiai keisti [&hellip;]","og_url":"https:\/\/monti.lt\/en\/product\/naktinis-projektorius-triusis\/","og_site_name":"Montessori \u017eaislai","article_modified_time":"2026-04-03T18:23:22+00:00","og_image":[{"width":1024,"height":1024,"url":"https:\/\/monti.lt\/wp-content\/uploads\/2025\/11\/Night-Light-Star-Projector-USB-LED-Rabbit-176378.jpg","type":"image\/jpeg"}],"twitter_card":"summary_large_image","twitter_misc":{"Est. reading time":"3 minutes"},"schema":{"@context":"https:\/\/schema.org","@graph":[{"@type":"WebPage","@id":"https:\/\/monti.lt\/product\/naktinis-projektorius-triusis\/","url":"https:\/\/monti.lt\/product\/naktinis-projektorius-triusis\/","name":"Naktinis projektorius \"triu\u0161is\" - Montessori \u017eaislai","isPartOf":{"@id":"https:\/\/monti.lt\/#website"},"primaryImageOfPage":{"@id":"https:\/\/monti.lt\/product\/naktinis-projektorius-triusis\/#primaryimage"},"image":{"@id":"https:\/\/monti.lt\/product\/naktinis-projektorius-triusis\/#primaryimage"},"thumbnailUrl":"https:\/\/monti.lt\/wp-content\/uploads\/2025\/11\/Night-Light-Star-Projector-USB-LED-Rabbit-176378.jpg","datePublished":"2025-11-04T07:10:14+00:00","dateModified":"2026-04-03T18:23:22+00:00","breadcrumb":{"@id":"https:\/\/monti.lt\/product\/naktinis-projektorius-triusis\/#breadcrumb"},"inLanguage":"en-US","potentialAction":[{"@type":"ReadAction","target":["https:\/\/monti.lt\/product\/naktinis-projektorius-triusis\/"]}]},{"@type":"ImageObject","inLanguage":"en-US","@id":"https:\/\/monti.lt\/product\/naktinis-projektorius-triusis\/#primaryimage","url":"https:\/\/monti.lt\/wp-content\/uploads\/2025\/11\/Night-Light-Star-Projector-USB-LED-Rabbit-176378.jpg","contentUrl":"https:\/\/monti.lt\/wp-content\/uploads\/2025\/11\/Night-Light-Star-Projector-USB-LED-Rabbit-176378.jpg","width":1024,"height":1024,"caption":"naktine lempa-projektorius"},{"@type":"BreadcrumbList","@id":"https:\/\/monti.lt\/product\/naktinis-projektorius-triusis\/#breadcrumb","itemListElement":[{"@type":"ListItem","position":1,"name":"Home","item":"https:\/\/monti.lt\/"},{"@type":"ListItem","position":2,"name":"Parduotuv\u0117","item":"https:\/\/monti.lt\/shop\/"},{"@type":"ListItem","position":3,"name":"Naktinis projektorius &#8220;triu\u0161is&#8221;"}]},{"@type":"WebSite","@id":"https:\/\/monti.lt\/#website","url":"https:\/\/monti.lt\/","name":"Montessori \u017eaislai","description":"","publisher":{"@id":"https:\/\/monti.lt\/#organization"},"potentialAction":[{"@type":"SearchAction","target":{"@type":"EntryPoint","urlTemplate":"https:\/\/monti.lt\/?s={search_term_string}"},"query-input":"required name=search_term_string"}],"inLanguage":"en-US"},{"@type":"Organization","@id":"https:\/\/monti.lt\/#organization","name":"Montessori \u017eaislai","url":"https:\/\/monti.lt\/","logo":{"@type":"ImageObject","inLanguage":"en-US","@id":"https:\/\/monti.lt\/#\/schema\/logo\/image\/","url":"https:\/\/monti.lt\/wp-content\/uploads\/2022\/03\/montilogo-1.png","contentUrl":"https:\/\/monti.lt\/wp-content\/uploads\/2022\/03\/montilogo-1.png","width":512,"height":512,"caption":"Montessori \u017eaislai"},"image":{"@id":"https:\/\/monti.lt\/#\/schema\/logo\/image\/"}}]}},"_links":{"self":[{"href":"https:\/\/monti.lt\/en\/wp-json\/wp\/v2\/product\/35111"}],"collection":[{"href":"https:\/\/monti.lt\/en\/wp-json\/wp\/v2\/product"}],"about":[{"href":"https:\/\/monti.lt\/en\/wp-json\/wp\/v2\/types\/product"}],"version-history":[{"count":2,"href":"https:\/\/monti.lt\/en\/wp-json\/wp\/v2\/product\/35111\/revisions"}],"predecessor-version":[{"id":35133,"href":"https:\/\/monti.lt\/en\/wp-json\/wp\/v2\/product\/35111\/revisions\/35133"}],"wp:featuredmedia":[{"embeddable":true,"href":"https:\/\/monti.lt\/en\/wp-json\/wp\/v2\/media\/35112"}],"wp:attachment":[{"href":"https:\/\/monti.lt\/en\/wp-json\/wp\/v2\/media?parent=35111"}],"wp:term":[{"taxonomy":"product_cat","embeddable":true,"href":"https:\/\/monti.lt\/en\/wp-json\/wp\/v2\/product_cat?post=35111"},{"taxonomy":"product_tag","embeddable":true,"href":"https:\/\/monti.lt\/en\/wp-json\/wp\/v2\/product_tag?post=35111"}],"curies":[{"name":"wp","href":"https:\/\/api.w.org\/{rel}","templated":true}]}}