{"id":35134,"date":"2025-11-04T07:19:54","date_gmt":"2025-11-04T07:19:54","guid":{"rendered":"https:\/\/monti.lt\/?post_type=product&#038;p=35134"},"modified":"2025-12-10T17:27:46","modified_gmt":"2025-12-10T17:27:46","slug":"minksta-sensorine-knygele-ferma","status":"publish","type":"product","link":"https:\/\/monti.lt\/en\/product\/minksta-sensorine-knygele-ferma\/","title":{"rendered":"Mink\u0161ta sensorin\u0117 knygel\u0117 &#8220;Ferma&#8221;"},"content":{"rendered":"<p>EDUKACINIS MANIPULIACINIS \u016aKIO BRO\u0160\u016aRA SU VELCRO ELEMENTAIS STEM<\/p>\n\n\n\n<p>Veltinio bro\u0161i\u016bra yra unikalus manipuliacinis sensorinis \u017eaislas, kuris skatina k\u016bdikio vystym\u0105si nuo ankstyvo am\u017eiaus. Pagamintas i\u0161 mink\u0161t\u0173, taktilini\u0173 med\u017eiag\u0173, tai saugus ir patvarus edukacinis \u017eaislas. Sensorin\u0117 manipuliacin\u0117 \u0161io \u017eaislo forma \u012ftraukia vaik\u0105 ir leid\u017eia jam atrasti pasaul\u012f per lyt\u0117jim\u0105, spalvas ir judes\u012f. Tai taip pat yra modernus STEM \u017eaislas, kuris derina mokym\u0105si, eksperimentavim\u0105 ir k\u016brybin\u012f m\u0105stym\u0105 draugi\u0161ku, ma\u017eiesiems prieinamu b\u016bdu. D\u0117l to vaikas ugdo rank\u0173, pa\u017einimo ir emocinius \u012fg\u016bd\u017eius. Tai puikus pavyzdys, kaip vaikai \u017eaisdami mokosi kantryb\u0117s, loginio m\u0105stymo ir k\u016brybi\u0161kumo.<\/p>\n\n\n\n<p>Manipuliuojama knygel\u0117 su veltinio elementais \u2013 ugdo sensorinius ir rank\u0173 \u012fg\u016bd\u017eius.<\/p>\n\n\n\n<p>\u0160i gra\u017ei knyga su veltinio slankiojan\u010diais elementais yra skirta mokymuisi \u017eaid\u017eiant. Spalvingi mink\u0161ti veltinio elementai ir judamieji elementai padeda vaikui lavinti rank\u0173 koordinacij\u0105, smulki\u0105j\u0105 motorik\u0105 ir smulkiuosius motorinius \u012fg\u016bd\u017eius. Kiekvienas puslapis yra skirtingas u\u017esi\u0117mimas \u2013 skirtingi elementai skatina tyrin\u0117jim\u0105, o elementai \u012ftraukia vaikus mokytis apie p<\/p>\n\n\n\n<p>Pasaul\u012f per veiksmus. \u0160i manipuliacin\u0117 knyga ne tik lavina vaiko sensorinius geb\u0117jimus, bet ir rank\u0173 \u012fg\u016bd\u017eius bei remia vaiko vystym\u0105si daugeliu lygmen\u0173.<\/p>\n\n\n\n<p>K\u016brybinis \u017eaidimas su veltinio lipduk\u0173 knygute<\/p>\n\n\n\n<p>Veltinio lipduk\u0173 knygel\u0117 yra idealus b\u016bdas ugdyti pa\u017eintinius ir k\u016brybinius \u012fg\u016bd\u017eius. Tai \u017eaislas, kuris sudomina vaik\u0105, kuris nori atrasti pasaul\u012f per judes\u012f ir lyt\u0117jim\u0105. Taigi, veltinio knygel\u0117s forma skatina vaizduot\u0117s, koncentracijos ir suvokimo geb\u0117jim\u0173 vystym\u0105si. Veltinio elementai yra saug\u016bs, patvar\u016bs ir vizualiai patraukl\u016bs \u2013 jie \u012ftraukia ma\u017eyl\u012f \u012f \u017eaidim\u0105, kad vaikas nat\u016braliai ir d\u017eiaugsmingai ugdyt\u0173 savo geb\u0117jimus.<\/p>\n\n\n\n<p>Veltinio lipduk\u0173 knygel\u0117s privalumai:<\/p>\n\n\n\n<ul class=\"wp-block-list\">\n<li>Veltinio knygel\u0117 d\u017eiugina savo kokybe \u2013 mink\u0161ti veltinio elementai yra malon\u016bs liesti ir visi\u0161kai saug\u016bs ma\u017eiems vaikams<\/li>\n\n\n\n<li>Tai yra edukacinis \u017eaislas, STEM tipo \u2013 kuris per spalvas, tekst\u016br\u0105 ir judan\u010dius elementus remia vaiko vystym\u0105si ir moko loginio m\u0105stymo bei k\u016brybi\u0161kumo<\/li>\n\n\n\n<li>Knygel\u0117s sensorin\u0117 manipuliacin\u0117 forma \u2013 \u012ftraukia vaik\u0105, stimuliuoja jo smalsum\u0105 ir nor\u0105 atrasti<\/li>\n\n\n\n<li>Mokymasis \u017eaid\u017eiant \u2013 leid\u017eia ma\u017eyliui nat\u016braliai pa\u017einti pasaul\u012f \u2013 vaikai mokosi \u017eaisdami, ugdydami savo poj\u016b\u010dius ir vaizduot\u0119<\/li>\n\n\n\n<li>Elementai \u012ftraukia ma\u017eas rankas \u012f veiksm\u0105 \u2013 o judamieji elementai padeda lavinti tikslum\u0105 ir rank\u0173 koordinacij\u0105<\/li>\n\n\n\n<li>Padeda ugdyti vaiko sensorinius geb\u0117jimus \u2013 gerina smulki\u0105j\u0105 motorik\u0105 ir lavina rank\u0173 \u012fg\u016bd\u017eius, derindamas \u017eaidim\u0105 su mokymusi<\/li>\n<\/ul>\n\n\n\n<p>Techniniai parametrai:<\/p>\n\n\n\n<ul class=\"wp-block-list\">\n<li>Vaiko am\u017eius: nuo 3 met\u0173<\/li>\n\n\n\n<li>Med\u017eiaga: mink\u0161tas audinys ir saugus poliesteris<\/li>\n\n\n\n<li>Motyvas: miela ferma su gyv\u016bnais<\/li>\n\n\n\n<li>Matmenys (sulankstyta): 20 x 23,5 x 8 cm<\/li>\n\n\n\n<li>Matmenys (i\u0161lankstyta): 43 x 23,5 x 4 cm<\/li>\n\n\n\n<li>Svoris: apie 0,31 kg<\/li>\n\n\n\n<li>Pakuot\u0117: prakti\u0161ka u\u017etrauktukin\u0117 mai\u0161el\u0117, matmenys: 20 x 23,5 x 8 cm<\/li>\n<\/ul>","protected":false},"excerpt":{"rendered":"<p>EDUKACINIS MANIPULIACINIS \u016aKIO BRO\u0160\u016aRA SU VELCRO ELEMENTAIS STEM Veltinio bro\u0161i\u016bra yra unikalus manipuliacinis sensorinis \u017eaislas, kuris skatina k\u016bdikio vystym\u0105si nuo ankstyvo am\u017eiaus. Pagamintas i\u0161 mink\u0161t\u0173, taktilini\u0173 med\u017eiag\u0173, tai saugus ir patvarus edukacinis \u017eaislas. Sensorin\u0117 manipuliacin\u0117 \u0161io \u017eaislo forma \u012ftraukia vaik\u0105 ir leid\u017eia jam atrasti pasaul\u012f per lyt\u0117jim\u0105, spalvas ir judes\u012f. Tai taip pat yra modernus [&hellip;]<\/p>","protected":false},"featured_media":35135,"template":"","meta":{"_acf_changed":false,"iawp_total_views":122},"product_cat":[191,84,91,88,83,90,86,49,39,201],"product_tag":[96,97],"class_list":{"0":"post-35134","1":"product","2":"type-product","3":"status-publish","4":"has-post-thumbnail","6":"product_cat-dovanos-vaikams","7":"product_cat-lavinamieji-zaislai","8":"product_cat-loginiam-mastymui","9":"product_cat-mokausi-zaisti","10":"product_cat-montessori-zaislai","11":"product_cat-pasaulio-pazinimas","12":"product_cat-smulkioji-motorika","13":"product_cat-visi-zaislai","14":"product_cat-zaislai","15":"product_cat-zaislai-kelioneje","16":"product_tag-2-m-3-m","17":"product_tag-3-m-4-m","19":"first","20":"outofstock","21":"taxable","22":"shipping-taxable","23":"purchasable","24":"product-type-simple"},"acf":[],"yoast_head":"<!-- This site is optimized with the Yoast SEO plugin v23.3 - https:\/\/yoast.com\/wordpress\/plugins\/seo\/ -->\n<title>Mink\u0161ta sensorin\u0117 knygel\u0117 &quot;Ferma&quot; - Montessori \u017eaislai<\/title>\n<meta name=\"robots\" content=\"index, follow, max-snippet:-1, max-image-preview:large, max-video-preview:-1\" \/>\n<link rel=\"canonical\" href=\"https:\/\/monti.lt\/en\/product\/minksta-sensorine-knygele-ferma\/\" \/>\n<meta property=\"og:locale\" content=\"en_US\" \/>\n<meta property=\"og:type\" content=\"article\" \/>\n<meta property=\"og:title\" content=\"Mink\u0161ta sensorin\u0117 knygel\u0117 &quot;Ferma&quot; - Montessori \u017eaislai\" \/>\n<meta property=\"og:description\" content=\"EDUKACINIS MANIPULIACINIS \u016aKIO BRO\u0160\u016aRA SU VELCRO ELEMENTAIS STEM Veltinio bro\u0161i\u016bra yra unikalus manipuliacinis sensorinis \u017eaislas, kuris skatina k\u016bdikio vystym\u0105si nuo ankstyvo am\u017eiaus. Pagamintas i\u0161 mink\u0161t\u0173, taktilini\u0173 med\u017eiag\u0173, tai saugus ir patvarus edukacinis \u017eaislas. Sensorin\u0117 manipuliacin\u0117 \u0161io \u017eaislo forma \u012ftraukia vaik\u0105 ir leid\u017eia jam atrasti pasaul\u012f per lyt\u0117jim\u0105, spalvas ir judes\u012f. Tai taip pat yra modernus [&hellip;]\" \/>\n<meta property=\"og:url\" content=\"https:\/\/monti.lt\/en\/product\/minksta-sensorine-knygele-ferma\/\" \/>\n<meta property=\"og:site_name\" content=\"Montessori \u017eaislai\" \/>\n<meta property=\"article:modified_time\" content=\"2025-12-10T17:27:46+00:00\" \/>\n<meta property=\"og:image\" content=\"https:\/\/monti.lt\/wp-content\/uploads\/2025\/11\/Sensory-educational-manipulative-farm-booklet-178635.jpg\" \/>\n\t<meta property=\"og:image:width\" content=\"1024\" \/>\n\t<meta property=\"og:image:height\" content=\"1024\" \/>\n\t<meta property=\"og:image:type\" content=\"image\/jpeg\" \/>\n<meta name=\"twitter:card\" content=\"summary_large_image\" \/>\n<meta name=\"twitter:label1\" content=\"Est. reading time\" \/>\n\t<meta name=\"twitter:data1\" content=\"3 minutes\" \/>\n<script type=\"application\/ld+json\" class=\"yoast-schema-graph\">{\"@context\":\"https:\/\/schema.org\",\"@graph\":[{\"@type\":\"WebPage\",\"@id\":\"https:\/\/monti.lt\/product\/minksta-sensorine-knygele-ferma\/\",\"url\":\"https:\/\/monti.lt\/product\/minksta-sensorine-knygele-ferma\/\",\"name\":\"Mink\u0161ta sensorin\u0117 knygel\u0117 \\\"Ferma\\\" - Montessori \u017eaislai\",\"isPartOf\":{\"@id\":\"https:\/\/monti.lt\/#website\"},\"primaryImageOfPage\":{\"@id\":\"https:\/\/monti.lt\/product\/minksta-sensorine-knygele-ferma\/#primaryimage\"},\"image\":{\"@id\":\"https:\/\/monti.lt\/product\/minksta-sensorine-knygele-ferma\/#primaryimage\"},\"thumbnailUrl\":\"https:\/\/monti.lt\/wp-content\/uploads\/2025\/11\/Sensory-educational-manipulative-farm-booklet-178635.jpg\",\"datePublished\":\"2025-11-04T07:19:54+00:00\",\"dateModified\":\"2025-12-10T17:27:46+00:00\",\"breadcrumb\":{\"@id\":\"https:\/\/monti.lt\/product\/minksta-sensorine-knygele-ferma\/#breadcrumb\"},\"inLanguage\":\"en-US\",\"potentialAction\":[{\"@type\":\"ReadAction\",\"target\":[\"https:\/\/monti.lt\/product\/minksta-sensorine-knygele-ferma\/\"]}]},{\"@type\":\"ImageObject\",\"inLanguage\":\"en-US\",\"@id\":\"https:\/\/monti.lt\/product\/minksta-sensorine-knygele-ferma\/#primaryimage\",\"url\":\"https:\/\/monti.lt\/wp-content\/uploads\/2025\/11\/Sensory-educational-manipulative-farm-booklet-178635.jpg\",\"contentUrl\":\"https:\/\/monti.lt\/wp-content\/uploads\/2025\/11\/Sensory-educational-manipulative-farm-booklet-178635.jpg\",\"width\":1024,\"height\":1024,\"caption\":\"sensorine knygele\"},{\"@type\":\"BreadcrumbList\",\"@id\":\"https:\/\/monti.lt\/product\/minksta-sensorine-knygele-ferma\/#breadcrumb\",\"itemListElement\":[{\"@type\":\"ListItem\",\"position\":1,\"name\":\"Home\",\"item\":\"https:\/\/monti.lt\/\"},{\"@type\":\"ListItem\",\"position\":2,\"name\":\"Parduotuv\u0117\",\"item\":\"https:\/\/monti.lt\/shop\/\"},{\"@type\":\"ListItem\",\"position\":3,\"name\":\"Mink\u0161ta sensorin\u0117 knygel\u0117 &#8220;Ferma&#8221;\"}]},{\"@type\":\"WebSite\",\"@id\":\"https:\/\/monti.lt\/#website\",\"url\":\"https:\/\/monti.lt\/\",\"name\":\"Montessori \u017eaislai\",\"description\":\"\",\"publisher\":{\"@id\":\"https:\/\/monti.lt\/#organization\"},\"potentialAction\":[{\"@type\":\"SearchAction\",\"target\":{\"@type\":\"EntryPoint\",\"urlTemplate\":\"https:\/\/monti.lt\/?s={search_term_string}\"},\"query-input\":\"required name=search_term_string\"}],\"inLanguage\":\"en-US\"},{\"@type\":\"Organization\",\"@id\":\"https:\/\/monti.lt\/#organization\",\"name\":\"Montessori \u017eaislai\",\"url\":\"https:\/\/monti.lt\/\",\"logo\":{\"@type\":\"ImageObject\",\"inLanguage\":\"en-US\",\"@id\":\"https:\/\/monti.lt\/#\/schema\/logo\/image\/\",\"url\":\"https:\/\/monti.lt\/wp-content\/uploads\/2022\/03\/montilogo-1.png\",\"contentUrl\":\"https:\/\/monti.lt\/wp-content\/uploads\/2022\/03\/montilogo-1.png\",\"width\":512,\"height\":512,\"caption\":\"Montessori \u017eaislai\"},\"image\":{\"@id\":\"https:\/\/monti.lt\/#\/schema\/logo\/image\/\"}}]}<\/script>\n<!-- \/ Yoast SEO plugin. -->","yoast_head_json":{"title":"Mink\u0161ta sensorin\u0117 knygel\u0117 \"Ferma\" - Montessori \u017eaislai","robots":{"index":"index","follow":"follow","max-snippet":"max-snippet:-1","max-image-preview":"max-image-preview:large","max-video-preview":"max-video-preview:-1"},"canonical":"https:\/\/monti.lt\/en\/product\/minksta-sensorine-knygele-ferma\/","og_locale":"en_US","og_type":"article","og_title":"Mink\u0161ta sensorin\u0117 knygel\u0117 \"Ferma\" - Montessori \u017eaislai","og_description":"EDUKACINIS MANIPULIACINIS \u016aKIO BRO\u0160\u016aRA SU VELCRO ELEMENTAIS STEM Veltinio bro\u0161i\u016bra yra unikalus manipuliacinis sensorinis \u017eaislas, kuris skatina k\u016bdikio vystym\u0105si nuo ankstyvo am\u017eiaus. Pagamintas i\u0161 mink\u0161t\u0173, taktilini\u0173 med\u017eiag\u0173, tai saugus ir patvarus edukacinis \u017eaislas. Sensorin\u0117 manipuliacin\u0117 \u0161io \u017eaislo forma \u012ftraukia vaik\u0105 ir leid\u017eia jam atrasti pasaul\u012f per lyt\u0117jim\u0105, spalvas ir judes\u012f. Tai taip pat yra modernus [&hellip;]","og_url":"https:\/\/monti.lt\/en\/product\/minksta-sensorine-knygele-ferma\/","og_site_name":"Montessori \u017eaislai","article_modified_time":"2025-12-10T17:27:46+00:00","og_image":[{"width":1024,"height":1024,"url":"https:\/\/monti.lt\/wp-content\/uploads\/2025\/11\/Sensory-educational-manipulative-farm-booklet-178635.jpg","type":"image\/jpeg"}],"twitter_card":"summary_large_image","twitter_misc":{"Est. reading time":"3 minutes"},"schema":{"@context":"https:\/\/schema.org","@graph":[{"@type":"WebPage","@id":"https:\/\/monti.lt\/product\/minksta-sensorine-knygele-ferma\/","url":"https:\/\/monti.lt\/product\/minksta-sensorine-knygele-ferma\/","name":"Mink\u0161ta sensorin\u0117 knygel\u0117 \"Ferma\" - Montessori \u017eaislai","isPartOf":{"@id":"https:\/\/monti.lt\/#website"},"primaryImageOfPage":{"@id":"https:\/\/monti.lt\/product\/minksta-sensorine-knygele-ferma\/#primaryimage"},"image":{"@id":"https:\/\/monti.lt\/product\/minksta-sensorine-knygele-ferma\/#primaryimage"},"thumbnailUrl":"https:\/\/monti.lt\/wp-content\/uploads\/2025\/11\/Sensory-educational-manipulative-farm-booklet-178635.jpg","datePublished":"2025-11-04T07:19:54+00:00","dateModified":"2025-12-10T17:27:46+00:00","breadcrumb":{"@id":"https:\/\/monti.lt\/product\/minksta-sensorine-knygele-ferma\/#breadcrumb"},"inLanguage":"en-US","potentialAction":[{"@type":"ReadAction","target":["https:\/\/monti.lt\/product\/minksta-sensorine-knygele-ferma\/"]}]},{"@type":"ImageObject","inLanguage":"en-US","@id":"https:\/\/monti.lt\/product\/minksta-sensorine-knygele-ferma\/#primaryimage","url":"https:\/\/monti.lt\/wp-content\/uploads\/2025\/11\/Sensory-educational-manipulative-farm-booklet-178635.jpg","contentUrl":"https:\/\/monti.lt\/wp-content\/uploads\/2025\/11\/Sensory-educational-manipulative-farm-booklet-178635.jpg","width":1024,"height":1024,"caption":"sensorine knygele"},{"@type":"BreadcrumbList","@id":"https:\/\/monti.lt\/product\/minksta-sensorine-knygele-ferma\/#breadcrumb","itemListElement":[{"@type":"ListItem","position":1,"name":"Home","item":"https:\/\/monti.lt\/"},{"@type":"ListItem","position":2,"name":"Parduotuv\u0117","item":"https:\/\/monti.lt\/shop\/"},{"@type":"ListItem","position":3,"name":"Mink\u0161ta sensorin\u0117 knygel\u0117 &#8220;Ferma&#8221;"}]},{"@type":"WebSite","@id":"https:\/\/monti.lt\/#website","url":"https:\/\/monti.lt\/","name":"Montessori \u017eaislai","description":"","publisher":{"@id":"https:\/\/monti.lt\/#organization"},"potentialAction":[{"@type":"SearchAction","target":{"@type":"EntryPoint","urlTemplate":"https:\/\/monti.lt\/?s={search_term_string}"},"query-input":"required name=search_term_string"}],"inLanguage":"en-US"},{"@type":"Organization","@id":"https:\/\/monti.lt\/#organization","name":"Montessori \u017eaislai","url":"https:\/\/monti.lt\/","logo":{"@type":"ImageObject","inLanguage":"en-US","@id":"https:\/\/monti.lt\/#\/schema\/logo\/image\/","url":"https:\/\/monti.lt\/wp-content\/uploads\/2022\/03\/montilogo-1.png","contentUrl":"https:\/\/monti.lt\/wp-content\/uploads\/2022\/03\/montilogo-1.png","width":512,"height":512,"caption":"Montessori \u017eaislai"},"image":{"@id":"https:\/\/monti.lt\/#\/schema\/logo\/image\/"}}]}},"_links":{"self":[{"href":"https:\/\/monti.lt\/en\/wp-json\/wp\/v2\/product\/35134"}],"collection":[{"href":"https:\/\/monti.lt\/en\/wp-json\/wp\/v2\/product"}],"about":[{"href":"https:\/\/monti.lt\/en\/wp-json\/wp\/v2\/types\/product"}],"version-history":[{"count":1,"href":"https:\/\/monti.lt\/en\/wp-json\/wp\/v2\/product\/35134\/revisions"}],"predecessor-version":[{"id":35149,"href":"https:\/\/monti.lt\/en\/wp-json\/wp\/v2\/product\/35134\/revisions\/35149"}],"wp:featuredmedia":[{"embeddable":true,"href":"https:\/\/monti.lt\/en\/wp-json\/wp\/v2\/media\/35135"}],"wp:attachment":[{"href":"https:\/\/monti.lt\/en\/wp-json\/wp\/v2\/media?parent=35134"}],"wp:term":[{"taxonomy":"product_cat","embeddable":true,"href":"https:\/\/monti.lt\/en\/wp-json\/wp\/v2\/product_cat?post=35134"},{"taxonomy":"product_tag","embeddable":true,"href":"https:\/\/monti.lt\/en\/wp-json\/wp\/v2\/product_tag?post=35134"}],"curies":[{"name":"wp","href":"https:\/\/api.w.org\/{rel}","templated":true}]}}