{"id":35150,"date":"2025-11-04T07:24:06","date_gmt":"2025-11-04T07:24:06","guid":{"rendered":"https:\/\/monti.lt\/?post_type=product&#038;p=35150"},"modified":"2026-04-20T13:53:56","modified_gmt":"2026-04-20T13:53:56","slug":"piesimo-projektorius-su-priedais","status":"publish","type":"product","link":"https:\/\/monti.lt\/en\/product\/piesimo-projektorius-su-priedais\/","title":{"rendered":"Pie\u0161imo projektorius su priedais"},"content":{"rendered":"<p>ELEKTRONINIS MOKYMO PROJEKTORIUS &#8211; STALAS SU PROJEKTORIU<\/p>\n\n\n\n<p>Parodykite savo vaikui \u012fdom\u0173 k\u016brybi\u0161kumo pasaul\u012f! Elektroninis mokymo projektorius supa\u017eindins j\u016bs\u0173 ma\u017eyl\u012f su spalv\u0173, form\u0173 ir vaizduot\u0117s pasauliu. D\u0117ka modernios LED projektoriaus technologijos, vaizdo fokusavimo funkcijos ir kei\u010diam\u0173 paveiksl\u0117li\u0173, kiekvienas vaikas gali lengvai prad\u0117ti mokytis pie\u0161ti ir atrasti savo meninius sugeb\u0117jimus.<\/p>\n\n\n\n<p>Mokymasis pie\u0161ti \u017eaisdami<\/p>\n\n\n\n<p>\u0160is mokomasis projektorius sukurtas siekiant skatinti vaik\u0173 k\u016brybi\u0161kum\u0105, ugdyti rank\u0173 \u012fg\u016bd\u017eius ir supa\u017eindinti juos su meno pasauliu. Pie\u0161imas ir tapymas su mokomuoju projektoriumi yra tikras malonumas ir puikus \u017eaidimas kiekvienam ma\u017eajam menininkui.<\/p>\n\n\n\n<p>Tiesiog pasirinkite m\u0117gstam\u0105 paveiksl\u0117l\u012f i\u0161 pie\u0161imo rinkinio su projektoriumi, \u012fd\u0117kite j\u012f \u012f projektori\u0173 ir pastumkite po stalu. Tada ant stalo pad\u0117kite \u0161var\u0173 popieriaus lap\u0105, \u012fjunkite projektoriaus \u0161vies\u0105 ir \u0161velniai pasukite objektyv\u0105, kad sufokusuotum\u0117te vaizd\u0105. Kai pie\u0161inys atsiranda ant popieria<\/p>\n\n\n\n<p>us lapo, vaikas gali prad\u0117ti savo stebukling\u0105 k\u016brybos kelion\u0119 \u2013 spalvinti, pie\u0161ti ir mokytis, atrasti meno pasaul\u012f \u017eaisdamas. Taigi, mokomasis projektorius paver\u010dia \u012fprast\u0105 pie\u0161im\u0105 \u012fdomiu pie\u0161imo mokymusi, ugdydamas vaiko vaizduot\u0119, k\u016brybi\u0161kum\u0105 ir rank\u0173 \u012fg\u016bd\u017eius. Pie\u0161imas leid\u017eia vaikui lavinti koncentracij\u0105, kantryb\u0119 ir koordinacij\u0105, skatindamas veikl\u0105 pasaulyje be i\u0161mani\u0173j\u0173 telefon\u0173 ekran\u0173.<\/p>\n\n\n\n<p>Pie\u0161imo stalas su projektoriumi<\/p>\n\n\n\n<p>Komplekte yra stabilus pie\u0161imo stalas, leid\u017eiantis vaikui patogiai kurti savo meno k\u016brinius. Stalas su projektoriumi suprojektuotas taip, kad u\u017etikrint\u0173 komfort\u0105 ir saugum\u0105 \u017eaidimo metu. Su \u0161iuo stalu vaikas gali pie\u0161ti, spalvinti ir tapyti bet kur. Komplekte esantis pie\u0161imo popieriaus rulonas leid\u017eia kurti be galo, o 12 spalvot\u0173 \u017eymekli\u0173 ir pie\u0161tuk\u0173 leid\u017eia pasirinkti spalvas pagal savo id\u0117jas. \u017daisti su rinkiniu yra paprasta ir intuityvu \u2013 tiesiog \u012fd\u0117kite skaidr\u0119 su paveiksl\u0117liu, nustatykite projektori\u0173 ir galite prad\u0117ti \u017eaisti! \u012ejungus projektori\u0173, pasirodo \u0161velni \u0161viesa, kuri puikiai ap\u0161vie\u010dia perpie\u0161tin\u0105 pie\u0161in\u012f.<\/p>\n\n\n\n<p>Puiki dovana ma\u017eiesiems menininkams<\/p>\n\n\n\n<p>\u0160is pie\u0161imo rinkinys su projektoriumi yra ideali dovana bet kuriam vaikui, kuris m\u0117gsta kurti. Tai mokomasis \u017eaislas, skirtas pie\u0161imo mokymuisi, kuris \u012fkvepia, d\u017eiugina ir supa\u017eindina su spalvingu pasauliu.<\/p>\n\n\n\n<p>Edukacinio projektoriaus privalumai:<\/p>\n\n\n\n<ul class=\"wp-block-list\">\n<li>Pie\u0161imo mokymasis \u017eaid\u017eiant \u2013 su projektoriumi kiekvienas pie\u0161inys tampa nuotykiu! Vaikas ugdo tikslum\u0105, vaizduot\u0119 ir pasitik\u0117jim\u0105 savimi, mokydamasis spalvingai ir linksmai<\/li>\n\n\n\n<li>K\u016brybin\u0117 nepriklausomyb\u0117 \u2013 \u0161is pie\u0161imo mokymosi \u017eaislas skatina eksperimentuoti su spalvomis ir ra\u0161tais. Ma\u017eylis kuria savo b\u016bdu, atranda, kiek daug jis gali padaryti<\/li>\n\n\n\n<li>D\u017eiaugsmas ir mokymasis viename \u2013 edukacinis projektorius paver\u010dia \u012fprast\u0105 pie\u0161im\u0105 \u012fdomia kelione per spalv\u0173, form\u0173 ir id\u0117j\u0173 pasaul\u012f<\/li>\n\n\n\n<li>Kasdien\u0117 \u012fkv\u0117pimo doz\u0117 \u2013 stalas su projektoriumi yra ma\u017ea meno studija, kurioje vaikas praleid\u017eia valandas, kurdamas ir pl\u0117todamas vaizduot\u0119<\/li>\n\n\n\n<li>Rank\u0173 \u012fg\u016bd\u017ei\u0173 ugdymas \u2013 pie\u0161imas lavina motorinius \u012fg\u016bd\u017eius, koncentracij\u0105 ir motorin\u0119 koordinacij\u0105, pad\u0117damas ma\u017eyliui tapti tikru ma\u017euoju menininku.<\/li>\n\n\n\n<li>Komplekto sud\u0117tis:<\/li>\n\n\n\n<li>1x pie\u0161imo stalas<\/li>\n\n\n\n<li>4x popieriaus laikikliai<\/li>\n\n\n\n<li>1x popieriaus d\u0117klas<\/li>\n\n\n\n<li>1x plastikinis stiklas (apsaugotas i\u0161 abiej\u0173 pusi\u0173 apsaugine pl\u0117vele)<\/li>\n\n\n\n<li>1x baterijomis maitinamas projektorius su reguliuojamu objektyvu<\/li>\n\n\n\n<li>6x paveiksl\u0117li\u0173 lapai su 12 paveiksl\u0117li\u0173 kiekviename \u2013 72 pie\u0161imo motyvai<\/li>\n\n\n\n<li>1x popieriaus ritinys<\/li>\n\n\n\n<li>12x pie\u0161tukai<\/li>\n\n\n\n<li>12x \u017eymekliai<\/li>\n\n\n\n<li>Techniniai duomenys:<\/li>\n\n\n\n<li>Am\u017eius: 3+<\/li>\n\n\n\n<li>Med\u017eiaga: plastikas, popierius, elektroniniai komponentai<\/li>\n\n\n\n<li>Stalo spalva: m\u0117lyna su geltonos spalvos elementais<\/li>\n\n\n\n<li>Projektoriaus spalva: geltona-m\u0117lyna<\/li>\n\n\n\n<li>Projektoriaus maitinimas: 3x AA baterijos (\u012f komplekt\u0105 ne\u012feina)<\/li>\n\n\n\n<li>Stalo matmenys: 38 x 28 x 8,5 cm<\/li>\n\n\n\n<li>Projektoriaus pagrindo matmenys: 13 x 13,5 cm<\/li>\n\n\n\n<li>Projektoriaus auk\u0161tis: reguliuojamas nuo 7 iki 8,5 cm<\/li>\n\n\n\n<li>Popieriaus rulono ilgis: apie 10 metr\u0173<\/li>\n\n\n\n<li>Pakuot\u0117s svoris: 1,24 kg<\/li>\n\n\n\n<li>Produktas supakuotas \u012f i\u0161skleid\u017eiam\u0105 kartonin\u0119 d\u0117\u017e\u0119 su rankena, kurios matmenys: 40,5 cm x 29,5 cm x 10 cm<\/li>\n<\/ul>","protected":false},"excerpt":{"rendered":"<p>ELEKTRONINIS MOKYMO PROJEKTORIUS &#8211; STALAS SU PROJEKTORIU Parodykite savo vaikui \u012fdom\u0173 k\u016brybi\u0161kumo pasaul\u012f! Elektroninis mokymo projektorius supa\u017eindins j\u016bs\u0173 ma\u017eyl\u012f su spalv\u0173, form\u0173 ir vaizduot\u0117s pasauliu. D\u0117ka modernios LED projektoriaus technologijos, vaizdo fokusavimo funkcijos ir kei\u010diam\u0173 paveiksl\u0117li\u0173, kiekvienas vaikas gali lengvai prad\u0117ti mokytis pie\u0161ti ir atrasti savo meninius sugeb\u0117jimus. Mokymasis pie\u0161ti \u017eaisdami \u0160is mokomasis projektorius sukurtas [&hellip;]<\/p>","protected":false},"featured_media":35151,"template":"","meta":{"_acf_changed":false,"iawp_total_views":237},"product_cat":[195,216,217,191,84,89,49,39],"product_tag":[97,98],"class_list":{"0":"post-35150","1":"product","2":"type-product","3":"status-publish","4":"has-post-thumbnail","6":"product_cat-dovanos-vaikams-3-4-metu","7":"product_cat-dovanos-4-5-metu-vaikams","8":"product_cat-dovanos-5-7-metu-vaikams","9":"product_cat-dovanos-vaikams","10":"product_cat-lavinamieji-zaislai","11":"product_cat-mokausi-piesti","12":"product_cat-visi-zaislai","13":"product_cat-zaislai","14":"product_tag-3-m-4-m","15":"product_tag-5-m-7-m","17":"first","18":"instock","19":"taxable","20":"shipping-taxable","21":"purchasable","22":"product-type-simple"},"acf":[],"yoast_head":"<!-- This site is optimized with the Yoast SEO plugin v23.3 - https:\/\/yoast.com\/wordpress\/plugins\/seo\/ -->\n<title>Pie\u0161imo projektorius su priedais - Montessori \u017eaislai<\/title>\n<meta name=\"robots\" content=\"index, follow, max-snippet:-1, max-image-preview:large, max-video-preview:-1\" \/>\n<link rel=\"canonical\" href=\"https:\/\/monti.lt\/en\/product\/piesimo-projektorius-su-priedais\/\" \/>\n<meta property=\"og:locale\" content=\"en_US\" \/>\n<meta property=\"og:type\" content=\"article\" \/>\n<meta property=\"og:title\" content=\"Pie\u0161imo projektorius su priedais - Montessori \u017eaislai\" \/>\n<meta property=\"og:description\" content=\"ELEKTRONINIS MOKYMO PROJEKTORIUS &#8211; STALAS SU PROJEKTORIU Parodykite savo vaikui \u012fdom\u0173 k\u016brybi\u0161kumo pasaul\u012f! Elektroninis mokymo projektorius supa\u017eindins j\u016bs\u0173 ma\u017eyl\u012f su spalv\u0173, form\u0173 ir vaizduot\u0117s pasauliu. D\u0117ka modernios LED projektoriaus technologijos, vaizdo fokusavimo funkcijos ir kei\u010diam\u0173 paveiksl\u0117li\u0173, kiekvienas vaikas gali lengvai prad\u0117ti mokytis pie\u0161ti ir atrasti savo meninius sugeb\u0117jimus. Mokymasis pie\u0161ti \u017eaisdami \u0160is mokomasis projektorius sukurtas [&hellip;]\" \/>\n<meta property=\"og:url\" content=\"https:\/\/monti.lt\/en\/product\/piesimo-projektorius-su-priedais\/\" \/>\n<meta property=\"og:site_name\" content=\"Montessori \u017eaislai\" \/>\n<meta property=\"article:modified_time\" content=\"2026-04-20T13:53:56+00:00\" \/>\n<meta property=\"og:image\" content=\"https:\/\/monti.lt\/wp-content\/uploads\/2025\/11\/Projector-projector-drawing-table-cards-markers-crayons-blue-178104.jpg\" \/>\n\t<meta property=\"og:image:width\" content=\"1024\" \/>\n\t<meta property=\"og:image:height\" content=\"1024\" \/>\n\t<meta property=\"og:image:type\" content=\"image\/jpeg\" \/>\n<meta name=\"twitter:card\" content=\"summary_large_image\" \/>\n<meta name=\"twitter:label1\" content=\"Est. reading time\" \/>\n\t<meta name=\"twitter:data1\" content=\"3 minutes\" \/>\n<script type=\"application\/ld+json\" class=\"yoast-schema-graph\">{\"@context\":\"https:\/\/schema.org\",\"@graph\":[{\"@type\":\"WebPage\",\"@id\":\"https:\/\/monti.lt\/product\/piesimo-projektorius-su-priedais\/\",\"url\":\"https:\/\/monti.lt\/product\/piesimo-projektorius-su-priedais\/\",\"name\":\"Pie\u0161imo projektorius su priedais - Montessori \u017eaislai\",\"isPartOf\":{\"@id\":\"https:\/\/monti.lt\/#website\"},\"primaryImageOfPage\":{\"@id\":\"https:\/\/monti.lt\/product\/piesimo-projektorius-su-priedais\/#primaryimage\"},\"image\":{\"@id\":\"https:\/\/monti.lt\/product\/piesimo-projektorius-su-priedais\/#primaryimage\"},\"thumbnailUrl\":\"https:\/\/monti.lt\/wp-content\/uploads\/2025\/11\/Projector-projector-drawing-table-cards-markers-crayons-blue-178104.jpg\",\"datePublished\":\"2025-11-04T07:24:06+00:00\",\"dateModified\":\"2026-04-20T13:53:56+00:00\",\"breadcrumb\":{\"@id\":\"https:\/\/monti.lt\/product\/piesimo-projektorius-su-priedais\/#breadcrumb\"},\"inLanguage\":\"en-US\",\"potentialAction\":[{\"@type\":\"ReadAction\",\"target\":[\"https:\/\/monti.lt\/product\/piesimo-projektorius-su-priedais\/\"]}]},{\"@type\":\"ImageObject\",\"inLanguage\":\"en-US\",\"@id\":\"https:\/\/monti.lt\/product\/piesimo-projektorius-su-priedais\/#primaryimage\",\"url\":\"https:\/\/monti.lt\/wp-content\/uploads\/2025\/11\/Projector-projector-drawing-table-cards-markers-crayons-blue-178104.jpg\",\"contentUrl\":\"https:\/\/monti.lt\/wp-content\/uploads\/2025\/11\/Projector-projector-drawing-table-cards-markers-crayons-blue-178104.jpg\",\"width\":1024,\"height\":1024,\"caption\":\"sviesos stalas\"},{\"@type\":\"BreadcrumbList\",\"@id\":\"https:\/\/monti.lt\/product\/piesimo-projektorius-su-priedais\/#breadcrumb\",\"itemListElement\":[{\"@type\":\"ListItem\",\"position\":1,\"name\":\"Home\",\"item\":\"https:\/\/monti.lt\/\"},{\"@type\":\"ListItem\",\"position\":2,\"name\":\"Parduotuv\u0117\",\"item\":\"https:\/\/monti.lt\/shop\/\"},{\"@type\":\"ListItem\",\"position\":3,\"name\":\"Pie\u0161imo projektorius su priedais\"}]},{\"@type\":\"WebSite\",\"@id\":\"https:\/\/monti.lt\/#website\",\"url\":\"https:\/\/monti.lt\/\",\"name\":\"Montessori \u017eaislai\",\"description\":\"\",\"publisher\":{\"@id\":\"https:\/\/monti.lt\/#organization\"},\"potentialAction\":[{\"@type\":\"SearchAction\",\"target\":{\"@type\":\"EntryPoint\",\"urlTemplate\":\"https:\/\/monti.lt\/?s={search_term_string}\"},\"query-input\":\"required name=search_term_string\"}],\"inLanguage\":\"en-US\"},{\"@type\":\"Organization\",\"@id\":\"https:\/\/monti.lt\/#organization\",\"name\":\"Montessori \u017eaislai\",\"url\":\"https:\/\/monti.lt\/\",\"logo\":{\"@type\":\"ImageObject\",\"inLanguage\":\"en-US\",\"@id\":\"https:\/\/monti.lt\/#\/schema\/logo\/image\/\",\"url\":\"https:\/\/monti.lt\/wp-content\/uploads\/2022\/03\/montilogo-1.png\",\"contentUrl\":\"https:\/\/monti.lt\/wp-content\/uploads\/2022\/03\/montilogo-1.png\",\"width\":512,\"height\":512,\"caption\":\"Montessori \u017eaislai\"},\"image\":{\"@id\":\"https:\/\/monti.lt\/#\/schema\/logo\/image\/\"}}]}<\/script>\n<!-- \/ Yoast SEO plugin. -->","yoast_head_json":{"title":"Pie\u0161imo projektorius su priedais - Montessori \u017eaislai","robots":{"index":"index","follow":"follow","max-snippet":"max-snippet:-1","max-image-preview":"max-image-preview:large","max-video-preview":"max-video-preview:-1"},"canonical":"https:\/\/monti.lt\/en\/product\/piesimo-projektorius-su-priedais\/","og_locale":"en_US","og_type":"article","og_title":"Pie\u0161imo projektorius su priedais - Montessori \u017eaislai","og_description":"ELEKTRONINIS MOKYMO PROJEKTORIUS &#8211; STALAS SU PROJEKTORIU Parodykite savo vaikui \u012fdom\u0173 k\u016brybi\u0161kumo pasaul\u012f! Elektroninis mokymo projektorius supa\u017eindins j\u016bs\u0173 ma\u017eyl\u012f su spalv\u0173, form\u0173 ir vaizduot\u0117s pasauliu. D\u0117ka modernios LED projektoriaus technologijos, vaizdo fokusavimo funkcijos ir kei\u010diam\u0173 paveiksl\u0117li\u0173, kiekvienas vaikas gali lengvai prad\u0117ti mokytis pie\u0161ti ir atrasti savo meninius sugeb\u0117jimus. Mokymasis pie\u0161ti \u017eaisdami \u0160is mokomasis projektorius sukurtas [&hellip;]","og_url":"https:\/\/monti.lt\/en\/product\/piesimo-projektorius-su-priedais\/","og_site_name":"Montessori \u017eaislai","article_modified_time":"2026-04-20T13:53:56+00:00","og_image":[{"width":1024,"height":1024,"url":"https:\/\/monti.lt\/wp-content\/uploads\/2025\/11\/Projector-projector-drawing-table-cards-markers-crayons-blue-178104.jpg","type":"image\/jpeg"}],"twitter_card":"summary_large_image","twitter_misc":{"Est. reading time":"3 minutes"},"schema":{"@context":"https:\/\/schema.org","@graph":[{"@type":"WebPage","@id":"https:\/\/monti.lt\/product\/piesimo-projektorius-su-priedais\/","url":"https:\/\/monti.lt\/product\/piesimo-projektorius-su-priedais\/","name":"Pie\u0161imo projektorius su priedais - Montessori \u017eaislai","isPartOf":{"@id":"https:\/\/monti.lt\/#website"},"primaryImageOfPage":{"@id":"https:\/\/monti.lt\/product\/piesimo-projektorius-su-priedais\/#primaryimage"},"image":{"@id":"https:\/\/monti.lt\/product\/piesimo-projektorius-su-priedais\/#primaryimage"},"thumbnailUrl":"https:\/\/monti.lt\/wp-content\/uploads\/2025\/11\/Projector-projector-drawing-table-cards-markers-crayons-blue-178104.jpg","datePublished":"2025-11-04T07:24:06+00:00","dateModified":"2026-04-20T13:53:56+00:00","breadcrumb":{"@id":"https:\/\/monti.lt\/product\/piesimo-projektorius-su-priedais\/#breadcrumb"},"inLanguage":"en-US","potentialAction":[{"@type":"ReadAction","target":["https:\/\/monti.lt\/product\/piesimo-projektorius-su-priedais\/"]}]},{"@type":"ImageObject","inLanguage":"en-US","@id":"https:\/\/monti.lt\/product\/piesimo-projektorius-su-priedais\/#primaryimage","url":"https:\/\/monti.lt\/wp-content\/uploads\/2025\/11\/Projector-projector-drawing-table-cards-markers-crayons-blue-178104.jpg","contentUrl":"https:\/\/monti.lt\/wp-content\/uploads\/2025\/11\/Projector-projector-drawing-table-cards-markers-crayons-blue-178104.jpg","width":1024,"height":1024,"caption":"sviesos stalas"},{"@type":"BreadcrumbList","@id":"https:\/\/monti.lt\/product\/piesimo-projektorius-su-priedais\/#breadcrumb","itemListElement":[{"@type":"ListItem","position":1,"name":"Home","item":"https:\/\/monti.lt\/"},{"@type":"ListItem","position":2,"name":"Parduotuv\u0117","item":"https:\/\/monti.lt\/shop\/"},{"@type":"ListItem","position":3,"name":"Pie\u0161imo projektorius su priedais"}]},{"@type":"WebSite","@id":"https:\/\/monti.lt\/#website","url":"https:\/\/monti.lt\/","name":"Montessori \u017eaislai","description":"","publisher":{"@id":"https:\/\/monti.lt\/#organization"},"potentialAction":[{"@type":"SearchAction","target":{"@type":"EntryPoint","urlTemplate":"https:\/\/monti.lt\/?s={search_term_string}"},"query-input":"required name=search_term_string"}],"inLanguage":"en-US"},{"@type":"Organization","@id":"https:\/\/monti.lt\/#organization","name":"Montessori \u017eaislai","url":"https:\/\/monti.lt\/","logo":{"@type":"ImageObject","inLanguage":"en-US","@id":"https:\/\/monti.lt\/#\/schema\/logo\/image\/","url":"https:\/\/monti.lt\/wp-content\/uploads\/2022\/03\/montilogo-1.png","contentUrl":"https:\/\/monti.lt\/wp-content\/uploads\/2022\/03\/montilogo-1.png","width":512,"height":512,"caption":"Montessori \u017eaislai"},"image":{"@id":"https:\/\/monti.lt\/#\/schema\/logo\/image\/"}}]}},"_links":{"self":[{"href":"https:\/\/monti.lt\/en\/wp-json\/wp\/v2\/product\/35150"}],"collection":[{"href":"https:\/\/monti.lt\/en\/wp-json\/wp\/v2\/product"}],"about":[{"href":"https:\/\/monti.lt\/en\/wp-json\/wp\/v2\/types\/product"}],"version-history":[{"count":1,"href":"https:\/\/monti.lt\/en\/wp-json\/wp\/v2\/product\/35150\/revisions"}],"predecessor-version":[{"id":35164,"href":"https:\/\/monti.lt\/en\/wp-json\/wp\/v2\/product\/35150\/revisions\/35164"}],"wp:featuredmedia":[{"embeddable":true,"href":"https:\/\/monti.lt\/en\/wp-json\/wp\/v2\/media\/35151"}],"wp:attachment":[{"href":"https:\/\/monti.lt\/en\/wp-json\/wp\/v2\/media?parent=35150"}],"wp:term":[{"taxonomy":"product_cat","embeddable":true,"href":"https:\/\/monti.lt\/en\/wp-json\/wp\/v2\/product_cat?post=35150"},{"taxonomy":"product_tag","embeddable":true,"href":"https:\/\/monti.lt\/en\/wp-json\/wp\/v2\/product_tag?post=35150"}],"curies":[{"name":"wp","href":"https:\/\/api.w.org\/{rel}","templated":true}]}}