{"id":35165,"date":"2025-11-04T07:26:15","date_gmt":"2025-11-04T07:26:15","guid":{"rendered":"https:\/\/monti.lt\/?post_type=product&#038;p=35165"},"modified":"2026-02-08T17:02:13","modified_gmt":"2026-02-08T17:02:13","slug":"piesimo-ant-vandens-rinkinys-12-spalvu","status":"publish","type":"product","link":"https:\/\/monti.lt\/en\/product\/piesimo-ant-vandens-rinkinys-12-spalvu\/","title":{"rendered":"Pie\u0161imo ant vandens rinkinys, 12 spalv\u0173"},"content":{"rendered":"<p>Sustokite akimirkai. Pa\u017evelkite, kaip spalvinga d\u0117m\u0117 sukasi vandens pavir\u0161iuje, virsdama nepakartojamu ra\u0161tu. Taip gimsta tapybos ant vandens menas \u2013 senov\u0117s ebru technika, kuri tapo viena i\u0161 labiausiai \u017eav\u0117jan\u010di\u0173 menin\u0117s rai\u0161kos form\u0173.<\/p>\n\n\n\n<p>Tai tradicinis menas, kuris \u0161imtme\u010dius d\u017eiugino Osman\u0173 imperijos ir Artim\u0173j\u0173 Ryt\u0173 meistrus, o \u0161iandien jis gr\u012f\u017eta kaip modernus ebru arba marmuravimas \u2013 k\u016brybingas, modernus ir prieinamas visiems, ypa\u010d jauniausiems. Naudodami m\u016bs\u0173 vandens tapybos rinkinius, j\u016bs\u0173 vaikas gali atrasti \u0161\u012f unikal\u0173 k\u016brybos ritual\u0105 \u2013 derinti spalvas, eksperimentuoti su vandeniu ir tapyti ebru da\u017eais, kaip tai dar\u0117 menininkai prie\u0161 \u0161imtme\u010dius.<\/p>\n\n\n\n<p>Ebru \u2013 kur vizualusis menas susitinka su vandens magija<\/p>\n\n\n\n<p>Tai ne tik pramoga, tai meditacija judesyje. Tapyba ebru da\u017eais leid\u017eia vaikams sustoti ir pasinerti \u012f spalv\u0173 ir ramyb\u0117s pasaul\u012f. Kiekvienas pipet\u0117s panardinimas, kiekvienas lazdele atliktas judesys sukuria nauj\u0105 ritm\u0105, nauj\u0105 spalv\u0173 derin\u012f \u2013 gryn\u0105, nenusp\u0117jam\u0105 harmonij\u0105. Subtilaus konsistencijos ebru da\u017eai i\u0161silieja ant vandens, sukurdami kompozicijas, primenan\u010dias marmuro ar g\u0117li\u0173 ornamentus. Tai patirtis, kuri sujungia estetik\u0105 su emocijomis \u2013 subtilia, bet galinga. Komplekte yra viskas, ko reikia, kad gal\u0117tum\u0117te prad\u0117ti savo ebru k\u016brimo proces\u0105 \u2013 nuo netoksini\u0173 da\u017e\u0173 iki \u0161ukos ir lazdel\u0117s, kurios suteikia charakter\u012f kiekvienam judesiui.<\/p>\n\n\n\n<p>\u0160iuolaikinis ebru \u2013 nauja k\u016brybos era<\/p>\n\n\n\n<p>Ebru tapyba \u2013 tai ne tik sugr\u012f\u017eimas prie \u0161akn\u0173, bet ir naujos k\u016brybi\u0161kumo dimensijos atradimas. Naudodami m\u016bs\u0173 rinkin\u012f, vaikai (ir suaugusieji!) mokosi kantryb\u0117s, susikaupimo ir d\u0117mesingumo, tuo pa\u010diu ugdydami vaizduot\u0119 ir estetin\u012f jausm\u0105. \u012ekv\u0117pimas semiasi i\u0161 istorijos, ta\u010diau forma yra moderni \u2013 tai meno ir \u0161iuolaikinio minimalizmo derinys. Tai puiki proga intuityviai ir maloniai ugdyti vizual\u0173j\u012f men\u0105.<\/p>\n\n\n\n<p>\u012etraukiantis, spalvingas spalv\u0173 pasaulis<\/p>\n\n\n\n<p>Paruo\u0161kite pagrind\u0105, \u012fmerkite pipet\u0119 \u012f da\u017eus ir \u012fla\u0161inkite la\u0161el\u012f ant vandens pavir\u0161iaus. Spalva l\u0117tai plinta, sukurdama ne\u012fprast\u0105, spalving\u0105 ra\u0161t\u0105. Vienas po kito atsirandantys atspalviai susilieja ir \u0161oka vienas su kitu, sudaro fantasti\u0161kas formas. \u0160velniai u\u017ed\u0117kite popieriaus lap\u0105 ant vandens, ir po kurio laiko atsiras paveikslas \u2013 unikalus, pilnas spalv\u0173 ir vaizduot\u0117s. Tai yra tapybos ant vandens meno magija \u2013 rami, atpalaiduojanti ir kupina emocij\u0173. Pramoga yra \u0161vari, ekologi\u0161ka ir 100 % saugi vaikams.<\/p>\n\n\n\n<p>Ebru STEM \u2013 parodykite savo vaikui, kad menas gali tek\u0117ti kartu su vandeniu. Leiskite jam pamatyti pasaul\u012f kitaip, patirti k\u016brybi\u0161kum\u0105 ir ramyb\u0119. Tegul kiekvienas judesys virsta ma\u017eais \u0161edevrais.<\/p>\n\n\n\n<p>Marmuravimo privalumai:<\/p>\n\n\n\n<ul class=\"wp-block-list\">\n<li>Ugdo k\u016brybi\u0161kum\u0105 ir vaizduot\u0119 \u2013 kiekvienas da\u017e\u0173 la\u0161as sukuria unikal\u0173 ra\u0161t\u0105, skatindamas eksperimentuoti ir atrasti<\/li>\n\n\n\n<li>Moko susikaupimo ir tikslumo \u2013 tuo pa\u010diu ramina ir \u012fveda \u012f atsipalaidavimo ir susikaupimo b\u016bsen\u0105 \u2013 tai k\u016brybi\u0161kas b\u016bdas nusiraminti ir susikaupti<\/li>\n\n\n\n<li>Jungia tradicin\u012f men\u0105 su modernumu \u2013 leid\u017eia atrasti ebru technikos magij\u0105 nauja, \u012fkvepian\u010dia forma<\/li>\n\n\n\n<li>Leid\u017eia patirti ebru ir vizualiojo meno estetik\u0105 \u2013 kur spalvos ir formos susilieja \u012f harmoning\u0105 visum\u0105<\/li>\n\n\n\n<li>Priartina Ryt\u0173 kult\u016br\u0105 ir istorij\u0105 \u2013 atskleid\u017eia vaikams ir parodo jiems nauj\u0105 ir unikal\u0173 tapybos b\u016bd\u0105 bei \u012fkvepia juos k\u016brybi\u0161kai leisti laik\u0105<\/li>\n\n\n\n<li>Sukuria tilt\u0105 tarp istorijos ir modernumo \u2013 remiasi turtinga Artim\u0173j\u0173 Ryt\u0173 ir Osman\u0173 imperijos meno tradicija, kuri \u0161imtme\u010dius \u017eav\u0117jo menininkus visame pasaulyje<\/li>\n<\/ul>\n\n\n\n<p>Rinkinio sud\u0117tis:<\/p>\n\n\n\n<ul class=\"wp-block-list\">\n<li>A5 formato (21 x 15 cm) tapybos d\u0117klas su kra\u0161tais: 24,5 x 18,5 x 2,5 cm<\/li>\n\n\n\n<li>Tu\u0161\u010dias 250 ml butelis<\/li>\n\n\n\n<li>250 ml butelis su 200 ml da\u017eymo tirpalo koncentrato<\/li>\n\n\n\n<li>40 lap\u0173 ebru popieriaus<\/li>\n\n\n\n<li>12 spalv\u0173 pigment\u0173 (balta, geltona, trys oran\u017einiai atspalviai, ro\u017ein\u0117, du \u017eali atspalviai, trys m\u0117lyni atspalviai, ruda) vandens pagrindu, netoksi\u0161ki, skied\u017eiami<\/li>\n\n\n\n<li>4 gipso fig\u016br\u0117l\u0117s<\/li>\n\n\n\n<li>1 \u0161ukut\u0117 (3 skirting\u0173 plo\u010di\u0173) da\u017eams tepti<\/li>\n\n\n\n<li>1 puodelis<\/li>\n\n\n\n<li>1 pincetas popieriui pakelti<\/li>\n\n\n\n<li>2 pipet\u0117s<\/li>\n\n\n\n<li>6 smeigtukai<\/li>\n\n\n\n<li>1 prijuost\u0117<\/li>\n\n\n\n<li>1 naudojimo instrukcija lenk\u0173 kalba<\/li>\n<\/ul>\n\n\n\n<p>Techniniai parametrai:<\/p>\n\n\n\n<ul class=\"wp-block-list\">\n<li>Am\u017eius: 6+<\/li>\n\n\n\n<li>Spalva: \u012fvairiaspalvis<\/li>\n\n\n\n<li>Med\u017eiaga: popierius, plastikas<\/li>\n\n\n\n<li>Da\u017eai: netoksi\u0161ki, vandens pagrindu<\/li>\n\n\n\n<li>Komplekto svoris su pakuote: 0,75 kg<\/li>\n\n\n\n<li>Pakuot\u0117s matmenys (spalvota kartonin\u0117 d\u0117\u017eut\u0117): 29 x 21,5 x 6,5 cm<\/li>\n<\/ul>\n\n\n\n<p><\/p>","protected":false},"excerpt":{"rendered":"<p>Sustokite akimirkai. Pa\u017evelkite, kaip spalvinga d\u0117m\u0117 sukasi vandens pavir\u0161iuje, virsdama nepakartojamu ra\u0161tu. Taip gimsta tapybos ant vandens menas \u2013 senov\u0117s ebru technika, kuri tapo viena i\u0161 labiausiai \u017eav\u0117jan\u010di\u0173 menin\u0117s rai\u0161kos form\u0173. Tai tradicinis menas, kuris \u0161imtme\u010dius d\u017eiugino Osman\u0173 imperijos ir Artim\u0173j\u0173 Ryt\u0173 meistrus, o \u0161iandien jis gr\u012f\u017eta kaip modernus ebru arba marmuravimas \u2013 k\u016brybingas, modernus [&hellip;]<\/p>","protected":false},"featured_media":35477,"template":"","meta":{"_acf_changed":false,"iawp_total_views":749},"product_cat":[87,84,89,49,39],"product_tag":[97,98,99],"class_list":{"0":"post-35165","1":"product","2":"type-product","3":"status-publish","4":"has-post-thumbnail","6":"product_cat-kurybiniai-rinkiniai","7":"product_cat-lavinamieji-zaislai","8":"product_cat-mokausi-piesti","9":"product_cat-visi-zaislai","10":"product_cat-zaislai","11":"product_tag-3-m-4-m","12":"product_tag-5-m-7-m","13":"product_tag-8-m-11-m","15":"first","16":"outofstock","17":"sale","18":"taxable","19":"shipping-taxable","20":"purchasable","21":"product-type-simple"},"acf":[],"yoast_head":"<!-- This site is optimized with the Yoast SEO plugin v23.3 - https:\/\/yoast.com\/wordpress\/plugins\/seo\/ -->\n<title>Pie\u0161imo ant vandens rinkinys, 12 spalv\u0173 - Montessori \u017eaislai<\/title>\n<meta name=\"robots\" content=\"index, follow, max-snippet:-1, max-image-preview:large, max-video-preview:-1\" \/>\n<link rel=\"canonical\" href=\"https:\/\/monti.lt\/en\/product\/piesimo-ant-vandens-rinkinys-12-spalvu\/\" \/>\n<meta property=\"og:locale\" content=\"en_US\" \/>\n<meta property=\"og:type\" content=\"article\" \/>\n<meta property=\"og:title\" content=\"Pie\u0161imo ant vandens rinkinys, 12 spalv\u0173 - Montessori \u017eaislai\" \/>\n<meta property=\"og:description\" content=\"Sustokite akimirkai. Pa\u017evelkite, kaip spalvinga d\u0117m\u0117 sukasi vandens pavir\u0161iuje, virsdama nepakartojamu ra\u0161tu. Taip gimsta tapybos ant vandens menas \u2013 senov\u0117s ebru technika, kuri tapo viena i\u0161 labiausiai \u017eav\u0117jan\u010di\u0173 menin\u0117s rai\u0161kos form\u0173. Tai tradicinis menas, kuris \u0161imtme\u010dius d\u017eiugino Osman\u0173 imperijos ir Artim\u0173j\u0173 Ryt\u0173 meistrus, o \u0161iandien jis gr\u012f\u017eta kaip modernus ebru arba marmuravimas \u2013 k\u016brybingas, modernus [&hellip;]\" \/>\n<meta property=\"og:url\" content=\"https:\/\/monti.lt\/en\/product\/piesimo-ant-vandens-rinkinys-12-spalvu\/\" \/>\n<meta property=\"og:site_name\" content=\"Montessori \u017eaislai\" \/>\n<meta property=\"article:modified_time\" content=\"2026-02-08T17:02:13+00:00\" \/>\n<meta property=\"og:image\" content=\"https:\/\/monti.lt\/wp-content\/uploads\/2025\/11\/Painting-on-water-ebru-creative-art-set-accessories-12-colors-179557.jpg\" \/>\n\t<meta property=\"og:image:width\" content=\"1024\" \/>\n\t<meta property=\"og:image:height\" content=\"1024\" \/>\n\t<meta property=\"og:image:type\" content=\"image\/jpeg\" \/>\n<meta name=\"twitter:card\" content=\"summary_large_image\" \/>\n<meta name=\"twitter:label1\" content=\"Est. reading time\" \/>\n\t<meta name=\"twitter:data1\" content=\"4 minutes\" \/>\n<script type=\"application\/ld+json\" class=\"yoast-schema-graph\">{\"@context\":\"https:\/\/schema.org\",\"@graph\":[{\"@type\":\"WebPage\",\"@id\":\"https:\/\/monti.lt\/product\/piesimo-ant-vandens-rinkinys-12-spalvu\/\",\"url\":\"https:\/\/monti.lt\/product\/piesimo-ant-vandens-rinkinys-12-spalvu\/\",\"name\":\"Pie\u0161imo ant vandens rinkinys, 12 spalv\u0173 - Montessori \u017eaislai\",\"isPartOf\":{\"@id\":\"https:\/\/monti.lt\/#website\"},\"primaryImageOfPage\":{\"@id\":\"https:\/\/monti.lt\/product\/piesimo-ant-vandens-rinkinys-12-spalvu\/#primaryimage\"},\"image\":{\"@id\":\"https:\/\/monti.lt\/product\/piesimo-ant-vandens-rinkinys-12-spalvu\/#primaryimage\"},\"thumbnailUrl\":\"https:\/\/monti.lt\/wp-content\/uploads\/2025\/11\/Painting-on-water-ebru-creative-art-set-accessories-12-colors-179557.jpg\",\"datePublished\":\"2025-11-04T07:26:15+00:00\",\"dateModified\":\"2026-02-08T17:02:13+00:00\",\"breadcrumb\":{\"@id\":\"https:\/\/monti.lt\/product\/piesimo-ant-vandens-rinkinys-12-spalvu\/#breadcrumb\"},\"inLanguage\":\"en-US\",\"potentialAction\":[{\"@type\":\"ReadAction\",\"target\":[\"https:\/\/monti.lt\/product\/piesimo-ant-vandens-rinkinys-12-spalvu\/\"]}]},{\"@type\":\"ImageObject\",\"inLanguage\":\"en-US\",\"@id\":\"https:\/\/monti.lt\/product\/piesimo-ant-vandens-rinkinys-12-spalvu\/#primaryimage\",\"url\":\"https:\/\/monti.lt\/wp-content\/uploads\/2025\/11\/Painting-on-water-ebru-creative-art-set-accessories-12-colors-179557.jpg\",\"contentUrl\":\"https:\/\/monti.lt\/wp-content\/uploads\/2025\/11\/Painting-on-water-ebru-creative-art-set-accessories-12-colors-179557.jpg\",\"width\":1024,\"height\":1024,\"caption\":\"piesimas ant vandens\"},{\"@type\":\"BreadcrumbList\",\"@id\":\"https:\/\/monti.lt\/product\/piesimo-ant-vandens-rinkinys-12-spalvu\/#breadcrumb\",\"itemListElement\":[{\"@type\":\"ListItem\",\"position\":1,\"name\":\"Home\",\"item\":\"https:\/\/monti.lt\/\"},{\"@type\":\"ListItem\",\"position\":2,\"name\":\"Parduotuv\u0117\",\"item\":\"https:\/\/monti.lt\/shop\/\"},{\"@type\":\"ListItem\",\"position\":3,\"name\":\"Pie\u0161imo ant vandens rinkinys, 12 spalv\u0173\"}]},{\"@type\":\"WebSite\",\"@id\":\"https:\/\/monti.lt\/#website\",\"url\":\"https:\/\/monti.lt\/\",\"name\":\"Montessori \u017eaislai\",\"description\":\"\",\"publisher\":{\"@id\":\"https:\/\/monti.lt\/#organization\"},\"potentialAction\":[{\"@type\":\"SearchAction\",\"target\":{\"@type\":\"EntryPoint\",\"urlTemplate\":\"https:\/\/monti.lt\/?s={search_term_string}\"},\"query-input\":\"required name=search_term_string\"}],\"inLanguage\":\"en-US\"},{\"@type\":\"Organization\",\"@id\":\"https:\/\/monti.lt\/#organization\",\"name\":\"Montessori \u017eaislai\",\"url\":\"https:\/\/monti.lt\/\",\"logo\":{\"@type\":\"ImageObject\",\"inLanguage\":\"en-US\",\"@id\":\"https:\/\/monti.lt\/#\/schema\/logo\/image\/\",\"url\":\"https:\/\/monti.lt\/wp-content\/uploads\/2022\/03\/montilogo-1.png\",\"contentUrl\":\"https:\/\/monti.lt\/wp-content\/uploads\/2022\/03\/montilogo-1.png\",\"width\":512,\"height\":512,\"caption\":\"Montessori \u017eaislai\"},\"image\":{\"@id\":\"https:\/\/monti.lt\/#\/schema\/logo\/image\/\"}}]}<\/script>\n<!-- \/ Yoast SEO plugin. -->","yoast_head_json":{"title":"Pie\u0161imo ant vandens rinkinys, 12 spalv\u0173 - Montessori \u017eaislai","robots":{"index":"index","follow":"follow","max-snippet":"max-snippet:-1","max-image-preview":"max-image-preview:large","max-video-preview":"max-video-preview:-1"},"canonical":"https:\/\/monti.lt\/en\/product\/piesimo-ant-vandens-rinkinys-12-spalvu\/","og_locale":"en_US","og_type":"article","og_title":"Pie\u0161imo ant vandens rinkinys, 12 spalv\u0173 - Montessori \u017eaislai","og_description":"Sustokite akimirkai. Pa\u017evelkite, kaip spalvinga d\u0117m\u0117 sukasi vandens pavir\u0161iuje, virsdama nepakartojamu ra\u0161tu. Taip gimsta tapybos ant vandens menas \u2013 senov\u0117s ebru technika, kuri tapo viena i\u0161 labiausiai \u017eav\u0117jan\u010di\u0173 menin\u0117s rai\u0161kos form\u0173. Tai tradicinis menas, kuris \u0161imtme\u010dius d\u017eiugino Osman\u0173 imperijos ir Artim\u0173j\u0173 Ryt\u0173 meistrus, o \u0161iandien jis gr\u012f\u017eta kaip modernus ebru arba marmuravimas \u2013 k\u016brybingas, modernus [&hellip;]","og_url":"https:\/\/monti.lt\/en\/product\/piesimo-ant-vandens-rinkinys-12-spalvu\/","og_site_name":"Montessori \u017eaislai","article_modified_time":"2026-02-08T17:02:13+00:00","og_image":[{"width":1024,"height":1024,"url":"https:\/\/monti.lt\/wp-content\/uploads\/2025\/11\/Painting-on-water-ebru-creative-art-set-accessories-12-colors-179557.jpg","type":"image\/jpeg"}],"twitter_card":"summary_large_image","twitter_misc":{"Est. reading time":"4 minutes"},"schema":{"@context":"https:\/\/schema.org","@graph":[{"@type":"WebPage","@id":"https:\/\/monti.lt\/product\/piesimo-ant-vandens-rinkinys-12-spalvu\/","url":"https:\/\/monti.lt\/product\/piesimo-ant-vandens-rinkinys-12-spalvu\/","name":"Pie\u0161imo ant vandens rinkinys, 12 spalv\u0173 - Montessori \u017eaislai","isPartOf":{"@id":"https:\/\/monti.lt\/#website"},"primaryImageOfPage":{"@id":"https:\/\/monti.lt\/product\/piesimo-ant-vandens-rinkinys-12-spalvu\/#primaryimage"},"image":{"@id":"https:\/\/monti.lt\/product\/piesimo-ant-vandens-rinkinys-12-spalvu\/#primaryimage"},"thumbnailUrl":"https:\/\/monti.lt\/wp-content\/uploads\/2025\/11\/Painting-on-water-ebru-creative-art-set-accessories-12-colors-179557.jpg","datePublished":"2025-11-04T07:26:15+00:00","dateModified":"2026-02-08T17:02:13+00:00","breadcrumb":{"@id":"https:\/\/monti.lt\/product\/piesimo-ant-vandens-rinkinys-12-spalvu\/#breadcrumb"},"inLanguage":"en-US","potentialAction":[{"@type":"ReadAction","target":["https:\/\/monti.lt\/product\/piesimo-ant-vandens-rinkinys-12-spalvu\/"]}]},{"@type":"ImageObject","inLanguage":"en-US","@id":"https:\/\/monti.lt\/product\/piesimo-ant-vandens-rinkinys-12-spalvu\/#primaryimage","url":"https:\/\/monti.lt\/wp-content\/uploads\/2025\/11\/Painting-on-water-ebru-creative-art-set-accessories-12-colors-179557.jpg","contentUrl":"https:\/\/monti.lt\/wp-content\/uploads\/2025\/11\/Painting-on-water-ebru-creative-art-set-accessories-12-colors-179557.jpg","width":1024,"height":1024,"caption":"piesimas ant vandens"},{"@type":"BreadcrumbList","@id":"https:\/\/monti.lt\/product\/piesimo-ant-vandens-rinkinys-12-spalvu\/#breadcrumb","itemListElement":[{"@type":"ListItem","position":1,"name":"Home","item":"https:\/\/monti.lt\/"},{"@type":"ListItem","position":2,"name":"Parduotuv\u0117","item":"https:\/\/monti.lt\/shop\/"},{"@type":"ListItem","position":3,"name":"Pie\u0161imo ant vandens rinkinys, 12 spalv\u0173"}]},{"@type":"WebSite","@id":"https:\/\/monti.lt\/#website","url":"https:\/\/monti.lt\/","name":"Montessori \u017eaislai","description":"","publisher":{"@id":"https:\/\/monti.lt\/#organization"},"potentialAction":[{"@type":"SearchAction","target":{"@type":"EntryPoint","urlTemplate":"https:\/\/monti.lt\/?s={search_term_string}"},"query-input":"required name=search_term_string"}],"inLanguage":"en-US"},{"@type":"Organization","@id":"https:\/\/monti.lt\/#organization","name":"Montessori \u017eaislai","url":"https:\/\/monti.lt\/","logo":{"@type":"ImageObject","inLanguage":"en-US","@id":"https:\/\/monti.lt\/#\/schema\/logo\/image\/","url":"https:\/\/monti.lt\/wp-content\/uploads\/2022\/03\/montilogo-1.png","contentUrl":"https:\/\/monti.lt\/wp-content\/uploads\/2022\/03\/montilogo-1.png","width":512,"height":512,"caption":"Montessori \u017eaislai"},"image":{"@id":"https:\/\/monti.lt\/#\/schema\/logo\/image\/"}}]}},"_links":{"self":[{"href":"https:\/\/monti.lt\/en\/wp-json\/wp\/v2\/product\/35165"}],"collection":[{"href":"https:\/\/monti.lt\/en\/wp-json\/wp\/v2\/product"}],"about":[{"href":"https:\/\/monti.lt\/en\/wp-json\/wp\/v2\/types\/product"}],"version-history":[{"count":3,"href":"https:\/\/monti.lt\/en\/wp-json\/wp\/v2\/product\/35165\/revisions"}],"predecessor-version":[{"id":35493,"href":"https:\/\/monti.lt\/en\/wp-json\/wp\/v2\/product\/35165\/revisions\/35493"}],"wp:featuredmedia":[{"embeddable":true,"href":"https:\/\/monti.lt\/en\/wp-json\/wp\/v2\/media\/35477"}],"wp:attachment":[{"href":"https:\/\/monti.lt\/en\/wp-json\/wp\/v2\/media?parent=35165"}],"wp:term":[{"taxonomy":"product_cat","embeddable":true,"href":"https:\/\/monti.lt\/en\/wp-json\/wp\/v2\/product_cat?post=35165"},{"taxonomy":"product_tag","embeddable":true,"href":"https:\/\/monti.lt\/en\/wp-json\/wp\/v2\/product_tag?post=35165"}],"curies":[{"name":"wp","href":"https:\/\/api.w.org\/{rel}","templated":true}]}}