{"id":35210,"date":"2025-11-04T07:40:36","date_gmt":"2025-11-04T07:40:36","guid":{"rendered":"https:\/\/monti.lt\/?post_type=product&#038;p=35210"},"modified":"2026-02-05T05:46:38","modified_gmt":"2026-02-05T05:46:38","slug":"konstruktorius-lagaminelyje-vienaragis","status":"publish","type":"product","link":"https:\/\/monti.lt\/en\/product\/konstruktorius-lagaminelyje-vienaragis\/","title":{"rendered":"Konstruktorius lagamin\u0117lyje &#8220;Vienaragis&#8221;"},"content":{"rendered":"<p>Statybini\u0173 blokeli\u0173 rinkinys \u2013 puikus pasirinkimas kiekvienam ma\u017eyliui! Jo d\u0117ka vaikai gal\u0117s i\u0161laisvinti savo vaizduot\u0119 ir kurti \u012fvairius meno k\u016brinius ar 3D konstrukcijas. Rinkinyje yra \u012fvairi\u0173 blokeli\u0173 ir var\u017et\u0173, kuriuos vaikai gali \u012fsukti \u012f lentos skyles atsuktuvu arba gr\u0105\u017etu. Be to, kartonin\u0117s lentos su vienaragiais suteikia kiekvienam projektui unikalumo. Baigus \u017eaidim\u0105, lenta virsta prakti\u0161ku ne\u0161imo d\u0117klu, kuriame galima laikyti visas rinkinio dalis. \u017daidimas su blokeliais puikiai veikia pir\u0161t\u0173 tikslum\u0105 ir aki\u0173 bei rank\u0173 koordinacij\u0105, taip pat login\u012f ir k\u016brybin\u012f m\u0105stym\u0105.<\/p>\n\n\n\n<p>Techniniai duomenys:<\/p>\n\n\n\n<p>Med\u017eiaga: plastikas<br>Naudotojo am\u017eius: 3+<br>Dali\u0173 skai\u010dius: 285<br>Gr\u0119\u017etuvo maitinimas: 2x AA baterijos (\u012f komplekt\u0105 ne\u012feina)<br>Plastikin\u0117s lagamin\u0117l\u0117s matmenys: 23,5 cm x 18 cm x 7 cm<br>Pakuot\u0117s matmenys: 24,5 cm x 18 cm x 7,5 cm<br>Komplekto sud\u0117tis:<\/p>\n\n\n\n<p>Gr\u0119\u017etuvas su dviem lizdais<br>Atsuktuvas<br>Ver\u017eliarak\u010dio raktas<br>Sraigtai x80<br>Blokai x32<br>Bitai x100<br>Lizdai x35<br>Jungtys x8<br>Dekoratyviniai elementai su vienaragio motyvu<br>Kortel\u0117 su \u012fkv\u0117pimo \u0161altiniais<br>Lagaminas<\/p>\n\n\n\n<p>Konstrukcijos blokai pagaminti i\u0161 tvirto plastiko, tod\u0117l garantuoja ilgaam\u017ei\u0161kum\u0105.<\/p>\n\n\n\n<p>Produktas supakuotas kartonin\u0117je d\u0117\u017eut\u0117je.<\/p>","protected":false},"excerpt":{"rendered":"<p>Statybini\u0173 blokeli\u0173 rinkinys \u2013 puikus pasirinkimas kiekvienam ma\u017eyliui! Jo d\u0117ka vaikai gal\u0117s i\u0161laisvinti savo vaizduot\u0119 ir kurti \u012fvairius meno k\u016brinius ar 3D konstrukcijas. Rinkinyje yra \u012fvairi\u0173 blokeli\u0173 ir var\u017et\u0173, kuriuos vaikai gali \u012fsukti \u012f lentos skyles atsuktuvu arba gr\u0105\u017etu. Be to, kartonin\u0117s lentos su vienaragiais suteikia kiekvienam projektui unikalumo. Baigus \u017eaidim\u0105, lenta virsta prakti\u0161ku ne\u0161imo [&hellip;]<\/p>","protected":false},"featured_media":35211,"template":"","meta":{"_acf_changed":false,"iawp_total_views":230},"product_cat":[218,195,216,217,196,191,87,84,91,86,202,49,39,214],"product_tag":[97,98],"class_list":{"0":"post-35210","1":"product","2":"type-product","3":"status-publish","4":"has-post-thumbnail","6":"product_cat-darzeliu-grupems","7":"product_cat-dovanos-vaikams-3-4-metu","8":"product_cat-dovanos-4-5-metu-vaikams","9":"product_cat-dovanos-5-7-metu-vaikams","10":"product_cat-dovanos-mergaitems","11":"product_cat-dovanos-vaikams","12":"product_cat-kurybiniai-rinkiniai","13":"product_cat-lavinamieji-zaislai","14":"product_cat-loginiam-mastymui","15":"product_cat-smulkioji-motorika","16":"product_cat-vaaikiski-konstruktoriai","17":"product_cat-visi-zaislai","18":"product_cat-zaislai","19":"product_cat-zaislai-mergaitems","20":"product_tag-3-m-4-m","21":"product_tag-5-m-7-m","23":"first","24":"outofstock","25":"sale","26":"taxable","27":"shipping-taxable","28":"purchasable","29":"product-type-simple"},"acf":[],"yoast_head":"<!-- This site is optimized with the Yoast SEO plugin v23.3 - https:\/\/yoast.com\/wordpress\/plugins\/seo\/ -->\n<title>Konstruktorius lagamin\u0117lyje &quot;Vienaragis&quot; - Montessori \u017eaislai<\/title>\n<meta name=\"robots\" content=\"index, follow, max-snippet:-1, max-image-preview:large, max-video-preview:-1\" \/>\n<link rel=\"canonical\" href=\"https:\/\/monti.lt\/en\/product\/konstruktorius-lagaminelyje-vienaragis\/\" \/>\n<meta property=\"og:locale\" content=\"en_US\" \/>\n<meta property=\"og:type\" content=\"article\" \/>\n<meta property=\"og:title\" content=\"Konstruktorius lagamin\u0117lyje &quot;Vienaragis&quot; - Montessori \u017eaislai\" \/>\n<meta property=\"og:description\" content=\"Statybini\u0173 blokeli\u0173 rinkinys \u2013 puikus pasirinkimas kiekvienam ma\u017eyliui! Jo d\u0117ka vaikai gal\u0117s i\u0161laisvinti savo vaizduot\u0119 ir kurti \u012fvairius meno k\u016brinius ar 3D konstrukcijas. Rinkinyje yra \u012fvairi\u0173 blokeli\u0173 ir var\u017et\u0173, kuriuos vaikai gali \u012fsukti \u012f lentos skyles atsuktuvu arba gr\u0105\u017etu. Be to, kartonin\u0117s lentos su vienaragiais suteikia kiekvienam projektui unikalumo. Baigus \u017eaidim\u0105, lenta virsta prakti\u0161ku ne\u0161imo [&hellip;]\" \/>\n<meta property=\"og:url\" content=\"https:\/\/monti.lt\/en\/product\/konstruktorius-lagaminelyje-vienaragis\/\" \/>\n<meta property=\"og:site_name\" content=\"Montessori \u017eaislai\" \/>\n<meta property=\"article:modified_time\" content=\"2026-02-05T05:46:38+00:00\" \/>\n<meta property=\"og:image\" content=\"https:\/\/monti.lt\/wp-content\/uploads\/2025\/11\/Building-blocks-in-a-suitcase-screwdriver-unicorn-167439.jpg\" \/>\n\t<meta property=\"og:image:width\" content=\"1024\" \/>\n\t<meta property=\"og:image:height\" content=\"1024\" \/>\n\t<meta property=\"og:image:type\" content=\"image\/jpeg\" \/>\n<meta name=\"twitter:card\" content=\"summary_large_image\" \/>\n<meta name=\"twitter:label1\" content=\"Est. reading time\" \/>\n\t<meta name=\"twitter:data1\" content=\"2 minutes\" \/>\n<script type=\"application\/ld+json\" class=\"yoast-schema-graph\">{\"@context\":\"https:\/\/schema.org\",\"@graph\":[{\"@type\":\"WebPage\",\"@id\":\"https:\/\/monti.lt\/product\/konstruktorius-lagaminelyje-vienaragis\/\",\"url\":\"https:\/\/monti.lt\/product\/konstruktorius-lagaminelyje-vienaragis\/\",\"name\":\"Konstruktorius lagamin\u0117lyje \\\"Vienaragis\\\" - Montessori \u017eaislai\",\"isPartOf\":{\"@id\":\"https:\/\/monti.lt\/#website\"},\"primaryImageOfPage\":{\"@id\":\"https:\/\/monti.lt\/product\/konstruktorius-lagaminelyje-vienaragis\/#primaryimage\"},\"image\":{\"@id\":\"https:\/\/monti.lt\/product\/konstruktorius-lagaminelyje-vienaragis\/#primaryimage\"},\"thumbnailUrl\":\"https:\/\/monti.lt\/wp-content\/uploads\/2025\/11\/Building-blocks-in-a-suitcase-screwdriver-unicorn-167439.jpg\",\"datePublished\":\"2025-11-04T07:40:36+00:00\",\"dateModified\":\"2026-02-05T05:46:38+00:00\",\"breadcrumb\":{\"@id\":\"https:\/\/monti.lt\/product\/konstruktorius-lagaminelyje-vienaragis\/#breadcrumb\"},\"inLanguage\":\"en-US\",\"potentialAction\":[{\"@type\":\"ReadAction\",\"target\":[\"https:\/\/monti.lt\/product\/konstruktorius-lagaminelyje-vienaragis\/\"]}]},{\"@type\":\"ImageObject\",\"inLanguage\":\"en-US\",\"@id\":\"https:\/\/monti.lt\/product\/konstruktorius-lagaminelyje-vienaragis\/#primaryimage\",\"url\":\"https:\/\/monti.lt\/wp-content\/uploads\/2025\/11\/Building-blocks-in-a-suitcase-screwdriver-unicorn-167439.jpg\",\"contentUrl\":\"https:\/\/monti.lt\/wp-content\/uploads\/2025\/11\/Building-blocks-in-a-suitcase-screwdriver-unicorn-167439.jpg\",\"width\":1024,\"height\":1024,\"caption\":\"konstruktorius mergaitei\"},{\"@type\":\"BreadcrumbList\",\"@id\":\"https:\/\/monti.lt\/product\/konstruktorius-lagaminelyje-vienaragis\/#breadcrumb\",\"itemListElement\":[{\"@type\":\"ListItem\",\"position\":1,\"name\":\"Home\",\"item\":\"https:\/\/monti.lt\/\"},{\"@type\":\"ListItem\",\"position\":2,\"name\":\"Parduotuv\u0117\",\"item\":\"https:\/\/monti.lt\/shop\/\"},{\"@type\":\"ListItem\",\"position\":3,\"name\":\"Konstruktorius lagamin\u0117lyje &#8220;Vienaragis&#8221;\"}]},{\"@type\":\"WebSite\",\"@id\":\"https:\/\/monti.lt\/#website\",\"url\":\"https:\/\/monti.lt\/\",\"name\":\"Montessori \u017eaislai\",\"description\":\"\",\"publisher\":{\"@id\":\"https:\/\/monti.lt\/#organization\"},\"potentialAction\":[{\"@type\":\"SearchAction\",\"target\":{\"@type\":\"EntryPoint\",\"urlTemplate\":\"https:\/\/monti.lt\/?s={search_term_string}\"},\"query-input\":\"required name=search_term_string\"}],\"inLanguage\":\"en-US\"},{\"@type\":\"Organization\",\"@id\":\"https:\/\/monti.lt\/#organization\",\"name\":\"Montessori \u017eaislai\",\"url\":\"https:\/\/monti.lt\/\",\"logo\":{\"@type\":\"ImageObject\",\"inLanguage\":\"en-US\",\"@id\":\"https:\/\/monti.lt\/#\/schema\/logo\/image\/\",\"url\":\"https:\/\/monti.lt\/wp-content\/uploads\/2022\/03\/montilogo-1.png\",\"contentUrl\":\"https:\/\/monti.lt\/wp-content\/uploads\/2022\/03\/montilogo-1.png\",\"width\":512,\"height\":512,\"caption\":\"Montessori \u017eaislai\"},\"image\":{\"@id\":\"https:\/\/monti.lt\/#\/schema\/logo\/image\/\"}}]}<\/script>\n<!-- \/ Yoast SEO plugin. -->","yoast_head_json":{"title":"Konstruktorius lagamin\u0117lyje \"Vienaragis\" - Montessori \u017eaislai","robots":{"index":"index","follow":"follow","max-snippet":"max-snippet:-1","max-image-preview":"max-image-preview:large","max-video-preview":"max-video-preview:-1"},"canonical":"https:\/\/monti.lt\/en\/product\/konstruktorius-lagaminelyje-vienaragis\/","og_locale":"en_US","og_type":"article","og_title":"Konstruktorius lagamin\u0117lyje \"Vienaragis\" - Montessori \u017eaislai","og_description":"Statybini\u0173 blokeli\u0173 rinkinys \u2013 puikus pasirinkimas kiekvienam ma\u017eyliui! Jo d\u0117ka vaikai gal\u0117s i\u0161laisvinti savo vaizduot\u0119 ir kurti \u012fvairius meno k\u016brinius ar 3D konstrukcijas. Rinkinyje yra \u012fvairi\u0173 blokeli\u0173 ir var\u017et\u0173, kuriuos vaikai gali \u012fsukti \u012f lentos skyles atsuktuvu arba gr\u0105\u017etu. Be to, kartonin\u0117s lentos su vienaragiais suteikia kiekvienam projektui unikalumo. Baigus \u017eaidim\u0105, lenta virsta prakti\u0161ku ne\u0161imo [&hellip;]","og_url":"https:\/\/monti.lt\/en\/product\/konstruktorius-lagaminelyje-vienaragis\/","og_site_name":"Montessori \u017eaislai","article_modified_time":"2026-02-05T05:46:38+00:00","og_image":[{"width":1024,"height":1024,"url":"https:\/\/monti.lt\/wp-content\/uploads\/2025\/11\/Building-blocks-in-a-suitcase-screwdriver-unicorn-167439.jpg","type":"image\/jpeg"}],"twitter_card":"summary_large_image","twitter_misc":{"Est. reading time":"2 minutes"},"schema":{"@context":"https:\/\/schema.org","@graph":[{"@type":"WebPage","@id":"https:\/\/monti.lt\/product\/konstruktorius-lagaminelyje-vienaragis\/","url":"https:\/\/monti.lt\/product\/konstruktorius-lagaminelyje-vienaragis\/","name":"Konstruktorius lagamin\u0117lyje \"Vienaragis\" - Montessori \u017eaislai","isPartOf":{"@id":"https:\/\/monti.lt\/#website"},"primaryImageOfPage":{"@id":"https:\/\/monti.lt\/product\/konstruktorius-lagaminelyje-vienaragis\/#primaryimage"},"image":{"@id":"https:\/\/monti.lt\/product\/konstruktorius-lagaminelyje-vienaragis\/#primaryimage"},"thumbnailUrl":"https:\/\/monti.lt\/wp-content\/uploads\/2025\/11\/Building-blocks-in-a-suitcase-screwdriver-unicorn-167439.jpg","datePublished":"2025-11-04T07:40:36+00:00","dateModified":"2026-02-05T05:46:38+00:00","breadcrumb":{"@id":"https:\/\/monti.lt\/product\/konstruktorius-lagaminelyje-vienaragis\/#breadcrumb"},"inLanguage":"en-US","potentialAction":[{"@type":"ReadAction","target":["https:\/\/monti.lt\/product\/konstruktorius-lagaminelyje-vienaragis\/"]}]},{"@type":"ImageObject","inLanguage":"en-US","@id":"https:\/\/monti.lt\/product\/konstruktorius-lagaminelyje-vienaragis\/#primaryimage","url":"https:\/\/monti.lt\/wp-content\/uploads\/2025\/11\/Building-blocks-in-a-suitcase-screwdriver-unicorn-167439.jpg","contentUrl":"https:\/\/monti.lt\/wp-content\/uploads\/2025\/11\/Building-blocks-in-a-suitcase-screwdriver-unicorn-167439.jpg","width":1024,"height":1024,"caption":"konstruktorius mergaitei"},{"@type":"BreadcrumbList","@id":"https:\/\/monti.lt\/product\/konstruktorius-lagaminelyje-vienaragis\/#breadcrumb","itemListElement":[{"@type":"ListItem","position":1,"name":"Home","item":"https:\/\/monti.lt\/"},{"@type":"ListItem","position":2,"name":"Parduotuv\u0117","item":"https:\/\/monti.lt\/shop\/"},{"@type":"ListItem","position":3,"name":"Konstruktorius lagamin\u0117lyje &#8220;Vienaragis&#8221;"}]},{"@type":"WebSite","@id":"https:\/\/monti.lt\/#website","url":"https:\/\/monti.lt\/","name":"Montessori \u017eaislai","description":"","publisher":{"@id":"https:\/\/monti.lt\/#organization"},"potentialAction":[{"@type":"SearchAction","target":{"@type":"EntryPoint","urlTemplate":"https:\/\/monti.lt\/?s={search_term_string}"},"query-input":"required name=search_term_string"}],"inLanguage":"en-US"},{"@type":"Organization","@id":"https:\/\/monti.lt\/#organization","name":"Montessori \u017eaislai","url":"https:\/\/monti.lt\/","logo":{"@type":"ImageObject","inLanguage":"en-US","@id":"https:\/\/monti.lt\/#\/schema\/logo\/image\/","url":"https:\/\/monti.lt\/wp-content\/uploads\/2022\/03\/montilogo-1.png","contentUrl":"https:\/\/monti.lt\/wp-content\/uploads\/2022\/03\/montilogo-1.png","width":512,"height":512,"caption":"Montessori \u017eaislai"},"image":{"@id":"https:\/\/monti.lt\/#\/schema\/logo\/image\/"}}]}},"_links":{"self":[{"href":"https:\/\/monti.lt\/en\/wp-json\/wp\/v2\/product\/35210"}],"collection":[{"href":"https:\/\/monti.lt\/en\/wp-json\/wp\/v2\/product"}],"about":[{"href":"https:\/\/monti.lt\/en\/wp-json\/wp\/v2\/types\/product"}],"version-history":[{"count":1,"href":"https:\/\/monti.lt\/en\/wp-json\/wp\/v2\/product\/35210\/revisions"}],"predecessor-version":[{"id":35223,"href":"https:\/\/monti.lt\/en\/wp-json\/wp\/v2\/product\/35210\/revisions\/35223"}],"wp:featuredmedia":[{"embeddable":true,"href":"https:\/\/monti.lt\/en\/wp-json\/wp\/v2\/media\/35211"}],"wp:attachment":[{"href":"https:\/\/monti.lt\/en\/wp-json\/wp\/v2\/media?parent=35210"}],"wp:term":[{"taxonomy":"product_cat","embeddable":true,"href":"https:\/\/monti.lt\/en\/wp-json\/wp\/v2\/product_cat?post=35210"},{"taxonomy":"product_tag","embeddable":true,"href":"https:\/\/monti.lt\/en\/wp-json\/wp\/v2\/product_tag?post=35210"}],"curies":[{"name":"wp","href":"https:\/\/api.w.org\/{rel}","templated":true}]}}