{"id":35225,"date":"2025-11-04T07:50:30","date_gmt":"2025-11-04T07:50:30","guid":{"rendered":"https:\/\/monti.lt\/?post_type=product&#038;p=35225"},"modified":"2026-02-07T09:48:12","modified_gmt":"2026-02-07T09:48:12","slug":"woopie-magnetines-kaladeles-princesiu-pilis","status":"publish","type":"product","link":"https:\/\/monti.lt\/en\/product\/woopie-magnetines-kaladeles-princesiu-pilis\/","title":{"rendered":"Woopie magnetin\u0117s kalad\u0117l\u0117s &#8220;Princesi\u0173 pilis&#8221;"},"content":{"rendered":"<p>Skatinkite vaiko vaizduot\u0119 su magnetini\u0173 konstruktori\u0173 rinkiniu, sukurtu ma\u017eoms mergait\u0117ms, kurios m\u0117gsta princeses, vienaragius ir pasak\u0173 \u0161alis. \u0160is unikalus rinkinys susideda i\u0161 58 tiksliai pagamint\u0173 \u012fvairi\u0173 form\u0173 ir funkcij\u0173 detali\u0173, kurios visos turi \u012fmontuotus magnetus, leid\u017eian\u010dius greitai, tvirtai ir saugiai sujungti detales. Tai puikus k\u016brybinio \u017eaidimo ir ugdymo derinys, ugdantis rank\u0173 \u012fg\u016bd\u017eius, login\u012f m\u0105stym\u0105 ir erdvin\u0119 vaizduot\u0119.<\/p>\n\n\n\n<p>Savyb\u0117s:<\/p>\n\n\n\n<ul class=\"wp-block-list\">\n<li>\u017daislas skirtas vaikams nuo 3 met\u0173.<\/li>\n\n\n\n<li>Rinkin\u012f sudaro 58 detal\u0117s.<\/li>\n\n\n\n<li>Vaikai gali kurti neribot\u0105 skai\u010di\u0173 konstrukcij\u0173, nuo pili\u0173 iki r\u016bm\u0173 ir kit\u0173 fantasti\u0161k\u0173 pastat\u0173.<\/li>\n\n\n\n<li>\u017daisl\u0173 blok\u0173 manipuliavimas yra puiki praktika ma\u017eoms rankoms ir rank\u0173 bei aki\u0173 koordinacijai.<\/li>\n\n\n\n<li>Sud\u0117ting\u0173 konstrukcij\u0173 statymas reikalauja erdvinio m\u0105stymo ir tolesni\u0173 veiksm\u0173 planavimo.<\/li>\n\n\n\n<li>Pagaminta i\u0161 auk\u0161tos kokyb\u0117s med\u017eiag\u0173 su saugiais magnetais.<\/li>\n<\/ul>","protected":false},"excerpt":{"rendered":"<p>Skatinkite vaiko vaizduot\u0119 su magnetini\u0173 konstruktori\u0173 rinkiniu, sukurtu ma\u017eoms mergait\u0117ms, kurios m\u0117gsta princeses, vienaragius ir pasak\u0173 \u0161alis. \u0160is unikalus rinkinys susideda i\u0161 58 tiksliai pagamint\u0173 \u012fvairi\u0173 form\u0173 ir funkcij\u0173 detali\u0173, kurios visos turi \u012fmontuotus magnetus, leid\u017eian\u010dius greitai, tvirtai ir saugiai sujungti detales. Tai puikus k\u016brybinio \u017eaidimo ir ugdymo derinys, ugdantis rank\u0173 \u012fg\u016bd\u017eius, login\u012f m\u0105stym\u0105 ir [&hellip;]<\/p>","protected":false},"featured_media":35226,"template":"","meta":{"_acf_changed":false,"iawp_total_views":1195},"product_cat":[92,195,216,217,191,192,87,84,86,50,93,202,49,249,39],"product_tag":[97,98],"class_list":{"0":"post-35225","1":"product","2":"type-product","3":"status-publish","4":"has-post-thumbnail","6":"product_cat-deliones","7":"product_cat-dovanos-vaikams-3-4-metu","8":"product_cat-dovanos-4-5-metu-vaikams","9":"product_cat-dovanos-5-7-metu-vaikams","10":"product_cat-dovanos-vaikams","11":"product_cat-kaledines-dovanos-vaikams","12":"product_cat-kurybiniai-rinkiniai","13":"product_cat-lavinamieji-zaislai","14":"product_cat-smulkioji-motorika","15":"product_cat-top-dovanos","16":"product_cat-vaidmenu-zaidimai","17":"product_cat-vaaikiski-konstruktoriai","18":"product_cat-visi-zaislai","19":"product_cat-woppie","20":"product_cat-zaislai","21":"product_tag-3-m-4-m","22":"product_tag-5-m-7-m","24":"first","25":"outofstock","26":"sale","27":"taxable","28":"shipping-taxable","29":"purchasable","30":"product-type-simple"},"acf":[],"yoast_head":"<!-- This site is optimized with the Yoast SEO plugin v23.3 - https:\/\/yoast.com\/wordpress\/plugins\/seo\/ -->\n<title>Woopie magnetin\u0117s kalad\u0117l\u0117s &quot;Princesi\u0173 pilis&quot; - Montessori \u017eaislai<\/title>\n<meta name=\"robots\" content=\"index, follow, max-snippet:-1, max-image-preview:large, max-video-preview:-1\" \/>\n<link rel=\"canonical\" href=\"https:\/\/monti.lt\/en\/product\/woopie-magnetines-kaladeles-princesiu-pilis\/\" \/>\n<meta property=\"og:locale\" content=\"en_US\" \/>\n<meta property=\"og:type\" content=\"article\" \/>\n<meta property=\"og:title\" content=\"Woopie magnetin\u0117s kalad\u0117l\u0117s &quot;Princesi\u0173 pilis&quot; - Montessori \u017eaislai\" \/>\n<meta property=\"og:description\" content=\"Skatinkite vaiko vaizduot\u0119 su magnetini\u0173 konstruktori\u0173 rinkiniu, sukurtu ma\u017eoms mergait\u0117ms, kurios m\u0117gsta princeses, vienaragius ir pasak\u0173 \u0161alis. \u0160is unikalus rinkinys susideda i\u0161 58 tiksliai pagamint\u0173 \u012fvairi\u0173 form\u0173 ir funkcij\u0173 detali\u0173, kurios visos turi \u012fmontuotus magnetus, leid\u017eian\u010dius greitai, tvirtai ir saugiai sujungti detales. Tai puikus k\u016brybinio \u017eaidimo ir ugdymo derinys, ugdantis rank\u0173 \u012fg\u016bd\u017eius, login\u012f m\u0105stym\u0105 ir [&hellip;]\" \/>\n<meta property=\"og:url\" content=\"https:\/\/monti.lt\/en\/product\/woopie-magnetines-kaladeles-princesiu-pilis\/\" \/>\n<meta property=\"og:site_name\" content=\"Montessori \u017eaislai\" \/>\n<meta property=\"article:modified_time\" content=\"2026-02-07T09:48:12+00:00\" \/>\n<meta property=\"og:image\" content=\"https:\/\/monti.lt\/wp-content\/uploads\/2025\/11\/woopie-klocki-magnetyczne-zestaw-zamek-ksiezniczki-50-el.jpg\" \/>\n\t<meta property=\"og:image:width\" content=\"800\" \/>\n\t<meta property=\"og:image:height\" content=\"800\" \/>\n\t<meta property=\"og:image:type\" content=\"image\/jpeg\" \/>\n<meta name=\"twitter:card\" content=\"summary_large_image\" \/>\n<meta name=\"twitter:label1\" content=\"Est. reading time\" \/>\n\t<meta name=\"twitter:data1\" content=\"1 minute\" \/>\n<script type=\"application\/ld+json\" class=\"yoast-schema-graph\">{\"@context\":\"https:\/\/schema.org\",\"@graph\":[{\"@type\":\"WebPage\",\"@id\":\"https:\/\/monti.lt\/product\/woopie-magnetines-kaladeles-princesiu-pilis\/\",\"url\":\"https:\/\/monti.lt\/product\/woopie-magnetines-kaladeles-princesiu-pilis\/\",\"name\":\"Woopie magnetin\u0117s kalad\u0117l\u0117s \\\"Princesi\u0173 pilis\\\" - Montessori \u017eaislai\",\"isPartOf\":{\"@id\":\"https:\/\/monti.lt\/#website\"},\"primaryImageOfPage\":{\"@id\":\"https:\/\/monti.lt\/product\/woopie-magnetines-kaladeles-princesiu-pilis\/#primaryimage\"},\"image\":{\"@id\":\"https:\/\/monti.lt\/product\/woopie-magnetines-kaladeles-princesiu-pilis\/#primaryimage\"},\"thumbnailUrl\":\"https:\/\/monti.lt\/wp-content\/uploads\/2025\/11\/woopie-klocki-magnetyczne-zestaw-zamek-ksiezniczki-50-el.jpg\",\"datePublished\":\"2025-11-04T07:50:30+00:00\",\"dateModified\":\"2026-02-07T09:48:12+00:00\",\"breadcrumb\":{\"@id\":\"https:\/\/monti.lt\/product\/woopie-magnetines-kaladeles-princesiu-pilis\/#breadcrumb\"},\"inLanguage\":\"en-US\",\"potentialAction\":[{\"@type\":\"ReadAction\",\"target\":[\"https:\/\/monti.lt\/product\/woopie-magnetines-kaladeles-princesiu-pilis\/\"]}]},{\"@type\":\"ImageObject\",\"inLanguage\":\"en-US\",\"@id\":\"https:\/\/monti.lt\/product\/woopie-magnetines-kaladeles-princesiu-pilis\/#primaryimage\",\"url\":\"https:\/\/monti.lt\/wp-content\/uploads\/2025\/11\/woopie-klocki-magnetyczne-zestaw-zamek-ksiezniczki-50-el.jpg\",\"contentUrl\":\"https:\/\/monti.lt\/wp-content\/uploads\/2025\/11\/woopie-klocki-magnetyczne-zestaw-zamek-ksiezniczki-50-el.jpg\",\"width\":800,\"height\":800,\"caption\":\"magnetinis konstruktorius\"},{\"@type\":\"BreadcrumbList\",\"@id\":\"https:\/\/monti.lt\/product\/woopie-magnetines-kaladeles-princesiu-pilis\/#breadcrumb\",\"itemListElement\":[{\"@type\":\"ListItem\",\"position\":1,\"name\":\"Home\",\"item\":\"https:\/\/monti.lt\/\"},{\"@type\":\"ListItem\",\"position\":2,\"name\":\"Parduotuv\u0117\",\"item\":\"https:\/\/monti.lt\/shop\/\"},{\"@type\":\"ListItem\",\"position\":3,\"name\":\"Woopie magnetin\u0117s kalad\u0117l\u0117s &#8220;Princesi\u0173 pilis&#8221;\"}]},{\"@type\":\"WebSite\",\"@id\":\"https:\/\/monti.lt\/#website\",\"url\":\"https:\/\/monti.lt\/\",\"name\":\"Montessori \u017eaislai\",\"description\":\"\",\"publisher\":{\"@id\":\"https:\/\/monti.lt\/#organization\"},\"potentialAction\":[{\"@type\":\"SearchAction\",\"target\":{\"@type\":\"EntryPoint\",\"urlTemplate\":\"https:\/\/monti.lt\/?s={search_term_string}\"},\"query-input\":\"required name=search_term_string\"}],\"inLanguage\":\"en-US\"},{\"@type\":\"Organization\",\"@id\":\"https:\/\/monti.lt\/#organization\",\"name\":\"Montessori \u017eaislai\",\"url\":\"https:\/\/monti.lt\/\",\"logo\":{\"@type\":\"ImageObject\",\"inLanguage\":\"en-US\",\"@id\":\"https:\/\/monti.lt\/#\/schema\/logo\/image\/\",\"url\":\"https:\/\/monti.lt\/wp-content\/uploads\/2022\/03\/montilogo-1.png\",\"contentUrl\":\"https:\/\/monti.lt\/wp-content\/uploads\/2022\/03\/montilogo-1.png\",\"width\":512,\"height\":512,\"caption\":\"Montessori \u017eaislai\"},\"image\":{\"@id\":\"https:\/\/monti.lt\/#\/schema\/logo\/image\/\"}}]}<\/script>\n<!-- \/ Yoast SEO plugin. -->","yoast_head_json":{"title":"Woopie magnetin\u0117s kalad\u0117l\u0117s \"Princesi\u0173 pilis\" - Montessori \u017eaislai","robots":{"index":"index","follow":"follow","max-snippet":"max-snippet:-1","max-image-preview":"max-image-preview:large","max-video-preview":"max-video-preview:-1"},"canonical":"https:\/\/monti.lt\/en\/product\/woopie-magnetines-kaladeles-princesiu-pilis\/","og_locale":"en_US","og_type":"article","og_title":"Woopie magnetin\u0117s kalad\u0117l\u0117s \"Princesi\u0173 pilis\" - Montessori \u017eaislai","og_description":"Skatinkite vaiko vaizduot\u0119 su magnetini\u0173 konstruktori\u0173 rinkiniu, sukurtu ma\u017eoms mergait\u0117ms, kurios m\u0117gsta princeses, vienaragius ir pasak\u0173 \u0161alis. \u0160is unikalus rinkinys susideda i\u0161 58 tiksliai pagamint\u0173 \u012fvairi\u0173 form\u0173 ir funkcij\u0173 detali\u0173, kurios visos turi \u012fmontuotus magnetus, leid\u017eian\u010dius greitai, tvirtai ir saugiai sujungti detales. Tai puikus k\u016brybinio \u017eaidimo ir ugdymo derinys, ugdantis rank\u0173 \u012fg\u016bd\u017eius, login\u012f m\u0105stym\u0105 ir [&hellip;]","og_url":"https:\/\/monti.lt\/en\/product\/woopie-magnetines-kaladeles-princesiu-pilis\/","og_site_name":"Montessori \u017eaislai","article_modified_time":"2026-02-07T09:48:12+00:00","og_image":[{"width":800,"height":800,"url":"https:\/\/monti.lt\/wp-content\/uploads\/2025\/11\/woopie-klocki-magnetyczne-zestaw-zamek-ksiezniczki-50-el.jpg","type":"image\/jpeg"}],"twitter_card":"summary_large_image","twitter_misc":{"Est. reading time":"1 minute"},"schema":{"@context":"https:\/\/schema.org","@graph":[{"@type":"WebPage","@id":"https:\/\/monti.lt\/product\/woopie-magnetines-kaladeles-princesiu-pilis\/","url":"https:\/\/monti.lt\/product\/woopie-magnetines-kaladeles-princesiu-pilis\/","name":"Woopie magnetin\u0117s kalad\u0117l\u0117s \"Princesi\u0173 pilis\" - Montessori \u017eaislai","isPartOf":{"@id":"https:\/\/monti.lt\/#website"},"primaryImageOfPage":{"@id":"https:\/\/monti.lt\/product\/woopie-magnetines-kaladeles-princesiu-pilis\/#primaryimage"},"image":{"@id":"https:\/\/monti.lt\/product\/woopie-magnetines-kaladeles-princesiu-pilis\/#primaryimage"},"thumbnailUrl":"https:\/\/monti.lt\/wp-content\/uploads\/2025\/11\/woopie-klocki-magnetyczne-zestaw-zamek-ksiezniczki-50-el.jpg","datePublished":"2025-11-04T07:50:30+00:00","dateModified":"2026-02-07T09:48:12+00:00","breadcrumb":{"@id":"https:\/\/monti.lt\/product\/woopie-magnetines-kaladeles-princesiu-pilis\/#breadcrumb"},"inLanguage":"en-US","potentialAction":[{"@type":"ReadAction","target":["https:\/\/monti.lt\/product\/woopie-magnetines-kaladeles-princesiu-pilis\/"]}]},{"@type":"ImageObject","inLanguage":"en-US","@id":"https:\/\/monti.lt\/product\/woopie-magnetines-kaladeles-princesiu-pilis\/#primaryimage","url":"https:\/\/monti.lt\/wp-content\/uploads\/2025\/11\/woopie-klocki-magnetyczne-zestaw-zamek-ksiezniczki-50-el.jpg","contentUrl":"https:\/\/monti.lt\/wp-content\/uploads\/2025\/11\/woopie-klocki-magnetyczne-zestaw-zamek-ksiezniczki-50-el.jpg","width":800,"height":800,"caption":"magnetinis konstruktorius"},{"@type":"BreadcrumbList","@id":"https:\/\/monti.lt\/product\/woopie-magnetines-kaladeles-princesiu-pilis\/#breadcrumb","itemListElement":[{"@type":"ListItem","position":1,"name":"Home","item":"https:\/\/monti.lt\/"},{"@type":"ListItem","position":2,"name":"Parduotuv\u0117","item":"https:\/\/monti.lt\/shop\/"},{"@type":"ListItem","position":3,"name":"Woopie magnetin\u0117s kalad\u0117l\u0117s &#8220;Princesi\u0173 pilis&#8221;"}]},{"@type":"WebSite","@id":"https:\/\/monti.lt\/#website","url":"https:\/\/monti.lt\/","name":"Montessori \u017eaislai","description":"","publisher":{"@id":"https:\/\/monti.lt\/#organization"},"potentialAction":[{"@type":"SearchAction","target":{"@type":"EntryPoint","urlTemplate":"https:\/\/monti.lt\/?s={search_term_string}"},"query-input":"required name=search_term_string"}],"inLanguage":"en-US"},{"@type":"Organization","@id":"https:\/\/monti.lt\/#organization","name":"Montessori \u017eaislai","url":"https:\/\/monti.lt\/","logo":{"@type":"ImageObject","inLanguage":"en-US","@id":"https:\/\/monti.lt\/#\/schema\/logo\/image\/","url":"https:\/\/monti.lt\/wp-content\/uploads\/2022\/03\/montilogo-1.png","contentUrl":"https:\/\/monti.lt\/wp-content\/uploads\/2022\/03\/montilogo-1.png","width":512,"height":512,"caption":"Montessori \u017eaislai"},"image":{"@id":"https:\/\/monti.lt\/#\/schema\/logo\/image\/"}}]}},"_links":{"self":[{"href":"https:\/\/monti.lt\/en\/wp-json\/wp\/v2\/product\/35225"}],"collection":[{"href":"https:\/\/monti.lt\/en\/wp-json\/wp\/v2\/product"}],"about":[{"href":"https:\/\/monti.lt\/en\/wp-json\/wp\/v2\/types\/product"}],"version-history":[{"count":1,"href":"https:\/\/monti.lt\/en\/wp-json\/wp\/v2\/product\/35225\/revisions"}],"predecessor-version":[{"id":35240,"href":"https:\/\/monti.lt\/en\/wp-json\/wp\/v2\/product\/35225\/revisions\/35240"}],"wp:featuredmedia":[{"embeddable":true,"href":"https:\/\/monti.lt\/en\/wp-json\/wp\/v2\/media\/35226"}],"wp:attachment":[{"href":"https:\/\/monti.lt\/en\/wp-json\/wp\/v2\/media?parent=35225"}],"wp:term":[{"taxonomy":"product_cat","embeddable":true,"href":"https:\/\/monti.lt\/en\/wp-json\/wp\/v2\/product_cat?post=35225"},{"taxonomy":"product_tag","embeddable":true,"href":"https:\/\/monti.lt\/en\/wp-json\/wp\/v2\/product_tag?post=35225"}],"curies":[{"name":"wp","href":"https:\/\/api.w.org\/{rel}","templated":true}]}}