{"id":35241,"date":"2025-11-04T07:50:48","date_gmt":"2025-11-04T07:50:48","guid":{"rendered":"https:\/\/monti.lt\/?post_type=product&#038;p=35241"},"modified":"2026-03-02T06:25:19","modified_gmt":"2026-03-02T06:25:19","slug":"woopie-magnetines-kaladeles-statybos","status":"publish","type":"product","link":"https:\/\/monti.lt\/en\/product\/woopie-magnetines-kaladeles-statybos\/","title":{"rendered":"Woopie magnetin\u0117s kalad\u0117l\u0117s &#8220;Statybos&#8221;"},"content":{"rendered":"<p>\u201eWoopie Construction Site\u201c magnetini\u0173 blokeli\u0173 rinkinys \u2013 tai \u012fdomi kelion\u0117 \u012f statyb\u0173 pasaul\u012f, kuri kiekvien\u0105 vaik\u0105 pavers ma\u017euoju in\u017einieriumi! \u0160is 47 dali\u0173 rinkinys leid\u017eia kurti \u012fsp\u016bdingas konstrukcijas, statybvietes ir architekt\u016bros \u0161edevrus, nes stipr\u016bs magnetai sujungiami maloniu spragtel\u0117jimu. Ry\u0161kios geltonos ir baltos plytel\u0117s puikiai dera su statybin\u0117mis ma\u0161inomis ir darbinink\u0173 fig\u016br\u0117l\u0117mis, kad b\u016bt\u0173 sukurtas realisti\u0161kas pasaulis, pilnas galimybi\u0173. Neodimio magnetai u\u017etikrina konstrukcij\u0173 stabilum\u0105, o skaidr\u016bs elementai suteikia vizualin\u012f efekt\u0105, kuris prad\u017eiugins kiekvien\u0105 ma\u017e\u0105 statybinink\u0105.<\/p>\n\n\n\n<p>Savyb\u0117s:<\/p>\n\n\n\n<ul class=\"wp-block-list\">\n<li>Skirta vaikams nuo 3 met\u0173<\/li>\n\n\n\n<li>Pagaminta i\u0161 auk\u0161tos kokyb\u0117s med\u017eiag\u0173<\/li>\n\n\n\n<li>Stipr\u016bs neodimio magnetai u\u017etikrina tvirt\u0105 ir stabil\u0173 sujungim\u0105<\/li>\n\n\n\n<li>Suderinamumas su kitais magnetiniais rinkiniais leid\u017eia i\u0161pl\u0117sti kolekcij\u0105<\/li>\n\n\n\n<li>Rinkinyje yra transporto priemon\u0117s ir fig\u016br\u0117l\u0117s, tod\u0117l baigtos konstrukcijos i\u0161 karto atgyja pasakojimo \u017eaidime.<\/li>\n\n\n\n<li>Teminiai statybiniai spaudiniai, \u012fsp\u0117jamieji juostel\u0117s ir kelio elementai suteikia realizmo ir \u012fkvepia statybviet\u0117s scenoms.<br>Rinkin\u012f sudaro:<\/li>\n\n\n\n<li>18 kvadratini\u0173 magnetini\u0173 blok\u0173<\/li>\n\n\n\n<li>4 trikampiai<\/li>\n\n\n\n<li>2 ketvir\u010dio apskritimai<\/li>\n\n\n\n<li>2 sta\u010diakampiai<\/li>\n\n\n\n<li>6 mini kvadratus<\/li>\n\n\n\n<li>4 mini trikampius<\/li>\n\n\n\n<li>2 ma\u017eus trikampius<\/li>\n\n\n\n<li>9 magnetines fig\u016br\u0117les<\/li>\n\n\n\n<li>Bro\u0161i\u016br\u0105 su pavyzdin\u0117mis konstrukcijomis<br>\u017daislas ugdo:<\/li>\n\n\n\n<li>Vaizduot\u0119<\/li>\n\n\n\n<li>K\u016brybi\u0161kum\u0105<\/li>\n\n\n\n<li>Motorinius \u012fg\u016bd\u017eius<\/li>\n\n\n\n<li>Koncentracij\u0105<\/li>\n\n\n\n<li>Kantryb\u0119<\/li>\n\n\n\n<li>Savaranki\u0161kum\u0105<\/li>\n<\/ul>","protected":false},"excerpt":{"rendered":"<p>\u201eWoopie Construction Site\u201c magnetini\u0173 blokeli\u0173 rinkinys \u2013 tai \u012fdomi kelion\u0117 \u012f statyb\u0173 pasaul\u012f, kuri kiekvien\u0105 vaik\u0105 pavers ma\u017euoju in\u017einieriumi! \u0160is 47 dali\u0173 rinkinys leid\u017eia kurti \u012fsp\u016bdingas konstrukcijas, statybvietes ir architekt\u016bros \u0161edevrus, nes stipr\u016bs magnetai sujungiami maloniu spragtel\u0117jimu. Ry\u0161kios geltonos ir baltos plytel\u0117s puikiai dera su statybin\u0117mis ma\u0161inomis ir darbinink\u0173 fig\u016br\u0117l\u0117mis, kad b\u016bt\u0173 sukurtas realisti\u0161kas pasaulis, [&hellip;]<\/p>","protected":false},"featured_media":35242,"template":"","meta":{"_acf_changed":false,"iawp_total_views":313},"product_cat":[92,195,216,217,191,192,87,84,86,50,93,202,49,249,39,215],"product_tag":[97,98],"class_list":{"0":"post-35241","1":"product","2":"type-product","3":"status-publish","4":"has-post-thumbnail","6":"product_cat-deliones","7":"product_cat-dovanos-vaikams-3-4-metu","8":"product_cat-dovanos-4-5-metu-vaikams","9":"product_cat-dovanos-5-7-metu-vaikams","10":"product_cat-dovanos-vaikams","11":"product_cat-kaledines-dovanos-vaikams","12":"product_cat-kurybiniai-rinkiniai","13":"product_cat-lavinamieji-zaislai","14":"product_cat-smulkioji-motorika","15":"product_cat-top-dovanos","16":"product_cat-vaidmenu-zaidimai","17":"product_cat-vaaikiski-konstruktoriai","18":"product_cat-visi-zaislai","19":"product_cat-woppie","20":"product_cat-zaislai","21":"product_cat-zaislai-berniukams","22":"product_tag-3-m-4-m","23":"product_tag-5-m-7-m","25":"first","26":"instock","27":"featured","28":"taxable","29":"shipping-taxable","30":"purchasable","31":"product-type-simple"},"acf":[],"yoast_head":"<!-- This site is optimized with the Yoast SEO plugin v23.3 - https:\/\/yoast.com\/wordpress\/plugins\/seo\/ -->\n<title>Woopie magnetin\u0117s kalad\u0117l\u0117s &quot;Statybos&quot; - Montessori \u017eaislai<\/title>\n<meta name=\"robots\" content=\"index, follow, max-snippet:-1, max-image-preview:large, max-video-preview:-1\" \/>\n<link rel=\"canonical\" href=\"https:\/\/monti.lt\/en\/product\/woopie-magnetines-kaladeles-statybos\/\" \/>\n<meta property=\"og:locale\" content=\"en_US\" \/>\n<meta property=\"og:type\" content=\"article\" \/>\n<meta property=\"og:title\" content=\"Woopie magnetin\u0117s kalad\u0117l\u0117s &quot;Statybos&quot; - Montessori \u017eaislai\" \/>\n<meta property=\"og:description\" content=\"\u201eWoopie Construction Site\u201c magnetini\u0173 blokeli\u0173 rinkinys \u2013 tai \u012fdomi kelion\u0117 \u012f statyb\u0173 pasaul\u012f, kuri kiekvien\u0105 vaik\u0105 pavers ma\u017euoju in\u017einieriumi! \u0160is 47 dali\u0173 rinkinys leid\u017eia kurti \u012fsp\u016bdingas konstrukcijas, statybvietes ir architekt\u016bros \u0161edevrus, nes stipr\u016bs magnetai sujungiami maloniu spragtel\u0117jimu. Ry\u0161kios geltonos ir baltos plytel\u0117s puikiai dera su statybin\u0117mis ma\u0161inomis ir darbinink\u0173 fig\u016br\u0117l\u0117mis, kad b\u016bt\u0173 sukurtas realisti\u0161kas pasaulis, [&hellip;]\" \/>\n<meta property=\"og:url\" content=\"https:\/\/monti.lt\/en\/product\/woopie-magnetines-kaladeles-statybos\/\" \/>\n<meta property=\"og:site_name\" content=\"Montessori \u017eaislai\" \/>\n<meta property=\"article:modified_time\" content=\"2026-03-02T06:25:19+00:00\" \/>\n<meta property=\"og:image\" content=\"https:\/\/monti.lt\/wp-content\/uploads\/2025\/11\/woopie-magneyczne-klocki-konstrukcyjne-75-cm-plac-budowy-steam-47-el.jpg\" \/>\n\t<meta property=\"og:image:width\" content=\"800\" \/>\n\t<meta property=\"og:image:height\" content=\"800\" \/>\n\t<meta property=\"og:image:type\" content=\"image\/jpeg\" \/>\n<meta name=\"twitter:card\" content=\"summary_large_image\" \/>\n<meta name=\"twitter:label1\" content=\"Est. reading time\" \/>\n\t<meta name=\"twitter:data1\" content=\"2 minutes\" \/>\n<script type=\"application\/ld+json\" class=\"yoast-schema-graph\">{\"@context\":\"https:\/\/schema.org\",\"@graph\":[{\"@type\":\"WebPage\",\"@id\":\"https:\/\/monti.lt\/product\/woopie-magnetines-kaladeles-statybos\/\",\"url\":\"https:\/\/monti.lt\/product\/woopie-magnetines-kaladeles-statybos\/\",\"name\":\"Woopie magnetin\u0117s kalad\u0117l\u0117s \\\"Statybos\\\" - Montessori \u017eaislai\",\"isPartOf\":{\"@id\":\"https:\/\/monti.lt\/#website\"},\"primaryImageOfPage\":{\"@id\":\"https:\/\/monti.lt\/product\/woopie-magnetines-kaladeles-statybos\/#primaryimage\"},\"image\":{\"@id\":\"https:\/\/monti.lt\/product\/woopie-magnetines-kaladeles-statybos\/#primaryimage\"},\"thumbnailUrl\":\"https:\/\/monti.lt\/wp-content\/uploads\/2025\/11\/woopie-magneyczne-klocki-konstrukcyjne-75-cm-plac-budowy-steam-47-el.jpg\",\"datePublished\":\"2025-11-04T07:50:48+00:00\",\"dateModified\":\"2026-03-02T06:25:19+00:00\",\"breadcrumb\":{\"@id\":\"https:\/\/monti.lt\/product\/woopie-magnetines-kaladeles-statybos\/#breadcrumb\"},\"inLanguage\":\"en-US\",\"potentialAction\":[{\"@type\":\"ReadAction\",\"target\":[\"https:\/\/monti.lt\/product\/woopie-magnetines-kaladeles-statybos\/\"]}]},{\"@type\":\"ImageObject\",\"inLanguage\":\"en-US\",\"@id\":\"https:\/\/monti.lt\/product\/woopie-magnetines-kaladeles-statybos\/#primaryimage\",\"url\":\"https:\/\/monti.lt\/wp-content\/uploads\/2025\/11\/woopie-magneyczne-klocki-konstrukcyjne-75-cm-plac-budowy-steam-47-el.jpg\",\"contentUrl\":\"https:\/\/monti.lt\/wp-content\/uploads\/2025\/11\/woopie-magneyczne-klocki-konstrukcyjne-75-cm-plac-budowy-steam-47-el.jpg\",\"width\":800,\"height\":800,\"caption\":\"magnetinis konstruktorius\"},{\"@type\":\"BreadcrumbList\",\"@id\":\"https:\/\/monti.lt\/product\/woopie-magnetines-kaladeles-statybos\/#breadcrumb\",\"itemListElement\":[{\"@type\":\"ListItem\",\"position\":1,\"name\":\"Home\",\"item\":\"https:\/\/monti.lt\/\"},{\"@type\":\"ListItem\",\"position\":2,\"name\":\"Parduotuv\u0117\",\"item\":\"https:\/\/monti.lt\/shop\/\"},{\"@type\":\"ListItem\",\"position\":3,\"name\":\"Woopie magnetin\u0117s kalad\u0117l\u0117s &#8220;Statybos&#8221;\"}]},{\"@type\":\"WebSite\",\"@id\":\"https:\/\/monti.lt\/#website\",\"url\":\"https:\/\/monti.lt\/\",\"name\":\"Montessori \u017eaislai\",\"description\":\"\",\"publisher\":{\"@id\":\"https:\/\/monti.lt\/#organization\"},\"potentialAction\":[{\"@type\":\"SearchAction\",\"target\":{\"@type\":\"EntryPoint\",\"urlTemplate\":\"https:\/\/monti.lt\/?s={search_term_string}\"},\"query-input\":\"required name=search_term_string\"}],\"inLanguage\":\"en-US\"},{\"@type\":\"Organization\",\"@id\":\"https:\/\/monti.lt\/#organization\",\"name\":\"Montessori \u017eaislai\",\"url\":\"https:\/\/monti.lt\/\",\"logo\":{\"@type\":\"ImageObject\",\"inLanguage\":\"en-US\",\"@id\":\"https:\/\/monti.lt\/#\/schema\/logo\/image\/\",\"url\":\"https:\/\/monti.lt\/wp-content\/uploads\/2022\/03\/montilogo-1.png\",\"contentUrl\":\"https:\/\/monti.lt\/wp-content\/uploads\/2022\/03\/montilogo-1.png\",\"width\":512,\"height\":512,\"caption\":\"Montessori \u017eaislai\"},\"image\":{\"@id\":\"https:\/\/monti.lt\/#\/schema\/logo\/image\/\"}}]}<\/script>\n<!-- \/ Yoast SEO plugin. -->","yoast_head_json":{"title":"Woopie magnetin\u0117s kalad\u0117l\u0117s \"Statybos\" - Montessori \u017eaislai","robots":{"index":"index","follow":"follow","max-snippet":"max-snippet:-1","max-image-preview":"max-image-preview:large","max-video-preview":"max-video-preview:-1"},"canonical":"https:\/\/monti.lt\/en\/product\/woopie-magnetines-kaladeles-statybos\/","og_locale":"en_US","og_type":"article","og_title":"Woopie magnetin\u0117s kalad\u0117l\u0117s \"Statybos\" - Montessori \u017eaislai","og_description":"\u201eWoopie Construction Site\u201c magnetini\u0173 blokeli\u0173 rinkinys \u2013 tai \u012fdomi kelion\u0117 \u012f statyb\u0173 pasaul\u012f, kuri kiekvien\u0105 vaik\u0105 pavers ma\u017euoju in\u017einieriumi! \u0160is 47 dali\u0173 rinkinys leid\u017eia kurti \u012fsp\u016bdingas konstrukcijas, statybvietes ir architekt\u016bros \u0161edevrus, nes stipr\u016bs magnetai sujungiami maloniu spragtel\u0117jimu. Ry\u0161kios geltonos ir baltos plytel\u0117s puikiai dera su statybin\u0117mis ma\u0161inomis ir darbinink\u0173 fig\u016br\u0117l\u0117mis, kad b\u016bt\u0173 sukurtas realisti\u0161kas pasaulis, [&hellip;]","og_url":"https:\/\/monti.lt\/en\/product\/woopie-magnetines-kaladeles-statybos\/","og_site_name":"Montessori \u017eaislai","article_modified_time":"2026-03-02T06:25:19+00:00","og_image":[{"width":800,"height":800,"url":"https:\/\/monti.lt\/wp-content\/uploads\/2025\/11\/woopie-magneyczne-klocki-konstrukcyjne-75-cm-plac-budowy-steam-47-el.jpg","type":"image\/jpeg"}],"twitter_card":"summary_large_image","twitter_misc":{"Est. reading time":"2 minutes"},"schema":{"@context":"https:\/\/schema.org","@graph":[{"@type":"WebPage","@id":"https:\/\/monti.lt\/product\/woopie-magnetines-kaladeles-statybos\/","url":"https:\/\/monti.lt\/product\/woopie-magnetines-kaladeles-statybos\/","name":"Woopie magnetin\u0117s kalad\u0117l\u0117s \"Statybos\" - Montessori \u017eaislai","isPartOf":{"@id":"https:\/\/monti.lt\/#website"},"primaryImageOfPage":{"@id":"https:\/\/monti.lt\/product\/woopie-magnetines-kaladeles-statybos\/#primaryimage"},"image":{"@id":"https:\/\/monti.lt\/product\/woopie-magnetines-kaladeles-statybos\/#primaryimage"},"thumbnailUrl":"https:\/\/monti.lt\/wp-content\/uploads\/2025\/11\/woopie-magneyczne-klocki-konstrukcyjne-75-cm-plac-budowy-steam-47-el.jpg","datePublished":"2025-11-04T07:50:48+00:00","dateModified":"2026-03-02T06:25:19+00:00","breadcrumb":{"@id":"https:\/\/monti.lt\/product\/woopie-magnetines-kaladeles-statybos\/#breadcrumb"},"inLanguage":"en-US","potentialAction":[{"@type":"ReadAction","target":["https:\/\/monti.lt\/product\/woopie-magnetines-kaladeles-statybos\/"]}]},{"@type":"ImageObject","inLanguage":"en-US","@id":"https:\/\/monti.lt\/product\/woopie-magnetines-kaladeles-statybos\/#primaryimage","url":"https:\/\/monti.lt\/wp-content\/uploads\/2025\/11\/woopie-magneyczne-klocki-konstrukcyjne-75-cm-plac-budowy-steam-47-el.jpg","contentUrl":"https:\/\/monti.lt\/wp-content\/uploads\/2025\/11\/woopie-magneyczne-klocki-konstrukcyjne-75-cm-plac-budowy-steam-47-el.jpg","width":800,"height":800,"caption":"magnetinis konstruktorius"},{"@type":"BreadcrumbList","@id":"https:\/\/monti.lt\/product\/woopie-magnetines-kaladeles-statybos\/#breadcrumb","itemListElement":[{"@type":"ListItem","position":1,"name":"Home","item":"https:\/\/monti.lt\/"},{"@type":"ListItem","position":2,"name":"Parduotuv\u0117","item":"https:\/\/monti.lt\/shop\/"},{"@type":"ListItem","position":3,"name":"Woopie magnetin\u0117s kalad\u0117l\u0117s &#8220;Statybos&#8221;"}]},{"@type":"WebSite","@id":"https:\/\/monti.lt\/#website","url":"https:\/\/monti.lt\/","name":"Montessori \u017eaislai","description":"","publisher":{"@id":"https:\/\/monti.lt\/#organization"},"potentialAction":[{"@type":"SearchAction","target":{"@type":"EntryPoint","urlTemplate":"https:\/\/monti.lt\/?s={search_term_string}"},"query-input":"required name=search_term_string"}],"inLanguage":"en-US"},{"@type":"Organization","@id":"https:\/\/monti.lt\/#organization","name":"Montessori \u017eaislai","url":"https:\/\/monti.lt\/","logo":{"@type":"ImageObject","inLanguage":"en-US","@id":"https:\/\/monti.lt\/#\/schema\/logo\/image\/","url":"https:\/\/monti.lt\/wp-content\/uploads\/2022\/03\/montilogo-1.png","contentUrl":"https:\/\/monti.lt\/wp-content\/uploads\/2022\/03\/montilogo-1.png","width":512,"height":512,"caption":"Montessori \u017eaislai"},"image":{"@id":"https:\/\/monti.lt\/#\/schema\/logo\/image\/"}}]}},"_links":{"self":[{"href":"https:\/\/monti.lt\/en\/wp-json\/wp\/v2\/product\/35241"}],"collection":[{"href":"https:\/\/monti.lt\/en\/wp-json\/wp\/v2\/product"}],"about":[{"href":"https:\/\/monti.lt\/en\/wp-json\/wp\/v2\/types\/product"}],"version-history":[{"count":1,"href":"https:\/\/monti.lt\/en\/wp-json\/wp\/v2\/product\/35241\/revisions"}],"predecessor-version":[{"id":35245,"href":"https:\/\/monti.lt\/en\/wp-json\/wp\/v2\/product\/35241\/revisions\/35245"}],"wp:featuredmedia":[{"embeddable":true,"href":"https:\/\/monti.lt\/en\/wp-json\/wp\/v2\/media\/35242"}],"wp:attachment":[{"href":"https:\/\/monti.lt\/en\/wp-json\/wp\/v2\/media?parent=35241"}],"wp:term":[{"taxonomy":"product_cat","embeddable":true,"href":"https:\/\/monti.lt\/en\/wp-json\/wp\/v2\/product_cat?post=35241"},{"taxonomy":"product_tag","embeddable":true,"href":"https:\/\/monti.lt\/en\/wp-json\/wp\/v2\/product_tag?post=35241"}],"curies":[{"name":"wp","href":"https:\/\/api.w.org\/{rel}","templated":true}]}}